{"id":12858,"date":"2023-12-13T18:37:17","date_gmt":"2023-12-13T07:37:17","guid":{"rendered":"https:\/\/ozponcho.com.au\/p\/women-cloak-autumn-winter-contrast-color-fur-collar-thickened-warm-talma\/"},"modified":"2024-09-18T17:59:24","modified_gmt":"2024-09-18T06:59:24","slug":"cozy-fur-trim-poncho","status":"publish","type":"product","link":"https:\/\/ozponcho.com.au\/hu\/p\/hangulatos-szorme-poncso\/","title":{"rendered":"Elegant Faux Fur Poncho"},"content":{"rendered":"<p>Tekerje mag\u00e1t eleganci\u00e1ba a f\u00e9ny\u0171z\u0151 m\u0171sz\u0151rme d\u00edsz\u00edt\u00e9s\u0171 ponch\u00f3nkkal. T\u00f6k\u00e9letes a h\u0171v\u00f6sebb \u0151szi \u00e9s t\u00e9li \u00e9vszakokhoz, ez az eleg\u00e1ns n\u0151i k\u00f6peny felt\u0171n\u0151 kontrasztos sz\u00edn\u0171 diz\u00e1jnnal \u00e9s pazar sz\u0151rme gall\u00e9rral rendelkezik, amely b\u00e1rmilyen ruh\u00e1t feldob. Puha, vastag trik\u00f3anyagb\u00f3l k\u00e9sz\u00fclt, laza, laza szab\u00e1s\u00fa, laza szab\u00e1ssal, \u00e9s azt \u00edg\u00e9ri, hogy melegen tart an\u00e9lk\u00fcl, hogy kompromisszumot k\u00f6tne a st\u00edlus\u00e1val. A hossz\u00fa dolman-ujjak dr\u00e1mai hat\u00e1st k\u00f6lcs\u00f6n\u00f6znek a digit\u00e1lis absztrakt mint\u00e1nak, \u00edgy kihagyhatatlan divatkivonat lesz. K\u00e9nyeztesse mag\u00e1t k\u00e9nyelemmel \u00e9s kifinomults\u00e1ggal. Dobja fel ruhat\u00e1r\u00e1t m\u00e9g ma!<\/p>\n<div>St\u00edlus: Eleg\u00e1ns<\/div>\n<div>Illeszked\u00e9s: .<\/div>\n<div>Sz\u00f6vet: Jersey<\/div>\n<div>Mint\u00e1zat: Digit\u00e1lis\/absztrakt\/Figura<\/div>\n<div>Elem: Nyakkend\u0151<\/div>\n<div>Top Hossz\u00fas\u00e1g: Hossz\u00fa<\/div>\n<div>H\u00fcvely t\u00edpusa: H\u00fcvely: Dolman ujj<\/div>\n<div>H\u00fcvely hossza: Hossz\u00fa ujj\u00fa<\/div>\n<div>Z\u00e1r\u00e1si t\u00edpus: Egy\u00e9b<\/div>\n<div>F\u0151 \u00f6sszet\u00e9tel: Akril<\/div>\n<div>Szezon: \u0150sz\/T\u00e9l<\/div>\n<p><img decoding=\"async\" src=\"https:\/\/ozponcho.com.au\/wp-content\/uploads\/2024\/03\/1136965827220733952.png\" \/><img decoding=\"async\" src=\"https:\/\/ozponcho.com.au\/wp-content\/uploads\/2024\/03\/O1CN01JDpYEx1QYYF8SSaEv_2505411988-0-cib.jpg\" \/><img decoding=\"async\" src=\"https:\/\/ozponcho.com.au\/wp-content\/uploads\/2024\/03\/O1CN01eOX29G1QYYFEY1m9B_2505411988-0-cib.jpg\" \/><img decoding=\"async\" src=\"https:\/\/ozponcho.com.au\/wp-content\/uploads\/2024\/03\/O1CN01OqwRbq1QYYFEY58NC_2505411988-0-cib.jpg\" \/><img decoding=\"async\" src=\"https:\/\/ozponcho.com.au\/wp-content\/uploads\/2024\/03\/O1CN01cJ3xZs1QYYEzwVzwJ_2505411988-0-cib.jpg\" \/><img decoding=\"async\" src=\"https:\/\/ozponcho.com.au\/wp-content\/uploads\/2024\/03\/O1CN014LCuSI1QYYF9gwUsh_2505411988-0-cib.jpg\" \/><img decoding=\"async\" src=\"https:\/\/ozponcho.com.au\/wp-content\/uploads\/2024\/03\/O1CN01elg9eB1QYYFBdDjFN_2505411988-0-cib.jpg\" \/><img decoding=\"async\" src=\"https:\/\/ozponcho.com.au\/wp-content\/uploads\/2024\/03\/O1CN015LBuDO1QYYF4cXGsU_2505411988-0-cib.jpg\" \/><\/p>","protected":false},"excerpt":{"rendered":"<p>Wrap yourself in elegance with our luxurious Faux Fur Trim Poncho. Perfect for the cooler autumn and winter seasons, this stylish women&#8217;s cloak features a striking contrast color design with an opulent fur collar to elevate any outfit. Crafted from soft, thick jersey fabric with a relaxed, loose fit, it promises to keep you warm [&#8230;]","protected":false},"featured_media":12826,"template":"","meta":[],"product_brand":[],"product_cat":[219,218,15,228,210],"product_tag":[],"class_list":{"0":"post-12858","1":"product","2":"type-product","3":"status-publish","4":"has-post-thumbnail","6":"product_cat-black-poncho","7":"product_cat-fur-poncho","8":"product_cat-main-category","9":"product_cat-poncho-sweater","10":"product_cat-poncho-women","12":"first","13":"outofstock","14":"shipping-taxable","15":"purchasable","16":"product-type-variable"},"yoast_head":"<!-- This site is optimized with the Yoast SEO plugin v25.9 - https:\/\/yoast.com\/wordpress\/plugins\/seo\/ -->\n<title>Elegant Faux Fur Poncho | Magyarorsz\u00e1g #1 Poncho Shop<\/title>\n<meta name=\"description\" content=\"Looking for a Elegant Faux Fur Poncho ? You&#039;ve come to the right place \ud83d\ude04 We offers a wide selection of Elegant Faux Fur Poncho, perfect for you.\" \/>\n<meta name=\"robots\" content=\"index, follow, max-snippet:-1, max-image-preview:large, max-video-preview:-1\" \/>\n<link rel=\"canonical\" href=\"https:\/\/ozponcho.com.au\/hu\/p\/hangulatos-szorme-poncso\/\" \/>\n<meta property=\"og:locale\" content=\"hu_HU\" \/>\n<meta property=\"og:type\" content=\"article\" \/>\n<meta property=\"og:title\" content=\"Elegant Faux Fur Poncho | Magyarorsz\u00e1g #1 Poncho Shop\" \/>\n<meta property=\"og:description\" content=\"Looking for a Elegant Faux Fur Poncho ? You&#039;ve come to the right place \ud83d\ude04 We offers a wide selection of Elegant Faux Fur Poncho, perfect for you.\" \/>\n<meta property=\"og:url\" content=\"https:\/\/ozponcho.com.au\/hu\/p\/hangulatos-szorme-poncso\/\" \/>\n<meta property=\"og:site_name\" content=\"OZ Poncho\" \/>\n<meta property=\"article:modified_time\" content=\"2024-09-18T06:59:24+00:00\" \/>\n<meta property=\"og:image\" content=\"https:\/\/ozponcho.com.au\/wp-content\/uploads\/2023\/12\/O1CN01bFqqwJ1QYYFC3DQiH_2505411988-0-cib.jpg\" \/>\n\t<meta property=\"og:image:width\" content=\"800\" \/>\n\t<meta property=\"og:image:height\" content=\"800\" \/>\n\t<meta property=\"og:image:type\" content=\"image\/jpeg\" \/>\n<meta name=\"twitter:card\" content=\"summary_large_image\" \/>\n<meta name=\"twitter:label1\" content=\"Becs\u00fclt olvas\u00e1si id\u0151\" \/>\n\t<meta name=\"twitter:data1\" content=\"3 perc\" \/>\n<script type=\"application\/ld+json\" class=\"yoast-schema-graph\">{\"@context\":\"https:\/\/schema.org\",\"@graph\":[{\"@type\":\"WebPage\",\"@id\":\"https:\/\/ozponcho.com.au\/p\/cozy-fur-trim-poncho\/\",\"url\":\"https:\/\/ozponcho.com.au\/p\/cozy-fur-trim-poncho\/\",\"name\":\"Elegant Faux Fur Poncho | Magyarorsz\u00e1g #1 Poncho Shop\",\"isPartOf\":{\"@id\":\"https:\/\/ozponcho.com.au\/#website\"},\"primaryImageOfPage\":{\"@id\":\"https:\/\/ozponcho.com.au\/p\/cozy-fur-trim-poncho\/#primaryimage\"},\"image\":{\"@id\":\"https:\/\/ozponcho.com.au\/p\/cozy-fur-trim-poncho\/#primaryimage\"},\"thumbnailUrl\":\"https:\/\/ozponcho.com.au\/wp-content\/uploads\/2023\/12\/O1CN01bFqqwJ1QYYFC3DQiH_2505411988-0-cib.jpg\",\"datePublished\":\"2023-12-13T07:37:17+00:00\",\"dateModified\":\"2024-09-18T06:59:24+00:00\",\"description\":\"Looking for a Elegant Faux Fur Poncho ? You've come to the right place \ud83d\ude04 We offers a wide selection of Elegant Faux Fur Poncho, perfect for you.\",\"breadcrumb\":{\"@id\":\"https:\/\/ozponcho.com.au\/p\/cozy-fur-trim-poncho\/#breadcrumb\"},\"inLanguage\":\"hu\",\"potentialAction\":[{\"@type\":\"ReadAction\",\"target\":[\"https:\/\/ozponcho.com.au\/p\/cozy-fur-trim-poncho\/\"]}]},{\"@type\":\"ImageObject\",\"inLanguage\":\"hu\",\"@id\":\"https:\/\/ozponcho.com.au\/p\/cozy-fur-trim-poncho\/#primaryimage\",\"url\":\"https:\/\/ozponcho.com.au\/wp-content\/uploads\/2023\/12\/O1CN01bFqqwJ1QYYFC3DQiH_2505411988-0-cib.jpg\",\"contentUrl\":\"https:\/\/ozponcho.com.au\/wp-content\/uploads\/2023\/12\/O1CN01bFqqwJ1QYYFC3DQiH_2505411988-0-cib.jpg\",\"width\":800,\"height\":800,\"caption\":\"SEO Optimized \\\"Elegant Faux Fur Poncho\\\"\"},{\"@type\":\"BreadcrumbList\",\"@id\":\"https:\/\/ozponcho.com.au\/p\/cozy-fur-trim-poncho\/#breadcrumb\",\"itemListElement\":[{\"@type\":\"ListItem\",\"position\":1,\"name\":\"Home\",\"item\":\"https:\/\/ozponcho.com.au\/\"},{\"@type\":\"ListItem\",\"position\":2,\"name\":\"Shop\",\"item\":\"https:\/\/ozponcho.com.au\/shop\/\"},{\"@type\":\"ListItem\",\"position\":3,\"name\":\"Elegant Faux Fur Poncho\"}]},{\"@type\":\"WebSite\",\"@id\":\"https:\/\/ozponcho.com.au\/#website\",\"url\":\"https:\/\/ozponcho.com.au\/\",\"name\":\"OZ Poncho\",\"description\":\"\",\"potentialAction\":[{\"@type\":\"SearchAction\",\"target\":{\"@type\":\"EntryPoint\",\"urlTemplate\":\"https:\/\/ozponcho.com.au\/?s={search_term_string}\"},\"query-input\":{\"@type\":\"PropertyValueSpecification\",\"valueRequired\":true,\"valueName\":\"search_term_string\"}}],\"inLanguage\":\"hu\"}]}<\/script>\n<!-- \/ Yoast SEO plugin. -->","yoast_head_json":{"title":"Elegant Faux Fur Poncho | Magyarorsz\u00e1g #1 Poncho Shop","description":"Looking for a Elegant Faux Fur Poncho ? You've come to the right place \ud83d\ude04 We offers a wide selection of Elegant Faux Fur Poncho, perfect for you.","robots":{"index":"index","follow":"follow","max-snippet":"max-snippet:-1","max-image-preview":"max-image-preview:large","max-video-preview":"max-video-preview:-1"},"canonical":"https:\/\/ozponcho.com.au\/hu\/p\/hangulatos-szorme-poncso\/","og_locale":"hu_HU","og_type":"article","og_title":"Elegant Faux Fur Poncho | Magyarorsz\u00e1g #1 Poncho Shop","og_description":"Looking for a Elegant Faux Fur Poncho ? You've come to the right place \ud83d\ude04 We offers a wide selection of Elegant Faux Fur Poncho, perfect for you.","og_url":"https:\/\/ozponcho.com.au\/hu\/p\/hangulatos-szorme-poncso\/","og_site_name":"OZ Poncho","article_modified_time":"2024-09-18T06:59:24+00:00","og_image":[{"width":800,"height":800,"url":"https:\/\/ozponcho.com.au\/wp-content\/uploads\/2023\/12\/O1CN01bFqqwJ1QYYFC3DQiH_2505411988-0-cib.jpg","type":"image\/jpeg"}],"twitter_card":"summary_large_image","twitter_misc":{"Becs\u00fclt olvas\u00e1si id\u0151":"3 perc"},"schema":{"@context":"https:\/\/schema.org","@graph":[{"@type":"WebPage","@id":"https:\/\/ozponcho.com.au\/p\/cozy-fur-trim-poncho\/","url":"https:\/\/ozponcho.com.au\/p\/cozy-fur-trim-poncho\/","name":"Elegant Faux Fur Poncho | Magyarorsz\u00e1g #1 Poncho Shop","isPartOf":{"@id":"https:\/\/ozponcho.com.au\/#website"},"primaryImageOfPage":{"@id":"https:\/\/ozponcho.com.au\/p\/cozy-fur-trim-poncho\/#primaryimage"},"image":{"@id":"https:\/\/ozponcho.com.au\/p\/cozy-fur-trim-poncho\/#primaryimage"},"thumbnailUrl":"https:\/\/ozponcho.com.au\/wp-content\/uploads\/2023\/12\/O1CN01bFqqwJ1QYYFC3DQiH_2505411988-0-cib.jpg","datePublished":"2023-12-13T07:37:17+00:00","dateModified":"2024-09-18T06:59:24+00:00","description":"Looking for a Elegant Faux Fur Poncho ? You've come to the right place \ud83d\ude04 We offers a wide selection of Elegant Faux Fur Poncho, perfect for you.","breadcrumb":{"@id":"https:\/\/ozponcho.com.au\/p\/cozy-fur-trim-poncho\/#breadcrumb"},"inLanguage":"hu","potentialAction":[{"@type":"ReadAction","target":["https:\/\/ozponcho.com.au\/p\/cozy-fur-trim-poncho\/"]}]},{"@type":"ImageObject","inLanguage":"hu","@id":"https:\/\/ozponcho.com.au\/p\/cozy-fur-trim-poncho\/#primaryimage","url":"https:\/\/ozponcho.com.au\/wp-content\/uploads\/2023\/12\/O1CN01bFqqwJ1QYYFC3DQiH_2505411988-0-cib.jpg","contentUrl":"https:\/\/ozponcho.com.au\/wp-content\/uploads\/2023\/12\/O1CN01bFqqwJ1QYYFC3DQiH_2505411988-0-cib.jpg","width":800,"height":800,"caption":"SEO Optimized \"Elegant Faux Fur Poncho\""},{"@type":"BreadcrumbList","@id":"https:\/\/ozponcho.com.au\/p\/cozy-fur-trim-poncho\/#breadcrumb","itemListElement":[{"@type":"ListItem","position":1,"name":"Home","item":"https:\/\/ozponcho.com.au\/"},{"@type":"ListItem","position":2,"name":"Shop","item":"https:\/\/ozponcho.com.au\/shop\/"},{"@type":"ListItem","position":3,"name":"Elegant Faux Fur Poncho"}]},{"@type":"WebSite","@id":"https:\/\/ozponcho.com.au\/#website","url":"https:\/\/ozponcho.com.au\/","name":"OZ Poncho","description":"","potentialAction":[{"@type":"SearchAction","target":{"@type":"EntryPoint","urlTemplate":"https:\/\/ozponcho.com.au\/?s={search_term_string}"},"query-input":{"@type":"PropertyValueSpecification","valueRequired":true,"valueName":"search_term_string"}}],"inLanguage":"hu"}]}},"_links":{"self":[{"href":"https:\/\/ozponcho.com.au\/hu\/wp-json\/wp\/v2\/product\/12858","targetHints":{"allow":["GET"]}}],"collection":[{"href":"https:\/\/ozponcho.com.au\/hu\/wp-json\/wp\/v2\/product"}],"about":[{"href":"https:\/\/ozponcho.com.au\/hu\/wp-json\/wp\/v2\/types\/product"}],"wp:featuredmedia":[{"embeddable":true,"href":"https:\/\/ozponcho.com.au\/hu\/wp-json\/wp\/v2\/media\/12826"}],"wp:attachment":[{"href":"https:\/\/ozponcho.com.au\/hu\/wp-json\/wp\/v2\/media?parent=12858"}],"wp:term":[{"taxonomy":"product_brand","embeddable":true,"href":"https:\/\/ozponcho.com.au\/hu\/wp-json\/wp\/v2\/product_brand?post=12858"},{"taxonomy":"product_cat","embeddable":true,"href":"https:\/\/ozponcho.com.au\/hu\/wp-json\/wp\/v2\/product_cat?post=12858"},{"taxonomy":"product_tag","embeddable":true,"href":"https:\/\/ozponcho.com.au\/hu\/wp-json\/wp\/v2\/product_tag?post=12858"}],"curies":[{"name":"wp","href":"https:\/\/api.w.org\/{rel}","templated":true}]}}