{"id":12794,"date":"2023-12-13T18:36:55","date_gmt":"2023-12-13T07:36:55","guid":{"rendered":"https:\/\/ozponcho.com.au\/p\/solid-color-lantern-sleeve-sweater-women-cardigan-autumn-winter-mid-length-sweater-coat-for-women\/"},"modified":"2024-03-08T16:28:12","modified_gmt":"2024-03-08T05:28:12","slug":"casual-knit-poncho-coat","status":"publish","type":"product","link":"https:\/\/ozponcho.com.au\/hu\/p\/alkalmi-kotott-poncso-kabat\/","title":{"rendered":"Sz\u00fcrke Poncho kardig\u00e1n pul\u00f3ver"},"content":{"rendered":"<p>Fogadd a h\u0171v\u00f6s \u00e9vszakokat k\u00e9nyelemmel a sz\u00fcrke Poncho kardig\u00e1n pul\u00f3ver\u00fcnkben. A st\u00edlusra \u00e9s melegs\u00e9gre egyar\u00e1nt v\u00e1gy\u00f3 modern n\u0151k sz\u00e1m\u00e1ra tervezett, k\u00f6z\u00e9phossz\u00fa pul\u00f3verkab\u00e1t eleg\u00e1ns l\u00e1mp\u00e1s ujjakkal \u00e9s laza, alkalmi szab\u00e1ssal rendelkezik. Puha akril jersey anyagb\u00f3l k\u00e9sz\u00fclt, f\u00e9ny\u0171z\u0151 text\u00far\u00e1t \u00e9s v\u00e9gtelen sokoldal\u00fas\u00e1got k\u00edn\u00e1l. Ezzel az alapdarabbal z\u00f6kken\u0151mentesen v\u00e1lthat \u00e1t a ropog\u00f3s \u0151szi napokr\u00f3l a hideg t\u00e9li est\u00e9kre. Sz\u00fcrke sz\u00edn\u00e1rnyalata b\u00e1rmilyen \u00f6lt\u00f6z\u00e9ket kieg\u00e9sz\u00edt, \u00edgy a ruhat\u00e1r k\u00f6telez\u0151 darabja. K\u00e9nyeztesse mag\u00e1t a divat \u00e9s a funkci\u00f3 t\u00f6k\u00e9letes kever\u00e9k\u00e9vel m\u00e9g ma.<\/p>\n<div>St\u00edlus: .<\/div>\n<div>Illeszked\u00e9s: .<\/div>\n<div>Sz\u00f6vet: Jersey<\/div>\n<div>Mint\u00e1zat: Egysz\u00edn\u0171<\/div>\n<div>Elem: Nem<\/div>\n<div>Top Hossz\u00fas\u00e1g: Hossz\u00fa<\/div>\n<div>H\u00fcvely t\u00edpusa: L\u00e1mp\u00e1s ujj: Lantern Sleeve<\/div>\n<div>H\u00fcvely hossza: Hossz\u00fa ujj\u00fa<\/div>\n<div>Z\u00e1r\u00e1si t\u00edpus: Egy\u00e9b<\/div>\n<div>F\u0151 \u00f6sszet\u00e9tel: Akril<\/div>\n<div>Szezon: \u0150sz\/T\u00e9l<\/div>\n<p><img decoding=\"async\" src=\"https:\/\/ozponcho.com.au\/wp-content\/uploads\/2024\/03\/997884547100049408.png\" \/><img decoding=\"async\" src=\"https:\/\/ozponcho.com.au\/wp-content\/uploads\/2024\/03\/O1CN010vAcBS1QYY9AZr46v_2505411988-0-cib.jpg\" \/><img decoding=\"async\" src=\"https:\/\/ozponcho.com.au\/wp-content\/uploads\/2024\/03\/O1CN01AI0ZW91QYY90ngrtZ_2505411988-0-cib.jpg\" \/><img decoding=\"async\" src=\"https:\/\/ozponcho.com.au\/wp-content\/uploads\/2024\/03\/O1CN01Kr677I1QYY99nBEmr_2505411988-0-cib.jpg\" \/><img decoding=\"async\" src=\"https:\/\/ozponcho.com.au\/wp-content\/uploads\/2024\/03\/O1CN01DIOyf61QYY9BnF6C1_2505411988-0-cib.jpg\" \/><\/p>","protected":false},"excerpt":{"rendered":"<p>Embrace the chilly seasons with comfort in our Grey Poncho Cardigan Sweater. Designed for the modern woman seeking both style and warmth, this mid-length sweater coat features elegant lantern sleeves and a loose, casual fit. Crafted from soft acrylic jersey fabric, it offers luxurious texture and endless versatility. Transition seamlessly from crisp autumn days to [&#8230;]","protected":false},"featured_media":12749,"template":"","meta":[],"product_brand":[],"product_cat":[225,15,228,210],"product_tag":[],"class_list":{"0":"post-12794","1":"product","2":"type-product","3":"status-publish","4":"has-post-thumbnail","6":"product_cat-grey-poncho","7":"product_cat-main-category","8":"product_cat-poncho-sweater","9":"product_cat-poncho-women","11":"first","12":"outofstock","13":"shipping-taxable","14":"purchasable","15":"product-type-variable"},"yoast_head":"<!-- This site is optimized with the Yoast SEO plugin v25.9 - https:\/\/yoast.com\/wordpress\/plugins\/seo\/ -->\n<title>Grey Poncho Cardigan Sweater | Magyarorsz\u00e1g #1 Poncho Shop<\/title>\n<meta name=\"description\" content=\"Looking for a Grey Poncho Cardigan Sweater ? You&#039;ve come to the right place \ud83d\ude04 We offers a wide selection of Grey Poncho Cardigan Sweater, perfect for you.\" \/>\n<meta name=\"robots\" content=\"index, follow, max-snippet:-1, max-image-preview:large, max-video-preview:-1\" \/>\n<link rel=\"canonical\" href=\"https:\/\/ozponcho.com.au\/hu\/p\/alkalmi-kotott-poncso-kabat\/\" \/>\n<meta property=\"og:locale\" content=\"hu_HU\" \/>\n<meta property=\"og:type\" content=\"article\" \/>\n<meta property=\"og:title\" content=\"Grey Poncho Cardigan Sweater | Magyarorsz\u00e1g #1 Poncho Shop\" \/>\n<meta property=\"og:description\" content=\"Looking for a Grey Poncho Cardigan Sweater ? You&#039;ve come to the right place \ud83d\ude04 We offers a wide selection of Grey Poncho Cardigan Sweater, perfect for you.\" \/>\n<meta property=\"og:url\" content=\"https:\/\/ozponcho.com.au\/hu\/p\/alkalmi-kotott-poncso-kabat\/\" \/>\n<meta property=\"og:site_name\" content=\"OZ Poncho\" \/>\n<meta property=\"article:modified_time\" content=\"2024-03-08T05:28:12+00:00\" \/>\n<meta property=\"og:image\" content=\"https:\/\/ozponcho.com.au\/wp-content\/uploads\/2023\/12\/O1CN0113t7NK1QYY902pYTl_2505411988-0-cib.jpg\" \/>\n\t<meta property=\"og:image:width\" content=\"800\" \/>\n\t<meta property=\"og:image:height\" content=\"800\" \/>\n\t<meta property=\"og:image:type\" content=\"image\/jpeg\" \/>\n<meta name=\"twitter:card\" content=\"summary_large_image\" \/>\n<meta name=\"twitter:label1\" content=\"Becs\u00fclt olvas\u00e1si id\u0151\" \/>\n\t<meta name=\"twitter:data1\" content=\"1 perc\" \/>\n<script type=\"application\/ld+json\" class=\"yoast-schema-graph\">{\"@context\":\"https:\/\/schema.org\",\"@graph\":[{\"@type\":\"WebPage\",\"@id\":\"https:\/\/ozponcho.com.au\/p\/casual-knit-poncho-coat\/\",\"url\":\"https:\/\/ozponcho.com.au\/p\/casual-knit-poncho-coat\/\",\"name\":\"Grey Poncho Cardigan Sweater | Magyarorsz\u00e1g #1 Poncho Shop\",\"isPartOf\":{\"@id\":\"https:\/\/ozponcho.com.au\/#website\"},\"primaryImageOfPage\":{\"@id\":\"https:\/\/ozponcho.com.au\/p\/casual-knit-poncho-coat\/#primaryimage\"},\"image\":{\"@id\":\"https:\/\/ozponcho.com.au\/p\/casual-knit-poncho-coat\/#primaryimage\"},\"thumbnailUrl\":\"https:\/\/ozponcho.com.au\/wp-content\/uploads\/2023\/12\/O1CN0113t7NK1QYY902pYTl_2505411988-0-cib.jpg\",\"datePublished\":\"2023-12-13T07:36:55+00:00\",\"dateModified\":\"2024-03-08T05:28:12+00:00\",\"description\":\"Looking for a Grey Poncho Cardigan Sweater ? You've come to the right place \ud83d\ude04 We offers a wide selection of Grey Poncho Cardigan Sweater, perfect for you.\",\"breadcrumb\":{\"@id\":\"https:\/\/ozponcho.com.au\/p\/casual-knit-poncho-coat\/#breadcrumb\"},\"inLanguage\":\"hu\",\"potentialAction\":[{\"@type\":\"ReadAction\",\"target\":[\"https:\/\/ozponcho.com.au\/p\/casual-knit-poncho-coat\/\"]}]},{\"@type\":\"ImageObject\",\"inLanguage\":\"hu\",\"@id\":\"https:\/\/ozponcho.com.au\/p\/casual-knit-poncho-coat\/#primaryimage\",\"url\":\"https:\/\/ozponcho.com.au\/wp-content\/uploads\/2023\/12\/O1CN0113t7NK1QYY902pYTl_2505411988-0-cib.jpg\",\"contentUrl\":\"https:\/\/ozponcho.com.au\/wp-content\/uploads\/2023\/12\/O1CN0113t7NK1QYY902pYTl_2505411988-0-cib.jpg\",\"width\":800,\"height\":800,\"caption\":\"Grey Poncho Cardigan Sweater\"},{\"@type\":\"BreadcrumbList\",\"@id\":\"https:\/\/ozponcho.com.au\/p\/casual-knit-poncho-coat\/#breadcrumb\",\"itemListElement\":[{\"@type\":\"ListItem\",\"position\":1,\"name\":\"Home\",\"item\":\"https:\/\/ozponcho.com.au\/\"},{\"@type\":\"ListItem\",\"position\":2,\"name\":\"Shop\",\"item\":\"https:\/\/ozponcho.com.au\/shop\/\"},{\"@type\":\"ListItem\",\"position\":3,\"name\":\"Grey Poncho Cardigan Sweater\"}]},{\"@type\":\"WebSite\",\"@id\":\"https:\/\/ozponcho.com.au\/#website\",\"url\":\"https:\/\/ozponcho.com.au\/\",\"name\":\"OZ Poncho\",\"description\":\"\",\"potentialAction\":[{\"@type\":\"SearchAction\",\"target\":{\"@type\":\"EntryPoint\",\"urlTemplate\":\"https:\/\/ozponcho.com.au\/?s={search_term_string}\"},\"query-input\":{\"@type\":\"PropertyValueSpecification\",\"valueRequired\":true,\"valueName\":\"search_term_string\"}}],\"inLanguage\":\"hu\"}]}<\/script>\n<!-- \/ Yoast SEO plugin. -->","yoast_head_json":{"title":"Sz\u00fcrke poncs\u00f3 kardig\u00e1n pul\u00f3ver | Magyarorsz\u00e1g #1 Poncs\u00f3 Shop","description":"Sz\u00fcrke poncs\u00f3 kardig\u00e1n pul\u00f3vert keresel ? A legjobb helyen j\u00e1rsz \ud83d\ude04 Sz\u00fcrke Poncho kardig\u00e1n pul\u00f3ver sz\u00e9les v\u00e1laszt\u00e9k\u00e1t k\u00edn\u00e1ljuk, t\u00f6k\u00e9letes az \u00d6n sz\u00e1m\u00e1ra.","robots":{"index":"index","follow":"follow","max-snippet":"max-snippet:-1","max-image-preview":"max-image-preview:large","max-video-preview":"max-video-preview:-1"},"canonical":"https:\/\/ozponcho.com.au\/hu\/p\/alkalmi-kotott-poncso-kabat\/","og_locale":"hu_HU","og_type":"article","og_title":"Grey Poncho Cardigan Sweater | Magyarorsz\u00e1g #1 Poncho Shop","og_description":"Looking for a Grey Poncho Cardigan Sweater ? You've come to the right place \ud83d\ude04 We offers a wide selection of Grey Poncho Cardigan Sweater, perfect for you.","og_url":"https:\/\/ozponcho.com.au\/hu\/p\/alkalmi-kotott-poncso-kabat\/","og_site_name":"OZ Poncho","article_modified_time":"2024-03-08T05:28:12+00:00","og_image":[{"width":800,"height":800,"url":"https:\/\/ozponcho.com.au\/wp-content\/uploads\/2023\/12\/O1CN0113t7NK1QYY902pYTl_2505411988-0-cib.jpg","type":"image\/jpeg"}],"twitter_card":"summary_large_image","twitter_misc":{"Becs\u00fclt olvas\u00e1si id\u0151":"1 perc"},"schema":{"@context":"https:\/\/schema.org","@graph":[{"@type":"WebPage","@id":"https:\/\/ozponcho.com.au\/p\/casual-knit-poncho-coat\/","url":"https:\/\/ozponcho.com.au\/p\/casual-knit-poncho-coat\/","name":"Sz\u00fcrke poncs\u00f3 kardig\u00e1n pul\u00f3ver | Magyarorsz\u00e1g #1 Poncs\u00f3 Shop","isPartOf":{"@id":"https:\/\/ozponcho.com.au\/#website"},"primaryImageOfPage":{"@id":"https:\/\/ozponcho.com.au\/p\/casual-knit-poncho-coat\/#primaryimage"},"image":{"@id":"https:\/\/ozponcho.com.au\/p\/casual-knit-poncho-coat\/#primaryimage"},"thumbnailUrl":"https:\/\/ozponcho.com.au\/wp-content\/uploads\/2023\/12\/O1CN0113t7NK1QYY902pYTl_2505411988-0-cib.jpg","datePublished":"2023-12-13T07:36:55+00:00","dateModified":"2024-03-08T05:28:12+00:00","description":"Sz\u00fcrke poncs\u00f3 kardig\u00e1n pul\u00f3vert keresel ? A legjobb helyen j\u00e1rsz \ud83d\ude04 Sz\u00fcrke Poncho kardig\u00e1n pul\u00f3ver sz\u00e9les v\u00e1laszt\u00e9k\u00e1t k\u00edn\u00e1ljuk, t\u00f6k\u00e9letes az \u00d6n sz\u00e1m\u00e1ra.","breadcrumb":{"@id":"https:\/\/ozponcho.com.au\/p\/casual-knit-poncho-coat\/#breadcrumb"},"inLanguage":"hu","potentialAction":[{"@type":"ReadAction","target":["https:\/\/ozponcho.com.au\/p\/casual-knit-poncho-coat\/"]}]},{"@type":"ImageObject","inLanguage":"hu","@id":"https:\/\/ozponcho.com.au\/p\/casual-knit-poncho-coat\/#primaryimage","url":"https:\/\/ozponcho.com.au\/wp-content\/uploads\/2023\/12\/O1CN0113t7NK1QYY902pYTl_2505411988-0-cib.jpg","contentUrl":"https:\/\/ozponcho.com.au\/wp-content\/uploads\/2023\/12\/O1CN0113t7NK1QYY902pYTl_2505411988-0-cib.jpg","width":800,"height":800,"caption":"Grey Poncho Cardigan Sweater"},{"@type":"BreadcrumbList","@id":"https:\/\/ozponcho.com.au\/p\/casual-knit-poncho-coat\/#breadcrumb","itemListElement":[{"@type":"ListItem","position":1,"name":"Home","item":"https:\/\/ozponcho.com.au\/"},{"@type":"ListItem","position":2,"name":"Shop","item":"https:\/\/ozponcho.com.au\/shop\/"},{"@type":"ListItem","position":3,"name":"Grey Poncho Cardigan Sweater"}]},{"@type":"WebSite","@id":"https:\/\/ozponcho.com.au\/#website","url":"https:\/\/ozponcho.com.au\/","name":"OZ Poncho","description":"","potentialAction":[{"@type":"SearchAction","target":{"@type":"EntryPoint","urlTemplate":"https:\/\/ozponcho.com.au\/?s={search_term_string}"},"query-input":{"@type":"PropertyValueSpecification","valueRequired":true,"valueName":"search_term_string"}}],"inLanguage":"hu"}]}},"_links":{"self":[{"href":"https:\/\/ozponcho.com.au\/hu\/wp-json\/wp\/v2\/product\/12794","targetHints":{"allow":["GET"]}}],"collection":[{"href":"https:\/\/ozponcho.com.au\/hu\/wp-json\/wp\/v2\/product"}],"about":[{"href":"https:\/\/ozponcho.com.au\/hu\/wp-json\/wp\/v2\/types\/product"}],"wp:featuredmedia":[{"embeddable":true,"href":"https:\/\/ozponcho.com.au\/hu\/wp-json\/wp\/v2\/media\/12749"}],"wp:attachment":[{"href":"https:\/\/ozponcho.com.au\/hu\/wp-json\/wp\/v2\/media?parent=12794"}],"wp:term":[{"taxonomy":"product_brand","embeddable":true,"href":"https:\/\/ozponcho.com.au\/hu\/wp-json\/wp\/v2\/product_brand?post=12794"},{"taxonomy":"product_cat","embeddable":true,"href":"https:\/\/ozponcho.com.au\/hu\/wp-json\/wp\/v2\/product_cat?post=12794"},{"taxonomy":"product_tag","embeddable":true,"href":"https:\/\/ozponcho.com.au\/hu\/wp-json\/wp\/v2\/product_tag?post=12794"}],"curies":[{"name":"wp","href":"https:\/\/api.w.org\/{rel}","templated":true}]}}