{"id":12791,"date":"2023-12-13T18:36:52","date_gmt":"2023-12-13T07:36:52","guid":{"rendered":"https:\/\/ozponcho.com.au\/p\/tassel-cape-shawl-women-autumn-winter-contrast-color-split-thermal-plaid-scarf\/"},"modified":"2025-09-26T12:56:12","modified_gmt":"2025-09-26T01:56:12","slug":"tassel-cape-shawl-plaid","status":"publish","type":"product","link":"https:\/\/ozponcho.com.au\/hu\/p\/bojtos-kopeny-sal-kockas\/","title":{"rendered":"\u0150szi kock\u00e1s rojtos poncs\u00f3 kend\u0151"},"content":{"rendered":"<p>Dobja fel \u0151szi \u00e9s t\u00e9li ruhat\u00e1r\u00e1t ezzel az eleg\u00e1ns n\u0151i s\u00e1las poncs\u00f3val. \u00dagy tervezt\u00e9k, hogy egyszerre ny\u00fajtson meleget \u00e9s st\u00edlust, ez a poncs\u00f3 mag\u00e1val ragad\u00f3 kontrasztos sz\u00edn\u0171 kock\u00e1s mint\u00e1val b\u00fcszk\u00e9lkedhet, amely biztosan felkelti a figyelmet. A k\u00e9nyelmes, laza szab\u00e1s, amelyet j\u00e1t\u00e9kos rojtos r\u00e9szletek szeg\u00e9lyeznek, k\u00f6nnyed\u00e9n eleg\u00e1ns sziluettet alkot, m\u00edg a jersey anyag k\u00e9nyelmes \u00e9rz\u00e9st ny\u00fajt. Ide\u00e1lis alkalmi \u00f6lt\u00f6z\u00e9kek r\u00e9tegez\u00e9s\u00e9hez, vagy a form\u00e1lis viselet st\u00edlusos kieg\u00e9sz\u00edt\u00e9s\u00e9hez, ez a k\u00f6telez\u0151 tartoz\u00e9k, amire sz\u00fcks\u00e9ge van a h\u0171v\u00f6sebb \u00e9vszakokban.<\/p>\n<div>St\u00edlus: .<\/div>\n<div>Illeszked\u00e9s: .<\/div>\n<div>Sz\u00f6vet: Jersey<\/div>\n<div>Mint\u00e1zat: .<\/div>\n<div>Elem: Fringe<\/div>\n<div>Top Hossz\u00fas\u00e1g: Hossz\u00fa<\/div>\n<div>H\u00fcvely t\u00edpusa: H\u00fcvely: Dolman ujj<\/div>\n<div>H\u00fcvely hossza: 3\/4 ujj\u00fa<\/div>\n<div>Z\u00e1r\u00e1si t\u00edpus: Egy\u00e9b<\/div>\n<div>F\u0151 \u00f6sszet\u00e9tel: Akril<\/div>\n<div>Szezon: \u0150sz\/T\u00e9l<\/div>\n<p><img decoding=\"async\" src=\"https:\/\/ozponcho.com.au\/wp-content\/uploads\/2024\/03\/1136967655840808960.png\" \/><img decoding=\"async\" src=\"https:\/\/ozponcho.com.au\/wp-content\/uploads\/2024\/03\/O1CN01oaDmlA1QYYF7mSNel_2505411988-0-cib.jpg\" \/><img decoding=\"async\" src=\"https:\/\/ozponcho.com.au\/wp-content\/uploads\/2024\/03\/O1CN01iimGIm1QYYFAtySFO_2505411988-0-cib.jpg\" \/><img decoding=\"async\" src=\"https:\/\/ozponcho.com.au\/wp-content\/uploads\/2024\/03\/O1CN01i8aF0p1QYYF7vaf6s_2505411988-0-cib.jpg\" \/><img decoding=\"async\" src=\"https:\/\/ozponcho.com.au\/wp-content\/uploads\/2024\/03\/O1CN01WQJWep1QYYFEe6Gr3_2505411988-0-cib.jpg\" \/><img decoding=\"async\" src=\"https:\/\/ozponcho.com.au\/wp-content\/uploads\/2024\/03\/O1CN01u3tGju1QYYF7vZiu5_2505411988-0-cib.jpg\" \/><img decoding=\"async\" src=\"https:\/\/ozponcho.com.au\/wp-content\/uploads\/2024\/03\/O1CN013fKWfM1QYYFBL2LRw_2505411988-0-cib.jpg\" \/><img decoding=\"async\" src=\"https:\/\/ozponcho.com.au\/wp-content\/uploads\/2024\/03\/O1CN01Uh4zcX1QYYFCqcmMu_2505411988-0-cib.jpg\" \/><\/p>","protected":false},"excerpt":{"rendered":"<p>Elevate your autumn and winter wardrobe with this chic Tassel Cape Shawl Poncho for women. Designed to provide both warmth and style, this poncho boasts a captivating contrast color plaid pattern that is sure to turn heads. The comfortable loose fit, flanked by playful fringe detailing, creates an effortlessly elegant silhouette, while the jersey fabric [&#8230;]","protected":false},"featured_media":12755,"template":"","meta":[],"product_brand":[],"product_cat":[219,229,226,15,228,210],"product_tag":[],"class_list":{"0":"post-12791","1":"product","2":"type-product","3":"status-publish","4":"has-post-thumbnail","6":"product_cat-black-poncho","7":"product_cat-blanket-poncho","8":"product_cat-brown-poncho","9":"product_cat-main-category","10":"product_cat-poncho-sweater","11":"product_cat-poncho-women","13":"first","14":"outofstock","15":"shipping-taxable","16":"purchasable","17":"product-type-variable"},"yoast_head":"<!-- This site is optimized with the Yoast SEO plugin v25.9 - https:\/\/yoast.com\/wordpress\/plugins\/seo\/ -->\n<title>Autumn Plaid Tassel Poncho Shawl | Magyarorsz\u00e1g #1 Poncho Shop<\/title>\n<meta name=\"description\" content=\"Looking for a Autumn Plaid Tassel Poncho Shawl ? You&#039;ve come to the right place \ud83d\ude04 We offers a wide selection of Autumn Plaid Tassel Poncho Shawl, perfect for you.\" \/>\n<meta name=\"robots\" content=\"index, follow, max-snippet:-1, max-image-preview:large, max-video-preview:-1\" \/>\n<link rel=\"canonical\" href=\"https:\/\/ozponcho.com.au\/hu\/p\/bojtos-kopeny-sal-kockas\/\" \/>\n<meta property=\"og:locale\" content=\"hu_HU\" \/>\n<meta property=\"og:type\" content=\"article\" \/>\n<meta property=\"og:title\" content=\"Autumn Plaid Tassel Poncho Shawl | Magyarorsz\u00e1g #1 Poncho Shop\" \/>\n<meta property=\"og:description\" content=\"Looking for a Autumn Plaid Tassel Poncho Shawl ? You&#039;ve come to the right place \ud83d\ude04 We offers a wide selection of Autumn Plaid Tassel Poncho Shawl, perfect for you.\" \/>\n<meta property=\"og:url\" content=\"https:\/\/ozponcho.com.au\/hu\/p\/bojtos-kopeny-sal-kockas\/\" \/>\n<meta property=\"og:site_name\" content=\"OZ Poncho\" \/>\n<meta property=\"article:modified_time\" content=\"2025-09-26T01:56:12+00:00\" \/>\n<meta property=\"og:image\" content=\"https:\/\/ozponcho.com.au\/wp-content\/uploads\/2023\/12\/O1CN01vuLV2X1QYYF5hvO1v_2505411988-0-cib.jpg\" \/>\n\t<meta property=\"og:image:width\" content=\"800\" \/>\n\t<meta property=\"og:image:height\" content=\"800\" \/>\n\t<meta property=\"og:image:type\" content=\"image\/jpeg\" \/>\n<meta name=\"twitter:card\" content=\"summary_large_image\" \/>\n<meta name=\"twitter:label1\" content=\"Becs\u00fclt olvas\u00e1si id\u0151\" \/>\n\t<meta name=\"twitter:data1\" content=\"1 perc\" \/>\n<script type=\"application\/ld+json\" class=\"yoast-schema-graph\">{\"@context\":\"https:\/\/schema.org\",\"@graph\":[{\"@type\":\"WebPage\",\"@id\":\"https:\/\/ozponcho.com.au\/p\/tassel-cape-shawl-plaid\/\",\"url\":\"https:\/\/ozponcho.com.au\/p\/tassel-cape-shawl-plaid\/\",\"name\":\"Autumn Plaid Tassel Poncho Shawl | Magyarorsz\u00e1g #1 Poncho Shop\",\"isPartOf\":{\"@id\":\"https:\/\/ozponcho.com.au\/#website\"},\"primaryImageOfPage\":{\"@id\":\"https:\/\/ozponcho.com.au\/p\/tassel-cape-shawl-plaid\/#primaryimage\"},\"image\":{\"@id\":\"https:\/\/ozponcho.com.au\/p\/tassel-cape-shawl-plaid\/#primaryimage\"},\"thumbnailUrl\":\"https:\/\/ozponcho.com.au\/wp-content\/uploads\/2023\/12\/O1CN01vuLV2X1QYYF5hvO1v_2505411988-0-cib.jpg\",\"datePublished\":\"2023-12-13T07:36:52+00:00\",\"dateModified\":\"2025-09-26T01:56:12+00:00\",\"description\":\"Looking for a Autumn Plaid Tassel Poncho Shawl ? You've come to the right place \ud83d\ude04 We offers a wide selection of Autumn Plaid Tassel Poncho Shawl, perfect for you.\",\"breadcrumb\":{\"@id\":\"https:\/\/ozponcho.com.au\/p\/tassel-cape-shawl-plaid\/#breadcrumb\"},\"inLanguage\":\"hu\",\"potentialAction\":[{\"@type\":\"ReadAction\",\"target\":[\"https:\/\/ozponcho.com.au\/p\/tassel-cape-shawl-plaid\/\"]}]},{\"@type\":\"ImageObject\",\"inLanguage\":\"hu\",\"@id\":\"https:\/\/ozponcho.com.au\/p\/tassel-cape-shawl-plaid\/#primaryimage\",\"url\":\"https:\/\/ozponcho.com.au\/wp-content\/uploads\/2023\/12\/O1CN01vuLV2X1QYYF5hvO1v_2505411988-0-cib.jpg\",\"contentUrl\":\"https:\/\/ozponcho.com.au\/wp-content\/uploads\/2023\/12\/O1CN01vuLV2X1QYYF5hvO1v_2505411988-0-cib.jpg\",\"width\":800,\"height\":800,\"caption\":\"Autumn Plaid Tassel Poncho Shawl\"},{\"@type\":\"BreadcrumbList\",\"@id\":\"https:\/\/ozponcho.com.au\/p\/tassel-cape-shawl-plaid\/#breadcrumb\",\"itemListElement\":[{\"@type\":\"ListItem\",\"position\":1,\"name\":\"Home\",\"item\":\"https:\/\/ozponcho.com.au\/\"},{\"@type\":\"ListItem\",\"position\":2,\"name\":\"Shop\",\"item\":\"https:\/\/ozponcho.com.au\/shop\/\"},{\"@type\":\"ListItem\",\"position\":3,\"name\":\"Autumn Plaid Tassel Poncho Shawl\"}]},{\"@type\":\"WebSite\",\"@id\":\"https:\/\/ozponcho.com.au\/#website\",\"url\":\"https:\/\/ozponcho.com.au\/\",\"name\":\"OZ Poncho\",\"description\":\"\",\"potentialAction\":[{\"@type\":\"SearchAction\",\"target\":{\"@type\":\"EntryPoint\",\"urlTemplate\":\"https:\/\/ozponcho.com.au\/?s={search_term_string}\"},\"query-input\":{\"@type\":\"PropertyValueSpecification\",\"valueRequired\":true,\"valueName\":\"search_term_string\"}}],\"inLanguage\":\"hu\"}]}<\/script>\n<!-- \/ Yoast SEO plugin. -->","yoast_head_json":{"title":"\u0150szi kock\u00e1s rojtos poncs\u00f3 kend\u0151 | Magyarorsz\u00e1g #1 Poncs\u00f3 Shop","description":"Keres egy \u0151szi kock\u00e1s rojtos poncs\u00f3 kend\u0151t ? A legjobb helyre j\u00f6tt\u00e9l \ud83d\ude04 \u0150szi kock\u00e1s rojtos poncho kend\u0151 sz\u00e9les v\u00e1laszt\u00e9k\u00e1t k\u00edn\u00e1ljuk, t\u00f6k\u00e9letes az \u00d6n sz\u00e1m\u00e1ra.","robots":{"index":"index","follow":"follow","max-snippet":"max-snippet:-1","max-image-preview":"max-image-preview:large","max-video-preview":"max-video-preview:-1"},"canonical":"https:\/\/ozponcho.com.au\/hu\/p\/bojtos-kopeny-sal-kockas\/","og_locale":"hu_HU","og_type":"article","og_title":"Autumn Plaid Tassel Poncho Shawl | Magyarorsz\u00e1g #1 Poncho Shop","og_description":"Looking for a Autumn Plaid Tassel Poncho Shawl ? You've come to the right place \ud83d\ude04 We offers a wide selection of Autumn Plaid Tassel Poncho Shawl, perfect for you.","og_url":"https:\/\/ozponcho.com.au\/hu\/p\/bojtos-kopeny-sal-kockas\/","og_site_name":"OZ Poncho","article_modified_time":"2025-09-26T01:56:12+00:00","og_image":[{"width":800,"height":800,"url":"https:\/\/ozponcho.com.au\/wp-content\/uploads\/2023\/12\/O1CN01vuLV2X1QYYF5hvO1v_2505411988-0-cib.jpg","type":"image\/jpeg"}],"twitter_card":"summary_large_image","twitter_misc":{"Becs\u00fclt olvas\u00e1si id\u0151":"1 perc"},"schema":{"@context":"https:\/\/schema.org","@graph":[{"@type":"WebPage","@id":"https:\/\/ozponcho.com.au\/p\/tassel-cape-shawl-plaid\/","url":"https:\/\/ozponcho.com.au\/p\/tassel-cape-shawl-plaid\/","name":"\u0150szi kock\u00e1s rojtos poncs\u00f3 kend\u0151 | Magyarorsz\u00e1g #1 Poncs\u00f3 Shop","isPartOf":{"@id":"https:\/\/ozponcho.com.au\/#website"},"primaryImageOfPage":{"@id":"https:\/\/ozponcho.com.au\/p\/tassel-cape-shawl-plaid\/#primaryimage"},"image":{"@id":"https:\/\/ozponcho.com.au\/p\/tassel-cape-shawl-plaid\/#primaryimage"},"thumbnailUrl":"https:\/\/ozponcho.com.au\/wp-content\/uploads\/2023\/12\/O1CN01vuLV2X1QYYF5hvO1v_2505411988-0-cib.jpg","datePublished":"2023-12-13T07:36:52+00:00","dateModified":"2025-09-26T01:56:12+00:00","description":"Keres egy \u0151szi kock\u00e1s rojtos poncs\u00f3 kend\u0151t ? A legjobb helyre j\u00f6tt\u00e9l \ud83d\ude04 \u0150szi kock\u00e1s rojtos poncho kend\u0151 sz\u00e9les v\u00e1laszt\u00e9k\u00e1t k\u00edn\u00e1ljuk, t\u00f6k\u00e9letes az \u00d6n sz\u00e1m\u00e1ra.","breadcrumb":{"@id":"https:\/\/ozponcho.com.au\/p\/tassel-cape-shawl-plaid\/#breadcrumb"},"inLanguage":"hu","potentialAction":[{"@type":"ReadAction","target":["https:\/\/ozponcho.com.au\/p\/tassel-cape-shawl-plaid\/"]}]},{"@type":"ImageObject","inLanguage":"hu","@id":"https:\/\/ozponcho.com.au\/p\/tassel-cape-shawl-plaid\/#primaryimage","url":"https:\/\/ozponcho.com.au\/wp-content\/uploads\/2023\/12\/O1CN01vuLV2X1QYYF5hvO1v_2505411988-0-cib.jpg","contentUrl":"https:\/\/ozponcho.com.au\/wp-content\/uploads\/2023\/12\/O1CN01vuLV2X1QYYF5hvO1v_2505411988-0-cib.jpg","width":800,"height":800,"caption":"Autumn Plaid Tassel Poncho Shawl"},{"@type":"BreadcrumbList","@id":"https:\/\/ozponcho.com.au\/p\/tassel-cape-shawl-plaid\/#breadcrumb","itemListElement":[{"@type":"ListItem","position":1,"name":"Home","item":"https:\/\/ozponcho.com.au\/"},{"@type":"ListItem","position":2,"name":"Shop","item":"https:\/\/ozponcho.com.au\/shop\/"},{"@type":"ListItem","position":3,"name":"Autumn Plaid Tassel Poncho Shawl"}]},{"@type":"WebSite","@id":"https:\/\/ozponcho.com.au\/#website","url":"https:\/\/ozponcho.com.au\/","name":"OZ Poncho","description":"","potentialAction":[{"@type":"SearchAction","target":{"@type":"EntryPoint","urlTemplate":"https:\/\/ozponcho.com.au\/?s={search_term_string}"},"query-input":{"@type":"PropertyValueSpecification","valueRequired":true,"valueName":"search_term_string"}}],"inLanguage":"hu"}]}},"_links":{"self":[{"href":"https:\/\/ozponcho.com.au\/hu\/wp-json\/wp\/v2\/product\/12791","targetHints":{"allow":["GET"]}}],"collection":[{"href":"https:\/\/ozponcho.com.au\/hu\/wp-json\/wp\/v2\/product"}],"about":[{"href":"https:\/\/ozponcho.com.au\/hu\/wp-json\/wp\/v2\/types\/product"}],"wp:featuredmedia":[{"embeddable":true,"href":"https:\/\/ozponcho.com.au\/hu\/wp-json\/wp\/v2\/media\/12755"}],"wp:attachment":[{"href":"https:\/\/ozponcho.com.au\/hu\/wp-json\/wp\/v2\/media?parent=12791"}],"wp:term":[{"taxonomy":"product_brand","embeddable":true,"href":"https:\/\/ozponcho.com.au\/hu\/wp-json\/wp\/v2\/product_brand?post=12791"},{"taxonomy":"product_cat","embeddable":true,"href":"https:\/\/ozponcho.com.au\/hu\/wp-json\/wp\/v2\/product_cat?post=12791"},{"taxonomy":"product_tag","embeddable":true,"href":"https:\/\/ozponcho.com.au\/hu\/wp-json\/wp\/v2\/product_tag?post=12791"}],"curies":[{"name":"wp","href":"https:\/\/api.w.org\/{rel}","templated":true}]}}