{"id":12769,"date":"2023-12-13T18:36:44","date_gmt":"2023-12-13T07:36:44","guid":{"rendered":"https:\/\/ozponcho.com.au\/p\/tassel-cape-shawl-women-autumn-winter-knitted-striped-fur-collar-scarf\/"},"modified":"2025-06-28T10:14:51","modified_gmt":"2025-06-27T23:14:51","slug":"striped-fur-collar-shawl","status":"publish","type":"product","link":"https:\/\/ozponcho.com.au\/hu\/p\/csikos-szormes-galleru-sal\/","title":{"rendered":"\u0150szi cs\u00edkos rojtos poncs\u00f3"},"content":{"rendered":"<p>\u00d6lelje \u00e1t az \u0151sz h\u0171v\u00f6s cs\u00e1b\u00edt\u00e1s\u00e1t eleg\u00e1ns \u00e9s k\u00e9nyelmes ponch\u00f3nkkal. A pl\u00fcss sz\u00fcrke sz\u0151rme gall\u00e9rral \u00e9s eleg\u00e1ns rojtos szeg\u00e9llyel d\u00edsz\u00edtett, eleg\u00e1ns b\u00e9zs-feh\u00e9r cs\u00edkos s\u00e1l \u00edg\u00e9ri, hogy melegen \u00e9s divatosan tartja \u00d6nt a szezonban. Puha, trik\u00f3 k\u00f6t\u00f6tt text\u00far\u00e1ja luxus \u00e9rzetet kelt, amely a finom gyapj\u00fakever\u00e9kre eml\u00e9keztet - t\u00f6k\u00e9letes v\u00e1laszt\u00e1s mindazoknak, akik az \u0151szi \u00e9s t\u00e9li ruhat\u00e1rukat szeretn\u00e9k feldobni. Tapasztalja meg a k\u00e9nyelmet \u00e9s a divatot egy eleg\u00e1ns csomagban ezzel a kihagyhatatlan \u0151szi-t\u00e9li kieg\u00e9sz\u00edt\u0151vel.<\/p>\n<div>St\u00edlus: .<\/div>\n<div>Illeszked\u00e9s: Szab\u00e1lyos<\/div>\n<div>Sz\u00f6vet: Jersey<\/div>\n<div>Mint\u00e1zat: Cs\u00edkos<\/div>\n<div>Elem: Fringe<\/div>\n<div>Top Hossz\u00fas\u00e1g: Hossz\u00fa<\/div>\n<div>H\u00fcvely t\u00edpusa: H\u00fcvely: Dolman ujj<\/div>\n<div>H\u00fcvely hossza: Hossz\u00fa ujj\u00fa<\/div>\n<div>Z\u00e1r\u00e1si t\u00edpus: Egy\u00e9b<\/div>\n<div>F\u0151 \u00f6sszet\u00e9tel: Poli\u00e9szter<\/div>\n<div>Szezon: \u0150sz\/T\u00e9l<\/div>\n<p><img decoding=\"async\" src=\"https:\/\/ozponcho.com.au\/wp-content\/uploads\/2024\/03\/1117774273142849536.png\" \/><\/p>","protected":false},"excerpt":{"rendered":"<p>Embrace the chilly allure of autumn with our chic and cozy poncho. Adorned with a plush grey fur collar and an elegant fringe hem, this stylish beige and white striped shawl promises to keep you warm and fashionable through the season. Its soft, jersey knit texture gives off a luxurious feel reminiscent of a fine [&#8230;]","protected":false},"featured_media":12723,"template":"","meta":[],"product_brand":[],"product_cat":[229,216,218,225,15,228,214,210,215],"product_tag":[],"class_list":{"0":"post-12769","1":"product","2":"type-product","3":"status-publish","4":"has-post-thumbnail","6":"product_cat-blanket-poncho","7":"product_cat-cashmere-poncho","8":"product_cat-fur-poncho","9":"product_cat-grey-poncho","10":"product_cat-main-category","11":"product_cat-poncho-sweater","12":"product_cat-knitted-crochet-poncho","13":"product_cat-poncho-women","14":"product_cat-wool-poncho","16":"first","17":"instock","18":"shipping-taxable","19":"purchasable","20":"product-type-variable"},"yoast_head":"<!-- This site is optimized with the Yoast SEO plugin v25.9 - https:\/\/yoast.com\/wordpress\/plugins\/seo\/ -->\n<title>Autumn Striped Fringe Poncho | Magyarorsz\u00e1g #1 Poncho Shop<\/title>\n<meta name=\"description\" content=\"Looking for a Autumn Striped Fringe Poncho ? You&#039;ve come to the right place \ud83d\ude04 We offers a wide selection of Autumn Striped Fringe Poncho, perfect for you.\" \/>\n<meta name=\"robots\" content=\"index, follow, max-snippet:-1, max-image-preview:large, max-video-preview:-1\" \/>\n<link rel=\"canonical\" href=\"https:\/\/ozponcho.com.au\/hu\/p\/csikos-szormes-galleru-sal\/\" \/>\n<meta property=\"og:locale\" content=\"hu_HU\" \/>\n<meta property=\"og:type\" content=\"article\" \/>\n<meta property=\"og:title\" content=\"Autumn Striped Fringe Poncho | Magyarorsz\u00e1g #1 Poncho Shop\" \/>\n<meta property=\"og:description\" content=\"Looking for a Autumn Striped Fringe Poncho ? You&#039;ve come to the right place \ud83d\ude04 We offers a wide selection of Autumn Striped Fringe Poncho, perfect for you.\" \/>\n<meta property=\"og:url\" content=\"https:\/\/ozponcho.com.au\/hu\/p\/csikos-szormes-galleru-sal\/\" \/>\n<meta property=\"og:site_name\" content=\"OZ Poncho\" \/>\n<meta property=\"article:modified_time\" content=\"2025-06-27T23:14:51+00:00\" \/>\n<meta property=\"og:image\" content=\"https:\/\/ozponcho.com.au\/wp-content\/uploads\/2023\/12\/O1CN01nVohDt1QYYE1l460h_2505411988-0-cib.jpg\" \/>\n\t<meta property=\"og:image:width\" content=\"800\" \/>\n\t<meta property=\"og:image:height\" content=\"800\" \/>\n\t<meta property=\"og:image:type\" content=\"image\/jpeg\" \/>\n<meta name=\"twitter:card\" content=\"summary_large_image\" \/>\n<meta name=\"twitter:label1\" content=\"Becs\u00fclt olvas\u00e1si id\u0151\" \/>\n\t<meta name=\"twitter:data1\" content=\"1 perc\" \/>\n<script type=\"application\/ld+json\" class=\"yoast-schema-graph\">{\"@context\":\"https:\/\/schema.org\",\"@graph\":[{\"@type\":\"WebPage\",\"@id\":\"https:\/\/ozponcho.com.au\/p\/striped-fur-collar-shawl\/\",\"url\":\"https:\/\/ozponcho.com.au\/p\/striped-fur-collar-shawl\/\",\"name\":\"Autumn Striped Fringe Poncho | Magyarorsz\u00e1g #1 Poncho Shop\",\"isPartOf\":{\"@id\":\"https:\/\/ozponcho.com.au\/#website\"},\"primaryImageOfPage\":{\"@id\":\"https:\/\/ozponcho.com.au\/p\/striped-fur-collar-shawl\/#primaryimage\"},\"image\":{\"@id\":\"https:\/\/ozponcho.com.au\/p\/striped-fur-collar-shawl\/#primaryimage\"},\"thumbnailUrl\":\"https:\/\/ozponcho.com.au\/wp-content\/uploads\/2023\/12\/O1CN01nVohDt1QYYE1l460h_2505411988-0-cib.jpg\",\"datePublished\":\"2023-12-13T07:36:44+00:00\",\"dateModified\":\"2025-06-27T23:14:51+00:00\",\"description\":\"Looking for a Autumn Striped Fringe Poncho ? You've come to the right place \ud83d\ude04 We offers a wide selection of Autumn Striped Fringe Poncho, perfect for you.\",\"breadcrumb\":{\"@id\":\"https:\/\/ozponcho.com.au\/p\/striped-fur-collar-shawl\/#breadcrumb\"},\"inLanguage\":\"hu\",\"potentialAction\":[{\"@type\":\"ReadAction\",\"target\":[\"https:\/\/ozponcho.com.au\/p\/striped-fur-collar-shawl\/\"]}]},{\"@type\":\"ImageObject\",\"inLanguage\":\"hu\",\"@id\":\"https:\/\/ozponcho.com.au\/p\/striped-fur-collar-shawl\/#primaryimage\",\"url\":\"https:\/\/ozponcho.com.au\/wp-content\/uploads\/2023\/12\/O1CN01nVohDt1QYYE1l460h_2505411988-0-cib.jpg\",\"contentUrl\":\"https:\/\/ozponcho.com.au\/wp-content\/uploads\/2023\/12\/O1CN01nVohDt1QYYE1l460h_2505411988-0-cib.jpg\",\"width\":800,\"height\":800,\"caption\":\"Autumn Striped Fringe Poncho\"},{\"@type\":\"BreadcrumbList\",\"@id\":\"https:\/\/ozponcho.com.au\/p\/striped-fur-collar-shawl\/#breadcrumb\",\"itemListElement\":[{\"@type\":\"ListItem\",\"position\":1,\"name\":\"Home\",\"item\":\"https:\/\/ozponcho.com.au\/\"},{\"@type\":\"ListItem\",\"position\":2,\"name\":\"Shop\",\"item\":\"https:\/\/ozponcho.com.au\/shop\/\"},{\"@type\":\"ListItem\",\"position\":3,\"name\":\"Autumn Striped Fringe Poncho\"}]},{\"@type\":\"WebSite\",\"@id\":\"https:\/\/ozponcho.com.au\/#website\",\"url\":\"https:\/\/ozponcho.com.au\/\",\"name\":\"OZ Poncho\",\"description\":\"\",\"potentialAction\":[{\"@type\":\"SearchAction\",\"target\":{\"@type\":\"EntryPoint\",\"urlTemplate\":\"https:\/\/ozponcho.com.au\/?s={search_term_string}\"},\"query-input\":{\"@type\":\"PropertyValueSpecification\",\"valueRequired\":true,\"valueName\":\"search_term_string\"}}],\"inLanguage\":\"hu\"}]}<\/script>\n<!-- \/ Yoast SEO plugin. -->","yoast_head_json":{"title":"\u0150szi cs\u00edkos rojtos poncs\u00f3 | Magyarorsz\u00e1g #1 Poncs\u00f3 Shop","description":"\u0150szi cs\u00edkos rojtos poncs\u00f3t keres ? A legjobb helyre j\u00f6tt\u00e9l \ud83d\ude04 \u0150szi cs\u00edkos rojtos poncs\u00f3 sz\u00e9les v\u00e1laszt\u00e9k\u00e1t k\u00edn\u00e1ljuk, t\u00f6k\u00e9letes az \u00d6n sz\u00e1m\u00e1ra.","robots":{"index":"index","follow":"follow","max-snippet":"max-snippet:-1","max-image-preview":"max-image-preview:large","max-video-preview":"max-video-preview:-1"},"canonical":"https:\/\/ozponcho.com.au\/hu\/p\/csikos-szormes-galleru-sal\/","og_locale":"hu_HU","og_type":"article","og_title":"Autumn Striped Fringe Poncho | Magyarorsz\u00e1g #1 Poncho Shop","og_description":"Looking for a Autumn Striped Fringe Poncho ? You've come to the right place \ud83d\ude04 We offers a wide selection of Autumn Striped Fringe Poncho, perfect for you.","og_url":"https:\/\/ozponcho.com.au\/hu\/p\/csikos-szormes-galleru-sal\/","og_site_name":"OZ Poncho","article_modified_time":"2025-06-27T23:14:51+00:00","og_image":[{"width":800,"height":800,"url":"https:\/\/ozponcho.com.au\/wp-content\/uploads\/2023\/12\/O1CN01nVohDt1QYYE1l460h_2505411988-0-cib.jpg","type":"image\/jpeg"}],"twitter_card":"summary_large_image","twitter_misc":{"Becs\u00fclt olvas\u00e1si id\u0151":"1 perc"},"schema":{"@context":"https:\/\/schema.org","@graph":[{"@type":"WebPage","@id":"https:\/\/ozponcho.com.au\/p\/striped-fur-collar-shawl\/","url":"https:\/\/ozponcho.com.au\/p\/striped-fur-collar-shawl\/","name":"\u0150szi cs\u00edkos rojtos poncs\u00f3 | Magyarorsz\u00e1g #1 Poncs\u00f3 Shop","isPartOf":{"@id":"https:\/\/ozponcho.com.au\/#website"},"primaryImageOfPage":{"@id":"https:\/\/ozponcho.com.au\/p\/striped-fur-collar-shawl\/#primaryimage"},"image":{"@id":"https:\/\/ozponcho.com.au\/p\/striped-fur-collar-shawl\/#primaryimage"},"thumbnailUrl":"https:\/\/ozponcho.com.au\/wp-content\/uploads\/2023\/12\/O1CN01nVohDt1QYYE1l460h_2505411988-0-cib.jpg","datePublished":"2023-12-13T07:36:44+00:00","dateModified":"2025-06-27T23:14:51+00:00","description":"\u0150szi cs\u00edkos rojtos poncs\u00f3t keres ? A legjobb helyre j\u00f6tt\u00e9l \ud83d\ude04 \u0150szi cs\u00edkos rojtos poncs\u00f3 sz\u00e9les v\u00e1laszt\u00e9k\u00e1t k\u00edn\u00e1ljuk, t\u00f6k\u00e9letes az \u00d6n sz\u00e1m\u00e1ra.","breadcrumb":{"@id":"https:\/\/ozponcho.com.au\/p\/striped-fur-collar-shawl\/#breadcrumb"},"inLanguage":"hu","potentialAction":[{"@type":"ReadAction","target":["https:\/\/ozponcho.com.au\/p\/striped-fur-collar-shawl\/"]}]},{"@type":"ImageObject","inLanguage":"hu","@id":"https:\/\/ozponcho.com.au\/p\/striped-fur-collar-shawl\/#primaryimage","url":"https:\/\/ozponcho.com.au\/wp-content\/uploads\/2023\/12\/O1CN01nVohDt1QYYE1l460h_2505411988-0-cib.jpg","contentUrl":"https:\/\/ozponcho.com.au\/wp-content\/uploads\/2023\/12\/O1CN01nVohDt1QYYE1l460h_2505411988-0-cib.jpg","width":800,"height":800,"caption":"Autumn Striped Fringe Poncho"},{"@type":"BreadcrumbList","@id":"https:\/\/ozponcho.com.au\/p\/striped-fur-collar-shawl\/#breadcrumb","itemListElement":[{"@type":"ListItem","position":1,"name":"Home","item":"https:\/\/ozponcho.com.au\/"},{"@type":"ListItem","position":2,"name":"Shop","item":"https:\/\/ozponcho.com.au\/shop\/"},{"@type":"ListItem","position":3,"name":"Autumn Striped Fringe Poncho"}]},{"@type":"WebSite","@id":"https:\/\/ozponcho.com.au\/#website","url":"https:\/\/ozponcho.com.au\/","name":"OZ Poncho","description":"","potentialAction":[{"@type":"SearchAction","target":{"@type":"EntryPoint","urlTemplate":"https:\/\/ozponcho.com.au\/?s={search_term_string}"},"query-input":{"@type":"PropertyValueSpecification","valueRequired":true,"valueName":"search_term_string"}}],"inLanguage":"hu"}]}},"_links":{"self":[{"href":"https:\/\/ozponcho.com.au\/hu\/wp-json\/wp\/v2\/product\/12769","targetHints":{"allow":["GET"]}}],"collection":[{"href":"https:\/\/ozponcho.com.au\/hu\/wp-json\/wp\/v2\/product"}],"about":[{"href":"https:\/\/ozponcho.com.au\/hu\/wp-json\/wp\/v2\/types\/product"}],"wp:featuredmedia":[{"embeddable":true,"href":"https:\/\/ozponcho.com.au\/hu\/wp-json\/wp\/v2\/media\/12723"}],"wp:attachment":[{"href":"https:\/\/ozponcho.com.au\/hu\/wp-json\/wp\/v2\/media?parent=12769"}],"wp:term":[{"taxonomy":"product_brand","embeddable":true,"href":"https:\/\/ozponcho.com.au\/hu\/wp-json\/wp\/v2\/product_brand?post=12769"},{"taxonomy":"product_cat","embeddable":true,"href":"https:\/\/ozponcho.com.au\/hu\/wp-json\/wp\/v2\/product_cat?post=12769"},{"taxonomy":"product_tag","embeddable":true,"href":"https:\/\/ozponcho.com.au\/hu\/wp-json\/wp\/v2\/product_tag?post=12769"}],"curies":[{"name":"wp","href":"https:\/\/api.w.org\/{rel}","templated":true}]}}