{"id":12763,"date":"2023-12-13T18:36:43","date_gmt":"2023-12-13T07:36:43","guid":{"rendered":"https:\/\/ozponcho.com.au\/p\/women-autumn-winter-fur-collar-cape-shawl-women-loose-knitted-cardigan-oversized-woolen-coat\/"},"modified":"2025-05-30T15:15:21","modified_gmt":"2025-05-30T04:15:21","slug":"elegant-grey-women-wrap-poncho","status":"publish","type":"product","link":"https:\/\/ozponcho.com.au\/hu\/p\/elegans-szurke-noi-poncso\/","title":{"rendered":"Eleg\u00e1ns sz\u0151rme-gall\u00e9ros gyapj\u00fa-szer\u0171 poncs\u00f3"},"content":{"rendered":"<p>L\u00e9pj be a h\u0171v\u00f6sebb \u00e9vszakokba st\u00edlusosan \u00e9s melegen a luxus ponch\u00f3nkban. T\u00f6k\u00e9letes az eleganci\u00e1t \u00e9s k\u00e9nyelmet kedvel\u0151 n\u0151k sz\u00e1m\u00e1ra, ez a poncs\u00f3 pazar m\u0171sz\u0151rme gall\u00e9rral rendelkezik, amely kifinomults\u00e1got k\u00f6lcs\u00f6n\u00f6z b\u00e1rmely \u0151szi vagy t\u00e9li ruhadarabnak. A laza, drap\u00edrozott sziluett \u00e9s a hossz\u00fa dolman ujjak b\u0151s\u00e9ges mozg\u00e1st \u00e9s k\u00e9nyelmes, laza illeszked\u00e9st biztos\u00edtanak. A puha, gyapj\u00faszer\u0171 poli\u00e9szterb\u0151l k\u00e9sz\u00fclt poncs\u00f3 sokoldal\u00faan kieg\u00e9sz\u00edti a ruhat\u00e1r\u00e1t, \u00edgy eleg\u00e1ns \u00e9s k\u00e9nyelmes marad a hidegebb napokon is.<\/p>\n<div>St\u00edlus: .<\/div>\n<div>Illeszked\u00e9s: .<\/div>\n<div>Sz\u00f6vet: Poli\u00e9szter<\/div>\n<div>Mint\u00e1zat: Egysz\u00edn\u0171<\/div>\n<div>Elem: Nem<\/div>\n<div>Top Hossz\u00fas\u00e1g: .<\/div>\n<div>H\u00fcvely t\u00edpusa: H\u00fcvely: Dolman ujj<\/div>\n<div>H\u00fcvely hossza: Hossz\u00fa ujj\u00fa<\/div>\n<div>Z\u00e1r\u00e1si t\u00edpus: Egy\u00e9b<\/div>\n<div>F\u0151 \u00f6sszet\u00e9tel: Poli\u00e9szter<\/div>\n<div>Szezon: Tavaszi\/\u0151szi<\/div>\n<p><img decoding=\"async\" src=\"https:\/\/ozponcho.com.au\/wp-content\/uploads\/2024\/03\/1171835537611292672.jpg\" \/><img decoding=\"async\" src=\"https:\/\/ozponcho.com.au\/wp-content\/uploads\/2024\/03\/O1CN01xDFwM21wQMtbqfzBh_2455536302-0-cib.jpg\" \/><img decoding=\"async\" src=\"https:\/\/ozponcho.com.au\/wp-content\/uploads\/2024\/03\/O1CN01qeIbs61wQMtcPfdlk_2455536302-0-cib.jpg\" \/><img decoding=\"async\" src=\"https:\/\/ozponcho.com.au\/wp-content\/uploads\/2024\/03\/O1CN01fusg0X1wQMtiWMVsQ_2455536302-0-cib.jpg\" \/><img decoding=\"async\" src=\"https:\/\/ozponcho.com.au\/wp-content\/uploads\/2024\/03\/O1CN01kRRAnc1wQMtkWTKoc_2455536302-0-cib.jpg\" \/><img decoding=\"async\" src=\"https:\/\/ozponcho.com.au\/wp-content\/uploads\/2024\/03\/O1CN01j87oRP1wQMtiWLm8p_2455536302-0-cib.jpg\" \/><img decoding=\"async\" src=\"https:\/\/ozponcho.com.au\/wp-content\/uploads\/2024\/03\/O1CN015sWhgT1wQMtgY5xFa_2455536302-0-cib.jpg\" \/><img decoding=\"async\" src=\"https:\/\/ozponcho.com.au\/wp-content\/uploads\/2024\/03\/O1CN01ZP9SZN1wQMtjjYwGV_2455536302-0-cib.jpg\" \/><img decoding=\"async\" src=\"https:\/\/ozponcho.com.au\/wp-content\/uploads\/2024\/03\/O1CN01ClOcdH1wQMtbqjc1f_2455536302-0-cib.jpg\" \/><img decoding=\"async\" src=\"https:\/\/ozponcho.com.au\/wp-content\/uploads\/2024\/03\/O1CN01EyGYMo1wQMteO0LiF_2455536302-0-cib.jpg\" \/><img decoding=\"async\" src=\"https:\/\/ozponcho.com.au\/wp-content\/uploads\/2024\/03\/O1CN01eBiVdX1wQMtitVW61_2455536302-0-cib.jpg\" \/><img decoding=\"async\" src=\"https:\/\/ozponcho.com.au\/wp-content\/uploads\/2024\/03\/O1CN01hrZMgt1wQMtW3vl23_2455536302-0-cib.jpg\" \/><img decoding=\"async\" src=\"https:\/\/ozponcho.com.au\/wp-content\/uploads\/2024\/03\/O1CN01v54Ff81wQMtfQMhKb_2455536302-0-cib.jpg\" \/><img decoding=\"async\" src=\"https:\/\/ozponcho.com.au\/wp-content\/uploads\/2024\/03\/O1CN01tPS4Ah1wQMtiWLm5w_2455536302-0-cib.jpg\" \/><img decoding=\"async\" src=\"https:\/\/ozponcho.com.au\/wp-content\/uploads\/2024\/03\/O1CN01kgEW6V1wQMtfRad4r_2455536302-0-cib.jpg\" \/><img decoding=\"async\" src=\"https:\/\/ozponcho.com.au\/wp-content\/uploads\/2024\/03\/O1CN01LSQI8a1wQMtcPYK8a_2455536302-0-cib.jpg\" \/><img decoding=\"async\" src=\"https:\/\/ozponcho.com.au\/wp-content\/uploads\/2024\/03\/O1CN01PgAb8M1wQMth8bGF9_2455536302-0-cib.jpg\" \/><img decoding=\"async\" src=\"https:\/\/ozponcho.com.au\/wp-content\/uploads\/2024\/03\/O1CN01A9ppEy1wQMtkWLHAZ_2455536302-0-cib.jpg\" \/><img decoding=\"async\" src=\"https:\/\/ozponcho.com.au\/wp-content\/uploads\/2024\/03\/O1CN01NN8Ypo1wQMtiWR98w_2455536302-0-cib.jpg\" \/><img decoding=\"async\" src=\"https:\/\/ozponcho.com.au\/wp-content\/uploads\/2024\/03\/O1CN01aWdJGc1wQMtjjZ0Kj_2455536302-0-cib.jpg\" \/><img decoding=\"async\" src=\"https:\/\/ozponcho.com.au\/wp-content\/uploads\/2024\/03\/O1CN01tskED81wQMtfQXInq_2455536302-0-cib.jpg\" \/><img decoding=\"async\" src=\"https:\/\/ozponcho.com.au\/wp-content\/uploads\/2024\/03\/O1CN01BxW6NP1wQMtitdIoa_2455536302-0-cib.jpg\" \/><\/p>","protected":false},"excerpt":{"rendered":"<p>Step into the cooler seasons with style and warmth in our luxurious poncho. Perfect for women who cherish elegance and comfort, this poncho features a sumptuous faux fur collar that adds a touch of sophistication to any autumn or winter ensemble. The loose, draping silhouette and long dolman sleeves provide ample movement and a cozy, [&#8230;]","protected":false},"featured_media":12655,"template":"","meta":[],"product_brand":[],"product_cat":[229,223,216,218,225,15,228,210,215],"product_tag":[],"class_list":{"0":"post-12763","1":"product","2":"type-product","3":"status-publish","4":"has-post-thumbnail","6":"product_cat-blanket-poncho","7":"product_cat-blue-poncho","8":"product_cat-cashmere-poncho","9":"product_cat-fur-poncho","10":"product_cat-grey-poncho","11":"product_cat-main-category","12":"product_cat-poncho-sweater","13":"product_cat-poncho-women","14":"product_cat-wool-poncho","16":"first","17":"instock","18":"shipping-taxable","19":"purchasable","20":"product-type-variable","21":"has-default-attributes"},"yoast_head":"<!-- This site is optimized with the Yoast SEO plugin v25.9 - https:\/\/yoast.com\/wordpress\/plugins\/seo\/ -->\n<title>Chic Fur-Collar Wool-Like Poncho | Magyarorsz\u00e1g #1 Poncho Shop<\/title>\n<meta name=\"description\" content=\"Looking for a Chic Fur-Collar Wool-Like Poncho ? You&#039;ve come to the right place \ud83d\ude04 We offers a wide selection of Chic Fur-Collar Wool-Like Poncho, perfect for you.\" \/>\n<meta name=\"robots\" content=\"index, follow, max-snippet:-1, max-image-preview:large, max-video-preview:-1\" \/>\n<link rel=\"canonical\" href=\"https:\/\/ozponcho.com.au\/hu\/p\/elegans-szurke-noi-poncso\/\" \/>\n<meta property=\"og:locale\" content=\"hu_HU\" \/>\n<meta property=\"og:type\" content=\"article\" \/>\n<meta property=\"og:title\" content=\"Chic Fur-Collar Wool-Like Poncho | Magyarorsz\u00e1g #1 Poncho Shop\" \/>\n<meta property=\"og:description\" content=\"Looking for a Chic Fur-Collar Wool-Like Poncho ? You&#039;ve come to the right place \ud83d\ude04 We offers a wide selection of Chic Fur-Collar Wool-Like Poncho, perfect for you.\" \/>\n<meta property=\"og:url\" content=\"https:\/\/ozponcho.com.au\/hu\/p\/elegans-szurke-noi-poncso\/\" \/>\n<meta property=\"og:site_name\" content=\"OZ Poncho\" \/>\n<meta property=\"article:modified_time\" content=\"2025-05-30T04:15:21+00:00\" \/>\n<meta property=\"og:image\" content=\"https:\/\/ozponcho.com.au\/wp-content\/uploads\/2023\/12\/O1CN01xDFwM21wQMtbqfzBh_2455536302-0-cib.jpg\" \/>\n\t<meta property=\"og:image:width\" content=\"1800\" \/>\n\t<meta property=\"og:image:height\" content=\"1800\" \/>\n\t<meta property=\"og:image:type\" content=\"image\/jpeg\" \/>\n<meta name=\"twitter:card\" content=\"summary_large_image\" \/>\n<meta name=\"twitter:label1\" content=\"Becs\u00fclt olvas\u00e1si id\u0151\" \/>\n\t<meta name=\"twitter:data1\" content=\"6 perc\" \/>\n<script type=\"application\/ld+json\" class=\"yoast-schema-graph\">{\"@context\":\"https:\/\/schema.org\",\"@graph\":[{\"@type\":\"WebPage\",\"@id\":\"https:\/\/ozponcho.com.au\/p\/elegant-grey-women-wrap-poncho\/\",\"url\":\"https:\/\/ozponcho.com.au\/p\/elegant-grey-women-wrap-poncho\/\",\"name\":\"Chic Fur-Collar Wool-Like Poncho | Magyarorsz\u00e1g #1 Poncho Shop\",\"isPartOf\":{\"@id\":\"https:\/\/ozponcho.com.au\/#website\"},\"primaryImageOfPage\":{\"@id\":\"https:\/\/ozponcho.com.au\/p\/elegant-grey-women-wrap-poncho\/#primaryimage\"},\"image\":{\"@id\":\"https:\/\/ozponcho.com.au\/p\/elegant-grey-women-wrap-poncho\/#primaryimage\"},\"thumbnailUrl\":\"https:\/\/ozponcho.com.au\/wp-content\/uploads\/2023\/12\/O1CN01xDFwM21wQMtbqfzBh_2455536302-0-cib.jpg\",\"datePublished\":\"2023-12-13T07:36:43+00:00\",\"dateModified\":\"2025-05-30T04:15:21+00:00\",\"description\":\"Looking for a Chic Fur-Collar Wool-Like Poncho ? You've come to the right place \ud83d\ude04 We offers a wide selection of Chic Fur-Collar Wool-Like Poncho, perfect for you.\",\"breadcrumb\":{\"@id\":\"https:\/\/ozponcho.com.au\/p\/elegant-grey-women-wrap-poncho\/#breadcrumb\"},\"inLanguage\":\"hu\",\"potentialAction\":[{\"@type\":\"ReadAction\",\"target\":[\"https:\/\/ozponcho.com.au\/p\/elegant-grey-women-wrap-poncho\/\"]}]},{\"@type\":\"ImageObject\",\"inLanguage\":\"hu\",\"@id\":\"https:\/\/ozponcho.com.au\/p\/elegant-grey-women-wrap-poncho\/#primaryimage\",\"url\":\"https:\/\/ozponcho.com.au\/wp-content\/uploads\/2023\/12\/O1CN01xDFwM21wQMtbqfzBh_2455536302-0-cib.jpg\",\"contentUrl\":\"https:\/\/ozponcho.com.au\/wp-content\/uploads\/2023\/12\/O1CN01xDFwM21wQMtbqfzBh_2455536302-0-cib.jpg\",\"width\":1800,\"height\":1800,\"caption\":\"Chic Fur-Collar Wool-Like Poncho\"},{\"@type\":\"BreadcrumbList\",\"@id\":\"https:\/\/ozponcho.com.au\/p\/elegant-grey-women-wrap-poncho\/#breadcrumb\",\"itemListElement\":[{\"@type\":\"ListItem\",\"position\":1,\"name\":\"Home\",\"item\":\"https:\/\/ozponcho.com.au\/\"},{\"@type\":\"ListItem\",\"position\":2,\"name\":\"Shop\",\"item\":\"https:\/\/ozponcho.com.au\/shop\/\"},{\"@type\":\"ListItem\",\"position\":3,\"name\":\"Chic Fur-Collar Wool-Like Poncho\"}]},{\"@type\":\"WebSite\",\"@id\":\"https:\/\/ozponcho.com.au\/#website\",\"url\":\"https:\/\/ozponcho.com.au\/\",\"name\":\"OZ Poncho\",\"description\":\"\",\"potentialAction\":[{\"@type\":\"SearchAction\",\"target\":{\"@type\":\"EntryPoint\",\"urlTemplate\":\"https:\/\/ozponcho.com.au\/?s={search_term_string}\"},\"query-input\":{\"@type\":\"PropertyValueSpecification\",\"valueRequired\":true,\"valueName\":\"search_term_string\"}}],\"inLanguage\":\"hu\"}]}<\/script>\n<!-- \/ Yoast SEO plugin. -->","yoast_head_json":{"title":"Eleg\u00e1ns sz\u0151rme gall\u00e9r\u00fa gyapj\u00fa-szer\u0171 poncs\u00f3 | Magyarorsz\u00e1g #1 Poncho Shop","description":"Eleg\u00e1ns sz\u0151rme gall\u00e9r\u00fa, gyapj\u00faszer\u0171 poncs\u00f3t keresel ? A legjobb helyen j\u00e1rsz \ud83d\ude04 Chic Fur-Collar Wool-Like Poncho sz\u00e9les v\u00e1laszt\u00e9k\u00e1t k\u00edn\u00e1ljuk, t\u00f6k\u00e9letes az \u00d6n sz\u00e1m\u00e1ra.","robots":{"index":"index","follow":"follow","max-snippet":"max-snippet:-1","max-image-preview":"max-image-preview:large","max-video-preview":"max-video-preview:-1"},"canonical":"https:\/\/ozponcho.com.au\/hu\/p\/elegans-szurke-noi-poncso\/","og_locale":"hu_HU","og_type":"article","og_title":"Chic Fur-Collar Wool-Like Poncho | Magyarorsz\u00e1g #1 Poncho Shop","og_description":"Looking for a Chic Fur-Collar Wool-Like Poncho ? You've come to the right place \ud83d\ude04 We offers a wide selection of Chic Fur-Collar Wool-Like Poncho, perfect for you.","og_url":"https:\/\/ozponcho.com.au\/hu\/p\/elegans-szurke-noi-poncso\/","og_site_name":"OZ Poncho","article_modified_time":"2025-05-30T04:15:21+00:00","og_image":[{"width":1800,"height":1800,"url":"https:\/\/ozponcho.com.au\/wp-content\/uploads\/2023\/12\/O1CN01xDFwM21wQMtbqfzBh_2455536302-0-cib.jpg","type":"image\/jpeg"}],"twitter_card":"summary_large_image","twitter_misc":{"Becs\u00fclt olvas\u00e1si id\u0151":"6 perc"},"schema":{"@context":"https:\/\/schema.org","@graph":[{"@type":"WebPage","@id":"https:\/\/ozponcho.com.au\/p\/elegant-grey-women-wrap-poncho\/","url":"https:\/\/ozponcho.com.au\/p\/elegant-grey-women-wrap-poncho\/","name":"Eleg\u00e1ns sz\u0151rme gall\u00e9r\u00fa gyapj\u00fa-szer\u0171 poncs\u00f3 | Magyarorsz\u00e1g #1 Poncho Shop","isPartOf":{"@id":"https:\/\/ozponcho.com.au\/#website"},"primaryImageOfPage":{"@id":"https:\/\/ozponcho.com.au\/p\/elegant-grey-women-wrap-poncho\/#primaryimage"},"image":{"@id":"https:\/\/ozponcho.com.au\/p\/elegant-grey-women-wrap-poncho\/#primaryimage"},"thumbnailUrl":"https:\/\/ozponcho.com.au\/wp-content\/uploads\/2023\/12\/O1CN01xDFwM21wQMtbqfzBh_2455536302-0-cib.jpg","datePublished":"2023-12-13T07:36:43+00:00","dateModified":"2025-05-30T04:15:21+00:00","description":"Eleg\u00e1ns sz\u0151rme gall\u00e9r\u00fa, gyapj\u00faszer\u0171 poncs\u00f3t keresel ? A legjobb helyen j\u00e1rsz \ud83d\ude04 Chic Fur-Collar Wool-Like Poncho sz\u00e9les v\u00e1laszt\u00e9k\u00e1t k\u00edn\u00e1ljuk, t\u00f6k\u00e9letes az \u00d6n sz\u00e1m\u00e1ra.","breadcrumb":{"@id":"https:\/\/ozponcho.com.au\/p\/elegant-grey-women-wrap-poncho\/#breadcrumb"},"inLanguage":"hu","potentialAction":[{"@type":"ReadAction","target":["https:\/\/ozponcho.com.au\/p\/elegant-grey-women-wrap-poncho\/"]}]},{"@type":"ImageObject","inLanguage":"hu","@id":"https:\/\/ozponcho.com.au\/p\/elegant-grey-women-wrap-poncho\/#primaryimage","url":"https:\/\/ozponcho.com.au\/wp-content\/uploads\/2023\/12\/O1CN01xDFwM21wQMtbqfzBh_2455536302-0-cib.jpg","contentUrl":"https:\/\/ozponcho.com.au\/wp-content\/uploads\/2023\/12\/O1CN01xDFwM21wQMtbqfzBh_2455536302-0-cib.jpg","width":1800,"height":1800,"caption":"Chic Fur-Collar Wool-Like Poncho"},{"@type":"BreadcrumbList","@id":"https:\/\/ozponcho.com.au\/p\/elegant-grey-women-wrap-poncho\/#breadcrumb","itemListElement":[{"@type":"ListItem","position":1,"name":"Home","item":"https:\/\/ozponcho.com.au\/"},{"@type":"ListItem","position":2,"name":"Shop","item":"https:\/\/ozponcho.com.au\/shop\/"},{"@type":"ListItem","position":3,"name":"Chic Fur-Collar Wool-Like Poncho"}]},{"@type":"WebSite","@id":"https:\/\/ozponcho.com.au\/#website","url":"https:\/\/ozponcho.com.au\/","name":"OZ Poncho","description":"","potentialAction":[{"@type":"SearchAction","target":{"@type":"EntryPoint","urlTemplate":"https:\/\/ozponcho.com.au\/?s={search_term_string}"},"query-input":{"@type":"PropertyValueSpecification","valueRequired":true,"valueName":"search_term_string"}}],"inLanguage":"hu"}]}},"_links":{"self":[{"href":"https:\/\/ozponcho.com.au\/hu\/wp-json\/wp\/v2\/product\/12763","targetHints":{"allow":["GET"]}}],"collection":[{"href":"https:\/\/ozponcho.com.au\/hu\/wp-json\/wp\/v2\/product"}],"about":[{"href":"https:\/\/ozponcho.com.au\/hu\/wp-json\/wp\/v2\/types\/product"}],"wp:featuredmedia":[{"embeddable":true,"href":"https:\/\/ozponcho.com.au\/hu\/wp-json\/wp\/v2\/media\/12655"}],"wp:attachment":[{"href":"https:\/\/ozponcho.com.au\/hu\/wp-json\/wp\/v2\/media?parent=12763"}],"wp:term":[{"taxonomy":"product_brand","embeddable":true,"href":"https:\/\/ozponcho.com.au\/hu\/wp-json\/wp\/v2\/product_brand?post=12763"},{"taxonomy":"product_cat","embeddable":true,"href":"https:\/\/ozponcho.com.au\/hu\/wp-json\/wp\/v2\/product_cat?post=12763"},{"taxonomy":"product_tag","embeddable":true,"href":"https:\/\/ozponcho.com.au\/hu\/wp-json\/wp\/v2\/product_tag?post=12763"}],"curies":[{"name":"wp","href":"https:\/\/api.w.org\/{rel}","templated":true}]}}