{"id":12753,"date":"2023-12-13T18:36:39","date_gmt":"2023-12-13T07:36:39","guid":{"rendered":"https:\/\/ozponcho.com.au\/p\/women-fur-collar-shawl-autumn-winter-thickened-warm-knitted-cape\/"},"modified":"2026-01-06T20:21:40","modified_gmt":"2026-01-06T09:21:40","slug":"elegant-warm-knitted-cape","status":"publish","type":"product","link":"https:\/\/ozponcho.com.au\/hu\/p\/elegans-meleg-kotott-kopeny\/","title":{"rendered":"Eleg\u00e1ns sz\u0151rm\u00e9vel szeg\u00e9lyezett kock\u00e1s poncs\u00f3"},"content":{"rendered":"<p>G\u00f6nd\u00f6r\u00edtse be mag\u00e1t eleganci\u00e1val a n\u0151i eleg\u00e1ns, pr\u00e9mmel szeg\u00e9lyezett, kock\u00e1s poncs\u00f3val, amelyet a k\u00f6nnyed st\u00edlushoz \u00e9s melegs\u00e9ghez terveztek. A klasszikus fekete-feh\u00e9r kock\u00e1s mint\u00e1val kieg\u00e9sz\u00edtett pl\u00fcss m\u0171sz\u0151rme gall\u00e9rral ez a poncs\u00f3 t\u00f6k\u00e9letes kieg\u00e9sz\u00edt\u0151je az \u0151szi \u00e9s t\u00e9li ruhat\u00e1radnak. A jersey anyag k\u00e9nyelmes, laza illeszked\u00e9st biztos\u00edt, m\u00edg az \u00e1tgondoltan k\u00f6t\u00f6tt akril anyag gondoskodik arr\u00f3l, hogy a h\u0171v\u00f6sebb h\u0151m\u00e9rs\u00e9kleten is otthonos maradjon. Fogadja a h\u0171v\u00f6s napokat egy csipetnyi kifinomults\u00e1ggal, \u00e9s friss\u00edtse megjelen\u00e9s\u00e9t ezzel a kihagyhatatlan r\u00e9teges ruhadarabbal, amely \u00edg\u00e9ri, hogy divatosan n\u00e9z ki \u00e9s melegen \u00e9rzi mag\u00e1t.<\/p>\n<div>St\u00edlus: Eleg\u00e1ns<\/div>\n<div>Illeszked\u00e9s: .<\/div>\n<div>Sz\u00f6vet: Jersey<\/div>\n<div>Mint\u00e1zat: .<\/div>\n<div>Elem: Nem<\/div>\n<div>Top Hossz\u00fas\u00e1g: Hossz\u00fa<\/div>\n<div>H\u00fcvely t\u00edpusa: H\u00fcvely: Dolman ujj<\/div>\n<div>H\u00fcvely hossza: Hossz\u00fa ujj\u00fa<\/div>\n<div>Z\u00e1r\u00e1si t\u00edpus: Egy\u00e9b<\/div>\n<div>F\u0151 \u00f6sszet\u00e9tel: Akril<\/div>\n<div>Szezon: \u0150sz\/T\u00e9l<\/div>\n<p><img decoding=\"async\" src=\"https:\/\/ozponcho.com.au\/wp-content\/uploads\/2024\/03\/1143140641631371264.png\" \/><img decoding=\"async\" src=\"https:\/\/ozponcho.com.au\/wp-content\/uploads\/2024\/03\/O1CN01VaKQ081QYYFLGdKl8_2505411988-0-cib.jpg\" \/><img decoding=\"async\" src=\"https:\/\/ozponcho.com.au\/wp-content\/uploads\/2024\/03\/O1CN01iTEEQH1QYYFQMlNNw_2505411988-0-cib.jpg\" \/><img decoding=\"async\" src=\"https:\/\/ozponcho.com.au\/wp-content\/uploads\/2024\/03\/O1CN01EycRPT1QYYFGaTbOV_2505411988-0-cib.jpg\" \/><img decoding=\"async\" src=\"https:\/\/ozponcho.com.au\/wp-content\/uploads\/2024\/03\/O1CN016eD0dB1QYYFVpFXjX_2505411988-0-cib.jpg\" \/><img decoding=\"async\" src=\"https:\/\/ozponcho.com.au\/wp-content\/uploads\/2024\/03\/O1CN0109lKSc1QYYFQIxOgp_2505411988-0-cib.jpg\" \/><img decoding=\"async\" src=\"https:\/\/ozponcho.com.au\/wp-content\/uploads\/2024\/03\/O1CN01SQpPj51QYYFV1lV2n_2505411988-0-cib.jpg\" \/><img decoding=\"async\" src=\"https:\/\/ozponcho.com.au\/wp-content\/uploads\/2024\/03\/O1CN01uqu8oG1QYYFSBhIjQ_2505411988-0-cib.jpg\" \/><\/p>","protected":false},"excerpt":{"rendered":"<p>Wrap up in elegance with our Women&#8217;s Chic Fur-Trimmed Check Poncho, designed for effortless style and warmth. With a plush faux fur collar complementing a classic black and white check pattern, this poncho is the perfect accessory for your autumn and winter wardrobe. The jersey fabric provides a comfortable loose fit, while the thoughtfully knitted [&#8230;]","protected":false},"featured_media":12715,"template":"","meta":[],"product_brand":[],"product_cat":[219,229,218,15,228,210],"product_tag":[],"class_list":{"0":"post-12753","1":"product","2":"type-product","3":"status-publish","4":"has-post-thumbnail","6":"product_cat-black-poncho","7":"product_cat-blanket-poncho","8":"product_cat-fur-poncho","9":"product_cat-main-category","10":"product_cat-poncho-sweater","11":"product_cat-poncho-women","13":"first","14":"instock","15":"shipping-taxable","16":"purchasable","17":"product-type-variable"},"yoast_head":"<!-- This site is optimized with the Yoast SEO plugin v25.9 - https:\/\/yoast.com\/wordpress\/plugins\/seo\/ -->\n<title>Chic Fur-Trimmed Check Poncho | Magyarorsz\u00e1g #1 Poncho Shop<\/title>\n<meta name=\"description\" content=\"Looking for a Chic Fur-Trimmed Check Poncho ? You&#039;ve come to the right place \ud83d\ude04 We offers a wide selection of Chic Fur-Trimmed Check Poncho, perfect for you.\" \/>\n<meta name=\"robots\" content=\"index, follow, max-snippet:-1, max-image-preview:large, max-video-preview:-1\" \/>\n<link rel=\"canonical\" href=\"https:\/\/ozponcho.com.au\/hu\/p\/elegans-meleg-kotott-kopeny\/\" \/>\n<meta property=\"og:locale\" content=\"hu_HU\" \/>\n<meta property=\"og:type\" content=\"article\" \/>\n<meta property=\"og:title\" content=\"Chic Fur-Trimmed Check Poncho | Magyarorsz\u00e1g #1 Poncho Shop\" \/>\n<meta property=\"og:description\" content=\"Looking for a Chic Fur-Trimmed Check Poncho ? You&#039;ve come to the right place \ud83d\ude04 We offers a wide selection of Chic Fur-Trimmed Check Poncho, perfect for you.\" \/>\n<meta property=\"og:url\" content=\"https:\/\/ozponcho.com.au\/hu\/p\/elegans-meleg-kotott-kopeny\/\" \/>\n<meta property=\"og:site_name\" content=\"OZ Poncho\" \/>\n<meta property=\"article:modified_time\" content=\"2026-01-06T09:21:40+00:00\" \/>\n<meta property=\"og:image\" content=\"https:\/\/ozponcho.com.au\/wp-content\/uploads\/2023\/12\/O1CN01g7wMDx1QYYFVoNAIT_2505411988-0-cib.jpg\" \/>\n\t<meta property=\"og:image:width\" content=\"800\" \/>\n\t<meta property=\"og:image:height\" content=\"800\" \/>\n\t<meta property=\"og:image:type\" content=\"image\/jpeg\" \/>\n<meta name=\"twitter:card\" content=\"summary_large_image\" \/>\n<meta name=\"twitter:label1\" content=\"Becs\u00fclt olvas\u00e1si id\u0151\" \/>\n\t<meta name=\"twitter:data1\" content=\"1 perc\" \/>\n<script type=\"application\/ld+json\" class=\"yoast-schema-graph\">{\"@context\":\"https:\/\/schema.org\",\"@graph\":[{\"@type\":\"WebPage\",\"@id\":\"https:\/\/ozponcho.com.au\/p\/elegant-warm-knitted-cape\/\",\"url\":\"https:\/\/ozponcho.com.au\/p\/elegant-warm-knitted-cape\/\",\"name\":\"Chic Fur-Trimmed Check Poncho | Magyarorsz\u00e1g #1 Poncho Shop\",\"isPartOf\":{\"@id\":\"https:\/\/ozponcho.com.au\/#website\"},\"primaryImageOfPage\":{\"@id\":\"https:\/\/ozponcho.com.au\/p\/elegant-warm-knitted-cape\/#primaryimage\"},\"image\":{\"@id\":\"https:\/\/ozponcho.com.au\/p\/elegant-warm-knitted-cape\/#primaryimage\"},\"thumbnailUrl\":\"https:\/\/ozponcho.com.au\/wp-content\/uploads\/2023\/12\/O1CN01g7wMDx1QYYFVoNAIT_2505411988-0-cib.jpg\",\"datePublished\":\"2023-12-13T07:36:39+00:00\",\"dateModified\":\"2026-01-06T09:21:40+00:00\",\"description\":\"Looking for a Chic Fur-Trimmed Check Poncho ? You've come to the right place \ud83d\ude04 We offers a wide selection of Chic Fur-Trimmed Check Poncho, perfect for you.\",\"breadcrumb\":{\"@id\":\"https:\/\/ozponcho.com.au\/p\/elegant-warm-knitted-cape\/#breadcrumb\"},\"inLanguage\":\"hu\",\"potentialAction\":[{\"@type\":\"ReadAction\",\"target\":[\"https:\/\/ozponcho.com.au\/p\/elegant-warm-knitted-cape\/\"]}]},{\"@type\":\"ImageObject\",\"inLanguage\":\"hu\",\"@id\":\"https:\/\/ozponcho.com.au\/p\/elegant-warm-knitted-cape\/#primaryimage\",\"url\":\"https:\/\/ozponcho.com.au\/wp-content\/uploads\/2023\/12\/O1CN01g7wMDx1QYYFVoNAIT_2505411988-0-cib.jpg\",\"contentUrl\":\"https:\/\/ozponcho.com.au\/wp-content\/uploads\/2023\/12\/O1CN01g7wMDx1QYYFVoNAIT_2505411988-0-cib.jpg\",\"width\":800,\"height\":800,\"caption\":\"Chic Fur-Trimmed Check Poncho\"},{\"@type\":\"BreadcrumbList\",\"@id\":\"https:\/\/ozponcho.com.au\/p\/elegant-warm-knitted-cape\/#breadcrumb\",\"itemListElement\":[{\"@type\":\"ListItem\",\"position\":1,\"name\":\"Home\",\"item\":\"https:\/\/ozponcho.com.au\/\"},{\"@type\":\"ListItem\",\"position\":2,\"name\":\"Shop\",\"item\":\"https:\/\/ozponcho.com.au\/shop\/\"},{\"@type\":\"ListItem\",\"position\":3,\"name\":\"Chic Fur-Trimmed Check Poncho\"}]},{\"@type\":\"WebSite\",\"@id\":\"https:\/\/ozponcho.com.au\/#website\",\"url\":\"https:\/\/ozponcho.com.au\/\",\"name\":\"OZ Poncho\",\"description\":\"\",\"potentialAction\":[{\"@type\":\"SearchAction\",\"target\":{\"@type\":\"EntryPoint\",\"urlTemplate\":\"https:\/\/ozponcho.com.au\/?s={search_term_string}\"},\"query-input\":{\"@type\":\"PropertyValueSpecification\",\"valueRequired\":true,\"valueName\":\"search_term_string\"}}],\"inLanguage\":\"hu\"}]}<\/script>\n<!-- \/ Yoast SEO plugin. -->","yoast_head_json":{"title":"Eleg\u00e1ns sz\u0151rm\u00e9s kock\u00e1s poncs\u00f3 | Magyarorsz\u00e1g #1 Poncs\u00f3 Shop","description":"Sikkes sz\u0151rm\u00e9s kock\u00e1s poncs\u00f3t keresel ? A legjobb helyen j\u00e1rsz \ud83d\ude04 A Chic Fur-Trimmed Check Poncho sz\u00e9les v\u00e1laszt\u00e9k\u00e1t k\u00edn\u00e1ljuk, t\u00f6k\u00e9letes az \u00d6n sz\u00e1m\u00e1ra.","robots":{"index":"index","follow":"follow","max-snippet":"max-snippet:-1","max-image-preview":"max-image-preview:large","max-video-preview":"max-video-preview:-1"},"canonical":"https:\/\/ozponcho.com.au\/hu\/p\/elegans-meleg-kotott-kopeny\/","og_locale":"hu_HU","og_type":"article","og_title":"Chic Fur-Trimmed Check Poncho | Magyarorsz\u00e1g #1 Poncho Shop","og_description":"Looking for a Chic Fur-Trimmed Check Poncho ? You've come to the right place \ud83d\ude04 We offers a wide selection of Chic Fur-Trimmed Check Poncho, perfect for you.","og_url":"https:\/\/ozponcho.com.au\/hu\/p\/elegans-meleg-kotott-kopeny\/","og_site_name":"OZ Poncho","article_modified_time":"2026-01-06T09:21:40+00:00","og_image":[{"width":800,"height":800,"url":"https:\/\/ozponcho.com.au\/wp-content\/uploads\/2023\/12\/O1CN01g7wMDx1QYYFVoNAIT_2505411988-0-cib.jpg","type":"image\/jpeg"}],"twitter_card":"summary_large_image","twitter_misc":{"Becs\u00fclt olvas\u00e1si id\u0151":"1 perc"},"schema":{"@context":"https:\/\/schema.org","@graph":[{"@type":"WebPage","@id":"https:\/\/ozponcho.com.au\/p\/elegant-warm-knitted-cape\/","url":"https:\/\/ozponcho.com.au\/p\/elegant-warm-knitted-cape\/","name":"Eleg\u00e1ns sz\u0151rm\u00e9s kock\u00e1s poncs\u00f3 | Magyarorsz\u00e1g #1 Poncs\u00f3 Shop","isPartOf":{"@id":"https:\/\/ozponcho.com.au\/#website"},"primaryImageOfPage":{"@id":"https:\/\/ozponcho.com.au\/p\/elegant-warm-knitted-cape\/#primaryimage"},"image":{"@id":"https:\/\/ozponcho.com.au\/p\/elegant-warm-knitted-cape\/#primaryimage"},"thumbnailUrl":"https:\/\/ozponcho.com.au\/wp-content\/uploads\/2023\/12\/O1CN01g7wMDx1QYYFVoNAIT_2505411988-0-cib.jpg","datePublished":"2023-12-13T07:36:39+00:00","dateModified":"2026-01-06T09:21:40+00:00","description":"Sikkes sz\u0151rm\u00e9s kock\u00e1s poncs\u00f3t keresel ? A legjobb helyen j\u00e1rsz \ud83d\ude04 A Chic Fur-Trimmed Check Poncho sz\u00e9les v\u00e1laszt\u00e9k\u00e1t k\u00edn\u00e1ljuk, t\u00f6k\u00e9letes az \u00d6n sz\u00e1m\u00e1ra.","breadcrumb":{"@id":"https:\/\/ozponcho.com.au\/p\/elegant-warm-knitted-cape\/#breadcrumb"},"inLanguage":"hu","potentialAction":[{"@type":"ReadAction","target":["https:\/\/ozponcho.com.au\/p\/elegant-warm-knitted-cape\/"]}]},{"@type":"ImageObject","inLanguage":"hu","@id":"https:\/\/ozponcho.com.au\/p\/elegant-warm-knitted-cape\/#primaryimage","url":"https:\/\/ozponcho.com.au\/wp-content\/uploads\/2023\/12\/O1CN01g7wMDx1QYYFVoNAIT_2505411988-0-cib.jpg","contentUrl":"https:\/\/ozponcho.com.au\/wp-content\/uploads\/2023\/12\/O1CN01g7wMDx1QYYFVoNAIT_2505411988-0-cib.jpg","width":800,"height":800,"caption":"Chic Fur-Trimmed Check Poncho"},{"@type":"BreadcrumbList","@id":"https:\/\/ozponcho.com.au\/p\/elegant-warm-knitted-cape\/#breadcrumb","itemListElement":[{"@type":"ListItem","position":1,"name":"Home","item":"https:\/\/ozponcho.com.au\/"},{"@type":"ListItem","position":2,"name":"Shop","item":"https:\/\/ozponcho.com.au\/shop\/"},{"@type":"ListItem","position":3,"name":"Chic Fur-Trimmed Check Poncho"}]},{"@type":"WebSite","@id":"https:\/\/ozponcho.com.au\/#website","url":"https:\/\/ozponcho.com.au\/","name":"OZ Poncho","description":"","potentialAction":[{"@type":"SearchAction","target":{"@type":"EntryPoint","urlTemplate":"https:\/\/ozponcho.com.au\/?s={search_term_string}"},"query-input":{"@type":"PropertyValueSpecification","valueRequired":true,"valueName":"search_term_string"}}],"inLanguage":"hu"}]}},"_links":{"self":[{"href":"https:\/\/ozponcho.com.au\/hu\/wp-json\/wp\/v2\/product\/12753","targetHints":{"allow":["GET"]}}],"collection":[{"href":"https:\/\/ozponcho.com.au\/hu\/wp-json\/wp\/v2\/product"}],"about":[{"href":"https:\/\/ozponcho.com.au\/hu\/wp-json\/wp\/v2\/types\/product"}],"wp:featuredmedia":[{"embeddable":true,"href":"https:\/\/ozponcho.com.au\/hu\/wp-json\/wp\/v2\/media\/12715"}],"wp:attachment":[{"href":"https:\/\/ozponcho.com.au\/hu\/wp-json\/wp\/v2\/media?parent=12753"}],"wp:term":[{"taxonomy":"product_brand","embeddable":true,"href":"https:\/\/ozponcho.com.au\/hu\/wp-json\/wp\/v2\/product_brand?post=12753"},{"taxonomy":"product_cat","embeddable":true,"href":"https:\/\/ozponcho.com.au\/hu\/wp-json\/wp\/v2\/product_cat?post=12753"},{"taxonomy":"product_tag","embeddable":true,"href":"https:\/\/ozponcho.com.au\/hu\/wp-json\/wp\/v2\/product_tag?post=12753"}],"curies":[{"name":"wp","href":"https:\/\/api.w.org\/{rel}","templated":true}]}}