{"id":12743,"date":"2023-12-13T18:36:36","date_gmt":"2023-12-13T07:36:36","guid":{"rendered":"https:\/\/ozponcho.com.au\/p\/tassel-inverness-women-autumn-winter-knitted-striped-cloak-women\/"},"modified":"2026-02-03T13:10:20","modified_gmt":"2026-02-03T02:10:20","slug":"casual-striped-tassel-cloak","status":"publish","type":"product","link":"https:\/\/ozponcho.com.au\/hu\/p\/alkalmi-csikos-bojtos-kopeny\/","title":{"rendered":"N\u0151i \u0151szi k\u00f6t\u00f6tt poncs\u00f3"},"content":{"rendered":"<p>Mer\u00fclj\u00f6n el a n\u0151i \u0151szi k\u00f6t\u00f6tt cs\u00edkos poncs\u00f3 k\u00e9nyelm\u00e9ben \u00e9s st\u00edlus\u00e1ban. Jersey anyag\u00e1val \u00e9s h\u00edzelg\u0151, laza szab\u00e1s\u00e1val ez a poncs\u00f3 t\u00f6k\u00e9letesen alkalmas arra, hogy kedvenc \u0151szi ruh\u00e1id f\u00f6l\u00e9 r\u00e9tegezd. A rojtokkal \u00e9s a gazdag, egysz\u00edn\u0171 mint\u00e1val d\u00edsz\u00edtett r\u00e9szek sokoldal\u00fa darabot tesznek bel\u0151le b\u00e1rmilyen alkalmi alkalomra. A 3\/4-es ujj\u00fa kialak\u00edt\u00e1s eleganci\u00e1t k\u00f6lcs\u00f6n\u00f6z, m\u00edg a hossz\u00fa bojtos inverness melegs\u00e9get \u00e9s divatos megjelen\u00e9st egyar\u00e1nt k\u00edn\u00e1l. K\u00e9nyeztesse mag\u00e1t a k\u00f6nnyen hordhat\u00f3, poli\u00e9szter kever\u00e9k k\u00f6peny\u00fcnk luxus\u00e1val, \u00e9s \u00f6lelje magabiztosan \u00e9s b\u00e1josan az \u0151szi \u00e9s t\u00e9li \u00e9vszakot.<\/p>\n<div>St\u00edlus: .<\/div>\n<div>Illeszked\u00e9s: .<\/div>\n<div>Sz\u00f6vet: Jersey<\/div>\n<div>Mint\u00e1zat: Egysz\u00edn\u0171<\/div>\n<div>Elem: Fringe<\/div>\n<div>Top Hossz\u00fas\u00e1g: Hossz\u00fa<\/div>\n<div>H\u00fcvely t\u00edpusa: Egy\u00e9b<\/div>\n<div>H\u00fcvely hossza: 3\/4 ujj\u00fa<\/div>\n<div>Z\u00e1r\u00e1si t\u00edpus: Egy\u00e9b<\/div>\n<div>F\u0151 \u00f6sszet\u00e9tel: Poli\u00e9szter<\/div>\n<div>Szezon: \u0150sz\/T\u00e9l<\/div>\n<p><img decoding=\"async\" src=\"https:\/\/ozponcho.com.au\/wp-content\/uploads\/2024\/03\/1130522382625144832.png\" \/><img decoding=\"async\" src=\"https:\/\/ozponcho.com.au\/wp-content\/uploads\/2024\/03\/O1CN01GGxuvl1QYYEmGY4hn_2505411988-0-cib.jpg\" \/><img decoding=\"async\" src=\"https:\/\/ozponcho.com.au\/wp-content\/uploads\/2024\/03\/O1CN01pDEUhY1QYYEpAJbY5_2505411988-0-cib.jpg\" \/><img decoding=\"async\" src=\"https:\/\/ozponcho.com.au\/wp-content\/uploads\/2024\/03\/O1CN01cLv8I41QYYEqOCeub_2505411988-0-cib.jpg\" \/><img decoding=\"async\" src=\"https:\/\/ozponcho.com.au\/wp-content\/uploads\/2024\/03\/O1CN01T1K6Hg1QYYEpAL0qo_2505411988-0-cib.jpg\" \/><img decoding=\"async\" src=\"https:\/\/ozponcho.com.au\/wp-content\/uploads\/2024\/03\/O1CN01iLrfCq1QYYEu8wTOB_2505411988-0-cib.jpg\" \/><img decoding=\"async\" src=\"https:\/\/ozponcho.com.au\/wp-content\/uploads\/2024\/03\/O1CN01lwVXZb1QYYEsA68Mr_2505411988-0-cib.jpg\" \/><img decoding=\"async\" src=\"https:\/\/ozponcho.com.au\/wp-content\/uploads\/2024\/03\/O1CN01E65PSl1QYYEvxpdll_2505411988-0-cib.jpg\" \/><img decoding=\"async\" src=\"https:\/\/ozponcho.com.au\/wp-content\/uploads\/2024\/03\/O1CN01DTns4u1QYYEu8xTsq_2505411988-0-cib.jpg\" \/><img decoding=\"async\" src=\"https:\/\/ozponcho.com.au\/wp-content\/uploads\/2024\/03\/O1CN01bxhQfO1QYYEoy9H4B_2505411988-0-cib.jpg\" \/><img decoding=\"async\" src=\"https:\/\/ozponcho.com.au\/wp-content\/uploads\/2024\/03\/O1CN013EadvQ1QYYErVluUm_2505411988-0-cib.jpg\" \/><\/p>","protected":false},"excerpt":{"rendered":"<p>Immerse yourself in the comfort and style of our Autumn Knitted Striped Poncho for women. With its jersey fabric and flattering loose fit, this poncho is perfect for layering over your favorite autumn outfits. Accents of fringe and a rich, solid pattern make it a versatile piece for any casual occasion. The 3\/4 sleeve design [&#8230;]","protected":false},"featured_media":12699,"template":"","meta":[],"product_brand":[],"product_cat":[219,15,222,228,214,210,221],"product_tag":[],"class_list":{"0":"post-12743","1":"product","2":"type-product","3":"status-publish","4":"has-post-thumbnail","6":"product_cat-black-poncho","7":"product_cat-main-category","8":"product_cat-pink-poncho","9":"product_cat-poncho-sweater","10":"product_cat-knitted-crochet-poncho","11":"product_cat-poncho-women","12":"product_cat-red-poncho","14":"first","15":"instock","16":"shipping-taxable","17":"purchasable","18":"product-type-variable"},"yoast_head":"<!-- This site is optimized with the Yoast SEO plugin v25.9 - https:\/\/yoast.com\/wordpress\/plugins\/seo\/ -->\n<title>Women&#039;s Autumn Knitted Poncho | Magyarorsz\u00e1g #1 Poncho Shop<\/title>\n<meta name=\"description\" content=\"Looking for a Women&#039;s Autumn Knitted Poncho ? You&#039;ve come to the right place \ud83d\ude04 We offers a wide selection of Women&#039;s Autumn Knitted Poncho, perfect for you.\" \/>\n<meta name=\"robots\" content=\"index, follow, max-snippet:-1, max-image-preview:large, max-video-preview:-1\" \/>\n<link rel=\"canonical\" href=\"https:\/\/ozponcho.com.au\/hu\/p\/alkalmi-csikos-bojtos-kopeny\/\" \/>\n<meta property=\"og:locale\" content=\"hu_HU\" \/>\n<meta property=\"og:type\" content=\"article\" \/>\n<meta property=\"og:title\" content=\"Women&#039;s Autumn Knitted Poncho | Magyarorsz\u00e1g #1 Poncho Shop\" \/>\n<meta property=\"og:description\" content=\"Looking for a Women&#039;s Autumn Knitted Poncho ? You&#039;ve come to the right place \ud83d\ude04 We offers a wide selection of Women&#039;s Autumn Knitted Poncho, perfect for you.\" \/>\n<meta property=\"og:url\" content=\"https:\/\/ozponcho.com.au\/hu\/p\/alkalmi-csikos-bojtos-kopeny\/\" \/>\n<meta property=\"og:site_name\" content=\"OZ Poncho\" \/>\n<meta property=\"article:modified_time\" content=\"2026-02-03T02:10:20+00:00\" \/>\n<meta property=\"og:image\" content=\"https:\/\/ozponcho.com.au\/wp-content\/uploads\/2023\/12\/O1CN01TOp5aW1QYYEoxiHk4_2505411988-0-cib.jpg\" \/>\n\t<meta property=\"og:image:width\" content=\"800\" \/>\n\t<meta property=\"og:image:height\" content=\"800\" \/>\n\t<meta property=\"og:image:type\" content=\"image\/jpeg\" \/>\n<meta name=\"twitter:card\" content=\"summary_large_image\" \/>\n<meta name=\"twitter:label1\" content=\"Becs\u00fclt olvas\u00e1si id\u0151\" \/>\n\t<meta name=\"twitter:data1\" content=\"3 perc\" \/>\n<script type=\"application\/ld+json\" class=\"yoast-schema-graph\">{\"@context\":\"https:\/\/schema.org\",\"@graph\":[{\"@type\":\"WebPage\",\"@id\":\"https:\/\/ozponcho.com.au\/p\/casual-striped-tassel-cloak\/\",\"url\":\"https:\/\/ozponcho.com.au\/p\/casual-striped-tassel-cloak\/\",\"name\":\"Women's Autumn Knitted Poncho | Magyarorsz\u00e1g #1 Poncho Shop\",\"isPartOf\":{\"@id\":\"https:\/\/ozponcho.com.au\/#website\"},\"primaryImageOfPage\":{\"@id\":\"https:\/\/ozponcho.com.au\/p\/casual-striped-tassel-cloak\/#primaryimage\"},\"image\":{\"@id\":\"https:\/\/ozponcho.com.au\/p\/casual-striped-tassel-cloak\/#primaryimage\"},\"thumbnailUrl\":\"https:\/\/ozponcho.com.au\/wp-content\/uploads\/2023\/12\/O1CN01TOp5aW1QYYEoxiHk4_2505411988-0-cib.jpg\",\"datePublished\":\"2023-12-13T07:36:36+00:00\",\"dateModified\":\"2026-02-03T02:10:20+00:00\",\"description\":\"Looking for a Women's Autumn Knitted Poncho ? You've come to the right place \ud83d\ude04 We offers a wide selection of Women's Autumn Knitted Poncho, perfect for you.\",\"breadcrumb\":{\"@id\":\"https:\/\/ozponcho.com.au\/p\/casual-striped-tassel-cloak\/#breadcrumb\"},\"inLanguage\":\"hu\",\"potentialAction\":[{\"@type\":\"ReadAction\",\"target\":[\"https:\/\/ozponcho.com.au\/p\/casual-striped-tassel-cloak\/\"]}]},{\"@type\":\"ImageObject\",\"inLanguage\":\"hu\",\"@id\":\"https:\/\/ozponcho.com.au\/p\/casual-striped-tassel-cloak\/#primaryimage\",\"url\":\"https:\/\/ozponcho.com.au\/wp-content\/uploads\/2023\/12\/O1CN01TOp5aW1QYYEoxiHk4_2505411988-0-cib.jpg\",\"contentUrl\":\"https:\/\/ozponcho.com.au\/wp-content\/uploads\/2023\/12\/O1CN01TOp5aW1QYYEoxiHk4_2505411988-0-cib.jpg\",\"width\":800,\"height\":800,\"caption\":\"Women's Autumn Knitted Poncho\"},{\"@type\":\"BreadcrumbList\",\"@id\":\"https:\/\/ozponcho.com.au\/p\/casual-striped-tassel-cloak\/#breadcrumb\",\"itemListElement\":[{\"@type\":\"ListItem\",\"position\":1,\"name\":\"Home\",\"item\":\"https:\/\/ozponcho.com.au\/\"},{\"@type\":\"ListItem\",\"position\":2,\"name\":\"Shop\",\"item\":\"https:\/\/ozponcho.com.au\/shop\/\"},{\"@type\":\"ListItem\",\"position\":3,\"name\":\"Women&#8217;s Autumn Knitted Poncho\"}]},{\"@type\":\"WebSite\",\"@id\":\"https:\/\/ozponcho.com.au\/#website\",\"url\":\"https:\/\/ozponcho.com.au\/\",\"name\":\"OZ Poncho\",\"description\":\"\",\"potentialAction\":[{\"@type\":\"SearchAction\",\"target\":{\"@type\":\"EntryPoint\",\"urlTemplate\":\"https:\/\/ozponcho.com.au\/?s={search_term_string}\"},\"query-input\":{\"@type\":\"PropertyValueSpecification\",\"valueRequired\":true,\"valueName\":\"search_term_string\"}}],\"inLanguage\":\"hu\"}]}<\/script>\n<!-- \/ Yoast SEO plugin. -->","yoast_head_json":{"title":"N\u0151i \u0151szi k\u00f6t\u00f6tt poncs\u00f3 | Magyarorsz\u00e1g #1 Poncs\u00f3 Shop","description":"N\u0151i \u0151szi k\u00f6t\u00f6tt poncs\u00f3t keresel ? A legjobb helyen j\u00e1rsz \ud83d\ude04 N\u0151i \u0151szi k\u00f6t\u00f6tt poncs\u00f3 sz\u00e9les v\u00e1laszt\u00e9k\u00e1t k\u00edn\u00e1ljuk, t\u00f6k\u00e9letes az \u00d6n sz\u00e1m\u00e1ra.","robots":{"index":"index","follow":"follow","max-snippet":"max-snippet:-1","max-image-preview":"max-image-preview:large","max-video-preview":"max-video-preview:-1"},"canonical":"https:\/\/ozponcho.com.au\/hu\/p\/alkalmi-csikos-bojtos-kopeny\/","og_locale":"hu_HU","og_type":"article","og_title":"Women's Autumn Knitted Poncho | Magyarorsz\u00e1g #1 Poncho Shop","og_description":"Looking for a Women's Autumn Knitted Poncho ? You've come to the right place \ud83d\ude04 We offers a wide selection of Women's Autumn Knitted Poncho, perfect for you.","og_url":"https:\/\/ozponcho.com.au\/hu\/p\/alkalmi-csikos-bojtos-kopeny\/","og_site_name":"OZ Poncho","article_modified_time":"2026-02-03T02:10:20+00:00","og_image":[{"width":800,"height":800,"url":"https:\/\/ozponcho.com.au\/wp-content\/uploads\/2023\/12\/O1CN01TOp5aW1QYYEoxiHk4_2505411988-0-cib.jpg","type":"image\/jpeg"}],"twitter_card":"summary_large_image","twitter_misc":{"Becs\u00fclt olvas\u00e1si id\u0151":"3 perc"},"schema":{"@context":"https:\/\/schema.org","@graph":[{"@type":"WebPage","@id":"https:\/\/ozponcho.com.au\/p\/casual-striped-tassel-cloak\/","url":"https:\/\/ozponcho.com.au\/p\/casual-striped-tassel-cloak\/","name":"N\u0151i \u0151szi k\u00f6t\u00f6tt poncs\u00f3 | Magyarorsz\u00e1g #1 Poncs\u00f3 Shop","isPartOf":{"@id":"https:\/\/ozponcho.com.au\/#website"},"primaryImageOfPage":{"@id":"https:\/\/ozponcho.com.au\/p\/casual-striped-tassel-cloak\/#primaryimage"},"image":{"@id":"https:\/\/ozponcho.com.au\/p\/casual-striped-tassel-cloak\/#primaryimage"},"thumbnailUrl":"https:\/\/ozponcho.com.au\/wp-content\/uploads\/2023\/12\/O1CN01TOp5aW1QYYEoxiHk4_2505411988-0-cib.jpg","datePublished":"2023-12-13T07:36:36+00:00","dateModified":"2026-02-03T02:10:20+00:00","description":"N\u0151i \u0151szi k\u00f6t\u00f6tt poncs\u00f3t keresel ? A legjobb helyen j\u00e1rsz \ud83d\ude04 N\u0151i \u0151szi k\u00f6t\u00f6tt poncs\u00f3 sz\u00e9les v\u00e1laszt\u00e9k\u00e1t k\u00edn\u00e1ljuk, t\u00f6k\u00e9letes az \u00d6n sz\u00e1m\u00e1ra.","breadcrumb":{"@id":"https:\/\/ozponcho.com.au\/p\/casual-striped-tassel-cloak\/#breadcrumb"},"inLanguage":"hu","potentialAction":[{"@type":"ReadAction","target":["https:\/\/ozponcho.com.au\/p\/casual-striped-tassel-cloak\/"]}]},{"@type":"ImageObject","inLanguage":"hu","@id":"https:\/\/ozponcho.com.au\/p\/casual-striped-tassel-cloak\/#primaryimage","url":"https:\/\/ozponcho.com.au\/wp-content\/uploads\/2023\/12\/O1CN01TOp5aW1QYYEoxiHk4_2505411988-0-cib.jpg","contentUrl":"https:\/\/ozponcho.com.au\/wp-content\/uploads\/2023\/12\/O1CN01TOp5aW1QYYEoxiHk4_2505411988-0-cib.jpg","width":800,"height":800,"caption":"Women's Autumn Knitted Poncho"},{"@type":"BreadcrumbList","@id":"https:\/\/ozponcho.com.au\/p\/casual-striped-tassel-cloak\/#breadcrumb","itemListElement":[{"@type":"ListItem","position":1,"name":"Home","item":"https:\/\/ozponcho.com.au\/"},{"@type":"ListItem","position":2,"name":"Shop","item":"https:\/\/ozponcho.com.au\/shop\/"},{"@type":"ListItem","position":3,"name":"Women&#8217;s Autumn Knitted Poncho"}]},{"@type":"WebSite","@id":"https:\/\/ozponcho.com.au\/#website","url":"https:\/\/ozponcho.com.au\/","name":"OZ Poncho","description":"","potentialAction":[{"@type":"SearchAction","target":{"@type":"EntryPoint","urlTemplate":"https:\/\/ozponcho.com.au\/?s={search_term_string}"},"query-input":{"@type":"PropertyValueSpecification","valueRequired":true,"valueName":"search_term_string"}}],"inLanguage":"hu"}]}},"_links":{"self":[{"href":"https:\/\/ozponcho.com.au\/hu\/wp-json\/wp\/v2\/product\/12743","targetHints":{"allow":["GET"]}}],"collection":[{"href":"https:\/\/ozponcho.com.au\/hu\/wp-json\/wp\/v2\/product"}],"about":[{"href":"https:\/\/ozponcho.com.au\/hu\/wp-json\/wp\/v2\/types\/product"}],"wp:featuredmedia":[{"embeddable":true,"href":"https:\/\/ozponcho.com.au\/hu\/wp-json\/wp\/v2\/media\/12699"}],"wp:attachment":[{"href":"https:\/\/ozponcho.com.au\/hu\/wp-json\/wp\/v2\/media?parent=12743"}],"wp:term":[{"taxonomy":"product_brand","embeddable":true,"href":"https:\/\/ozponcho.com.au\/hu\/wp-json\/wp\/v2\/product_brand?post=12743"},{"taxonomy":"product_cat","embeddable":true,"href":"https:\/\/ozponcho.com.au\/hu\/wp-json\/wp\/v2\/product_cat?post=12743"},{"taxonomy":"product_tag","embeddable":true,"href":"https:\/\/ozponcho.com.au\/hu\/wp-json\/wp\/v2\/product_tag?post=12743"}],"curies":[{"name":"wp","href":"https:\/\/api.w.org\/{rel}","templated":true}]}}