{"id":12695,"date":"2023-12-13T18:36:21","date_gmt":"2023-12-13T07:36:21","guid":{"rendered":"https:\/\/ozponcho.com.au\/p\/autumn-winter-light-luxury-fur-collar-tassel-shawl-sweater-coat-2\/"},"modified":"2024-04-19T18:40:41","modified_gmt":"2024-04-19T07:40:41","slug":"luxurious-fur-trimmed-black-shawl","status":"publish","type":"product","link":"https:\/\/ozponcho.com.au\/hu\/p\/luxus-szorme-diszitesu-fekete-sal\/","title":{"rendered":"Eleg\u00e1ns fekete rojtos sz\u0151rme poncs\u00f3"},"content":{"rendered":"<p>Burkold be magad az \u0151szi \u00e9s t\u00e9li elegancia megtestes\u00edt\u0151j\u00e9be a mi \u0151szi-t\u00e9li k\u00f6nny\u0171 luxus sz\u0151rme gall\u00e9ros bojtos s\u00e1las pul\u00f3ver kab\u00e1tunkkal. Ez a pomp\u00e1s jersey anyagb\u00f3l k\u00e9sz\u00fclt poncs\u00f3 pazar m\u0171sz\u0151rme gall\u00e9rral \u00e9s eleg\u00e1ns rojtos r\u00e9szletekkel b\u00fcszk\u00e9lkedhet, amelyek kifinomultan eg\u00e9sz\u00edtik ki a ruh\u00e1zatot. A laza szab\u00e1s \u00e9s a hossz\u00fa ujjak egyszerre ny\u00fajtanak k\u00e9nyelmet \u00e9s st\u00edlust, \u00edgy a luxus \u00e9s a meleg kever\u00e9k\u00e9t keres\u0151k sz\u00e1m\u00e1ra n\u00e9lk\u00fcl\u00f6zhetetlen darab. T\u00f6k\u00e9letes b\u00e1rmilyen eleg\u00e1ns alkalomra vagy alkalmi kir\u00e1ndul\u00e1sra, ez a fekete poncs\u00f3 biztosan a szekr\u00e9nyed egyik leg\u00e9rt\u00e9kesebb darabja lesz.<\/p>\n<div>St\u00edlus: Eleg\u00e1ns<\/div>\n<div>Illeszked\u00e9s: .<\/div>\n<div>Sz\u00f6vet: Jersey<\/div>\n<div>Mint\u00e1zat: Egysz\u00edn\u0171<\/div>\n<div>Elem: Fringe<\/div>\n<div>Top Hossz\u00fas\u00e1g: Hossz\u00fa<\/div>\n<div>H\u00fcvely t\u00edpusa: Szab\u00e1lyos<\/div>\n<div>H\u00fcvely hossza: Hossz\u00fa ujj\u00fa<\/div>\n<div>Z\u00e1r\u00e1si t\u00edpus: Egy\u00e9b<\/div>\n<div>F\u0151 \u00f6sszet\u00e9tel: Akril<\/div>\n<div>Szezon: \u0150sz\/T\u00e9l<\/div>\n<p><img decoding=\"async\" src=\"https:\/\/ozponcho.com.au\/wp-content\/uploads\/2024\/03\/1007707570091065344.png\" \/><img decoding=\"async\" src=\"https:\/\/ozponcho.com.au\/wp-content\/uploads\/2024\/03\/O1CN01sHJ8vV1HIfpHbsXsC_2331630735-0-cib.jpg\" \/><img decoding=\"async\" src=\"https:\/\/ozponcho.com.au\/wp-content\/uploads\/2024\/03\/O1CN01GaiuID1HIfpInSnXR_2331630735-0-cib.jpg\" \/><img decoding=\"async\" src=\"https:\/\/ozponcho.com.au\/wp-content\/uploads\/2024\/03\/O1CN01wlnvPH1HIfpInSGFh_2331630735-0-cib.jpg\" \/><img decoding=\"async\" src=\"https:\/\/ozponcho.com.au\/wp-content\/uploads\/2024\/03\/O1CN01AQIpWA1HIfp6eVrxM_2331630735-0-cib.jpg\" \/><img decoding=\"async\" src=\"https:\/\/ozponcho.com.au\/wp-content\/uploads\/2024\/03\/O1CN01Rj9JLL1HIfpNCKcFE_2331630735-0-cib.jpg\" \/><img decoding=\"async\" src=\"https:\/\/ozponcho.com.au\/wp-content\/uploads\/2024\/03\/O1CN010i0Hnc1HIfpJnj1zM_2331630735-0-cib.jpg\" \/><\/p>","protected":false},"excerpt":{"rendered":"<p>Wrap yourself in the epitome of fall and winter elegance with our Autumn Winter Light Luxury Fur Collar Tassel Shawl Sweater Coat. Crafted with sumptuous jersey fabric, this poncho boasts a lavish faux fur collar and chic fringe detailing that adds a layer of sophistication to any outfit. The loose fit and long sleeves provide [&#8230;]","protected":false},"featured_media":12648,"template":"","meta":[],"product_brand":[],"product_cat":[219,229,218,15,228,210],"product_tag":[],"class_list":{"0":"post-12695","1":"product","2":"type-product","3":"status-publish","4":"has-post-thumbnail","6":"product_cat-black-poncho","7":"product_cat-blanket-poncho","8":"product_cat-fur-poncho","9":"product_cat-main-category","10":"product_cat-poncho-sweater","11":"product_cat-poncho-women","13":"first","14":"outofstock","15":"shipping-taxable","16":"purchasable","17":"product-type-variable"},"yoast_head":"<!-- This site is optimized with the Yoast SEO plugin v25.9 - https:\/\/yoast.com\/wordpress\/plugins\/seo\/ -->\n<title>Elegant Black Tassel Fur Poncho | Magyarorsz\u00e1g #1 Poncho Shop<\/title>\n<meta name=\"description\" content=\"Looking for a Elegant Black Tassel Fur Poncho ? You&#039;ve come to the right place \ud83d\ude04 We offers a wide selection of Elegant Black Tassel Fur Poncho, perfect for you.\" \/>\n<meta name=\"robots\" content=\"index, follow, max-snippet:-1, max-image-preview:large, max-video-preview:-1\" \/>\n<link rel=\"canonical\" href=\"https:\/\/ozponcho.com.au\/hu\/p\/luxus-szorme-diszitesu-fekete-sal\/\" \/>\n<meta property=\"og:locale\" content=\"hu_HU\" \/>\n<meta property=\"og:type\" content=\"article\" \/>\n<meta property=\"og:title\" content=\"Elegant Black Tassel Fur Poncho | Magyarorsz\u00e1g #1 Poncho Shop\" \/>\n<meta property=\"og:description\" content=\"Looking for a Elegant Black Tassel Fur Poncho ? You&#039;ve come to the right place \ud83d\ude04 We offers a wide selection of Elegant Black Tassel Fur Poncho, perfect for you.\" \/>\n<meta property=\"og:url\" content=\"https:\/\/ozponcho.com.au\/hu\/p\/luxus-szorme-diszitesu-fekete-sal\/\" \/>\n<meta property=\"og:site_name\" content=\"OZ Poncho\" \/>\n<meta property=\"article:modified_time\" content=\"2024-04-19T07:40:41+00:00\" \/>\n<meta property=\"og:image\" content=\"https:\/\/ozponcho.com.au\/wp-content\/uploads\/2023\/12\/O1CN01QPHRJt1HIfpDYMcNA_2331630735-0-cib.jpg\" \/>\n\t<meta property=\"og:image:width\" content=\"1340\" \/>\n\t<meta property=\"og:image:height\" content=\"1785\" \/>\n\t<meta property=\"og:image:type\" content=\"image\/jpeg\" \/>\n<meta name=\"twitter:card\" content=\"summary_large_image\" \/>\n<meta name=\"twitter:label1\" content=\"Becs\u00fclt olvas\u00e1si id\u0151\" \/>\n\t<meta name=\"twitter:data1\" content=\"1 perc\" \/>\n<script type=\"application\/ld+json\" class=\"yoast-schema-graph\">{\"@context\":\"https:\/\/schema.org\",\"@graph\":[{\"@type\":\"WebPage\",\"@id\":\"https:\/\/ozponcho.com.au\/p\/luxurious-fur-trimmed-black-shawl\/\",\"url\":\"https:\/\/ozponcho.com.au\/p\/luxurious-fur-trimmed-black-shawl\/\",\"name\":\"Elegant Black Tassel Fur Poncho | Magyarorsz\u00e1g #1 Poncho Shop\",\"isPartOf\":{\"@id\":\"https:\/\/ozponcho.com.au\/#website\"},\"primaryImageOfPage\":{\"@id\":\"https:\/\/ozponcho.com.au\/p\/luxurious-fur-trimmed-black-shawl\/#primaryimage\"},\"image\":{\"@id\":\"https:\/\/ozponcho.com.au\/p\/luxurious-fur-trimmed-black-shawl\/#primaryimage\"},\"thumbnailUrl\":\"https:\/\/ozponcho.com.au\/wp-content\/uploads\/2023\/12\/O1CN01QPHRJt1HIfpDYMcNA_2331630735-0-cib.jpg\",\"datePublished\":\"2023-12-13T07:36:21+00:00\",\"dateModified\":\"2024-04-19T07:40:41+00:00\",\"description\":\"Looking for a Elegant Black Tassel Fur Poncho ? You've come to the right place \ud83d\ude04 We offers a wide selection of Elegant Black Tassel Fur Poncho, perfect for you.\",\"breadcrumb\":{\"@id\":\"https:\/\/ozponcho.com.au\/p\/luxurious-fur-trimmed-black-shawl\/#breadcrumb\"},\"inLanguage\":\"hu\",\"potentialAction\":[{\"@type\":\"ReadAction\",\"target\":[\"https:\/\/ozponcho.com.au\/p\/luxurious-fur-trimmed-black-shawl\/\"]}]},{\"@type\":\"ImageObject\",\"inLanguage\":\"hu\",\"@id\":\"https:\/\/ozponcho.com.au\/p\/luxurious-fur-trimmed-black-shawl\/#primaryimage\",\"url\":\"https:\/\/ozponcho.com.au\/wp-content\/uploads\/2023\/12\/O1CN01QPHRJt1HIfpDYMcNA_2331630735-0-cib.jpg\",\"contentUrl\":\"https:\/\/ozponcho.com.au\/wp-content\/uploads\/2023\/12\/O1CN01QPHRJt1HIfpDYMcNA_2331630735-0-cib.jpg\",\"width\":1340,\"height\":1785,\"caption\":\"Elegant Black Tassel Fur Poncho\"},{\"@type\":\"BreadcrumbList\",\"@id\":\"https:\/\/ozponcho.com.au\/p\/luxurious-fur-trimmed-black-shawl\/#breadcrumb\",\"itemListElement\":[{\"@type\":\"ListItem\",\"position\":1,\"name\":\"Home\",\"item\":\"https:\/\/ozponcho.com.au\/\"},{\"@type\":\"ListItem\",\"position\":2,\"name\":\"Shop\",\"item\":\"https:\/\/ozponcho.com.au\/shop\/\"},{\"@type\":\"ListItem\",\"position\":3,\"name\":\"Elegant Black Tassel Fur Poncho\"}]},{\"@type\":\"WebSite\",\"@id\":\"https:\/\/ozponcho.com.au\/#website\",\"url\":\"https:\/\/ozponcho.com.au\/\",\"name\":\"OZ Poncho\",\"description\":\"\",\"potentialAction\":[{\"@type\":\"SearchAction\",\"target\":{\"@type\":\"EntryPoint\",\"urlTemplate\":\"https:\/\/ozponcho.com.au\/?s={search_term_string}\"},\"query-input\":{\"@type\":\"PropertyValueSpecification\",\"valueRequired\":true,\"valueName\":\"search_term_string\"}}],\"inLanguage\":\"hu\"}]}<\/script>\n<!-- \/ Yoast SEO plugin. -->","yoast_head_json":{"title":"Eleg\u00e1ns fekete rojtos sz\u0151rme poncs\u00f3 | Magyarorsz\u00e1g #1 Poncho Shop","description":"Eleg\u00e1ns fekete rojtos sz\u0151rme poncs\u00f3t keresel ? A legjobb helyre j\u00f6tt\u00e9l \ud83d\ude04 Eleg\u00e1ns fekete rojtos sz\u0151rme poncs\u00f3 sz\u00e9les v\u00e1laszt\u00e9k\u00e1t k\u00edn\u00e1ljuk, t\u00f6k\u00e9letes az \u00d6n sz\u00e1m\u00e1ra.","robots":{"index":"index","follow":"follow","max-snippet":"max-snippet:-1","max-image-preview":"max-image-preview:large","max-video-preview":"max-video-preview:-1"},"canonical":"https:\/\/ozponcho.com.au\/hu\/p\/luxus-szorme-diszitesu-fekete-sal\/","og_locale":"hu_HU","og_type":"article","og_title":"Elegant Black Tassel Fur Poncho | Magyarorsz\u00e1g #1 Poncho Shop","og_description":"Looking for a Elegant Black Tassel Fur Poncho ? You've come to the right place \ud83d\ude04 We offers a wide selection of Elegant Black Tassel Fur Poncho, perfect for you.","og_url":"https:\/\/ozponcho.com.au\/hu\/p\/luxus-szorme-diszitesu-fekete-sal\/","og_site_name":"OZ Poncho","article_modified_time":"2024-04-19T07:40:41+00:00","og_image":[{"width":1340,"height":1785,"url":"https:\/\/ozponcho.com.au\/wp-content\/uploads\/2023\/12\/O1CN01QPHRJt1HIfpDYMcNA_2331630735-0-cib.jpg","type":"image\/jpeg"}],"twitter_card":"summary_large_image","twitter_misc":{"Becs\u00fclt olvas\u00e1si id\u0151":"1 perc"},"schema":{"@context":"https:\/\/schema.org","@graph":[{"@type":"WebPage","@id":"https:\/\/ozponcho.com.au\/p\/luxurious-fur-trimmed-black-shawl\/","url":"https:\/\/ozponcho.com.au\/p\/luxurious-fur-trimmed-black-shawl\/","name":"Eleg\u00e1ns fekete rojtos sz\u0151rme poncs\u00f3 | Magyarorsz\u00e1g #1 Poncho Shop","isPartOf":{"@id":"https:\/\/ozponcho.com.au\/#website"},"primaryImageOfPage":{"@id":"https:\/\/ozponcho.com.au\/p\/luxurious-fur-trimmed-black-shawl\/#primaryimage"},"image":{"@id":"https:\/\/ozponcho.com.au\/p\/luxurious-fur-trimmed-black-shawl\/#primaryimage"},"thumbnailUrl":"https:\/\/ozponcho.com.au\/wp-content\/uploads\/2023\/12\/O1CN01QPHRJt1HIfpDYMcNA_2331630735-0-cib.jpg","datePublished":"2023-12-13T07:36:21+00:00","dateModified":"2024-04-19T07:40:41+00:00","description":"Eleg\u00e1ns fekete rojtos sz\u0151rme poncs\u00f3t keresel ? A legjobb helyre j\u00f6tt\u00e9l \ud83d\ude04 Eleg\u00e1ns fekete rojtos sz\u0151rme poncs\u00f3 sz\u00e9les v\u00e1laszt\u00e9k\u00e1t k\u00edn\u00e1ljuk, t\u00f6k\u00e9letes az \u00d6n sz\u00e1m\u00e1ra.","breadcrumb":{"@id":"https:\/\/ozponcho.com.au\/p\/luxurious-fur-trimmed-black-shawl\/#breadcrumb"},"inLanguage":"hu","potentialAction":[{"@type":"ReadAction","target":["https:\/\/ozponcho.com.au\/p\/luxurious-fur-trimmed-black-shawl\/"]}]},{"@type":"ImageObject","inLanguage":"hu","@id":"https:\/\/ozponcho.com.au\/p\/luxurious-fur-trimmed-black-shawl\/#primaryimage","url":"https:\/\/ozponcho.com.au\/wp-content\/uploads\/2023\/12\/O1CN01QPHRJt1HIfpDYMcNA_2331630735-0-cib.jpg","contentUrl":"https:\/\/ozponcho.com.au\/wp-content\/uploads\/2023\/12\/O1CN01QPHRJt1HIfpDYMcNA_2331630735-0-cib.jpg","width":1340,"height":1785,"caption":"Elegant Black Tassel Fur Poncho"},{"@type":"BreadcrumbList","@id":"https:\/\/ozponcho.com.au\/p\/luxurious-fur-trimmed-black-shawl\/#breadcrumb","itemListElement":[{"@type":"ListItem","position":1,"name":"Home","item":"https:\/\/ozponcho.com.au\/"},{"@type":"ListItem","position":2,"name":"Shop","item":"https:\/\/ozponcho.com.au\/shop\/"},{"@type":"ListItem","position":3,"name":"Elegant Black Tassel Fur Poncho"}]},{"@type":"WebSite","@id":"https:\/\/ozponcho.com.au\/#website","url":"https:\/\/ozponcho.com.au\/","name":"OZ Poncho","description":"","potentialAction":[{"@type":"SearchAction","target":{"@type":"EntryPoint","urlTemplate":"https:\/\/ozponcho.com.au\/?s={search_term_string}"},"query-input":{"@type":"PropertyValueSpecification","valueRequired":true,"valueName":"search_term_string"}}],"inLanguage":"hu"}]}},"_links":{"self":[{"href":"https:\/\/ozponcho.com.au\/hu\/wp-json\/wp\/v2\/product\/12695","targetHints":{"allow":["GET"]}}],"collection":[{"href":"https:\/\/ozponcho.com.au\/hu\/wp-json\/wp\/v2\/product"}],"about":[{"href":"https:\/\/ozponcho.com.au\/hu\/wp-json\/wp\/v2\/types\/product"}],"wp:featuredmedia":[{"embeddable":true,"href":"https:\/\/ozponcho.com.au\/hu\/wp-json\/wp\/v2\/media\/12648"}],"wp:attachment":[{"href":"https:\/\/ozponcho.com.au\/hu\/wp-json\/wp\/v2\/media?parent=12695"}],"wp:term":[{"taxonomy":"product_brand","embeddable":true,"href":"https:\/\/ozponcho.com.au\/hu\/wp-json\/wp\/v2\/product_brand?post=12695"},{"taxonomy":"product_cat","embeddable":true,"href":"https:\/\/ozponcho.com.au\/hu\/wp-json\/wp\/v2\/product_cat?post=12695"},{"taxonomy":"product_tag","embeddable":true,"href":"https:\/\/ozponcho.com.au\/hu\/wp-json\/wp\/v2\/product_tag?post=12695"}],"curies":[{"name":"wp","href":"https:\/\/api.w.org\/{rel}","templated":true}]}}