{"id":12680,"date":"2023-12-13T18:36:16","date_gmt":"2023-12-13T07:36:16","guid":{"rendered":"https:\/\/ozponcho.com.au\/p\/autumn-winter-v-neck-advanced-color-matching-contrast-color-tassel-cape-shawl-cardigan\/"},"modified":"2024-04-19T19:21:32","modified_gmt":"2024-04-19T08:21:32","slug":"vibrant-zigzag-cape-shawl","status":"publish","type":"product","link":"https:\/\/ozponcho.com.au\/hu\/p\/vibralo-cikcakkos-kopeny-kendo\/","title":{"rendered":"Boh\u00e9m bohemian rojtos poncs\u00f3 kardig\u00e1n"},"content":{"rendered":"<p>Burkold be magad st\u00edlusosan \u00e9s k\u00e9nyelmesen a boh\u00e9m bohemian bojtos poncs\u00f3 kardig\u00e1nnal. Ez a szemet gy\u00f6ny\u00f6rk\u00f6dtet\u0151 \u0151szi\/t\u00e9li kieg\u00e9sz\u00edt\u0151 t\u00f6k\u00e9letes azok sz\u00e1m\u00e1ra, akik szeretnek kit\u0171nni a t\u00f6bbiek k\u00f6z\u00fcl - a piros, k\u00e9k, lila \u00e9s b\u00e9zs sz\u00edn\u00e1rnyalatok kever\u00e9k\u00e9ben megbabon\u00e1z\u00f3 cikkcakkos mint\u00e1val. T\u00f6k\u00e9letesen p\u00e1ros\u00edthat\u00f3 farmerrel vagy leggingsszel, laza szab\u00e1sa \u00e9s dolman ujjai laza, m\u00e9gis eleg\u00e1ns sziluettet biztos\u00edtanak. A puha, meleg akrilb\u00f3l k\u00e9sz\u00fclt, j\u00e1t\u00e9kos bojtokkal d\u00edsz\u00edtett poncs\u00f3 elengedhetetlen kieg\u00e9sz\u00edt\u0151je a ruhat\u00e1rnak, hogy a h\u0171v\u00f6sebb h\u00f3napokban is otthonos \u00e9s divatos maradjon. Dobja fel egy\u00fcttes\u00e9t ezzel a kihagyhatatlan s\u00e1las kardig\u00e1nnal.<\/p>\n<div>St\u00edlus: .<\/div>\n<div>Illeszked\u00e9s: .<\/div>\n<div>Sz\u00f6vet: Jersey<\/div>\n<div>Mint\u00e1zat: Sz\u00ednes blokk<\/div>","protected":false},"excerpt":{"rendered":"<p>Wrap yourself in style and comfort with our Bohemian Tassel Poncho Cardigan. This eye-catching autumn\/winter accessory is perfect for those who love to stand out \u00e2\u20ac\u201d featuring a mesmerizing zigzag pattern in a blend of red, blue, purple, and beige hues. Perfectly paired with jeans or leggings, its loose fit and dolman sleeves provide a [&#8230;]","protected":false},"featured_media":12645,"template":"","meta":[],"product_brand":[],"product_cat":[229,223,15,209,228,214,210,221],"product_tag":[],"class_list":{"0":"post-12680","1":"product","2":"type-product","3":"status-publish","4":"has-post-thumbnail","6":"product_cat-blanket-poncho","7":"product_cat-blue-poncho","8":"product_cat-main-category","9":"product_cat-mexican-poncho","10":"product_cat-poncho-sweater","11":"product_cat-knitted-crochet-poncho","12":"product_cat-poncho-women","13":"product_cat-red-poncho","15":"first","16":"outofstock","17":"shipping-taxable","18":"purchasable","19":"product-type-variable"},"yoast_head":"<!-- This site is optimized with the Yoast SEO plugin v25.9 - https:\/\/yoast.com\/wordpress\/plugins\/seo\/ -->\n<title>Bohemian Tassel Poncho Cardigan | Magyarorsz\u00e1g #1 Poncho Shop<\/title>\n<meta name=\"description\" content=\"Looking for a Bohemian Tassel Poncho Cardigan ? You&#039;ve come to the right place \ud83d\ude04 We offers a wide selection of Bohemian Tassel Poncho Cardigan, perfect for you.\" \/>\n<meta name=\"robots\" content=\"index, follow, max-snippet:-1, max-image-preview:large, max-video-preview:-1\" \/>\n<link rel=\"canonical\" href=\"https:\/\/ozponcho.com.au\/hu\/p\/vibralo-cikcakkos-kopeny-kendo\/\" \/>\n<meta property=\"og:locale\" content=\"hu_HU\" \/>\n<meta property=\"og:type\" content=\"article\" \/>\n<meta property=\"og:title\" content=\"Bohemian Tassel Poncho Cardigan | Magyarorsz\u00e1g #1 Poncho Shop\" \/>\n<meta property=\"og:description\" content=\"Looking for a Bohemian Tassel Poncho Cardigan ? You&#039;ve come to the right place \ud83d\ude04 We offers a wide selection of Bohemian Tassel Poncho Cardigan, perfect for you.\" \/>\n<meta property=\"og:url\" content=\"https:\/\/ozponcho.com.au\/hu\/p\/vibralo-cikcakkos-kopeny-kendo\/\" \/>\n<meta property=\"og:site_name\" content=\"OZ Poncho\" \/>\n<meta property=\"article:modified_time\" content=\"2024-04-19T08:21:32+00:00\" \/>\n<meta property=\"og:image\" content=\"https:\/\/ozponcho.com.au\/wp-content\/uploads\/2023\/12\/O1CN01ktUl181HIfyDoW086_2331630735-0-cib.jpg\" \/>\n\t<meta property=\"og:image:width\" content=\"1340\" \/>\n\t<meta property=\"og:image:height\" content=\"1785\" \/>\n\t<meta property=\"og:image:type\" content=\"image\/jpeg\" \/>\n<meta name=\"twitter:card\" content=\"summary_large_image\" \/>\n<meta name=\"twitter:label1\" content=\"Becs\u00fclt olvas\u00e1si id\u0151\" \/>\n\t<meta name=\"twitter:data1\" content=\"1 perc\" \/>\n<script type=\"application\/ld+json\" class=\"yoast-schema-graph\">{\"@context\":\"https:\/\/schema.org\",\"@graph\":[{\"@type\":\"WebPage\",\"@id\":\"https:\/\/ozponcho.com.au\/p\/vibrant-zigzag-cape-shawl\/\",\"url\":\"https:\/\/ozponcho.com.au\/p\/vibrant-zigzag-cape-shawl\/\",\"name\":\"Bohemian Tassel Poncho Cardigan | Magyarorsz\u00e1g #1 Poncho Shop\",\"isPartOf\":{\"@id\":\"https:\/\/ozponcho.com.au\/#website\"},\"primaryImageOfPage\":{\"@id\":\"https:\/\/ozponcho.com.au\/p\/vibrant-zigzag-cape-shawl\/#primaryimage\"},\"image\":{\"@id\":\"https:\/\/ozponcho.com.au\/p\/vibrant-zigzag-cape-shawl\/#primaryimage\"},\"thumbnailUrl\":\"https:\/\/ozponcho.com.au\/wp-content\/uploads\/2023\/12\/O1CN01ktUl181HIfyDoW086_2331630735-0-cib.jpg\",\"datePublished\":\"2023-12-13T07:36:16+00:00\",\"dateModified\":\"2024-04-19T08:21:32+00:00\",\"description\":\"Looking for a Bohemian Tassel Poncho Cardigan ? You've come to the right place \ud83d\ude04 We offers a wide selection of Bohemian Tassel Poncho Cardigan, perfect for you.\",\"breadcrumb\":{\"@id\":\"https:\/\/ozponcho.com.au\/p\/vibrant-zigzag-cape-shawl\/#breadcrumb\"},\"inLanguage\":\"hu\",\"potentialAction\":[{\"@type\":\"ReadAction\",\"target\":[\"https:\/\/ozponcho.com.au\/p\/vibrant-zigzag-cape-shawl\/\"]}]},{\"@type\":\"ImageObject\",\"inLanguage\":\"hu\",\"@id\":\"https:\/\/ozponcho.com.au\/p\/vibrant-zigzag-cape-shawl\/#primaryimage\",\"url\":\"https:\/\/ozponcho.com.au\/wp-content\/uploads\/2023\/12\/O1CN01ktUl181HIfyDoW086_2331630735-0-cib.jpg\",\"contentUrl\":\"https:\/\/ozponcho.com.au\/wp-content\/uploads\/2023\/12\/O1CN01ktUl181HIfyDoW086_2331630735-0-cib.jpg\",\"width\":1340,\"height\":1785,\"caption\":\"Bohemian Tassel Poncho Cardigan\"},{\"@type\":\"BreadcrumbList\",\"@id\":\"https:\/\/ozponcho.com.au\/p\/vibrant-zigzag-cape-shawl\/#breadcrumb\",\"itemListElement\":[{\"@type\":\"ListItem\",\"position\":1,\"name\":\"Home\",\"item\":\"https:\/\/ozponcho.com.au\/\"},{\"@type\":\"ListItem\",\"position\":2,\"name\":\"Shop\",\"item\":\"https:\/\/ozponcho.com.au\/shop\/\"},{\"@type\":\"ListItem\",\"position\":3,\"name\":\"Bohemian Tassel Poncho Cardigan\"}]},{\"@type\":\"WebSite\",\"@id\":\"https:\/\/ozponcho.com.au\/#website\",\"url\":\"https:\/\/ozponcho.com.au\/\",\"name\":\"OZ Poncho\",\"description\":\"\",\"potentialAction\":[{\"@type\":\"SearchAction\",\"target\":{\"@type\":\"EntryPoint\",\"urlTemplate\":\"https:\/\/ozponcho.com.au\/?s={search_term_string}\"},\"query-input\":{\"@type\":\"PropertyValueSpecification\",\"valueRequired\":true,\"valueName\":\"search_term_string\"}}],\"inLanguage\":\"hu\"}]}<\/script>\n<!-- \/ Yoast SEO plugin. -->","yoast_head_json":{"title":"Boh\u00e9m rojtos poncs\u00f3 kardig\u00e1n | Magyarorsz\u00e1g #1 Poncs\u00f3 Shop","description":"Boh\u00e9m rojtos ponch\u00f3s kardig\u00e1nt keresel ? A legjobb helyre j\u00f6tt\u00e9l \ud83d\ude04 Bohemian Tassel Poncho Cardigan sz\u00e9les v\u00e1laszt\u00e9k\u00e1t k\u00edn\u00e1ljuk, t\u00f6k\u00e9letes az \u00d6n sz\u00e1m\u00e1ra.","robots":{"index":"index","follow":"follow","max-snippet":"max-snippet:-1","max-image-preview":"max-image-preview:large","max-video-preview":"max-video-preview:-1"},"canonical":"https:\/\/ozponcho.com.au\/hu\/p\/vibralo-cikcakkos-kopeny-kendo\/","og_locale":"hu_HU","og_type":"article","og_title":"Bohemian Tassel Poncho Cardigan | Magyarorsz\u00e1g #1 Poncho Shop","og_description":"Looking for a Bohemian Tassel Poncho Cardigan ? You've come to the right place \ud83d\ude04 We offers a wide selection of Bohemian Tassel Poncho Cardigan, perfect for you.","og_url":"https:\/\/ozponcho.com.au\/hu\/p\/vibralo-cikcakkos-kopeny-kendo\/","og_site_name":"OZ Poncho","article_modified_time":"2024-04-19T08:21:32+00:00","og_image":[{"width":1340,"height":1785,"url":"https:\/\/ozponcho.com.au\/wp-content\/uploads\/2023\/12\/O1CN01ktUl181HIfyDoW086_2331630735-0-cib.jpg","type":"image\/jpeg"}],"twitter_card":"summary_large_image","twitter_misc":{"Becs\u00fclt olvas\u00e1si id\u0151":"1 perc"},"schema":{"@context":"https:\/\/schema.org","@graph":[{"@type":"WebPage","@id":"https:\/\/ozponcho.com.au\/p\/vibrant-zigzag-cape-shawl\/","url":"https:\/\/ozponcho.com.au\/p\/vibrant-zigzag-cape-shawl\/","name":"Boh\u00e9m rojtos poncs\u00f3 kardig\u00e1n | Magyarorsz\u00e1g #1 Poncs\u00f3 Shop","isPartOf":{"@id":"https:\/\/ozponcho.com.au\/#website"},"primaryImageOfPage":{"@id":"https:\/\/ozponcho.com.au\/p\/vibrant-zigzag-cape-shawl\/#primaryimage"},"image":{"@id":"https:\/\/ozponcho.com.au\/p\/vibrant-zigzag-cape-shawl\/#primaryimage"},"thumbnailUrl":"https:\/\/ozponcho.com.au\/wp-content\/uploads\/2023\/12\/O1CN01ktUl181HIfyDoW086_2331630735-0-cib.jpg","datePublished":"2023-12-13T07:36:16+00:00","dateModified":"2024-04-19T08:21:32+00:00","description":"Boh\u00e9m rojtos ponch\u00f3s kardig\u00e1nt keresel ? A legjobb helyre j\u00f6tt\u00e9l \ud83d\ude04 Bohemian Tassel Poncho Cardigan sz\u00e9les v\u00e1laszt\u00e9k\u00e1t k\u00edn\u00e1ljuk, t\u00f6k\u00e9letes az \u00d6n sz\u00e1m\u00e1ra.","breadcrumb":{"@id":"https:\/\/ozponcho.com.au\/p\/vibrant-zigzag-cape-shawl\/#breadcrumb"},"inLanguage":"hu","potentialAction":[{"@type":"ReadAction","target":["https:\/\/ozponcho.com.au\/p\/vibrant-zigzag-cape-shawl\/"]}]},{"@type":"ImageObject","inLanguage":"hu","@id":"https:\/\/ozponcho.com.au\/p\/vibrant-zigzag-cape-shawl\/#primaryimage","url":"https:\/\/ozponcho.com.au\/wp-content\/uploads\/2023\/12\/O1CN01ktUl181HIfyDoW086_2331630735-0-cib.jpg","contentUrl":"https:\/\/ozponcho.com.au\/wp-content\/uploads\/2023\/12\/O1CN01ktUl181HIfyDoW086_2331630735-0-cib.jpg","width":1340,"height":1785,"caption":"Bohemian Tassel Poncho Cardigan"},{"@type":"BreadcrumbList","@id":"https:\/\/ozponcho.com.au\/p\/vibrant-zigzag-cape-shawl\/#breadcrumb","itemListElement":[{"@type":"ListItem","position":1,"name":"Home","item":"https:\/\/ozponcho.com.au\/"},{"@type":"ListItem","position":2,"name":"Shop","item":"https:\/\/ozponcho.com.au\/shop\/"},{"@type":"ListItem","position":3,"name":"Bohemian Tassel Poncho Cardigan"}]},{"@type":"WebSite","@id":"https:\/\/ozponcho.com.au\/#website","url":"https:\/\/ozponcho.com.au\/","name":"OZ Poncho","description":"","potentialAction":[{"@type":"SearchAction","target":{"@type":"EntryPoint","urlTemplate":"https:\/\/ozponcho.com.au\/?s={search_term_string}"},"query-input":{"@type":"PropertyValueSpecification","valueRequired":true,"valueName":"search_term_string"}}],"inLanguage":"hu"}]}},"_links":{"self":[{"href":"https:\/\/ozponcho.com.au\/hu\/wp-json\/wp\/v2\/product\/12680","targetHints":{"allow":["GET"]}}],"collection":[{"href":"https:\/\/ozponcho.com.au\/hu\/wp-json\/wp\/v2\/product"}],"about":[{"href":"https:\/\/ozponcho.com.au\/hu\/wp-json\/wp\/v2\/types\/product"}],"wp:featuredmedia":[{"embeddable":true,"href":"https:\/\/ozponcho.com.au\/hu\/wp-json\/wp\/v2\/media\/12645"}],"wp:attachment":[{"href":"https:\/\/ozponcho.com.au\/hu\/wp-json\/wp\/v2\/media?parent=12680"}],"wp:term":[{"taxonomy":"product_brand","embeddable":true,"href":"https:\/\/ozponcho.com.au\/hu\/wp-json\/wp\/v2\/product_brand?post=12680"},{"taxonomy":"product_cat","embeddable":true,"href":"https:\/\/ozponcho.com.au\/hu\/wp-json\/wp\/v2\/product_cat?post=12680"},{"taxonomy":"product_tag","embeddable":true,"href":"https:\/\/ozponcho.com.au\/hu\/wp-json\/wp\/v2\/product_tag?post=12680"}],"curies":[{"name":"wp","href":"https:\/\/api.w.org\/{rel}","templated":true}]}}