{"id":12397,"date":"2023-12-13T18:35:17","date_gmt":"2023-12-13T07:35:17","guid":{"rendered":"https:\/\/ozponcho.com.au\/p\/plaid-jacquard-cape-women-mid-length-turtleneck-batwing-sleeve-loose-autumn-winter-women-clothing-sweater\/"},"modified":"2024-09-24T12:41:27","modified_gmt":"2024-09-24T01:41:27","slug":"chic-turtleneck-checkered-cape","status":"publish","type":"product","link":"https:\/\/ozponcho.com.au\/hu\/p\/elegans-garbo-kockas-kopeny\/","title":{"rendered":"Eleg\u00e1ns k\u00f6z\u00e9phossz\u00fa kock\u00e1s poncs\u00f3"},"content":{"rendered":"<p>B\u00fajj eleg\u00e1ns \u00e9s meleg ruh\u00e1ba ezzel a k\u00f6z\u00e9phossz\u00fa, kock\u00e1s ponch\u00f3val, amely t\u00f6k\u00e9letes kieg\u00e9sz\u00edt\u0151je az \u0151szi \u00e9s t\u00e9li ruhat\u00e1radnak. A garb\u00f3 nyakkiv\u00e1g\u00e1s kifinomults\u00e1got sug\u00e1roz, m\u00edg a denev\u00e9rujjak modern, laza szab\u00e1st biztos\u00edtanak, \u00edgy eg\u00e9sz nap k\u00e9nyelmes viseletet ny\u00fajtanak. A klasszikus fekete-feh\u00e9r kock\u00e1s minta, amelyet egy csipetnyi must\u00e1rs\u00e1rga sz\u00ednnel emeltek ki, id\u0151tlen megjelen\u00e9st biztos\u00edt, amely b\u00e1rmilyen \u00f6lt\u00f6z\u00e9khez k\u00f6nnyed\u00e9n p\u00e1ros\u00edthat\u00f3. Ez a poncs\u00f3 puha, jersey-akril anyagb\u00f3l k\u00e9sz\u00fclt, \u00edgy a hidegebb h\u00f3napokban egyszerre \u00edg\u00e9r st\u00edlust \u00e9s otthonoss\u00e1got.<\/p>\n<div>St\u00edlus: Eleg\u00e1ns<\/div>\n<div>Illeszked\u00e9s: .<\/div>\n<div>Sz\u00f6vet: Jersey<\/div>\n<div>Mint\u00e1zat: .<\/div>\n<div>Elem: Nem<\/div>\n<div>Top Hossz\u00fas\u00e1g: Hossz\u00fa<\/div>\n<div>Nyakkiv\u00e1g\u00e1s: Nyakkiv\u00e1g\u00e1s: Tekn\u0151c\/magas nyak<\/div>\n<div>H\u00fcvely t\u00edpusa: H\u00fcvely: Dolman ujj<\/div>\n<div>H\u00fcvely hossza: Hossz\u00fa ujj\u00fa<\/div>\n<div>F\u0151 \u00f6sszet\u00e9tel: Akril<\/div>\n<div>Szezon: \u0150sz\/T\u00e9l<\/div>\n<p><img decoding=\"async\" src=\"https:\/\/ozponcho.com.au\/wp-content\/uploads\/2024\/03\/1020442373672402944.png\" \/><img decoding=\"async\" src=\"https:\/\/ozponcho.com.au\/wp-content\/uploads\/2024\/03\/O1CN01eLuwG91k48AGaIj8Q_2212546284629-0-cib.jpg\" \/><img decoding=\"async\" src=\"https:\/\/ozponcho.com.au\/wp-content\/uploads\/2024\/03\/O1CN01EfLcu11k48AQL99ZI_2212546284629-0-cib.jpg\" \/><img decoding=\"async\" src=\"https:\/\/ozponcho.com.au\/wp-content\/uploads\/2024\/03\/O1CN015OsgmC1k48AInuyY1_2212546284629-0-cib.jpg\" \/><img decoding=\"async\" src=\"https:\/\/ozponcho.com.au\/wp-content\/uploads\/2024\/03\/O1CN01DgS2II1k48AI2msci_2212546284629-0-cib.jpg\" \/><img decoding=\"async\" src=\"https:\/\/ozponcho.com.au\/wp-content\/uploads\/2024\/03\/O1CN01BQl3JU1k48AMpSulZ_2212546284629-0-cib.jpg\" \/><img decoding=\"async\" src=\"https:\/\/ozponcho.com.au\/wp-content\/uploads\/2024\/03\/O1CN01T4nVEk1k48ARRlvsi_2212546284629-0-cib.jpg\" \/><img decoding=\"async\" src=\"https:\/\/ozponcho.com.au\/wp-content\/uploads\/2024\/03\/O1CN01J583x71k48AI2kfIy_2212546284629-0-cib.jpg\" \/><\/p>","protected":false},"excerpt":{"rendered":"<p>Wrap yourself in elegance and warmth with this mid-length plaid poncho, a perfect addition to your autumn and winter wardrobe. The turtleneck design exudes sophistication, while the batwing sleeves offer a modern, loose fit, ensuring comfort all day long. The classic black and white check pattern, highlighted with a hint of mustard yellow, creates a [&#8230;]","protected":false},"featured_media":12331,"template":"","meta":[],"product_brand":[],"product_cat":[219,229,15,230,228,210,224],"product_tag":[],"class_list":{"0":"post-12397","1":"product","2":"type-product","3":"status-publish","4":"has-post-thumbnail","6":"product_cat-black-poncho","7":"product_cat-blanket-poncho","8":"product_cat-main-category","9":"product_cat-poncho-dress","10":"product_cat-poncho-sweater","11":"product_cat-poncho-women","12":"product_cat-yellow-poncho","14":"first","15":"instock","16":"shipping-taxable","17":"purchasable","18":"product-type-variable"},"yoast_head":"<!-- This site is optimized with the Yoast SEO plugin v25.9 - https:\/\/yoast.com\/wordpress\/plugins\/seo\/ -->\n<title>Elegant Mid-Length Plaid Poncho | Magyarorsz\u00e1g #1 Poncho Shop<\/title>\n<meta name=\"description\" content=\"Looking for a Elegant Mid-Length Plaid Poncho ? You&#039;ve come to the right place \ud83d\ude04 We offers a wide selection of Elegant Mid-Length Plaid Poncho, perfect for you.\" \/>\n<meta name=\"robots\" content=\"index, follow, max-snippet:-1, max-image-preview:large, max-video-preview:-1\" \/>\n<link rel=\"canonical\" href=\"https:\/\/ozponcho.com.au\/hu\/p\/elegans-garbo-kockas-kopeny\/\" \/>\n<meta property=\"og:locale\" content=\"hu_HU\" \/>\n<meta property=\"og:type\" content=\"article\" \/>\n<meta property=\"og:title\" content=\"Elegant Mid-Length Plaid Poncho | Magyarorsz\u00e1g #1 Poncho Shop\" \/>\n<meta property=\"og:description\" content=\"Looking for a Elegant Mid-Length Plaid Poncho ? You&#039;ve come to the right place \ud83d\ude04 We offers a wide selection of Elegant Mid-Length Plaid Poncho, perfect for you.\" \/>\n<meta property=\"og:url\" content=\"https:\/\/ozponcho.com.au\/hu\/p\/elegans-garbo-kockas-kopeny\/\" \/>\n<meta property=\"og:site_name\" content=\"OZ Poncho\" \/>\n<meta property=\"article:modified_time\" content=\"2024-09-24T01:41:27+00:00\" \/>\n<meta property=\"og:image\" content=\"https:\/\/ozponcho.com.au\/wp-content\/uploads\/2023\/12\/O1CN01xPajuy1k48AInuEoo_2212546284629-0-cib.jpg\" \/>\n\t<meta property=\"og:image:width\" content=\"1920\" \/>\n\t<meta property=\"og:image:height\" content=\"1920\" \/>\n\t<meta property=\"og:image:type\" content=\"image\/jpeg\" \/>\n<meta name=\"twitter:card\" content=\"summary_large_image\" \/>\n<meta name=\"twitter:label1\" content=\"Becs\u00fclt olvas\u00e1si id\u0151\" \/>\n\t<meta name=\"twitter:data1\" content=\"1 perc\" \/>\n<script type=\"application\/ld+json\" class=\"yoast-schema-graph\">{\"@context\":\"https:\/\/schema.org\",\"@graph\":[{\"@type\":\"WebPage\",\"@id\":\"https:\/\/ozponcho.com.au\/p\/chic-turtleneck-checkered-cape\/\",\"url\":\"https:\/\/ozponcho.com.au\/p\/chic-turtleneck-checkered-cape\/\",\"name\":\"Elegant Mid-Length Plaid Poncho | Magyarorsz\u00e1g #1 Poncho Shop\",\"isPartOf\":{\"@id\":\"https:\/\/ozponcho.com.au\/#website\"},\"primaryImageOfPage\":{\"@id\":\"https:\/\/ozponcho.com.au\/p\/chic-turtleneck-checkered-cape\/#primaryimage\"},\"image\":{\"@id\":\"https:\/\/ozponcho.com.au\/p\/chic-turtleneck-checkered-cape\/#primaryimage\"},\"thumbnailUrl\":\"https:\/\/ozponcho.com.au\/wp-content\/uploads\/2023\/12\/O1CN01xPajuy1k48AInuEoo_2212546284629-0-cib.jpg\",\"datePublished\":\"2023-12-13T07:35:17+00:00\",\"dateModified\":\"2024-09-24T01:41:27+00:00\",\"description\":\"Looking for a Elegant Mid-Length Plaid Poncho ? You've come to the right place \ud83d\ude04 We offers a wide selection of Elegant Mid-Length Plaid Poncho, perfect for you.\",\"breadcrumb\":{\"@id\":\"https:\/\/ozponcho.com.au\/p\/chic-turtleneck-checkered-cape\/#breadcrumb\"},\"inLanguage\":\"hu\",\"potentialAction\":[{\"@type\":\"ReadAction\",\"target\":[\"https:\/\/ozponcho.com.au\/p\/chic-turtleneck-checkered-cape\/\"]}]},{\"@type\":\"ImageObject\",\"inLanguage\":\"hu\",\"@id\":\"https:\/\/ozponcho.com.au\/p\/chic-turtleneck-checkered-cape\/#primaryimage\",\"url\":\"https:\/\/ozponcho.com.au\/wp-content\/uploads\/2023\/12\/O1CN01xPajuy1k48AInuEoo_2212546284629-0-cib.jpg\",\"contentUrl\":\"https:\/\/ozponcho.com.au\/wp-content\/uploads\/2023\/12\/O1CN01xPajuy1k48AInuEoo_2212546284629-0-cib.jpg\",\"width\":1920,\"height\":1920,\"caption\":\"Elegant Mid-Length Plaid Poncho\"},{\"@type\":\"BreadcrumbList\",\"@id\":\"https:\/\/ozponcho.com.au\/p\/chic-turtleneck-checkered-cape\/#breadcrumb\",\"itemListElement\":[{\"@type\":\"ListItem\",\"position\":1,\"name\":\"Home\",\"item\":\"https:\/\/ozponcho.com.au\/\"},{\"@type\":\"ListItem\",\"position\":2,\"name\":\"Shop\",\"item\":\"https:\/\/ozponcho.com.au\/shop\/\"},{\"@type\":\"ListItem\",\"position\":3,\"name\":\"Elegant Mid-Length Plaid Poncho\"}]},{\"@type\":\"WebSite\",\"@id\":\"https:\/\/ozponcho.com.au\/#website\",\"url\":\"https:\/\/ozponcho.com.au\/\",\"name\":\"OZ Poncho\",\"description\":\"\",\"potentialAction\":[{\"@type\":\"SearchAction\",\"target\":{\"@type\":\"EntryPoint\",\"urlTemplate\":\"https:\/\/ozponcho.com.au\/?s={search_term_string}\"},\"query-input\":{\"@type\":\"PropertyValueSpecification\",\"valueRequired\":true,\"valueName\":\"search_term_string\"}}],\"inLanguage\":\"hu\"}]}<\/script>\n<!-- \/ Yoast SEO plugin. -->","yoast_head_json":{"title":"Eleg\u00e1ns k\u00f6z\u00e9phossz\u00fa kock\u00e1s poncs\u00f3 | Magyarorsz\u00e1g #1 Poncs\u00f3 Shop","description":"Eleg\u00e1ns k\u00f6z\u00e9phossz\u00fa kock\u00e1s poncs\u00f3t keresel ? Akkor j\u00f3 helyen j\u00e1r \ud83d\ude04 Eleg\u00e1ns k\u00f6z\u00e9phossz\u00fa kock\u00e1s poncs\u00f3 sz\u00e9les v\u00e1laszt\u00e9k\u00e1t k\u00edn\u00e1ljuk, t\u00f6k\u00e9letes az \u00d6n sz\u00e1m\u00e1ra.","robots":{"index":"index","follow":"follow","max-snippet":"max-snippet:-1","max-image-preview":"max-image-preview:large","max-video-preview":"max-video-preview:-1"},"canonical":"https:\/\/ozponcho.com.au\/hu\/p\/elegans-garbo-kockas-kopeny\/","og_locale":"hu_HU","og_type":"article","og_title":"Elegant Mid-Length Plaid Poncho | Magyarorsz\u00e1g #1 Poncho Shop","og_description":"Looking for a Elegant Mid-Length Plaid Poncho ? You've come to the right place \ud83d\ude04 We offers a wide selection of Elegant Mid-Length Plaid Poncho, perfect for you.","og_url":"https:\/\/ozponcho.com.au\/hu\/p\/elegans-garbo-kockas-kopeny\/","og_site_name":"OZ Poncho","article_modified_time":"2024-09-24T01:41:27+00:00","og_image":[{"width":1920,"height":1920,"url":"https:\/\/ozponcho.com.au\/wp-content\/uploads\/2023\/12\/O1CN01xPajuy1k48AInuEoo_2212546284629-0-cib.jpg","type":"image\/jpeg"}],"twitter_card":"summary_large_image","twitter_misc":{"Becs\u00fclt olvas\u00e1si id\u0151":"1 perc"},"schema":{"@context":"https:\/\/schema.org","@graph":[{"@type":"WebPage","@id":"https:\/\/ozponcho.com.au\/p\/chic-turtleneck-checkered-cape\/","url":"https:\/\/ozponcho.com.au\/p\/chic-turtleneck-checkered-cape\/","name":"Eleg\u00e1ns k\u00f6z\u00e9phossz\u00fa kock\u00e1s poncs\u00f3 | Magyarorsz\u00e1g #1 Poncs\u00f3 Shop","isPartOf":{"@id":"https:\/\/ozponcho.com.au\/#website"},"primaryImageOfPage":{"@id":"https:\/\/ozponcho.com.au\/p\/chic-turtleneck-checkered-cape\/#primaryimage"},"image":{"@id":"https:\/\/ozponcho.com.au\/p\/chic-turtleneck-checkered-cape\/#primaryimage"},"thumbnailUrl":"https:\/\/ozponcho.com.au\/wp-content\/uploads\/2023\/12\/O1CN01xPajuy1k48AInuEoo_2212546284629-0-cib.jpg","datePublished":"2023-12-13T07:35:17+00:00","dateModified":"2024-09-24T01:41:27+00:00","description":"Eleg\u00e1ns k\u00f6z\u00e9phossz\u00fa kock\u00e1s poncs\u00f3t keresel ? Akkor j\u00f3 helyen j\u00e1r \ud83d\ude04 Eleg\u00e1ns k\u00f6z\u00e9phossz\u00fa kock\u00e1s poncs\u00f3 sz\u00e9les v\u00e1laszt\u00e9k\u00e1t k\u00edn\u00e1ljuk, t\u00f6k\u00e9letes az \u00d6n sz\u00e1m\u00e1ra.","breadcrumb":{"@id":"https:\/\/ozponcho.com.au\/p\/chic-turtleneck-checkered-cape\/#breadcrumb"},"inLanguage":"hu","potentialAction":[{"@type":"ReadAction","target":["https:\/\/ozponcho.com.au\/p\/chic-turtleneck-checkered-cape\/"]}]},{"@type":"ImageObject","inLanguage":"hu","@id":"https:\/\/ozponcho.com.au\/p\/chic-turtleneck-checkered-cape\/#primaryimage","url":"https:\/\/ozponcho.com.au\/wp-content\/uploads\/2023\/12\/O1CN01xPajuy1k48AInuEoo_2212546284629-0-cib.jpg","contentUrl":"https:\/\/ozponcho.com.au\/wp-content\/uploads\/2023\/12\/O1CN01xPajuy1k48AInuEoo_2212546284629-0-cib.jpg","width":1920,"height":1920,"caption":"Elegant Mid-Length Plaid Poncho"},{"@type":"BreadcrumbList","@id":"https:\/\/ozponcho.com.au\/p\/chic-turtleneck-checkered-cape\/#breadcrumb","itemListElement":[{"@type":"ListItem","position":1,"name":"Home","item":"https:\/\/ozponcho.com.au\/"},{"@type":"ListItem","position":2,"name":"Shop","item":"https:\/\/ozponcho.com.au\/shop\/"},{"@type":"ListItem","position":3,"name":"Elegant Mid-Length Plaid Poncho"}]},{"@type":"WebSite","@id":"https:\/\/ozponcho.com.au\/#website","url":"https:\/\/ozponcho.com.au\/","name":"OZ Poncho","description":"","potentialAction":[{"@type":"SearchAction","target":{"@type":"EntryPoint","urlTemplate":"https:\/\/ozponcho.com.au\/?s={search_term_string}"},"query-input":{"@type":"PropertyValueSpecification","valueRequired":true,"valueName":"search_term_string"}}],"inLanguage":"hu"}]}},"_links":{"self":[{"href":"https:\/\/ozponcho.com.au\/hu\/wp-json\/wp\/v2\/product\/12397","targetHints":{"allow":["GET"]}}],"collection":[{"href":"https:\/\/ozponcho.com.au\/hu\/wp-json\/wp\/v2\/product"}],"about":[{"href":"https:\/\/ozponcho.com.au\/hu\/wp-json\/wp\/v2\/types\/product"}],"wp:featuredmedia":[{"embeddable":true,"href":"https:\/\/ozponcho.com.au\/hu\/wp-json\/wp\/v2\/media\/12331"}],"wp:attachment":[{"href":"https:\/\/ozponcho.com.au\/hu\/wp-json\/wp\/v2\/media?parent=12397"}],"wp:term":[{"taxonomy":"product_brand","embeddable":true,"href":"https:\/\/ozponcho.com.au\/hu\/wp-json\/wp\/v2\/product_brand?post=12397"},{"taxonomy":"product_cat","embeddable":true,"href":"https:\/\/ozponcho.com.au\/hu\/wp-json\/wp\/v2\/product_cat?post=12397"},{"taxonomy":"product_tag","embeddable":true,"href":"https:\/\/ozponcho.com.au\/hu\/wp-json\/wp\/v2\/product_tag?post=12397"}],"curies":[{"name":"wp","href":"https:\/\/api.w.org\/{rel}","templated":true}]}}