{"id":12359,"date":"2023-12-13T18:35:07","date_gmt":"2023-12-13T07:35:07","guid":{"rendered":"https:\/\/ozponcho.com.au\/p\/vacation-hand-crocheting-tassel-shawl-cardigan-bikini-sexy-size-floral-block-cloak\/"},"modified":"2025-04-07T12:46:26","modified_gmt":"2025-04-07T01:46:26","slug":"casual-fringe-floral-shawl","status":"publish","type":"product","link":"https:\/\/ozponcho.com.au\/hu\/p\/alkalmi-rojtos-viragos-kendo\/","title":{"rendered":"Boh\u00e9m vir\u00e1gos bohemian bojtos poncs\u00f3"},"content":{"rendered":"<p>B\u00fajjon boh\u00e9m b\u00e1jba ezzel az eleg\u00e1ns, sz\u00fcrke ponch\u00f3val, amely t\u00f6k\u00e9letes arra, hogy egy csipetnyi alkalmi kifinomults\u00e1got adjon ruhat\u00e1r\u00e1hoz. A gy\u00f6ny\u00f6r\u0171 k\u00e9k vir\u00e1gos applik\u00e1ci\u00f3kkal \u00e9s j\u00e1t\u00e9kos rojtos bojtokkal ell\u00e1tott, sokoldal\u00fa darab kend\u0151s kardig\u00e1nk\u00e9nt is haszn\u00e1lhat\u00f3, \u00edgy ide\u00e1lis t\u00e1rs a tavaszi \u00e9s \u0151szi kir\u00e1ndul\u00e1sokhoz. Puha akril-pamut kever\u00e9kb\u0151l k\u00e9sz\u00fclt, laza, 3\/4 ujj\u00fa kialak\u00edt\u00e1sa k\u00e9nyelmet \u00e9s mozg\u00e1sszabads\u00e1got biztos\u00edt. Ak\u00e1r a tengerparton heny\u00e9lsz, ak\u00e1r nyaralni m\u00e9sz, ez a cs\u00e1b\u00edt\u00f3 poncs\u00f3 egyedi, k\u00e9zzel horgolt vonzerej\u00e9vel biztosan feldobja a st\u00edlusodat.<\/p>\n<div>St\u00edlus: .<\/div>\n<div>Illeszked\u00e9s: .<\/div>\n<div>Sz\u00f6vet: Pamut kever\u00e9k<\/div>\n<div>Mint\u00e1zat: Nyomtatott<\/div>\n<div>Elem: Fringe<\/div>\n<div>Top Hossz\u00fas\u00e1g: Hossz\u00fa<\/div>\n<div>H\u00fcvely t\u00edpusa: Egy\u00e9b<\/div>\n<div>H\u00fcvely hossza: 3\/4 ujj\u00fa<\/div>\n<div>Z\u00e1r\u00e1si t\u00edpus: Egy\u00e9b<\/div>\n<div>F\u0151 \u00f6sszet\u00e9tel: Akril<\/div>\n<div>Szezon: Tavaszi\/\u0151szi<\/div>\n<p><img decoding=\"async\" src=\"https:\/\/ozponcho.com.au\/wp-content\/uploads\/2024\/03\/981873554716884992.png\" \/><img decoding=\"async\" src=\"https:\/\/ozponcho.com.au\/wp-content\/uploads\/2024\/03\/O1CN01oKwhKC1K28OJmOIY0_3521621105-0-cib.jpg\" \/><img decoding=\"async\" src=\"https:\/\/ozponcho.com.au\/wp-content\/uploads\/2024\/03\/O1CN01kjlWmS1K28OJmOQpV_3521621105-0-cib.jpg\" \/><img decoding=\"async\" src=\"https:\/\/ozponcho.com.au\/wp-content\/uploads\/2024\/03\/O1CN01eFX64C1K28OJmQVkX_3521621105-0-cib.jpg\" \/><img decoding=\"async\" src=\"https:\/\/ozponcho.com.au\/wp-content\/uploads\/2024\/03\/O1CN0182Fau61K28OJmOIX9_3521621105-0-cib.jpg\" \/><img decoding=\"async\" src=\"https:\/\/ozponcho.com.au\/wp-content\/uploads\/2024\/03\/O1CN01wlYeCZ1K28OBigxR0_3521621105-0-cib.jpg\" \/><img decoding=\"async\" src=\"https:\/\/ozponcho.com.au\/wp-content\/uploads\/2024\/03\/O1CN017FSFba1K28OCfmU4H_3521621105-0-cib.jpg\" \/><\/p>","protected":false},"excerpt":{"rendered":"<p>Wrap yourself in bohemian charm with this elegant grey poncho, perfect for adding a touch of casual sophistication to your wardrobe. Featuring beautiful blue floral appliqu\u00c3\u00a9s and playful fringe tassels, this versatile piece doubles as a shawl cardigan, making it an ideal companion for spring and fall outings. Composed of soft acrylic cotton blends, its [&#8230;]","protected":false},"featured_media":12315,"template":"","meta":[],"product_brand":[],"product_cat":[225,15,228,214,210],"product_tag":[],"class_list":{"0":"post-12359","1":"product","2":"type-product","3":"status-publish","4":"has-post-thumbnail","6":"product_cat-grey-poncho","7":"product_cat-main-category","8":"product_cat-poncho-sweater","9":"product_cat-knitted-crochet-poncho","10":"product_cat-poncho-women","12":"first","13":"outofstock","14":"shipping-taxable","15":"purchasable","16":"product-type-variable"},"yoast_head":"<!-- This site is optimized with the Yoast SEO plugin v25.9 - https:\/\/yoast.com\/wordpress\/plugins\/seo\/ -->\n<title>Bohemian Floral Tassel Poncho | Magyarorsz\u00e1g #1 Poncho Shop<\/title>\n<meta name=\"description\" content=\"Looking for a Bohemian Floral Tassel Poncho ? You&#039;ve come to the right place \ud83d\ude04 We offers a wide selection of Bohemian Floral Tassel Poncho, perfect for you.\" \/>\n<meta name=\"robots\" content=\"index, follow, max-snippet:-1, max-image-preview:large, max-video-preview:-1\" \/>\n<link rel=\"canonical\" href=\"https:\/\/ozponcho.com.au\/hu\/p\/alkalmi-rojtos-viragos-kendo\/\" \/>\n<meta property=\"og:locale\" content=\"hu_HU\" \/>\n<meta property=\"og:type\" content=\"article\" \/>\n<meta property=\"og:title\" content=\"Bohemian Floral Tassel Poncho | Magyarorsz\u00e1g #1 Poncho Shop\" \/>\n<meta property=\"og:description\" content=\"Looking for a Bohemian Floral Tassel Poncho ? You&#039;ve come to the right place \ud83d\ude04 We offers a wide selection of Bohemian Floral Tassel Poncho, perfect for you.\" \/>\n<meta property=\"og:url\" content=\"https:\/\/ozponcho.com.au\/hu\/p\/alkalmi-rojtos-viragos-kendo\/\" \/>\n<meta property=\"og:site_name\" content=\"OZ Poncho\" \/>\n<meta property=\"article:modified_time\" content=\"2025-04-07T01:46:26+00:00\" \/>\n<meta property=\"og:image\" content=\"https:\/\/ozponcho.com.au\/wp-content\/uploads\/2023\/12\/O1CN01bJBqRL1K28OG04wFW_3521621105-0-cib.jpg\" \/>\n\t<meta property=\"og:image:width\" content=\"1000\" \/>\n\t<meta property=\"og:image:height\" content=\"1000\" \/>\n\t<meta property=\"og:image:type\" content=\"image\/jpeg\" \/>\n<meta name=\"twitter:card\" content=\"summary_large_image\" \/>\n<meta name=\"twitter:label1\" content=\"Becs\u00fclt olvas\u00e1si id\u0151\" \/>\n\t<meta name=\"twitter:data1\" content=\"1 perc\" \/>\n<script type=\"application\/ld+json\" class=\"yoast-schema-graph\">{\"@context\":\"https:\/\/schema.org\",\"@graph\":[{\"@type\":\"WebPage\",\"@id\":\"https:\/\/ozponcho.com.au\/p\/casual-fringe-floral-shawl\/\",\"url\":\"https:\/\/ozponcho.com.au\/p\/casual-fringe-floral-shawl\/\",\"name\":\"Bohemian Floral Tassel Poncho | Magyarorsz\u00e1g #1 Poncho Shop\",\"isPartOf\":{\"@id\":\"https:\/\/ozponcho.com.au\/#website\"},\"primaryImageOfPage\":{\"@id\":\"https:\/\/ozponcho.com.au\/p\/casual-fringe-floral-shawl\/#primaryimage\"},\"image\":{\"@id\":\"https:\/\/ozponcho.com.au\/p\/casual-fringe-floral-shawl\/#primaryimage\"},\"thumbnailUrl\":\"https:\/\/ozponcho.com.au\/wp-content\/uploads\/2023\/12\/O1CN01bJBqRL1K28OG04wFW_3521621105-0-cib.jpg\",\"datePublished\":\"2023-12-13T07:35:07+00:00\",\"dateModified\":\"2025-04-07T01:46:26+00:00\",\"description\":\"Looking for a Bohemian Floral Tassel Poncho ? You've come to the right place \ud83d\ude04 We offers a wide selection of Bohemian Floral Tassel Poncho, perfect for you.\",\"breadcrumb\":{\"@id\":\"https:\/\/ozponcho.com.au\/p\/casual-fringe-floral-shawl\/#breadcrumb\"},\"inLanguage\":\"hu\",\"potentialAction\":[{\"@type\":\"ReadAction\",\"target\":[\"https:\/\/ozponcho.com.au\/p\/casual-fringe-floral-shawl\/\"]}]},{\"@type\":\"ImageObject\",\"inLanguage\":\"hu\",\"@id\":\"https:\/\/ozponcho.com.au\/p\/casual-fringe-floral-shawl\/#primaryimage\",\"url\":\"https:\/\/ozponcho.com.au\/wp-content\/uploads\/2023\/12\/O1CN01bJBqRL1K28OG04wFW_3521621105-0-cib.jpg\",\"contentUrl\":\"https:\/\/ozponcho.com.au\/wp-content\/uploads\/2023\/12\/O1CN01bJBqRL1K28OG04wFW_3521621105-0-cib.jpg\",\"width\":1000,\"height\":1000,\"caption\":\"Bohemian Floral Tassel Poncho\"},{\"@type\":\"BreadcrumbList\",\"@id\":\"https:\/\/ozponcho.com.au\/p\/casual-fringe-floral-shawl\/#breadcrumb\",\"itemListElement\":[{\"@type\":\"ListItem\",\"position\":1,\"name\":\"Home\",\"item\":\"https:\/\/ozponcho.com.au\/\"},{\"@type\":\"ListItem\",\"position\":2,\"name\":\"Shop\",\"item\":\"https:\/\/ozponcho.com.au\/shop\/\"},{\"@type\":\"ListItem\",\"position\":3,\"name\":\"Bohemian Floral Tassel Poncho\"}]},{\"@type\":\"WebSite\",\"@id\":\"https:\/\/ozponcho.com.au\/#website\",\"url\":\"https:\/\/ozponcho.com.au\/\",\"name\":\"OZ Poncho\",\"description\":\"\",\"potentialAction\":[{\"@type\":\"SearchAction\",\"target\":{\"@type\":\"EntryPoint\",\"urlTemplate\":\"https:\/\/ozponcho.com.au\/?s={search_term_string}\"},\"query-input\":{\"@type\":\"PropertyValueSpecification\",\"valueRequired\":true,\"valueName\":\"search_term_string\"}}],\"inLanguage\":\"hu\"}]}<\/script>\n<!-- \/ Yoast SEO plugin. -->","yoast_head_json":{"title":"Boh\u00e9m vir\u00e1gos rojtos poncs\u00f3 | Magyarorsz\u00e1g #1 Poncs\u00f3 Shop","description":"Boh\u00e9m vir\u00e1gos rojtos poncs\u00f3t keres ? A legjobb helyre j\u00f6tt\u00e9l \ud83d\ude04 sz\u00e9les v\u00e1laszt\u00e9kban k\u00edn\u00e1lunk boh\u00e9m vir\u00e1gos bojtos ponch\u00f3t, ami t\u00f6k\u00e9letes az \u00d6n sz\u00e1m\u00e1ra.","robots":{"index":"index","follow":"follow","max-snippet":"max-snippet:-1","max-image-preview":"max-image-preview:large","max-video-preview":"max-video-preview:-1"},"canonical":"https:\/\/ozponcho.com.au\/hu\/p\/alkalmi-rojtos-viragos-kendo\/","og_locale":"hu_HU","og_type":"article","og_title":"Bohemian Floral Tassel Poncho | Magyarorsz\u00e1g #1 Poncho Shop","og_description":"Looking for a Bohemian Floral Tassel Poncho ? You've come to the right place \ud83d\ude04 We offers a wide selection of Bohemian Floral Tassel Poncho, perfect for you.","og_url":"https:\/\/ozponcho.com.au\/hu\/p\/alkalmi-rojtos-viragos-kendo\/","og_site_name":"OZ Poncho","article_modified_time":"2025-04-07T01:46:26+00:00","og_image":[{"width":1000,"height":1000,"url":"https:\/\/ozponcho.com.au\/wp-content\/uploads\/2023\/12\/O1CN01bJBqRL1K28OG04wFW_3521621105-0-cib.jpg","type":"image\/jpeg"}],"twitter_card":"summary_large_image","twitter_misc":{"Becs\u00fclt olvas\u00e1si id\u0151":"1 perc"},"schema":{"@context":"https:\/\/schema.org","@graph":[{"@type":"WebPage","@id":"https:\/\/ozponcho.com.au\/p\/casual-fringe-floral-shawl\/","url":"https:\/\/ozponcho.com.au\/p\/casual-fringe-floral-shawl\/","name":"Boh\u00e9m vir\u00e1gos rojtos poncs\u00f3 | Magyarorsz\u00e1g #1 Poncs\u00f3 Shop","isPartOf":{"@id":"https:\/\/ozponcho.com.au\/#website"},"primaryImageOfPage":{"@id":"https:\/\/ozponcho.com.au\/p\/casual-fringe-floral-shawl\/#primaryimage"},"image":{"@id":"https:\/\/ozponcho.com.au\/p\/casual-fringe-floral-shawl\/#primaryimage"},"thumbnailUrl":"https:\/\/ozponcho.com.au\/wp-content\/uploads\/2023\/12\/O1CN01bJBqRL1K28OG04wFW_3521621105-0-cib.jpg","datePublished":"2023-12-13T07:35:07+00:00","dateModified":"2025-04-07T01:46:26+00:00","description":"Boh\u00e9m vir\u00e1gos rojtos poncs\u00f3t keres ? A legjobb helyre j\u00f6tt\u00e9l \ud83d\ude04 sz\u00e9les v\u00e1laszt\u00e9kban k\u00edn\u00e1lunk boh\u00e9m vir\u00e1gos bojtos ponch\u00f3t, ami t\u00f6k\u00e9letes az \u00d6n sz\u00e1m\u00e1ra.","breadcrumb":{"@id":"https:\/\/ozponcho.com.au\/p\/casual-fringe-floral-shawl\/#breadcrumb"},"inLanguage":"hu","potentialAction":[{"@type":"ReadAction","target":["https:\/\/ozponcho.com.au\/p\/casual-fringe-floral-shawl\/"]}]},{"@type":"ImageObject","inLanguage":"hu","@id":"https:\/\/ozponcho.com.au\/p\/casual-fringe-floral-shawl\/#primaryimage","url":"https:\/\/ozponcho.com.au\/wp-content\/uploads\/2023\/12\/O1CN01bJBqRL1K28OG04wFW_3521621105-0-cib.jpg","contentUrl":"https:\/\/ozponcho.com.au\/wp-content\/uploads\/2023\/12\/O1CN01bJBqRL1K28OG04wFW_3521621105-0-cib.jpg","width":1000,"height":1000,"caption":"Bohemian Floral Tassel Poncho"},{"@type":"BreadcrumbList","@id":"https:\/\/ozponcho.com.au\/p\/casual-fringe-floral-shawl\/#breadcrumb","itemListElement":[{"@type":"ListItem","position":1,"name":"Home","item":"https:\/\/ozponcho.com.au\/"},{"@type":"ListItem","position":2,"name":"Shop","item":"https:\/\/ozponcho.com.au\/shop\/"},{"@type":"ListItem","position":3,"name":"Bohemian Floral Tassel Poncho"}]},{"@type":"WebSite","@id":"https:\/\/ozponcho.com.au\/#website","url":"https:\/\/ozponcho.com.au\/","name":"OZ Poncho","description":"","potentialAction":[{"@type":"SearchAction","target":{"@type":"EntryPoint","urlTemplate":"https:\/\/ozponcho.com.au\/?s={search_term_string}"},"query-input":{"@type":"PropertyValueSpecification","valueRequired":true,"valueName":"search_term_string"}}],"inLanguage":"hu"}]}},"_links":{"self":[{"href":"https:\/\/ozponcho.com.au\/hu\/wp-json\/wp\/v2\/product\/12359","targetHints":{"allow":["GET"]}}],"collection":[{"href":"https:\/\/ozponcho.com.au\/hu\/wp-json\/wp\/v2\/product"}],"about":[{"href":"https:\/\/ozponcho.com.au\/hu\/wp-json\/wp\/v2\/types\/product"}],"wp:featuredmedia":[{"embeddable":true,"href":"https:\/\/ozponcho.com.au\/hu\/wp-json\/wp\/v2\/media\/12315"}],"wp:attachment":[{"href":"https:\/\/ozponcho.com.au\/hu\/wp-json\/wp\/v2\/media?parent=12359"}],"wp:term":[{"taxonomy":"product_brand","embeddable":true,"href":"https:\/\/ozponcho.com.au\/hu\/wp-json\/wp\/v2\/product_brand?post=12359"},{"taxonomy":"product_cat","embeddable":true,"href":"https:\/\/ozponcho.com.au\/hu\/wp-json\/wp\/v2\/product_cat?post=12359"},{"taxonomy":"product_tag","embeddable":true,"href":"https:\/\/ozponcho.com.au\/hu\/wp-json\/wp\/v2\/product_tag?post=12359"}],"curies":[{"name":"wp","href":"https:\/\/api.w.org\/{rel}","templated":true}]}}