{"id":12326,"date":"2023-12-13T18:34:57","date_gmt":"2023-12-13T07:34:57","guid":{"rendered":"https:\/\/ozponcho.com.au\/p\/leopard-print-sweater-autumn-winter-fur-collar-cardigan-shawl-knitted-coat\/"},"modified":"2024-04-19T18:39:22","modified_gmt":"2024-04-19T07:39:22","slug":"casual-knitted-fur-trim-poncho","status":"publish","type":"product","link":"https:\/\/ozponcho.com.au\/hu\/p\/alkalmi-kotott-szormes-poncso\/","title":{"rendered":"Eleg\u00e1ns leop\u00e1rd poncs\u00f3 pul\u00f3ver"},"content":{"rendered":"<p>\u00d6lelje mag\u00e1ra a szezon eleganci\u00e1j\u00e1t eleg\u00e1ns Leopard Poncho pul\u00f3ver\u00fcnkkel. Ellen\u00e1llhatatlanul puha akril k\u00f6t\u00f6tt anyag\u00e1b\u00f3l k\u00e9sz\u00fclt pul\u00f3vere kellemes meleget biztos\u00edt, amely t\u00f6k\u00e9letes az \u0151szi hideghez \u00e9s a kora tavaszi szell\u0151h\u00f6z. Ez a st\u00edlusos k\u00fcls\u0151 r\u00e9teg pazar m\u0171sz\u0151rme gall\u00e9rral \u00e9s j\u00e1t\u00e9kos rojtos szeg\u00e9llyel d\u00edsz\u00edtve divatos csavart ad b\u00e1rmelyik \u00f6lt\u00f6z\u00e9knek. A sokoldal\u00fa khaki sz\u00edn \u00e9s az \u00e1llatmint\u00e1s diz\u00e1jn szemet gy\u00f6ny\u00f6rk\u00f6dtet\u0151 kieg\u00e9sz\u00edt\u0151je a ruhat\u00e1radnak. Ez a poncs\u00f3 t\u00f6k\u00e9letes a r\u00e9teges \u00f6lt\u00f6zk\u00f6d\u00e9shez, \u00e9s azt \u00edg\u00e9ri, hogy st\u00edlusosan k\u00e9nyelmes \u00e9s k\u00f6nnyed\u00e9n trendi marad.<\/p>\n<div>St\u00edlus: .<\/div>\n<div>Illeszked\u00e9s: .<\/div>\n<div>Sz\u00f6vet: Jersey<\/div>\n<div>Mint\u00e1zat: \u00c1llati minta: Animal Print<\/div>\n<div>Elem: Fringe<\/div>\n<div>Top Hossz\u00fas\u00e1g: .<\/div>\n<div>H\u00fcvely t\u00edpusa: H\u00fcvely: Dolman ujj<\/div>\n<div>H\u00fcvely hossza: Hossz\u00fa ujj\u00fa<\/div>\n<div>Z\u00e1r\u00e1si t\u00edpus: Egy\u00e9b<\/div>\n<div>F\u0151 \u00f6sszet\u00e9tel: Akril<\/div>\n<div>Szezon: Tavaszi\/\u0151szi<\/div>\n<p><img decoding=\"async\" src=\"https:\/\/ozponcho.com.au\/wp-content\/uploads\/2024\/03\/976533293446987776.png\" \/><img decoding=\"async\" src=\"https:\/\/ozponcho.com.au\/wp-content\/uploads\/2024\/03\/988473209105940480.jpg\" \/><img decoding=\"async\" src=\"https:\/\/ozponcho.com.au\/wp-content\/uploads\/2024\/03\/988473210863353856.jpg\" \/><img decoding=\"async\" src=\"https:\/\/ozponcho.com.au\/wp-content\/uploads\/2024\/03\/988473214873108480.jpg\" \/><img decoding=\"async\" src=\"https:\/\/ozponcho.com.au\/wp-content\/uploads\/2024\/03\/988473216408223744.jpg\" \/><\/p>","protected":false},"excerpt":{"rendered":"<p>Embrace the elegance of the season with our chic Leopard Poncho Sweater. Its irresistibly soft acrylic knit provides a cozy warmth that&#8217;s perfect for autumn chills and early spring breezes. Embellished with a sumptuous faux fur collar and a playful fringe hem, this stylish outer layer offers a fashionable twist to any outfit. The versatile [&#8230;]","protected":false},"featured_media":12278,"template":"","meta":[],"product_brand":[],"product_cat":[226,218,15,228,210],"product_tag":[],"class_list":{"0":"post-12326","1":"product","2":"type-product","3":"status-publish","4":"has-post-thumbnail","6":"product_cat-brown-poncho","7":"product_cat-fur-poncho","8":"product_cat-main-category","9":"product_cat-poncho-sweater","10":"product_cat-poncho-women","12":"first","13":"outofstock","14":"shipping-taxable","15":"purchasable","16":"product-type-variable"},"yoast_head":"<!-- This site is optimized with the Yoast SEO plugin v25.9 - https:\/\/yoast.com\/wordpress\/plugins\/seo\/ -->\n<title>Chic Leopard Poncho Sweater | Magyarorsz\u00e1g #1 Poncho Shop<\/title>\n<meta name=\"description\" content=\"Looking for a Chic Leopard Poncho Sweater ? You&#039;ve come to the right place \ud83d\ude04 We offers a wide selection of Chic Leopard Poncho Sweater, perfect for you.\" \/>\n<meta name=\"robots\" content=\"index, follow, max-snippet:-1, max-image-preview:large, max-video-preview:-1\" \/>\n<link rel=\"canonical\" href=\"https:\/\/ozponcho.com.au\/hu\/p\/alkalmi-kotott-szormes-poncso\/\" \/>\n<meta property=\"og:locale\" content=\"hu_HU\" \/>\n<meta property=\"og:type\" content=\"article\" \/>\n<meta property=\"og:title\" content=\"Chic Leopard Poncho Sweater | Magyarorsz\u00e1g #1 Poncho Shop\" \/>\n<meta property=\"og:description\" content=\"Looking for a Chic Leopard Poncho Sweater ? You&#039;ve come to the right place \ud83d\ude04 We offers a wide selection of Chic Leopard Poncho Sweater, perfect for you.\" \/>\n<meta property=\"og:url\" content=\"https:\/\/ozponcho.com.au\/hu\/p\/alkalmi-kotott-szormes-poncso\/\" \/>\n<meta property=\"og:site_name\" content=\"OZ Poncho\" \/>\n<meta property=\"article:modified_time\" content=\"2024-04-19T07:39:22+00:00\" \/>\n<meta property=\"og:image\" content=\"https:\/\/ozponcho.com.au\/wp-content\/uploads\/2023\/12\/988470721384546304.jpg\" \/>\n\t<meta property=\"og:image:width\" content=\"1340\" \/>\n\t<meta property=\"og:image:height\" content=\"1785\" \/>\n\t<meta property=\"og:image:type\" content=\"image\/jpeg\" \/>\n<meta name=\"twitter:card\" content=\"summary_large_image\" \/>\n<meta name=\"twitter:label1\" content=\"Becs\u00fclt olvas\u00e1si id\u0151\" \/>\n\t<meta name=\"twitter:data1\" content=\"2 perc\" \/>\n<script type=\"application\/ld+json\" class=\"yoast-schema-graph\">{\"@context\":\"https:\/\/schema.org\",\"@graph\":[{\"@type\":\"WebPage\",\"@id\":\"https:\/\/ozponcho.com.au\/p\/casual-knitted-fur-trim-poncho\/\",\"url\":\"https:\/\/ozponcho.com.au\/p\/casual-knitted-fur-trim-poncho\/\",\"name\":\"Chic Leopard Poncho Sweater | Magyarorsz\u00e1g #1 Poncho Shop\",\"isPartOf\":{\"@id\":\"https:\/\/ozponcho.com.au\/#website\"},\"primaryImageOfPage\":{\"@id\":\"https:\/\/ozponcho.com.au\/p\/casual-knitted-fur-trim-poncho\/#primaryimage\"},\"image\":{\"@id\":\"https:\/\/ozponcho.com.au\/p\/casual-knitted-fur-trim-poncho\/#primaryimage\"},\"thumbnailUrl\":\"https:\/\/ozponcho.com.au\/wp-content\/uploads\/2023\/12\/988470721384546304.jpg\",\"datePublished\":\"2023-12-13T07:34:57+00:00\",\"dateModified\":\"2024-04-19T07:39:22+00:00\",\"description\":\"Looking for a Chic Leopard Poncho Sweater ? You've come to the right place \ud83d\ude04 We offers a wide selection of Chic Leopard Poncho Sweater, perfect for you.\",\"breadcrumb\":{\"@id\":\"https:\/\/ozponcho.com.au\/p\/casual-knitted-fur-trim-poncho\/#breadcrumb\"},\"inLanguage\":\"hu\",\"potentialAction\":[{\"@type\":\"ReadAction\",\"target\":[\"https:\/\/ozponcho.com.au\/p\/casual-knitted-fur-trim-poncho\/\"]}]},{\"@type\":\"ImageObject\",\"inLanguage\":\"hu\",\"@id\":\"https:\/\/ozponcho.com.au\/p\/casual-knitted-fur-trim-poncho\/#primaryimage\",\"url\":\"https:\/\/ozponcho.com.au\/wp-content\/uploads\/2023\/12\/988470721384546304.jpg\",\"contentUrl\":\"https:\/\/ozponcho.com.au\/wp-content\/uploads\/2023\/12\/988470721384546304.jpg\",\"width\":1340,\"height\":1785,\"caption\":\"Chic Leopard Poncho Sweater\"},{\"@type\":\"BreadcrumbList\",\"@id\":\"https:\/\/ozponcho.com.au\/p\/casual-knitted-fur-trim-poncho\/#breadcrumb\",\"itemListElement\":[{\"@type\":\"ListItem\",\"position\":1,\"name\":\"Home\",\"item\":\"https:\/\/ozponcho.com.au\/\"},{\"@type\":\"ListItem\",\"position\":2,\"name\":\"Shop\",\"item\":\"https:\/\/ozponcho.com.au\/shop\/\"},{\"@type\":\"ListItem\",\"position\":3,\"name\":\"Chic Leopard Poncho Sweater\"}]},{\"@type\":\"WebSite\",\"@id\":\"https:\/\/ozponcho.com.au\/#website\",\"url\":\"https:\/\/ozponcho.com.au\/\",\"name\":\"OZ Poncho\",\"description\":\"\",\"potentialAction\":[{\"@type\":\"SearchAction\",\"target\":{\"@type\":\"EntryPoint\",\"urlTemplate\":\"https:\/\/ozponcho.com.au\/?s={search_term_string}\"},\"query-input\":{\"@type\":\"PropertyValueSpecification\",\"valueRequired\":true,\"valueName\":\"search_term_string\"}}],\"inLanguage\":\"hu\"}]}<\/script>\n<!-- \/ Yoast SEO plugin. -->","yoast_head_json":{"title":"Eleg\u00e1ns Leop\u00e1rd Poncs\u00f3 pul\u00f3ver | Magyarorsz\u00e1g #1 Poncho Shop","description":"Sikkes leop\u00e1rdos poncs\u00f3 pul\u00f3vert keresel ? A legjobb helyen j\u00e1rsz \ud83d\ude04 A Chic Leopard Poncho Pulcsi sz\u00e9les v\u00e1laszt\u00e9k\u00e1t k\u00edn\u00e1ljuk, t\u00f6k\u00e9letes az \u00d6n sz\u00e1m\u00e1ra.","robots":{"index":"index","follow":"follow","max-snippet":"max-snippet:-1","max-image-preview":"max-image-preview:large","max-video-preview":"max-video-preview:-1"},"canonical":"https:\/\/ozponcho.com.au\/hu\/p\/alkalmi-kotott-szormes-poncso\/","og_locale":"hu_HU","og_type":"article","og_title":"Chic Leopard Poncho Sweater | Magyarorsz\u00e1g #1 Poncho Shop","og_description":"Looking for a Chic Leopard Poncho Sweater ? You've come to the right place \ud83d\ude04 We offers a wide selection of Chic Leopard Poncho Sweater, perfect for you.","og_url":"https:\/\/ozponcho.com.au\/hu\/p\/alkalmi-kotott-szormes-poncso\/","og_site_name":"OZ Poncho","article_modified_time":"2024-04-19T07:39:22+00:00","og_image":[{"width":1340,"height":1785,"url":"https:\/\/ozponcho.com.au\/wp-content\/uploads\/2023\/12\/988470721384546304.jpg","type":"image\/jpeg"}],"twitter_card":"summary_large_image","twitter_misc":{"Becs\u00fclt olvas\u00e1si id\u0151":"2 perc"},"schema":{"@context":"https:\/\/schema.org","@graph":[{"@type":"WebPage","@id":"https:\/\/ozponcho.com.au\/p\/casual-knitted-fur-trim-poncho\/","url":"https:\/\/ozponcho.com.au\/p\/casual-knitted-fur-trim-poncho\/","name":"Eleg\u00e1ns Leop\u00e1rd Poncs\u00f3 pul\u00f3ver | Magyarorsz\u00e1g #1 Poncho Shop","isPartOf":{"@id":"https:\/\/ozponcho.com.au\/#website"},"primaryImageOfPage":{"@id":"https:\/\/ozponcho.com.au\/p\/casual-knitted-fur-trim-poncho\/#primaryimage"},"image":{"@id":"https:\/\/ozponcho.com.au\/p\/casual-knitted-fur-trim-poncho\/#primaryimage"},"thumbnailUrl":"https:\/\/ozponcho.com.au\/wp-content\/uploads\/2023\/12\/988470721384546304.jpg","datePublished":"2023-12-13T07:34:57+00:00","dateModified":"2024-04-19T07:39:22+00:00","description":"Sikkes leop\u00e1rdos poncs\u00f3 pul\u00f3vert keresel ? A legjobb helyen j\u00e1rsz \ud83d\ude04 A Chic Leopard Poncho Pulcsi sz\u00e9les v\u00e1laszt\u00e9k\u00e1t k\u00edn\u00e1ljuk, t\u00f6k\u00e9letes az \u00d6n sz\u00e1m\u00e1ra.","breadcrumb":{"@id":"https:\/\/ozponcho.com.au\/p\/casual-knitted-fur-trim-poncho\/#breadcrumb"},"inLanguage":"hu","potentialAction":[{"@type":"ReadAction","target":["https:\/\/ozponcho.com.au\/p\/casual-knitted-fur-trim-poncho\/"]}]},{"@type":"ImageObject","inLanguage":"hu","@id":"https:\/\/ozponcho.com.au\/p\/casual-knitted-fur-trim-poncho\/#primaryimage","url":"https:\/\/ozponcho.com.au\/wp-content\/uploads\/2023\/12\/988470721384546304.jpg","contentUrl":"https:\/\/ozponcho.com.au\/wp-content\/uploads\/2023\/12\/988470721384546304.jpg","width":1340,"height":1785,"caption":"Chic Leopard Poncho Sweater"},{"@type":"BreadcrumbList","@id":"https:\/\/ozponcho.com.au\/p\/casual-knitted-fur-trim-poncho\/#breadcrumb","itemListElement":[{"@type":"ListItem","position":1,"name":"Home","item":"https:\/\/ozponcho.com.au\/"},{"@type":"ListItem","position":2,"name":"Shop","item":"https:\/\/ozponcho.com.au\/shop\/"},{"@type":"ListItem","position":3,"name":"Chic Leopard Poncho Sweater"}]},{"@type":"WebSite","@id":"https:\/\/ozponcho.com.au\/#website","url":"https:\/\/ozponcho.com.au\/","name":"OZ Poncho","description":"","potentialAction":[{"@type":"SearchAction","target":{"@type":"EntryPoint","urlTemplate":"https:\/\/ozponcho.com.au\/?s={search_term_string}"},"query-input":{"@type":"PropertyValueSpecification","valueRequired":true,"valueName":"search_term_string"}}],"inLanguage":"hu"}]}},"_links":{"self":[{"href":"https:\/\/ozponcho.com.au\/hu\/wp-json\/wp\/v2\/product\/12326","targetHints":{"allow":["GET"]}}],"collection":[{"href":"https:\/\/ozponcho.com.au\/hu\/wp-json\/wp\/v2\/product"}],"about":[{"href":"https:\/\/ozponcho.com.au\/hu\/wp-json\/wp\/v2\/types\/product"}],"wp:featuredmedia":[{"embeddable":true,"href":"https:\/\/ozponcho.com.au\/hu\/wp-json\/wp\/v2\/media\/12278"}],"wp:attachment":[{"href":"https:\/\/ozponcho.com.au\/hu\/wp-json\/wp\/v2\/media?parent=12326"}],"wp:term":[{"taxonomy":"product_brand","embeddable":true,"href":"https:\/\/ozponcho.com.au\/hu\/wp-json\/wp\/v2\/product_brand?post=12326"},{"taxonomy":"product_cat","embeddable":true,"href":"https:\/\/ozponcho.com.au\/hu\/wp-json\/wp\/v2\/product_cat?post=12326"},{"taxonomy":"product_tag","embeddable":true,"href":"https:\/\/ozponcho.com.au\/hu\/wp-json\/wp\/v2\/product_tag?post=12326"}],"curies":[{"name":"wp","href":"https:\/\/api.w.org\/{rel}","templated":true}]}}