{"id":12310,"date":"2023-12-13T18:34:48","date_gmt":"2023-12-13T07:34:48","guid":{"rendered":"https:\/\/ozponcho.com.au\/p\/houndstooth-sweater-autumn-winter-fur-collar-cardigan-knitted-coat-women\/"},"modified":"2024-06-22T18:31:15","modified_gmt":"2024-06-22T07:31:15","slug":"knit-fur-collar-poncho","status":"publish","type":"product","link":"https:\/\/ozponcho.com.au\/hu\/p\/kotott-szorme-galler-poncso\/","title":{"rendered":"Houndstooth rojtos poncs\u00f3 pul\u00f3ver"},"content":{"rendered":"<p>Tekerd be magad st\u00edlusosan ezzel a divatos Houndstooth Poncho pul\u00f3verrel, amely t\u00f6k\u00e9letes az \u0151szi \u00e9s t\u00e9li eleganci\u00e1hoz. A luxus m\u0171sz\u0151rme gall\u00e9rja kifinomults\u00e1got k\u00f6lcs\u00f6n\u00f6z, m\u00edg a vad\u00e1szfogas minta \u00e9s a rojtos r\u00e9szletek boh\u00e9m b\u00e1jt k\u00f6lcs\u00f6n\u00f6znek. K\u00e9nyelmes trik\u00f3k\u00f6t\u00e9sb\u0151l k\u00e9sz\u00fclt, \u00edgy egyszerre \u00edg\u00e9r k\u00e9nyelmet \u00e9s meleget. Laza szab\u00e1sa k\u00fcl\u00f6nb\u00f6z\u0151 testalkatokhoz illik, \u00edgy befogad\u00f3 divatnyilatkozatot tesz. Ne hagyja ki ezt az eleg\u00e1ns, sokoldal\u00fa darabot - friss\u00edtse fel ruhat\u00e1r\u00e1t, \u00e9s l\u00e9pjen ki magabiztosan!<\/p>\n<div>St\u00edlus: .<\/div>\n<div>Illeszked\u00e9s: .<\/div>\n<div>Sz\u00f6vet: Jersey<\/div>\n<div>Mint\u00e1zat: .<\/div>\n<div>Elem: Fringe<\/div>\n<div>Top Hossz\u00fas\u00e1g: .<\/div>\n<div>H\u00fcvely t\u00edpusa: H\u00fcvely: Dolman ujj<\/div>\n<div>H\u00fcvely hossza: Hossz\u00fa ujj\u00fa<\/div>\n<div>Z\u00e1r\u00e1si t\u00edpus: Egy\u00e9b<\/div>\n<div>F\u0151 \u00f6sszet\u00e9tel: Akril<\/div>\n<div>Szezon: \u0150sz\/T\u00e9l<\/div>\n<p><img decoding=\"async\" src=\"https:\/\/ozponcho.com.au\/wp-content\/uploads\/2024\/03\/976532270166835200.png\" \/><img decoding=\"async\" src=\"https:\/\/ozponcho.com.au\/wp-content\/uploads\/2024\/03\/O1CN01jB5pK91HIfn3FjE91_2331630735-0-cib.jpg\" \/><img decoding=\"async\" src=\"https:\/\/ozponcho.com.au\/wp-content\/uploads\/2024\/03\/O1CN01O00lY71HIfmya7ylI_2331630735-0-cib.jpg\" \/><img decoding=\"async\" src=\"https:\/\/ozponcho.com.au\/wp-content\/uploads\/2024\/03\/O1CN01BvZMCe1HIfn7mTNhL_2331630735-0-cib.jpg\" \/><img decoding=\"async\" src=\"https:\/\/ozponcho.com.au\/wp-content\/uploads\/2024\/03\/O1CN01orUvOO1HIfn0ZXYae_2331630735-0-cib.jpg\" \/><img decoding=\"async\" src=\"https:\/\/ozponcho.com.au\/wp-content\/uploads\/2024\/03\/O1CN01dzbCDE1HIfn3FkZNI_2331630735-0-cib.jpg\" \/><img decoding=\"async\" src=\"https:\/\/ozponcho.com.au\/wp-content\/uploads\/2024\/03\/O1CN01kNnswc1HIfn7mSF1P_2331630735-0-cib.jpg\" \/><img decoding=\"async\" src=\"https:\/\/ozponcho.com.au\/wp-content\/uploads\/2024\/03\/O1CN01zVehrY1HIfmrv6Ech_2331630735-0-cib.jpg\" \/><\/p>","protected":false},"excerpt":{"rendered":"<p>Wrap yourself in style with this on-trend Houndstooth Poncho Sweater, perfect for autumn and winter elegance. Its luxurious faux fur collar adds sophistication, while the houndstooth pattern and fringe details provide a bohemian charm. Crafted from snug jersey knit, it promises both comfort and warmth. The loose fit suits various body types, making it an [&#8230;]","protected":false},"featured_media":12263,"template":"","meta":[],"product_brand":[],"product_cat":[226,218,15,228,210],"product_tag":[],"class_list":{"0":"post-12310","1":"product","2":"type-product","3":"status-publish","4":"has-post-thumbnail","6":"product_cat-brown-poncho","7":"product_cat-fur-poncho","8":"product_cat-main-category","9":"product_cat-poncho-sweater","10":"product_cat-poncho-women","12":"first","13":"outofstock","14":"shipping-taxable","15":"purchasable","16":"product-type-variable"},"yoast_head":"<!-- This site is optimized with the Yoast SEO plugin v25.9 - https:\/\/yoast.com\/wordpress\/plugins\/seo\/ -->\n<title>Houndstooth Fringe Poncho Sweater | Magyarorsz\u00e1g #1 Poncho Shop<\/title>\n<meta name=\"description\" content=\"Looking for a Houndstooth Fringe Poncho Sweater ? You&#039;ve come to the right place \ud83d\ude04 We offers a wide selection of Houndstooth Fringe Poncho Sweater, perfect for you.\" \/>\n<meta name=\"robots\" content=\"index, follow, max-snippet:-1, max-image-preview:large, max-video-preview:-1\" \/>\n<link rel=\"canonical\" href=\"https:\/\/ozponcho.com.au\/hu\/p\/kotott-szorme-galler-poncso\/\" \/>\n<meta property=\"og:locale\" content=\"hu_HU\" \/>\n<meta property=\"og:type\" content=\"article\" \/>\n<meta property=\"og:title\" content=\"Houndstooth Fringe Poncho Sweater | Magyarorsz\u00e1g #1 Poncho Shop\" \/>\n<meta property=\"og:description\" content=\"Looking for a Houndstooth Fringe Poncho Sweater ? You&#039;ve come to the right place \ud83d\ude04 We offers a wide selection of Houndstooth Fringe Poncho Sweater, perfect for you.\" \/>\n<meta property=\"og:url\" content=\"https:\/\/ozponcho.com.au\/hu\/p\/kotott-szorme-galler-poncso\/\" \/>\n<meta property=\"og:site_name\" content=\"OZ Poncho\" \/>\n<meta property=\"article:modified_time\" content=\"2024-06-22T07:31:15+00:00\" \/>\n<meta property=\"og:image\" content=\"https:\/\/ozponcho.com.au\/wp-content\/uploads\/2023\/12\/O1CN01BvZMCe1HIfn7mTNhL_2331630735-0-cib.jpg\" \/>\n\t<meta property=\"og:image:width\" content=\"1340\" \/>\n\t<meta property=\"og:image:height\" content=\"1785\" \/>\n\t<meta property=\"og:image:type\" content=\"image\/jpeg\" \/>\n<meta name=\"twitter:card\" content=\"summary_large_image\" \/>\n<meta name=\"twitter:label1\" content=\"Becs\u00fclt olvas\u00e1si id\u0151\" \/>\n\t<meta name=\"twitter:data1\" content=\"3 perc\" \/>\n<script type=\"application\/ld+json\" class=\"yoast-schema-graph\">{\"@context\":\"https:\/\/schema.org\",\"@graph\":[{\"@type\":\"WebPage\",\"@id\":\"https:\/\/ozponcho.com.au\/p\/knit-fur-collar-poncho\/\",\"url\":\"https:\/\/ozponcho.com.au\/p\/knit-fur-collar-poncho\/\",\"name\":\"Houndstooth Fringe Poncho Sweater | Magyarorsz\u00e1g #1 Poncho Shop\",\"isPartOf\":{\"@id\":\"https:\/\/ozponcho.com.au\/#website\"},\"primaryImageOfPage\":{\"@id\":\"https:\/\/ozponcho.com.au\/p\/knit-fur-collar-poncho\/#primaryimage\"},\"image\":{\"@id\":\"https:\/\/ozponcho.com.au\/p\/knit-fur-collar-poncho\/#primaryimage\"},\"thumbnailUrl\":\"https:\/\/ozponcho.com.au\/wp-content\/uploads\/2023\/12\/O1CN01BvZMCe1HIfn7mTNhL_2331630735-0-cib.jpg\",\"datePublished\":\"2023-12-13T07:34:48+00:00\",\"dateModified\":\"2024-06-22T07:31:15+00:00\",\"description\":\"Looking for a Houndstooth Fringe Poncho Sweater ? You've come to the right place \ud83d\ude04 We offers a wide selection of Houndstooth Fringe Poncho Sweater, perfect for you.\",\"breadcrumb\":{\"@id\":\"https:\/\/ozponcho.com.au\/p\/knit-fur-collar-poncho\/#breadcrumb\"},\"inLanguage\":\"hu\",\"potentialAction\":[{\"@type\":\"ReadAction\",\"target\":[\"https:\/\/ozponcho.com.au\/p\/knit-fur-collar-poncho\/\"]}]},{\"@type\":\"ImageObject\",\"inLanguage\":\"hu\",\"@id\":\"https:\/\/ozponcho.com.au\/p\/knit-fur-collar-poncho\/#primaryimage\",\"url\":\"https:\/\/ozponcho.com.au\/wp-content\/uploads\/2023\/12\/O1CN01BvZMCe1HIfn7mTNhL_2331630735-0-cib.jpg\",\"contentUrl\":\"https:\/\/ozponcho.com.au\/wp-content\/uploads\/2023\/12\/O1CN01BvZMCe1HIfn7mTNhL_2331630735-0-cib.jpg\",\"width\":1340,\"height\":1785,\"caption\":\"Houndstooth Fringe Poncho Sweater\"},{\"@type\":\"BreadcrumbList\",\"@id\":\"https:\/\/ozponcho.com.au\/p\/knit-fur-collar-poncho\/#breadcrumb\",\"itemListElement\":[{\"@type\":\"ListItem\",\"position\":1,\"name\":\"Home\",\"item\":\"https:\/\/ozponcho.com.au\/\"},{\"@type\":\"ListItem\",\"position\":2,\"name\":\"Shop\",\"item\":\"https:\/\/ozponcho.com.au\/shop\/\"},{\"@type\":\"ListItem\",\"position\":3,\"name\":\"Houndstooth Fringe Poncho Sweater\"}]},{\"@type\":\"WebSite\",\"@id\":\"https:\/\/ozponcho.com.au\/#website\",\"url\":\"https:\/\/ozponcho.com.au\/\",\"name\":\"OZ Poncho\",\"description\":\"\",\"potentialAction\":[{\"@type\":\"SearchAction\",\"target\":{\"@type\":\"EntryPoint\",\"urlTemplate\":\"https:\/\/ozponcho.com.au\/?s={search_term_string}\"},\"query-input\":{\"@type\":\"PropertyValueSpecification\",\"valueRequired\":true,\"valueName\":\"search_term_string\"}}],\"inLanguage\":\"hu\"}]}<\/script>\n<!-- \/ Yoast SEO plugin. -->","yoast_head_json":{"title":"Houndstooth rojtos poncs\u00f3 pul\u00f3ver | Magyarorsz\u00e1g #1 Poncs\u00f3 Shop","description":"Houndstooth rojtos poncs\u00f3 pul\u00f3vert keresel ? A legjobb helyen j\u00e1rsz \ud83d\ude04 Houndstooth Fringe Poncho Sweater sz\u00e9les v\u00e1laszt\u00e9k\u00e1t k\u00edn\u00e1ljuk, t\u00f6k\u00e9letes az \u00d6n sz\u00e1m\u00e1ra.","robots":{"index":"index","follow":"follow","max-snippet":"max-snippet:-1","max-image-preview":"max-image-preview:large","max-video-preview":"max-video-preview:-1"},"canonical":"https:\/\/ozponcho.com.au\/hu\/p\/kotott-szorme-galler-poncso\/","og_locale":"hu_HU","og_type":"article","og_title":"Houndstooth Fringe Poncho Sweater | Magyarorsz\u00e1g #1 Poncho Shop","og_description":"Looking for a Houndstooth Fringe Poncho Sweater ? You've come to the right place \ud83d\ude04 We offers a wide selection of Houndstooth Fringe Poncho Sweater, perfect for you.","og_url":"https:\/\/ozponcho.com.au\/hu\/p\/kotott-szorme-galler-poncso\/","og_site_name":"OZ Poncho","article_modified_time":"2024-06-22T07:31:15+00:00","og_image":[{"width":1340,"height":1785,"url":"https:\/\/ozponcho.com.au\/wp-content\/uploads\/2023\/12\/O1CN01BvZMCe1HIfn7mTNhL_2331630735-0-cib.jpg","type":"image\/jpeg"}],"twitter_card":"summary_large_image","twitter_misc":{"Becs\u00fclt olvas\u00e1si id\u0151":"3 perc"},"schema":{"@context":"https:\/\/schema.org","@graph":[{"@type":"WebPage","@id":"https:\/\/ozponcho.com.au\/p\/knit-fur-collar-poncho\/","url":"https:\/\/ozponcho.com.au\/p\/knit-fur-collar-poncho\/","name":"Houndstooth rojtos poncs\u00f3 pul\u00f3ver | Magyarorsz\u00e1g #1 Poncs\u00f3 Shop","isPartOf":{"@id":"https:\/\/ozponcho.com.au\/#website"},"primaryImageOfPage":{"@id":"https:\/\/ozponcho.com.au\/p\/knit-fur-collar-poncho\/#primaryimage"},"image":{"@id":"https:\/\/ozponcho.com.au\/p\/knit-fur-collar-poncho\/#primaryimage"},"thumbnailUrl":"https:\/\/ozponcho.com.au\/wp-content\/uploads\/2023\/12\/O1CN01BvZMCe1HIfn7mTNhL_2331630735-0-cib.jpg","datePublished":"2023-12-13T07:34:48+00:00","dateModified":"2024-06-22T07:31:15+00:00","description":"Houndstooth rojtos poncs\u00f3 pul\u00f3vert keresel ? A legjobb helyen j\u00e1rsz \ud83d\ude04 Houndstooth Fringe Poncho Sweater sz\u00e9les v\u00e1laszt\u00e9k\u00e1t k\u00edn\u00e1ljuk, t\u00f6k\u00e9letes az \u00d6n sz\u00e1m\u00e1ra.","breadcrumb":{"@id":"https:\/\/ozponcho.com.au\/p\/knit-fur-collar-poncho\/#breadcrumb"},"inLanguage":"hu","potentialAction":[{"@type":"ReadAction","target":["https:\/\/ozponcho.com.au\/p\/knit-fur-collar-poncho\/"]}]},{"@type":"ImageObject","inLanguage":"hu","@id":"https:\/\/ozponcho.com.au\/p\/knit-fur-collar-poncho\/#primaryimage","url":"https:\/\/ozponcho.com.au\/wp-content\/uploads\/2023\/12\/O1CN01BvZMCe1HIfn7mTNhL_2331630735-0-cib.jpg","contentUrl":"https:\/\/ozponcho.com.au\/wp-content\/uploads\/2023\/12\/O1CN01BvZMCe1HIfn7mTNhL_2331630735-0-cib.jpg","width":1340,"height":1785,"caption":"Houndstooth Fringe Poncho Sweater"},{"@type":"BreadcrumbList","@id":"https:\/\/ozponcho.com.au\/p\/knit-fur-collar-poncho\/#breadcrumb","itemListElement":[{"@type":"ListItem","position":1,"name":"Home","item":"https:\/\/ozponcho.com.au\/"},{"@type":"ListItem","position":2,"name":"Shop","item":"https:\/\/ozponcho.com.au\/shop\/"},{"@type":"ListItem","position":3,"name":"Houndstooth Fringe Poncho Sweater"}]},{"@type":"WebSite","@id":"https:\/\/ozponcho.com.au\/#website","url":"https:\/\/ozponcho.com.au\/","name":"OZ Poncho","description":"","potentialAction":[{"@type":"SearchAction","target":{"@type":"EntryPoint","urlTemplate":"https:\/\/ozponcho.com.au\/?s={search_term_string}"},"query-input":{"@type":"PropertyValueSpecification","valueRequired":true,"valueName":"search_term_string"}}],"inLanguage":"hu"}]}},"_links":{"self":[{"href":"https:\/\/ozponcho.com.au\/hu\/wp-json\/wp\/v2\/product\/12310","targetHints":{"allow":["GET"]}}],"collection":[{"href":"https:\/\/ozponcho.com.au\/hu\/wp-json\/wp\/v2\/product"}],"about":[{"href":"https:\/\/ozponcho.com.au\/hu\/wp-json\/wp\/v2\/types\/product"}],"wp:featuredmedia":[{"embeddable":true,"href":"https:\/\/ozponcho.com.au\/hu\/wp-json\/wp\/v2\/media\/12263"}],"wp:attachment":[{"href":"https:\/\/ozponcho.com.au\/hu\/wp-json\/wp\/v2\/media?parent=12310"}],"wp:term":[{"taxonomy":"product_brand","embeddable":true,"href":"https:\/\/ozponcho.com.au\/hu\/wp-json\/wp\/v2\/product_brand?post=12310"},{"taxonomy":"product_cat","embeddable":true,"href":"https:\/\/ozponcho.com.au\/hu\/wp-json\/wp\/v2\/product_cat?post=12310"},{"taxonomy":"product_tag","embeddable":true,"href":"https:\/\/ozponcho.com.au\/hu\/wp-json\/wp\/v2\/product_tag?post=12310"}],"curies":[{"name":"wp","href":"https:\/\/api.w.org\/{rel}","templated":true}]}}