{"id":12265,"date":"2023-12-13T18:34:20","date_gmt":"2023-12-13T07:34:20","guid":{"rendered":"https:\/\/ozponcho.com.au\/p\/autumn-winter-color-stitching-knitted-cardigan-sweater-coat\/"},"modified":"2024-07-02T13:11:38","modified_gmt":"2024-07-02T02:11:38","slug":"autumn-winter-stitch-cardigan-coat","status":"publish","type":"product","link":"https:\/\/ozponcho.com.au\/hu\/p\/oszi-teli-oltes-kardigan-kabat\/","title":{"rendered":"Color-Block k\u00f6t\u00f6tt poncs\u00f3 pul\u00f3ver"},"content":{"rendered":"<p>Fogadd a h\u0171v\u00f6s \u00e9vszakokat st\u00edlusosan ezzel a leny\u0171g\u00f6z\u0151 Color-Block k\u00f6t\u00f6tt poncs\u00f3 pul\u00f3verrel, amely a k\u00e9nyelem \u00e9s a divat t\u00f6k\u00e9letes kever\u00e9ke. Ez a poncs\u00f3 els\u0151sorban puha akrilb\u00f3l k\u00e9sz\u00fclt, \u00e9s st\u00edlusos sz\u00ednblokkos diz\u00e1jnnal b\u00fcszk\u00e9lkedhet, khaki, rozsdanarancs, barn\u00e1sbarna \u00e9s sz\u00e9n \u00e1rnyalatokkal. A laza szab\u00e1s \u00e9s a dolman-ujjak laza sziluettet k\u00edn\u00e1lnak, amely nem k\u00f6t kompromisszumot az eleganci\u00e1val, \u00edgy ide\u00e1lis v\u00e1laszt\u00e1s mind a h\u00e9tk\u00f6znapi kir\u00e1ndul\u00e1sokhoz, mind a kifinomult \u00f6sszej\u00f6vetelekhez. L\u00e9pjen ki magabiztosan \u00e9s melegen ebben a sokoldal\u00fa, figyelemfelkelt\u0151 poncs\u00f3ban, amely az \u0151szi \u00e9s t\u00e9li ruhat\u00e1r\u00e1nak kedvenc\u00e9v\u00e9 \u00edg\u00e9rkezik.<\/p>\n<div>St\u00edlus: .<\/div>\n<div>Illeszked\u00e9s: .<\/div>\n<div>Sz\u00f6vet: Jersey<\/div>\n<div>Mint\u00e1zat: Sz\u00ednes blokk<\/div>\n<div>Elem: Nem<\/div>\n<div>Top Hossz\u00fas\u00e1g: .<\/div>\n<div>H\u00fcvely t\u00edpusa: H\u00fcvely: Dolman ujj<\/div>\n<div>H\u00fcvely hossza: Hossz\u00fa ujj\u00fa<\/div>\n<div>Z\u00e1r\u00e1si t\u00edpus: Egy\u00e9b<\/div>\n<div>F\u0151 \u00f6sszet\u00e9tel: Akril<\/div>\n<div>Szezon: Tavaszi\/\u0151szi<\/div>\n<p><img decoding=\"async\" src=\"https:\/\/ozponcho.com.au\/wp-content\/uploads\/2024\/03\/976485628227092480.png\" \/><img decoding=\"async\" src=\"https:\/\/ozponcho.com.au\/wp-content\/uploads\/2024\/03\/O1CN01ErF2Cv1HIfn1wxfYM_2331630735-0-cib.jpg\" \/><img decoding=\"async\" src=\"https:\/\/ozponcho.com.au\/wp-content\/uploads\/2024\/03\/O1CN01szCA6n1HIfok9X2iG_2331630735-0-cib.jpg\" \/><img decoding=\"async\" src=\"https:\/\/ozponcho.com.au\/wp-content\/uploads\/2024\/03\/O1CN01qhTChT1HIfoieOCjA_2331630735-0-cib.jpg\" \/><img decoding=\"async\" src=\"https:\/\/ozponcho.com.au\/wp-content\/uploads\/2024\/03\/O1CN01Dmjg6j1HIfogHlrgh_2331630735-0-cib.jpg\" \/><img decoding=\"async\" src=\"https:\/\/ozponcho.com.au\/wp-content\/uploads\/2024\/03\/O1CN01I4V6TH1HIfoieRUdi_2331630735-0-cib.jpg\" \/><img decoding=\"async\" src=\"https:\/\/ozponcho.com.au\/wp-content\/uploads\/2024\/03\/O1CN01kBM7kr1HIfogHnLEb_2331630735-0-cib.jpg\" \/><img decoding=\"async\" src=\"https:\/\/ozponcho.com.au\/wp-content\/uploads\/2024\/03\/O1CN01kg9YHm1HIfodY7hoq_2331630735-0-cib.jpg\" \/><img decoding=\"async\" src=\"https:\/\/ozponcho.com.au\/wp-content\/uploads\/2024\/03\/O1CN01N2JoWR1HIfoiePDKF_2331630735-0-cib.jpg\" \/><img decoding=\"async\" src=\"https:\/\/ozponcho.com.au\/wp-content\/uploads\/2024\/03\/O1CN01FoL7Qs1HIfolFxXNH_2331630735-0-cib.jpg\" \/><img decoding=\"async\" src=\"https:\/\/ozponcho.com.au\/wp-content\/uploads\/2024\/03\/O1CN01LUgwOw1HIfomwAtWV_2331630735-0-cib.jpg\" \/><img decoding=\"async\" src=\"https:\/\/ozponcho.com.au\/wp-content\/uploads\/2024\/03\/O1CN018QIOgg1HIfofi0k5Z_2331630735-0-cib.jpg\" \/><img decoding=\"async\" src=\"https:\/\/ozponcho.com.au\/wp-content\/uploads\/2024\/03\/O1CN01bu8KDz1HIfofi00PN_2331630735-0-cib.jpg\" \/><\/p>","protected":false},"excerpt":{"rendered":"<p>Embrace the chilly seasons in style with this stunning Color-Block Knit Poncho Sweater, the perfect blend of comfort and fashion. Made primarily from soft acrylic, this poncho boasts a stylish color-block design with hues of khaki, rust orange, tan, and charcoal. The loose fit and dolman sleeves offer a relaxed silhouette that doesn&#8217;t compromise on [&#8230;]","protected":false},"featured_media":12217,"template":"","meta":[],"product_brand":[],"product_cat":[226,216,15,228,214,210],"product_tag":[],"class_list":{"0":"post-12265","1":"product","2":"type-product","3":"status-publish","4":"has-post-thumbnail","6":"product_cat-brown-poncho","7":"product_cat-cashmere-poncho","8":"product_cat-main-category","9":"product_cat-poncho-sweater","10":"product_cat-knitted-crochet-poncho","11":"product_cat-poncho-women","13":"first","14":"outofstock","15":"shipping-taxable","16":"purchasable","17":"product-type-variable"},"yoast_head":"<!-- This site is optimized with the Yoast SEO plugin v25.9 - https:\/\/yoast.com\/wordpress\/plugins\/seo\/ -->\n<title>Color-Block Knit Poncho Sweater | Magyarorsz\u00e1g #1 Poncho Shop<\/title>\n<meta name=\"description\" content=\"Looking for a Color-Block Knit Poncho Sweater ? You&#039;ve come to the right place \ud83d\ude04 We offers a wide selection of Color-Block Knit Poncho Sweater, perfect for you.\" \/>\n<meta name=\"robots\" content=\"index, follow, max-snippet:-1, max-image-preview:large, max-video-preview:-1\" \/>\n<link rel=\"canonical\" href=\"https:\/\/ozponcho.com.au\/hu\/p\/oszi-teli-oltes-kardigan-kabat\/\" \/>\n<meta property=\"og:locale\" content=\"hu_HU\" \/>\n<meta property=\"og:type\" content=\"article\" \/>\n<meta property=\"og:title\" content=\"Color-Block Knit Poncho Sweater | Magyarorsz\u00e1g #1 Poncho Shop\" \/>\n<meta property=\"og:description\" content=\"Looking for a Color-Block Knit Poncho Sweater ? You&#039;ve come to the right place \ud83d\ude04 We offers a wide selection of Color-Block Knit Poncho Sweater, perfect for you.\" \/>\n<meta property=\"og:url\" content=\"https:\/\/ozponcho.com.au\/hu\/p\/oszi-teli-oltes-kardigan-kabat\/\" \/>\n<meta property=\"og:site_name\" content=\"OZ Poncho\" \/>\n<meta property=\"article:modified_time\" content=\"2024-07-02T02:11:38+00:00\" \/>\n<meta property=\"og:image\" content=\"https:\/\/ozponcho.com.au\/wp-content\/uploads\/2023\/12\/O1CN019R3UYt1HIfn1h1qrl_2331630735-0-cib.jpg\" \/>\n\t<meta property=\"og:image:width\" content=\"1340\" \/>\n\t<meta property=\"og:image:height\" content=\"1785\" \/>\n\t<meta property=\"og:image:type\" content=\"image\/jpeg\" \/>\n<meta name=\"twitter:card\" content=\"summary_large_image\" \/>\n<meta name=\"twitter:label1\" content=\"Becs\u00fclt olvas\u00e1si id\u0151\" \/>\n\t<meta name=\"twitter:data1\" content=\"4 perc\" \/>\n<script type=\"application\/ld+json\" class=\"yoast-schema-graph\">{\"@context\":\"https:\/\/schema.org\",\"@graph\":[{\"@type\":\"WebPage\",\"@id\":\"https:\/\/ozponcho.com.au\/p\/autumn-winter-stitch-cardigan-coat\/\",\"url\":\"https:\/\/ozponcho.com.au\/p\/autumn-winter-stitch-cardigan-coat\/\",\"name\":\"Color-Block Knit Poncho Sweater | Magyarorsz\u00e1g #1 Poncho Shop\",\"isPartOf\":{\"@id\":\"https:\/\/ozponcho.com.au\/#website\"},\"primaryImageOfPage\":{\"@id\":\"https:\/\/ozponcho.com.au\/p\/autumn-winter-stitch-cardigan-coat\/#primaryimage\"},\"image\":{\"@id\":\"https:\/\/ozponcho.com.au\/p\/autumn-winter-stitch-cardigan-coat\/#primaryimage\"},\"thumbnailUrl\":\"https:\/\/ozponcho.com.au\/wp-content\/uploads\/2023\/12\/O1CN019R3UYt1HIfn1h1qrl_2331630735-0-cib.jpg\",\"datePublished\":\"2023-12-13T07:34:20+00:00\",\"dateModified\":\"2024-07-02T02:11:38+00:00\",\"description\":\"Looking for a Color-Block Knit Poncho Sweater ? You've come to the right place \ud83d\ude04 We offers a wide selection of Color-Block Knit Poncho Sweater, perfect for you.\",\"breadcrumb\":{\"@id\":\"https:\/\/ozponcho.com.au\/p\/autumn-winter-stitch-cardigan-coat\/#breadcrumb\"},\"inLanguage\":\"hu\",\"potentialAction\":[{\"@type\":\"ReadAction\",\"target\":[\"https:\/\/ozponcho.com.au\/p\/autumn-winter-stitch-cardigan-coat\/\"]}]},{\"@type\":\"ImageObject\",\"inLanguage\":\"hu\",\"@id\":\"https:\/\/ozponcho.com.au\/p\/autumn-winter-stitch-cardigan-coat\/#primaryimage\",\"url\":\"https:\/\/ozponcho.com.au\/wp-content\/uploads\/2023\/12\/O1CN019R3UYt1HIfn1h1qrl_2331630735-0-cib.jpg\",\"contentUrl\":\"https:\/\/ozponcho.com.au\/wp-content\/uploads\/2023\/12\/O1CN019R3UYt1HIfn1h1qrl_2331630735-0-cib.jpg\",\"width\":1340,\"height\":1785,\"caption\":\"Color-Block Knit Poncho Sweater\"},{\"@type\":\"BreadcrumbList\",\"@id\":\"https:\/\/ozponcho.com.au\/p\/autumn-winter-stitch-cardigan-coat\/#breadcrumb\",\"itemListElement\":[{\"@type\":\"ListItem\",\"position\":1,\"name\":\"Home\",\"item\":\"https:\/\/ozponcho.com.au\/\"},{\"@type\":\"ListItem\",\"position\":2,\"name\":\"Shop\",\"item\":\"https:\/\/ozponcho.com.au\/shop\/\"},{\"@type\":\"ListItem\",\"position\":3,\"name\":\"Color-Block Knit Poncho Sweater\"}]},{\"@type\":\"WebSite\",\"@id\":\"https:\/\/ozponcho.com.au\/#website\",\"url\":\"https:\/\/ozponcho.com.au\/\",\"name\":\"OZ Poncho\",\"description\":\"\",\"potentialAction\":[{\"@type\":\"SearchAction\",\"target\":{\"@type\":\"EntryPoint\",\"urlTemplate\":\"https:\/\/ozponcho.com.au\/?s={search_term_string}\"},\"query-input\":{\"@type\":\"PropertyValueSpecification\",\"valueRequired\":true,\"valueName\":\"search_term_string\"}}],\"inLanguage\":\"hu\"}]}<\/script>\n<!-- \/ Yoast SEO plugin. -->","yoast_head_json":{"title":"Color-Block k\u00f6t\u00f6tt poncs\u00f3 pul\u00f3ver | Magyarorsz\u00e1g #1 Poncs\u00f3 Shop","description":"Color-Block k\u00f6t\u00f6tt poncs\u00f3 pul\u00f3vert keresel ? A legjobb helyre j\u00f6tt\u00e9l \ud83d\ude04 Color-Block Knit Poncho Sweater sz\u00e9les v\u00e1laszt\u00e9k\u00e1t k\u00edn\u00e1ljuk, t\u00f6k\u00e9letes az \u00d6n sz\u00e1m\u00e1ra.","robots":{"index":"index","follow":"follow","max-snippet":"max-snippet:-1","max-image-preview":"max-image-preview:large","max-video-preview":"max-video-preview:-1"},"canonical":"https:\/\/ozponcho.com.au\/hu\/p\/oszi-teli-oltes-kardigan-kabat\/","og_locale":"hu_HU","og_type":"article","og_title":"Color-Block Knit Poncho Sweater | Magyarorsz\u00e1g #1 Poncho Shop","og_description":"Looking for a Color-Block Knit Poncho Sweater ? You've come to the right place \ud83d\ude04 We offers a wide selection of Color-Block Knit Poncho Sweater, perfect for you.","og_url":"https:\/\/ozponcho.com.au\/hu\/p\/oszi-teli-oltes-kardigan-kabat\/","og_site_name":"OZ Poncho","article_modified_time":"2024-07-02T02:11:38+00:00","og_image":[{"width":1340,"height":1785,"url":"https:\/\/ozponcho.com.au\/wp-content\/uploads\/2023\/12\/O1CN019R3UYt1HIfn1h1qrl_2331630735-0-cib.jpg","type":"image\/jpeg"}],"twitter_card":"summary_large_image","twitter_misc":{"Becs\u00fclt olvas\u00e1si id\u0151":"4 perc"},"schema":{"@context":"https:\/\/schema.org","@graph":[{"@type":"WebPage","@id":"https:\/\/ozponcho.com.au\/p\/autumn-winter-stitch-cardigan-coat\/","url":"https:\/\/ozponcho.com.au\/p\/autumn-winter-stitch-cardigan-coat\/","name":"Color-Block k\u00f6t\u00f6tt poncs\u00f3 pul\u00f3ver | Magyarorsz\u00e1g #1 Poncs\u00f3 Shop","isPartOf":{"@id":"https:\/\/ozponcho.com.au\/#website"},"primaryImageOfPage":{"@id":"https:\/\/ozponcho.com.au\/p\/autumn-winter-stitch-cardigan-coat\/#primaryimage"},"image":{"@id":"https:\/\/ozponcho.com.au\/p\/autumn-winter-stitch-cardigan-coat\/#primaryimage"},"thumbnailUrl":"https:\/\/ozponcho.com.au\/wp-content\/uploads\/2023\/12\/O1CN019R3UYt1HIfn1h1qrl_2331630735-0-cib.jpg","datePublished":"2023-12-13T07:34:20+00:00","dateModified":"2024-07-02T02:11:38+00:00","description":"Color-Block k\u00f6t\u00f6tt poncs\u00f3 pul\u00f3vert keresel ? A legjobb helyre j\u00f6tt\u00e9l \ud83d\ude04 Color-Block Knit Poncho Sweater sz\u00e9les v\u00e1laszt\u00e9k\u00e1t k\u00edn\u00e1ljuk, t\u00f6k\u00e9letes az \u00d6n sz\u00e1m\u00e1ra.","breadcrumb":{"@id":"https:\/\/ozponcho.com.au\/p\/autumn-winter-stitch-cardigan-coat\/#breadcrumb"},"inLanguage":"hu","potentialAction":[{"@type":"ReadAction","target":["https:\/\/ozponcho.com.au\/p\/autumn-winter-stitch-cardigan-coat\/"]}]},{"@type":"ImageObject","inLanguage":"hu","@id":"https:\/\/ozponcho.com.au\/p\/autumn-winter-stitch-cardigan-coat\/#primaryimage","url":"https:\/\/ozponcho.com.au\/wp-content\/uploads\/2023\/12\/O1CN019R3UYt1HIfn1h1qrl_2331630735-0-cib.jpg","contentUrl":"https:\/\/ozponcho.com.au\/wp-content\/uploads\/2023\/12\/O1CN019R3UYt1HIfn1h1qrl_2331630735-0-cib.jpg","width":1340,"height":1785,"caption":"Color-Block Knit Poncho Sweater"},{"@type":"BreadcrumbList","@id":"https:\/\/ozponcho.com.au\/p\/autumn-winter-stitch-cardigan-coat\/#breadcrumb","itemListElement":[{"@type":"ListItem","position":1,"name":"Home","item":"https:\/\/ozponcho.com.au\/"},{"@type":"ListItem","position":2,"name":"Shop","item":"https:\/\/ozponcho.com.au\/shop\/"},{"@type":"ListItem","position":3,"name":"Color-Block Knit Poncho Sweater"}]},{"@type":"WebSite","@id":"https:\/\/ozponcho.com.au\/#website","url":"https:\/\/ozponcho.com.au\/","name":"OZ Poncho","description":"","potentialAction":[{"@type":"SearchAction","target":{"@type":"EntryPoint","urlTemplate":"https:\/\/ozponcho.com.au\/?s={search_term_string}"},"query-input":{"@type":"PropertyValueSpecification","valueRequired":true,"valueName":"search_term_string"}}],"inLanguage":"hu"}]}},"_links":{"self":[{"href":"https:\/\/ozponcho.com.au\/hu\/wp-json\/wp\/v2\/product\/12265","targetHints":{"allow":["GET"]}}],"collection":[{"href":"https:\/\/ozponcho.com.au\/hu\/wp-json\/wp\/v2\/product"}],"about":[{"href":"https:\/\/ozponcho.com.au\/hu\/wp-json\/wp\/v2\/types\/product"}],"wp:featuredmedia":[{"embeddable":true,"href":"https:\/\/ozponcho.com.au\/hu\/wp-json\/wp\/v2\/media\/12217"}],"wp:attachment":[{"href":"https:\/\/ozponcho.com.au\/hu\/wp-json\/wp\/v2\/media?parent=12265"}],"wp:term":[{"taxonomy":"product_brand","embeddable":true,"href":"https:\/\/ozponcho.com.au\/hu\/wp-json\/wp\/v2\/product_brand?post=12265"},{"taxonomy":"product_cat","embeddable":true,"href":"https:\/\/ozponcho.com.au\/hu\/wp-json\/wp\/v2\/product_cat?post=12265"},{"taxonomy":"product_tag","embeddable":true,"href":"https:\/\/ozponcho.com.au\/hu\/wp-json\/wp\/v2\/product_tag?post=12265"}],"curies":[{"name":"wp","href":"https:\/\/api.w.org\/{rel}","templated":true}]}}