{"id":12252,"date":"2023-12-13T18:34:15","date_gmt":"2023-12-13T07:34:15","guid":{"rendered":"https:\/\/ozponcho.com.au\/p\/autumn-winter-knitwear-fur-collar-solid-color-batwing-sleeve-tassel-cape\/"},"modified":"2024-04-19T19:22:25","modified_gmt":"2024-04-19T08:22:25","slug":"chic-autumn-winter-cape","status":"publish","type":"product","link":"https:\/\/ozponcho.com.au\/hu\/p\/elegans-oszi-teli-kopeny\/","title":{"rendered":"Elef\u00e1ntcsont sz\u0151rme-gall\u00e9ros poncs\u00f3"},"content":{"rendered":"<p>Dobja fel h\u0171v\u00f6s id\u0151j\u00e1r\u00e1si ruhat\u00e1r\u00e1t ezzel az elef\u00e1ntcsont sz\u0151rme-gall\u00e9ros ponch\u00f3val, amely a melegs\u00e9g \u00e9s a st\u00edlus t\u00f6k\u00e9letes kever\u00e9ke. A puha trik\u00f3b\u00f3l k\u00e9sz\u00fclt \u00e9s pazar m\u0171sz\u0151rme szeg\u00e9llyel d\u00edsz\u00edtett poncs\u00f3 alkalmi, m\u00e9gis eleg\u00e1ns sziluettet k\u00edn\u00e1l denev\u00e9rsz\u00e1rnyas, dolman ujjaival \u00e9s h\u00edvogat\u00f3 rojtos r\u00e9szleteivel. Ide\u00e1lis v\u00e1laszt\u00e1s \u0151szre \u00e9s t\u00e9lre, \u00e9s azt \u00edg\u00e9ri, hogy otthonos marad an\u00e9lk\u00fcl, hogy kompromisszumot k\u00f6tne a st\u00edlusban. Ez a sokoldal\u00fa poncs\u00f3 kihagyhatatlan azok sz\u00e1m\u00e1ra, akik \u00e9rt\u00e9kelik a luxust a mindennapi \u00f6lt\u00f6zk\u00f6d\u00e9s\u00fckben.<\/p>\n<p>St\u00edlus: .<\/p>\n<p>Illeszked\u00e9s: .<\/p>\n<p>Sz\u00f6vet: Jersey<\/p>\n<p>Mint\u00e1zat: Egysz\u00edn\u0171<\/p>\n<p>Elem: Nem<\/p>\n<p>Top Hossz\u00fas\u00e1g: Hossz\u00fa<\/p>\n<p>H\u00fcvely t\u00edpusa: H\u00fcvely: Dolman ujj<\/p>\n<p>H\u00fcvely hossza: Hossz\u00fa ujj\u00fa<\/p>\n<p>Z\u00e1r\u00e1si t\u00edpus: Egy\u00e9b<\/p>\n<p>F\u0151 \u00f6sszet\u00e9tel: Akril<\/p>\n<p>Szezon: \u0150sz\/T\u00e9l<\/p>\n<p><img decoding=\"async\" src=\"https:\/\/ozponcho.com.au\/wp-content\/uploads\/2024\/03\/1166434260739948544.png\" \/><\/p>","protected":false},"excerpt":{"rendered":"<p>Elevate your cool-weather wardrobe with this Ivory Fur-Collar Poncho, a perfect blend of warmth and style. Crafted from soft jersey knit and adorned with a sumptuous faux fur trim, this poncho offers a casual, yet elegant silhouette with its batwing, dolman sleeves and inviting tassel details. Ideal for autumn and winter, it promises to keep [&#8230;]","protected":false},"featured_media":12218,"template":"","meta":[],"product_brand":[],"product_cat":[218,15,228,214,210],"product_tag":[],"class_list":{"0":"post-12252","1":"product","2":"type-product","3":"status-publish","4":"has-post-thumbnail","6":"product_cat-fur-poncho","7":"product_cat-main-category","8":"product_cat-poncho-sweater","9":"product_cat-knitted-crochet-poncho","10":"product_cat-poncho-women","12":"first","13":"outofstock","14":"shipping-taxable","15":"purchasable","16":"product-type-variable"},"yoast_head":"<!-- This site is optimized with the Yoast SEO plugin v25.9 - https:\/\/yoast.com\/wordpress\/plugins\/seo\/ -->\n<title>Ivory Fur-Collar Poncho | Magyarorsz\u00e1g #1 Poncho Shop<\/title>\n<meta name=\"description\" content=\"Looking for a Ivory Fur-Collar Poncho ? You&#039;ve come to the right place \ud83d\ude04 We offers a wide selection of Ivory Fur-Collar Poncho, perfect for you.\" \/>\n<meta name=\"robots\" content=\"index, follow, max-snippet:-1, max-image-preview:large, max-video-preview:-1\" \/>\n<link rel=\"canonical\" href=\"https:\/\/ozponcho.com.au\/hu\/p\/elegans-oszi-teli-kopeny\/\" \/>\n<meta property=\"og:locale\" content=\"hu_HU\" \/>\n<meta property=\"og:type\" content=\"article\" \/>\n<meta property=\"og:title\" content=\"Ivory Fur-Collar Poncho | Magyarorsz\u00e1g #1 Poncho Shop\" \/>\n<meta property=\"og:description\" content=\"Looking for a Ivory Fur-Collar Poncho ? You&#039;ve come to the right place \ud83d\ude04 We offers a wide selection of Ivory Fur-Collar Poncho, perfect for you.\" \/>\n<meta property=\"og:url\" content=\"https:\/\/ozponcho.com.au\/hu\/p\/elegans-oszi-teli-kopeny\/\" \/>\n<meta property=\"og:site_name\" content=\"OZ Poncho\" \/>\n<meta property=\"article:modified_time\" content=\"2024-04-19T08:22:25+00:00\" \/>\n<meta property=\"og:image\" content=\"https:\/\/ozponcho.com.au\/wp-content\/uploads\/2023\/12\/O1CN013IeZG51HIfyASF5kY_2331630735-0-cib.jpg\" \/>\n\t<meta property=\"og:image:width\" content=\"1200\" \/>\n\t<meta property=\"og:image:height\" content=\"1200\" \/>\n\t<meta property=\"og:image:type\" content=\"image\/jpeg\" \/>\n<meta name=\"twitter:card\" content=\"summary_large_image\" \/>\n<meta name=\"twitter:label1\" content=\"Becs\u00fclt olvas\u00e1si id\u0151\" \/>\n\t<meta name=\"twitter:data1\" content=\"1 perc\" \/>\n<script type=\"application\/ld+json\" class=\"yoast-schema-graph\">{\"@context\":\"https:\/\/schema.org\",\"@graph\":[{\"@type\":\"WebPage\",\"@id\":\"https:\/\/ozponcho.com.au\/p\/chic-autumn-winter-cape\/\",\"url\":\"https:\/\/ozponcho.com.au\/p\/chic-autumn-winter-cape\/\",\"name\":\"Ivory Fur-Collar Poncho | Magyarorsz\u00e1g #1 Poncho Shop\",\"isPartOf\":{\"@id\":\"https:\/\/ozponcho.com.au\/#website\"},\"primaryImageOfPage\":{\"@id\":\"https:\/\/ozponcho.com.au\/p\/chic-autumn-winter-cape\/#primaryimage\"},\"image\":{\"@id\":\"https:\/\/ozponcho.com.au\/p\/chic-autumn-winter-cape\/#primaryimage\"},\"thumbnailUrl\":\"https:\/\/ozponcho.com.au\/wp-content\/uploads\/2023\/12\/O1CN013IeZG51HIfyASF5kY_2331630735-0-cib.jpg\",\"datePublished\":\"2023-12-13T07:34:15+00:00\",\"dateModified\":\"2024-04-19T08:22:25+00:00\",\"description\":\"Looking for a Ivory Fur-Collar Poncho ? You've come to the right place \ud83d\ude04 We offers a wide selection of Ivory Fur-Collar Poncho, perfect for you.\",\"breadcrumb\":{\"@id\":\"https:\/\/ozponcho.com.au\/p\/chic-autumn-winter-cape\/#breadcrumb\"},\"inLanguage\":\"hu\",\"potentialAction\":[{\"@type\":\"ReadAction\",\"target\":[\"https:\/\/ozponcho.com.au\/p\/chic-autumn-winter-cape\/\"]}]},{\"@type\":\"ImageObject\",\"inLanguage\":\"hu\",\"@id\":\"https:\/\/ozponcho.com.au\/p\/chic-autumn-winter-cape\/#primaryimage\",\"url\":\"https:\/\/ozponcho.com.au\/wp-content\/uploads\/2023\/12\/O1CN013IeZG51HIfyASF5kY_2331630735-0-cib.jpg\",\"contentUrl\":\"https:\/\/ozponcho.com.au\/wp-content\/uploads\/2023\/12\/O1CN013IeZG51HIfyASF5kY_2331630735-0-cib.jpg\",\"width\":1200,\"height\":1200,\"caption\":\"Ivory Fur-Collar Poncho\"},{\"@type\":\"BreadcrumbList\",\"@id\":\"https:\/\/ozponcho.com.au\/p\/chic-autumn-winter-cape\/#breadcrumb\",\"itemListElement\":[{\"@type\":\"ListItem\",\"position\":1,\"name\":\"Home\",\"item\":\"https:\/\/ozponcho.com.au\/\"},{\"@type\":\"ListItem\",\"position\":2,\"name\":\"Shop\",\"item\":\"https:\/\/ozponcho.com.au\/shop\/\"},{\"@type\":\"ListItem\",\"position\":3,\"name\":\"Ivory Fur-Collar Poncho\"}]},{\"@type\":\"WebSite\",\"@id\":\"https:\/\/ozponcho.com.au\/#website\",\"url\":\"https:\/\/ozponcho.com.au\/\",\"name\":\"OZ Poncho\",\"description\":\"\",\"potentialAction\":[{\"@type\":\"SearchAction\",\"target\":{\"@type\":\"EntryPoint\",\"urlTemplate\":\"https:\/\/ozponcho.com.au\/?s={search_term_string}\"},\"query-input\":{\"@type\":\"PropertyValueSpecification\",\"valueRequired\":true,\"valueName\":\"search_term_string\"}}],\"inLanguage\":\"hu\"}]}<\/script>\n<!-- \/ Yoast SEO plugin. -->","yoast_head_json":{"title":"Elef\u00e1ntcsont sz\u0151rme gall\u00e9ros poncs\u00f3 | Magyarorsz\u00e1g #1 Poncs\u00f3 Shop","description":"Elef\u00e1ntcsont sz\u0151rme gall\u00e9ros poncs\u00f3t keres ? A legjobb helyre j\u00f6tt\u00e9l \ud83d\ude04 Elef\u00e1ntcsont sz\u0151rme-gall\u00e9ros poncho sz\u00e9les v\u00e1laszt\u00e9k\u00e1t k\u00edn\u00e1ljuk, t\u00f6k\u00e9letes az \u00d6n sz\u00e1m\u00e1ra.","robots":{"index":"index","follow":"follow","max-snippet":"max-snippet:-1","max-image-preview":"max-image-preview:large","max-video-preview":"max-video-preview:-1"},"canonical":"https:\/\/ozponcho.com.au\/hu\/p\/elegans-oszi-teli-kopeny\/","og_locale":"hu_HU","og_type":"article","og_title":"Ivory Fur-Collar Poncho | Magyarorsz\u00e1g #1 Poncho Shop","og_description":"Looking for a Ivory Fur-Collar Poncho ? You've come to the right place \ud83d\ude04 We offers a wide selection of Ivory Fur-Collar Poncho, perfect for you.","og_url":"https:\/\/ozponcho.com.au\/hu\/p\/elegans-oszi-teli-kopeny\/","og_site_name":"OZ Poncho","article_modified_time":"2024-04-19T08:22:25+00:00","og_image":[{"width":1200,"height":1200,"url":"https:\/\/ozponcho.com.au\/wp-content\/uploads\/2023\/12\/O1CN013IeZG51HIfyASF5kY_2331630735-0-cib.jpg","type":"image\/jpeg"}],"twitter_card":"summary_large_image","twitter_misc":{"Becs\u00fclt olvas\u00e1si id\u0151":"1 perc"},"schema":{"@context":"https:\/\/schema.org","@graph":[{"@type":"WebPage","@id":"https:\/\/ozponcho.com.au\/p\/chic-autumn-winter-cape\/","url":"https:\/\/ozponcho.com.au\/p\/chic-autumn-winter-cape\/","name":"Elef\u00e1ntcsont sz\u0151rme gall\u00e9ros poncs\u00f3 | Magyarorsz\u00e1g #1 Poncs\u00f3 Shop","isPartOf":{"@id":"https:\/\/ozponcho.com.au\/#website"},"primaryImageOfPage":{"@id":"https:\/\/ozponcho.com.au\/p\/chic-autumn-winter-cape\/#primaryimage"},"image":{"@id":"https:\/\/ozponcho.com.au\/p\/chic-autumn-winter-cape\/#primaryimage"},"thumbnailUrl":"https:\/\/ozponcho.com.au\/wp-content\/uploads\/2023\/12\/O1CN013IeZG51HIfyASF5kY_2331630735-0-cib.jpg","datePublished":"2023-12-13T07:34:15+00:00","dateModified":"2024-04-19T08:22:25+00:00","description":"Elef\u00e1ntcsont sz\u0151rme gall\u00e9ros poncs\u00f3t keres ? A legjobb helyre j\u00f6tt\u00e9l \ud83d\ude04 Elef\u00e1ntcsont sz\u0151rme-gall\u00e9ros poncho sz\u00e9les v\u00e1laszt\u00e9k\u00e1t k\u00edn\u00e1ljuk, t\u00f6k\u00e9letes az \u00d6n sz\u00e1m\u00e1ra.","breadcrumb":{"@id":"https:\/\/ozponcho.com.au\/p\/chic-autumn-winter-cape\/#breadcrumb"},"inLanguage":"hu","potentialAction":[{"@type":"ReadAction","target":["https:\/\/ozponcho.com.au\/p\/chic-autumn-winter-cape\/"]}]},{"@type":"ImageObject","inLanguage":"hu","@id":"https:\/\/ozponcho.com.au\/p\/chic-autumn-winter-cape\/#primaryimage","url":"https:\/\/ozponcho.com.au\/wp-content\/uploads\/2023\/12\/O1CN013IeZG51HIfyASF5kY_2331630735-0-cib.jpg","contentUrl":"https:\/\/ozponcho.com.au\/wp-content\/uploads\/2023\/12\/O1CN013IeZG51HIfyASF5kY_2331630735-0-cib.jpg","width":1200,"height":1200,"caption":"Ivory Fur-Collar Poncho"},{"@type":"BreadcrumbList","@id":"https:\/\/ozponcho.com.au\/p\/chic-autumn-winter-cape\/#breadcrumb","itemListElement":[{"@type":"ListItem","position":1,"name":"Home","item":"https:\/\/ozponcho.com.au\/"},{"@type":"ListItem","position":2,"name":"Shop","item":"https:\/\/ozponcho.com.au\/shop\/"},{"@type":"ListItem","position":3,"name":"Ivory Fur-Collar Poncho"}]},{"@type":"WebSite","@id":"https:\/\/ozponcho.com.au\/#website","url":"https:\/\/ozponcho.com.au\/","name":"OZ Poncho","description":"","potentialAction":[{"@type":"SearchAction","target":{"@type":"EntryPoint","urlTemplate":"https:\/\/ozponcho.com.au\/?s={search_term_string}"},"query-input":{"@type":"PropertyValueSpecification","valueRequired":true,"valueName":"search_term_string"}}],"inLanguage":"hu"}]}},"_links":{"self":[{"href":"https:\/\/ozponcho.com.au\/hu\/wp-json\/wp\/v2\/product\/12252","targetHints":{"allow":["GET"]}}],"collection":[{"href":"https:\/\/ozponcho.com.au\/hu\/wp-json\/wp\/v2\/product"}],"about":[{"href":"https:\/\/ozponcho.com.au\/hu\/wp-json\/wp\/v2\/types\/product"}],"wp:featuredmedia":[{"embeddable":true,"href":"https:\/\/ozponcho.com.au\/hu\/wp-json\/wp\/v2\/media\/12218"}],"wp:attachment":[{"href":"https:\/\/ozponcho.com.au\/hu\/wp-json\/wp\/v2\/media?parent=12252"}],"wp:term":[{"taxonomy":"product_brand","embeddable":true,"href":"https:\/\/ozponcho.com.au\/hu\/wp-json\/wp\/v2\/product_brand?post=12252"},{"taxonomy":"product_cat","embeddable":true,"href":"https:\/\/ozponcho.com.au\/hu\/wp-json\/wp\/v2\/product_cat?post=12252"},{"taxonomy":"product_tag","embeddable":true,"href":"https:\/\/ozponcho.com.au\/hu\/wp-json\/wp\/v2\/product_tag?post=12252"}],"curies":[{"name":"wp","href":"https:\/\/api.w.org\/{rel}","templated":true}]}}