{"id":39,"date":"2022-11-26T15:59:02","date_gmt":"2022-11-26T04:59:02","guid":{"rendered":"https:\/\/ozponcho.com.au\/?page_id=39"},"modified":"2024-04-19T11:35:20","modified_gmt":"2024-04-19T00:35:20","slug":"contact-us","status":"publish","type":"page","link":"https:\/\/ozponcho.com.au\/hu\/kapcsolatfelvetel\/","title":{"rendered":"Kapcsolatfelv\u00e9tel"},"content":{"rendered":"<h2>Kapcsolatfelv\u00e9tel m\u00f3dja<\/h2>\n<p><strong>E-mailben<\/strong><\/p>\n<p>contact@ozponcho.com.au<\/p>\n<p><strong>Postai \u00faton:<\/strong><\/p>\n<p>A r\u00e9gi iskol\u00e1soknak (mi is rajong\u00f3k vagyunk!), az al\u00e1bbi c\u00edmen vehetik fel vel\u00fcnk a kapcsolatot. Sz\u00edvesen hallan\u00e1nk r\u00f3latok!<\/p>\n<p>OZ Poncho<br \/>\n36 Hurtle Square<br \/>\nAdelaide SA 5000<br \/>\nAusztr\u00e1lia<\/p>\n<h2>Elk\u00f6telezetts\u00e9g\u00fcnk a nagyszer\u0171 \u00fcgyf\u00e9lszolg\u00e1lat ir\u00e1nt<\/h2>\n<p>Az OZ Ponch\u00f3n\u00e1l b\u00fcszk\u00e9k vagyunk arra, hogy a lehet\u0151 legjobb szolg\u00e1ltat\u00e1st ny\u00fajtjuk \u00d6nnek. Minden term\u00e9k\u00fcnket min\u0151s\u00e9gellen\u0151rz\u00e9snek vetj\u00fck al\u00e1, miel\u0151tt elhagyja rakt\u00e1runkat, \u00e9s ha b\u00e1rmilyen okb\u00f3l kifoly\u00f3lag nem teljesen el\u00e9gedett a v\u00e1s\u00e1rl\u00e1ssal, egyszer\u0171en l\u00e9pjen kapcsolatba vel\u00fcnk a visszak\u00fcld\u00e9s vagy a csere megszervez\u00e9se \u00e9rdek\u00e9ben. Mindent megtesz\u00fcnk az\u00e9rt, hogy az OZ Ponch\u00f3n\u00e1l val\u00f3 v\u00e1s\u00e1rl\u00e1s egyszer\u0171 \u00e9s \u00e9lvezetes legyen!<\/p>\n<h2>Adatv\u00e9delem<\/h2>\n<p>Komolyan vessz\u00fck az \u00d6n adatv\u00e9delm\u00e9t, \u00e9s az \u00d6n \u00e1ltal megadott inform\u00e1ci\u00f3kat kiz\u00e1r\u00f3lag a term\u00e9keinkkel kapcsolatos k\u00e9rd\u00e9sek \u00e9s k\u00e9r\u00e9sek megv\u00e1laszol\u00e1s\u00e1ra haszn\u00e1ljuk fel. Az \u00d6n adatait nem osztjuk meg harmadik f\u00e9llel, kiv\u00e9ve, ha ez a fizet\u00e9s feldolgoz\u00e1s\u00e1hoz, az \u00e1ruk kisz\u00e1ll\u00edt\u00e1s\u00e1hoz, az \u00fcgyf\u00e9lszolg\u00e1lat ell\u00e1t\u00e1s\u00e1hoz stb. sz\u00fcks\u00e9ges. El\u0151fordulhat, hogy alkalmank\u00e9nt prom\u00f3ci\u00f3kat k\u00fcld\u00fcnk e-mailben, de ezekr\u0151l b\u00e1rmikor k\u00f6nnyen leiratkozhat!<\/p>","protected":false},"excerpt":{"rendered":"<p>Ways to contact us By email contact@ozponcho.com.au By post mail: For those old schoolers out there (we&#8217;re fans!), you can get in touch with us at the address below. We&#8217;d love to hear from your! OZ Poncho 36 Hurtle Square Adelaide SA 5000 Australia Our commitment to great customer service At OZ Poncho, we take [&#8230;]","protected":false},"author":1,"featured_media":0,"parent":0,"menu_order":0,"comment_status":"closed","ping_status":"closed","template":"page-blank-title-center.php","meta":{"footnotes":""},"class_list":["post-39","page","type-page","status-publish","hentry"],"yoast_head":"<!-- This site is optimized with the Yoast SEO plugin v25.9 - https:\/\/yoast.com\/wordpress\/plugins\/seo\/ -->\n<title>Contact Us | OZ Poncho<\/title>\n<meta name=\"description\" content=\"Contact us here by email or phone. 24\/7. response in 48h max.\" \/>\n<meta name=\"robots\" content=\"index, follow, max-snippet:-1, max-image-preview:large, max-video-preview:-1\" \/>\n<link rel=\"canonical\" href=\"https:\/\/ozponcho.com.au\/hu\/kapcsolatfelvetel\/\" \/>\n<meta property=\"og:locale\" content=\"hu_HU\" \/>\n<meta property=\"og:type\" content=\"article\" \/>\n<meta property=\"og:title\" content=\"Contact Us | OZ Poncho\" \/>\n<meta property=\"og:description\" content=\"Contact us here by email or phone. 24\/7. response in 48h max.\" \/>\n<meta property=\"og:url\" content=\"https:\/\/ozponcho.com.au\/hu\/kapcsolatfelvetel\/\" \/>\n<meta property=\"og:site_name\" content=\"OZ Poncho\" \/>\n<meta property=\"article:modified_time\" content=\"2024-04-19T00:35:20+00:00\" \/>\n<meta name=\"twitter:card\" content=\"summary_large_image\" \/>\n<meta name=\"twitter:label1\" content=\"Becs\u00fclt olvas\u00e1si id\u0151\" \/>\n\t<meta name=\"twitter:data1\" content=\"1 perc\" \/>\n<script type=\"application\/ld+json\" class=\"yoast-schema-graph\">{\"@context\":\"https:\/\/schema.org\",\"@graph\":[{\"@type\":\"WebPage\",\"@id\":\"https:\/\/ozponcho.com.au\/contact-us\/\",\"url\":\"https:\/\/ozponcho.com.au\/contact-us\/\",\"name\":\"Contact Us | OZ Poncho\",\"isPartOf\":{\"@id\":\"https:\/\/ozponcho.com.au\/#website\"},\"datePublished\":\"2022-11-26T04:59:02+00:00\",\"dateModified\":\"2024-04-19T00:35:20+00:00\",\"description\":\"Contact us here by email or phone. 24\/7. response in 48h max.\",\"breadcrumb\":{\"@id\":\"https:\/\/ozponcho.com.au\/contact-us\/#breadcrumb\"},\"inLanguage\":\"hu\",\"potentialAction\":[{\"@type\":\"ReadAction\",\"target\":[\"https:\/\/ozponcho.com.au\/contact-us\/\"]}]},{\"@type\":\"BreadcrumbList\",\"@id\":\"https:\/\/ozponcho.com.au\/contact-us\/#breadcrumb\",\"itemListElement\":[{\"@type\":\"ListItem\",\"position\":1,\"name\":\"Home\",\"item\":\"https:\/\/ozponcho.com.au\/\"},{\"@type\":\"ListItem\",\"position\":2,\"name\":\"Contact us\"}]},{\"@type\":\"WebSite\",\"@id\":\"https:\/\/ozponcho.com.au\/#website\",\"url\":\"https:\/\/ozponcho.com.au\/\",\"name\":\"OZ Poncho\",\"description\":\"\",\"potentialAction\":[{\"@type\":\"SearchAction\",\"target\":{\"@type\":\"EntryPoint\",\"urlTemplate\":\"https:\/\/ozponcho.com.au\/?s={search_term_string}\"},\"query-input\":{\"@type\":\"PropertyValueSpecification\",\"valueRequired\":true,\"valueName\":\"search_term_string\"}}],\"inLanguage\":\"hu\"}]}<\/script>\n<!-- \/ Yoast SEO plugin. -->","yoast_head_json":{"title":"Kapcsolatfelv\u00e9tel | OZ Poncho","description":"Vegye fel vel\u00fcnk a kapcsolatot itt e-mailben vagy telefonon. 24\/7. V\u00e1lasz max. 48 \u00f3ra alatt.","robots":{"index":"index","follow":"follow","max-snippet":"max-snippet:-1","max-image-preview":"max-image-preview:large","max-video-preview":"max-video-preview:-1"},"canonical":"https:\/\/ozponcho.com.au\/hu\/kapcsolatfelvetel\/","og_locale":"hu_HU","og_type":"article","og_title":"Contact Us | OZ Poncho","og_description":"Contact us here by email or phone. 24\/7. response in 48h max.","og_url":"https:\/\/ozponcho.com.au\/hu\/kapcsolatfelvetel\/","og_site_name":"OZ Poncho","article_modified_time":"2024-04-19T00:35:20+00:00","twitter_card":"summary_large_image","twitter_misc":{"Becs\u00fclt olvas\u00e1si id\u0151":"1 perc"},"schema":{"@context":"https:\/\/schema.org","@graph":[{"@type":"WebPage","@id":"https:\/\/ozponcho.com.au\/contact-us\/","url":"https:\/\/ozponcho.com.au\/contact-us\/","name":"Kapcsolatfelv\u00e9tel | OZ Poncho","isPartOf":{"@id":"https:\/\/ozponcho.com.au\/#website"},"datePublished":"2022-11-26T04:59:02+00:00","dateModified":"2024-04-19T00:35:20+00:00","description":"Vegye fel vel\u00fcnk a kapcsolatot itt e-mailben vagy telefonon. 24\/7. V\u00e1lasz max. 48 \u00f3ra alatt.","breadcrumb":{"@id":"https:\/\/ozponcho.com.au\/contact-us\/#breadcrumb"},"inLanguage":"hu","potentialAction":[{"@type":"ReadAction","target":["https:\/\/ozponcho.com.au\/contact-us\/"]}]},{"@type":"BreadcrumbList","@id":"https:\/\/ozponcho.com.au\/contact-us\/#breadcrumb","itemListElement":[{"@type":"ListItem","position":1,"name":"Home","item":"https:\/\/ozponcho.com.au\/"},{"@type":"ListItem","position":2,"name":"Contact us"}]},{"@type":"WebSite","@id":"https:\/\/ozponcho.com.au\/#website","url":"https:\/\/ozponcho.com.au\/","name":"OZ Poncho","description":"","potentialAction":[{"@type":"SearchAction","target":{"@type":"EntryPoint","urlTemplate":"https:\/\/ozponcho.com.au\/?s={search_term_string}"},"query-input":{"@type":"PropertyValueSpecification","valueRequired":true,"valueName":"search_term_string"}}],"inLanguage":"hu"}]}},"_links":{"self":[{"href":"https:\/\/ozponcho.com.au\/hu\/wp-json\/wp\/v2\/pages\/39","targetHints":{"allow":["GET"]}}],"collection":[{"href":"https:\/\/ozponcho.com.au\/hu\/wp-json\/wp\/v2\/pages"}],"about":[{"href":"https:\/\/ozponcho.com.au\/hu\/wp-json\/wp\/v2\/types\/page"}],"author":[{"embeddable":true,"href":"https:\/\/ozponcho.com.au\/hu\/wp-json\/wp\/v2\/users\/1"}],"replies":[{"embeddable":true,"href":"https:\/\/ozponcho.com.au\/hu\/wp-json\/wp\/v2\/comments?post=39"}],"version-history":[{"count":5,"href":"https:\/\/ozponcho.com.au\/hu\/wp-json\/wp\/v2\/pages\/39\/revisions"}],"predecessor-version":[{"id":19082,"href":"https:\/\/ozponcho.com.au\/hu\/wp-json\/wp\/v2\/pages\/39\/revisions\/19082"}],"wp:attachment":[{"href":"https:\/\/ozponcho.com.au\/hu\/wp-json\/wp\/v2\/media?parent=39"}],"curies":[{"name":"wp","href":"https:\/\/api.w.org\/{rel}","templated":true}]}}