{"id":32,"date":"2022-11-26T15:54:13","date_gmt":"2022-11-26T04:54:13","guid":{"rendered":"https:\/\/ozponcho.com.au\/?page_id=32"},"modified":"2024-03-08T14:21:44","modified_gmt":"2024-03-08T03:21:44","slug":"about-us","status":"publish","type":"page","link":"https:\/\/ozponcho.com.au\/hu\/rolunk\/","title":{"rendered":"R\u00f3lunk"},"content":{"rendered":"<h2>Kik vagyunk<\/h2>\n<p>\u00dcdv\u00f6z\u00f6llek Ozban Poncho! Mi egy magyarorsz\u00e1gi sz\u00e9khely\u0171 csal\u00e1di v\u00e1llalkoz\u00e1s vagyunk, amely szenved\u00e9lyesen rajong a ponch\u00f3k\u00e9rt \u00e9s mindenhez, ami ezzel kapcsolatos.<\/p>\n<p>Szer\u00e9ny kezdeteink \u00f3ta elk\u00f6telezt\u00fck magunkat amellett, hogy kiv\u00e1l\u00f3 min\u0151s\u00e9g\u0171 ponch\u00f3kat k\u00edn\u00e1lunk megfizethet\u0151 \u00e1ron az \u00fcgyfelek sz\u00e1m\u00e1ra az eg\u00e9sz orsz\u00e1gban. St\u00edlusos, m\u00e9gis k\u00e9nyelmes darabjaink kollekci\u00f3ja a klasszikus diz\u00e1jnt\u00f3l a mer\u00e9sz kijelent\u0151 megjelen\u00e9sig terjed - t\u00f6k\u00e9letes minden alkalomra \u00e9s \u00e9vszakra. Ak\u00e1r hagyom\u00e1nyos, modern vagy egyedi darabot szeretne; n\u00e1lunk megtal\u00e1lhatja!<\/p>\n<p>Meg\u00e9rtj\u00fck, hogy mennyire fontos lehet a k\u00e9nyelem, amikor ilyen ruhadarabokat visel\u00fcnk, ez\u00e9rt minden egyes darabot az \u00d6n ig\u00e9nyeit szem el\u0151tt tartva tervezt\u00fcnk - nincs rosszabb, mint amikor egy k\u00e9nyelmetlen ruhadarab t\u00f6nkreteszi a napj\u00e1t! Ez\u00e9rt van az, hogy itt minden gondosan kiv\u00e1lasztott anyagokb\u00f3l, p\u00e9ld\u00e1ul puha gyapj\u00fakever\u00e9kekb\u0151l \u00e9s pamut k\u00f6t\u00f6tt anyagokb\u00f3l k\u00e9sz\u00fcl, amelyek melegen tartanak an\u00e9lk\u00fcl, hogy t\u00fal neh\u00e9znek \u00e9rezn\u00e9d magad a h\u0171v\u00f6sebb napokon. R\u00e1ad\u00e1sul mos\u00f3g\u00e9pben moshat\u00f3ak - \u00edgy id\u0151vel k\u00f6nnyen karbantarthat\u00f3ak (csak ne felejtsd el, hogy ne tedd \u0151ket h\u0151 k\u00f6zel\u00e9be!).<\/p>\n<p>Az Oz Ponch\u00f3n\u00e1l az \u00fcgyf\u00e9lszolg\u00e1lat a legfontosabb: minden rendel\u00e9s ingyenes sz\u00e1ll\u00edt\u00e1ssal j\u00e1r Magyarorsz\u00e1g ter\u00fclet\u00e9n bel\u00fcl, valamint sz\u00fcks\u00e9g eset\u00e9n szem\u00e9lyre szabott tan\u00e1csad\u00e1ssal, \u00edgy a p\u00e9nzt\u00e1ri folyamat v\u00e9ge el\u0151tt megbizonyosodhatsz arr\u00f3l, hogy a testalkatodnak \u00e9s st\u00edluspreferenci\u00e1idnak legjobban megfelel\u0151 ruh\u00e1t kapod \ud83d\ude09 Nem sz\u00e1m\u00edt, ki viseli ezt a ruhadarabot, mindenki meg\u00e9rdemli, hogy j\u00f3l \u00e9rezze mag\u00e1t a saj\u00e1t b\u0151r\u00e9ben, \u00e9s mi az\u00e9rt vagyunk itt, hogy seg\u00edts\u00fcnk ezt megval\u00f3s\u00edtani.<\/p>\n<p>Sz\u00f3val gyer\u00fcnk, fedezze fel ponch\u00f3kollekci\u00f3nkat m\u00e9g ma!<\/p>\n<h2>Alap\u00e9rt\u00e9keink<\/h2>\n<p>Az Oz Ponch\u00f3n\u00e1l elk\u00f6telezettek vagyunk amellett, hogy min\u0151s\u00e9gi ruh\u00e1zatot k\u00edn\u00e1ljunk megfizethet\u0151 \u00e1ron. Kiv\u00e1l\u00f3 \u00fcgyf\u00e9lszolg\u00e1latra t\u00f6reksz\u00fcnk, \u00e9s hisz\u00fcnk abban, hogy mindenkinek j\u00f3l kell \u00e9reznie mag\u00e1t abban, amit visel, an\u00e9lk\u00fcl, hogy a bankot megt\u00f6rn\u00e9. Ez\u00e9rt az alapvet\u0151 \u00e9rt\u00e9keink k\u00f6z\u00e9 tartozik:<\/p>\n<ul>\n<li>Min\u0151s\u00e9g - Ponch\u00f3ink gondosan kiv\u00e1lasztott anyagokb\u00f3l, p\u00e9ld\u00e1ul puha gyapj\u00fakever\u00e9kekb\u0151l \u00e9s pamut k\u00f6t\u00f6tt anyagokb\u00f3l k\u00e9sz\u00fclnek, amelyek an\u00e9lk\u00fcl tartj\u00e1k melegen, hogy t\u00fal neh\u00e9znek \u00e9rezn\u00e9 mag\u00e1t a h\u0171v\u00f6sebb napokon. R\u00e1ad\u00e1sul g\u00e9pben moshat\u00f3ak - \u00edgy id\u0151vel k\u00f6nnyen karbantarthat\u00f3ak!<\/li>\n<li>K\u00e9nyelem \u00e9s st\u00edlus - Minden egyes darabot az \u00d6n ig\u00e9nyeit szem el\u0151tt tartva tervezt\u00fcnk, \u00edgy ak\u00e1r hagyom\u00e1nyos, modern vagy egyedi darabra v\u00e1gyik, itt minden v\u00e1rja \u00d6nt \ud83d\ude09.<\/li>\n<li>Megfizethet\u0151 \u00e1rak - Senki sem szeret egy vagyont k\u00f6lteni v\u00e1s\u00e1rl\u00e1skor, de senki sem akar olcs\u00f3 \u00e1rucikkeket; ez\u00e9rt itt minden kedvez\u0151 \u00e1ron kaphat\u00f3, \u00edgy a v\u00e1s\u00e1rl\u00f3k Magyarorsz\u00e1g-szerte kevesebb p\u00e9nz\u00e9rt juthatnak nagyszer\u0171 megjelen\u00e9shez, mint valaha!<\/li>\n<li>Az \u00fcgyf\u00e9lszolg\u00e1lat a legfontosabb - Minden rendel\u00e9s ingyenes sz\u00e1ll\u00edt\u00e1ssal \u00e9rkezik Magyarorsz\u00e1g ter\u00fclet\u00e9n bel\u00fcl, valamint szem\u00e9lyre szabott tan\u00e1csad\u00e1ssal, ha sz\u00fcks\u00e9ges, biztos\u00edtva, hogy minden egy\u00e9n pontosan azt kapja, ami a testalkat\u00e1nak \u00e9s st\u00edluspreferenci\u00e1inak megfelel\u0151en a legjobban megfelel \ud83d\ude42 .<\/li>\n<\/ul>\n<p>Csatlakozzon hozz\u00e1nk m\u00e9g ma, \u00e9s fedezze fel a divatos, m\u00e9gis k\u00e9nyelmes ponch\u00f3k izgalmas vil\u00e1g\u00e1t!<\/p>","protected":false},"excerpt":{"rendered":"<p>Who We Are Welcome to Oz Poncho! We are a family-owned business based in that is passionate about ponchos and all things related. Since our humble beginnings, we have been committed to providing high-quality ponchos at affordable prices for customers across the country. Our collection of stylish yet comfortable pieces range from classic designs to [&#8230;]","protected":false},"author":1,"featured_media":0,"parent":0,"menu_order":0,"comment_status":"closed","ping_status":"closed","template":"page-blank-title-center.php","meta":{"footnotes":""},"class_list":["post-32","page","type-page","status-publish","hentry"],"yoast_head":"<!-- This site is optimized with the Yoast SEO plugin v25.9 - https:\/\/yoast.com\/wordpress\/plugins\/seo\/ -->\n<title>About us | OZ Poncho<\/title>\n<meta name=\"robots\" content=\"index, follow, max-snippet:-1, max-image-preview:large, max-video-preview:-1\" \/>\n<link rel=\"canonical\" href=\"https:\/\/ozponcho.com.au\/hu\/rolunk\/\" \/>\n<meta property=\"og:locale\" content=\"hu_HU\" \/>\n<meta property=\"og:type\" content=\"article\" \/>\n<meta property=\"og:title\" content=\"About us | OZ Poncho\" \/>\n<meta property=\"og:description\" content=\"Who We Are Welcome to Oz Poncho! We are a family-owned business based in that is passionate about ponchos and all things related. Since our humble beginnings, we have been committed to providing high-quality ponchos at affordable prices for customers across the country. Our collection of stylish yet comfortable pieces range from classic designs to [...]\" \/>\n<meta property=\"og:url\" content=\"https:\/\/ozponcho.com.au\/hu\/rolunk\/\" \/>\n<meta property=\"og:site_name\" content=\"OZ Poncho\" \/>\n<meta property=\"article:modified_time\" content=\"2024-03-08T03:21:44+00:00\" \/>\n<meta name=\"twitter:card\" content=\"summary_large_image\" \/>\n<meta name=\"twitter:label1\" content=\"Becs\u00fclt olvas\u00e1si id\u0151\" \/>\n\t<meta name=\"twitter:data1\" content=\"2 perc\" \/>\n<script type=\"application\/ld+json\" class=\"yoast-schema-graph\">{\"@context\":\"https:\/\/schema.org\",\"@graph\":[{\"@type\":\"WebPage\",\"@id\":\"https:\/\/ozponcho.com.au\/about-us\/\",\"url\":\"https:\/\/ozponcho.com.au\/about-us\/\",\"name\":\"About us | OZ Poncho\",\"isPartOf\":{\"@id\":\"https:\/\/ozponcho.com.au\/#website\"},\"datePublished\":\"2022-11-26T04:54:13+00:00\",\"dateModified\":\"2024-03-08T03:21:44+00:00\",\"breadcrumb\":{\"@id\":\"https:\/\/ozponcho.com.au\/about-us\/#breadcrumb\"},\"inLanguage\":\"hu\",\"potentialAction\":[{\"@type\":\"ReadAction\",\"target\":[\"https:\/\/ozponcho.com.au\/about-us\/\"]}]},{\"@type\":\"BreadcrumbList\",\"@id\":\"https:\/\/ozponcho.com.au\/about-us\/#breadcrumb\",\"itemListElement\":[{\"@type\":\"ListItem\",\"position\":1,\"name\":\"Home\",\"item\":\"https:\/\/ozponcho.com.au\/\"},{\"@type\":\"ListItem\",\"position\":2,\"name\":\"About us\"}]},{\"@type\":\"WebSite\",\"@id\":\"https:\/\/ozponcho.com.au\/#website\",\"url\":\"https:\/\/ozponcho.com.au\/\",\"name\":\"OZ Poncho\",\"description\":\"\",\"potentialAction\":[{\"@type\":\"SearchAction\",\"target\":{\"@type\":\"EntryPoint\",\"urlTemplate\":\"https:\/\/ozponcho.com.au\/?s={search_term_string}\"},\"query-input\":{\"@type\":\"PropertyValueSpecification\",\"valueRequired\":true,\"valueName\":\"search_term_string\"}}],\"inLanguage\":\"hu\"}]}<\/script>\n<!-- \/ Yoast SEO plugin. -->","yoast_head_json":{"title":"R\u00f3lunk | OZ Poncho","robots":{"index":"index","follow":"follow","max-snippet":"max-snippet:-1","max-image-preview":"max-image-preview:large","max-video-preview":"max-video-preview:-1"},"canonical":"https:\/\/ozponcho.com.au\/hu\/rolunk\/","og_locale":"hu_HU","og_type":"article","og_title":"About us | OZ Poncho","og_description":"Who We Are Welcome to Oz Poncho! We are a family-owned business based in that is passionate about ponchos and all things related. Since our humble beginnings, we have been committed to providing high-quality ponchos at affordable prices for customers across the country. Our collection of stylish yet comfortable pieces range from classic designs to [...]","og_url":"https:\/\/ozponcho.com.au\/hu\/rolunk\/","og_site_name":"OZ Poncho","article_modified_time":"2024-03-08T03:21:44+00:00","twitter_card":"summary_large_image","twitter_misc":{"Becs\u00fclt olvas\u00e1si id\u0151":"2 perc"},"schema":{"@context":"https:\/\/schema.org","@graph":[{"@type":"WebPage","@id":"https:\/\/ozponcho.com.au\/about-us\/","url":"https:\/\/ozponcho.com.au\/about-us\/","name":"R\u00f3lunk | OZ Poncho","isPartOf":{"@id":"https:\/\/ozponcho.com.au\/#website"},"datePublished":"2022-11-26T04:54:13+00:00","dateModified":"2024-03-08T03:21:44+00:00","breadcrumb":{"@id":"https:\/\/ozponcho.com.au\/about-us\/#breadcrumb"},"inLanguage":"hu","potentialAction":[{"@type":"ReadAction","target":["https:\/\/ozponcho.com.au\/about-us\/"]}]},{"@type":"BreadcrumbList","@id":"https:\/\/ozponcho.com.au\/about-us\/#breadcrumb","itemListElement":[{"@type":"ListItem","position":1,"name":"Home","item":"https:\/\/ozponcho.com.au\/"},{"@type":"ListItem","position":2,"name":"About us"}]},{"@type":"WebSite","@id":"https:\/\/ozponcho.com.au\/#website","url":"https:\/\/ozponcho.com.au\/","name":"OZ Poncho","description":"","potentialAction":[{"@type":"SearchAction","target":{"@type":"EntryPoint","urlTemplate":"https:\/\/ozponcho.com.au\/?s={search_term_string}"},"query-input":{"@type":"PropertyValueSpecification","valueRequired":true,"valueName":"search_term_string"}}],"inLanguage":"hu"}]}},"_links":{"self":[{"href":"https:\/\/ozponcho.com.au\/hu\/wp-json\/wp\/v2\/pages\/32","targetHints":{"allow":["GET"]}}],"collection":[{"href":"https:\/\/ozponcho.com.au\/hu\/wp-json\/wp\/v2\/pages"}],"about":[{"href":"https:\/\/ozponcho.com.au\/hu\/wp-json\/wp\/v2\/types\/page"}],"author":[{"embeddable":true,"href":"https:\/\/ozponcho.com.au\/hu\/wp-json\/wp\/v2\/users\/1"}],"replies":[{"embeddable":true,"href":"https:\/\/ozponcho.com.au\/hu\/wp-json\/wp\/v2\/comments?post=32"}],"version-history":[{"count":0,"href":"https:\/\/ozponcho.com.au\/hu\/wp-json\/wp\/v2\/pages\/32\/revisions"}],"wp:attachment":[{"href":"https:\/\/ozponcho.com.au\/hu\/wp-json\/wp\/v2\/media?parent=32"}],"curies":[{"name":"wp","href":"https:\/\/api.w.org\/{rel}","templated":true}]}}