{"id":30,"date":"2022-11-26T15:53:28","date_gmt":"2022-11-26T04:53:28","guid":{"rendered":"https:\/\/ozponcho.com.au\/?page_id=30"},"modified":"2024-03-08T14:31:18","modified_gmt":"2024-03-08T03:31:18","slug":"promo-codes-discounts","status":"publish","type":"page","link":"https:\/\/ozponcho.com.au\/hu\/promocios-kodok-kedvezmenyek\/","title":{"rendered":"Promo k\u00f3dok &amp; kedvezm\u00e9nyek"},"content":{"rendered":"<p>\u00dcdv\u00f6z\u00f6lj\u00fck a prom\u00f3ci\u00f3s k\u00f3dok &amp; kedvezm\u00e9nyek var\u00e1zslatos vil\u00e1g\u00e1ban!<\/p>\n<p>Ha a legjobb poncs\u00f3 ruh\u00e1zati aj\u00e1nlatokat keresed, akkor ne keress tov\u00e1bb! Itt a [c\u00e9gn\u00e9v beilleszt\u00e9se]-n\u00e1l szeretj\u00fck k\u00fcl\u00f6nleges aj\u00e1nlatokkal \u00e9s kedvezm\u00e9nyekkel jutalmazni \u00fcgyfeleinket.<\/p>\n<p>Tudjuk, milyen neh\u00e9z megtal\u00e1lni a t\u00f6k\u00e9letes poncs\u00f3t, ez\u00e9rt, hogy m\u00e9g k\u00f6nnyebb\u00e9 tegy\u00fck, prom\u00f3ci\u00f3s k\u00f3dok \u00e9s kedvezm\u00e9nyek \u00e1llnak rendelkez\u00e9sre. Ak\u00e1r magadnak vagy egy szerettednek v\u00e1s\u00e1rolsz, prom\u00f3ci\u00f3s k\u00f3dok \u00e9s kedvezm\u00e9nyek sz\u00e9les v\u00e1laszt\u00e9k\u00e1b\u00f3l v\u00e1laszthatsz.<\/p>\n<p>Mi\u00e9rt ne kezdhetn\u00e9d a poncs\u00f3 v\u00e1s\u00e1rl\u00e1si utadat egy k\u00fcl\u00f6nleges kedvezm\u00e9nyes k\u00f3ddal? Kapjon 10% kedvezm\u00e9nyt az els\u0151 v\u00e1s\u00e1rl\u00e1s\u00e1b\u00f3l, ha a p\u00e9nzt\u00e1rn\u00e1l be\u00edrja a 'PONCHO10' k\u00f3dot.<\/p>\n<p>A kiv\u00e1lasztott poncs\u00f3kra \u00e9s kollekci\u00f3kra is vannak kedvezm\u00e9nyek. Ak\u00e1r valami klasszikus, ak\u00e1r valami kicsit egyedibb darabot keresel, mindenkinek van valamink.<\/p>\n<p>\u00dcgyeljen arra, hogy ellen\u0151rizze ezt az oldalt rendszeresen a leg\u00fajabb \u00e9s legnagyobb prom\u00f3ci\u00f3s k\u00f3dok \u00e9s kedvezm\u00e9nyek. A sok nagyszer\u0171 aj\u00e1nlatok, akkor biztos, hogy megtal\u00e1lja a t\u00f6k\u00e9letes poncs\u00f3 az \u00d6n sz\u00e1m\u00e1ra.<\/p>\n<p>Boldog v\u00e1s\u00e1rl\u00e1st!<\/p>","protected":false},"excerpt":{"rendered":"<p>Welcome to the magical world of promo codes &amp; discounts! If you&#8217;re looking for the best deals on poncho clothing, then look no further! Here at [insert business name], we love to reward our customers with special offers and discounts. We know how hard it is to find the perfect poncho, so to make it [&#8230;]","protected":false},"author":1,"featured_media":0,"parent":0,"menu_order":0,"comment_status":"closed","ping_status":"closed","template":"page-blank-title-center.php","meta":{"footnotes":""},"class_list":["post-30","page","type-page","status-publish","hentry"],"yoast_head":"<!-- This site is optimized with the Yoast SEO plugin v25.9 - https:\/\/yoast.com\/wordpress\/plugins\/seo\/ -->\n<title>OZ Poncho Promo Codes &amp; Discounts<\/title>\n<meta name=\"description\" content=\"Take advantage of a 10% discount on the entire OZ Poncho boutique today by applying the following promo code:\" \/>\n<meta name=\"robots\" content=\"index, follow, max-snippet:-1, max-image-preview:large, max-video-preview:-1\" \/>\n<link rel=\"canonical\" href=\"https:\/\/ozponcho.com.au\/hu\/promocios-kodok-kedvezmenyek\/\" \/>\n<meta property=\"og:locale\" content=\"hu_HU\" \/>\n<meta property=\"og:type\" content=\"article\" \/>\n<meta property=\"og:title\" content=\"OZ Poncho Promo Codes &amp; Discounts\" \/>\n<meta property=\"og:description\" content=\"Take advantage of a 10% discount on the entire OZ Poncho boutique today by applying the following promo code:\" \/>\n<meta property=\"og:url\" content=\"https:\/\/ozponcho.com.au\/hu\/promocios-kodok-kedvezmenyek\/\" \/>\n<meta property=\"og:site_name\" content=\"OZ Poncho\" \/>\n<meta property=\"article:modified_time\" content=\"2024-03-08T03:31:18+00:00\" \/>\n<meta name=\"twitter:card\" content=\"summary_large_image\" \/>\n<meta name=\"twitter:label1\" content=\"Becs\u00fclt olvas\u00e1si id\u0151\" \/>\n\t<meta name=\"twitter:data1\" content=\"1 perc\" \/>\n<script type=\"application\/ld+json\" class=\"yoast-schema-graph\">{\"@context\":\"https:\/\/schema.org\",\"@graph\":[{\"@type\":\"WebPage\",\"@id\":\"https:\/\/ozponcho.com.au\/promo-codes-discounts\/\",\"url\":\"https:\/\/ozponcho.com.au\/promo-codes-discounts\/\",\"name\":\"OZ Poncho Promo Codes & Discounts\",\"isPartOf\":{\"@id\":\"https:\/\/ozponcho.com.au\/#website\"},\"datePublished\":\"2022-11-26T04:53:28+00:00\",\"dateModified\":\"2024-03-08T03:31:18+00:00\",\"description\":\"Take advantage of a 10% discount on the entire OZ Poncho boutique today by applying the following promo code:\",\"breadcrumb\":{\"@id\":\"https:\/\/ozponcho.com.au\/promo-codes-discounts\/#breadcrumb\"},\"inLanguage\":\"hu\",\"potentialAction\":[{\"@type\":\"ReadAction\",\"target\":[\"https:\/\/ozponcho.com.au\/promo-codes-discounts\/\"]}]},{\"@type\":\"BreadcrumbList\",\"@id\":\"https:\/\/ozponcho.com.au\/promo-codes-discounts\/#breadcrumb\",\"itemListElement\":[{\"@type\":\"ListItem\",\"position\":1,\"name\":\"Home\",\"item\":\"https:\/\/ozponcho.com.au\/\"},{\"@type\":\"ListItem\",\"position\":2,\"name\":\"Promo codes &#038; discounts\"}]},{\"@type\":\"WebSite\",\"@id\":\"https:\/\/ozponcho.com.au\/#website\",\"url\":\"https:\/\/ozponcho.com.au\/\",\"name\":\"OZ Poncho\",\"description\":\"\",\"potentialAction\":[{\"@type\":\"SearchAction\",\"target\":{\"@type\":\"EntryPoint\",\"urlTemplate\":\"https:\/\/ozponcho.com.au\/?s={search_term_string}\"},\"query-input\":{\"@type\":\"PropertyValueSpecification\",\"valueRequired\":true,\"valueName\":\"search_term_string\"}}],\"inLanguage\":\"hu\"}]}<\/script>\n<!-- \/ Yoast SEO plugin. -->","yoast_head_json":{"title":"OZ Poncho Promo k\u00f3dok &amp; kedvezm\u00e9nyek","description":"Haszn\u00e1lja ki a 10% kedvezm\u00e9nyt a teljes OZ Poncho butikban ma a k\u00f6vetkez\u0151 prom\u00f3ci\u00f3s k\u00f3d alkalmaz\u00e1s\u00e1val:","robots":{"index":"index","follow":"follow","max-snippet":"max-snippet:-1","max-image-preview":"max-image-preview:large","max-video-preview":"max-video-preview:-1"},"canonical":"https:\/\/ozponcho.com.au\/hu\/promocios-kodok-kedvezmenyek\/","og_locale":"hu_HU","og_type":"article","og_title":"OZ Poncho Promo Codes & Discounts","og_description":"Take advantage of a 10% discount on the entire OZ Poncho boutique today by applying the following promo code:","og_url":"https:\/\/ozponcho.com.au\/hu\/promocios-kodok-kedvezmenyek\/","og_site_name":"OZ Poncho","article_modified_time":"2024-03-08T03:31:18+00:00","twitter_card":"summary_large_image","twitter_misc":{"Becs\u00fclt olvas\u00e1si id\u0151":"1 perc"},"schema":{"@context":"https:\/\/schema.org","@graph":[{"@type":"WebPage","@id":"https:\/\/ozponcho.com.au\/promo-codes-discounts\/","url":"https:\/\/ozponcho.com.au\/promo-codes-discounts\/","name":"OZ Poncho Promo k\u00f3dok &amp; kedvezm\u00e9nyek","isPartOf":{"@id":"https:\/\/ozponcho.com.au\/#website"},"datePublished":"2022-11-26T04:53:28+00:00","dateModified":"2024-03-08T03:31:18+00:00","description":"Haszn\u00e1lja ki a 10% kedvezm\u00e9nyt a teljes OZ Poncho butikban ma a k\u00f6vetkez\u0151 prom\u00f3ci\u00f3s k\u00f3d alkalmaz\u00e1s\u00e1val:","breadcrumb":{"@id":"https:\/\/ozponcho.com.au\/promo-codes-discounts\/#breadcrumb"},"inLanguage":"hu","potentialAction":[{"@type":"ReadAction","target":["https:\/\/ozponcho.com.au\/promo-codes-discounts\/"]}]},{"@type":"BreadcrumbList","@id":"https:\/\/ozponcho.com.au\/promo-codes-discounts\/#breadcrumb","itemListElement":[{"@type":"ListItem","position":1,"name":"Home","item":"https:\/\/ozponcho.com.au\/"},{"@type":"ListItem","position":2,"name":"Promo codes &#038; discounts"}]},{"@type":"WebSite","@id":"https:\/\/ozponcho.com.au\/#website","url":"https:\/\/ozponcho.com.au\/","name":"OZ Poncho","description":"","potentialAction":[{"@type":"SearchAction","target":{"@type":"EntryPoint","urlTemplate":"https:\/\/ozponcho.com.au\/?s={search_term_string}"},"query-input":{"@type":"PropertyValueSpecification","valueRequired":true,"valueName":"search_term_string"}}],"inLanguage":"hu"}]}},"_links":{"self":[{"href":"https:\/\/ozponcho.com.au\/hu\/wp-json\/wp\/v2\/pages\/30","targetHints":{"allow":["GET"]}}],"collection":[{"href":"https:\/\/ozponcho.com.au\/hu\/wp-json\/wp\/v2\/pages"}],"about":[{"href":"https:\/\/ozponcho.com.au\/hu\/wp-json\/wp\/v2\/types\/page"}],"author":[{"embeddable":true,"href":"https:\/\/ozponcho.com.au\/hu\/wp-json\/wp\/v2\/users\/1"}],"replies":[{"embeddable":true,"href":"https:\/\/ozponcho.com.au\/hu\/wp-json\/wp\/v2\/comments?post=30"}],"version-history":[{"count":0,"href":"https:\/\/ozponcho.com.au\/hu\/wp-json\/wp\/v2\/pages\/30\/revisions"}],"wp:attachment":[{"href":"https:\/\/ozponcho.com.au\/hu\/wp-json\/wp\/v2\/media?parent=30"}],"curies":[{"name":"wp","href":"https:\/\/api.w.org\/{rel}","templated":true}]}}