{"id":28,"date":"2022-11-26T15:52:19","date_gmt":"2022-11-26T04:52:19","guid":{"rendered":"https:\/\/ozponcho.com.au\/?page_id=28"},"modified":"2022-11-26T16:21:02","modified_gmt":"2022-11-26T05:21:02","slug":"refund-and-returns-policy","status":"publish","type":"page","link":"https:\/\/ozponcho.com.au\/hu\/visszateritesi-es-visszakuldesi-politika\/","title":{"rendered":"Visszat\u00e9r\u00edt\u00e9si \u00e9s visszat\u00e9r\u00edt\u00e9si politika"},"content":{"rendered":"<h2>Szeretn\u00e9k <strong>return<\/strong> vagy <strong>csere*<\/strong> egy olyan t\u00e1rgy, amely nem illik hozz\u00e1m.<\/h2>\n<p><strong>1. l\u00e9p\u00e9s:<\/strong> Ha szeretne <strong>return<\/strong> vagy <strong>csere<\/strong> a term\u00e9ket (m\u00e1s m\u00e9ret vagy sz\u00edn kiv\u00e1laszt\u00e1s\u00e1hoz), k\u00e9rj\u00fck, gy\u0151z\u0151dj\u00f6n meg r\u00f3la, hogy megfelel a k\u00f6vetkez\u0151 felt\u00e9teleknek:<\/p>\n<ul>\n<li>A csomag \u00e1tv\u00e9tel\u00e9t k\u00f6vet\u0151en 14 nap \u00e1ll rendelkez\u00e9s\u00e9re, hogy visszak\u00fcldje nek\u00fcnk a csomagot.<\/li>\n<li>A c\u00edmk\u00e9ket ugyan\u00fagy kell a term\u00e9kre ragasztani, ahogyan azt megkapta.<\/li>\n<li>A term\u00e9knek eredeti csomagol\u00e1s\u00e1ban kell lennie.<\/li>\n<\/ul>\n<p><strong>2. l\u00e9p\u00e9s:<\/strong> Contact us by email at contact@ozponcho.com.au or directly via our contact.<\/p>\n<p>Gy\u0151z\u0151dj\u00f6n meg r\u00f3la, hogy az al\u00e1bbi inform\u00e1ci\u00f3k szerepelnek az e-mailben: az \u00d6n\u00a0<strong>rendel\u00e9si sz\u00e1m<\/strong>, <strong>a visszak\u00fcld\u00f6tt t\u00e9telek neve<\/strong>, valamint <strong>mit szeretne kapni a visszat\u00e9r\u00e9sb\u0151l<\/strong> (visszat\u00e9r\u00edt\u00e9s, utalv\u00e1ny vagy csere m\u00e1sik m\u00e9retre\/sz\u00ednre).<\/p>\n<p><strong>3. l\u00e9p\u00e9s:<\/strong>\u00a048 \u00f3r\u00e1n bel\u00fcl v\u00e1laszolunk \u00d6nnek, \u00e9s megadjuk a postai c\u00edmet, ahov\u00e1 az \u00e1rut visszak\u00fcldheti.<\/p>\n<p>T\u00e1j\u00e9koztatjuk, hogy\u00a0<strong>a visszak\u00fcld\u00e9s k\u00f6lts\u00e9gei az \u00d6n k\u00f6lts\u00e9g\u00e9re maradnak<\/strong>.<\/p>\n<p><em>A term\u00e9keket eredeti \u00e1llapotukban kell visszak\u00fcldeni. A mosott vagy viselt (c\u00edmke n\u00e9lk\u00fcli) term\u00e9kek nem k\u00fcldhet\u0151k vissza, illetve nem t\u00e9r\u00edthet\u0151k vissza.<\/em><\/p>\n<p><strong>4. l\u00e9p\u00e9s<\/strong>: Er\u0151s\u00edtse meg nek\u00fcnk e-mailben, hogy a term\u00e9ket elk\u00fcldt\u00e9k, \u00e9s adja meg nek\u00fcnk az al\u00e1bbi adatokat\u00a0<strong>a csomag sz\u00e1ll\u00edt\u00e1si sz\u00e1ma<\/strong>.<\/p>\n<p>Ez lehet\u0151v\u00e9 teszi sz\u00e1munkra, hogy kifizethess\u00fck az esetlegesen felmer\u00fcl\u0151 v\u00e1mk\u00f6lts\u00e9geket.\u00a0<strong>Ha nem rendelkez\u00fcnk ezzel az inform\u00e1ci\u00f3val, nem tudjuk kifizetni a v\u00e1md\u00edjat, \u00e9s a csomag automatikusan visszaker\u00fcl \u00d6nh\u00f6z.<\/strong>.<\/p>\n<p><strong>5. l\u00e9p\u00e9s:<\/strong> Amint megkapjuk a t\u00e9teleket, azokat megvizsg\u00e1ljuk, \u00e9s az \u00d6n k\u00e9r\u00e9s\u00e9nek megfelel\u0151en:<\/p>\n<ul>\n<li>A t\u00e9telek visszat\u00e9r\u00edt\u00e9se: kap egy e-mailt, hogy meger\u0151s\u00edtse a rendel\u00e9s visszat\u00e9r\u00edt\u00e9s\u00e9t.<\/li>\n<li>Cser\u00e9lje ki t\u00e1rgyait: \u00d6n kap egy e-mailt, amelyben meger\u0151s\u00edti a cser\u00e9t, valamint egy \u00faj rendel\u00e9si sz\u00e1mot.<\/li>\n<\/ul>\nOZ Poncho reserves the right to refuse returns sent or communicated after the delay of return, or articles which are not in the same condition as when they were received. Once the return is approved, you will be refunded through the <strong>ugyanaz a fizet\u00e9si m\u00f3d, amellyel a v\u00e1s\u00e1rl\u00e1s t\u00f6rt\u00e9nt<\/strong>. A visszat\u00e9r\u00edt\u00e9s maxim\u00e1lis k\u00e9sedelme 10 nap. K\u00e9rj\u00fck, vegye figyelembe, hogy a visszat\u00e9r\u00edt\u00e9s k\u00e9sedelme az \u00d6n banksz\u00e1ml\u00e1j\u00e1n mindig az \u00d6n bankj\u00e1t\u00f3l f\u00fcgg.<\/p>","protected":false},"excerpt":{"rendered":"<p>I would like to return or exchange* an item that does not suit me. Step 1: If you would like to return or exchange your item (to get a different size or color), please make sure that you meet the following conditions: You have 14 days following the reception of your package to return it [&#8230;]","protected":false},"author":1,"featured_media":0,"parent":0,"menu_order":0,"comment_status":"closed","ping_status":"closed","template":"page-blank-title-center.php","meta":{"footnotes":""},"class_list":["post-28","page","type-page","status-publish","hentry"],"yoast_head":"<!-- This site is optimized with the Yoast SEO plugin v25.9 - https:\/\/yoast.com\/wordpress\/plugins\/seo\/ -->\n<title>Refund and Returns Policy | OZ Poncho<\/title>\n<meta name=\"robots\" content=\"noindex, follow\" \/>\n<meta property=\"og:locale\" content=\"hu_HU\" \/>\n<meta property=\"og:type\" content=\"article\" \/>\n<meta property=\"og:title\" content=\"Refund and Returns Policy | OZ Poncho\" \/>\n<meta property=\"og:description\" content=\"I would like to return or exchange* an item that does not suit me. Step 1: If you would like to return or exchange your item (to get a different size or color), please make sure that you meet the following conditions: You have 14 days following the reception of your package to return it [...]\" \/>\n<meta property=\"og:url\" content=\"https:\/\/ozponcho.com.au\/hu\/visszateritesi-es-visszakuldesi-politika\/\" \/>\n<meta property=\"og:site_name\" content=\"OZ Poncho\" \/>\n<meta property=\"article:modified_time\" content=\"2022-11-26T05:21:02+00:00\" \/>\n<meta name=\"twitter:card\" content=\"summary_large_image\" \/>\n<meta name=\"twitter:label1\" content=\"Becs\u00fclt olvas\u00e1si id\u0151\" \/>\n\t<meta name=\"twitter:data1\" content=\"2 perc\" \/>\n<script type=\"application\/ld+json\" class=\"yoast-schema-graph\">{\"@context\":\"https:\/\/schema.org\",\"@graph\":[{\"@type\":\"WebPage\",\"@id\":\"https:\/\/ozponcho.com.au\/refund-and-returns-policy\/\",\"url\":\"https:\/\/ozponcho.com.au\/refund-and-returns-policy\/\",\"name\":\"Refund and Returns Policy | OZ Poncho\",\"isPartOf\":{\"@id\":\"https:\/\/ozponcho.com.au\/#website\"},\"datePublished\":\"2022-11-26T04:52:19+00:00\",\"dateModified\":\"2022-11-26T05:21:02+00:00\",\"breadcrumb\":{\"@id\":\"https:\/\/ozponcho.com.au\/refund-and-returns-policy\/#breadcrumb\"},\"inLanguage\":\"hu\",\"potentialAction\":[{\"@type\":\"ReadAction\",\"target\":[\"https:\/\/ozponcho.com.au\/refund-and-returns-policy\/\"]}]},{\"@type\":\"BreadcrumbList\",\"@id\":\"https:\/\/ozponcho.com.au\/refund-and-returns-policy\/#breadcrumb\",\"itemListElement\":[{\"@type\":\"ListItem\",\"position\":1,\"name\":\"Home\",\"item\":\"https:\/\/ozponcho.com.au\/\"},{\"@type\":\"ListItem\",\"position\":2,\"name\":\"Refund and Returns Policy\"}]},{\"@type\":\"WebSite\",\"@id\":\"https:\/\/ozponcho.com.au\/#website\",\"url\":\"https:\/\/ozponcho.com.au\/\",\"name\":\"OZ Poncho\",\"description\":\"\",\"potentialAction\":[{\"@type\":\"SearchAction\",\"target\":{\"@type\":\"EntryPoint\",\"urlTemplate\":\"https:\/\/ozponcho.com.au\/?s={search_term_string}\"},\"query-input\":{\"@type\":\"PropertyValueSpecification\",\"valueRequired\":true,\"valueName\":\"search_term_string\"}}],\"inLanguage\":\"hu\"}]}<\/script>\n<!-- \/ Yoast SEO plugin. -->","yoast_head_json":{"title":"Visszat\u00e9r\u00edt\u00e9si \u00e9s visszat\u00e9r\u00edt\u00e9si szab\u00e1lyzat | OZ Poncho","robots":{"index":"noindex","follow":"follow"},"og_locale":"hu_HU","og_type":"article","og_title":"Refund and Returns Policy | OZ Poncho","og_description":"I would like to return or exchange* an item that does not suit me. Step 1: If you would like to return or exchange your item (to get a different size or color), please make sure that you meet the following conditions: You have 14 days following the reception of your package to return it [...]","og_url":"https:\/\/ozponcho.com.au\/hu\/visszateritesi-es-visszakuldesi-politika\/","og_site_name":"OZ Poncho","article_modified_time":"2022-11-26T05:21:02+00:00","twitter_card":"summary_large_image","twitter_misc":{"Becs\u00fclt olvas\u00e1si id\u0151":"2 perc"},"schema":{"@context":"https:\/\/schema.org","@graph":[{"@type":"WebPage","@id":"https:\/\/ozponcho.com.au\/refund-and-returns-policy\/","url":"https:\/\/ozponcho.com.au\/refund-and-returns-policy\/","name":"Visszat\u00e9r\u00edt\u00e9si \u00e9s visszat\u00e9r\u00edt\u00e9si szab\u00e1lyzat | OZ Poncho","isPartOf":{"@id":"https:\/\/ozponcho.com.au\/#website"},"datePublished":"2022-11-26T04:52:19+00:00","dateModified":"2022-11-26T05:21:02+00:00","breadcrumb":{"@id":"https:\/\/ozponcho.com.au\/refund-and-returns-policy\/#breadcrumb"},"inLanguage":"hu","potentialAction":[{"@type":"ReadAction","target":["https:\/\/ozponcho.com.au\/refund-and-returns-policy\/"]}]},{"@type":"BreadcrumbList","@id":"https:\/\/ozponcho.com.au\/refund-and-returns-policy\/#breadcrumb","itemListElement":[{"@type":"ListItem","position":1,"name":"Home","item":"https:\/\/ozponcho.com.au\/"},{"@type":"ListItem","position":2,"name":"Refund and Returns Policy"}]},{"@type":"WebSite","@id":"https:\/\/ozponcho.com.au\/#website","url":"https:\/\/ozponcho.com.au\/","name":"OZ Poncho","description":"","potentialAction":[{"@type":"SearchAction","target":{"@type":"EntryPoint","urlTemplate":"https:\/\/ozponcho.com.au\/?s={search_term_string}"},"query-input":{"@type":"PropertyValueSpecification","valueRequired":true,"valueName":"search_term_string"}}],"inLanguage":"hu"}]}},"_links":{"self":[{"href":"https:\/\/ozponcho.com.au\/hu\/wp-json\/wp\/v2\/pages\/28","targetHints":{"allow":["GET"]}}],"collection":[{"href":"https:\/\/ozponcho.com.au\/hu\/wp-json\/wp\/v2\/pages"}],"about":[{"href":"https:\/\/ozponcho.com.au\/hu\/wp-json\/wp\/v2\/types\/page"}],"author":[{"embeddable":true,"href":"https:\/\/ozponcho.com.au\/hu\/wp-json\/wp\/v2\/users\/1"}],"replies":[{"embeddable":true,"href":"https:\/\/ozponcho.com.au\/hu\/wp-json\/wp\/v2\/comments?post=28"}],"version-history":[{"count":0,"href":"https:\/\/ozponcho.com.au\/hu\/wp-json\/wp\/v2\/pages\/28\/revisions"}],"wp:attachment":[{"href":"https:\/\/ozponcho.com.au\/hu\/wp-json\/wp\/v2\/media?parent=28"}],"curies":[{"name":"wp","href":"https:\/\/api.w.org\/{rel}","templated":true}]}}