{"id":23,"date":"2022-11-26T15:51:17","date_gmt":"2022-11-26T04:51:17","guid":{"rendered":"https:\/\/ozponcho.com.au\/?page_id=23"},"modified":"2023-11-08T21:11:28","modified_gmt":"2023-11-08T10:11:28","slug":"privacy-policy","status":"publish","type":"page","link":"https:\/\/ozponcho.com.au\/hu\/adatvedelmi-politika\/","title":{"rendered":"Adatv\u00e9delmi ir\u00e1nyelvek"},"content":{"rendered":"<p>This Privacy Policy describes how your personal information is collected, used,and shared when you visit or make a purchase from ozponcho.com.au (the \u201cSite\u201d).<\/p>\n<h2>AZ \u00c1LTALUNK GY\u0170JT\u00d6TT SZEM\u00c9LYES ADATOK<\/h2>\n<p>Amikor \u00d6n megl\u00e1togatja a Webhelyet, automatikusan gy\u0171jt\u00fcnk bizonyos inform\u00e1ci\u00f3kat az \u00d6n eszk\u00f6z\u00e9r\u0151l, bele\u00e9rtve a webb\u00f6ng\u00e9sz\u0151j\u00e9re, IP-c\u00edm\u00e9re, id\u0151z\u00f3n\u00e1j\u00e1ra \u00e9s az eszk\u00f6z\u00e9re telep\u00edtett n\u00e9h\u00e1ny cookie-ra vonatkoz\u00f3 inform\u00e1ci\u00f3kat. Ezen t\u00falmen\u0151en a Webhely b\u00f6ng\u00e9sz\u00e9se sor\u00e1n inform\u00e1ci\u00f3kat gy\u0171jt\u00fcnk az \u00d6n \u00e1ltal megtekintett egyes weboldalakr\u00f3l vagy term\u00e9kekr\u0151l, arr\u00f3l, hogy milyen weboldalak vagy keres\u0151kifejez\u00e9sek ir\u00e1ny\u00edtott\u00e1k \u00d6nt a Webhelyre, valamint arr\u00f3l, hogy \u00d6n hogyan l\u00e9p kapcsolatba a Webhellyel. Ezeket az automatikusan gy\u0171jt\u00f6tt inform\u00e1ci\u00f3kat \"Eszk\u00f6zinform\u00e1ci\u00f3nak\" nevezz\u00fck.<\/p>\n<p>Az eszk\u00f6zadatokat a k\u00f6vetkez\u0151 technol\u00f3gi\u00e1k seg\u00edts\u00e9g\u00e9vel gy\u0171jtj\u00fck:<\/p>\n<ul>\n<li>A \"s\u00fctik\" olyan adatf\u00e1jlok, amelyek az \u00d6n eszk\u00f6z\u00e9n vagy sz\u00e1m\u00edt\u00f3g\u00e9p\u00e9n ker\u00fclnek elhelyez\u00e9sre, \u00e9s gyakran tartalmaznak egy n\u00e9vtelen egyedi azonos\u00edt\u00f3t. A s\u00fctikr\u0151l \u00e9s a s\u00fctik letilt\u00e1s\u00e1r\u00f3l tov\u00e1bbi inform\u00e1ci\u00f3kat a http:\/\/www.allaboutcookies.org oldalon tal\u00e1l.<\/li>\n<li>A \"napl\u00f3f\u00e1jlok\" nyomon k\u00f6vetik a webhelyen v\u00e9gzett m\u0171veleteket, \u00e9s adatokat gy\u0171jtenek, bele\u00e9rtve az \u00d6n IP-c\u00edm\u00e9t, a b\u00f6ng\u00e9sz\u0151 t\u00edpus\u00e1t, az internetszolg\u00e1ltat\u00f3t, a hivatkoz\u00f3\/kil\u00e9p\u0151 oldalakat \u00e9s a d\u00e1tum\/id\u0151 b\u00e9lyegeket.<\/li>\n<li>A \"webjelz\u0151k\", \"c\u00edmk\u00e9k\" \u00e9s \"pixelek\" olyan elektronikus f\u00e1jlok, amelyeket arra haszn\u00e1lnak, hogy inform\u00e1ci\u00f3kat r\u00f6gz\u00edtsenek arr\u00f3l, hogyan b\u00f6ng\u00e9szik a Webhelyet.<\/li>\n<\/ul>\n<p>Tov\u00e1bb\u00e1, amikor \u00d6n v\u00e1s\u00e1rol vagy megpr\u00f3b\u00e1l v\u00e1s\u00e1rolni a Webhelyen kereszt\u00fcl, bizonyos adatokat gy\u0171jt\u00fcnk \u00d6nt\u0151l, bele\u00e9rtve az \u00d6n nev\u00e9t, sz\u00e1ml\u00e1z\u00e1si c\u00edm\u00e9t, sz\u00e1ll\u00edt\u00e1si c\u00edm\u00e9t, fizet\u00e9si adatait (bele\u00e9rtve a hitelk\u00e1rtyasz\u00e1mokat is).\n<p>Amikor a jelen Adatv\u00e9delmi szab\u00e1lyzatban \"szem\u00e9lyes adatokr\u00f3l\" besz\u00e9l\u00fcnk, akkor mind az eszk\u00f6zadatokr\u00f3l, mind a megrendel\u00e9si adatokr\u00f3l besz\u00e9l\u00fcnk.<\/p>\n<h2>HOGYAN HASZN\u00c1LJUK FEL AZ \u00d6N SZEM\u00c9LYES ADATAIT?<\/h2>\n<p>Az \u00e1ltalunk gy\u0171jt\u00f6tt megrendel\u00e9si adatokat \u00e1ltal\u00e1ban a Webhelyen kereszt\u00fcl leadott megrendel\u00e9sek teljes\u00edt\u00e9s\u00e9re haszn\u00e1ljuk (bele\u00e9rtve az \u00d6n fizet\u00e9si adatainak feldolgoz\u00e1s\u00e1t, a sz\u00e1ll\u00edt\u00e1s megszervez\u00e9s\u00e9t, valamint a sz\u00e1ml\u00e1k \u00e9s\/vagy megrendel\u00e9si visszaigazol\u00e1sok megk\u00fcld\u00e9s\u00e9t). Ezen t\u00falmen\u0151en ezeket a Megrendel\u00e9si adatokat a k\u00f6vetkez\u0151kre haszn\u00e1ljuk:<\/p>\n<ul>\n<li>Kommunik\u00e1ljon \u00d6nnel;<\/li>\n<li>a megrendel\u00e9seink \u00e1tvizsg\u00e1l\u00e1sa a potenci\u00e1lis kock\u00e1zat vagy csal\u00e1s szempontj\u00e1b\u00f3l; \u00e9s<\/li>\n<li>Ha az \u00d6n \u00e1ltal vel\u00fcnk megosztott preferenci\u00e1knak megfelel\u0151en, a term\u00e9keinkkel vagy szolg\u00e1ltat\u00e1sainkkal kapcsolatos inform\u00e1ci\u00f3kat vagy rekl\u00e1mokat k\u00fcld\u00fcnk \u00d6nnek.<\/li>\n<\/ul>\n<p>Az \u00e1ltalunk gy\u0171jt\u00f6tt Eszk\u00f6zadatokat arra haszn\u00e1ljuk, hogy seg\u00edts\u00fcnk kisz\u0171rni a lehets\u00e9ges kock\u00e1zatokat \u00e9s csal\u00e1sokat (k\u00fcl\u00f6n\u00f6sen az \u00d6n IP-c\u00edm\u00e9t), valamint \u00e1ltal\u00e1nosabban a Webhely\u00fcnk jav\u00edt\u00e1s\u00e1ra \u00e9s optimaliz\u00e1l\u00e1s\u00e1ra (p\u00e9ld\u00e1ul analitikai elemz\u00e9sek k\u00e9sz\u00edt\u00e9se r\u00e9v\u00e9n arr\u00f3l, hogy \u00fcgyfeleink hogyan b\u00f6ng\u00e9sznek a Webhelyen \u00e9s hogyan l\u00e9pnek kapcsolatba vele, valamint marketing- \u00e9s rekl\u00e1mkamp\u00e1nyaink siker\u00e9nek \u00e9rt\u00e9kel\u00e9s\u00e9re).<\/p>\n<h2>SZEM\u00c9LYES ADATAINAK MEGOSZT\u00c1SA<\/h2>\n<p>Szem\u00e9lyes adatait megosztjuk harmadik felekkel, hogy seg\u00edtsenek nek\u00fcnk az \u00d6n szem\u00e9lyes adatainak a fentiekben le\u00edrtak szerinti felhaszn\u00e1l\u00e1s\u00e1ban. P\u00e9ld\u00e1ul a Shopify-t haszn\u00e1ljuk online \u00e1ruh\u00e1zunk m\u0171k\u00f6dtet\u00e9s\u00e9hez - itt olvashat t\u00f6bbet arr\u00f3l, hogy a Shopify hogyan haszn\u00e1lja fel szem\u00e9lyes adatait: https:\/\/www.shopify.com\/legal\/privacy. A Google Analyticset is haszn\u00e1ljuk, hogy seg\u00edtsen meg\u00e9rteni, hogyan haszn\u00e1lj\u00e1k \u00fcgyfeleink a Webhelyet - itt olvashat t\u00f6bbet arr\u00f3l, hogyan haszn\u00e1lja a Google az \u00d6n szem\u00e9lyes adatait: https:\/\/www.google.com\/intl\/en\/policies\/privacy\/. A Google Analytics szolg\u00e1ltat\u00e1sr\u00f3l itt is lemondhat: https:\/\/tools.google.com\/dlpage\/gaoptout.<\/p>\n<p>V\u00e9gezet\u00fcl, szem\u00e9lyes adatait megoszthatjuk az alkalmazand\u00f3 t\u00f6rv\u00e9nyeknek \u00e9s szab\u00e1lyzatoknak val\u00f3 megfelel\u00e9s, id\u00e9z\u00e9sre, h\u00e1zkutat\u00e1si parancsra vagy m\u00e1s t\u00f6rv\u00e9nyes inform\u00e1ci\u00f3k\u00e9r\u00e9sre val\u00f3 v\u00e1laszad\u00e1s, illetve jogaink v\u00e9delme \u00e9rdek\u00e9ben is.<\/p>\n<h2>VISELKED\u00c9SALAP\u00da REKL\u00c1M<\/h2>\n<p>A fent le\u00edrtak szerint szem\u00e9lyes adatait arra haszn\u00e1ljuk, hogy c\u00e9lzott hirdet\u00e9seket vagy marketingk\u00f6zlem\u00e9nyeket k\u00fcldj\u00fcnk \u00d6nnek, amelyekr\u0151l \u00fagy gondoljuk, hogy \u00e9rdekelhetik \u00d6nt. A c\u00e9lzott hirdet\u00e9sek m\u0171k\u00f6d\u00e9s\u00e9r\u0151l tov\u00e1bbi inform\u00e1ci\u00f3kat a Network Advertising Initiative (\"NAI\") oktat\u00e1si oldal\u00e1n tal\u00e1l a http:\/\/www.networkadvertising.org\/understanding-online-advertising\/how-does-it-work c\u00edmen.<\/p>\n<p>Ezen t\u00falmen\u0151en \u00d6n lemondhat n\u00e9h\u00e1ny ilyen szolg\u00e1ltat\u00e1sr\u00f3l, ha ell\u00e1togat a Digital Advertising Alliance lemond\u00f3 port\u00e1lj\u00e1ra: http:\/\/optout.aboutads.info\/.<\/p>\n<h2>NEM KERESZTHET\u0150<\/h2>\n<p>Felh\u00edvjuk figyelm\u00e9t, hogy nem v\u00e1ltoztatjuk meg a Webhely\u00fcnk adatgy\u0171jt\u00e9si \u00e9s -felhaszn\u00e1l\u00e1si gyakorlat\u00e1t, ha az \u00d6n b\u00f6ng\u00e9sz\u0151je Do Not Track jelz\u00e9st ad.<\/p>\n<h2>AZ \u00d6N JOGAI<\/h2>\n<p>Ha \u00d6n eur\u00f3pai lakos, joga van hozz\u00e1f\u00e9rni az \u00d6nr\u0151l t\u00e1rolt szem\u00e9lyes adatainkhoz, \u00e9s k\u00e9rheti szem\u00e9lyes adatainak helyesb\u00edt\u00e9s\u00e9t, friss\u00edt\u00e9s\u00e9t vagy t\u00f6rl\u00e9s\u00e9t. Ha \u00e9lni szeretne ezzel a jog\u00e1val, k\u00e9rj\u00fck, l\u00e9pjen kapcsolatba vel\u00fcnk az al\u00e1bbi el\u00e9rhet\u0151s\u00e9geken kereszt\u00fcl.<\/p>\n<p>Tov\u00e1bb\u00e1, ha \u00d6n eur\u00f3pai lakos, megjegyezz\u00fck, hogy az \u00d6n adatait az \u00d6nnel k\u00f6t\u00f6tt szerz\u0151d\u00e9s\u00fcnk teljes\u00edt\u00e9se \u00e9rdek\u00e9ben (p\u00e9ld\u00e1ul ha \u00d6n megrendel\u00e9st ad le a Webhelyen kereszt\u00fcl), vagy egy\u00e9bk\u00e9nt a fent felsorolt jogos \u00fczleti \u00e9rdekeink \u00e9rv\u00e9nyes\u00edt\u00e9se \u00e9rdek\u00e9ben kezelj\u00fck. Tov\u00e1bb\u00e1 k\u00e9rj\u00fck, vegye figyelembe, hogy az \u00d6n adatait Eur\u00f3p\u00e1n k\u00edv\u00fclre, t\u00f6bbek k\u00f6z\u00f6tt Kanad\u00e1ba \u00e9s az Egyes\u00fclt \u00c1llamokba is tov\u00e1bb\u00edtjuk.<\/p>\n<h2>ADATMEG\u0150RZ\u00c9S<\/h2>\n<p>Amikor \u00d6n megrendel\u00e9st ad le a Webhelyen kereszt\u00fcl, a megrendel\u00e9si adatait meg\u0151rizz\u00fck a nyilv\u00e1ntart\u00e1sunkban, kiv\u00e9ve, ha \u00e9s am\u00edg \u00d6n nem k\u00e9ri, hogy t\u00f6r\u00f6lj\u00fck ezeket az adatokat.<\/p>\n<h2>V\u00c1LTOZ\u00c1SOK<\/h2>\n<p>Id\u0151r\u0151l id\u0151re friss\u00edthetj\u00fck ezt az adatv\u00e9delmi szab\u00e1lyzatot, p\u00e9ld\u00e1ul a gyakorlatunkban bek\u00f6vetkezett v\u00e1ltoz\u00e1sok, vagy egy\u00e9b m\u0171k\u00f6d\u00e9si, jogi vagy szab\u00e1lyoz\u00e1si okok miatt.<\/p>\n<h2>KAPCSOLATFELV\u00c9TEL<\/h2>\n<p>For more information about our privacy practices, if you have questions, or if you would like to make a complaint, please contact us by e-mail at contact@ozponcho.com.au or by mail using the details provided below:<\/p>\nOZ Poncho\n36 Hurtle Square<br \/>\nAdelaide SA 5000<br \/>\nAusztr\u00e1lia<\/p>","protected":false},"excerpt":{"rendered":"<p>This Privacy Policy describes how your personal information is collected, used,and shared when you visit or make a purchase from (the \u201cSite\u201d). PERSONAL INFORMATION WE COLLECT When you visit the Site, we automatically collect certain information about your device, including information about your web browser, IP address, time zone, and some of the cookies that [&#8230;]","protected":false},"author":1,"featured_media":0,"parent":0,"menu_order":0,"comment_status":"closed","ping_status":"closed","template":"page-blank-title-center.php","meta":{"footnotes":""},"class_list":["post-23","page","type-page","status-publish","hentry"],"yoast_head":"<!-- This site is optimized with the Yoast SEO plugin v25.9 - https:\/\/yoast.com\/wordpress\/plugins\/seo\/ -->\n<title>Privacy Policy | OZ Poncho<\/title>\n<meta name=\"robots\" content=\"noindex, follow\" \/>\n<meta property=\"og:locale\" content=\"hu_HU\" \/>\n<meta property=\"og:type\" content=\"article\" \/>\n<meta property=\"og:title\" content=\"Privacy Policy | OZ Poncho\" \/>\n<meta property=\"og:description\" content=\"This Privacy Policy describes how your personal information is collected, used,and shared when you visit or make a purchase from (the \u201cSite\u201d). PERSONAL INFORMATION WE COLLECT When you visit the Site, we automatically collect certain information about your device, including information about your web browser, IP address, time zone, and some of the cookies that [...]\" \/>\n<meta property=\"og:url\" content=\"https:\/\/ozponcho.com.au\/hu\/adatvedelmi-politika\/\" \/>\n<meta property=\"og:site_name\" content=\"OZ Poncho\" \/>\n<meta property=\"article:modified_time\" content=\"2023-11-08T10:11:28+00:00\" \/>\n<meta name=\"twitter:card\" content=\"summary_large_image\" \/>\n<meta name=\"twitter:label1\" content=\"Becs\u00fclt olvas\u00e1si id\u0151\" \/>\n\t<meta name=\"twitter:data1\" content=\"4 perc\" \/>\n<script type=\"application\/ld+json\" class=\"yoast-schema-graph\">{\"@context\":\"https:\/\/schema.org\",\"@graph\":[{\"@type\":\"WebPage\",\"@id\":\"https:\/\/ozponcho.com.au\/privacy-policy\/\",\"url\":\"https:\/\/ozponcho.com.au\/privacy-policy\/\",\"name\":\"Privacy Policy | OZ Poncho\",\"isPartOf\":{\"@id\":\"https:\/\/ozponcho.com.au\/#website\"},\"datePublished\":\"2022-11-26T04:51:17+00:00\",\"dateModified\":\"2023-11-08T10:11:28+00:00\",\"breadcrumb\":{\"@id\":\"https:\/\/ozponcho.com.au\/privacy-policy\/#breadcrumb\"},\"inLanguage\":\"hu\",\"potentialAction\":[{\"@type\":\"ReadAction\",\"target\":[\"https:\/\/ozponcho.com.au\/privacy-policy\/\"]}]},{\"@type\":\"BreadcrumbList\",\"@id\":\"https:\/\/ozponcho.com.au\/privacy-policy\/#breadcrumb\",\"itemListElement\":[{\"@type\":\"ListItem\",\"position\":1,\"name\":\"Home\",\"item\":\"https:\/\/ozponcho.com.au\/\"},{\"@type\":\"ListItem\",\"position\":2,\"name\":\"Privacy Policy\"}]},{\"@type\":\"WebSite\",\"@id\":\"https:\/\/ozponcho.com.au\/#website\",\"url\":\"https:\/\/ozponcho.com.au\/\",\"name\":\"OZ Poncho\",\"description\":\"\",\"potentialAction\":[{\"@type\":\"SearchAction\",\"target\":{\"@type\":\"EntryPoint\",\"urlTemplate\":\"https:\/\/ozponcho.com.au\/?s={search_term_string}\"},\"query-input\":{\"@type\":\"PropertyValueSpecification\",\"valueRequired\":true,\"valueName\":\"search_term_string\"}}],\"inLanguage\":\"hu\"}]}<\/script>\n<!-- \/ Yoast SEO plugin. -->","yoast_head_json":{"title":"Adatv\u00e9delmi szab\u00e1lyzat | OZ Poncho","robots":{"index":"noindex","follow":"follow"},"og_locale":"hu_HU","og_type":"article","og_title":"Privacy Policy | OZ Poncho","og_description":"This Privacy Policy describes how your personal information is collected, used,and shared when you visit or make a purchase from (the \u201cSite\u201d). PERSONAL INFORMATION WE COLLECT When you visit the Site, we automatically collect certain information about your device, including information about your web browser, IP address, time zone, and some of the cookies that [...]","og_url":"https:\/\/ozponcho.com.au\/hu\/adatvedelmi-politika\/","og_site_name":"OZ Poncho","article_modified_time":"2023-11-08T10:11:28+00:00","twitter_card":"summary_large_image","twitter_misc":{"Becs\u00fclt olvas\u00e1si id\u0151":"4 perc"},"schema":{"@context":"https:\/\/schema.org","@graph":[{"@type":"WebPage","@id":"https:\/\/ozponcho.com.au\/privacy-policy\/","url":"https:\/\/ozponcho.com.au\/privacy-policy\/","name":"Adatv\u00e9delmi szab\u00e1lyzat | OZ Poncho","isPartOf":{"@id":"https:\/\/ozponcho.com.au\/#website"},"datePublished":"2022-11-26T04:51:17+00:00","dateModified":"2023-11-08T10:11:28+00:00","breadcrumb":{"@id":"https:\/\/ozponcho.com.au\/privacy-policy\/#breadcrumb"},"inLanguage":"hu","potentialAction":[{"@type":"ReadAction","target":["https:\/\/ozponcho.com.au\/privacy-policy\/"]}]},{"@type":"BreadcrumbList","@id":"https:\/\/ozponcho.com.au\/privacy-policy\/#breadcrumb","itemListElement":[{"@type":"ListItem","position":1,"name":"Home","item":"https:\/\/ozponcho.com.au\/"},{"@type":"ListItem","position":2,"name":"Privacy Policy"}]},{"@type":"WebSite","@id":"https:\/\/ozponcho.com.au\/#website","url":"https:\/\/ozponcho.com.au\/","name":"OZ Poncho","description":"","potentialAction":[{"@type":"SearchAction","target":{"@type":"EntryPoint","urlTemplate":"https:\/\/ozponcho.com.au\/?s={search_term_string}"},"query-input":{"@type":"PropertyValueSpecification","valueRequired":true,"valueName":"search_term_string"}}],"inLanguage":"hu"}]}},"_links":{"self":[{"href":"https:\/\/ozponcho.com.au\/hu\/wp-json\/wp\/v2\/pages\/23","targetHints":{"allow":["GET"]}}],"collection":[{"href":"https:\/\/ozponcho.com.au\/hu\/wp-json\/wp\/v2\/pages"}],"about":[{"href":"https:\/\/ozponcho.com.au\/hu\/wp-json\/wp\/v2\/types\/page"}],"author":[{"embeddable":true,"href":"https:\/\/ozponcho.com.au\/hu\/wp-json\/wp\/v2\/users\/1"}],"replies":[{"embeddable":true,"href":"https:\/\/ozponcho.com.au\/hu\/wp-json\/wp\/v2\/comments?post=23"}],"version-history":[{"count":0,"href":"https:\/\/ozponcho.com.au\/hu\/wp-json\/wp\/v2\/pages\/23\/revisions"}],"wp:attachment":[{"href":"https:\/\/ozponcho.com.au\/hu\/wp-json\/wp\/v2\/media?parent=23"}],"curies":[{"name":"wp","href":"https:\/\/api.w.org\/{rel}","templated":true}]}}