{"id":21,"date":"2022-11-26T14:06:36","date_gmt":"2022-11-26T03:06:36","guid":{"rendered":"https:\/\/ozponcho.com.au\/?page_id=21"},"modified":"2023-01-29T03:41:47","modified_gmt":"2023-01-28T16:41:47","slug":"customer-reviews","status":"publish","type":"page","link":"https:\/\/ozponcho.com.au\/hu\/vasarloi-velemenyek\/","title":{"rendered":"V\u00e1s\u00e1rl\u00f3i v\u00e9lem\u00e9nyek"},"content":{"rendered":"<p>\u00dcdv\u00f6z\u00f6lj\u00fck az Oz Poncho Clothing v\u00e1s\u00e1rl\u00f3i v\u00e9lem\u00e9nyek oldal\u00e1n! Itt elolvashatja, mit mondanak csod\u00e1latos v\u00e1s\u00e1rl\u00f3ink a ponch\u00f3kr\u00f3l \u00e9s m\u00e1s term\u00e9keinkr\u0151l.<\/p>\n<h2>Elk\u00f6telezetts\u00e9g\u00fcnk az \u00fcgyfelek el\u00e9gedetts\u00e9ge ir\u00e1nt<\/h2>\n<p>A Poncho Clothingn\u00e1l arra t\u00f6reksz\u00fcnk, hogy \u00fcgyfeleinknek a lehet\u0151 legjobb \u00e9lm\u00e9nyt ny\u00fajtsuk, amikor n\u00e1lunk v\u00e1s\u00e1rolnak. B\u00fcszk\u00e9k vagyunk ponch\u00f3inkra \u00e9s egy\u00e9b term\u00e9keinkre, \u00e9s azt szeretn\u00e9nk, ha v\u00e1s\u00e1rl\u00f3ink is b\u00fcszk\u00e9k lenn\u00e9nek r\u00e1juk. Ez\u00e9rt vessz\u00fck komolyan a vev\u0151szolg\u00e1latot \u00e9s az el\u00e9gedetts\u00e9get. Gyorsan v\u00e1laszolunk a v\u00e1s\u00e1rl\u00f3i megkeres\u00e9sekre, \u00e9s mindig sz\u00edvesen dolgozunk egy\u00fctt a v\u00e1s\u00e1rl\u00f3kkal, hogy biztos\u00edtsuk, hogy el\u00e9gedettek legyenek a v\u00e1s\u00e1rl\u00e1sukkal. Emellett 30 napos el\u00e9gedetts\u00e9gi garanci\u00e1t is k\u00edn\u00e1lunk, \u00edgy a v\u00e1s\u00e1rl\u00f3k nyugodtan v\u00e1s\u00e1rolhatnak, tudv\u00e1n, hogy visszak\u00fcldhetik a term\u00e9ket, ha az nem felel meg az elv\u00e1r\u00e1saiknak.<\/p>\n<h2>Legut\u00f3bbi v\u00e1s\u00e1rl\u00f3i v\u00e9lem\u00e9nyek<\/h2>\n<p>B\u00fcszk\u00e9k vagyunk arra, hogy megoszthatjuk a csod\u00e1latos \u00e9rt\u00e9kel\u00e9seket, amelyeket a v\u00e1s\u00e1rl\u00f3inkt\u00f3l kaptunk, akik megv\u00e1s\u00e1rolt\u00e1k \u00e9s \u00e9lvezt\u00e9k a ponch\u00f3inkat! Olvasson tov\u00e1bb, hogy megtudja, mi\u00e9rt szeretik \u0151ket annyira.<\/p>\n<p>\"Nagyon szeretem a Poncho Clothing poncs\u00f3t. Annyira k\u00e9nyelmes \u00e9s j\u00f3l is n\u00e9z ki! A st\u00edlus \u00e9s a praktikum t\u00f6k\u00e9letes kombin\u00e1ci\u00f3ja.\" - Jane<\/p>\n<p>\"A Poncho Clothing ponch\u00f3t a l\u00e1nyomnak vettem, \u00e9s nagyon szereti. T\u00f6k\u00e9letesen illik r\u00e1, \u00e9s \u00e1lland\u00f3an viseli. Az anyag min\u0151s\u00e9ge is nagyszer\u0171.\" - Michael<\/p>\n<p>\"Im\u00e1dom a Poncho Clothing poncs\u00f3t! Annyira k\u00e9nyelmes \u00e9s st\u00edlusos. Minden alkalommal b\u00f3kokat kapok, amikor viselem. Nagyon aj\u00e1nlom ezt a term\u00e9ket mindenkinek, aki egy nagyszer\u0171 poncs\u00f3t keres.\" - Abigail, Texas<\/p>\n<p>\u00d6r\u00f6mmel halljuk, hogy \u00fcgyfeleink szeretik a Poncho Clothing ponch\u00f3kat! Nagyon h\u00e1l\u00e1sak vagyunk a t\u00e1mogat\u00e1suk\u00e9rt, \u00e9s \u00f6r\u00f6mmel v\u00e1rjuk, hogy tov\u00e1bbra is a legjobb ponch\u00f3kat k\u00edn\u00e1ljuk nekik a piacon.<\/p>\n<p>K\u00f6sz\u00f6nj\u00fck, hogy megl\u00e1togatta a V\u00e1s\u00e1rl\u00f3i v\u00e9lem\u00e9nyek oldalt. Rem\u00e9lj\u00fck, hogy \u00e9lvezted a v\u00e9lem\u00e9nyek olvas\u00e1s\u00e1t, \u00e9s hogy fontol\u00f3ra veszed, hogy megv\u00e1s\u00e1rolod magadnak az egyik ponch\u00f3nkat. Biztosak vagyunk benne, hogy \u00d6n is ugyan\u00fagy fogja szeretni, mint a v\u00e1s\u00e1rl\u00f3ink!<\/p>","protected":false},"excerpt":{"rendered":"<p>Welcome to the Customer Reviews page of Oz Poncho Clothing! Here, you can read what our amazing customers have to say about our ponchos and other products. Our commitment to customer satisfaction At Poncho Clothing, we strive to provide our customers with the best possible experience when shopping with us. We are proud of our [&#8230;]","protected":false},"author":1,"featured_media":0,"parent":0,"menu_order":0,"comment_status":"closed","ping_status":"closed","template":"page-blank-title-center.php","meta":{"footnotes":""},"class_list":["post-21","page","type-page","status-publish","hentry"],"yoast_head":"<!-- This site is optimized with the Yoast SEO plugin v25.9 - https:\/\/yoast.com\/wordpress\/plugins\/seo\/ -->\n<title>Customer Reviews | OZ Poncho<\/title>\n<meta name=\"robots\" content=\"index, follow, max-snippet:-1, max-image-preview:large, max-video-preview:-1\" \/>\n<link rel=\"canonical\" href=\"https:\/\/ozponcho.com.au\/hu\/vasarloi-velemenyek\/\" \/>\n<meta property=\"og:locale\" content=\"hu_HU\" \/>\n<meta property=\"og:type\" content=\"article\" \/>\n<meta property=\"og:title\" content=\"Customer Reviews | OZ Poncho\" \/>\n<meta property=\"og:description\" content=\"Welcome to the Customer Reviews page of Oz Poncho Clothing! Here, you can read what our amazing customers have to say about our ponchos and other products. Our commitment to customer satisfaction At Poncho Clothing, we strive to provide our customers with the best possible experience when shopping with us. We are proud of our [...]\" \/>\n<meta property=\"og:url\" content=\"https:\/\/ozponcho.com.au\/hu\/vasarloi-velemenyek\/\" \/>\n<meta property=\"og:site_name\" content=\"OZ Poncho\" \/>\n<meta property=\"article:modified_time\" content=\"2023-01-28T16:41:47+00:00\" \/>\n<meta name=\"twitter:card\" content=\"summary_large_image\" \/>\n<meta name=\"twitter:label1\" content=\"Becs\u00fclt olvas\u00e1si id\u0151\" \/>\n\t<meta name=\"twitter:data1\" content=\"2 perc\" \/>\n<script type=\"application\/ld+json\" class=\"yoast-schema-graph\">{\"@context\":\"https:\/\/schema.org\",\"@graph\":[{\"@type\":\"WebPage\",\"@id\":\"https:\/\/ozponcho.com.au\/customer-reviews\/\",\"url\":\"https:\/\/ozponcho.com.au\/customer-reviews\/\",\"name\":\"Customer Reviews | OZ Poncho\",\"isPartOf\":{\"@id\":\"https:\/\/ozponcho.com.au\/#website\"},\"datePublished\":\"2022-11-26T03:06:36+00:00\",\"dateModified\":\"2023-01-28T16:41:47+00:00\",\"breadcrumb\":{\"@id\":\"https:\/\/ozponcho.com.au\/customer-reviews\/#breadcrumb\"},\"inLanguage\":\"hu\",\"potentialAction\":[{\"@type\":\"ReadAction\",\"target\":[\"https:\/\/ozponcho.com.au\/customer-reviews\/\"]}]},{\"@type\":\"BreadcrumbList\",\"@id\":\"https:\/\/ozponcho.com.au\/customer-reviews\/#breadcrumb\",\"itemListElement\":[{\"@type\":\"ListItem\",\"position\":1,\"name\":\"Home\",\"item\":\"https:\/\/ozponcho.com.au\/\"},{\"@type\":\"ListItem\",\"position\":2,\"name\":\"Customer Reviews\"}]},{\"@type\":\"WebSite\",\"@id\":\"https:\/\/ozponcho.com.au\/#website\",\"url\":\"https:\/\/ozponcho.com.au\/\",\"name\":\"OZ Poncho\",\"description\":\"\",\"potentialAction\":[{\"@type\":\"SearchAction\",\"target\":{\"@type\":\"EntryPoint\",\"urlTemplate\":\"https:\/\/ozponcho.com.au\/?s={search_term_string}\"},\"query-input\":{\"@type\":\"PropertyValueSpecification\",\"valueRequired\":true,\"valueName\":\"search_term_string\"}}],\"inLanguage\":\"hu\"}]}<\/script>\n<!-- \/ Yoast SEO plugin. -->","yoast_head_json":{"title":"V\u00e1s\u00e1rl\u00f3i v\u00e9lem\u00e9nyek | OZ Poncho","robots":{"index":"index","follow":"follow","max-snippet":"max-snippet:-1","max-image-preview":"max-image-preview:large","max-video-preview":"max-video-preview:-1"},"canonical":"https:\/\/ozponcho.com.au\/hu\/vasarloi-velemenyek\/","og_locale":"hu_HU","og_type":"article","og_title":"Customer Reviews | OZ Poncho","og_description":"Welcome to the Customer Reviews page of Oz Poncho Clothing! Here, you can read what our amazing customers have to say about our ponchos and other products. Our commitment to customer satisfaction At Poncho Clothing, we strive to provide our customers with the best possible experience when shopping with us. We are proud of our [...]","og_url":"https:\/\/ozponcho.com.au\/hu\/vasarloi-velemenyek\/","og_site_name":"OZ Poncho","article_modified_time":"2023-01-28T16:41:47+00:00","twitter_card":"summary_large_image","twitter_misc":{"Becs\u00fclt olvas\u00e1si id\u0151":"2 perc"},"schema":{"@context":"https:\/\/schema.org","@graph":[{"@type":"WebPage","@id":"https:\/\/ozponcho.com.au\/customer-reviews\/","url":"https:\/\/ozponcho.com.au\/customer-reviews\/","name":"V\u00e1s\u00e1rl\u00f3i v\u00e9lem\u00e9nyek | OZ Poncho","isPartOf":{"@id":"https:\/\/ozponcho.com.au\/#website"},"datePublished":"2022-11-26T03:06:36+00:00","dateModified":"2023-01-28T16:41:47+00:00","breadcrumb":{"@id":"https:\/\/ozponcho.com.au\/customer-reviews\/#breadcrumb"},"inLanguage":"hu","potentialAction":[{"@type":"ReadAction","target":["https:\/\/ozponcho.com.au\/customer-reviews\/"]}]},{"@type":"BreadcrumbList","@id":"https:\/\/ozponcho.com.au\/customer-reviews\/#breadcrumb","itemListElement":[{"@type":"ListItem","position":1,"name":"Home","item":"https:\/\/ozponcho.com.au\/"},{"@type":"ListItem","position":2,"name":"Customer Reviews"}]},{"@type":"WebSite","@id":"https:\/\/ozponcho.com.au\/#website","url":"https:\/\/ozponcho.com.au\/","name":"OZ Poncho","description":"","potentialAction":[{"@type":"SearchAction","target":{"@type":"EntryPoint","urlTemplate":"https:\/\/ozponcho.com.au\/?s={search_term_string}"},"query-input":{"@type":"PropertyValueSpecification","valueRequired":true,"valueName":"search_term_string"}}],"inLanguage":"hu"}]}},"_links":{"self":[{"href":"https:\/\/ozponcho.com.au\/hu\/wp-json\/wp\/v2\/pages\/21","targetHints":{"allow":["GET"]}}],"collection":[{"href":"https:\/\/ozponcho.com.au\/hu\/wp-json\/wp\/v2\/pages"}],"about":[{"href":"https:\/\/ozponcho.com.au\/hu\/wp-json\/wp\/v2\/types\/page"}],"author":[{"embeddable":true,"href":"https:\/\/ozponcho.com.au\/hu\/wp-json\/wp\/v2\/users\/1"}],"replies":[{"embeddable":true,"href":"https:\/\/ozponcho.com.au\/hu\/wp-json\/wp\/v2\/comments?post=21"}],"version-history":[{"count":0,"href":"https:\/\/ozponcho.com.au\/hu\/wp-json\/wp\/v2\/pages\/21\/revisions"}],"wp:attachment":[{"href":"https:\/\/ozponcho.com.au\/hu\/wp-json\/wp\/v2\/media?parent=21"}],"curies":[{"name":"wp","href":"https:\/\/api.w.org\/{rel}","templated":true}]}}