{"id":17587,"date":"2024-01-21T19:44:37","date_gmt":"2024-01-21T08:44:37","guid":{"rendered":"https:\/\/ozponcho.com.au\/?post_type=product&#038;p=17587"},"modified":"2025-12-01T05:20:50","modified_gmt":"2025-11-30T18:20:50","slug":"men-tribal-hooded-poncho","status":"publish","type":"product","link":"https:\/\/ozponcho.com.au\/fr\/p\/poncho-tribal-a-capuche-pour-hommes\/","title":{"rendered":"Cape \u00e0 capuche Poncho Tribal"},"content":{"rendered":"<p>Enveloppez-vous dans le style intemporel et la chaleur de notre poncho \u00e0 capuche, con\u00e7u pour l'homme moderne avec un clin d'\u0153il \u00e0 l'esth\u00e9tique tribale. Fabriqu\u00e9 \u00e0 partir d'un riche m\u00e9lange de fibres de polyester et d'acrylique, ce poncho offre \u00e0 la fois confort et durabilit\u00e9. Son motif g\u00e9om\u00e9trique noir et blanc saisissant d\u00e9gage un charme sud-ouest, parfait pour les journ\u00e9es fra\u00eeches d'automne ou les nuits fra\u00eeches de printemps. Dot\u00e9 d'une capuche pour plus de protection et de commodit\u00e9, et tricot\u00e9 \u00e0 la machine, ce poncho est un ajout indispensable \u00e0 votre garde-robe. Cette pi\u00e8ce polyvalente vous permettra de sortir de chez vous en toute confiance et avec un certain flair culturel.<\/p>\n<h2>CARACT\u00c9RISTIQUES TECHNIQUES<\/h2>\n<p>\u00c2<\/p>\n<p>Nom de marque : moringcute<\/p>\n<p>Mati\u00e8re : Polyester<\/p>\n<p>Mat\u00e9riau : Acrylique<\/p>\n<p>\u00c9paisseur : STANDARD<\/p>\n<p>Style : D\u00e9contract\u00e9<\/p>\n<p>Origine : CHINE<\/p>\n<p>CN : Guangdong<\/p>\n<p>Sc\u00e8ne applicable : Quotidiennement<\/p>\n<p>Saison d'application : Printemps et automne<\/p>\n<p>Type d'article : Pullovers<\/p>\n<p>Capuchon : Oui<\/p>\n<p>Genre : HOMMES<\/p>\n<p>Type de motif : Impression<\/p>\n<p>Techniques : Tricotage par ordinateur<\/p>\n<p>\u00c2<\/p>\n<div>\n<div>\n<div>V\u00eatements Homme 2022 Printemps Automne Homme Poncho Vestes Ch\u00e2le R\u00e9tro Motif National Imprim\u00e9 Tricot Manteaux Capuche Outwear<br \/>\n1.la qualit\u00e9 et le service : le premier (le plus important)<br \/>\n2. le prix : le meilleur<br \/>\n3. vente en gros et livraison directe : bienvenue<br \/>\n4. Email : bienvenue, contactez-nous<\/div>\n<\/div>\n<\/div>","protected":false},"excerpt":{"rendered":"<p>Wrap yourself in the timeless style and warmth of our hooded poncho, designed for the modern man with a nod to tribal aesthetics. Crafted from a rich blend of polyester and acrylic fibers, this poncho offers both comfort and durability. Its striking black and white geometric pattern exudes a Southwestern charm, perfect for those crisp [&#8230;]","protected":false},"featured_media":17590,"template":"","meta":[],"product_brand":[],"product_cat":[219,227,15,228,211],"product_tag":[],"class_list":{"0":"post-17587","1":"product","2":"type-product","3":"status-publish","4":"has-post-thumbnail","6":"product_cat-black-poncho","7":"product_cat-hooded-poncho","8":"product_cat-main-category","9":"product_cat-poncho-sweater","10":"product_cat-poncho-men","12":"first","13":"instock","14":"shipping-taxable","15":"purchasable","16":"product-type-variable"},"yoast_head":"<!-- This site is optimized with the Yoast SEO plugin v25.9 - https:\/\/yoast.com\/wordpress\/plugins\/seo\/ -->\n<title>Tribal Poncho Hooded Cape | France #1 Poncho Shop<\/title>\n<meta name=\"description\" content=\"Looking for a Tribal Poncho Hooded Cape ? You&#039;ve come to the right place \ud83d\ude04 We offers a wide selection of Tribal Poncho Hooded Cape, perfect for you.\" \/>\n<meta name=\"robots\" content=\"index, follow, max-snippet:-1, max-image-preview:large, max-video-preview:-1\" \/>\n<link rel=\"canonical\" href=\"https:\/\/ozponcho.com.au\/fr\/p\/poncho-tribal-a-capuche-pour-hommes\/\" \/>\n<meta property=\"og:locale\" content=\"fr_FR\" \/>\n<meta property=\"og:type\" content=\"article\" \/>\n<meta property=\"og:title\" content=\"Tribal Poncho Hooded Cape | France #1 Poncho Shop\" \/>\n<meta property=\"og:description\" content=\"Looking for a Tribal Poncho Hooded Cape ? You&#039;ve come to the right place \ud83d\ude04 We offers a wide selection of Tribal Poncho Hooded Cape, perfect for you.\" \/>\n<meta property=\"og:url\" content=\"https:\/\/ozponcho.com.au\/fr\/p\/poncho-tribal-a-capuche-pour-hommes\/\" \/>\n<meta property=\"og:site_name\" content=\"OZ Poncho\" \/>\n<meta property=\"article:modified_time\" content=\"2025-11-30T18:20:50+00:00\" \/>\n<meta property=\"og:image\" content=\"https:\/\/ozponcho.com.au\/wp-content\/uploads\/2024\/01\/Sf9547fa8d970490e834b8aca704450c3S-3.webp\" \/>\n\t<meta property=\"og:image:width\" content=\"800\" \/>\n\t<meta property=\"og:image:height\" content=\"800\" \/>\n\t<meta property=\"og:image:type\" content=\"image\/webp\" \/>\n<meta name=\"twitter:card\" content=\"summary_large_image\" \/>\n<meta name=\"twitter:label1\" content=\"Dur\u00e9e de lecture estim\u00e9e\" \/>\n\t<meta name=\"twitter:data1\" content=\"1 minute\" \/>\n<script type=\"application\/ld+json\" class=\"yoast-schema-graph\">{\"@context\":\"https:\/\/schema.org\",\"@graph\":[{\"@type\":\"WebPage\",\"@id\":\"https:\/\/ozponcho.com.au\/p\/men-tribal-hooded-poncho\/\",\"url\":\"https:\/\/ozponcho.com.au\/p\/men-tribal-hooded-poncho\/\",\"name\":\"Tribal Poncho Hooded Cape | France #1 Poncho Shop\",\"isPartOf\":{\"@id\":\"https:\/\/ozponcho.com.au\/#website\"},\"primaryImageOfPage\":{\"@id\":\"https:\/\/ozponcho.com.au\/p\/men-tribal-hooded-poncho\/#primaryimage\"},\"image\":{\"@id\":\"https:\/\/ozponcho.com.au\/p\/men-tribal-hooded-poncho\/#primaryimage\"},\"thumbnailUrl\":\"https:\/\/ozponcho.com.au\/wp-content\/uploads\/2024\/01\/Sf9547fa8d970490e834b8aca704450c3S-3.webp\",\"datePublished\":\"2024-01-21T08:44:37+00:00\",\"dateModified\":\"2025-11-30T18:20:50+00:00\",\"description\":\"Looking for a Tribal Poncho Hooded Cape ? You've come to the right place \ud83d\ude04 We offers a wide selection of Tribal Poncho Hooded Cape, perfect for you.\",\"breadcrumb\":{\"@id\":\"https:\/\/ozponcho.com.au\/p\/men-tribal-hooded-poncho\/#breadcrumb\"},\"inLanguage\":\"fr-FR\",\"potentialAction\":[{\"@type\":\"ReadAction\",\"target\":[\"https:\/\/ozponcho.com.au\/p\/men-tribal-hooded-poncho\/\"]}]},{\"@type\":\"ImageObject\",\"inLanguage\":\"fr-FR\",\"@id\":\"https:\/\/ozponcho.com.au\/p\/men-tribal-hooded-poncho\/#primaryimage\",\"url\":\"https:\/\/ozponcho.com.au\/wp-content\/uploads\/2024\/01\/Sf9547fa8d970490e834b8aca704450c3S-3.webp\",\"contentUrl\":\"https:\/\/ozponcho.com.au\/wp-content\/uploads\/2024\/01\/Sf9547fa8d970490e834b8aca704450c3S-3.webp\",\"width\":800,\"height\":800,\"caption\":\"Tribal Poncho Hooded Cape\"},{\"@type\":\"BreadcrumbList\",\"@id\":\"https:\/\/ozponcho.com.au\/p\/men-tribal-hooded-poncho\/#breadcrumb\",\"itemListElement\":[{\"@type\":\"ListItem\",\"position\":1,\"name\":\"Home\",\"item\":\"https:\/\/ozponcho.com.au\/\"},{\"@type\":\"ListItem\",\"position\":2,\"name\":\"Shop\",\"item\":\"https:\/\/ozponcho.com.au\/shop\/\"},{\"@type\":\"ListItem\",\"position\":3,\"name\":\"Tribal Poncho Hooded Cape\"}]},{\"@type\":\"WebSite\",\"@id\":\"https:\/\/ozponcho.com.au\/#website\",\"url\":\"https:\/\/ozponcho.com.au\/\",\"name\":\"OZ Poncho\",\"description\":\"\",\"potentialAction\":[{\"@type\":\"SearchAction\",\"target\":{\"@type\":\"EntryPoint\",\"urlTemplate\":\"https:\/\/ozponcho.com.au\/?s={search_term_string}\"},\"query-input\":{\"@type\":\"PropertyValueSpecification\",\"valueRequired\":true,\"valueName\":\"search_term_string\"}}],\"inLanguage\":\"fr-FR\"}]}<\/script>\n<!-- \/ Yoast SEO plugin. -->","yoast_head_json":{"title":"Tribal Poncho Cape \u00e0 capuche | France #1 Boutique de Ponchos","description":"Vous \u00eates \u00e0 la recherche d'une cape \u00e0 capuche Tribal Poncho ? Vous \u00eates au bon endroit \ud83d\ude04 Nous vous proposons une large s\u00e9lection de Cape \u00e0 capuche Poncho Tribal, parfaite pour vous.","robots":{"index":"index","follow":"follow","max-snippet":"max-snippet:-1","max-image-preview":"max-image-preview:large","max-video-preview":"max-video-preview:-1"},"canonical":"https:\/\/ozponcho.com.au\/fr\/p\/poncho-tribal-a-capuche-pour-hommes\/","og_locale":"fr_FR","og_type":"article","og_title":"Tribal Poncho Hooded Cape | France #1 Poncho Shop","og_description":"Looking for a Tribal Poncho Hooded Cape ? You've come to the right place \ud83d\ude04 We offers a wide selection of Tribal Poncho Hooded Cape, perfect for you.","og_url":"https:\/\/ozponcho.com.au\/fr\/p\/poncho-tribal-a-capuche-pour-hommes\/","og_site_name":"OZ Poncho","article_modified_time":"2025-11-30T18:20:50+00:00","og_image":[{"width":800,"height":800,"url":"https:\/\/ozponcho.com.au\/wp-content\/uploads\/2024\/01\/Sf9547fa8d970490e834b8aca704450c3S-3.webp","type":"image\/webp"}],"twitter_card":"summary_large_image","twitter_misc":{"Dur\u00e9e de lecture estim\u00e9e":"1 minute"},"schema":{"@context":"https:\/\/schema.org","@graph":[{"@type":"WebPage","@id":"https:\/\/ozponcho.com.au\/p\/men-tribal-hooded-poncho\/","url":"https:\/\/ozponcho.com.au\/p\/men-tribal-hooded-poncho\/","name":"Tribal Poncho Cape \u00e0 capuche | France #1 Boutique de Ponchos","isPartOf":{"@id":"https:\/\/ozponcho.com.au\/#website"},"primaryImageOfPage":{"@id":"https:\/\/ozponcho.com.au\/p\/men-tribal-hooded-poncho\/#primaryimage"},"image":{"@id":"https:\/\/ozponcho.com.au\/p\/men-tribal-hooded-poncho\/#primaryimage"},"thumbnailUrl":"https:\/\/ozponcho.com.au\/wp-content\/uploads\/2024\/01\/Sf9547fa8d970490e834b8aca704450c3S-3.webp","datePublished":"2024-01-21T08:44:37+00:00","dateModified":"2025-11-30T18:20:50+00:00","description":"Vous \u00eates \u00e0 la recherche d'une cape \u00e0 capuche Tribal Poncho ? Vous \u00eates au bon endroit \ud83d\ude04 Nous vous proposons une large s\u00e9lection de Cape \u00e0 capuche Poncho Tribal, parfaite pour vous.","breadcrumb":{"@id":"https:\/\/ozponcho.com.au\/p\/men-tribal-hooded-poncho\/#breadcrumb"},"inLanguage":"fr-FR","potentialAction":[{"@type":"ReadAction","target":["https:\/\/ozponcho.com.au\/p\/men-tribal-hooded-poncho\/"]}]},{"@type":"ImageObject","inLanguage":"fr-FR","@id":"https:\/\/ozponcho.com.au\/p\/men-tribal-hooded-poncho\/#primaryimage","url":"https:\/\/ozponcho.com.au\/wp-content\/uploads\/2024\/01\/Sf9547fa8d970490e834b8aca704450c3S-3.webp","contentUrl":"https:\/\/ozponcho.com.au\/wp-content\/uploads\/2024\/01\/Sf9547fa8d970490e834b8aca704450c3S-3.webp","width":800,"height":800,"caption":"Tribal Poncho Hooded Cape"},{"@type":"BreadcrumbList","@id":"https:\/\/ozponcho.com.au\/p\/men-tribal-hooded-poncho\/#breadcrumb","itemListElement":[{"@type":"ListItem","position":1,"name":"Home","item":"https:\/\/ozponcho.com.au\/"},{"@type":"ListItem","position":2,"name":"Shop","item":"https:\/\/ozponcho.com.au\/shop\/"},{"@type":"ListItem","position":3,"name":"Tribal Poncho Hooded Cape"}]},{"@type":"WebSite","@id":"https:\/\/ozponcho.com.au\/#website","url":"https:\/\/ozponcho.com.au\/","name":"Poncho OZ","description":"","potentialAction":[{"@type":"SearchAction","target":{"@type":"EntryPoint","urlTemplate":"https:\/\/ozponcho.com.au\/?s={search_term_string}"},"query-input":{"@type":"PropertyValueSpecification","valueRequired":true,"valueName":"search_term_string"}}],"inLanguage":"fr-FR"}]}},"_links":{"self":[{"href":"https:\/\/ozponcho.com.au\/fr\/wp-json\/wp\/v2\/product\/17587","targetHints":{"allow":["GET"]}}],"collection":[{"href":"https:\/\/ozponcho.com.au\/fr\/wp-json\/wp\/v2\/product"}],"about":[{"href":"https:\/\/ozponcho.com.au\/fr\/wp-json\/wp\/v2\/types\/product"}],"wp:featuredmedia":[{"embeddable":true,"href":"https:\/\/ozponcho.com.au\/fr\/wp-json\/wp\/v2\/media\/17590"}],"wp:attachment":[{"href":"https:\/\/ozponcho.com.au\/fr\/wp-json\/wp\/v2\/media?parent=17587"}],"wp:term":[{"taxonomy":"product_brand","embeddable":true,"href":"https:\/\/ozponcho.com.au\/fr\/wp-json\/wp\/v2\/product_brand?post=17587"},{"taxonomy":"product_cat","embeddable":true,"href":"https:\/\/ozponcho.com.au\/fr\/wp-json\/wp\/v2\/product_cat?post=17587"},{"taxonomy":"product_tag","embeddable":true,"href":"https:\/\/ozponcho.com.au\/fr\/wp-json\/wp\/v2\/product_tag?post=17587"}],"curies":[{"name":"wp","href":"https:\/\/api.w.org\/{rel}","templated":true}]}}