{"id":17573,"date":"2024-01-21T19:44:27","date_gmt":"2024-01-21T08:44:27","guid":{"rendered":"https:\/\/ozponcho.com.au\/?post_type=product&#038;p=17573"},"modified":"2024-12-16T15:51:56","modified_gmt":"2024-12-16T04:51:56","slug":"mens-elegant-black-cloak","status":"publish","type":"product","link":"https:\/\/ozponcho.com.au\/fr\/p\/cape-noire-elegante-pour-homme\/","title":{"rendered":"Poncho noir pour hommes"},"content":{"rendered":"<p>Rehaussez votre garde-robe avec notre \u00e9l\u00e9gant poncho noir pour hommes. Cette cape asym\u00e9trique \u00e9l\u00e9gante et moderne est fabriqu\u00e9e en polyester lisse de haute qualit\u00e9, ce qui lui conf\u00e8re un air de sophistication et un charme contemporain. Parfait pour le printemps et l'automne, il est l\u00e9ger et confortable, ce qui en fait un excellent compl\u00e9ment \u00e0 tout look d\u00e9contract\u00e9 ou streetwear. Son design d'inspiration vintage, avec ses poches et son col \u00e9charpe, offre un m\u00e9lange unique d'\u00e9l\u00e9gance intemporelle et de praticit\u00e9 moderne. Sortez en toute confiance avec cette cape trench longue et polyvalente qui ne manquera pas de faire tourner les t\u00eates.<\/p>\n<h2>CARACT\u00c9RISTIQUES TECHNIQUES<\/h2>\n<p>\u00c2\u00a0<\/p>\n<p>Nom de marque : ICCLEK<\/p>\n<p>Saison d'application : Printemps et automne<\/p>\n<p>\u00c9paisseur : Mince (\u00e9t\u00e9)<\/p>\n<p>Mati\u00e8re de la doublure : Polyester<\/p>\n<p>Mati\u00e8re : Polyester<\/p>\n<p>Style : Cor\u00e9en<\/p>\n<p>Origine : Chine continentale Chine continentale<\/p>\n<p>CN : Guangdong<\/p>\n<p>Sc\u00e8ne applicable : D\u00e9contract\u00e9<\/p>\n<p>Style de manchette : Conventionnel<\/p>\n<p>Type : LOSE<\/p>\n<p>Longueur des v\u00eatements : X-Long<\/p>\n<p>Lieu d'origine : Chine (Mainland)<\/p>\n<p>Pi\u00e8ce d\u00e9tachable : AUCUN<\/p>\n<p>Col : Col rabattu<\/p>\n<p>Type de fermeture : Point ouvert<\/p>\n<p>Style de manche : R\u00e9guli\u00e8res<\/p>\n<p>Capuchon : Non<\/p>\n<p>Type de tissu : Velours c\u00f4tel\u00e9<\/p>\n<p>Longueur des manches (cm) : Compl\u00e8te<\/p>\n<p>D\u00e9coration : Poches<\/p>\n<p>Genre : HOMMES<\/p>\n<p>Type de v\u00eatements d'ext\u00e9rieur : Trench<\/p>\n<p>\u00c2\u00a0<\/p>\n<div>\n<div>\u00c2\u00a0<\/div>\n<div>\u00c2\u00a0<\/div>\n<div>\n<div>\u00c2\u00a0<\/div>\n<div>\u00c2\u00a0<\/div>\n<\/p><\/div>","protected":false},"excerpt":{"rendered":"<p>Elevate your wardrobe with our sleek Black Poncho for Men. This stylish and modern asymmetrical cloak is crafted with high-quality, smooth polyester fabric, lending itself to an air of sophistication and contemporary charm. Perfect for both the Spring and Autumn seasons, it&#8217;s lightweight and comfortable, making it an excellent addition for any casual or streetwear [&#8230;]","protected":false},"featured_media":17572,"template":"","meta":[],"product_brand":[],"product_cat":[219,15,228,211],"product_tag":[],"class_list":{"0":"post-17573","1":"product","2":"type-product","3":"status-publish","4":"has-post-thumbnail","6":"product_cat-black-poncho","7":"product_cat-main-category","8":"product_cat-poncho-sweater","9":"product_cat-poncho-men","11":"first","12":"instock","13":"shipping-taxable","14":"purchasable","15":"product-type-variable"},"yoast_head":"<!-- This site is optimized with the Yoast SEO plugin v25.9 - https:\/\/yoast.com\/wordpress\/plugins\/seo\/ -->\n<title>Black Men&#039;s Poncho | France #1 Poncho Shop<\/title>\n<meta name=\"description\" content=\"Looking for a Black Men&#039;s Poncho ? You&#039;ve come to the right place \ud83d\ude04 We offers a wide selection of Black Men&#039;s Poncho, perfect for you.\" \/>\n<meta name=\"robots\" content=\"index, follow, max-snippet:-1, max-image-preview:large, max-video-preview:-1\" \/>\n<link rel=\"canonical\" href=\"https:\/\/ozponcho.com.au\/fr\/p\/cape-noire-elegante-pour-homme\/\" \/>\n<meta property=\"og:locale\" content=\"fr_FR\" \/>\n<meta property=\"og:type\" content=\"article\" \/>\n<meta property=\"og:title\" content=\"Black Men&#039;s Poncho | France #1 Poncho Shop\" \/>\n<meta property=\"og:description\" content=\"Looking for a Black Men&#039;s Poncho ? You&#039;ve come to the right place \ud83d\ude04 We offers a wide selection of Black Men&#039;s Poncho, perfect for you.\" \/>\n<meta property=\"og:url\" content=\"https:\/\/ozponcho.com.au\/fr\/p\/cape-noire-elegante-pour-homme\/\" \/>\n<meta property=\"og:site_name\" content=\"OZ Poncho\" \/>\n<meta property=\"article:modified_time\" content=\"2024-12-16T04:51:56+00:00\" \/>\n<meta property=\"og:image\" content=\"https:\/\/ozponcho.com.au\/wp-content\/uploads\/2024\/01\/S6e98f66073044c5ba6b561fc178d5852I.webp\" \/>\n\t<meta property=\"og:image:width\" content=\"1000\" \/>\n\t<meta property=\"og:image:height\" content=\"1000\" \/>\n\t<meta property=\"og:image:type\" content=\"image\/webp\" \/>\n<meta name=\"twitter:card\" content=\"summary_large_image\" \/>\n<meta name=\"twitter:label1\" content=\"Dur\u00e9e de lecture estim\u00e9e\" \/>\n\t<meta name=\"twitter:data1\" content=\"1 minute\" \/>\n<script type=\"application\/ld+json\" class=\"yoast-schema-graph\">{\"@context\":\"https:\/\/schema.org\",\"@graph\":[{\"@type\":\"WebPage\",\"@id\":\"https:\/\/ozponcho.com.au\/p\/mens-elegant-black-cloak\/\",\"url\":\"https:\/\/ozponcho.com.au\/p\/mens-elegant-black-cloak\/\",\"name\":\"Black Men's Poncho | France #1 Poncho Shop\",\"isPartOf\":{\"@id\":\"https:\/\/ozponcho.com.au\/#website\"},\"primaryImageOfPage\":{\"@id\":\"https:\/\/ozponcho.com.au\/p\/mens-elegant-black-cloak\/#primaryimage\"},\"image\":{\"@id\":\"https:\/\/ozponcho.com.au\/p\/mens-elegant-black-cloak\/#primaryimage\"},\"thumbnailUrl\":\"https:\/\/ozponcho.com.au\/wp-content\/uploads\/2024\/01\/S6e98f66073044c5ba6b561fc178d5852I.webp\",\"datePublished\":\"2024-01-21T08:44:27+00:00\",\"dateModified\":\"2024-12-16T04:51:56+00:00\",\"description\":\"Looking for a Black Men's Poncho ? You've come to the right place \ud83d\ude04 We offers a wide selection of Black Men's Poncho, perfect for you.\",\"breadcrumb\":{\"@id\":\"https:\/\/ozponcho.com.au\/p\/mens-elegant-black-cloak\/#breadcrumb\"},\"inLanguage\":\"fr-FR\",\"potentialAction\":[{\"@type\":\"ReadAction\",\"target\":[\"https:\/\/ozponcho.com.au\/p\/mens-elegant-black-cloak\/\"]}]},{\"@type\":\"ImageObject\",\"inLanguage\":\"fr-FR\",\"@id\":\"https:\/\/ozponcho.com.au\/p\/mens-elegant-black-cloak\/#primaryimage\",\"url\":\"https:\/\/ozponcho.com.au\/wp-content\/uploads\/2024\/01\/S6e98f66073044c5ba6b561fc178d5852I.webp\",\"contentUrl\":\"https:\/\/ozponcho.com.au\/wp-content\/uploads\/2024\/01\/S6e98f66073044c5ba6b561fc178d5852I.webp\",\"width\":1000,\"height\":1000,\"caption\":\"Black Men's Poncho\"},{\"@type\":\"BreadcrumbList\",\"@id\":\"https:\/\/ozponcho.com.au\/p\/mens-elegant-black-cloak\/#breadcrumb\",\"itemListElement\":[{\"@type\":\"ListItem\",\"position\":1,\"name\":\"Home\",\"item\":\"https:\/\/ozponcho.com.au\/\"},{\"@type\":\"ListItem\",\"position\":2,\"name\":\"Shop\",\"item\":\"https:\/\/ozponcho.com.au\/shop\/\"},{\"@type\":\"ListItem\",\"position\":3,\"name\":\"Black Men&#8217;s Poncho\"}]},{\"@type\":\"WebSite\",\"@id\":\"https:\/\/ozponcho.com.au\/#website\",\"url\":\"https:\/\/ozponcho.com.au\/\",\"name\":\"OZ Poncho\",\"description\":\"\",\"potentialAction\":[{\"@type\":\"SearchAction\",\"target\":{\"@type\":\"EntryPoint\",\"urlTemplate\":\"https:\/\/ozponcho.com.au\/?s={search_term_string}\"},\"query-input\":{\"@type\":\"PropertyValueSpecification\",\"valueRequired\":true,\"valueName\":\"search_term_string\"}}],\"inLanguage\":\"fr-FR\"}]}<\/script>\n<!-- \/ Yoast SEO plugin. -->","yoast_head_json":{"title":"Poncho Noir Homme | France #1 Poncho Shop","description":"Vous \u00eates \u00e0 la recherche d'un Poncho noir pour homme ? Vous \u00eates au bon endroit \ud83d\ude04 Nous vous proposons une large s\u00e9lection de Poncho homme noir, parfait pour vous.","robots":{"index":"index","follow":"follow","max-snippet":"max-snippet:-1","max-image-preview":"max-image-preview:large","max-video-preview":"max-video-preview:-1"},"canonical":"https:\/\/ozponcho.com.au\/fr\/p\/cape-noire-elegante-pour-homme\/","og_locale":"fr_FR","og_type":"article","og_title":"Black Men's Poncho | France #1 Poncho Shop","og_description":"Looking for a Black Men's Poncho ? You've come to the right place \ud83d\ude04 We offers a wide selection of Black Men's Poncho, perfect for you.","og_url":"https:\/\/ozponcho.com.au\/fr\/p\/cape-noire-elegante-pour-homme\/","og_site_name":"OZ Poncho","article_modified_time":"2024-12-16T04:51:56+00:00","og_image":[{"width":1000,"height":1000,"url":"https:\/\/ozponcho.com.au\/wp-content\/uploads\/2024\/01\/S6e98f66073044c5ba6b561fc178d5852I.webp","type":"image\/webp"}],"twitter_card":"summary_large_image","twitter_misc":{"Dur\u00e9e de lecture estim\u00e9e":"1 minute"},"schema":{"@context":"https:\/\/schema.org","@graph":[{"@type":"WebPage","@id":"https:\/\/ozponcho.com.au\/p\/mens-elegant-black-cloak\/","url":"https:\/\/ozponcho.com.au\/p\/mens-elegant-black-cloak\/","name":"Poncho Noir Homme | France #1 Poncho Shop","isPartOf":{"@id":"https:\/\/ozponcho.com.au\/#website"},"primaryImageOfPage":{"@id":"https:\/\/ozponcho.com.au\/p\/mens-elegant-black-cloak\/#primaryimage"},"image":{"@id":"https:\/\/ozponcho.com.au\/p\/mens-elegant-black-cloak\/#primaryimage"},"thumbnailUrl":"https:\/\/ozponcho.com.au\/wp-content\/uploads\/2024\/01\/S6e98f66073044c5ba6b561fc178d5852I.webp","datePublished":"2024-01-21T08:44:27+00:00","dateModified":"2024-12-16T04:51:56+00:00","description":"Vous \u00eates \u00e0 la recherche d'un Poncho noir pour homme ? Vous \u00eates au bon endroit \ud83d\ude04 Nous vous proposons une large s\u00e9lection de Poncho homme noir, parfait pour vous.","breadcrumb":{"@id":"https:\/\/ozponcho.com.au\/p\/mens-elegant-black-cloak\/#breadcrumb"},"inLanguage":"fr-FR","potentialAction":[{"@type":"ReadAction","target":["https:\/\/ozponcho.com.au\/p\/mens-elegant-black-cloak\/"]}]},{"@type":"ImageObject","inLanguage":"fr-FR","@id":"https:\/\/ozponcho.com.au\/p\/mens-elegant-black-cloak\/#primaryimage","url":"https:\/\/ozponcho.com.au\/wp-content\/uploads\/2024\/01\/S6e98f66073044c5ba6b561fc178d5852I.webp","contentUrl":"https:\/\/ozponcho.com.au\/wp-content\/uploads\/2024\/01\/S6e98f66073044c5ba6b561fc178d5852I.webp","width":1000,"height":1000,"caption":"Black Men's Poncho"},{"@type":"BreadcrumbList","@id":"https:\/\/ozponcho.com.au\/p\/mens-elegant-black-cloak\/#breadcrumb","itemListElement":[{"@type":"ListItem","position":1,"name":"Home","item":"https:\/\/ozponcho.com.au\/"},{"@type":"ListItem","position":2,"name":"Shop","item":"https:\/\/ozponcho.com.au\/shop\/"},{"@type":"ListItem","position":3,"name":"Black Men&#8217;s Poncho"}]},{"@type":"WebSite","@id":"https:\/\/ozponcho.com.au\/#website","url":"https:\/\/ozponcho.com.au\/","name":"Poncho OZ","description":"","potentialAction":[{"@type":"SearchAction","target":{"@type":"EntryPoint","urlTemplate":"https:\/\/ozponcho.com.au\/?s={search_term_string}"},"query-input":{"@type":"PropertyValueSpecification","valueRequired":true,"valueName":"search_term_string"}}],"inLanguage":"fr-FR"}]}},"_links":{"self":[{"href":"https:\/\/ozponcho.com.au\/fr\/wp-json\/wp\/v2\/product\/17573","targetHints":{"allow":["GET"]}}],"collection":[{"href":"https:\/\/ozponcho.com.au\/fr\/wp-json\/wp\/v2\/product"}],"about":[{"href":"https:\/\/ozponcho.com.au\/fr\/wp-json\/wp\/v2\/types\/product"}],"wp:featuredmedia":[{"embeddable":true,"href":"https:\/\/ozponcho.com.au\/fr\/wp-json\/wp\/v2\/media\/17572"}],"wp:attachment":[{"href":"https:\/\/ozponcho.com.au\/fr\/wp-json\/wp\/v2\/media?parent=17573"}],"wp:term":[{"taxonomy":"product_brand","embeddable":true,"href":"https:\/\/ozponcho.com.au\/fr\/wp-json\/wp\/v2\/product_brand?post=17573"},{"taxonomy":"product_cat","embeddable":true,"href":"https:\/\/ozponcho.com.au\/fr\/wp-json\/wp\/v2\/product_cat?post=17573"},{"taxonomy":"product_tag","embeddable":true,"href":"https:\/\/ozponcho.com.au\/fr\/wp-json\/wp\/v2\/product_tag?post=17573"}],"curies":[{"name":"wp","href":"https:\/\/api.w.org\/{rel}","templated":true}]}}