{"id":17514,"date":"2024-01-21T19:43:47","date_gmt":"2024-01-21T08:43:47","guid":{"rendered":"https:\/\/ozponcho.com.au\/?post_type=product&#038;p=17514"},"modified":"2024-03-08T16:25:18","modified_gmt":"2024-03-08T05:25:18","slug":"unisex-turtleneck-shawl-cloak","status":"publish","type":"product","link":"https:\/\/ozponcho.com.au\/fr\/p\/chale-a-col-roule-unisexe-cape\/","title":{"rendered":"Pull Poncho \u00e0 pompon g\u00e9om\u00e9trique"},"content":{"rendered":"<p>Enveloppez-vous de chaleur et de style cet hiver avec notre pull-over poncho \u00e0 glands g\u00e9om\u00e9triques. Fabriqu\u00e9 avec soin \u00e0 partir d'un m\u00e9lange de coton et de polyester, ce manteau non sexu\u00e9 offre aux personnes \u00e0 la pointe de la mode un confort in\u00e9gal\u00e9 pendant les mois les plus froids. Sa coupe ample tendance et son superbe motif g\u00e9om\u00e9trique noir et blanc exsudent la sophistication, tandis que les pompons ludiques ajoutent une touche de boh\u00e8me. Con\u00e7ue pour \u00eatre polyvalente, cette pi\u00e8ce passe sans effort d'une sortie d\u00e9contract\u00e9e \u00e0 une soir\u00e9e \u00e9l\u00e9gante. Rehaussez votre garde-robe avec cet accessoire indispensable et affrontez le froid en toute confiance.<\/p>\n<h2>CARACT\u00c9RISTIQUES TECHNIQUES<\/h2>\n<p>Mati\u00e8re : COTON et polyester<\/p>\n<p><img decoding=\"async\" src=\"https:\/\/ozponcho.com.au\/wp-content\/uploads\/2024\/03\/S1f86316178d1470daae52f6107ea9a790.webp\" \/><\/p>","protected":false},"excerpt":{"rendered":"<p>Wrap yourself in warmth and style this winter with our Geometric Tassel Poncho Sweater. Carefully crafted with a blend of cotton and polyester, this genderless cloak provides fashion-forward individuals with unmatched comfort during the colder months. Its trendy loose fit and stunning black and white geometric pattern exude sophistication while the playful tassels add a [&#8230;]","protected":false},"featured_media":17513,"template":"","meta":[],"product_brand":[],"product_cat":[219,15,228,214,211],"product_tag":[],"class_list":{"0":"post-17514","1":"product","2":"type-product","3":"status-publish","4":"has-post-thumbnail","6":"product_cat-black-poncho","7":"product_cat-main-category","8":"product_cat-poncho-sweater","9":"product_cat-knitted-crochet-poncho","10":"product_cat-poncho-men","12":"first","13":"instock","14":"shipping-taxable","15":"purchasable","16":"product-type-variable"},"yoast_head":"<!-- This site is optimized with the Yoast SEO plugin v25.9 - https:\/\/yoast.com\/wordpress\/plugins\/seo\/ -->\n<title>Geometric Tassel Poncho Sweater | France #1 Poncho Shop<\/title>\n<meta name=\"description\" content=\"Looking for a Geometric Tassel Poncho Sweater ? You&#039;ve come to the right place \ud83d\ude04 We offers a wide selection of Geometric Tassel Poncho Sweater, perfect for you.\" \/>\n<meta name=\"robots\" content=\"index, follow, max-snippet:-1, max-image-preview:large, max-video-preview:-1\" \/>\n<link rel=\"canonical\" href=\"https:\/\/ozponcho.com.au\/fr\/p\/chale-a-col-roule-unisexe-cape\/\" \/>\n<meta property=\"og:locale\" content=\"fr_FR\" \/>\n<meta property=\"og:type\" content=\"article\" \/>\n<meta property=\"og:title\" content=\"Geometric Tassel Poncho Sweater | France #1 Poncho Shop\" \/>\n<meta property=\"og:description\" content=\"Looking for a Geometric Tassel Poncho Sweater ? You&#039;ve come to the right place \ud83d\ude04 We offers a wide selection of Geometric Tassel Poncho Sweater, perfect for you.\" \/>\n<meta property=\"og:url\" content=\"https:\/\/ozponcho.com.au\/fr\/p\/chale-a-col-roule-unisexe-cape\/\" \/>\n<meta property=\"og:site_name\" content=\"OZ Poncho\" \/>\n<meta property=\"article:modified_time\" content=\"2024-03-08T05:25:18+00:00\" \/>\n<meta property=\"og:image\" content=\"https:\/\/ozponcho.com.au\/wp-content\/uploads\/2024\/01\/Sf452e455f1924b70ac61aee9a86e08adf.webp\" \/>\n\t<meta property=\"og:image:width\" content=\"1000\" \/>\n\t<meta property=\"og:image:height\" content=\"1000\" \/>\n\t<meta property=\"og:image:type\" content=\"image\/webp\" \/>\n<meta name=\"twitter:card\" content=\"summary_large_image\" \/>\n<meta name=\"twitter:label1\" content=\"Dur\u00e9e de lecture estim\u00e9e\" \/>\n\t<meta name=\"twitter:data1\" content=\"1 minute\" \/>\n<script type=\"application\/ld+json\" class=\"yoast-schema-graph\">{\"@context\":\"https:\/\/schema.org\",\"@graph\":[{\"@type\":\"WebPage\",\"@id\":\"https:\/\/ozponcho.com.au\/p\/unisex-turtleneck-shawl-cloak\/\",\"url\":\"https:\/\/ozponcho.com.au\/p\/unisex-turtleneck-shawl-cloak\/\",\"name\":\"Geometric Tassel Poncho Sweater | France #1 Poncho Shop\",\"isPartOf\":{\"@id\":\"https:\/\/ozponcho.com.au\/#website\"},\"primaryImageOfPage\":{\"@id\":\"https:\/\/ozponcho.com.au\/p\/unisex-turtleneck-shawl-cloak\/#primaryimage\"},\"image\":{\"@id\":\"https:\/\/ozponcho.com.au\/p\/unisex-turtleneck-shawl-cloak\/#primaryimage\"},\"thumbnailUrl\":\"https:\/\/ozponcho.com.au\/wp-content\/uploads\/2024\/01\/Sf452e455f1924b70ac61aee9a86e08adf.webp\",\"datePublished\":\"2024-01-21T08:43:47+00:00\",\"dateModified\":\"2024-03-08T05:25:18+00:00\",\"description\":\"Looking for a Geometric Tassel Poncho Sweater ? You've come to the right place \ud83d\ude04 We offers a wide selection of Geometric Tassel Poncho Sweater, perfect for you.\",\"breadcrumb\":{\"@id\":\"https:\/\/ozponcho.com.au\/p\/unisex-turtleneck-shawl-cloak\/#breadcrumb\"},\"inLanguage\":\"fr-FR\",\"potentialAction\":[{\"@type\":\"ReadAction\",\"target\":[\"https:\/\/ozponcho.com.au\/p\/unisex-turtleneck-shawl-cloak\/\"]}]},{\"@type\":\"ImageObject\",\"inLanguage\":\"fr-FR\",\"@id\":\"https:\/\/ozponcho.com.au\/p\/unisex-turtleneck-shawl-cloak\/#primaryimage\",\"url\":\"https:\/\/ozponcho.com.au\/wp-content\/uploads\/2024\/01\/Sf452e455f1924b70ac61aee9a86e08adf.webp\",\"contentUrl\":\"https:\/\/ozponcho.com.au\/wp-content\/uploads\/2024\/01\/Sf452e455f1924b70ac61aee9a86e08adf.webp\",\"width\":1000,\"height\":1000,\"caption\":\"Geometric Tassel Poncho Sweater\"},{\"@type\":\"BreadcrumbList\",\"@id\":\"https:\/\/ozponcho.com.au\/p\/unisex-turtleneck-shawl-cloak\/#breadcrumb\",\"itemListElement\":[{\"@type\":\"ListItem\",\"position\":1,\"name\":\"Home\",\"item\":\"https:\/\/ozponcho.com.au\/\"},{\"@type\":\"ListItem\",\"position\":2,\"name\":\"Shop\",\"item\":\"https:\/\/ozponcho.com.au\/shop\/\"},{\"@type\":\"ListItem\",\"position\":3,\"name\":\"Geometric Tassel Poncho Sweater\"}]},{\"@type\":\"WebSite\",\"@id\":\"https:\/\/ozponcho.com.au\/#website\",\"url\":\"https:\/\/ozponcho.com.au\/\",\"name\":\"OZ Poncho\",\"description\":\"\",\"potentialAction\":[{\"@type\":\"SearchAction\",\"target\":{\"@type\":\"EntryPoint\",\"urlTemplate\":\"https:\/\/ozponcho.com.au\/?s={search_term_string}\"},\"query-input\":{\"@type\":\"PropertyValueSpecification\",\"valueRequired\":true,\"valueName\":\"search_term_string\"}}],\"inLanguage\":\"fr-FR\"}]}<\/script>\n<!-- \/ Yoast SEO plugin. -->","yoast_head_json":{"title":"Poncho \u00e0 pompon g\u00e9om\u00e9trique Pull | France #1 Poncho Shop","description":"Vous \u00eates \u00e0 la recherche d'un pull poncho \u00e0 pompons g\u00e9om\u00e9triques ? Vous \u00eates au bon endroit \ud83d\ude04 Nous vous proposons un large choix de Pull Poncho \u00e0 pompons g\u00e9om\u00e9triques, parfait pour vous.","robots":{"index":"index","follow":"follow","max-snippet":"max-snippet:-1","max-image-preview":"max-image-preview:large","max-video-preview":"max-video-preview:-1"},"canonical":"https:\/\/ozponcho.com.au\/fr\/p\/chale-a-col-roule-unisexe-cape\/","og_locale":"fr_FR","og_type":"article","og_title":"Geometric Tassel Poncho Sweater | France #1 Poncho Shop","og_description":"Looking for a Geometric Tassel Poncho Sweater ? You've come to the right place \ud83d\ude04 We offers a wide selection of Geometric Tassel Poncho Sweater, perfect for you.","og_url":"https:\/\/ozponcho.com.au\/fr\/p\/chale-a-col-roule-unisexe-cape\/","og_site_name":"OZ Poncho","article_modified_time":"2024-03-08T05:25:18+00:00","og_image":[{"width":1000,"height":1000,"url":"https:\/\/ozponcho.com.au\/wp-content\/uploads\/2024\/01\/Sf452e455f1924b70ac61aee9a86e08adf.webp","type":"image\/webp"}],"twitter_card":"summary_large_image","twitter_misc":{"Dur\u00e9e de lecture estim\u00e9e":"1 minute"},"schema":{"@context":"https:\/\/schema.org","@graph":[{"@type":"WebPage","@id":"https:\/\/ozponcho.com.au\/p\/unisex-turtleneck-shawl-cloak\/","url":"https:\/\/ozponcho.com.au\/p\/unisex-turtleneck-shawl-cloak\/","name":"Poncho \u00e0 pompon g\u00e9om\u00e9trique Pull | France #1 Poncho Shop","isPartOf":{"@id":"https:\/\/ozponcho.com.au\/#website"},"primaryImageOfPage":{"@id":"https:\/\/ozponcho.com.au\/p\/unisex-turtleneck-shawl-cloak\/#primaryimage"},"image":{"@id":"https:\/\/ozponcho.com.au\/p\/unisex-turtleneck-shawl-cloak\/#primaryimage"},"thumbnailUrl":"https:\/\/ozponcho.com.au\/wp-content\/uploads\/2024\/01\/Sf452e455f1924b70ac61aee9a86e08adf.webp","datePublished":"2024-01-21T08:43:47+00:00","dateModified":"2024-03-08T05:25:18+00:00","description":"Vous \u00eates \u00e0 la recherche d'un pull poncho \u00e0 pompons g\u00e9om\u00e9triques ? Vous \u00eates au bon endroit \ud83d\ude04 Nous vous proposons un large choix de Pull Poncho \u00e0 pompons g\u00e9om\u00e9triques, parfait pour vous.","breadcrumb":{"@id":"https:\/\/ozponcho.com.au\/p\/unisex-turtleneck-shawl-cloak\/#breadcrumb"},"inLanguage":"fr-FR","potentialAction":[{"@type":"ReadAction","target":["https:\/\/ozponcho.com.au\/p\/unisex-turtleneck-shawl-cloak\/"]}]},{"@type":"ImageObject","inLanguage":"fr-FR","@id":"https:\/\/ozponcho.com.au\/p\/unisex-turtleneck-shawl-cloak\/#primaryimage","url":"https:\/\/ozponcho.com.au\/wp-content\/uploads\/2024\/01\/Sf452e455f1924b70ac61aee9a86e08adf.webp","contentUrl":"https:\/\/ozponcho.com.au\/wp-content\/uploads\/2024\/01\/Sf452e455f1924b70ac61aee9a86e08adf.webp","width":1000,"height":1000,"caption":"Geometric Tassel Poncho Sweater"},{"@type":"BreadcrumbList","@id":"https:\/\/ozponcho.com.au\/p\/unisex-turtleneck-shawl-cloak\/#breadcrumb","itemListElement":[{"@type":"ListItem","position":1,"name":"Home","item":"https:\/\/ozponcho.com.au\/"},{"@type":"ListItem","position":2,"name":"Shop","item":"https:\/\/ozponcho.com.au\/shop\/"},{"@type":"ListItem","position":3,"name":"Geometric Tassel Poncho Sweater"}]},{"@type":"WebSite","@id":"https:\/\/ozponcho.com.au\/#website","url":"https:\/\/ozponcho.com.au\/","name":"Poncho OZ","description":"","potentialAction":[{"@type":"SearchAction","target":{"@type":"EntryPoint","urlTemplate":"https:\/\/ozponcho.com.au\/?s={search_term_string}"},"query-input":{"@type":"PropertyValueSpecification","valueRequired":true,"valueName":"search_term_string"}}],"inLanguage":"fr-FR"}]}},"_links":{"self":[{"href":"https:\/\/ozponcho.com.au\/fr\/wp-json\/wp\/v2\/product\/17514","targetHints":{"allow":["GET"]}}],"collection":[{"href":"https:\/\/ozponcho.com.au\/fr\/wp-json\/wp\/v2\/product"}],"about":[{"href":"https:\/\/ozponcho.com.au\/fr\/wp-json\/wp\/v2\/types\/product"}],"wp:featuredmedia":[{"embeddable":true,"href":"https:\/\/ozponcho.com.au\/fr\/wp-json\/wp\/v2\/media\/17513"}],"wp:attachment":[{"href":"https:\/\/ozponcho.com.au\/fr\/wp-json\/wp\/v2\/media?parent=17514"}],"wp:term":[{"taxonomy":"product_brand","embeddable":true,"href":"https:\/\/ozponcho.com.au\/fr\/wp-json\/wp\/v2\/product_brand?post=17514"},{"taxonomy":"product_cat","embeddable":true,"href":"https:\/\/ozponcho.com.au\/fr\/wp-json\/wp\/v2\/product_cat?post=17514"},{"taxonomy":"product_tag","embeddable":true,"href":"https:\/\/ozponcho.com.au\/fr\/wp-json\/wp\/v2\/product_tag?post=17514"}],"curies":[{"name":"wp","href":"https:\/\/api.w.org\/{rel}","templated":true}]}}