{"id":17117,"date":"2023-12-30T23:27:43","date_gmt":"2023-12-30T12:27:43","guid":{"rendered":"https:\/\/ozponcho.com.au\/?post_type=product&#038;p=17117"},"modified":"2024-03-08T16:25:48","modified_gmt":"2024-03-08T05:25:48","slug":"children-beach-bath-cape","status":"publish","type":"product","link":"https:\/\/ozponcho.com.au\/fr\/p\/cape-de-bain-pour-enfants\/","title":{"rendered":"Serviette Poncho \u00e0 capuche pour enfants"},"content":{"rendered":"<p>Enveloppez vos petits dans le confort avec notre serviette Poncho \u00e0 capuche pour enfants ! Parfaits pour l'heure du bain ou pour une journ\u00e9e \u00e0 la plage, ces charmants ponchos pr\u00e9sentent des motifs vibrants, des dinosaures aux licornes. Fabriqu\u00e9s en microfibre, ils s\u00e8chent rapidement et sont dot\u00e9s d'une capuche qui prot\u00e8ge du soleil. Ils sont id\u00e9aux pour les enfants mesurant entre 80 et 130 cm. \u00c0 la fois amusantes et fonctionnelles, nos serviettes ponchos ne sont pas seulement un achat, mais une exp\u00e9rience que votre enfant appr\u00e9ciera \u00e0 chaque fois qu'il les portera.<\/p>\n<h2>CARACT\u00c9RISTIQUES TECHNIQUES<\/h2>\n<p>Mati\u00e8re : Tissu microfibre et coton peign\u00e9<\/p>","protected":false},"excerpt":{"rendered":"<p>Wrap your little ones in comfort with our Kids Hooded Poncho Towel! Perfect for bath time or a day at the beach, these charming ponchos feature vibrant patterns, from dinosaurs to unicorns. Made with gentle microfiber fabric, they provide quick-drying softness, a cozy hood for sun protection, and are ideal for children 80-130cm tall. Offering [&#8230;]","protected":false},"featured_media":17116,"template":"","meta":[],"product_brand":[],"product_cat":[15,222,212,208],"product_tag":[],"class_list":{"0":"post-17117","1":"product","2":"type-product","3":"status-publish","4":"has-post-thumbnail","6":"product_cat-main-category","7":"product_cat-pink-poncho","8":"product_cat-poncho-kid","9":"product_cat-surf-poncho","11":"first","12":"instock","13":"shipping-taxable","14":"purchasable","15":"product-type-variable"},"yoast_head":"<!-- This site is optimized with the Yoast SEO plugin v25.9 - https:\/\/yoast.com\/wordpress\/plugins\/seo\/ -->\n<title>Kids Hooded Poncho Towel | France #1 Poncho Shop<\/title>\n<meta name=\"description\" content=\"Looking for a Kids Hooded Poncho Towel ? You&#039;ve come to the right place \ud83d\ude04 We offers a wide selection of Kids Hooded Poncho Towel, perfect for you.\" \/>\n<meta name=\"robots\" content=\"index, follow, max-snippet:-1, max-image-preview:large, max-video-preview:-1\" \/>\n<link rel=\"canonical\" href=\"https:\/\/ozponcho.com.au\/fr\/p\/cape-de-bain-pour-enfants\/\" \/>\n<meta property=\"og:locale\" content=\"fr_FR\" \/>\n<meta property=\"og:type\" content=\"article\" \/>\n<meta property=\"og:title\" content=\"Kids Hooded Poncho Towel | France #1 Poncho Shop\" \/>\n<meta property=\"og:description\" content=\"Looking for a Kids Hooded Poncho Towel ? You&#039;ve come to the right place \ud83d\ude04 We offers a wide selection of Kids Hooded Poncho Towel, perfect for you.\" \/>\n<meta property=\"og:url\" content=\"https:\/\/ozponcho.com.au\/fr\/p\/cape-de-bain-pour-enfants\/\" \/>\n<meta property=\"og:site_name\" content=\"OZ Poncho\" \/>\n<meta property=\"article:modified_time\" content=\"2024-03-08T05:25:48+00:00\" \/>\n<meta property=\"og:image\" content=\"https:\/\/ozponcho.com.au\/wp-content\/uploads\/2023\/12\/S88ec4346f9254b1888a78ce5d32ad89c3-4.webp\" \/>\n\t<meta property=\"og:image:width\" content=\"800\" \/>\n\t<meta property=\"og:image:height\" content=\"800\" \/>\n\t<meta property=\"og:image:type\" content=\"image\/webp\" \/>\n<meta name=\"twitter:card\" content=\"summary_large_image\" \/>\n<meta name=\"twitter:label1\" content=\"Dur\u00e9e de lecture estim\u00e9e\" \/>\n\t<meta name=\"twitter:data1\" content=\"1 minute\" \/>\n<script type=\"application\/ld+json\" class=\"yoast-schema-graph\">{\"@context\":\"https:\/\/schema.org\",\"@graph\":[{\"@type\":\"WebPage\",\"@id\":\"https:\/\/ozponcho.com.au\/p\/children-beach-bath-cape\/\",\"url\":\"https:\/\/ozponcho.com.au\/p\/children-beach-bath-cape\/\",\"name\":\"Kids Hooded Poncho Towel | France #1 Poncho Shop\",\"isPartOf\":{\"@id\":\"https:\/\/ozponcho.com.au\/#website\"},\"primaryImageOfPage\":{\"@id\":\"https:\/\/ozponcho.com.au\/p\/children-beach-bath-cape\/#primaryimage\"},\"image\":{\"@id\":\"https:\/\/ozponcho.com.au\/p\/children-beach-bath-cape\/#primaryimage\"},\"thumbnailUrl\":\"https:\/\/ozponcho.com.au\/wp-content\/uploads\/2023\/12\/S88ec4346f9254b1888a78ce5d32ad89c3-4.webp\",\"datePublished\":\"2023-12-30T12:27:43+00:00\",\"dateModified\":\"2024-03-08T05:25:48+00:00\",\"description\":\"Looking for a Kids Hooded Poncho Towel ? You've come to the right place \ud83d\ude04 We offers a wide selection of Kids Hooded Poncho Towel, perfect for you.\",\"breadcrumb\":{\"@id\":\"https:\/\/ozponcho.com.au\/p\/children-beach-bath-cape\/#breadcrumb\"},\"inLanguage\":\"fr-FR\",\"potentialAction\":[{\"@type\":\"ReadAction\",\"target\":[\"https:\/\/ozponcho.com.au\/p\/children-beach-bath-cape\/\"]}]},{\"@type\":\"ImageObject\",\"inLanguage\":\"fr-FR\",\"@id\":\"https:\/\/ozponcho.com.au\/p\/children-beach-bath-cape\/#primaryimage\",\"url\":\"https:\/\/ozponcho.com.au\/wp-content\/uploads\/2023\/12\/S88ec4346f9254b1888a78ce5d32ad89c3-4.webp\",\"contentUrl\":\"https:\/\/ozponcho.com.au\/wp-content\/uploads\/2023\/12\/S88ec4346f9254b1888a78ce5d32ad89c3-4.webp\",\"width\":800,\"height\":800,\"caption\":\"Kids Hooded Poncho Towel\"},{\"@type\":\"BreadcrumbList\",\"@id\":\"https:\/\/ozponcho.com.au\/p\/children-beach-bath-cape\/#breadcrumb\",\"itemListElement\":[{\"@type\":\"ListItem\",\"position\":1,\"name\":\"Home\",\"item\":\"https:\/\/ozponcho.com.au\/\"},{\"@type\":\"ListItem\",\"position\":2,\"name\":\"Shop\",\"item\":\"https:\/\/ozponcho.com.au\/shop\/\"},{\"@type\":\"ListItem\",\"position\":3,\"name\":\"Kids Hooded Poncho Towel\"}]},{\"@type\":\"WebSite\",\"@id\":\"https:\/\/ozponcho.com.au\/#website\",\"url\":\"https:\/\/ozponcho.com.au\/\",\"name\":\"OZ Poncho\",\"description\":\"\",\"potentialAction\":[{\"@type\":\"SearchAction\",\"target\":{\"@type\":\"EntryPoint\",\"urlTemplate\":\"https:\/\/ozponcho.com.au\/?s={search_term_string}\"},\"query-input\":{\"@type\":\"PropertyValueSpecification\",\"valueRequired\":true,\"valueName\":\"search_term_string\"}}],\"inLanguage\":\"fr-FR\"}]}<\/script>\n<!-- \/ Yoast SEO plugin. -->","yoast_head_json":{"title":"Poncho \u00e0 capuche pour enfants Serviette de bain | France #1 Poncho Shop","description":"Vous \u00eates \u00e0 la recherche d'une serviette Poncho \u00e0 capuche pour enfant ? Vous \u00eates au bon endroit \ud83d\ude04 Nous vous proposons une large s\u00e9lection de Serviette Poncho \u00e0 capuche enfant, parfaite pour vous.","robots":{"index":"index","follow":"follow","max-snippet":"max-snippet:-1","max-image-preview":"max-image-preview:large","max-video-preview":"max-video-preview:-1"},"canonical":"https:\/\/ozponcho.com.au\/fr\/p\/cape-de-bain-pour-enfants\/","og_locale":"fr_FR","og_type":"article","og_title":"Kids Hooded Poncho Towel | France #1 Poncho Shop","og_description":"Looking for a Kids Hooded Poncho Towel ? You've come to the right place \ud83d\ude04 We offers a wide selection of Kids Hooded Poncho Towel, perfect for you.","og_url":"https:\/\/ozponcho.com.au\/fr\/p\/cape-de-bain-pour-enfants\/","og_site_name":"OZ Poncho","article_modified_time":"2024-03-08T05:25:48+00:00","og_image":[{"width":800,"height":800,"url":"https:\/\/ozponcho.com.au\/wp-content\/uploads\/2023\/12\/S88ec4346f9254b1888a78ce5d32ad89c3-4.webp","type":"image\/webp"}],"twitter_card":"summary_large_image","twitter_misc":{"Dur\u00e9e de lecture estim\u00e9e":"1 minute"},"schema":{"@context":"https:\/\/schema.org","@graph":[{"@type":"WebPage","@id":"https:\/\/ozponcho.com.au\/p\/children-beach-bath-cape\/","url":"https:\/\/ozponcho.com.au\/p\/children-beach-bath-cape\/","name":"Poncho \u00e0 capuche pour enfants Serviette de bain | France #1 Poncho Shop","isPartOf":{"@id":"https:\/\/ozponcho.com.au\/#website"},"primaryImageOfPage":{"@id":"https:\/\/ozponcho.com.au\/p\/children-beach-bath-cape\/#primaryimage"},"image":{"@id":"https:\/\/ozponcho.com.au\/p\/children-beach-bath-cape\/#primaryimage"},"thumbnailUrl":"https:\/\/ozponcho.com.au\/wp-content\/uploads\/2023\/12\/S88ec4346f9254b1888a78ce5d32ad89c3-4.webp","datePublished":"2023-12-30T12:27:43+00:00","dateModified":"2024-03-08T05:25:48+00:00","description":"Vous \u00eates \u00e0 la recherche d'une serviette Poncho \u00e0 capuche pour enfant ? Vous \u00eates au bon endroit \ud83d\ude04 Nous vous proposons une large s\u00e9lection de Serviette Poncho \u00e0 capuche enfant, parfaite pour vous.","breadcrumb":{"@id":"https:\/\/ozponcho.com.au\/p\/children-beach-bath-cape\/#breadcrumb"},"inLanguage":"fr-FR","potentialAction":[{"@type":"ReadAction","target":["https:\/\/ozponcho.com.au\/p\/children-beach-bath-cape\/"]}]},{"@type":"ImageObject","inLanguage":"fr-FR","@id":"https:\/\/ozponcho.com.au\/p\/children-beach-bath-cape\/#primaryimage","url":"https:\/\/ozponcho.com.au\/wp-content\/uploads\/2023\/12\/S88ec4346f9254b1888a78ce5d32ad89c3-4.webp","contentUrl":"https:\/\/ozponcho.com.au\/wp-content\/uploads\/2023\/12\/S88ec4346f9254b1888a78ce5d32ad89c3-4.webp","width":800,"height":800,"caption":"Kids Hooded Poncho Towel"},{"@type":"BreadcrumbList","@id":"https:\/\/ozponcho.com.au\/p\/children-beach-bath-cape\/#breadcrumb","itemListElement":[{"@type":"ListItem","position":1,"name":"Home","item":"https:\/\/ozponcho.com.au\/"},{"@type":"ListItem","position":2,"name":"Shop","item":"https:\/\/ozponcho.com.au\/shop\/"},{"@type":"ListItem","position":3,"name":"Kids Hooded Poncho Towel"}]},{"@type":"WebSite","@id":"https:\/\/ozponcho.com.au\/#website","url":"https:\/\/ozponcho.com.au\/","name":"Poncho OZ","description":"","potentialAction":[{"@type":"SearchAction","target":{"@type":"EntryPoint","urlTemplate":"https:\/\/ozponcho.com.au\/?s={search_term_string}"},"query-input":{"@type":"PropertyValueSpecification","valueRequired":true,"valueName":"search_term_string"}}],"inLanguage":"fr-FR"}]}},"_links":{"self":[{"href":"https:\/\/ozponcho.com.au\/fr\/wp-json\/wp\/v2\/product\/17117","targetHints":{"allow":["GET"]}}],"collection":[{"href":"https:\/\/ozponcho.com.au\/fr\/wp-json\/wp\/v2\/product"}],"about":[{"href":"https:\/\/ozponcho.com.au\/fr\/wp-json\/wp\/v2\/types\/product"}],"wp:featuredmedia":[{"embeddable":true,"href":"https:\/\/ozponcho.com.au\/fr\/wp-json\/wp\/v2\/media\/17116"}],"wp:attachment":[{"href":"https:\/\/ozponcho.com.au\/fr\/wp-json\/wp\/v2\/media?parent=17117"}],"wp:term":[{"taxonomy":"product_brand","embeddable":true,"href":"https:\/\/ozponcho.com.au\/fr\/wp-json\/wp\/v2\/product_brand?post=17117"},{"taxonomy":"product_cat","embeddable":true,"href":"https:\/\/ozponcho.com.au\/fr\/wp-json\/wp\/v2\/product_cat?post=17117"},{"taxonomy":"product_tag","embeddable":true,"href":"https:\/\/ozponcho.com.au\/fr\/wp-json\/wp\/v2\/product_tag?post=17117"}],"curies":[{"name":"wp","href":"https:\/\/api.w.org\/{rel}","templated":true}]}}