{"id":16725,"date":"2023-12-30T23:21:18","date_gmt":"2023-12-30T12:21:18","guid":{"rendered":"https:\/\/ozponcho.com.au\/?post_type=product&#038;p=16725"},"modified":"2025-09-29T19:44:16","modified_gmt":"2025-09-29T08:44:16","slug":"children-rain-poncho-coat","status":"publish","type":"product","link":"https:\/\/ozponcho.com.au\/fr\/p\/children-rain-poncho-coat\/","title":{"rendered":"Veste Poncho imperm\u00e9able pour enfants"},"content":{"rendered":"<p>Splash into fun with this Kids Waterproof Poncho Jacket! Perfect for active boys and girls, its playful blue and white geometric print keeps your child stylish during downpours. The durable, waterproof material ensures they stay dry, while the hood and snap closure add an extra layer of protection. Make puddle-jumping adventures a joy with this lightweight, easy-to-wear poncho \u00e2\u20ac\u201c a must-have for the rainy season!<\/p>\n<h2>CARACT\u00c9RISTIQUES TECHNIQUES<\/h2>\n<p>Mat\u00e9riau : Plastique<\/p>\n<p>Groupe d'\u00e2ge : Enfants<\/p>\n<p>Genre : Gar\u00e7ons et filles<\/p>\n<p>Type : Imperm\u00e9able<\/p>\n<p><img decoding=\"async\" class=\"alignnone size-full wp-image-17234\" src=\"https:\/\/ozponcho.com.au\/wp-content\/uploads\/2023\/12\/Screenshot-2024-01-17-at-17.12.02.png\" alt=\"Tableau des tailles de v\u00eatements pour enfants\" width=\"1524\" height=\"408\" srcset=\"https:\/\/ozponcho.com.au\/wp-content\/uploads\/2023\/12\/Screenshot-2024-01-17-at-17.12.02.png 1524w, https:\/\/ozponcho.com.au\/wp-content\/uploads\/2023\/12\/Screenshot-2024-01-17-at-17.12.02-1020x273.png 1020w, https:\/\/ozponcho.com.au\/wp-content\/uploads\/2023\/12\/Screenshot-2024-01-17-at-17.12.02-300x80.png 300w, https:\/\/ozponcho.com.au\/wp-content\/uploads\/2023\/12\/Screenshot-2024-01-17-at-17.12.02-1024x274.png 1024w, https:\/\/ozponcho.com.au\/wp-content\/uploads\/2023\/12\/Screenshot-2024-01-17-at-17.12.02-768x206.png 768w\" sizes=\"(max-width: 1524px) 100vw, 1524px\" \/><\/p>\n<p><img decoding=\"async\" class=\"alignnone size-full wp-image-16947\" src=\"https:\/\/ozponcho.com.au\/wp-content\/uploads\/2023\/12\/S8d969f6d0b7a42f5beb2a4fdb06efb7f9-47.webp\" alt=\"Imperm\u00e9able pour enfant Mignon\" width=\"800\" height=\"800\" srcset=\"https:\/\/ozponcho.com.au\/wp-content\/uploads\/2023\/12\/S8d969f6d0b7a42f5beb2a4fdb06efb7f9-47.webp 800w, https:\/\/ozponcho.com.au\/wp-content\/uploads\/2023\/12\/S8d969f6d0b7a42f5beb2a4fdb06efb7f9-47-100x100.webp 100w, https:\/\/ozponcho.com.au\/wp-content\/uploads\/2023\/12\/S8d969f6d0b7a42f5beb2a4fdb06efb7f9-47-300x300.webp 300w, https:\/\/ozponcho.com.au\/wp-content\/uploads\/2023\/12\/S8d969f6d0b7a42f5beb2a4fdb06efb7f9-47-150x150.webp 150w, https:\/\/ozponcho.com.au\/wp-content\/uploads\/2023\/12\/S8d969f6d0b7a42f5beb2a4fdb06efb7f9-47-768x768.webp 768w, https:\/\/ozponcho.com.au\/wp-content\/uploads\/2023\/12\/S8d969f6d0b7a42f5beb2a4fdb06efb7f9-47-510x510.webp 510w\" sizes=\"(max-width: 800px) 100vw, 800px\" \/><\/p>","protected":false},"excerpt":{"rendered":"<p>Splash into fun with this Kids Waterproof Poncho Jacket! Perfect for active boys and girls, its playful blue and white geometric print keeps your child stylish during downpours. The durable, waterproof material ensures they stay dry, while the hood and snap closure add an extra layer of protection. Make puddle-jumping adventures a joy with this [&#8230;]","protected":false},"featured_media":16724,"template":"","meta":[],"product_brand":[],"product_cat":[227,15,222,217,212,205],"product_tag":[],"class_list":{"0":"post-16725","1":"product","2":"type-product","3":"status-publish","4":"has-post-thumbnail","6":"product_cat-hooded-poncho","7":"product_cat-main-category","8":"product_cat-pink-poncho","9":"product_cat-plastic-poncho","10":"product_cat-poncho-kid","11":"product_cat-rain-poncho","13":"first","14":"instock","15":"shipping-taxable","16":"purchasable","17":"product-type-variable"},"yoast_head":"<!-- This site is optimized with the Yoast SEO plugin v25.9 - https:\/\/yoast.com\/wordpress\/plugins\/seo\/ -->\n<title>Kids Waterproof Poncho Jacket | France #1 Poncho Shop<\/title>\n<meta name=\"description\" content=\"Looking for a Kids Waterproof Poncho Jacket ? You&#039;ve come to the right place \ud83d\ude04 We offers a wide selection of Kids Waterproof Poncho Jacket, perfect for you.\" \/>\n<meta name=\"robots\" content=\"index, follow, max-snippet:-1, max-image-preview:large, max-video-preview:-1\" \/>\n<link rel=\"canonical\" href=\"https:\/\/ozponcho.com.au\/fr\/p\/children-rain-poncho-coat\/\" \/>\n<meta property=\"og:locale\" content=\"fr_FR\" \/>\n<meta property=\"og:type\" content=\"article\" \/>\n<meta property=\"og:title\" content=\"Kids Waterproof Poncho Jacket | France #1 Poncho Shop\" \/>\n<meta property=\"og:description\" content=\"Looking for a Kids Waterproof Poncho Jacket ? You&#039;ve come to the right place \ud83d\ude04 We offers a wide selection of Kids Waterproof Poncho Jacket, perfect for you.\" \/>\n<meta property=\"og:url\" content=\"https:\/\/ozponcho.com.au\/fr\/p\/children-rain-poncho-coat\/\" \/>\n<meta property=\"og:site_name\" content=\"OZ Poncho\" \/>\n<meta property=\"article:modified_time\" content=\"2025-09-29T08:44:16+00:00\" \/>\n<meta property=\"og:image\" content=\"https:\/\/ozponcho.com.au\/wp-content\/uploads\/2023\/12\/S1c170d2646e34d22a71fe3eb7057aef9I-4.webp\" \/>\n\t<meta property=\"og:image:width\" content=\"800\" \/>\n\t<meta property=\"og:image:height\" content=\"800\" \/>\n\t<meta property=\"og:image:type\" content=\"image\/webp\" \/>\n<meta name=\"twitter:card\" content=\"summary_large_image\" \/>\n<meta name=\"twitter:label1\" content=\"Dur\u00e9e de lecture estim\u00e9e\" \/>\n\t<meta name=\"twitter:data1\" content=\"1 minute\" \/>\n<script type=\"application\/ld+json\" class=\"yoast-schema-graph\">{\"@context\":\"https:\/\/schema.org\",\"@graph\":[{\"@type\":\"WebPage\",\"@id\":\"https:\/\/ozponcho.com.au\/p\/children-rain-poncho-coat\/\",\"url\":\"https:\/\/ozponcho.com.au\/p\/children-rain-poncho-coat\/\",\"name\":\"Kids Waterproof Poncho Jacket | France #1 Poncho Shop\",\"isPartOf\":{\"@id\":\"https:\/\/ozponcho.com.au\/#website\"},\"primaryImageOfPage\":{\"@id\":\"https:\/\/ozponcho.com.au\/p\/children-rain-poncho-coat\/#primaryimage\"},\"image\":{\"@id\":\"https:\/\/ozponcho.com.au\/p\/children-rain-poncho-coat\/#primaryimage\"},\"thumbnailUrl\":\"https:\/\/ozponcho.com.au\/wp-content\/uploads\/2023\/12\/S1c170d2646e34d22a71fe3eb7057aef9I-4.webp\",\"datePublished\":\"2023-12-30T12:21:18+00:00\",\"dateModified\":\"2025-09-29T08:44:16+00:00\",\"description\":\"Looking for a Kids Waterproof Poncho Jacket ? You've come to the right place \ud83d\ude04 We offers a wide selection of Kids Waterproof Poncho Jacket, perfect for you.\",\"breadcrumb\":{\"@id\":\"https:\/\/ozponcho.com.au\/p\/children-rain-poncho-coat\/#breadcrumb\"},\"inLanguage\":\"fr-FR\",\"potentialAction\":[{\"@type\":\"ReadAction\",\"target\":[\"https:\/\/ozponcho.com.au\/p\/children-rain-poncho-coat\/\"]}]},{\"@type\":\"ImageObject\",\"inLanguage\":\"fr-FR\",\"@id\":\"https:\/\/ozponcho.com.au\/p\/children-rain-poncho-coat\/#primaryimage\",\"url\":\"https:\/\/ozponcho.com.au\/wp-content\/uploads\/2023\/12\/S1c170d2646e34d22a71fe3eb7057aef9I-4.webp\",\"contentUrl\":\"https:\/\/ozponcho.com.au\/wp-content\/uploads\/2023\/12\/S1c170d2646e34d22a71fe3eb7057aef9I-4.webp\",\"width\":800,\"height\":800,\"caption\":\"Kids Waterproof Poncho Jacket\"},{\"@type\":\"BreadcrumbList\",\"@id\":\"https:\/\/ozponcho.com.au\/p\/children-rain-poncho-coat\/#breadcrumb\",\"itemListElement\":[{\"@type\":\"ListItem\",\"position\":1,\"name\":\"Home\",\"item\":\"https:\/\/ozponcho.com.au\/\"},{\"@type\":\"ListItem\",\"position\":2,\"name\":\"Shop\",\"item\":\"https:\/\/ozponcho.com.au\/shop\/\"},{\"@type\":\"ListItem\",\"position\":3,\"name\":\"Kids Waterproof Poncho Jacket\"}]},{\"@type\":\"WebSite\",\"@id\":\"https:\/\/ozponcho.com.au\/#website\",\"url\":\"https:\/\/ozponcho.com.au\/\",\"name\":\"OZ Poncho\",\"description\":\"\",\"potentialAction\":[{\"@type\":\"SearchAction\",\"target\":{\"@type\":\"EntryPoint\",\"urlTemplate\":\"https:\/\/ozponcho.com.au\/?s={search_term_string}\"},\"query-input\":{\"@type\":\"PropertyValueSpecification\",\"valueRequired\":true,\"valueName\":\"search_term_string\"}}],\"inLanguage\":\"fr-FR\"}]}<\/script>\n<!-- \/ Yoast SEO plugin. -->","yoast_head_json":{"title":"Veste Poncho Imperm\u00e9able Kids | France #1 Poncho Shop","description":"Vous \u00eates \u00e0 la recherche d'une veste poncho imperm\u00e9able pour enfant ? Vous \u00eates au bon endroit \ud83d\ude04 Nous vous proposons un large choix de Veste Poncho Imperm\u00e9able Enfant, parfait pour vous.","robots":{"index":"index","follow":"follow","max-snippet":"max-snippet:-1","max-image-preview":"max-image-preview:large","max-video-preview":"max-video-preview:-1"},"canonical":"https:\/\/ozponcho.com.au\/fr\/p\/children-rain-poncho-coat\/","og_locale":"fr_FR","og_type":"article","og_title":"Kids Waterproof Poncho Jacket | France #1 Poncho Shop","og_description":"Looking for a Kids Waterproof Poncho Jacket ? You've come to the right place \ud83d\ude04 We offers a wide selection of Kids Waterproof Poncho Jacket, perfect for you.","og_url":"https:\/\/ozponcho.com.au\/fr\/p\/children-rain-poncho-coat\/","og_site_name":"OZ Poncho","article_modified_time":"2025-09-29T08:44:16+00:00","og_image":[{"width":800,"height":800,"url":"https:\/\/ozponcho.com.au\/wp-content\/uploads\/2023\/12\/S1c170d2646e34d22a71fe3eb7057aef9I-4.webp","type":"image\/webp"}],"twitter_card":"summary_large_image","twitter_misc":{"Dur\u00e9e de lecture estim\u00e9e":"1 minute"},"schema":{"@context":"https:\/\/schema.org","@graph":[{"@type":"WebPage","@id":"https:\/\/ozponcho.com.au\/p\/children-rain-poncho-coat\/","url":"https:\/\/ozponcho.com.au\/p\/children-rain-poncho-coat\/","name":"Veste Poncho Imperm\u00e9able Kids | France #1 Poncho Shop","isPartOf":{"@id":"https:\/\/ozponcho.com.au\/#website"},"primaryImageOfPage":{"@id":"https:\/\/ozponcho.com.au\/p\/children-rain-poncho-coat\/#primaryimage"},"image":{"@id":"https:\/\/ozponcho.com.au\/p\/children-rain-poncho-coat\/#primaryimage"},"thumbnailUrl":"https:\/\/ozponcho.com.au\/wp-content\/uploads\/2023\/12\/S1c170d2646e34d22a71fe3eb7057aef9I-4.webp","datePublished":"2023-12-30T12:21:18+00:00","dateModified":"2025-09-29T08:44:16+00:00","description":"Vous \u00eates \u00e0 la recherche d'une veste poncho imperm\u00e9able pour enfant ? Vous \u00eates au bon endroit \ud83d\ude04 Nous vous proposons un large choix de Veste Poncho Imperm\u00e9able Enfant, parfait pour vous.","breadcrumb":{"@id":"https:\/\/ozponcho.com.au\/p\/children-rain-poncho-coat\/#breadcrumb"},"inLanguage":"fr-FR","potentialAction":[{"@type":"ReadAction","target":["https:\/\/ozponcho.com.au\/p\/children-rain-poncho-coat\/"]}]},{"@type":"ImageObject","inLanguage":"fr-FR","@id":"https:\/\/ozponcho.com.au\/p\/children-rain-poncho-coat\/#primaryimage","url":"https:\/\/ozponcho.com.au\/wp-content\/uploads\/2023\/12\/S1c170d2646e34d22a71fe3eb7057aef9I-4.webp","contentUrl":"https:\/\/ozponcho.com.au\/wp-content\/uploads\/2023\/12\/S1c170d2646e34d22a71fe3eb7057aef9I-4.webp","width":800,"height":800,"caption":"Kids Waterproof Poncho Jacket"},{"@type":"BreadcrumbList","@id":"https:\/\/ozponcho.com.au\/p\/children-rain-poncho-coat\/#breadcrumb","itemListElement":[{"@type":"ListItem","position":1,"name":"Home","item":"https:\/\/ozponcho.com.au\/"},{"@type":"ListItem","position":2,"name":"Shop","item":"https:\/\/ozponcho.com.au\/shop\/"},{"@type":"ListItem","position":3,"name":"Kids Waterproof Poncho Jacket"}]},{"@type":"WebSite","@id":"https:\/\/ozponcho.com.au\/#website","url":"https:\/\/ozponcho.com.au\/","name":"Poncho OZ","description":"","potentialAction":[{"@type":"SearchAction","target":{"@type":"EntryPoint","urlTemplate":"https:\/\/ozponcho.com.au\/?s={search_term_string}"},"query-input":{"@type":"PropertyValueSpecification","valueRequired":true,"valueName":"search_term_string"}}],"inLanguage":"fr-FR"}]}},"_links":{"self":[{"href":"https:\/\/ozponcho.com.au\/fr\/wp-json\/wp\/v2\/product\/16725","targetHints":{"allow":["GET"]}}],"collection":[{"href":"https:\/\/ozponcho.com.au\/fr\/wp-json\/wp\/v2\/product"}],"about":[{"href":"https:\/\/ozponcho.com.au\/fr\/wp-json\/wp\/v2\/types\/product"}],"wp:featuredmedia":[{"embeddable":true,"href":"https:\/\/ozponcho.com.au\/fr\/wp-json\/wp\/v2\/media\/16724"}],"wp:attachment":[{"href":"https:\/\/ozponcho.com.au\/fr\/wp-json\/wp\/v2\/media?parent=16725"}],"wp:term":[{"taxonomy":"product_brand","embeddable":true,"href":"https:\/\/ozponcho.com.au\/fr\/wp-json\/wp\/v2\/product_brand?post=16725"},{"taxonomy":"product_cat","embeddable":true,"href":"https:\/\/ozponcho.com.au\/fr\/wp-json\/wp\/v2\/product_cat?post=16725"},{"taxonomy":"product_tag","embeddable":true,"href":"https:\/\/ozponcho.com.au\/fr\/wp-json\/wp\/v2\/product_tag?post=16725"}],"curies":[{"name":"wp","href":"https:\/\/api.w.org\/{rel}","templated":true}]}}