{"id":16650,"date":"2023-12-30T23:19:56","date_gmt":"2023-12-30T12:19:56","guid":{"rendered":"https:\/\/ozponcho.com.au\/?post_type=product&#038;p=16650"},"modified":"2024-03-08T16:26:05","modified_gmt":"2024-03-08T05:26:05","slug":"children-beach-poncho-towel","status":"publish","type":"product","link":"https:\/\/ozponcho.com.au\/fr\/p\/children-beach-poncho-towel\/","title":{"rendered":"Poncho de plage \u00e0 capuche pour enfants"},"content":{"rendered":"<p>Embrace your child&#8217;s summer fun with our vibrant Kids Hooded Beach Poncho! Perfect for drying off after a swim or keeping cosy on the beach, this soft microfiber poncho boasts quick-drying properties and adorable cartoon animal designs. With ample space to move and a secure hood, your little one will love the comfort and the playful patterns. Easy to put on and take off, our poncho ensures your child stays snug, warm, and stylish!<\/p>\n<h2>CARACT\u00c9RISTIQUES TECHNIQUES<\/h2>\n<div>\n<div>Dimension : 60x120cm<\/div>\n<div>Mat\u00e9riaux : Coton peign\u00e9 et microfibre<\/div>\n<\/div>\n<div><img decoding=\"async\" class=\"alignnone size-full wp-image-17310\" src=\"https:\/\/ozponcho.com.au\/wp-content\/uploads\/2023\/12\/kid-surf-poncho-fabric.jpg\" alt=\"\" width=\"917\" height=\"540\" srcset=\"https:\/\/ozponcho.com.au\/wp-content\/uploads\/2023\/12\/kid-surf-poncho-fabric.jpg 917w, https:\/\/ozponcho.com.au\/wp-content\/uploads\/2023\/12\/kid-surf-poncho-fabric-300x177.jpg 300w, https:\/\/ozponcho.com.au\/wp-content\/uploads\/2023\/12\/kid-surf-poncho-fabric-768x452.jpg 768w, https:\/\/ozponcho.com.au\/wp-content\/uploads\/2023\/12\/kid-surf-poncho-fabric-510x300.jpg 510w\" sizes=\"(max-width: 917px) 100vw, 917px\" \/><img decoding=\"async\" class=\"alignnone size-full wp-image-17311\" src=\"https:\/\/ozponcho.com.au\/wp-content\/uploads\/2023\/12\/towel-water-absorb.jpg\" alt=\"\" width=\"802\" height=\"618\" srcset=\"https:\/\/ozponcho.com.au\/wp-content\/uploads\/2023\/12\/towel-water-absorb.jpg 802w, https:\/\/ozponcho.com.au\/wp-content\/uploads\/2023\/12\/towel-water-absorb-300x231.jpg 300w, https:\/\/ozponcho.com.au\/wp-content\/uploads\/2023\/12\/towel-water-absorb-768x592.jpg 768w, https:\/\/ozponcho.com.au\/wp-content\/uploads\/2023\/12\/towel-water-absorb-510x393.jpg 510w\" sizes=\"(max-width: 802px) 100vw, 802px\" \/><\/div>","protected":false},"excerpt":{"rendered":"<p>Embrace your child&#8217;s summer fun with our vibrant Kids Hooded Beach Poncho! Perfect for drying off after a swim or keeping cosy on the beach, this soft microfiber poncho boasts quick-drying properties and adorable cartoon animal designs. With ample space to move and a secure hood, your little one will love the comfort and the [&#8230;]","protected":false},"featured_media":16649,"template":"","meta":[],"product_brand":[],"product_cat":[223,15,212,208],"product_tag":[],"class_list":{"0":"post-16650","1":"product","2":"type-product","3":"status-publish","4":"has-post-thumbnail","6":"product_cat-blue-poncho","7":"product_cat-main-category","8":"product_cat-poncho-kid","9":"product_cat-surf-poncho","11":"first","12":"instock","13":"shipping-taxable","14":"purchasable","15":"product-type-variable"},"yoast_head":"<!-- This site is optimized with the Yoast SEO plugin v25.9 - https:\/\/yoast.com\/wordpress\/plugins\/seo\/ -->\n<title>Kids Hooded Beach Poncho | France #1 Poncho Shop<\/title>\n<meta name=\"description\" content=\"Looking for a Kids Hooded Beach Poncho ? You&#039;ve come to the right place \ud83d\ude04 We offers a wide selection of Kids Hooded Beach Poncho, perfect for you.\" \/>\n<meta name=\"robots\" content=\"index, follow, max-snippet:-1, max-image-preview:large, max-video-preview:-1\" \/>\n<link rel=\"canonical\" href=\"https:\/\/ozponcho.com.au\/fr\/p\/children-beach-poncho-towel\/\" \/>\n<meta property=\"og:locale\" content=\"fr_FR\" \/>\n<meta property=\"og:type\" content=\"article\" \/>\n<meta property=\"og:title\" content=\"Kids Hooded Beach Poncho | France #1 Poncho Shop\" \/>\n<meta property=\"og:description\" content=\"Looking for a Kids Hooded Beach Poncho ? You&#039;ve come to the right place \ud83d\ude04 We offers a wide selection of Kids Hooded Beach Poncho, perfect for you.\" \/>\n<meta property=\"og:url\" content=\"https:\/\/ozponcho.com.au\/fr\/p\/children-beach-poncho-towel\/\" \/>\n<meta property=\"og:site_name\" content=\"OZ Poncho\" \/>\n<meta property=\"article:modified_time\" content=\"2024-03-08T05:26:05+00:00\" \/>\n<meta property=\"og:image\" content=\"https:\/\/ozponcho.com.au\/wp-content\/uploads\/2023\/12\/Se546a3f4fa054b1a9293809b0bbeba26O-4.webp\" \/>\n\t<meta property=\"og:image:width\" content=\"800\" \/>\n\t<meta property=\"og:image:height\" content=\"800\" \/>\n\t<meta property=\"og:image:type\" content=\"image\/webp\" \/>\n<meta name=\"twitter:card\" content=\"summary_large_image\" \/>\n<meta name=\"twitter:label1\" content=\"Dur\u00e9e de lecture estim\u00e9e\" \/>\n\t<meta name=\"twitter:data1\" content=\"1 minute\" \/>\n<script type=\"application\/ld+json\" class=\"yoast-schema-graph\">{\"@context\":\"https:\/\/schema.org\",\"@graph\":[{\"@type\":\"WebPage\",\"@id\":\"https:\/\/ozponcho.com.au\/p\/children-beach-poncho-towel\/\",\"url\":\"https:\/\/ozponcho.com.au\/p\/children-beach-poncho-towel\/\",\"name\":\"Kids Hooded Beach Poncho | France #1 Poncho Shop\",\"isPartOf\":{\"@id\":\"https:\/\/ozponcho.com.au\/#website\"},\"primaryImageOfPage\":{\"@id\":\"https:\/\/ozponcho.com.au\/p\/children-beach-poncho-towel\/#primaryimage\"},\"image\":{\"@id\":\"https:\/\/ozponcho.com.au\/p\/children-beach-poncho-towel\/#primaryimage\"},\"thumbnailUrl\":\"https:\/\/ozponcho.com.au\/wp-content\/uploads\/2023\/12\/Se546a3f4fa054b1a9293809b0bbeba26O-4.webp\",\"datePublished\":\"2023-12-30T12:19:56+00:00\",\"dateModified\":\"2024-03-08T05:26:05+00:00\",\"description\":\"Looking for a Kids Hooded Beach Poncho ? You've come to the right place \ud83d\ude04 We offers a wide selection of Kids Hooded Beach Poncho, perfect for you.\",\"breadcrumb\":{\"@id\":\"https:\/\/ozponcho.com.au\/p\/children-beach-poncho-towel\/#breadcrumb\"},\"inLanguage\":\"fr-FR\",\"potentialAction\":[{\"@type\":\"ReadAction\",\"target\":[\"https:\/\/ozponcho.com.au\/p\/children-beach-poncho-towel\/\"]}]},{\"@type\":\"ImageObject\",\"inLanguage\":\"fr-FR\",\"@id\":\"https:\/\/ozponcho.com.au\/p\/children-beach-poncho-towel\/#primaryimage\",\"url\":\"https:\/\/ozponcho.com.au\/wp-content\/uploads\/2023\/12\/Se546a3f4fa054b1a9293809b0bbeba26O-4.webp\",\"contentUrl\":\"https:\/\/ozponcho.com.au\/wp-content\/uploads\/2023\/12\/Se546a3f4fa054b1a9293809b0bbeba26O-4.webp\",\"width\":800,\"height\":800,\"caption\":\"Kids Hooded Beach Poncho\"},{\"@type\":\"BreadcrumbList\",\"@id\":\"https:\/\/ozponcho.com.au\/p\/children-beach-poncho-towel\/#breadcrumb\",\"itemListElement\":[{\"@type\":\"ListItem\",\"position\":1,\"name\":\"Home\",\"item\":\"https:\/\/ozponcho.com.au\/\"},{\"@type\":\"ListItem\",\"position\":2,\"name\":\"Shop\",\"item\":\"https:\/\/ozponcho.com.au\/shop\/\"},{\"@type\":\"ListItem\",\"position\":3,\"name\":\"Kids Hooded Beach Poncho\"}]},{\"@type\":\"WebSite\",\"@id\":\"https:\/\/ozponcho.com.au\/#website\",\"url\":\"https:\/\/ozponcho.com.au\/\",\"name\":\"OZ Poncho\",\"description\":\"\",\"potentialAction\":[{\"@type\":\"SearchAction\",\"target\":{\"@type\":\"EntryPoint\",\"urlTemplate\":\"https:\/\/ozponcho.com.au\/?s={search_term_string}\"},\"query-input\":{\"@type\":\"PropertyValueSpecification\",\"valueRequired\":true,\"valueName\":\"search_term_string\"}}],\"inLanguage\":\"fr-FR\"}]}<\/script>\n<!-- \/ Yoast SEO plugin. -->","yoast_head_json":{"title":"Poncho de plage \u00e0 capuche pour enfants | France #1 Poncho Shop","description":"Vous \u00eates \u00e0 la recherche d'un Poncho de plage \u00e0 capuche pour enfant ? Vous \u00eates au bon endroit \ud83d\ude04 Nous vous proposons un large choix de Poncho de plage \u00e0 capuche pour enfant, parfait pour vous.","robots":{"index":"index","follow":"follow","max-snippet":"max-snippet:-1","max-image-preview":"max-image-preview:large","max-video-preview":"max-video-preview:-1"},"canonical":"https:\/\/ozponcho.com.au\/fr\/p\/children-beach-poncho-towel\/","og_locale":"fr_FR","og_type":"article","og_title":"Kids Hooded Beach Poncho | France #1 Poncho Shop","og_description":"Looking for a Kids Hooded Beach Poncho ? You've come to the right place \ud83d\ude04 We offers a wide selection of Kids Hooded Beach Poncho, perfect for you.","og_url":"https:\/\/ozponcho.com.au\/fr\/p\/children-beach-poncho-towel\/","og_site_name":"OZ Poncho","article_modified_time":"2024-03-08T05:26:05+00:00","og_image":[{"width":800,"height":800,"url":"https:\/\/ozponcho.com.au\/wp-content\/uploads\/2023\/12\/Se546a3f4fa054b1a9293809b0bbeba26O-4.webp","type":"image\/webp"}],"twitter_card":"summary_large_image","twitter_misc":{"Dur\u00e9e de lecture estim\u00e9e":"1 minute"},"schema":{"@context":"https:\/\/schema.org","@graph":[{"@type":"WebPage","@id":"https:\/\/ozponcho.com.au\/p\/children-beach-poncho-towel\/","url":"https:\/\/ozponcho.com.au\/p\/children-beach-poncho-towel\/","name":"Poncho de plage \u00e0 capuche pour enfants | France #1 Poncho Shop","isPartOf":{"@id":"https:\/\/ozponcho.com.au\/#website"},"primaryImageOfPage":{"@id":"https:\/\/ozponcho.com.au\/p\/children-beach-poncho-towel\/#primaryimage"},"image":{"@id":"https:\/\/ozponcho.com.au\/p\/children-beach-poncho-towel\/#primaryimage"},"thumbnailUrl":"https:\/\/ozponcho.com.au\/wp-content\/uploads\/2023\/12\/Se546a3f4fa054b1a9293809b0bbeba26O-4.webp","datePublished":"2023-12-30T12:19:56+00:00","dateModified":"2024-03-08T05:26:05+00:00","description":"Vous \u00eates \u00e0 la recherche d'un Poncho de plage \u00e0 capuche pour enfant ? Vous \u00eates au bon endroit \ud83d\ude04 Nous vous proposons un large choix de Poncho de plage \u00e0 capuche pour enfant, parfait pour vous.","breadcrumb":{"@id":"https:\/\/ozponcho.com.au\/p\/children-beach-poncho-towel\/#breadcrumb"},"inLanguage":"fr-FR","potentialAction":[{"@type":"ReadAction","target":["https:\/\/ozponcho.com.au\/p\/children-beach-poncho-towel\/"]}]},{"@type":"ImageObject","inLanguage":"fr-FR","@id":"https:\/\/ozponcho.com.au\/p\/children-beach-poncho-towel\/#primaryimage","url":"https:\/\/ozponcho.com.au\/wp-content\/uploads\/2023\/12\/Se546a3f4fa054b1a9293809b0bbeba26O-4.webp","contentUrl":"https:\/\/ozponcho.com.au\/wp-content\/uploads\/2023\/12\/Se546a3f4fa054b1a9293809b0bbeba26O-4.webp","width":800,"height":800,"caption":"Kids Hooded Beach Poncho"},{"@type":"BreadcrumbList","@id":"https:\/\/ozponcho.com.au\/p\/children-beach-poncho-towel\/#breadcrumb","itemListElement":[{"@type":"ListItem","position":1,"name":"Home","item":"https:\/\/ozponcho.com.au\/"},{"@type":"ListItem","position":2,"name":"Shop","item":"https:\/\/ozponcho.com.au\/shop\/"},{"@type":"ListItem","position":3,"name":"Kids Hooded Beach Poncho"}]},{"@type":"WebSite","@id":"https:\/\/ozponcho.com.au\/#website","url":"https:\/\/ozponcho.com.au\/","name":"Poncho OZ","description":"","potentialAction":[{"@type":"SearchAction","target":{"@type":"EntryPoint","urlTemplate":"https:\/\/ozponcho.com.au\/?s={search_term_string}"},"query-input":{"@type":"PropertyValueSpecification","valueRequired":true,"valueName":"search_term_string"}}],"inLanguage":"fr-FR"}]}},"_links":{"self":[{"href":"https:\/\/ozponcho.com.au\/fr\/wp-json\/wp\/v2\/product\/16650","targetHints":{"allow":["GET"]}}],"collection":[{"href":"https:\/\/ozponcho.com.au\/fr\/wp-json\/wp\/v2\/product"}],"about":[{"href":"https:\/\/ozponcho.com.au\/fr\/wp-json\/wp\/v2\/types\/product"}],"wp:featuredmedia":[{"embeddable":true,"href":"https:\/\/ozponcho.com.au\/fr\/wp-json\/wp\/v2\/media\/16649"}],"wp:attachment":[{"href":"https:\/\/ozponcho.com.au\/fr\/wp-json\/wp\/v2\/media?parent=16650"}],"wp:term":[{"taxonomy":"product_brand","embeddable":true,"href":"https:\/\/ozponcho.com.au\/fr\/wp-json\/wp\/v2\/product_brand?post=16650"},{"taxonomy":"product_cat","embeddable":true,"href":"https:\/\/ozponcho.com.au\/fr\/wp-json\/wp\/v2\/product_cat?post=16650"},{"taxonomy":"product_tag","embeddable":true,"href":"https:\/\/ozponcho.com.au\/fr\/wp-json\/wp\/v2\/product_tag?post=16650"}],"curies":[{"name":"wp","href":"https:\/\/api.w.org\/{rel}","templated":true}]}}