{"id":16610,"date":"2023-12-30T23:19:25","date_gmt":"2023-12-30T12:19:25","guid":{"rendered":"https:\/\/ozponcho.com.au\/?post_type=product&#038;p=16610"},"modified":"2025-02-27T08:55:09","modified_gmt":"2025-02-26T21:55:09","slug":"colorful-hooded-beach-coverup","status":"publish","type":"product","link":"https:\/\/ozponcho.com.au\/fr\/p\/couverture-de-plage-a-capuche-coloree\/","title":{"rendered":"Poncho de plage en microfibre vibrante"},"content":{"rendered":"<p>Sortez avec un style accrocheur gr\u00e2ce \u00e0 notre poncho de plage en microfibre vibrante. Parfait pour les amateurs de plage et de festivals, ce poncho allie praticit\u00e9 et personnalit\u00e9. S\u00e8che rapidement et absorbante, la mati\u00e8re microfibre est id\u00e9ale pour les baignades et les douches, et les imprim\u00e9s psych\u00e9d\u00e9liques vifs et personnalisables vous permettront de vous d\u00e9marquer o\u00f9 que vous soyez. Facile \u00e0 plier et l\u00e9ger \u00e0 transporter, c'est un indispensable de l'\u00e9t\u00e9 pour tous ceux qui aiment se faire remarquer. Profitez du confort sans sacrifier le style ; faites v\u00f4tre ce poncho indispensable d\u00e8s aujourd'hui !<\/p>\n<h2>CARACT\u00c9RISTIQUES TECHNIQUES<\/h2>\n<p>Dimensions : Adulte : 75x110cm | Enfant : 65x80cm<\/p>\n<p>Mati\u00e8re : Tissu microfibre<\/p>\n<p>Caract\u00e9ristique : S\u00e9chage rapide<\/p>\n<p><img decoding=\"async\" class=\"alignnone size-full wp-image-17245\" src=\"https:\/\/ozponcho.com.au\/wp-content\/uploads\/2023\/12\/Screenshot-2024-01-18-at-00.21.05.png\" alt=\"\" width=\"1882\" height=\"988\" srcset=\"https:\/\/ozponcho.com.au\/wp-content\/uploads\/2023\/12\/Screenshot-2024-01-18-at-00.21.05.png 1882w, https:\/\/ozponcho.com.au\/wp-content\/uploads\/2023\/12\/Screenshot-2024-01-18-at-00.21.05-1020x535.png 1020w, https:\/\/ozponcho.com.au\/wp-content\/uploads\/2023\/12\/Screenshot-2024-01-18-at-00.21.05-300x157.png 300w, https:\/\/ozponcho.com.au\/wp-content\/uploads\/2023\/12\/Screenshot-2024-01-18-at-00.21.05-1024x538.png 1024w, https:\/\/ozponcho.com.au\/wp-content\/uploads\/2023\/12\/Screenshot-2024-01-18-at-00.21.05-768x403.png 768w, https:\/\/ozponcho.com.au\/wp-content\/uploads\/2023\/12\/Screenshot-2024-01-18-at-00.21.05-1536x806.png 1536w\" sizes=\"(max-width: 1882px) 100vw, 1882px\" \/><\/p>","protected":false},"excerpt":{"rendered":"<p>Step out in eye-catching style with our Vibrant Microfiber Beach Poncho. Perfect for beach-goers and festival lovers alike, this poncho combines practicality with a punch of personality. Quick-drying and absorbent, the microfiber material makes it ideal for swims or showers, and the customizable, vivid psychedelic prints ensure you stand out wherever you are. Easy to [&#8230;]","protected":false},"featured_media":16609,"template":"","meta":[],"product_brand":[],"product_cat":[15,212,208],"product_tag":[],"class_list":{"0":"post-16610","1":"product","2":"type-product","3":"status-publish","4":"has-post-thumbnail","6":"product_cat-main-category","7":"product_cat-poncho-kid","8":"product_cat-surf-poncho","10":"first","11":"instock","12":"shipping-taxable","13":"purchasable","14":"product-type-variable"},"yoast_head":"<!-- This site is optimized with the Yoast SEO plugin v25.9 - https:\/\/yoast.com\/wordpress\/plugins\/seo\/ -->\n<title>Vibrant Microfiber Beach Poncho | France #1 Poncho Shop<\/title>\n<meta name=\"description\" content=\"Looking for a Vibrant Microfiber Beach Poncho ? You&#039;ve come to the right place \ud83d\ude04 We offers a wide selection of Vibrant Microfiber Beach Poncho, perfect for you.\" \/>\n<meta name=\"robots\" content=\"index, follow, max-snippet:-1, max-image-preview:large, max-video-preview:-1\" \/>\n<link rel=\"canonical\" href=\"https:\/\/ozponcho.com.au\/fr\/p\/couverture-de-plage-a-capuche-coloree\/\" \/>\n<meta property=\"og:locale\" content=\"fr_FR\" \/>\n<meta property=\"og:type\" content=\"article\" \/>\n<meta property=\"og:title\" content=\"Vibrant Microfiber Beach Poncho | France #1 Poncho Shop\" \/>\n<meta property=\"og:description\" content=\"Looking for a Vibrant Microfiber Beach Poncho ? You&#039;ve come to the right place \ud83d\ude04 We offers a wide selection of Vibrant Microfiber Beach Poncho, perfect for you.\" \/>\n<meta property=\"og:url\" content=\"https:\/\/ozponcho.com.au\/fr\/p\/couverture-de-plage-a-capuche-coloree\/\" \/>\n<meta property=\"og:site_name\" content=\"OZ Poncho\" \/>\n<meta property=\"article:modified_time\" content=\"2025-02-26T21:55:09+00:00\" \/>\n<meta property=\"og:image\" content=\"https:\/\/ozponcho.com.au\/wp-content\/uploads\/2023\/12\/Ha95f0f75d60d4540bc60e8d373affae7N-4.webp\" \/>\n\t<meta property=\"og:image:width\" content=\"1000\" \/>\n\t<meta property=\"og:image:height\" content=\"1000\" \/>\n\t<meta property=\"og:image:type\" content=\"image\/webp\" \/>\n<meta name=\"twitter:card\" content=\"summary_large_image\" \/>\n<meta name=\"twitter:label1\" content=\"Dur\u00e9e de lecture estim\u00e9e\" \/>\n\t<meta name=\"twitter:data1\" content=\"1 minute\" \/>\n<script type=\"application\/ld+json\" class=\"yoast-schema-graph\">{\"@context\":\"https:\/\/schema.org\",\"@graph\":[{\"@type\":\"WebPage\",\"@id\":\"https:\/\/ozponcho.com.au\/p\/colorful-hooded-beach-coverup\/\",\"url\":\"https:\/\/ozponcho.com.au\/p\/colorful-hooded-beach-coverup\/\",\"name\":\"Vibrant Microfiber Beach Poncho | France #1 Poncho Shop\",\"isPartOf\":{\"@id\":\"https:\/\/ozponcho.com.au\/#website\"},\"primaryImageOfPage\":{\"@id\":\"https:\/\/ozponcho.com.au\/p\/colorful-hooded-beach-coverup\/#primaryimage\"},\"image\":{\"@id\":\"https:\/\/ozponcho.com.au\/p\/colorful-hooded-beach-coverup\/#primaryimage\"},\"thumbnailUrl\":\"https:\/\/ozponcho.com.au\/wp-content\/uploads\/2023\/12\/Ha95f0f75d60d4540bc60e8d373affae7N-4.webp\",\"datePublished\":\"2023-12-30T12:19:25+00:00\",\"dateModified\":\"2025-02-26T21:55:09+00:00\",\"description\":\"Looking for a Vibrant Microfiber Beach Poncho ? You've come to the right place \ud83d\ude04 We offers a wide selection of Vibrant Microfiber Beach Poncho, perfect for you.\",\"breadcrumb\":{\"@id\":\"https:\/\/ozponcho.com.au\/p\/colorful-hooded-beach-coverup\/#breadcrumb\"},\"inLanguage\":\"fr-FR\",\"potentialAction\":[{\"@type\":\"ReadAction\",\"target\":[\"https:\/\/ozponcho.com.au\/p\/colorful-hooded-beach-coverup\/\"]}]},{\"@type\":\"ImageObject\",\"inLanguage\":\"fr-FR\",\"@id\":\"https:\/\/ozponcho.com.au\/p\/colorful-hooded-beach-coverup\/#primaryimage\",\"url\":\"https:\/\/ozponcho.com.au\/wp-content\/uploads\/2023\/12\/Ha95f0f75d60d4540bc60e8d373affae7N-4.webp\",\"contentUrl\":\"https:\/\/ozponcho.com.au\/wp-content\/uploads\/2023\/12\/Ha95f0f75d60d4540bc60e8d373affae7N-4.webp\",\"width\":1000,\"height\":1000,\"caption\":\"Vibrant Microfiber Beach Poncho\"},{\"@type\":\"BreadcrumbList\",\"@id\":\"https:\/\/ozponcho.com.au\/p\/colorful-hooded-beach-coverup\/#breadcrumb\",\"itemListElement\":[{\"@type\":\"ListItem\",\"position\":1,\"name\":\"Home\",\"item\":\"https:\/\/ozponcho.com.au\/\"},{\"@type\":\"ListItem\",\"position\":2,\"name\":\"Shop\",\"item\":\"https:\/\/ozponcho.com.au\/shop\/\"},{\"@type\":\"ListItem\",\"position\":3,\"name\":\"Vibrant Microfiber Beach Poncho\"}]},{\"@type\":\"WebSite\",\"@id\":\"https:\/\/ozponcho.com.au\/#website\",\"url\":\"https:\/\/ozponcho.com.au\/\",\"name\":\"OZ Poncho\",\"description\":\"\",\"potentialAction\":[{\"@type\":\"SearchAction\",\"target\":{\"@type\":\"EntryPoint\",\"urlTemplate\":\"https:\/\/ozponcho.com.au\/?s={search_term_string}\"},\"query-input\":{\"@type\":\"PropertyValueSpecification\",\"valueRequired\":true,\"valueName\":\"search_term_string\"}}],\"inLanguage\":\"fr-FR\"}]}<\/script>\n<!-- \/ Yoast SEO plugin. -->","yoast_head_json":{"title":"Poncho de plage en microfibre vibrante | France #1 Poncho Shop","description":"Vous \u00eates \u00e0 la recherche d'un Poncho de plage en microfibre vibrante ? Vous \u00eates au bon endroit \ud83d\ude04 Nous vous proposons un large choix de Poncho de plage en microfibre vibrante, parfait pour vous.","robots":{"index":"index","follow":"follow","max-snippet":"max-snippet:-1","max-image-preview":"max-image-preview:large","max-video-preview":"max-video-preview:-1"},"canonical":"https:\/\/ozponcho.com.au\/fr\/p\/couverture-de-plage-a-capuche-coloree\/","og_locale":"fr_FR","og_type":"article","og_title":"Vibrant Microfiber Beach Poncho | France #1 Poncho Shop","og_description":"Looking for a Vibrant Microfiber Beach Poncho ? You've come to the right place \ud83d\ude04 We offers a wide selection of Vibrant Microfiber Beach Poncho, perfect for you.","og_url":"https:\/\/ozponcho.com.au\/fr\/p\/couverture-de-plage-a-capuche-coloree\/","og_site_name":"OZ Poncho","article_modified_time":"2025-02-26T21:55:09+00:00","og_image":[{"width":1000,"height":1000,"url":"https:\/\/ozponcho.com.au\/wp-content\/uploads\/2023\/12\/Ha95f0f75d60d4540bc60e8d373affae7N-4.webp","type":"image\/webp"}],"twitter_card":"summary_large_image","twitter_misc":{"Dur\u00e9e de lecture estim\u00e9e":"1 minute"},"schema":{"@context":"https:\/\/schema.org","@graph":[{"@type":"WebPage","@id":"https:\/\/ozponcho.com.au\/p\/colorful-hooded-beach-coverup\/","url":"https:\/\/ozponcho.com.au\/p\/colorful-hooded-beach-coverup\/","name":"Poncho de plage en microfibre vibrante | France #1 Poncho Shop","isPartOf":{"@id":"https:\/\/ozponcho.com.au\/#website"},"primaryImageOfPage":{"@id":"https:\/\/ozponcho.com.au\/p\/colorful-hooded-beach-coverup\/#primaryimage"},"image":{"@id":"https:\/\/ozponcho.com.au\/p\/colorful-hooded-beach-coverup\/#primaryimage"},"thumbnailUrl":"https:\/\/ozponcho.com.au\/wp-content\/uploads\/2023\/12\/Ha95f0f75d60d4540bc60e8d373affae7N-4.webp","datePublished":"2023-12-30T12:19:25+00:00","dateModified":"2025-02-26T21:55:09+00:00","description":"Vous \u00eates \u00e0 la recherche d'un Poncho de plage en microfibre vibrante ? Vous \u00eates au bon endroit \ud83d\ude04 Nous vous proposons un large choix de Poncho de plage en microfibre vibrante, parfait pour vous.","breadcrumb":{"@id":"https:\/\/ozponcho.com.au\/p\/colorful-hooded-beach-coverup\/#breadcrumb"},"inLanguage":"fr-FR","potentialAction":[{"@type":"ReadAction","target":["https:\/\/ozponcho.com.au\/p\/colorful-hooded-beach-coverup\/"]}]},{"@type":"ImageObject","inLanguage":"fr-FR","@id":"https:\/\/ozponcho.com.au\/p\/colorful-hooded-beach-coverup\/#primaryimage","url":"https:\/\/ozponcho.com.au\/wp-content\/uploads\/2023\/12\/Ha95f0f75d60d4540bc60e8d373affae7N-4.webp","contentUrl":"https:\/\/ozponcho.com.au\/wp-content\/uploads\/2023\/12\/Ha95f0f75d60d4540bc60e8d373affae7N-4.webp","width":1000,"height":1000,"caption":"Vibrant Microfiber Beach Poncho"},{"@type":"BreadcrumbList","@id":"https:\/\/ozponcho.com.au\/p\/colorful-hooded-beach-coverup\/#breadcrumb","itemListElement":[{"@type":"ListItem","position":1,"name":"Home","item":"https:\/\/ozponcho.com.au\/"},{"@type":"ListItem","position":2,"name":"Shop","item":"https:\/\/ozponcho.com.au\/shop\/"},{"@type":"ListItem","position":3,"name":"Vibrant Microfiber Beach Poncho"}]},{"@type":"WebSite","@id":"https:\/\/ozponcho.com.au\/#website","url":"https:\/\/ozponcho.com.au\/","name":"Poncho OZ","description":"","potentialAction":[{"@type":"SearchAction","target":{"@type":"EntryPoint","urlTemplate":"https:\/\/ozponcho.com.au\/?s={search_term_string}"},"query-input":{"@type":"PropertyValueSpecification","valueRequired":true,"valueName":"search_term_string"}}],"inLanguage":"fr-FR"}]}},"_links":{"self":[{"href":"https:\/\/ozponcho.com.au\/fr\/wp-json\/wp\/v2\/product\/16610","targetHints":{"allow":["GET"]}}],"collection":[{"href":"https:\/\/ozponcho.com.au\/fr\/wp-json\/wp\/v2\/product"}],"about":[{"href":"https:\/\/ozponcho.com.au\/fr\/wp-json\/wp\/v2\/types\/product"}],"wp:featuredmedia":[{"embeddable":true,"href":"https:\/\/ozponcho.com.au\/fr\/wp-json\/wp\/v2\/media\/16609"}],"wp:attachment":[{"href":"https:\/\/ozponcho.com.au\/fr\/wp-json\/wp\/v2\/media?parent=16610"}],"wp:term":[{"taxonomy":"product_brand","embeddable":true,"href":"https:\/\/ozponcho.com.au\/fr\/wp-json\/wp\/v2\/product_brand?post=16610"},{"taxonomy":"product_cat","embeddable":true,"href":"https:\/\/ozponcho.com.au\/fr\/wp-json\/wp\/v2\/product_cat?post=16610"},{"taxonomy":"product_tag","embeddable":true,"href":"https:\/\/ozponcho.com.au\/fr\/wp-json\/wp\/v2\/product_tag?post=16610"}],"curies":[{"name":"wp","href":"https:\/\/api.w.org\/{rel}","templated":true}]}}