{"id":16161,"date":"2023-12-30T22:39:23","date_gmt":"2023-12-30T11:39:23","guid":{"rendered":"https:\/\/ozponcho.com.au\/?post_type=product&#038;p=16161"},"modified":"2025-07-30T18:06:41","modified_gmt":"2025-07-30T07:06:41","slug":"tribal-style-womens-shawl","status":"publish","type":"product","link":"https:\/\/ozponcho.com.au\/fr\/p\/chale-pour-femmes-de-style-tribal\/","title":{"rendered":"Poncho \u00e0 franges de Boh\u00e8me"},"content":{"rendered":"<p>D\u00e9couvrez l'accessoire d'hiver ultime avec notre poncho \u00e0 franges boh\u00e8me, con\u00e7u sp\u00e9cialement pour les femmes \u00e0 la pointe de la mode. Son m\u00e9lange unique de polyester et d'acrylique offre une chaleur in\u00e9gal\u00e9e sans sacrifier le style. Les motifs tribaux vibrants et les franges rehausseront n'importe quelle tenue, faisant de ce poncho un \u00e9l\u00e9ment de base polyvalent de votre garde-robe. Que vous fassiez du shopping ou que vous vous promeniez en soir\u00e9e, notre poncho facile \u00e0 porter vous gardera bien au chaud tout en faisant tourner les t\u00eates. Pr\u00e9parez-vous \u00e0 vous envelopper de confort et d'\u00e9l\u00e9gance chic avec cette pi\u00e8ce saisonni\u00e8re indispensable.<\/p>\n<h2>CARACT\u00c9RISTIQUES TECHNIQUES<\/h2>\n<p>Nom de marque : WINEBAMBOU<\/p>\n<p>Saison applicable : Hiver<\/p>\n<p>Mat\u00e9riau : Acrylique<\/p>\n<p>Mati\u00e8re : Polyester<\/p>\n<p>Genre : FEMMES<\/p>\n<p>Fonction : D\u00e9corer&nbsp;<\/p>\n<p>Nom du d\u00e9partement : Adultes<\/p>\n<p>Sc\u00e8ne applicable : Faire du shopping<\/p>\n<p>Style : Mode<\/p>\n<p>Type de motif : G\u00e9om\u00e9trique<\/p>\n<p>Longueur de l'\u00e9charpe : 135cm-175cm<\/p>\n<p>Origine : Chine continentale Chine continentale<\/p>\n<p>CN : Zhejiang<\/p>\n<p>Date de sortie : Hiver 2022<\/p>\n<p>Type d'\u00e9charpe : Pashmina<\/p>\n<p>Num\u00e9ro de mod\u00e8le : YG085<\/p>\n<p>Type d'article : Foulards<\/p>\n<p>Lieu d'origine : Chine (Mainland)<\/p>\n<div>\n<div>\n<p>A mes amis qui visitent mon magasin :<\/p>\n<p><strong>Nom du style :&nbsp;<\/strong>Grandes \u00e9charpes \u00e9charpe hiver poncho cachemire femmes Ch\u00e2les Boh\u00e8me Tribal Frange Hoodies couvertures Cape ch\u00e2le Ponchos et capes YG085<\/p>\n<p><strong>Taille :&nbsp;<\/strong>130*150 cm (marge d'erreur 1-3cm)<\/p>\n<p><strong>Poids :<\/strong>&nbsp;environ 500 g (le poids est diff\u00e9rent du poids sur le march\u00e9)<\/p>\n<p><strong>Mat\u00e9riau :&nbsp;<\/strong>50% polyester+50% acrlic<\/p>\n<p>J'esp\u00e8re que vous ferez un bon voyage<\/p>\n<p><img decoding=\"async\" src=\"https:\/\/ozponcho.com.au\/wp-content\/uploads\/2024\/03\/S516ded10f7904b1aa99eba335d916157m.webp\" \/><img decoding=\"async\" src=\"https:\/\/ozponcho.com.au\/wp-content\/uploads\/2024\/03\/S07efe052607b4dda82b38cf92dd87cc95.webp\" \/><img decoding=\"async\" src=\"https:\/\/ozponcho.com.au\/wp-content\/uploads\/2024\/03\/S653fe5329bdc44a980bc84cc2364e12f9.webp\" \/><img decoding=\"async\" src=\"https:\/\/ozponcho.com.au\/wp-content\/uploads\/2024\/03\/S1ff9e50b91214e7fa973cfbe7b4df6213.webp\" \/><img decoding=\"async\" src=\"https:\/\/ozponcho.com.au\/wp-content\/uploads\/2024\/03\/Sf2facdc4988a42289f2ce37832db9682V.webp\" \/><img decoding=\"async\" src=\"https:\/\/ozponcho.com.au\/wp-content\/uploads\/2024\/03\/S8922db4198e64db290235ec3861740a4c.webp\" \/><img decoding=\"async\" src=\"https:\/\/ozponcho.com.au\/wp-content\/uploads\/2024\/03\/Sc1ed1bf897404d2daba9378ba038ead7r.webp\" \/><img decoding=\"async\" src=\"https:\/\/ozponcho.com.au\/wp-content\/uploads\/2024\/03\/Sd4f897279ba94daba5c57ca9be544213J.webp\" \/><\/p>\n<\/p><\/div>\n<\/p><\/div>","protected":false},"excerpt":{"rendered":"<p>Discover the ultimate winter accessory with our Bohemian Fringe Poncho, designed especially for fashion-forward women. Its unique blend of polyester and acrylic provides unmatched warmth without sacrificing style. The vibrant tribal patterns and fringe detailing will elevate any outfit, making this poncho a versatile staple for your wardrobe. Whether you&#8217;re out shopping or enjoying an [&#8230;]","protected":false},"featured_media":16151,"template":"","meta":[],"product_brand":[],"product_cat":[219,229,226,15,210,215],"product_tag":[],"class_list":{"0":"post-16161","1":"product","2":"type-product","3":"status-publish","4":"has-post-thumbnail","6":"product_cat-black-poncho","7":"product_cat-blanket-poncho","8":"product_cat-brown-poncho","9":"product_cat-main-category","10":"product_cat-poncho-women","11":"product_cat-wool-poncho","13":"first","14":"instock","15":"shipping-taxable","16":"purchasable","17":"product-type-variable"},"yoast_head":"<!-- This site is optimized with the Yoast SEO plugin v25.9 - https:\/\/yoast.com\/wordpress\/plugins\/seo\/ -->\n<title>Bohemian Fringe Poncho | France #1 Poncho Shop<\/title>\n<meta name=\"description\" content=\"Looking for a Bohemian Fringe Poncho ? You&#039;ve come to the right place \ud83d\ude04 We offers a wide selection of Bohemian Fringe Poncho, perfect for you.\" \/>\n<meta name=\"robots\" content=\"index, follow, max-snippet:-1, max-image-preview:large, max-video-preview:-1\" \/>\n<link rel=\"canonical\" href=\"https:\/\/ozponcho.com.au\/fr\/p\/chale-pour-femmes-de-style-tribal\/\" \/>\n<meta property=\"og:locale\" content=\"fr_FR\" \/>\n<meta property=\"og:type\" content=\"article\" \/>\n<meta property=\"og:title\" content=\"Bohemian Fringe Poncho | France #1 Poncho Shop\" \/>\n<meta property=\"og:description\" content=\"Looking for a Bohemian Fringe Poncho ? You&#039;ve come to the right place \ud83d\ude04 We offers a wide selection of Bohemian Fringe Poncho, perfect for you.\" \/>\n<meta property=\"og:url\" content=\"https:\/\/ozponcho.com.au\/fr\/p\/chale-pour-femmes-de-style-tribal\/\" \/>\n<meta property=\"og:site_name\" content=\"OZ Poncho\" \/>\n<meta property=\"article:modified_time\" content=\"2025-07-30T07:06:41+00:00\" \/>\n<meta property=\"og:image\" content=\"https:\/\/ozponcho.com.au\/wp-content\/uploads\/2023\/12\/HTB1NCXwQVXXXXXqXXXXq6xXFXXXs-1.webp\" \/>\n\t<meta property=\"og:image:width\" content=\"800\" \/>\n\t<meta property=\"og:image:height\" content=\"800\" \/>\n\t<meta property=\"og:image:type\" content=\"image\/webp\" \/>\n<meta name=\"twitter:card\" content=\"summary_large_image\" \/>\n<meta name=\"twitter:label1\" content=\"Dur\u00e9e de lecture estim\u00e9e\" \/>\n\t<meta name=\"twitter:data1\" content=\"1 minute\" \/>\n<script type=\"application\/ld+json\" class=\"yoast-schema-graph\">{\"@context\":\"https:\/\/schema.org\",\"@graph\":[{\"@type\":\"WebPage\",\"@id\":\"https:\/\/ozponcho.com.au\/p\/tribal-style-womens-shawl\/\",\"url\":\"https:\/\/ozponcho.com.au\/p\/tribal-style-womens-shawl\/\",\"name\":\"Bohemian Fringe Poncho | France #1 Poncho Shop\",\"isPartOf\":{\"@id\":\"https:\/\/ozponcho.com.au\/#website\"},\"primaryImageOfPage\":{\"@id\":\"https:\/\/ozponcho.com.au\/p\/tribal-style-womens-shawl\/#primaryimage\"},\"image\":{\"@id\":\"https:\/\/ozponcho.com.au\/p\/tribal-style-womens-shawl\/#primaryimage\"},\"thumbnailUrl\":\"https:\/\/ozponcho.com.au\/wp-content\/uploads\/2023\/12\/HTB1NCXwQVXXXXXqXXXXq6xXFXXXs-1.webp\",\"datePublished\":\"2023-12-30T11:39:23+00:00\",\"dateModified\":\"2025-07-30T07:06:41+00:00\",\"description\":\"Looking for a Bohemian Fringe Poncho ? You've come to the right place \ud83d\ude04 We offers a wide selection of Bohemian Fringe Poncho, perfect for you.\",\"breadcrumb\":{\"@id\":\"https:\/\/ozponcho.com.au\/p\/tribal-style-womens-shawl\/#breadcrumb\"},\"inLanguage\":\"fr-FR\",\"potentialAction\":[{\"@type\":\"ReadAction\",\"target\":[\"https:\/\/ozponcho.com.au\/p\/tribal-style-womens-shawl\/\"]}]},{\"@type\":\"ImageObject\",\"inLanguage\":\"fr-FR\",\"@id\":\"https:\/\/ozponcho.com.au\/p\/tribal-style-womens-shawl\/#primaryimage\",\"url\":\"https:\/\/ozponcho.com.au\/wp-content\/uploads\/2023\/12\/HTB1NCXwQVXXXXXqXXXXq6xXFXXXs-1.webp\",\"contentUrl\":\"https:\/\/ozponcho.com.au\/wp-content\/uploads\/2023\/12\/HTB1NCXwQVXXXXXqXXXXq6xXFXXXs-1.webp\",\"width\":800,\"height\":800,\"caption\":\"Bohemian Fringe Poncho\"},{\"@type\":\"BreadcrumbList\",\"@id\":\"https:\/\/ozponcho.com.au\/p\/tribal-style-womens-shawl\/#breadcrumb\",\"itemListElement\":[{\"@type\":\"ListItem\",\"position\":1,\"name\":\"Home\",\"item\":\"https:\/\/ozponcho.com.au\/\"},{\"@type\":\"ListItem\",\"position\":2,\"name\":\"Shop\",\"item\":\"https:\/\/ozponcho.com.au\/shop\/\"},{\"@type\":\"ListItem\",\"position\":3,\"name\":\"Bohemian Fringe Poncho\"}]},{\"@type\":\"WebSite\",\"@id\":\"https:\/\/ozponcho.com.au\/#website\",\"url\":\"https:\/\/ozponcho.com.au\/\",\"name\":\"OZ Poncho\",\"description\":\"\",\"potentialAction\":[{\"@type\":\"SearchAction\",\"target\":{\"@type\":\"EntryPoint\",\"urlTemplate\":\"https:\/\/ozponcho.com.au\/?s={search_term_string}\"},\"query-input\":{\"@type\":\"PropertyValueSpecification\",\"valueRequired\":true,\"valueName\":\"search_term_string\"}}],\"inLanguage\":\"fr-FR\"}]}<\/script>\n<!-- \/ Yoast SEO plugin. -->","yoast_head_json":{"title":"Poncho Frange Boh\u00e8me | France #1 Poncho Shop","description":"Vous \u00eates \u00e0 la recherche d'un Poncho Frange Boh\u00e8me ? Vous \u00eates au bon endroit \ud83d\ude04 Nous vous proposons une large s\u00e9lection de Poncho Frange Boh\u00e8me, parfait pour vous.","robots":{"index":"index","follow":"follow","max-snippet":"max-snippet:-1","max-image-preview":"max-image-preview:large","max-video-preview":"max-video-preview:-1"},"canonical":"https:\/\/ozponcho.com.au\/fr\/p\/chale-pour-femmes-de-style-tribal\/","og_locale":"fr_FR","og_type":"article","og_title":"Bohemian Fringe Poncho | France #1 Poncho Shop","og_description":"Looking for a Bohemian Fringe Poncho ? You've come to the right place \ud83d\ude04 We offers a wide selection of Bohemian Fringe Poncho, perfect for you.","og_url":"https:\/\/ozponcho.com.au\/fr\/p\/chale-pour-femmes-de-style-tribal\/","og_site_name":"OZ Poncho","article_modified_time":"2025-07-30T07:06:41+00:00","og_image":[{"width":800,"height":800,"url":"https:\/\/ozponcho.com.au\/wp-content\/uploads\/2023\/12\/HTB1NCXwQVXXXXXqXXXXq6xXFXXXs-1.webp","type":"image\/webp"}],"twitter_card":"summary_large_image","twitter_misc":{"Dur\u00e9e de lecture estim\u00e9e":"1 minute"},"schema":{"@context":"https:\/\/schema.org","@graph":[{"@type":"WebPage","@id":"https:\/\/ozponcho.com.au\/p\/tribal-style-womens-shawl\/","url":"https:\/\/ozponcho.com.au\/p\/tribal-style-womens-shawl\/","name":"Poncho Frange Boh\u00e8me | France #1 Poncho Shop","isPartOf":{"@id":"https:\/\/ozponcho.com.au\/#website"},"primaryImageOfPage":{"@id":"https:\/\/ozponcho.com.au\/p\/tribal-style-womens-shawl\/#primaryimage"},"image":{"@id":"https:\/\/ozponcho.com.au\/p\/tribal-style-womens-shawl\/#primaryimage"},"thumbnailUrl":"https:\/\/ozponcho.com.au\/wp-content\/uploads\/2023\/12\/HTB1NCXwQVXXXXXqXXXXq6xXFXXXs-1.webp","datePublished":"2023-12-30T11:39:23+00:00","dateModified":"2025-07-30T07:06:41+00:00","description":"Vous \u00eates \u00e0 la recherche d'un Poncho Frange Boh\u00e8me ? Vous \u00eates au bon endroit \ud83d\ude04 Nous vous proposons une large s\u00e9lection de Poncho Frange Boh\u00e8me, parfait pour vous.","breadcrumb":{"@id":"https:\/\/ozponcho.com.au\/p\/tribal-style-womens-shawl\/#breadcrumb"},"inLanguage":"fr-FR","potentialAction":[{"@type":"ReadAction","target":["https:\/\/ozponcho.com.au\/p\/tribal-style-womens-shawl\/"]}]},{"@type":"ImageObject","inLanguage":"fr-FR","@id":"https:\/\/ozponcho.com.au\/p\/tribal-style-womens-shawl\/#primaryimage","url":"https:\/\/ozponcho.com.au\/wp-content\/uploads\/2023\/12\/HTB1NCXwQVXXXXXqXXXXq6xXFXXXs-1.webp","contentUrl":"https:\/\/ozponcho.com.au\/wp-content\/uploads\/2023\/12\/HTB1NCXwQVXXXXXqXXXXq6xXFXXXs-1.webp","width":800,"height":800,"caption":"Bohemian Fringe Poncho"},{"@type":"BreadcrumbList","@id":"https:\/\/ozponcho.com.au\/p\/tribal-style-womens-shawl\/#breadcrumb","itemListElement":[{"@type":"ListItem","position":1,"name":"Home","item":"https:\/\/ozponcho.com.au\/"},{"@type":"ListItem","position":2,"name":"Shop","item":"https:\/\/ozponcho.com.au\/shop\/"},{"@type":"ListItem","position":3,"name":"Bohemian Fringe Poncho"}]},{"@type":"WebSite","@id":"https:\/\/ozponcho.com.au\/#website","url":"https:\/\/ozponcho.com.au\/","name":"Poncho OZ","description":"","potentialAction":[{"@type":"SearchAction","target":{"@type":"EntryPoint","urlTemplate":"https:\/\/ozponcho.com.au\/?s={search_term_string}"},"query-input":{"@type":"PropertyValueSpecification","valueRequired":true,"valueName":"search_term_string"}}],"inLanguage":"fr-FR"}]}},"_links":{"self":[{"href":"https:\/\/ozponcho.com.au\/fr\/wp-json\/wp\/v2\/product\/16161","targetHints":{"allow":["GET"]}}],"collection":[{"href":"https:\/\/ozponcho.com.au\/fr\/wp-json\/wp\/v2\/product"}],"about":[{"href":"https:\/\/ozponcho.com.au\/fr\/wp-json\/wp\/v2\/types\/product"}],"wp:featuredmedia":[{"embeddable":true,"href":"https:\/\/ozponcho.com.au\/fr\/wp-json\/wp\/v2\/media\/16151"}],"wp:attachment":[{"href":"https:\/\/ozponcho.com.au\/fr\/wp-json\/wp\/v2\/media?parent=16161"}],"wp:term":[{"taxonomy":"product_brand","embeddable":true,"href":"https:\/\/ozponcho.com.au\/fr\/wp-json\/wp\/v2\/product_brand?post=16161"},{"taxonomy":"product_cat","embeddable":true,"href":"https:\/\/ozponcho.com.au\/fr\/wp-json\/wp\/v2\/product_cat?post=16161"},{"taxonomy":"product_tag","embeddable":true,"href":"https:\/\/ozponcho.com.au\/fr\/wp-json\/wp\/v2\/product_tag?post=16161"}],"curies":[{"name":"wp","href":"https:\/\/api.w.org\/{rel}","templated":true}]}}