{"id":15032,"date":"2023-12-30T22:19:28","date_gmt":"2023-12-30T11:19:28","guid":{"rendered":"https:\/\/ozponcho.com.au\/?post_type=product&#038;p=15032"},"modified":"2024-03-08T16:26:49","modified_gmt":"2024-03-08T05:26:49","slug":"child-winter-cozy-cape","status":"publish","type":"product","link":"https:\/\/ozponcho.com.au\/fr\/p\/cape-dhiver-pour-enfant\/","title":{"rendered":"Poncho \u00e0 capuche rose b\u00e9b\u00e9"},"content":{"rendered":"<p>Enveloppez votre petit dans l'\u00e9treinte de notre poncho \u00e0 capuche rose pastel. Con\u00e7u avec amour pour les enfants de 0 \u00e0 4 ans, ce manteau en peluche et en polyester permet \u00e0 votre enfant de rester au chaud pendant l'hiver. Les adorables oreilles d'animaux sur la capuche ajoutent une touche de fantaisie, tandis que la conception sans manches offre confort et libert\u00e9 de mouvement aux tout-petits actifs. La fermeture \u00e0 bouton au niveau du cou permet de garder la cape bien en place. Parfait pour les promenades hivernales ou les aventures dans la cour de r\u00e9cr\u00e9ation, ce poncho est un ajout indispensable \u00e0 la garde-robe de votre b\u00e9b\u00e9, qui allie confort et style.<\/p>\n<h2>CARACT\u00c9RISTIQUES TECHNIQUES<\/h2>\n<p>Nom de marque : DIANRUO<\/p>\n<p>Style : Style Angleterre<\/p>\n<p>Origine : Chine continentale Chine continentale<\/p>\n<p>CN : Guangdong<\/p>\n<p>Mati\u00e8re : Polyester<\/p>\n<p>Gamme d'\u00e2ge : 0-6m<\/p>\n<p>Gamme d'\u00e2ge : 7-12m<\/p>\n<p>Tranche d'\u00e2ge : 13-24m<\/p>\n<p>Tranche d'\u00e2ge : 25-36m<\/p>\n<p>Gamme d'\u00e2ge : 4-6y<\/p>\n<p>Genre : b\u00e9b\u00e9 unisexe<\/p>\n<p>Nom du d\u00e9partement : B\u00e9b\u00e9<\/p>\n<p>Col : \u00e0 capuche<\/p>\n<p>Style de manche : R\u00e9guli\u00e8res<\/p>\n<p>Num\u00e9ro de mod\u00e8le : PDD<\/p>\n<p>Type de tissu : \u00c9ponge<\/p>\n<p>Type de motif : Solide<\/p>\n<p>Longueur des manches (cm) : Courtes<\/p>\n<p>Taille : Conforme \u00e0 la taille<\/p>","protected":false},"excerpt":{"rendered":"<p>Wrap your little one in the embrace of our pastel pink, hooded baby poncho. Designed with love for the 0-4T age range, this plush, polyester coat ensures your child stays warm during the chill of winter. Adorable animal ears on the hood add a touch of whimsy, while the sleeveless design offers comfort and freedom [&#8230;]","protected":false},"featured_media":15023,"template":"","meta":[],"product_brand":[],"product_cat":[15,222,213],"product_tag":[],"class_list":{"0":"post-15032","1":"product","2":"type-product","3":"status-publish","4":"has-post-thumbnail","6":"product_cat-main-category","7":"product_cat-pink-poncho","8":"product_cat-poncho-baby","10":"first","11":"instock","12":"shipping-taxable","13":"purchasable","14":"product-type-variable"},"yoast_head":"<!-- This site is optimized with the Yoast SEO plugin v25.9 - https:\/\/yoast.com\/wordpress\/plugins\/seo\/ -->\n<title>Baby Pink Hooded Poncho | France #1 Poncho Shop<\/title>\n<meta name=\"description\" content=\"Looking for a Baby Pink Hooded Poncho ? You&#039;ve come to the right place \ud83d\ude04 We offers a wide selection of Baby Pink Hooded Poncho, perfect for you.\" \/>\n<meta name=\"robots\" content=\"index, follow, max-snippet:-1, max-image-preview:large, max-video-preview:-1\" \/>\n<link rel=\"canonical\" href=\"https:\/\/ozponcho.com.au\/fr\/p\/cape-dhiver-pour-enfant\/\" \/>\n<meta property=\"og:locale\" content=\"fr_FR\" \/>\n<meta property=\"og:type\" content=\"article\" \/>\n<meta property=\"og:title\" content=\"Baby Pink Hooded Poncho | France #1 Poncho Shop\" \/>\n<meta property=\"og:description\" content=\"Looking for a Baby Pink Hooded Poncho ? You&#039;ve come to the right place \ud83d\ude04 We offers a wide selection of Baby Pink Hooded Poncho, perfect for you.\" \/>\n<meta property=\"og:url\" content=\"https:\/\/ozponcho.com.au\/fr\/p\/cape-dhiver-pour-enfant\/\" \/>\n<meta property=\"og:site_name\" content=\"OZ Poncho\" \/>\n<meta property=\"article:modified_time\" content=\"2024-03-08T05:26:49+00:00\" \/>\n<meta property=\"og:image\" content=\"https:\/\/ozponcho.com.au\/wp-content\/uploads\/2023\/12\/S94a0c377fa1845c39736d2281834383aq.webp\" \/>\n\t<meta property=\"og:image:width\" content=\"1375\" \/>\n\t<meta property=\"og:image:height\" content=\"1375\" \/>\n\t<meta property=\"og:image:type\" content=\"image\/webp\" \/>\n<meta name=\"twitter:card\" content=\"summary_large_image\" \/>\n<meta name=\"twitter:label1\" content=\"Dur\u00e9e de lecture estim\u00e9e\" \/>\n\t<meta name=\"twitter:data1\" content=\"1 minute\" \/>\n<script type=\"application\/ld+json\" class=\"yoast-schema-graph\">{\"@context\":\"https:\/\/schema.org\",\"@graph\":[{\"@type\":\"WebPage\",\"@id\":\"https:\/\/ozponcho.com.au\/p\/child-winter-cozy-cape\/\",\"url\":\"https:\/\/ozponcho.com.au\/p\/child-winter-cozy-cape\/\",\"name\":\"Baby Pink Hooded Poncho | France #1 Poncho Shop\",\"isPartOf\":{\"@id\":\"https:\/\/ozponcho.com.au\/#website\"},\"primaryImageOfPage\":{\"@id\":\"https:\/\/ozponcho.com.au\/p\/child-winter-cozy-cape\/#primaryimage\"},\"image\":{\"@id\":\"https:\/\/ozponcho.com.au\/p\/child-winter-cozy-cape\/#primaryimage\"},\"thumbnailUrl\":\"https:\/\/ozponcho.com.au\/wp-content\/uploads\/2023\/12\/S94a0c377fa1845c39736d2281834383aq.webp\",\"datePublished\":\"2023-12-30T11:19:28+00:00\",\"dateModified\":\"2024-03-08T05:26:49+00:00\",\"description\":\"Looking for a Baby Pink Hooded Poncho ? You've come to the right place \ud83d\ude04 We offers a wide selection of Baby Pink Hooded Poncho, perfect for you.\",\"breadcrumb\":{\"@id\":\"https:\/\/ozponcho.com.au\/p\/child-winter-cozy-cape\/#breadcrumb\"},\"inLanguage\":\"fr-FR\",\"potentialAction\":[{\"@type\":\"ReadAction\",\"target\":[\"https:\/\/ozponcho.com.au\/p\/child-winter-cozy-cape\/\"]}]},{\"@type\":\"ImageObject\",\"inLanguage\":\"fr-FR\",\"@id\":\"https:\/\/ozponcho.com.au\/p\/child-winter-cozy-cape\/#primaryimage\",\"url\":\"https:\/\/ozponcho.com.au\/wp-content\/uploads\/2023\/12\/S94a0c377fa1845c39736d2281834383aq.webp\",\"contentUrl\":\"https:\/\/ozponcho.com.au\/wp-content\/uploads\/2023\/12\/S94a0c377fa1845c39736d2281834383aq.webp\",\"width\":1375,\"height\":1375,\"caption\":\"Baby Pink Hooded Poncho\"},{\"@type\":\"BreadcrumbList\",\"@id\":\"https:\/\/ozponcho.com.au\/p\/child-winter-cozy-cape\/#breadcrumb\",\"itemListElement\":[{\"@type\":\"ListItem\",\"position\":1,\"name\":\"Home\",\"item\":\"https:\/\/ozponcho.com.au\/\"},{\"@type\":\"ListItem\",\"position\":2,\"name\":\"Shop\",\"item\":\"https:\/\/ozponcho.com.au\/shop\/\"},{\"@type\":\"ListItem\",\"position\":3,\"name\":\"Baby Pink Hooded Poncho\"}]},{\"@type\":\"WebSite\",\"@id\":\"https:\/\/ozponcho.com.au\/#website\",\"url\":\"https:\/\/ozponcho.com.au\/\",\"name\":\"OZ Poncho\",\"description\":\"\",\"potentialAction\":[{\"@type\":\"SearchAction\",\"target\":{\"@type\":\"EntryPoint\",\"urlTemplate\":\"https:\/\/ozponcho.com.au\/?s={search_term_string}\"},\"query-input\":{\"@type\":\"PropertyValueSpecification\",\"valueRequired\":true,\"valueName\":\"search_term_string\"}}],\"inLanguage\":\"fr-FR\"}]}<\/script>\n<!-- \/ Yoast SEO plugin. -->","yoast_head_json":{"title":"Poncho \u00e0 capuche rose b\u00e9b\u00e9 | France #1 Poncho Shop","description":"Vous \u00eates \u00e0 la recherche d'un Poncho \u00e0 capuche rose b\u00e9b\u00e9 ? Vous \u00eates au bon endroit \ud83d\ude04 Nous vous proposons un large choix de Poncho \u00e0 capuche rose b\u00e9b\u00e9, parfait pour vous.","robots":{"index":"index","follow":"follow","max-snippet":"max-snippet:-1","max-image-preview":"max-image-preview:large","max-video-preview":"max-video-preview:-1"},"canonical":"https:\/\/ozponcho.com.au\/fr\/p\/cape-dhiver-pour-enfant\/","og_locale":"fr_FR","og_type":"article","og_title":"Baby Pink Hooded Poncho | France #1 Poncho Shop","og_description":"Looking for a Baby Pink Hooded Poncho ? You've come to the right place \ud83d\ude04 We offers a wide selection of Baby Pink Hooded Poncho, perfect for you.","og_url":"https:\/\/ozponcho.com.au\/fr\/p\/cape-dhiver-pour-enfant\/","og_site_name":"OZ Poncho","article_modified_time":"2024-03-08T05:26:49+00:00","og_image":[{"width":1375,"height":1375,"url":"https:\/\/ozponcho.com.au\/wp-content\/uploads\/2023\/12\/S94a0c377fa1845c39736d2281834383aq.webp","type":"image\/webp"}],"twitter_card":"summary_large_image","twitter_misc":{"Dur\u00e9e de lecture estim\u00e9e":"1 minute"},"schema":{"@context":"https:\/\/schema.org","@graph":[{"@type":"WebPage","@id":"https:\/\/ozponcho.com.au\/p\/child-winter-cozy-cape\/","url":"https:\/\/ozponcho.com.au\/p\/child-winter-cozy-cape\/","name":"Poncho \u00e0 capuche rose b\u00e9b\u00e9 | France #1 Poncho Shop","isPartOf":{"@id":"https:\/\/ozponcho.com.au\/#website"},"primaryImageOfPage":{"@id":"https:\/\/ozponcho.com.au\/p\/child-winter-cozy-cape\/#primaryimage"},"image":{"@id":"https:\/\/ozponcho.com.au\/p\/child-winter-cozy-cape\/#primaryimage"},"thumbnailUrl":"https:\/\/ozponcho.com.au\/wp-content\/uploads\/2023\/12\/S94a0c377fa1845c39736d2281834383aq.webp","datePublished":"2023-12-30T11:19:28+00:00","dateModified":"2024-03-08T05:26:49+00:00","description":"Vous \u00eates \u00e0 la recherche d'un Poncho \u00e0 capuche rose b\u00e9b\u00e9 ? Vous \u00eates au bon endroit \ud83d\ude04 Nous vous proposons un large choix de Poncho \u00e0 capuche rose b\u00e9b\u00e9, parfait pour vous.","breadcrumb":{"@id":"https:\/\/ozponcho.com.au\/p\/child-winter-cozy-cape\/#breadcrumb"},"inLanguage":"fr-FR","potentialAction":[{"@type":"ReadAction","target":["https:\/\/ozponcho.com.au\/p\/child-winter-cozy-cape\/"]}]},{"@type":"ImageObject","inLanguage":"fr-FR","@id":"https:\/\/ozponcho.com.au\/p\/child-winter-cozy-cape\/#primaryimage","url":"https:\/\/ozponcho.com.au\/wp-content\/uploads\/2023\/12\/S94a0c377fa1845c39736d2281834383aq.webp","contentUrl":"https:\/\/ozponcho.com.au\/wp-content\/uploads\/2023\/12\/S94a0c377fa1845c39736d2281834383aq.webp","width":1375,"height":1375,"caption":"Baby Pink Hooded Poncho"},{"@type":"BreadcrumbList","@id":"https:\/\/ozponcho.com.au\/p\/child-winter-cozy-cape\/#breadcrumb","itemListElement":[{"@type":"ListItem","position":1,"name":"Home","item":"https:\/\/ozponcho.com.au\/"},{"@type":"ListItem","position":2,"name":"Shop","item":"https:\/\/ozponcho.com.au\/shop\/"},{"@type":"ListItem","position":3,"name":"Baby Pink Hooded Poncho"}]},{"@type":"WebSite","@id":"https:\/\/ozponcho.com.au\/#website","url":"https:\/\/ozponcho.com.au\/","name":"Poncho OZ","description":"","potentialAction":[{"@type":"SearchAction","target":{"@type":"EntryPoint","urlTemplate":"https:\/\/ozponcho.com.au\/?s={search_term_string}"},"query-input":{"@type":"PropertyValueSpecification","valueRequired":true,"valueName":"search_term_string"}}],"inLanguage":"fr-FR"}]}},"_links":{"self":[{"href":"https:\/\/ozponcho.com.au\/fr\/wp-json\/wp\/v2\/product\/15032","targetHints":{"allow":["GET"]}}],"collection":[{"href":"https:\/\/ozponcho.com.au\/fr\/wp-json\/wp\/v2\/product"}],"about":[{"href":"https:\/\/ozponcho.com.au\/fr\/wp-json\/wp\/v2\/types\/product"}],"wp:featuredmedia":[{"embeddable":true,"href":"https:\/\/ozponcho.com.au\/fr\/wp-json\/wp\/v2\/media\/15023"}],"wp:attachment":[{"href":"https:\/\/ozponcho.com.au\/fr\/wp-json\/wp\/v2\/media?parent=15032"}],"wp:term":[{"taxonomy":"product_brand","embeddable":true,"href":"https:\/\/ozponcho.com.au\/fr\/wp-json\/wp\/v2\/product_brand?post=15032"},{"taxonomy":"product_cat","embeddable":true,"href":"https:\/\/ozponcho.com.au\/fr\/wp-json\/wp\/v2\/product_cat?post=15032"},{"taxonomy":"product_tag","embeddable":true,"href":"https:\/\/ozponcho.com.au\/fr\/wp-json\/wp\/v2\/product_tag?post=15032"}],"curies":[{"name":"wp","href":"https:\/\/api.w.org\/{rel}","templated":true}]}}