{"id":15005,"date":"2023-12-30T22:19:05","date_gmt":"2023-12-30T11:19:05","guid":{"rendered":"https:\/\/ozponcho.com.au\/?post_type=product&#038;p=15005"},"modified":"2024-03-08T16:26:49","modified_gmt":"2024-03-08T05:26:49","slug":"cozy-childrens-beach-poncho","status":"publish","type":"product","link":"https:\/\/ozponcho.com.au\/fr\/p\/poncho-de-plage-pour-enfants\/","title":{"rendered":"Serviette de bain Poncho \u00e0 capuche pour enfants"},"content":{"rendered":"<p>Enveloppez votre petit dans le confort avec cette serviette poncho \u00e0 capuche pour enfants. Parfaite pour le r\u00e9confort apr\u00e8s le bain, les sorties \u00e0 la plage ou au bord de la piscine, elle est fabriqu\u00e9e en microfibre ultra-douce pour s\u00e9cher en douceur la peau d\u00e9licate. Les adorables motifs vibrants - des licornes aux cr\u00e9atures marines - stimulent l'imagination des enfants et font de l'heure du bain ou de la baignade une aventure. Facile \u00e0 porter et s\u00e9chant rapidement, c'est le compl\u00e9ment parfait \u00e0 la routine quotidienne de votre enfant, offrant une combinaison de chaleur, de confort et de style ludique que les enfants et les parents adoreront.<\/p>\n<h2>CARACT\u00c9RISTIQUES TECHNIQUES<\/h2>\n<p>Nom de marque : NoEnName_Null<\/p>\n<p>Techniques : Coton peign\u00e9<\/p>\n<p>Origine : Chine continentale Chine continentale<\/p>\n<p>CN : Sichuan<\/p>\n<p>Mati\u00e8re : Tissu microfibre<\/p>","protected":false},"excerpt":{"rendered":"<p>Wrap your little one in comfort with this plush hooded kids&#8217; poncho towel. Perfect for post-bath coziness, beach outings, or poolside fun, it&#8217;s crafted from ultra-soft microfiber fabric to gently dry delicate skin. The adorable, vibrant designs\u00e2\u20ac\u201dfrom unicorns to sea creatures\u00e2\u20ac\u201dspark children&#8217;s imagination, making bathtime or swim time an adventure. Easy to wear and quick-drying, [&#8230;]","protected":false},"featured_media":15004,"template":"","meta":[],"product_brand":[],"product_cat":[15,222,213,212,208],"product_tag":[],"class_list":{"0":"post-15005","1":"product","2":"type-product","3":"status-publish","4":"has-post-thumbnail","6":"product_cat-main-category","7":"product_cat-pink-poncho","8":"product_cat-poncho-baby","9":"product_cat-poncho-kid","10":"product_cat-surf-poncho","12":"first","13":"instock","14":"shipping-taxable","15":"purchasable","16":"product-type-variable"},"yoast_head":"<!-- This site is optimized with the Yoast SEO plugin v25.9 - https:\/\/yoast.com\/wordpress\/plugins\/seo\/ -->\n<title>Soft Hooded Kids Poncho Towel | France #1 Poncho Shop<\/title>\n<meta name=\"description\" content=\"Looking for a Soft Hooded Kids Poncho Towel ? You&#039;ve come to the right place \ud83d\ude04 We offers a wide selection of Soft Hooded Kids Poncho Towel, perfect for you.\" \/>\n<meta name=\"robots\" content=\"index, follow, max-snippet:-1, max-image-preview:large, max-video-preview:-1\" \/>\n<link rel=\"canonical\" href=\"https:\/\/ozponcho.com.au\/fr\/p\/poncho-de-plage-pour-enfants\/\" \/>\n<meta property=\"og:locale\" content=\"fr_FR\" \/>\n<meta property=\"og:type\" content=\"article\" \/>\n<meta property=\"og:title\" content=\"Soft Hooded Kids Poncho Towel | France #1 Poncho Shop\" \/>\n<meta property=\"og:description\" content=\"Looking for a Soft Hooded Kids Poncho Towel ? You&#039;ve come to the right place \ud83d\ude04 We offers a wide selection of Soft Hooded Kids Poncho Towel, perfect for you.\" \/>\n<meta property=\"og:url\" content=\"https:\/\/ozponcho.com.au\/fr\/p\/poncho-de-plage-pour-enfants\/\" \/>\n<meta property=\"og:site_name\" content=\"OZ Poncho\" \/>\n<meta property=\"article:modified_time\" content=\"2024-03-08T05:26:49+00:00\" \/>\n<meta property=\"og:image\" content=\"https:\/\/ozponcho.com.au\/wp-content\/uploads\/2023\/12\/S222e3c20a20e472daa9f487a743f8133p.webp\" \/>\n\t<meta property=\"og:image:width\" content=\"800\" \/>\n\t<meta property=\"og:image:height\" content=\"800\" \/>\n\t<meta property=\"og:image:type\" content=\"image\/webp\" \/>\n<meta name=\"twitter:card\" content=\"summary_large_image\" \/>\n<meta name=\"twitter:label1\" content=\"Dur\u00e9e de lecture estim\u00e9e\" \/>\n\t<meta name=\"twitter:data1\" content=\"1 minute\" \/>\n<script type=\"application\/ld+json\" class=\"yoast-schema-graph\">{\"@context\":\"https:\/\/schema.org\",\"@graph\":[{\"@type\":\"WebPage\",\"@id\":\"https:\/\/ozponcho.com.au\/p\/cozy-childrens-beach-poncho\/\",\"url\":\"https:\/\/ozponcho.com.au\/p\/cozy-childrens-beach-poncho\/\",\"name\":\"Soft Hooded Kids Poncho Towel | France #1 Poncho Shop\",\"isPartOf\":{\"@id\":\"https:\/\/ozponcho.com.au\/#website\"},\"primaryImageOfPage\":{\"@id\":\"https:\/\/ozponcho.com.au\/p\/cozy-childrens-beach-poncho\/#primaryimage\"},\"image\":{\"@id\":\"https:\/\/ozponcho.com.au\/p\/cozy-childrens-beach-poncho\/#primaryimage\"},\"thumbnailUrl\":\"https:\/\/ozponcho.com.au\/wp-content\/uploads\/2023\/12\/S222e3c20a20e472daa9f487a743f8133p.webp\",\"datePublished\":\"2023-12-30T11:19:05+00:00\",\"dateModified\":\"2024-03-08T05:26:49+00:00\",\"description\":\"Looking for a Soft Hooded Kids Poncho Towel ? You've come to the right place \ud83d\ude04 We offers a wide selection of Soft Hooded Kids Poncho Towel, perfect for you.\",\"breadcrumb\":{\"@id\":\"https:\/\/ozponcho.com.au\/p\/cozy-childrens-beach-poncho\/#breadcrumb\"},\"inLanguage\":\"fr-FR\",\"potentialAction\":[{\"@type\":\"ReadAction\",\"target\":[\"https:\/\/ozponcho.com.au\/p\/cozy-childrens-beach-poncho\/\"]}]},{\"@type\":\"ImageObject\",\"inLanguage\":\"fr-FR\",\"@id\":\"https:\/\/ozponcho.com.au\/p\/cozy-childrens-beach-poncho\/#primaryimage\",\"url\":\"https:\/\/ozponcho.com.au\/wp-content\/uploads\/2023\/12\/S222e3c20a20e472daa9f487a743f8133p.webp\",\"contentUrl\":\"https:\/\/ozponcho.com.au\/wp-content\/uploads\/2023\/12\/S222e3c20a20e472daa9f487a743f8133p.webp\",\"width\":800,\"height\":800,\"caption\":\"Soft Hooded Kids Poncho Towel\"},{\"@type\":\"BreadcrumbList\",\"@id\":\"https:\/\/ozponcho.com.au\/p\/cozy-childrens-beach-poncho\/#breadcrumb\",\"itemListElement\":[{\"@type\":\"ListItem\",\"position\":1,\"name\":\"Home\",\"item\":\"https:\/\/ozponcho.com.au\/\"},{\"@type\":\"ListItem\",\"position\":2,\"name\":\"Shop\",\"item\":\"https:\/\/ozponcho.com.au\/shop\/\"},{\"@type\":\"ListItem\",\"position\":3,\"name\":\"Soft Hooded Kids Poncho Towel\"}]},{\"@type\":\"WebSite\",\"@id\":\"https:\/\/ozponcho.com.au\/#website\",\"url\":\"https:\/\/ozponcho.com.au\/\",\"name\":\"OZ Poncho\",\"description\":\"\",\"potentialAction\":[{\"@type\":\"SearchAction\",\"target\":{\"@type\":\"EntryPoint\",\"urlTemplate\":\"https:\/\/ozponcho.com.au\/?s={search_term_string}\"},\"query-input\":{\"@type\":\"PropertyValueSpecification\",\"valueRequired\":true,\"valueName\":\"search_term_string\"}}],\"inLanguage\":\"fr-FR\"}]}<\/script>\n<!-- \/ Yoast SEO plugin. -->","yoast_head_json":{"title":"Poncho doux \u00e0 capuche pour enfants Serviette de bain | France #1 Poncho Shop","description":"Vous \u00eates \u00e0 la recherche d'une serviette de toilette Poncho doux \u00e0 capuche pour enfant ? Vous \u00eates au bon endroit \ud83d\ude04 Nous vous proposons un large choix de Serviette Poncho Doux \u00e0 Capuche pour Enfants, parfait pour vous.","robots":{"index":"index","follow":"follow","max-snippet":"max-snippet:-1","max-image-preview":"max-image-preview:large","max-video-preview":"max-video-preview:-1"},"canonical":"https:\/\/ozponcho.com.au\/fr\/p\/poncho-de-plage-pour-enfants\/","og_locale":"fr_FR","og_type":"article","og_title":"Soft Hooded Kids Poncho Towel | France #1 Poncho Shop","og_description":"Looking for a Soft Hooded Kids Poncho Towel ? You've come to the right place \ud83d\ude04 We offers a wide selection of Soft Hooded Kids Poncho Towel, perfect for you.","og_url":"https:\/\/ozponcho.com.au\/fr\/p\/poncho-de-plage-pour-enfants\/","og_site_name":"OZ Poncho","article_modified_time":"2024-03-08T05:26:49+00:00","og_image":[{"width":800,"height":800,"url":"https:\/\/ozponcho.com.au\/wp-content\/uploads\/2023\/12\/S222e3c20a20e472daa9f487a743f8133p.webp","type":"image\/webp"}],"twitter_card":"summary_large_image","twitter_misc":{"Dur\u00e9e de lecture estim\u00e9e":"1 minute"},"schema":{"@context":"https:\/\/schema.org","@graph":[{"@type":"WebPage","@id":"https:\/\/ozponcho.com.au\/p\/cozy-childrens-beach-poncho\/","url":"https:\/\/ozponcho.com.au\/p\/cozy-childrens-beach-poncho\/","name":"Poncho doux \u00e0 capuche pour enfants Serviette de bain | France #1 Poncho Shop","isPartOf":{"@id":"https:\/\/ozponcho.com.au\/#website"},"primaryImageOfPage":{"@id":"https:\/\/ozponcho.com.au\/p\/cozy-childrens-beach-poncho\/#primaryimage"},"image":{"@id":"https:\/\/ozponcho.com.au\/p\/cozy-childrens-beach-poncho\/#primaryimage"},"thumbnailUrl":"https:\/\/ozponcho.com.au\/wp-content\/uploads\/2023\/12\/S222e3c20a20e472daa9f487a743f8133p.webp","datePublished":"2023-12-30T11:19:05+00:00","dateModified":"2024-03-08T05:26:49+00:00","description":"Vous \u00eates \u00e0 la recherche d'une serviette de toilette Poncho doux \u00e0 capuche pour enfant ? Vous \u00eates au bon endroit \ud83d\ude04 Nous vous proposons un large choix de Serviette Poncho Doux \u00e0 Capuche pour Enfants, parfait pour vous.","breadcrumb":{"@id":"https:\/\/ozponcho.com.au\/p\/cozy-childrens-beach-poncho\/#breadcrumb"},"inLanguage":"fr-FR","potentialAction":[{"@type":"ReadAction","target":["https:\/\/ozponcho.com.au\/p\/cozy-childrens-beach-poncho\/"]}]},{"@type":"ImageObject","inLanguage":"fr-FR","@id":"https:\/\/ozponcho.com.au\/p\/cozy-childrens-beach-poncho\/#primaryimage","url":"https:\/\/ozponcho.com.au\/wp-content\/uploads\/2023\/12\/S222e3c20a20e472daa9f487a743f8133p.webp","contentUrl":"https:\/\/ozponcho.com.au\/wp-content\/uploads\/2023\/12\/S222e3c20a20e472daa9f487a743f8133p.webp","width":800,"height":800,"caption":"Soft Hooded Kids Poncho Towel"},{"@type":"BreadcrumbList","@id":"https:\/\/ozponcho.com.au\/p\/cozy-childrens-beach-poncho\/#breadcrumb","itemListElement":[{"@type":"ListItem","position":1,"name":"Home","item":"https:\/\/ozponcho.com.au\/"},{"@type":"ListItem","position":2,"name":"Shop","item":"https:\/\/ozponcho.com.au\/shop\/"},{"@type":"ListItem","position":3,"name":"Soft Hooded Kids Poncho Towel"}]},{"@type":"WebSite","@id":"https:\/\/ozponcho.com.au\/#website","url":"https:\/\/ozponcho.com.au\/","name":"Poncho OZ","description":"","potentialAction":[{"@type":"SearchAction","target":{"@type":"EntryPoint","urlTemplate":"https:\/\/ozponcho.com.au\/?s={search_term_string}"},"query-input":{"@type":"PropertyValueSpecification","valueRequired":true,"valueName":"search_term_string"}}],"inLanguage":"fr-FR"}]}},"_links":{"self":[{"href":"https:\/\/ozponcho.com.au\/fr\/wp-json\/wp\/v2\/product\/15005","targetHints":{"allow":["GET"]}}],"collection":[{"href":"https:\/\/ozponcho.com.au\/fr\/wp-json\/wp\/v2\/product"}],"about":[{"href":"https:\/\/ozponcho.com.au\/fr\/wp-json\/wp\/v2\/types\/product"}],"wp:featuredmedia":[{"embeddable":true,"href":"https:\/\/ozponcho.com.au\/fr\/wp-json\/wp\/v2\/media\/15004"}],"wp:attachment":[{"href":"https:\/\/ozponcho.com.au\/fr\/wp-json\/wp\/v2\/media?parent=15005"}],"wp:term":[{"taxonomy":"product_brand","embeddable":true,"href":"https:\/\/ozponcho.com.au\/fr\/wp-json\/wp\/v2\/product_brand?post=15005"},{"taxonomy":"product_cat","embeddable":true,"href":"https:\/\/ozponcho.com.au\/fr\/wp-json\/wp\/v2\/product_cat?post=15005"},{"taxonomy":"product_tag","embeddable":true,"href":"https:\/\/ozponcho.com.au\/fr\/wp-json\/wp\/v2\/product_tag?post=15005"}],"curies":[{"name":"wp","href":"https:\/\/api.w.org\/{rel}","templated":true}]}}