{"id":14807,"date":"2023-12-30T22:16:35","date_gmt":"2023-12-30T11:16:35","guid":{"rendered":"https:\/\/ozponcho.com.au\/?post_type=product&#038;p=14807"},"modified":"2024-03-08T16:26:54","modified_gmt":"2024-03-08T05:26:54","slug":"soft-hooded-kids-bath-cape","status":"publish","type":"product","link":"https:\/\/ozponcho.com.au\/fr\/p\/cape-de-bain-douce-a-capuche-pour-enfants\/","title":{"rendered":"Serviette de bain Poncho pour enfants"},"content":{"rendered":"<p>Enveloppez votre enfant dans un confort douillet avec notre Poncho de bain pour enfants ! Cette merveille \u00e0 capuche offre une \u00e9treinte d\u00e9licieuse et chaleureuse apr\u00e8s le bain ou la baignade. Fabriqu\u00e9e en microfibre ultra-douce, elle est douce pour la peau, tr\u00e8s absorbante et s\u00e8che rapidement. D'adorables dessins anim\u00e9s rendent l'heure du bain amusante, tandis que le style poncho, facile \u00e0 porter, permet aux enfants de se d\u00e9placer librement. C'est le m\u00e9lange parfait de mignonnerie, de confort et de commodit\u00e9 pour les enfants mesurant jusqu'\u00e0 130 cm.<\/p>\n<h2>CARACT\u00c9RISTIQUES TECHNIQUES<\/h2>\n<p>Techniques : Coton peign\u00e9<\/p>\n<p>Origine : Chine continentale Chine continentale<\/p>","protected":false},"excerpt":{"rendered":"<p>Wrap your little one in cozy comfort with our Kids Bath Poncho Towel! This hooded marvel provides a delightful and warm embrace after baths or swims. Made from ultra-soft microfiber, it&#8217;s gentle on the skin, highly absorbent, and quick to dry. Adorable cartoon designs make bath time fun, while the easy-to-wear poncho style lets kids [&#8230;]","protected":false},"featured_media":14806,"template":"","meta":[],"product_brand":[],"product_cat":[15,222,212,208],"product_tag":[],"class_list":{"0":"post-14807","1":"product","2":"type-product","3":"status-publish","4":"has-post-thumbnail","6":"product_cat-main-category","7":"product_cat-pink-poncho","8":"product_cat-poncho-kid","9":"product_cat-surf-poncho","11":"first","12":"instock","13":"shipping-taxable","14":"purchasable","15":"product-type-variable"},"yoast_head":"<!-- This site is optimized with the Yoast SEO plugin v25.9 - https:\/\/yoast.com\/wordpress\/plugins\/seo\/ -->\n<title>Kids Bath Poncho Towel | France #1 Poncho Shop<\/title>\n<meta name=\"description\" content=\"Looking for a Kids Bath Poncho Towel ? You&#039;ve come to the right place \ud83d\ude04 We offers a wide selection of Kids Bath Poncho Towel, perfect for you.\" \/>\n<meta name=\"robots\" content=\"index, follow, max-snippet:-1, max-image-preview:large, max-video-preview:-1\" \/>\n<link rel=\"canonical\" href=\"https:\/\/ozponcho.com.au\/fr\/p\/cape-de-bain-douce-a-capuche-pour-enfants\/\" \/>\n<meta property=\"og:locale\" content=\"fr_FR\" \/>\n<meta property=\"og:type\" content=\"article\" \/>\n<meta property=\"og:title\" content=\"Kids Bath Poncho Towel | France #1 Poncho Shop\" \/>\n<meta property=\"og:description\" content=\"Looking for a Kids Bath Poncho Towel ? You&#039;ve come to the right place \ud83d\ude04 We offers a wide selection of Kids Bath Poncho Towel, perfect for you.\" \/>\n<meta property=\"og:url\" content=\"https:\/\/ozponcho.com.au\/fr\/p\/cape-de-bain-douce-a-capuche-pour-enfants\/\" \/>\n<meta property=\"og:site_name\" content=\"OZ Poncho\" \/>\n<meta property=\"article:modified_time\" content=\"2024-03-08T05:26:54+00:00\" \/>\n<meta property=\"og:image\" content=\"https:\/\/ozponcho.com.au\/wp-content\/uploads\/2023\/12\/S61507787e3dc468a8bdb8a8af9a03c4eb-8.webp\" \/>\n\t<meta property=\"og:image:width\" content=\"800\" \/>\n\t<meta property=\"og:image:height\" content=\"800\" \/>\n\t<meta property=\"og:image:type\" content=\"image\/webp\" \/>\n<meta name=\"twitter:card\" content=\"summary_large_image\" \/>\n<meta name=\"twitter:label1\" content=\"Dur\u00e9e de lecture estim\u00e9e\" \/>\n\t<meta name=\"twitter:data1\" content=\"1 minute\" \/>\n<script type=\"application\/ld+json\" class=\"yoast-schema-graph\">{\"@context\":\"https:\/\/schema.org\",\"@graph\":[{\"@type\":\"WebPage\",\"@id\":\"https:\/\/ozponcho.com.au\/p\/soft-hooded-kids-bath-cape\/\",\"url\":\"https:\/\/ozponcho.com.au\/p\/soft-hooded-kids-bath-cape\/\",\"name\":\"Kids Bath Poncho Towel | France #1 Poncho Shop\",\"isPartOf\":{\"@id\":\"https:\/\/ozponcho.com.au\/#website\"},\"primaryImageOfPage\":{\"@id\":\"https:\/\/ozponcho.com.au\/p\/soft-hooded-kids-bath-cape\/#primaryimage\"},\"image\":{\"@id\":\"https:\/\/ozponcho.com.au\/p\/soft-hooded-kids-bath-cape\/#primaryimage\"},\"thumbnailUrl\":\"https:\/\/ozponcho.com.au\/wp-content\/uploads\/2023\/12\/S61507787e3dc468a8bdb8a8af9a03c4eb-8.webp\",\"datePublished\":\"2023-12-30T11:16:35+00:00\",\"dateModified\":\"2024-03-08T05:26:54+00:00\",\"description\":\"Looking for a Kids Bath Poncho Towel ? You've come to the right place \ud83d\ude04 We offers a wide selection of Kids Bath Poncho Towel, perfect for you.\",\"breadcrumb\":{\"@id\":\"https:\/\/ozponcho.com.au\/p\/soft-hooded-kids-bath-cape\/#breadcrumb\"},\"inLanguage\":\"fr-FR\",\"potentialAction\":[{\"@type\":\"ReadAction\",\"target\":[\"https:\/\/ozponcho.com.au\/p\/soft-hooded-kids-bath-cape\/\"]}]},{\"@type\":\"ImageObject\",\"inLanguage\":\"fr-FR\",\"@id\":\"https:\/\/ozponcho.com.au\/p\/soft-hooded-kids-bath-cape\/#primaryimage\",\"url\":\"https:\/\/ozponcho.com.au\/wp-content\/uploads\/2023\/12\/S61507787e3dc468a8bdb8a8af9a03c4eb-8.webp\",\"contentUrl\":\"https:\/\/ozponcho.com.au\/wp-content\/uploads\/2023\/12\/S61507787e3dc468a8bdb8a8af9a03c4eb-8.webp\",\"width\":800,\"height\":800,\"caption\":\"Kids Bath Poncho Towel\"},{\"@type\":\"BreadcrumbList\",\"@id\":\"https:\/\/ozponcho.com.au\/p\/soft-hooded-kids-bath-cape\/#breadcrumb\",\"itemListElement\":[{\"@type\":\"ListItem\",\"position\":1,\"name\":\"Home\",\"item\":\"https:\/\/ozponcho.com.au\/\"},{\"@type\":\"ListItem\",\"position\":2,\"name\":\"Shop\",\"item\":\"https:\/\/ozponcho.com.au\/shop\/\"},{\"@type\":\"ListItem\",\"position\":3,\"name\":\"Kids Bath Poncho Towel\"}]},{\"@type\":\"WebSite\",\"@id\":\"https:\/\/ozponcho.com.au\/#website\",\"url\":\"https:\/\/ozponcho.com.au\/\",\"name\":\"OZ Poncho\",\"description\":\"\",\"potentialAction\":[{\"@type\":\"SearchAction\",\"target\":{\"@type\":\"EntryPoint\",\"urlTemplate\":\"https:\/\/ozponcho.com.au\/?s={search_term_string}\"},\"query-input\":{\"@type\":\"PropertyValueSpecification\",\"valueRequired\":true,\"valueName\":\"search_term_string\"}}],\"inLanguage\":\"fr-FR\"}]}<\/script>\n<!-- \/ Yoast SEO plugin. -->","yoast_head_json":{"title":"Serviette de bain Poncho Kids | France #1 Poncho Shop","description":"Vous \u00eates \u00e0 la recherche d'une Serviette de bain Poncho enfant ? Vous \u00eates au bon endroit \ud83d\ude04 Nous vous proposons un large choix de Serviette de bain Poncho enfant, parfait pour vous.","robots":{"index":"index","follow":"follow","max-snippet":"max-snippet:-1","max-image-preview":"max-image-preview:large","max-video-preview":"max-video-preview:-1"},"canonical":"https:\/\/ozponcho.com.au\/fr\/p\/cape-de-bain-douce-a-capuche-pour-enfants\/","og_locale":"fr_FR","og_type":"article","og_title":"Kids Bath Poncho Towel | France #1 Poncho Shop","og_description":"Looking for a Kids Bath Poncho Towel ? You've come to the right place \ud83d\ude04 We offers a wide selection of Kids Bath Poncho Towel, perfect for you.","og_url":"https:\/\/ozponcho.com.au\/fr\/p\/cape-de-bain-douce-a-capuche-pour-enfants\/","og_site_name":"OZ Poncho","article_modified_time":"2024-03-08T05:26:54+00:00","og_image":[{"width":800,"height":800,"url":"https:\/\/ozponcho.com.au\/wp-content\/uploads\/2023\/12\/S61507787e3dc468a8bdb8a8af9a03c4eb-8.webp","type":"image\/webp"}],"twitter_card":"summary_large_image","twitter_misc":{"Dur\u00e9e de lecture estim\u00e9e":"1 minute"},"schema":{"@context":"https:\/\/schema.org","@graph":[{"@type":"WebPage","@id":"https:\/\/ozponcho.com.au\/p\/soft-hooded-kids-bath-cape\/","url":"https:\/\/ozponcho.com.au\/p\/soft-hooded-kids-bath-cape\/","name":"Serviette de bain Poncho Kids | France #1 Poncho Shop","isPartOf":{"@id":"https:\/\/ozponcho.com.au\/#website"},"primaryImageOfPage":{"@id":"https:\/\/ozponcho.com.au\/p\/soft-hooded-kids-bath-cape\/#primaryimage"},"image":{"@id":"https:\/\/ozponcho.com.au\/p\/soft-hooded-kids-bath-cape\/#primaryimage"},"thumbnailUrl":"https:\/\/ozponcho.com.au\/wp-content\/uploads\/2023\/12\/S61507787e3dc468a8bdb8a8af9a03c4eb-8.webp","datePublished":"2023-12-30T11:16:35+00:00","dateModified":"2024-03-08T05:26:54+00:00","description":"Vous \u00eates \u00e0 la recherche d'une Serviette de bain Poncho enfant ? Vous \u00eates au bon endroit \ud83d\ude04 Nous vous proposons un large choix de Serviette de bain Poncho enfant, parfait pour vous.","breadcrumb":{"@id":"https:\/\/ozponcho.com.au\/p\/soft-hooded-kids-bath-cape\/#breadcrumb"},"inLanguage":"fr-FR","potentialAction":[{"@type":"ReadAction","target":["https:\/\/ozponcho.com.au\/p\/soft-hooded-kids-bath-cape\/"]}]},{"@type":"ImageObject","inLanguage":"fr-FR","@id":"https:\/\/ozponcho.com.au\/p\/soft-hooded-kids-bath-cape\/#primaryimage","url":"https:\/\/ozponcho.com.au\/wp-content\/uploads\/2023\/12\/S61507787e3dc468a8bdb8a8af9a03c4eb-8.webp","contentUrl":"https:\/\/ozponcho.com.au\/wp-content\/uploads\/2023\/12\/S61507787e3dc468a8bdb8a8af9a03c4eb-8.webp","width":800,"height":800,"caption":"Kids Bath Poncho Towel"},{"@type":"BreadcrumbList","@id":"https:\/\/ozponcho.com.au\/p\/soft-hooded-kids-bath-cape\/#breadcrumb","itemListElement":[{"@type":"ListItem","position":1,"name":"Home","item":"https:\/\/ozponcho.com.au\/"},{"@type":"ListItem","position":2,"name":"Shop","item":"https:\/\/ozponcho.com.au\/shop\/"},{"@type":"ListItem","position":3,"name":"Kids Bath Poncho Towel"}]},{"@type":"WebSite","@id":"https:\/\/ozponcho.com.au\/#website","url":"https:\/\/ozponcho.com.au\/","name":"Poncho OZ","description":"","potentialAction":[{"@type":"SearchAction","target":{"@type":"EntryPoint","urlTemplate":"https:\/\/ozponcho.com.au\/?s={search_term_string}"},"query-input":{"@type":"PropertyValueSpecification","valueRequired":true,"valueName":"search_term_string"}}],"inLanguage":"fr-FR"}]}},"_links":{"self":[{"href":"https:\/\/ozponcho.com.au\/fr\/wp-json\/wp\/v2\/product\/14807","targetHints":{"allow":["GET"]}}],"collection":[{"href":"https:\/\/ozponcho.com.au\/fr\/wp-json\/wp\/v2\/product"}],"about":[{"href":"https:\/\/ozponcho.com.au\/fr\/wp-json\/wp\/v2\/types\/product"}],"wp:featuredmedia":[{"embeddable":true,"href":"https:\/\/ozponcho.com.au\/fr\/wp-json\/wp\/v2\/media\/14806"}],"wp:attachment":[{"href":"https:\/\/ozponcho.com.au\/fr\/wp-json\/wp\/v2\/media?parent=14807"}],"wp:term":[{"taxonomy":"product_brand","embeddable":true,"href":"https:\/\/ozponcho.com.au\/fr\/wp-json\/wp\/v2\/product_brand?post=14807"},{"taxonomy":"product_cat","embeddable":true,"href":"https:\/\/ozponcho.com.au\/fr\/wp-json\/wp\/v2\/product_cat?post=14807"},{"taxonomy":"product_tag","embeddable":true,"href":"https:\/\/ozponcho.com.au\/fr\/wp-json\/wp\/v2\/product_tag?post=14807"}],"curies":[{"name":"wp","href":"https:\/\/api.w.org\/{rel}","templated":true}]}}