{"id":14685,"date":"2023-12-30T22:14:53","date_gmt":"2023-12-30T11:14:53","guid":{"rendered":"https:\/\/ozponcho.com.au\/?post_type=product&#038;p=14685"},"modified":"2024-03-08T16:26:57","modified_gmt":"2024-03-08T05:26:57","slug":"childrens-beach-towel-poncho","status":"publish","type":"product","link":"https:\/\/ozponcho.com.au\/fr\/p\/serviette-de-plage-poncho-pour-enfants\/","title":{"rendered":"Serviette Poncho \u00e0 capuche pour enfants"},"content":{"rendered":"<p>Enveloppez votre enfant dans notre serviette Poncho \u00e0 capuche pour enfants apr\u00e8s une journ\u00e9e de plage ou de piscine. Cette serviette en microfibre ultra-douce est orn\u00e9e d'adorables personnages de dessins anim\u00e9s et de couleurs vives que les enfants adorent. S\u00e8che rapidement et l\u00e9g\u00e8re, elle est parfaite pour se s\u00e9cher ou se pr\u00e9lasser au soleil. La capuche apporte une chaleur suppl\u00e9mentaire et une protection solaire, ce qui en fait un indispensable de la plage pour votre enfant. Ne manquez pas ce m\u00e9lange parfait de confort et de fantaisie pour les aventures de votre enfant au bord de la mer !<\/p>\n<h2>CARACT\u00c9RISTIQUES TECHNIQUES<\/h2>\n<p>Techniques : Coton peign\u00e9<\/p>\n<p>Origine : Chine continentale Chine continentale<\/p>","protected":false},"excerpt":{"rendered":"<p>Wrap your little one in our cozy Kid&#8217;s Hooded Poncho Towel after a fun day at the beach or pool. This ultra-soft, microfiber towel features adorable cartoon characters and vibrant colors that kids love. Quick-drying and lightweight, it&#8217;s perfect for drying off or lounging in the sun. The hood provides extra warmth and sun protection, [&#8230;]","protected":false},"featured_media":14684,"template":"","meta":[],"product_brand":[],"product_cat":[223,15,222,212,208],"product_tag":[],"class_list":{"0":"post-14685","1":"product","2":"type-product","3":"status-publish","4":"has-post-thumbnail","6":"product_cat-blue-poncho","7":"product_cat-main-category","8":"product_cat-pink-poncho","9":"product_cat-poncho-kid","10":"product_cat-surf-poncho","12":"first","13":"instock","14":"shipping-taxable","15":"purchasable","16":"product-type-variable"},"yoast_head":"<!-- This site is optimized with the Yoast SEO plugin v25.9 - https:\/\/yoast.com\/wordpress\/plugins\/seo\/ -->\n<title>Kid&#039;s Hooded Poncho Towel | France #1 Poncho Shop<\/title>\n<meta name=\"description\" content=\"Looking for a Kid&#039;s Hooded Poncho Towel ? You&#039;ve come to the right place \ud83d\ude04 We offers a wide selection of Kid&#039;s Hooded Poncho Towel, perfect for you.\" \/>\n<meta name=\"robots\" content=\"index, follow, max-snippet:-1, max-image-preview:large, max-video-preview:-1\" \/>\n<link rel=\"canonical\" href=\"https:\/\/ozponcho.com.au\/fr\/p\/serviette-de-plage-poncho-pour-enfants\/\" \/>\n<meta property=\"og:locale\" content=\"fr_FR\" \/>\n<meta property=\"og:type\" content=\"article\" \/>\n<meta property=\"og:title\" content=\"Kid&#039;s Hooded Poncho Towel | France #1 Poncho Shop\" \/>\n<meta property=\"og:description\" content=\"Looking for a Kid&#039;s Hooded Poncho Towel ? You&#039;ve come to the right place \ud83d\ude04 We offers a wide selection of Kid&#039;s Hooded Poncho Towel, perfect for you.\" \/>\n<meta property=\"og:url\" content=\"https:\/\/ozponcho.com.au\/fr\/p\/serviette-de-plage-poncho-pour-enfants\/\" \/>\n<meta property=\"og:site_name\" content=\"OZ Poncho\" \/>\n<meta property=\"article:modified_time\" content=\"2024-03-08T05:26:57+00:00\" \/>\n<meta property=\"og:image\" content=\"https:\/\/ozponcho.com.au\/wp-content\/uploads\/2023\/12\/S90841cdd2c484f5bac63bbaf9d14efabG.webp\" \/>\n\t<meta property=\"og:image:width\" content=\"800\" \/>\n\t<meta property=\"og:image:height\" content=\"800\" \/>\n\t<meta property=\"og:image:type\" content=\"image\/webp\" \/>\n<meta name=\"twitter:card\" content=\"summary_large_image\" \/>\n<meta name=\"twitter:label1\" content=\"Dur\u00e9e de lecture estim\u00e9e\" \/>\n\t<meta name=\"twitter:data1\" content=\"1 minute\" \/>\n<script type=\"application\/ld+json\" class=\"yoast-schema-graph\">{\"@context\":\"https:\/\/schema.org\",\"@graph\":[{\"@type\":\"WebPage\",\"@id\":\"https:\/\/ozponcho.com.au\/p\/childrens-beach-towel-poncho\/\",\"url\":\"https:\/\/ozponcho.com.au\/p\/childrens-beach-towel-poncho\/\",\"name\":\"Kid's Hooded Poncho Towel | France #1 Poncho Shop\",\"isPartOf\":{\"@id\":\"https:\/\/ozponcho.com.au\/#website\"},\"primaryImageOfPage\":{\"@id\":\"https:\/\/ozponcho.com.au\/p\/childrens-beach-towel-poncho\/#primaryimage\"},\"image\":{\"@id\":\"https:\/\/ozponcho.com.au\/p\/childrens-beach-towel-poncho\/#primaryimage\"},\"thumbnailUrl\":\"https:\/\/ozponcho.com.au\/wp-content\/uploads\/2023\/12\/S90841cdd2c484f5bac63bbaf9d14efabG.webp\",\"datePublished\":\"2023-12-30T11:14:53+00:00\",\"dateModified\":\"2024-03-08T05:26:57+00:00\",\"description\":\"Looking for a Kid's Hooded Poncho Towel ? You've come to the right place \ud83d\ude04 We offers a wide selection of Kid's Hooded Poncho Towel, perfect for you.\",\"breadcrumb\":{\"@id\":\"https:\/\/ozponcho.com.au\/p\/childrens-beach-towel-poncho\/#breadcrumb\"},\"inLanguage\":\"fr-FR\",\"potentialAction\":[{\"@type\":\"ReadAction\",\"target\":[\"https:\/\/ozponcho.com.au\/p\/childrens-beach-towel-poncho\/\"]}]},{\"@type\":\"ImageObject\",\"inLanguage\":\"fr-FR\",\"@id\":\"https:\/\/ozponcho.com.au\/p\/childrens-beach-towel-poncho\/#primaryimage\",\"url\":\"https:\/\/ozponcho.com.au\/wp-content\/uploads\/2023\/12\/S90841cdd2c484f5bac63bbaf9d14efabG.webp\",\"contentUrl\":\"https:\/\/ozponcho.com.au\/wp-content\/uploads\/2023\/12\/S90841cdd2c484f5bac63bbaf9d14efabG.webp\",\"width\":800,\"height\":800,\"caption\":\"Kid's Hooded Poncho Towel\"},{\"@type\":\"BreadcrumbList\",\"@id\":\"https:\/\/ozponcho.com.au\/p\/childrens-beach-towel-poncho\/#breadcrumb\",\"itemListElement\":[{\"@type\":\"ListItem\",\"position\":1,\"name\":\"Home\",\"item\":\"https:\/\/ozponcho.com.au\/\"},{\"@type\":\"ListItem\",\"position\":2,\"name\":\"Shop\",\"item\":\"https:\/\/ozponcho.com.au\/shop\/\"},{\"@type\":\"ListItem\",\"position\":3,\"name\":\"Kid&#8217;s Hooded Poncho Towel\"}]},{\"@type\":\"WebSite\",\"@id\":\"https:\/\/ozponcho.com.au\/#website\",\"url\":\"https:\/\/ozponcho.com.au\/\",\"name\":\"OZ Poncho\",\"description\":\"\",\"potentialAction\":[{\"@type\":\"SearchAction\",\"target\":{\"@type\":\"EntryPoint\",\"urlTemplate\":\"https:\/\/ozponcho.com.au\/?s={search_term_string}\"},\"query-input\":{\"@type\":\"PropertyValueSpecification\",\"valueRequired\":true,\"valueName\":\"search_term_string\"}}],\"inLanguage\":\"fr-FR\"}]}<\/script>\n<!-- \/ Yoast SEO plugin. -->","yoast_head_json":{"title":"Poncho \u00e0 capuche pour enfant Serviette de bain | France #1 Poncho Shop","description":"Vous \u00eates \u00e0 la recherche d'une serviette Poncho \u00e0 capuche pour enfant ? Vous \u00eates au bon endroit \ud83d\ude04 Nous vous proposons une large s\u00e9lection de Serviette Poncho \u00e0 capuche pour enfant, parfaite pour vous.","robots":{"index":"index","follow":"follow","max-snippet":"max-snippet:-1","max-image-preview":"max-image-preview:large","max-video-preview":"max-video-preview:-1"},"canonical":"https:\/\/ozponcho.com.au\/fr\/p\/serviette-de-plage-poncho-pour-enfants\/","og_locale":"fr_FR","og_type":"article","og_title":"Kid's Hooded Poncho Towel | France #1 Poncho Shop","og_description":"Looking for a Kid's Hooded Poncho Towel ? You've come to the right place \ud83d\ude04 We offers a wide selection of Kid's Hooded Poncho Towel, perfect for you.","og_url":"https:\/\/ozponcho.com.au\/fr\/p\/serviette-de-plage-poncho-pour-enfants\/","og_site_name":"OZ Poncho","article_modified_time":"2024-03-08T05:26:57+00:00","og_image":[{"width":800,"height":800,"url":"https:\/\/ozponcho.com.au\/wp-content\/uploads\/2023\/12\/S90841cdd2c484f5bac63bbaf9d14efabG.webp","type":"image\/webp"}],"twitter_card":"summary_large_image","twitter_misc":{"Dur\u00e9e de lecture estim\u00e9e":"1 minute"},"schema":{"@context":"https:\/\/schema.org","@graph":[{"@type":"WebPage","@id":"https:\/\/ozponcho.com.au\/p\/childrens-beach-towel-poncho\/","url":"https:\/\/ozponcho.com.au\/p\/childrens-beach-towel-poncho\/","name":"Poncho \u00e0 capuche pour enfant Serviette de bain | France #1 Poncho Shop","isPartOf":{"@id":"https:\/\/ozponcho.com.au\/#website"},"primaryImageOfPage":{"@id":"https:\/\/ozponcho.com.au\/p\/childrens-beach-towel-poncho\/#primaryimage"},"image":{"@id":"https:\/\/ozponcho.com.au\/p\/childrens-beach-towel-poncho\/#primaryimage"},"thumbnailUrl":"https:\/\/ozponcho.com.au\/wp-content\/uploads\/2023\/12\/S90841cdd2c484f5bac63bbaf9d14efabG.webp","datePublished":"2023-12-30T11:14:53+00:00","dateModified":"2024-03-08T05:26:57+00:00","description":"Vous \u00eates \u00e0 la recherche d'une serviette Poncho \u00e0 capuche pour enfant ? Vous \u00eates au bon endroit \ud83d\ude04 Nous vous proposons une large s\u00e9lection de Serviette Poncho \u00e0 capuche pour enfant, parfaite pour vous.","breadcrumb":{"@id":"https:\/\/ozponcho.com.au\/p\/childrens-beach-towel-poncho\/#breadcrumb"},"inLanguage":"fr-FR","potentialAction":[{"@type":"ReadAction","target":["https:\/\/ozponcho.com.au\/p\/childrens-beach-towel-poncho\/"]}]},{"@type":"ImageObject","inLanguage":"fr-FR","@id":"https:\/\/ozponcho.com.au\/p\/childrens-beach-towel-poncho\/#primaryimage","url":"https:\/\/ozponcho.com.au\/wp-content\/uploads\/2023\/12\/S90841cdd2c484f5bac63bbaf9d14efabG.webp","contentUrl":"https:\/\/ozponcho.com.au\/wp-content\/uploads\/2023\/12\/S90841cdd2c484f5bac63bbaf9d14efabG.webp","width":800,"height":800,"caption":"Kid's Hooded Poncho Towel"},{"@type":"BreadcrumbList","@id":"https:\/\/ozponcho.com.au\/p\/childrens-beach-towel-poncho\/#breadcrumb","itemListElement":[{"@type":"ListItem","position":1,"name":"Home","item":"https:\/\/ozponcho.com.au\/"},{"@type":"ListItem","position":2,"name":"Shop","item":"https:\/\/ozponcho.com.au\/shop\/"},{"@type":"ListItem","position":3,"name":"Kid&#8217;s Hooded Poncho Towel"}]},{"@type":"WebSite","@id":"https:\/\/ozponcho.com.au\/#website","url":"https:\/\/ozponcho.com.au\/","name":"Poncho OZ","description":"","potentialAction":[{"@type":"SearchAction","target":{"@type":"EntryPoint","urlTemplate":"https:\/\/ozponcho.com.au\/?s={search_term_string}"},"query-input":{"@type":"PropertyValueSpecification","valueRequired":true,"valueName":"search_term_string"}}],"inLanguage":"fr-FR"}]}},"_links":{"self":[{"href":"https:\/\/ozponcho.com.au\/fr\/wp-json\/wp\/v2\/product\/14685","targetHints":{"allow":["GET"]}}],"collection":[{"href":"https:\/\/ozponcho.com.au\/fr\/wp-json\/wp\/v2\/product"}],"about":[{"href":"https:\/\/ozponcho.com.au\/fr\/wp-json\/wp\/v2\/types\/product"}],"wp:featuredmedia":[{"embeddable":true,"href":"https:\/\/ozponcho.com.au\/fr\/wp-json\/wp\/v2\/media\/14684"}],"wp:attachment":[{"href":"https:\/\/ozponcho.com.au\/fr\/wp-json\/wp\/v2\/media?parent=14685"}],"wp:term":[{"taxonomy":"product_brand","embeddable":true,"href":"https:\/\/ozponcho.com.au\/fr\/wp-json\/wp\/v2\/product_brand?post=14685"},{"taxonomy":"product_cat","embeddable":true,"href":"https:\/\/ozponcho.com.au\/fr\/wp-json\/wp\/v2\/product_cat?post=14685"},{"taxonomy":"product_tag","embeddable":true,"href":"https:\/\/ozponcho.com.au\/fr\/wp-json\/wp\/v2\/product_tag?post=14685"}],"curies":[{"name":"wp","href":"https:\/\/api.w.org\/{rel}","templated":true}]}}