{"id":14223,"date":"2023-12-13T18:43:44","date_gmt":"2023-12-13T07:43:44","guid":{"rendered":"https:\/\/ozponcho.com.au\/p\/autumn-winter-irregular-asymmetric-tassel-lace-sweater-shawl-women\/"},"modified":"2024-04-19T19:22:02","modified_gmt":"2024-04-19T08:22:02","slug":"fringed-boho-poncho-top","status":"publish","type":"product","link":"https:\/\/ozponcho.com.au\/fr\/p\/poncho-boho-a-franges-2\/","title":{"rendered":"Poncho ch\u00e2le asym\u00e9trique \u00e0 pompons"},"content":{"rendered":"<p>Entrez dans la saison avec \u00e9l\u00e9gance et chaleur gr\u00e2ce \u00e0 ce poncho de dentelle asym\u00e9trique \u00e0 pompons Automne Hiver Irr\u00e9gulier. Con\u00e7u pour les femmes sophistiqu\u00e9es qui appr\u00e9cient le style et le confort, ce poncho luxueux pr\u00e9sente une coupe ample d\u00e9contract\u00e9e, de longues manches dolman douillettes et une encolure en V flatteuse. Le jersey ajour\u00e9 est rehauss\u00e9 d'\u00e9l\u00e9ments frang\u00e9s ludiques, pour une irr\u00e9sistible ambiance boh\u00e8me. Ce long ch\u00e2le en acrylique de couleur unie est polyvalent et s'adapte parfaitement \u00e0 tout type d'ensemble. Que ce soit par une fra\u00eeche journ\u00e9e d'automne ou une froide soir\u00e9e d'hiver, faites de ce s\u00e9duisant ch\u00e2le blanc cass\u00e9 votre couche de r\u00e9f\u00e9rence pour un look chic et d\u00e9contract\u00e9.<\/p>\n<div>Style : D\u00e9contract\u00e9<\/div>\n<div>Forme : Ample<\/div>\n<div>Tissu : Jersey<\/div>\n<div>Motif : Solide<\/div>\n<div>\u00c9l\u00e9ment : Frange<\/div>\n<div>Longueur du haut : Long<\/div>\n<div>Encolure : Col en V<\/div>\n<div>Type de manche : Manche Dolman<\/div>\n<div>Longueur des manches : Manches longues<\/div>\n<div>Composition principale : Acrylique<\/div>\n<div>Saison : Automne\/Hiver<\/div>\n<p><img decoding=\"async\" src=\"https:\/\/ozponcho.com.au\/wp-content\/uploads\/2024\/03\/1166749176843730944.png\" \/><img decoding=\"async\" src=\"https:\/\/ozponcho.com.au\/wp-content\/uploads\/2024\/03\/O1CN01OqIUS01HIfse0Vpu0_2331630735-0-cib.jpg\" \/><img decoding=\"async\" src=\"https:\/\/ozponcho.com.au\/wp-content\/uploads\/2024\/03\/O1CN01JzltGN1HIfsksKn1O_2331630735-0-cib.jpg\" \/><img decoding=\"async\" src=\"https:\/\/ozponcho.com.au\/wp-content\/uploads\/2024\/03\/O1CN01lNgSVN1HIfsntswn7_2331630735-0-cib.jpg\" \/><img decoding=\"async\" src=\"https:\/\/ozponcho.com.au\/wp-content\/uploads\/2024\/03\/O1CN01cuq8WQ1HIfsfTw3jd_2331630735-0-cib.jpg\" \/><img decoding=\"async\" src=\"https:\/\/ozponcho.com.au\/wp-content\/uploads\/2024\/03\/O1CN01uhy6f81HIfsfTtNKR_2331630735-0-cib.jpg\" \/><img decoding=\"async\" src=\"https:\/\/ozponcho.com.au\/wp-content\/uploads\/2024\/03\/O1CN01rZiYHO1HIfse0ZvlF_2331630735-0-cib.jpg\" \/><img decoding=\"async\" src=\"https:\/\/ozponcho.com.au\/wp-content\/uploads\/2024\/03\/O1CN01AS0mFK1HIfsZAHcIk_2331630735-0-cib.jpg\" \/><img decoding=\"async\" src=\"https:\/\/ozponcho.com.au\/wp-content\/uploads\/2024\/03\/O1CN01DsHmdt1HIfsp2XCP3_2331630735-0-cib.jpg\" \/><img decoding=\"async\" src=\"https:\/\/ozponcho.com.au\/wp-content\/uploads\/2024\/03\/O1CN01I3scmU1HIfsksLroL_2331630735-0-cib.jpg\" \/><img decoding=\"async\" src=\"https:\/\/ozponcho.com.au\/wp-content\/uploads\/2024\/03\/O1CN01CeKQMt1HIfsm9lVLK_2331630735-0-cib.jpg\" \/><img decoding=\"async\" src=\"https:\/\/ozponcho.com.au\/wp-content\/uploads\/2024\/03\/O1CN01pVCNxe1HIfsksLrmm_2331630735-0-cib.jpg\" \/><img decoding=\"async\" src=\"https:\/\/ozponcho.com.au\/wp-content\/uploads\/2024\/03\/O1CN019eQ7Sb1HIfsrtMBm7_2331630735-0-cib.jpg\" \/><img decoding=\"async\" src=\"https:\/\/ozponcho.com.au\/wp-content\/uploads\/2024\/03\/O1CN01pAghbp1HIfsp2TqN0_2331630735-0-cib.jpg\" \/><img decoding=\"async\" src=\"https:\/\/ozponcho.com.au\/wp-content\/uploads\/2024\/03\/O1CN01oCJQnc1HIfsjKjQ99_2331630735-0-cib.jpg\" \/><\/p>","protected":false},"excerpt":{"rendered":"<p>Step into the season with elegance and warmth with this Autumn Winter Irregular Asymmetric Tassel Lace Poncho. Designed for the sophisticated woman who values style and comfort, this luxurious poncho features a casual loose fit, cozy long dolman sleeves, and a flattering V-neckline. The openwork jersey fabric is accentuated with playful fringe elements, delivering an [&#8230;]","protected":false},"featured_media":14078,"template":"","meta":[],"product_brand":[],"product_cat":[15,228,214,210],"product_tag":[],"class_list":{"0":"post-14223","1":"product","2":"type-product","3":"status-publish","4":"has-post-thumbnail","6":"product_cat-main-category","7":"product_cat-poncho-sweater","8":"product_cat-knitted-crochet-poncho","9":"product_cat-poncho-women","11":"first","12":"outofstock","13":"shipping-taxable","14":"purchasable","15":"product-type-variable"},"yoast_head":"<!-- This site is optimized with the Yoast SEO plugin v25.9 - https:\/\/yoast.com\/wordpress\/plugins\/seo\/ -->\n<title>Asymmetric Tassel Poncho Shawl | France #1 Poncho Shop<\/title>\n<meta name=\"description\" content=\"Looking for a Asymmetric Tassel Poncho Shawl ? You&#039;ve come to the right place \ud83d\ude04 We offers a wide selection of Asymmetric Tassel Poncho Shawl, perfect for you.\" \/>\n<meta name=\"robots\" content=\"index, follow, max-snippet:-1, max-image-preview:large, max-video-preview:-1\" \/>\n<link rel=\"canonical\" href=\"https:\/\/ozponcho.com.au\/fr\/p\/poncho-boho-a-franges-2\/\" \/>\n<meta property=\"og:locale\" content=\"fr_FR\" \/>\n<meta property=\"og:type\" content=\"article\" \/>\n<meta property=\"og:title\" content=\"Asymmetric Tassel Poncho Shawl | France #1 Poncho Shop\" \/>\n<meta property=\"og:description\" content=\"Looking for a Asymmetric Tassel Poncho Shawl ? You&#039;ve come to the right place \ud83d\ude04 We offers a wide selection of Asymmetric Tassel Poncho Shawl, perfect for you.\" \/>\n<meta property=\"og:url\" content=\"https:\/\/ozponcho.com.au\/fr\/p\/poncho-boho-a-franges-2\/\" \/>\n<meta property=\"og:site_name\" content=\"OZ Poncho\" \/>\n<meta property=\"article:modified_time\" content=\"2024-04-19T08:22:02+00:00\" \/>\n<meta property=\"og:image\" content=\"https:\/\/ozponcho.com.au\/wp-content\/uploads\/2023\/12\/O1CN01LBTfed1HIfsgGU2Jo_2331630735-0-cib.jpg\" \/>\n\t<meta property=\"og:image:width\" content=\"1200\" \/>\n\t<meta property=\"og:image:height\" content=\"1200\" \/>\n\t<meta property=\"og:image:type\" content=\"image\/jpeg\" \/>\n<meta name=\"twitter:card\" content=\"summary_large_image\" \/>\n<meta name=\"twitter:label1\" content=\"Dur\u00e9e de lecture estim\u00e9e\" \/>\n\t<meta name=\"twitter:data1\" content=\"4 minutes\" \/>\n<script type=\"application\/ld+json\" class=\"yoast-schema-graph\">{\"@context\":\"https:\/\/schema.org\",\"@graph\":[{\"@type\":\"WebPage\",\"@id\":\"https:\/\/ozponcho.com.au\/p\/fringed-boho-poncho-top\/\",\"url\":\"https:\/\/ozponcho.com.au\/p\/fringed-boho-poncho-top\/\",\"name\":\"Asymmetric Tassel Poncho Shawl | France #1 Poncho Shop\",\"isPartOf\":{\"@id\":\"https:\/\/ozponcho.com.au\/#website\"},\"primaryImageOfPage\":{\"@id\":\"https:\/\/ozponcho.com.au\/p\/fringed-boho-poncho-top\/#primaryimage\"},\"image\":{\"@id\":\"https:\/\/ozponcho.com.au\/p\/fringed-boho-poncho-top\/#primaryimage\"},\"thumbnailUrl\":\"https:\/\/ozponcho.com.au\/wp-content\/uploads\/2023\/12\/O1CN01LBTfed1HIfsgGU2Jo_2331630735-0-cib.jpg\",\"datePublished\":\"2023-12-13T07:43:44+00:00\",\"dateModified\":\"2024-04-19T08:22:02+00:00\",\"description\":\"Looking for a Asymmetric Tassel Poncho Shawl ? You've come to the right place \ud83d\ude04 We offers a wide selection of Asymmetric Tassel Poncho Shawl, perfect for you.\",\"breadcrumb\":{\"@id\":\"https:\/\/ozponcho.com.au\/p\/fringed-boho-poncho-top\/#breadcrumb\"},\"inLanguage\":\"fr-FR\",\"potentialAction\":[{\"@type\":\"ReadAction\",\"target\":[\"https:\/\/ozponcho.com.au\/p\/fringed-boho-poncho-top\/\"]}]},{\"@type\":\"ImageObject\",\"inLanguage\":\"fr-FR\",\"@id\":\"https:\/\/ozponcho.com.au\/p\/fringed-boho-poncho-top\/#primaryimage\",\"url\":\"https:\/\/ozponcho.com.au\/wp-content\/uploads\/2023\/12\/O1CN01LBTfed1HIfsgGU2Jo_2331630735-0-cib.jpg\",\"contentUrl\":\"https:\/\/ozponcho.com.au\/wp-content\/uploads\/2023\/12\/O1CN01LBTfed1HIfsgGU2Jo_2331630735-0-cib.jpg\",\"width\":1200,\"height\":1200,\"caption\":\"Asymmetric Tassel Poncho Shawl\"},{\"@type\":\"BreadcrumbList\",\"@id\":\"https:\/\/ozponcho.com.au\/p\/fringed-boho-poncho-top\/#breadcrumb\",\"itemListElement\":[{\"@type\":\"ListItem\",\"position\":1,\"name\":\"Home\",\"item\":\"https:\/\/ozponcho.com.au\/\"},{\"@type\":\"ListItem\",\"position\":2,\"name\":\"Shop\",\"item\":\"https:\/\/ozponcho.com.au\/shop\/\"},{\"@type\":\"ListItem\",\"position\":3,\"name\":\"Asymmetric Tassel Poncho Shawl\"}]},{\"@type\":\"WebSite\",\"@id\":\"https:\/\/ozponcho.com.au\/#website\",\"url\":\"https:\/\/ozponcho.com.au\/\",\"name\":\"OZ Poncho\",\"description\":\"\",\"potentialAction\":[{\"@type\":\"SearchAction\",\"target\":{\"@type\":\"EntryPoint\",\"urlTemplate\":\"https:\/\/ozponcho.com.au\/?s={search_term_string}\"},\"query-input\":{\"@type\":\"PropertyValueSpecification\",\"valueRequired\":true,\"valueName\":\"search_term_string\"}}],\"inLanguage\":\"fr-FR\"}]}<\/script>\n<!-- \/ Yoast SEO plugin. -->","yoast_head_json":{"title":"Poncho asym\u00e9trique \u00e0 pompons Ch\u00e2le | France #1 Poncho Shop","description":"Vous \u00eates \u00e0 la recherche d'un Ch\u00e2le Poncho Tassel Asym\u00e9trique ? Vous \u00eates au bon endroit \ud83d\ude04 Nous vous proposons un large choix de Ch\u00e2le Poncho Tassel Asym\u00e9trique, parfait pour vous.","robots":{"index":"index","follow":"follow","max-snippet":"max-snippet:-1","max-image-preview":"max-image-preview:large","max-video-preview":"max-video-preview:-1"},"canonical":"https:\/\/ozponcho.com.au\/fr\/p\/poncho-boho-a-franges-2\/","og_locale":"fr_FR","og_type":"article","og_title":"Asymmetric Tassel Poncho Shawl | France #1 Poncho Shop","og_description":"Looking for a Asymmetric Tassel Poncho Shawl ? You've come to the right place \ud83d\ude04 We offers a wide selection of Asymmetric Tassel Poncho Shawl, perfect for you.","og_url":"https:\/\/ozponcho.com.au\/fr\/p\/poncho-boho-a-franges-2\/","og_site_name":"OZ Poncho","article_modified_time":"2024-04-19T08:22:02+00:00","og_image":[{"width":1200,"height":1200,"url":"https:\/\/ozponcho.com.au\/wp-content\/uploads\/2023\/12\/O1CN01LBTfed1HIfsgGU2Jo_2331630735-0-cib.jpg","type":"image\/jpeg"}],"twitter_card":"summary_large_image","twitter_misc":{"Dur\u00e9e de lecture estim\u00e9e":"4 minutes"},"schema":{"@context":"https:\/\/schema.org","@graph":[{"@type":"WebPage","@id":"https:\/\/ozponcho.com.au\/p\/fringed-boho-poncho-top\/","url":"https:\/\/ozponcho.com.au\/p\/fringed-boho-poncho-top\/","name":"Poncho asym\u00e9trique \u00e0 pompons Ch\u00e2le | France #1 Poncho Shop","isPartOf":{"@id":"https:\/\/ozponcho.com.au\/#website"},"primaryImageOfPage":{"@id":"https:\/\/ozponcho.com.au\/p\/fringed-boho-poncho-top\/#primaryimage"},"image":{"@id":"https:\/\/ozponcho.com.au\/p\/fringed-boho-poncho-top\/#primaryimage"},"thumbnailUrl":"https:\/\/ozponcho.com.au\/wp-content\/uploads\/2023\/12\/O1CN01LBTfed1HIfsgGU2Jo_2331630735-0-cib.jpg","datePublished":"2023-12-13T07:43:44+00:00","dateModified":"2024-04-19T08:22:02+00:00","description":"Vous \u00eates \u00e0 la recherche d'un Ch\u00e2le Poncho Tassel Asym\u00e9trique ? Vous \u00eates au bon endroit \ud83d\ude04 Nous vous proposons un large choix de Ch\u00e2le Poncho Tassel Asym\u00e9trique, parfait pour vous.","breadcrumb":{"@id":"https:\/\/ozponcho.com.au\/p\/fringed-boho-poncho-top\/#breadcrumb"},"inLanguage":"fr-FR","potentialAction":[{"@type":"ReadAction","target":["https:\/\/ozponcho.com.au\/p\/fringed-boho-poncho-top\/"]}]},{"@type":"ImageObject","inLanguage":"fr-FR","@id":"https:\/\/ozponcho.com.au\/p\/fringed-boho-poncho-top\/#primaryimage","url":"https:\/\/ozponcho.com.au\/wp-content\/uploads\/2023\/12\/O1CN01LBTfed1HIfsgGU2Jo_2331630735-0-cib.jpg","contentUrl":"https:\/\/ozponcho.com.au\/wp-content\/uploads\/2023\/12\/O1CN01LBTfed1HIfsgGU2Jo_2331630735-0-cib.jpg","width":1200,"height":1200,"caption":"Asymmetric Tassel Poncho Shawl"},{"@type":"BreadcrumbList","@id":"https:\/\/ozponcho.com.au\/p\/fringed-boho-poncho-top\/#breadcrumb","itemListElement":[{"@type":"ListItem","position":1,"name":"Home","item":"https:\/\/ozponcho.com.au\/"},{"@type":"ListItem","position":2,"name":"Shop","item":"https:\/\/ozponcho.com.au\/shop\/"},{"@type":"ListItem","position":3,"name":"Asymmetric Tassel Poncho Shawl"}]},{"@type":"WebSite","@id":"https:\/\/ozponcho.com.au\/#website","url":"https:\/\/ozponcho.com.au\/","name":"Poncho OZ","description":"","potentialAction":[{"@type":"SearchAction","target":{"@type":"EntryPoint","urlTemplate":"https:\/\/ozponcho.com.au\/?s={search_term_string}"},"query-input":{"@type":"PropertyValueSpecification","valueRequired":true,"valueName":"search_term_string"}}],"inLanguage":"fr-FR"}]}},"_links":{"self":[{"href":"https:\/\/ozponcho.com.au\/fr\/wp-json\/wp\/v2\/product\/14223","targetHints":{"allow":["GET"]}}],"collection":[{"href":"https:\/\/ozponcho.com.au\/fr\/wp-json\/wp\/v2\/product"}],"about":[{"href":"https:\/\/ozponcho.com.au\/fr\/wp-json\/wp\/v2\/types\/product"}],"wp:featuredmedia":[{"embeddable":true,"href":"https:\/\/ozponcho.com.au\/fr\/wp-json\/wp\/v2\/media\/14078"}],"wp:attachment":[{"href":"https:\/\/ozponcho.com.au\/fr\/wp-json\/wp\/v2\/media?parent=14223"}],"wp:term":[{"taxonomy":"product_brand","embeddable":true,"href":"https:\/\/ozponcho.com.au\/fr\/wp-json\/wp\/v2\/product_brand?post=14223"},{"taxonomy":"product_cat","embeddable":true,"href":"https:\/\/ozponcho.com.au\/fr\/wp-json\/wp\/v2\/product_cat?post=14223"},{"taxonomy":"product_tag","embeddable":true,"href":"https:\/\/ozponcho.com.au\/fr\/wp-json\/wp\/v2\/product_tag?post=14223"}],"curies":[{"name":"wp","href":"https:\/\/api.w.org\/{rel}","templated":true}]}}