{"id":13540,"date":"2023-12-13T18:39:48","date_gmt":"2023-12-13T07:39:48","guid":{"rendered":"https:\/\/ozponcho.com.au\/p\/contrast-color-fur-ball-tassel-knitted-women-autumn-winter-cape-sweater\/"},"modified":"2025-09-28T20:16:04","modified_gmt":"2025-09-28T09:16:04","slug":"stylish-fur-ball-cape","status":"publish","type":"product","link":"https:\/\/ozponcho.com.au\/fr\/p\/cape-a-boules-de-fourrure-elegante\/","title":{"rendered":"Poncho \u00e9l\u00e9gant \u00e0 franges et pompons"},"content":{"rendered":"<p>\u00c9l\u00e9gance et confort sont au rendez-vous avec ce somptueux pull Autumn Winter Cape, parfait pour les femmes sophistiqu\u00e9es. Ce poncho \u00e0 col en V et \u00e0 la coupe ample associe de d\u00e9licieuses nuances de rose et de violet \u00e0 des houppes et des pompons en fourrure de bon go\u00fbt qui ajoutent une touche de fantaisie \u00e0 votre garde-robe. Confectionn\u00e9 en jersey doux, il promet chaleur et style en un seul v\u00eatement. Ses manches trois quarts et ses franges ludiques en font un compl\u00e9ment polyvalent et essentiel \u00e0 toute collection d'automne ou d'hiver. Osez vous d\u00e9marquer avec une pi\u00e8ce aussi unique que vous, et laissez ce poncho \u00eatre le joyau de vos tenues par temps froid.<\/p>\n<div>Style : El\u00e9gant<\/div>\n<div>Forme : Ample<\/div>\n<div>Tissu : Jersey<\/div>\n<div>Motif : Imprim\u00e9<\/div>\n<div>\u00c9l\u00e9ment : Frange<\/div>\n<div>Longueur du haut : Long<\/div>\n<div>Encolure : Col en V<\/div>\n<div>Type de manchon : Autres<\/div>\n<div>Longueur des manches : manches 3\/4<\/div>\n<div>Composition principale : Polyester<\/div>\n<div>Saison : Automne\/Hiver<\/div>\n<p><img decoding=\"async\" src=\"https:\/\/ozponcho.com.au\/wp-content\/uploads\/2024\/03\/1012415691627692032.png\" \/><img decoding=\"async\" src=\"https:\/\/ozponcho.com.au\/wp-content\/uploads\/2024\/03\/O1CN012yG6yg1QYY9fiEBYE_2505411988-0-cib.jpg\" \/><img decoding=\"async\" src=\"https:\/\/ozponcho.com.au\/wp-content\/uploads\/2024\/03\/O1CN01iS8bNF1QYY9cqIzXn_2505411988-0-cib.jpg\" \/><img decoding=\"async\" src=\"https:\/\/ozponcho.com.au\/wp-content\/uploads\/2024\/03\/O1CN01cHejDN1QYY9ZMNJ7F_2505411988-0-cib.jpg\" \/><img decoding=\"async\" src=\"https:\/\/ozponcho.com.au\/wp-content\/uploads\/2024\/03\/O1CN01Qh29Bh1QYY9a2ltBk_2505411988-0-cib.jpg\" \/><img decoding=\"async\" src=\"https:\/\/ozponcho.com.au\/wp-content\/uploads\/2024\/03\/O1CN01490VQ01QYY9fiDuw5_2505411988-0-cib.jpg\" \/><\/p>","protected":false},"excerpt":{"rendered":"<p>Embrace elegance and comfort with this sumptuous Autumn Winter Cape sweater, perfect for the sophisticated woman. This loosely-fitted, v-neck poncho blends delightful pink and purple shades with tasteful tassels and furry pompoms that add a dash of whimsy to your wardrobe. Made from soft jersey fabric, it promises warmth and style in a single garment. [&#8230;]","protected":false},"featured_media":13510,"template":"","meta":[],"product_brand":[],"product_cat":[229,15,222,230,228,214,210],"product_tag":[],"class_list":{"0":"post-13540","1":"product","2":"type-product","3":"status-publish","4":"has-post-thumbnail","6":"product_cat-blanket-poncho","7":"product_cat-main-category","8":"product_cat-pink-poncho","9":"product_cat-poncho-dress","10":"product_cat-poncho-sweater","11":"product_cat-knitted-crochet-poncho","12":"product_cat-poncho-women","14":"first","15":"outofstock","16":"shipping-taxable","17":"purchasable","18":"product-type-variable"},"yoast_head":"<!-- This site is optimized with the Yoast SEO plugin v25.9 - https:\/\/yoast.com\/wordpress\/plugins\/seo\/ -->\n<title>Elegant Tassel Fringe Poncho | France #1 Poncho Shop<\/title>\n<meta name=\"description\" content=\"Looking for a Elegant Tassel Fringe Poncho ? You&#039;ve come to the right place \ud83d\ude04 We offers a wide selection of Elegant Tassel Fringe Poncho, perfect for you.\" \/>\n<meta name=\"robots\" content=\"index, follow, max-snippet:-1, max-image-preview:large, max-video-preview:-1\" \/>\n<link rel=\"canonical\" href=\"https:\/\/ozponcho.com.au\/fr\/p\/cape-a-boules-de-fourrure-elegante\/\" \/>\n<meta property=\"og:locale\" content=\"fr_FR\" \/>\n<meta property=\"og:type\" content=\"article\" \/>\n<meta property=\"og:title\" content=\"Elegant Tassel Fringe Poncho | France #1 Poncho Shop\" \/>\n<meta property=\"og:description\" content=\"Looking for a Elegant Tassel Fringe Poncho ? You&#039;ve come to the right place \ud83d\ude04 We offers a wide selection of Elegant Tassel Fringe Poncho, perfect for you.\" \/>\n<meta property=\"og:url\" content=\"https:\/\/ozponcho.com.au\/fr\/p\/cape-a-boules-de-fourrure-elegante\/\" \/>\n<meta property=\"og:site_name\" content=\"OZ Poncho\" \/>\n<meta property=\"article:modified_time\" content=\"2025-09-28T09:16:04+00:00\" \/>\n<meta property=\"og:image\" content=\"https:\/\/ozponcho.com.au\/wp-content\/uploads\/2023\/12\/O1CN01I1zuxJ1QYY9ZGIk7I_2505411988-0-cib.jpg\" \/>\n\t<meta property=\"og:image:width\" content=\"800\" \/>\n\t<meta property=\"og:image:height\" content=\"800\" \/>\n\t<meta property=\"og:image:type\" content=\"image\/jpeg\" \/>\n<meta name=\"twitter:card\" content=\"summary_large_image\" \/>\n<meta name=\"twitter:label1\" content=\"Dur\u00e9e de lecture estim\u00e9e\" \/>\n\t<meta name=\"twitter:data1\" content=\"1 minute\" \/>\n<script type=\"application\/ld+json\" class=\"yoast-schema-graph\">{\"@context\":\"https:\/\/schema.org\",\"@graph\":[{\"@type\":\"WebPage\",\"@id\":\"https:\/\/ozponcho.com.au\/p\/stylish-fur-ball-cape\/\",\"url\":\"https:\/\/ozponcho.com.au\/p\/stylish-fur-ball-cape\/\",\"name\":\"Elegant Tassel Fringe Poncho | France #1 Poncho Shop\",\"isPartOf\":{\"@id\":\"https:\/\/ozponcho.com.au\/#website\"},\"primaryImageOfPage\":{\"@id\":\"https:\/\/ozponcho.com.au\/p\/stylish-fur-ball-cape\/#primaryimage\"},\"image\":{\"@id\":\"https:\/\/ozponcho.com.au\/p\/stylish-fur-ball-cape\/#primaryimage\"},\"thumbnailUrl\":\"https:\/\/ozponcho.com.au\/wp-content\/uploads\/2023\/12\/O1CN01I1zuxJ1QYY9ZGIk7I_2505411988-0-cib.jpg\",\"datePublished\":\"2023-12-13T07:39:48+00:00\",\"dateModified\":\"2025-09-28T09:16:04+00:00\",\"description\":\"Looking for a Elegant Tassel Fringe Poncho ? You've come to the right place \ud83d\ude04 We offers a wide selection of Elegant Tassel Fringe Poncho, perfect for you.\",\"breadcrumb\":{\"@id\":\"https:\/\/ozponcho.com.au\/p\/stylish-fur-ball-cape\/#breadcrumb\"},\"inLanguage\":\"fr-FR\",\"potentialAction\":[{\"@type\":\"ReadAction\",\"target\":[\"https:\/\/ozponcho.com.au\/p\/stylish-fur-ball-cape\/\"]}]},{\"@type\":\"ImageObject\",\"inLanguage\":\"fr-FR\",\"@id\":\"https:\/\/ozponcho.com.au\/p\/stylish-fur-ball-cape\/#primaryimage\",\"url\":\"https:\/\/ozponcho.com.au\/wp-content\/uploads\/2023\/12\/O1CN01I1zuxJ1QYY9ZGIk7I_2505411988-0-cib.jpg\",\"contentUrl\":\"https:\/\/ozponcho.com.au\/wp-content\/uploads\/2023\/12\/O1CN01I1zuxJ1QYY9ZGIk7I_2505411988-0-cib.jpg\",\"width\":800,\"height\":800,\"caption\":\"Elegant Tassel Fringe Poncho\"},{\"@type\":\"BreadcrumbList\",\"@id\":\"https:\/\/ozponcho.com.au\/p\/stylish-fur-ball-cape\/#breadcrumb\",\"itemListElement\":[{\"@type\":\"ListItem\",\"position\":1,\"name\":\"Home\",\"item\":\"https:\/\/ozponcho.com.au\/\"},{\"@type\":\"ListItem\",\"position\":2,\"name\":\"Shop\",\"item\":\"https:\/\/ozponcho.com.au\/shop\/\"},{\"@type\":\"ListItem\",\"position\":3,\"name\":\"Elegant Tassel Fringe Poncho\"}]},{\"@type\":\"WebSite\",\"@id\":\"https:\/\/ozponcho.com.au\/#website\",\"url\":\"https:\/\/ozponcho.com.au\/\",\"name\":\"OZ Poncho\",\"description\":\"\",\"potentialAction\":[{\"@type\":\"SearchAction\",\"target\":{\"@type\":\"EntryPoint\",\"urlTemplate\":\"https:\/\/ozponcho.com.au\/?s={search_term_string}\"},\"query-input\":{\"@type\":\"PropertyValueSpecification\",\"valueRequired\":true,\"valueName\":\"search_term_string\"}}],\"inLanguage\":\"fr-FR\"}]}<\/script>\n<!-- \/ Yoast SEO plugin. -->","yoast_head_json":{"title":"Poncho \u00e9l\u00e9gant \u00e0 franges et pompons | France #1 Poncho Shop","description":"Vous \u00eates \u00e0 la recherche d'un Poncho \u00e9l\u00e9gant \u00e0 franges et glands ? Vous \u00eates au bon endroit \ud83d\ude04 Nous vous proposons un large choix de Poncho \u00e9l\u00e9gant \u00e0 franges \u00e0 pompons, parfait pour vous.","robots":{"index":"index","follow":"follow","max-snippet":"max-snippet:-1","max-image-preview":"max-image-preview:large","max-video-preview":"max-video-preview:-1"},"canonical":"https:\/\/ozponcho.com.au\/fr\/p\/cape-a-boules-de-fourrure-elegante\/","og_locale":"fr_FR","og_type":"article","og_title":"Elegant Tassel Fringe Poncho | France #1 Poncho Shop","og_description":"Looking for a Elegant Tassel Fringe Poncho ? You've come to the right place \ud83d\ude04 We offers a wide selection of Elegant Tassel Fringe Poncho, perfect for you.","og_url":"https:\/\/ozponcho.com.au\/fr\/p\/cape-a-boules-de-fourrure-elegante\/","og_site_name":"OZ Poncho","article_modified_time":"2025-09-28T09:16:04+00:00","og_image":[{"width":800,"height":800,"url":"https:\/\/ozponcho.com.au\/wp-content\/uploads\/2023\/12\/O1CN01I1zuxJ1QYY9ZGIk7I_2505411988-0-cib.jpg","type":"image\/jpeg"}],"twitter_card":"summary_large_image","twitter_misc":{"Dur\u00e9e de lecture estim\u00e9e":"1 minute"},"schema":{"@context":"https:\/\/schema.org","@graph":[{"@type":"WebPage","@id":"https:\/\/ozponcho.com.au\/p\/stylish-fur-ball-cape\/","url":"https:\/\/ozponcho.com.au\/p\/stylish-fur-ball-cape\/","name":"Poncho \u00e9l\u00e9gant \u00e0 franges et pompons | France #1 Poncho Shop","isPartOf":{"@id":"https:\/\/ozponcho.com.au\/#website"},"primaryImageOfPage":{"@id":"https:\/\/ozponcho.com.au\/p\/stylish-fur-ball-cape\/#primaryimage"},"image":{"@id":"https:\/\/ozponcho.com.au\/p\/stylish-fur-ball-cape\/#primaryimage"},"thumbnailUrl":"https:\/\/ozponcho.com.au\/wp-content\/uploads\/2023\/12\/O1CN01I1zuxJ1QYY9ZGIk7I_2505411988-0-cib.jpg","datePublished":"2023-12-13T07:39:48+00:00","dateModified":"2025-09-28T09:16:04+00:00","description":"Vous \u00eates \u00e0 la recherche d'un Poncho \u00e9l\u00e9gant \u00e0 franges et glands ? Vous \u00eates au bon endroit \ud83d\ude04 Nous vous proposons un large choix de Poncho \u00e9l\u00e9gant \u00e0 franges \u00e0 pompons, parfait pour vous.","breadcrumb":{"@id":"https:\/\/ozponcho.com.au\/p\/stylish-fur-ball-cape\/#breadcrumb"},"inLanguage":"fr-FR","potentialAction":[{"@type":"ReadAction","target":["https:\/\/ozponcho.com.au\/p\/stylish-fur-ball-cape\/"]}]},{"@type":"ImageObject","inLanguage":"fr-FR","@id":"https:\/\/ozponcho.com.au\/p\/stylish-fur-ball-cape\/#primaryimage","url":"https:\/\/ozponcho.com.au\/wp-content\/uploads\/2023\/12\/O1CN01I1zuxJ1QYY9ZGIk7I_2505411988-0-cib.jpg","contentUrl":"https:\/\/ozponcho.com.au\/wp-content\/uploads\/2023\/12\/O1CN01I1zuxJ1QYY9ZGIk7I_2505411988-0-cib.jpg","width":800,"height":800,"caption":"Elegant Tassel Fringe Poncho"},{"@type":"BreadcrumbList","@id":"https:\/\/ozponcho.com.au\/p\/stylish-fur-ball-cape\/#breadcrumb","itemListElement":[{"@type":"ListItem","position":1,"name":"Home","item":"https:\/\/ozponcho.com.au\/"},{"@type":"ListItem","position":2,"name":"Shop","item":"https:\/\/ozponcho.com.au\/shop\/"},{"@type":"ListItem","position":3,"name":"Elegant Tassel Fringe Poncho"}]},{"@type":"WebSite","@id":"https:\/\/ozponcho.com.au\/#website","url":"https:\/\/ozponcho.com.au\/","name":"Poncho OZ","description":"","potentialAction":[{"@type":"SearchAction","target":{"@type":"EntryPoint","urlTemplate":"https:\/\/ozponcho.com.au\/?s={search_term_string}"},"query-input":{"@type":"PropertyValueSpecification","valueRequired":true,"valueName":"search_term_string"}}],"inLanguage":"fr-FR"}]}},"_links":{"self":[{"href":"https:\/\/ozponcho.com.au\/fr\/wp-json\/wp\/v2\/product\/13540","targetHints":{"allow":["GET"]}}],"collection":[{"href":"https:\/\/ozponcho.com.au\/fr\/wp-json\/wp\/v2\/product"}],"about":[{"href":"https:\/\/ozponcho.com.au\/fr\/wp-json\/wp\/v2\/types\/product"}],"wp:featuredmedia":[{"embeddable":true,"href":"https:\/\/ozponcho.com.au\/fr\/wp-json\/wp\/v2\/media\/13510"}],"wp:attachment":[{"href":"https:\/\/ozponcho.com.au\/fr\/wp-json\/wp\/v2\/media?parent=13540"}],"wp:term":[{"taxonomy":"product_brand","embeddable":true,"href":"https:\/\/ozponcho.com.au\/fr\/wp-json\/wp\/v2\/product_brand?post=13540"},{"taxonomy":"product_cat","embeddable":true,"href":"https:\/\/ozponcho.com.au\/fr\/wp-json\/wp\/v2\/product_cat?post=13540"},{"taxonomy":"product_tag","embeddable":true,"href":"https:\/\/ozponcho.com.au\/fr\/wp-json\/wp\/v2\/product_tag?post=13540"}],"curies":[{"name":"wp","href":"https:\/\/api.w.org\/{rel}","templated":true}]}}