{"id":13235,"date":"2023-12-13T18:38:57","date_gmt":"2023-12-13T07:38:57","guid":{"rendered":"https:\/\/ozponcho.com.au\/p\/women-clothing-casual-loose-v-neck-hooded-pullover-mid-length-sweater-waistcoat-cloak-jacket\/"},"modified":"2025-05-03T18:06:02","modified_gmt":"2025-05-03T07:06:02","slug":"womens-cozy-boho-poncho","status":"publish","type":"product","link":"https:\/\/ozponcho.com.au\/fr\/p\/poncho-boho-confortable-pour-femmes\/","title":{"rendered":"Poncho \u00e0 capuche gris d\u00e9contract\u00e9"},"content":{"rendered":"<p>Acceptez le froid et insufflez votre style avec notre poncho \u00e0 capuche gris d\u00e9contract\u00e9. Con\u00e7u pour \u00eatre un indispensable de l'automne et de l'hiver, ce poncho d\u00e9gage une ambiance boh\u00e8me insouciante qui r\u00e9sonne avec les esprits libres et les passionn\u00e9s de mode. Son tissu en jersey confortable, associ\u00e9 \u00e0 une capuche g\u00e9n\u00e9reuse, assure chaleur et polyvalence. Les franges chics et l'\u00e9l\u00e9gante couleur grise unie renforcent son attrait stylistique. Que vous fassiez vos courses ou que vous profitiez d'une journ\u00e9e de d\u00e9tente, notre poncho promet de vous garder bien au chaud et \u00e0 la mode. Rehaussez votre garde-robe avec cette couche douillette indispensable !<\/p>\n<div>Style : D\u00e9contract\u00e9<\/div>\n<div>Forme : Ample<\/div>\n<div>Tissu : Jersey<\/div>\n<div>Motif : Solide<\/div>\n<div>\u00c9l\u00e9ment : Frange<\/div>\n<div>Longueur du haut : Long<\/div>\n<div>Encolure : Capuche<\/div>\n<div>Type de manche : R\u00e9guli\u00e8re<\/div>\n<div>Longueur des manches : Manches longues<\/div>\n<div>Composition principale : Polyester<\/div>\n<div>Saison : Automne\/Hiver<\/div>\n<p><img decoding=\"async\" src=\"https:\/\/ozponcho.com.au\/wp-content\/uploads\/2024\/03\/1163781901685620736.png\" \/><img decoding=\"async\" src=\"https:\/\/ozponcho.com.au\/wp-content\/uploads\/2024\/03\/O1CN01arJrWf1wQMtH3aaje_2455536302-0-cib.jpg\" \/><img decoding=\"async\" src=\"https:\/\/ozponcho.com.au\/wp-content\/uploads\/2024\/03\/O1CN01uzS4Or1wQMtH3aFxG_2455536302-0-cib.jpg\" \/><img decoding=\"async\" src=\"https:\/\/ozponcho.com.au\/wp-content\/uploads\/2024\/03\/O1CN01Lqnnej1wQMtNhNy31_2455536302-0-cib.jpg\" \/><img decoding=\"async\" src=\"https:\/\/ozponcho.com.au\/wp-content\/uploads\/2024\/03\/O1CN01S9wk921wQMtPLavLe_2455536302-0-cib.jpg\" \/><img decoding=\"async\" src=\"https:\/\/ozponcho.com.au\/wp-content\/uploads\/2024\/03\/O1CN01KX22a91wQMtME5f0D_2455536302-0-cib.jpg\" \/><img decoding=\"async\" src=\"https:\/\/ozponcho.com.au\/wp-content\/uploads\/2024\/03\/O1CN01lXziVy1wQMtNIACep_2455536302-0-cib.jpg\" \/><img decoding=\"async\" src=\"https:\/\/ozponcho.com.au\/wp-content\/uploads\/2024\/03\/O1CN014yFoLJ1wQMtNJZPcD_2455536302-0-cib.jpg\" \/><img decoding=\"async\" src=\"https:\/\/ozponcho.com.au\/wp-content\/uploads\/2024\/03\/O1CN01McdoXt1wQMtLI9pXJ_2455536302-0-cib.jpg\" \/><img decoding=\"async\" src=\"https:\/\/ozponcho.com.au\/wp-content\/uploads\/2024\/03\/O1CN01Lel2XD1wQMtJ7pvqV_2455536302-0-cib.jpg\" \/><img decoding=\"async\" src=\"https:\/\/ozponcho.com.au\/wp-content\/uploads\/2024\/03\/O1CN01V0YT071wQMtOXwL32_2455536302-0-cib.jpg\" \/><img decoding=\"async\" src=\"https:\/\/ozponcho.com.au\/wp-content\/uploads\/2024\/03\/O1CN01rw1Y0P1wQMtJ2vTMN_2455536302-0-cib.jpg\" \/><img decoding=\"async\" src=\"https:\/\/ozponcho.com.au\/wp-content\/uploads\/2024\/03\/O1CN01Vi7J8r1wQMtQuWF6a_2455536302-0-cib.jpg\" \/><img decoding=\"async\" src=\"https:\/\/ozponcho.com.au\/wp-content\/uploads\/2024\/03\/O1CN01AWvfTQ1wQMtPqv2Or_2455536302-0-cib.jpg\" \/><\/p>","protected":false},"excerpt":{"rendered":"<p>Embrace the chill and infuse your style with our Casual Grey Hooded Poncho. Crafted to be your go-to fall and winter essential, this poncho exudes a carefree bohemian vibe that resonates with free spirits and fashion enthusiasts alike. Its comfortable jersey fabric, coupled with a generous hood, ensures warmth and versatility. The chic fringe detailing [&#8230;]","protected":false},"featured_media":13116,"template":"","meta":[],"product_brand":[],"product_cat":[229,220,225,15,230,228,210],"product_tag":[],"class_list":{"0":"post-13235","1":"product","2":"type-product","3":"status-publish","4":"has-post-thumbnail","6":"product_cat-blanket-poncho","7":"product_cat-green-poncho","8":"product_cat-grey-poncho","9":"product_cat-main-category","10":"product_cat-poncho-dress","11":"product_cat-poncho-sweater","12":"product_cat-poncho-women","14":"first","15":"instock","16":"shipping-taxable","17":"purchasable","18":"product-type-variable"},"yoast_head":"<!-- This site is optimized with the Yoast SEO plugin v25.9 - https:\/\/yoast.com\/wordpress\/plugins\/seo\/ -->\n<title>Casual Grey Hooded Poncho | France #1 Poncho Shop<\/title>\n<meta name=\"description\" content=\"Looking for a Casual Grey Hooded Poncho ? You&#039;ve come to the right place \ud83d\ude04 We offers a wide selection of Casual Grey Hooded Poncho, perfect for you.\" \/>\n<meta name=\"robots\" content=\"index, follow, max-snippet:-1, max-image-preview:large, max-video-preview:-1\" \/>\n<link rel=\"canonical\" href=\"https:\/\/ozponcho.com.au\/fr\/p\/poncho-boho-confortable-pour-femmes\/\" \/>\n<meta property=\"og:locale\" content=\"fr_FR\" \/>\n<meta property=\"og:type\" content=\"article\" \/>\n<meta property=\"og:title\" content=\"Casual Grey Hooded Poncho | France #1 Poncho Shop\" \/>\n<meta property=\"og:description\" content=\"Looking for a Casual Grey Hooded Poncho ? You&#039;ve come to the right place \ud83d\ude04 We offers a wide selection of Casual Grey Hooded Poncho, perfect for you.\" \/>\n<meta property=\"og:url\" content=\"https:\/\/ozponcho.com.au\/fr\/p\/poncho-boho-confortable-pour-femmes\/\" \/>\n<meta property=\"og:site_name\" content=\"OZ Poncho\" \/>\n<meta property=\"article:modified_time\" content=\"2025-05-03T07:06:02+00:00\" \/>\n<meta property=\"og:image\" content=\"https:\/\/ozponcho.com.au\/wp-content\/uploads\/2023\/12\/O1CN01FgQknY1wQMtNIDctT_2455536302-0-cib.jpg\" \/>\n\t<meta property=\"og:image:width\" content=\"1800\" \/>\n\t<meta property=\"og:image:height\" content=\"1800\" \/>\n\t<meta property=\"og:image:type\" content=\"image\/jpeg\" \/>\n<meta name=\"twitter:card\" content=\"summary_large_image\" \/>\n<meta name=\"twitter:label1\" content=\"Dur\u00e9e de lecture estim\u00e9e\" \/>\n\t<meta name=\"twitter:data1\" content=\"4 minutes\" \/>\n<script type=\"application\/ld+json\" class=\"yoast-schema-graph\">{\"@context\":\"https:\/\/schema.org\",\"@graph\":[{\"@type\":\"WebPage\",\"@id\":\"https:\/\/ozponcho.com.au\/p\/womens-cozy-boho-poncho\/\",\"url\":\"https:\/\/ozponcho.com.au\/p\/womens-cozy-boho-poncho\/\",\"name\":\"Casual Grey Hooded Poncho | France #1 Poncho Shop\",\"isPartOf\":{\"@id\":\"https:\/\/ozponcho.com.au\/#website\"},\"primaryImageOfPage\":{\"@id\":\"https:\/\/ozponcho.com.au\/p\/womens-cozy-boho-poncho\/#primaryimage\"},\"image\":{\"@id\":\"https:\/\/ozponcho.com.au\/p\/womens-cozy-boho-poncho\/#primaryimage\"},\"thumbnailUrl\":\"https:\/\/ozponcho.com.au\/wp-content\/uploads\/2023\/12\/O1CN01FgQknY1wQMtNIDctT_2455536302-0-cib.jpg\",\"datePublished\":\"2023-12-13T07:38:57+00:00\",\"dateModified\":\"2025-05-03T07:06:02+00:00\",\"description\":\"Looking for a Casual Grey Hooded Poncho ? You've come to the right place \ud83d\ude04 We offers a wide selection of Casual Grey Hooded Poncho, perfect for you.\",\"breadcrumb\":{\"@id\":\"https:\/\/ozponcho.com.au\/p\/womens-cozy-boho-poncho\/#breadcrumb\"},\"inLanguage\":\"fr-FR\",\"potentialAction\":[{\"@type\":\"ReadAction\",\"target\":[\"https:\/\/ozponcho.com.au\/p\/womens-cozy-boho-poncho\/\"]}]},{\"@type\":\"ImageObject\",\"inLanguage\":\"fr-FR\",\"@id\":\"https:\/\/ozponcho.com.au\/p\/womens-cozy-boho-poncho\/#primaryimage\",\"url\":\"https:\/\/ozponcho.com.au\/wp-content\/uploads\/2023\/12\/O1CN01FgQknY1wQMtNIDctT_2455536302-0-cib.jpg\",\"contentUrl\":\"https:\/\/ozponcho.com.au\/wp-content\/uploads\/2023\/12\/O1CN01FgQknY1wQMtNIDctT_2455536302-0-cib.jpg\",\"width\":1800,\"height\":1800,\"caption\":\"Casual Grey Hooded Poncho\"},{\"@type\":\"BreadcrumbList\",\"@id\":\"https:\/\/ozponcho.com.au\/p\/womens-cozy-boho-poncho\/#breadcrumb\",\"itemListElement\":[{\"@type\":\"ListItem\",\"position\":1,\"name\":\"Home\",\"item\":\"https:\/\/ozponcho.com.au\/\"},{\"@type\":\"ListItem\",\"position\":2,\"name\":\"Shop\",\"item\":\"https:\/\/ozponcho.com.au\/shop\/\"},{\"@type\":\"ListItem\",\"position\":3,\"name\":\"Casual Grey Hooded Poncho\"}]},{\"@type\":\"WebSite\",\"@id\":\"https:\/\/ozponcho.com.au\/#website\",\"url\":\"https:\/\/ozponcho.com.au\/\",\"name\":\"OZ Poncho\",\"description\":\"\",\"potentialAction\":[{\"@type\":\"SearchAction\",\"target\":{\"@type\":\"EntryPoint\",\"urlTemplate\":\"https:\/\/ozponcho.com.au\/?s={search_term_string}\"},\"query-input\":{\"@type\":\"PropertyValueSpecification\",\"valueRequired\":true,\"valueName\":\"search_term_string\"}}],\"inLanguage\":\"fr-FR\"}]}<\/script>\n<!-- \/ Yoast SEO plugin. -->","yoast_head_json":{"title":"Casual Grey Hooded Poncho | France #1 Poncho Shop","description":"Vous \u00eates \u00e0 la recherche d'un Poncho \u00e0 capuche gris d\u00e9contract\u00e9 ? Vous \u00eates au bon endroit \ud83d\ude04 Nous vous proposons une large s\u00e9lection de Poncho \u00e0 capuche gris d\u00e9contract\u00e9, parfait pour vous.","robots":{"index":"index","follow":"follow","max-snippet":"max-snippet:-1","max-image-preview":"max-image-preview:large","max-video-preview":"max-video-preview:-1"},"canonical":"https:\/\/ozponcho.com.au\/fr\/p\/poncho-boho-confortable-pour-femmes\/","og_locale":"fr_FR","og_type":"article","og_title":"Casual Grey Hooded Poncho | France #1 Poncho Shop","og_description":"Looking for a Casual Grey Hooded Poncho ? You've come to the right place \ud83d\ude04 We offers a wide selection of Casual Grey Hooded Poncho, perfect for you.","og_url":"https:\/\/ozponcho.com.au\/fr\/p\/poncho-boho-confortable-pour-femmes\/","og_site_name":"OZ Poncho","article_modified_time":"2025-05-03T07:06:02+00:00","og_image":[{"width":1800,"height":1800,"url":"https:\/\/ozponcho.com.au\/wp-content\/uploads\/2023\/12\/O1CN01FgQknY1wQMtNIDctT_2455536302-0-cib.jpg","type":"image\/jpeg"}],"twitter_card":"summary_large_image","twitter_misc":{"Dur\u00e9e de lecture estim\u00e9e":"4 minutes"},"schema":{"@context":"https:\/\/schema.org","@graph":[{"@type":"WebPage","@id":"https:\/\/ozponcho.com.au\/p\/womens-cozy-boho-poncho\/","url":"https:\/\/ozponcho.com.au\/p\/womens-cozy-boho-poncho\/","name":"Casual Grey Hooded Poncho | France #1 Poncho Shop","isPartOf":{"@id":"https:\/\/ozponcho.com.au\/#website"},"primaryImageOfPage":{"@id":"https:\/\/ozponcho.com.au\/p\/womens-cozy-boho-poncho\/#primaryimage"},"image":{"@id":"https:\/\/ozponcho.com.au\/p\/womens-cozy-boho-poncho\/#primaryimage"},"thumbnailUrl":"https:\/\/ozponcho.com.au\/wp-content\/uploads\/2023\/12\/O1CN01FgQknY1wQMtNIDctT_2455536302-0-cib.jpg","datePublished":"2023-12-13T07:38:57+00:00","dateModified":"2025-05-03T07:06:02+00:00","description":"Vous \u00eates \u00e0 la recherche d'un Poncho \u00e0 capuche gris d\u00e9contract\u00e9 ? Vous \u00eates au bon endroit \ud83d\ude04 Nous vous proposons une large s\u00e9lection de Poncho \u00e0 capuche gris d\u00e9contract\u00e9, parfait pour vous.","breadcrumb":{"@id":"https:\/\/ozponcho.com.au\/p\/womens-cozy-boho-poncho\/#breadcrumb"},"inLanguage":"fr-FR","potentialAction":[{"@type":"ReadAction","target":["https:\/\/ozponcho.com.au\/p\/womens-cozy-boho-poncho\/"]}]},{"@type":"ImageObject","inLanguage":"fr-FR","@id":"https:\/\/ozponcho.com.au\/p\/womens-cozy-boho-poncho\/#primaryimage","url":"https:\/\/ozponcho.com.au\/wp-content\/uploads\/2023\/12\/O1CN01FgQknY1wQMtNIDctT_2455536302-0-cib.jpg","contentUrl":"https:\/\/ozponcho.com.au\/wp-content\/uploads\/2023\/12\/O1CN01FgQknY1wQMtNIDctT_2455536302-0-cib.jpg","width":1800,"height":1800,"caption":"Casual Grey Hooded Poncho"},{"@type":"BreadcrumbList","@id":"https:\/\/ozponcho.com.au\/p\/womens-cozy-boho-poncho\/#breadcrumb","itemListElement":[{"@type":"ListItem","position":1,"name":"Home","item":"https:\/\/ozponcho.com.au\/"},{"@type":"ListItem","position":2,"name":"Shop","item":"https:\/\/ozponcho.com.au\/shop\/"},{"@type":"ListItem","position":3,"name":"Casual Grey Hooded Poncho"}]},{"@type":"WebSite","@id":"https:\/\/ozponcho.com.au\/#website","url":"https:\/\/ozponcho.com.au\/","name":"Poncho OZ","description":"","potentialAction":[{"@type":"SearchAction","target":{"@type":"EntryPoint","urlTemplate":"https:\/\/ozponcho.com.au\/?s={search_term_string}"},"query-input":{"@type":"PropertyValueSpecification","valueRequired":true,"valueName":"search_term_string"}}],"inLanguage":"fr-FR"}]}},"_links":{"self":[{"href":"https:\/\/ozponcho.com.au\/fr\/wp-json\/wp\/v2\/product\/13235","targetHints":{"allow":["GET"]}}],"collection":[{"href":"https:\/\/ozponcho.com.au\/fr\/wp-json\/wp\/v2\/product"}],"about":[{"href":"https:\/\/ozponcho.com.au\/fr\/wp-json\/wp\/v2\/types\/product"}],"wp:featuredmedia":[{"embeddable":true,"href":"https:\/\/ozponcho.com.au\/fr\/wp-json\/wp\/v2\/media\/13116"}],"wp:attachment":[{"href":"https:\/\/ozponcho.com.au\/fr\/wp-json\/wp\/v2\/media?parent=13235"}],"wp:term":[{"taxonomy":"product_brand","embeddable":true,"href":"https:\/\/ozponcho.com.au\/fr\/wp-json\/wp\/v2\/product_brand?post=13235"},{"taxonomy":"product_cat","embeddable":true,"href":"https:\/\/ozponcho.com.au\/fr\/wp-json\/wp\/v2\/product_cat?post=13235"},{"taxonomy":"product_tag","embeddable":true,"href":"https:\/\/ozponcho.com.au\/fr\/wp-json\/wp\/v2\/product_tag?post=13235"}],"curies":[{"name":"wp","href":"https:\/\/api.w.org\/{rel}","templated":true}]}}