{"id":12791,"date":"2023-12-13T18:36:52","date_gmt":"2023-12-13T07:36:52","guid":{"rendered":"https:\/\/ozponcho.com.au\/p\/tassel-cape-shawl-women-autumn-winter-contrast-color-split-thermal-plaid-scarf\/"},"modified":"2025-09-26T12:56:12","modified_gmt":"2025-09-26T01:56:12","slug":"tassel-cape-shawl-plaid","status":"publish","type":"product","link":"https:\/\/ozponcho.com.au\/fr\/p\/cape-a-pompon-chale-plaid\/","title":{"rendered":"Ch\u00e2le Poncho d'automne \u00e0 pompons en tissu \u00e9cossais"},"content":{"rendered":"<p>Rehaussez votre garde-robe d'automne et d'hiver avec ce chic poncho \u00e0 capuchon et ch\u00e2le pour femmes. Con\u00e7u pour apporter \u00e0 la fois chaleur et style, ce poncho arbore un motif \u00e9cossais contrast\u00e9 captivant qui ne manquera pas de faire tourner les t\u00eates. La coupe ample et confortable, flanqu\u00e9e de franges ludiques, cr\u00e9e une silhouette \u00e9l\u00e9gante sans effort, tandis que le tissu en jersey offre une sensation douillette. Id\u00e9al pour superposer des tenues d\u00e9contract\u00e9es ou pour ajouter une touche d'\u00e9l\u00e9gance \u00e0 une tenue de soir\u00e9e, c'est l'accessoire indispensable dont vous avez besoin pour les saisons plus fra\u00eeches.<\/p>\n<div>Style : D\u00e9contract\u00e9<\/div>\n<div>Forme : Ample<\/div>\n<div>Tissu : Jersey<\/div>\n<div>Motif : carreaux<\/div>\n<div>\u00c9l\u00e9ment : Frange<\/div>\n<div>Longueur du haut : Long<\/div>\n<div>Type de manche : Manche Dolman<\/div>\n<div>Longueur des manches : manches 3\/4<\/div>\n<div>Type de fermeture : Autres<\/div>\n<div>Composition principale : Acrylique<\/div>\n<div>Saison : Automne\/Hiver<\/div>\n<p><img decoding=\"async\" src=\"https:\/\/ozponcho.com.au\/wp-content\/uploads\/2024\/03\/1136967655840808960.png\" \/><img decoding=\"async\" src=\"https:\/\/ozponcho.com.au\/wp-content\/uploads\/2024\/03\/O1CN01oaDmlA1QYYF7mSNel_2505411988-0-cib.jpg\" \/><img decoding=\"async\" src=\"https:\/\/ozponcho.com.au\/wp-content\/uploads\/2024\/03\/O1CN01iimGIm1QYYFAtySFO_2505411988-0-cib.jpg\" \/><img decoding=\"async\" src=\"https:\/\/ozponcho.com.au\/wp-content\/uploads\/2024\/03\/O1CN01i8aF0p1QYYF7vaf6s_2505411988-0-cib.jpg\" \/><img decoding=\"async\" src=\"https:\/\/ozponcho.com.au\/wp-content\/uploads\/2024\/03\/O1CN01WQJWep1QYYFEe6Gr3_2505411988-0-cib.jpg\" \/><img decoding=\"async\" src=\"https:\/\/ozponcho.com.au\/wp-content\/uploads\/2024\/03\/O1CN01u3tGju1QYYF7vZiu5_2505411988-0-cib.jpg\" \/><img decoding=\"async\" src=\"https:\/\/ozponcho.com.au\/wp-content\/uploads\/2024\/03\/O1CN013fKWfM1QYYFBL2LRw_2505411988-0-cib.jpg\" \/><img decoding=\"async\" src=\"https:\/\/ozponcho.com.au\/wp-content\/uploads\/2024\/03\/O1CN01Uh4zcX1QYYFCqcmMu_2505411988-0-cib.jpg\" \/><\/p>","protected":false},"excerpt":{"rendered":"<p>Elevate your autumn and winter wardrobe with this chic Tassel Cape Shawl Poncho for women. Designed to provide both warmth and style, this poncho boasts a captivating contrast color plaid pattern that is sure to turn heads. The comfortable loose fit, flanked by playful fringe detailing, creates an effortlessly elegant silhouette, while the jersey fabric [&#8230;]","protected":false},"featured_media":12755,"template":"","meta":[],"product_brand":[],"product_cat":[219,229,226,15,228,210],"product_tag":[],"class_list":{"0":"post-12791","1":"product","2":"type-product","3":"status-publish","4":"has-post-thumbnail","6":"product_cat-black-poncho","7":"product_cat-blanket-poncho","8":"product_cat-brown-poncho","9":"product_cat-main-category","10":"product_cat-poncho-sweater","11":"product_cat-poncho-women","13":"first","14":"outofstock","15":"shipping-taxable","16":"purchasable","17":"product-type-variable"},"yoast_head":"<!-- This site is optimized with the Yoast SEO plugin v25.9 - https:\/\/yoast.com\/wordpress\/plugins\/seo\/ -->\n<title>Autumn Plaid Tassel Poncho Shawl | France #1 Poncho Shop<\/title>\n<meta name=\"description\" content=\"Looking for a Autumn Plaid Tassel Poncho Shawl ? You&#039;ve come to the right place \ud83d\ude04 We offers a wide selection of Autumn Plaid Tassel Poncho Shawl, perfect for you.\" \/>\n<meta name=\"robots\" content=\"index, follow, max-snippet:-1, max-image-preview:large, max-video-preview:-1\" \/>\n<link rel=\"canonical\" href=\"https:\/\/ozponcho.com.au\/fr\/p\/cape-a-pompon-chale-plaid\/\" \/>\n<meta property=\"og:locale\" content=\"fr_FR\" \/>\n<meta property=\"og:type\" content=\"article\" \/>\n<meta property=\"og:title\" content=\"Autumn Plaid Tassel Poncho Shawl | France #1 Poncho Shop\" \/>\n<meta property=\"og:description\" content=\"Looking for a Autumn Plaid Tassel Poncho Shawl ? You&#039;ve come to the right place \ud83d\ude04 We offers a wide selection of Autumn Plaid Tassel Poncho Shawl, perfect for you.\" \/>\n<meta property=\"og:url\" content=\"https:\/\/ozponcho.com.au\/fr\/p\/cape-a-pompon-chale-plaid\/\" \/>\n<meta property=\"og:site_name\" content=\"OZ Poncho\" \/>\n<meta property=\"article:modified_time\" content=\"2025-09-26T01:56:12+00:00\" \/>\n<meta property=\"og:image\" content=\"https:\/\/ozponcho.com.au\/wp-content\/uploads\/2023\/12\/O1CN01vuLV2X1QYYF5hvO1v_2505411988-0-cib.jpg\" \/>\n\t<meta property=\"og:image:width\" content=\"800\" \/>\n\t<meta property=\"og:image:height\" content=\"800\" \/>\n\t<meta property=\"og:image:type\" content=\"image\/jpeg\" \/>\n<meta name=\"twitter:card\" content=\"summary_large_image\" \/>\n<meta name=\"twitter:label1\" content=\"Dur\u00e9e de lecture estim\u00e9e\" \/>\n\t<meta name=\"twitter:data1\" content=\"1 minute\" \/>\n<script type=\"application\/ld+json\" class=\"yoast-schema-graph\">{\"@context\":\"https:\/\/schema.org\",\"@graph\":[{\"@type\":\"WebPage\",\"@id\":\"https:\/\/ozponcho.com.au\/p\/tassel-cape-shawl-plaid\/\",\"url\":\"https:\/\/ozponcho.com.au\/p\/tassel-cape-shawl-plaid\/\",\"name\":\"Autumn Plaid Tassel Poncho Shawl | France #1 Poncho Shop\",\"isPartOf\":{\"@id\":\"https:\/\/ozponcho.com.au\/#website\"},\"primaryImageOfPage\":{\"@id\":\"https:\/\/ozponcho.com.au\/p\/tassel-cape-shawl-plaid\/#primaryimage\"},\"image\":{\"@id\":\"https:\/\/ozponcho.com.au\/p\/tassel-cape-shawl-plaid\/#primaryimage\"},\"thumbnailUrl\":\"https:\/\/ozponcho.com.au\/wp-content\/uploads\/2023\/12\/O1CN01vuLV2X1QYYF5hvO1v_2505411988-0-cib.jpg\",\"datePublished\":\"2023-12-13T07:36:52+00:00\",\"dateModified\":\"2025-09-26T01:56:12+00:00\",\"description\":\"Looking for a Autumn Plaid Tassel Poncho Shawl ? You've come to the right place \ud83d\ude04 We offers a wide selection of Autumn Plaid Tassel Poncho Shawl, perfect for you.\",\"breadcrumb\":{\"@id\":\"https:\/\/ozponcho.com.au\/p\/tassel-cape-shawl-plaid\/#breadcrumb\"},\"inLanguage\":\"fr-FR\",\"potentialAction\":[{\"@type\":\"ReadAction\",\"target\":[\"https:\/\/ozponcho.com.au\/p\/tassel-cape-shawl-plaid\/\"]}]},{\"@type\":\"ImageObject\",\"inLanguage\":\"fr-FR\",\"@id\":\"https:\/\/ozponcho.com.au\/p\/tassel-cape-shawl-plaid\/#primaryimage\",\"url\":\"https:\/\/ozponcho.com.au\/wp-content\/uploads\/2023\/12\/O1CN01vuLV2X1QYYF5hvO1v_2505411988-0-cib.jpg\",\"contentUrl\":\"https:\/\/ozponcho.com.au\/wp-content\/uploads\/2023\/12\/O1CN01vuLV2X1QYYF5hvO1v_2505411988-0-cib.jpg\",\"width\":800,\"height\":800,\"caption\":\"Autumn Plaid Tassel Poncho Shawl\"},{\"@type\":\"BreadcrumbList\",\"@id\":\"https:\/\/ozponcho.com.au\/p\/tassel-cape-shawl-plaid\/#breadcrumb\",\"itemListElement\":[{\"@type\":\"ListItem\",\"position\":1,\"name\":\"Home\",\"item\":\"https:\/\/ozponcho.com.au\/\"},{\"@type\":\"ListItem\",\"position\":2,\"name\":\"Shop\",\"item\":\"https:\/\/ozponcho.com.au\/shop\/\"},{\"@type\":\"ListItem\",\"position\":3,\"name\":\"Autumn Plaid Tassel Poncho Shawl\"}]},{\"@type\":\"WebSite\",\"@id\":\"https:\/\/ozponcho.com.au\/#website\",\"url\":\"https:\/\/ozponcho.com.au\/\",\"name\":\"OZ Poncho\",\"description\":\"\",\"potentialAction\":[{\"@type\":\"SearchAction\",\"target\":{\"@type\":\"EntryPoint\",\"urlTemplate\":\"https:\/\/ozponcho.com.au\/?s={search_term_string}\"},\"query-input\":{\"@type\":\"PropertyValueSpecification\",\"valueRequired\":true,\"valueName\":\"search_term_string\"}}],\"inLanguage\":\"fr-FR\"}]}<\/script>\n<!-- \/ Yoast SEO plugin. -->","yoast_head_json":{"title":"Automne Plaid Tassel Poncho Shawl | France #1 Poncho Shop","description":"Vous \u00eates \u00e0 la recherche d'un ch\u00e2le Poncho Tassel Plaid Automne ? Vous \u00eates au bon endroit \ud83d\ude04 Nous vous proposons un large choix de Ch\u00e2le Poncho Tassel Plaid Automne, parfait pour vous.","robots":{"index":"index","follow":"follow","max-snippet":"max-snippet:-1","max-image-preview":"max-image-preview:large","max-video-preview":"max-video-preview:-1"},"canonical":"https:\/\/ozponcho.com.au\/fr\/p\/cape-a-pompon-chale-plaid\/","og_locale":"fr_FR","og_type":"article","og_title":"Autumn Plaid Tassel Poncho Shawl | France #1 Poncho Shop","og_description":"Looking for a Autumn Plaid Tassel Poncho Shawl ? You've come to the right place \ud83d\ude04 We offers a wide selection of Autumn Plaid Tassel Poncho Shawl, perfect for you.","og_url":"https:\/\/ozponcho.com.au\/fr\/p\/cape-a-pompon-chale-plaid\/","og_site_name":"OZ Poncho","article_modified_time":"2025-09-26T01:56:12+00:00","og_image":[{"width":800,"height":800,"url":"https:\/\/ozponcho.com.au\/wp-content\/uploads\/2023\/12\/O1CN01vuLV2X1QYYF5hvO1v_2505411988-0-cib.jpg","type":"image\/jpeg"}],"twitter_card":"summary_large_image","twitter_misc":{"Dur\u00e9e de lecture estim\u00e9e":"1 minute"},"schema":{"@context":"https:\/\/schema.org","@graph":[{"@type":"WebPage","@id":"https:\/\/ozponcho.com.au\/p\/tassel-cape-shawl-plaid\/","url":"https:\/\/ozponcho.com.au\/p\/tassel-cape-shawl-plaid\/","name":"Automne Plaid Tassel Poncho Shawl | France #1 Poncho Shop","isPartOf":{"@id":"https:\/\/ozponcho.com.au\/#website"},"primaryImageOfPage":{"@id":"https:\/\/ozponcho.com.au\/p\/tassel-cape-shawl-plaid\/#primaryimage"},"image":{"@id":"https:\/\/ozponcho.com.au\/p\/tassel-cape-shawl-plaid\/#primaryimage"},"thumbnailUrl":"https:\/\/ozponcho.com.au\/wp-content\/uploads\/2023\/12\/O1CN01vuLV2X1QYYF5hvO1v_2505411988-0-cib.jpg","datePublished":"2023-12-13T07:36:52+00:00","dateModified":"2025-09-26T01:56:12+00:00","description":"Vous \u00eates \u00e0 la recherche d'un ch\u00e2le Poncho Tassel Plaid Automne ? Vous \u00eates au bon endroit \ud83d\ude04 Nous vous proposons un large choix de Ch\u00e2le Poncho Tassel Plaid Automne, parfait pour vous.","breadcrumb":{"@id":"https:\/\/ozponcho.com.au\/p\/tassel-cape-shawl-plaid\/#breadcrumb"},"inLanguage":"fr-FR","potentialAction":[{"@type":"ReadAction","target":["https:\/\/ozponcho.com.au\/p\/tassel-cape-shawl-plaid\/"]}]},{"@type":"ImageObject","inLanguage":"fr-FR","@id":"https:\/\/ozponcho.com.au\/p\/tassel-cape-shawl-plaid\/#primaryimage","url":"https:\/\/ozponcho.com.au\/wp-content\/uploads\/2023\/12\/O1CN01vuLV2X1QYYF5hvO1v_2505411988-0-cib.jpg","contentUrl":"https:\/\/ozponcho.com.au\/wp-content\/uploads\/2023\/12\/O1CN01vuLV2X1QYYF5hvO1v_2505411988-0-cib.jpg","width":800,"height":800,"caption":"Autumn Plaid Tassel Poncho Shawl"},{"@type":"BreadcrumbList","@id":"https:\/\/ozponcho.com.au\/p\/tassel-cape-shawl-plaid\/#breadcrumb","itemListElement":[{"@type":"ListItem","position":1,"name":"Home","item":"https:\/\/ozponcho.com.au\/"},{"@type":"ListItem","position":2,"name":"Shop","item":"https:\/\/ozponcho.com.au\/shop\/"},{"@type":"ListItem","position":3,"name":"Autumn Plaid Tassel Poncho Shawl"}]},{"@type":"WebSite","@id":"https:\/\/ozponcho.com.au\/#website","url":"https:\/\/ozponcho.com.au\/","name":"Poncho OZ","description":"","potentialAction":[{"@type":"SearchAction","target":{"@type":"EntryPoint","urlTemplate":"https:\/\/ozponcho.com.au\/?s={search_term_string}"},"query-input":{"@type":"PropertyValueSpecification","valueRequired":true,"valueName":"search_term_string"}}],"inLanguage":"fr-FR"}]}},"_links":{"self":[{"href":"https:\/\/ozponcho.com.au\/fr\/wp-json\/wp\/v2\/product\/12791","targetHints":{"allow":["GET"]}}],"collection":[{"href":"https:\/\/ozponcho.com.au\/fr\/wp-json\/wp\/v2\/product"}],"about":[{"href":"https:\/\/ozponcho.com.au\/fr\/wp-json\/wp\/v2\/types\/product"}],"wp:featuredmedia":[{"embeddable":true,"href":"https:\/\/ozponcho.com.au\/fr\/wp-json\/wp\/v2\/media\/12755"}],"wp:attachment":[{"href":"https:\/\/ozponcho.com.au\/fr\/wp-json\/wp\/v2\/media?parent=12791"}],"wp:term":[{"taxonomy":"product_brand","embeddable":true,"href":"https:\/\/ozponcho.com.au\/fr\/wp-json\/wp\/v2\/product_brand?post=12791"},{"taxonomy":"product_cat","embeddable":true,"href":"https:\/\/ozponcho.com.au\/fr\/wp-json\/wp\/v2\/product_cat?post=12791"},{"taxonomy":"product_tag","embeddable":true,"href":"https:\/\/ozponcho.com.au\/fr\/wp-json\/wp\/v2\/product_tag?post=12791"}],"curies":[{"name":"wp","href":"https:\/\/api.w.org\/{rel}","templated":true}]}}