{"id":12789,"date":"2023-12-13T18:36:52","date_gmt":"2023-12-13T07:36:52","guid":{"rendered":"https:\/\/ozponcho.com.au\/p\/knitted-tassel-shawl-cape-women-autumn-winter-striped-hooded-women-scarf\/"},"modified":"2024-07-26T12:25:31","modified_gmt":"2024-07-26T01:25:31","slug":"autumn-winter-striped-cape","status":"publish","type":"product","link":"https:\/\/ozponcho.com.au\/fr\/p\/autumn-winter-striped-cape\/","title":{"rendered":"Ch\u00e2le Poncho \u00e0 pompons ray\u00e9"},"content":{"rendered":"<p>Embrace coziness and sophistication with our Striped Tassel Poncho Shawl! Designed for autumn and winter wear, this jersey fabric poncho offers a casual yet elegant touch to your wardrobe. It&#8217;s the perfect accessory to keep you warm and stylish with its fringed edges and hooded design. The loose fit ensures maximum comfort, while the short sleeves and lightweight material make it a versatile piece for layering. Whether you&#8217;re out for an evening stroll or enjoying a casual meetup, this poncho is sure to enhance your outfit and become a seasonal favorite.<\/p>\n<div>Style : D\u00e9contract\u00e9<\/div>\n<div>Forme : Ample<\/div>\n<div>Tissu : Jersey<\/div>\n<div>Motif : Rayure<\/div>\n<div>\u00c9l\u00e9ment : Frange<\/div>\n<div>Longueur du haut : Long<\/div>\n<div>Type de manchon : Autres<\/div>\n<div>Sleeve Length: Short Sleeve<\/div>\n<div>Type de fermeture : Autres<\/div>\n<div>Composition principale : Polyester<\/div>\n<div>Saison : Automne\/Hiver<\/div>\n<p><img decoding=\"async\" src=\"https:\/\/ozponcho.com.au\/wp-content\/uploads\/2024\/03\/1134441006985379840.png\" \/><img decoding=\"async\" src=\"https:\/\/ozponcho.com.au\/wp-content\/uploads\/2024\/03\/O1CN01DvLSXy1QYYF45Bz8Y_2505411988-0-cib.jpg\" \/><img decoding=\"async\" src=\"https:\/\/ozponcho.com.au\/wp-content\/uploads\/2024\/03\/O1CN010FkuOD1QYYF45DnQ4_2505411988-0-cib.jpg\" \/><img decoding=\"async\" src=\"https:\/\/ozponcho.com.au\/wp-content\/uploads\/2024\/03\/O1CN01HlEqZF1QYYF45AVeu_2505411988-0-cib.jpg\" \/><img decoding=\"async\" src=\"https:\/\/ozponcho.com.au\/wp-content\/uploads\/2024\/03\/O1CN01jUp8EH1QYYF0CZUlS_2505411988-0-cib.jpg\" \/><img decoding=\"async\" src=\"https:\/\/ozponcho.com.au\/wp-content\/uploads\/2024\/03\/O1CN01DZuoiE1QYYF2ayD9b_2505411988-0-cib.jpg\" \/><\/p>","protected":false},"excerpt":{"rendered":"<p>Embrace coziness and sophistication with our Striped Tassel Poncho Shawl! Designed for autumn and winter wear, this jersey fabric poncho offers a casual yet elegant touch to your wardrobe. It&#8217;s the perfect accessory to keep you warm and stylish with its fringed edges and hooded design. The loose fit ensures maximum comfort, while the short [&#8230;]","protected":false},"featured_media":12766,"template":"","meta":[],"product_brand":[],"product_cat":[229,223,216,225,15,228,210],"product_tag":[],"class_list":{"0":"post-12789","1":"product","2":"type-product","3":"status-publish","4":"has-post-thumbnail","6":"product_cat-blanket-poncho","7":"product_cat-blue-poncho","8":"product_cat-cashmere-poncho","9":"product_cat-grey-poncho","10":"product_cat-main-category","11":"product_cat-poncho-sweater","12":"product_cat-poncho-women","14":"first","15":"outofstock","16":"shipping-taxable","17":"purchasable","18":"product-type-variable"},"yoast_head":"<!-- This site is optimized with the Yoast SEO plugin v25.9 - https:\/\/yoast.com\/wordpress\/plugins\/seo\/ -->\n<title>Striped Tassel Poncho Shawl | France #1 Poncho Shop<\/title>\n<meta name=\"description\" content=\"Looking for a Striped Tassel Poncho Shawl ? You&#039;ve come to the right place \ud83d\ude04 We offers a wide selection of Striped Tassel Poncho Shawl, perfect for you.\" \/>\n<meta name=\"robots\" content=\"index, follow, max-snippet:-1, max-image-preview:large, max-video-preview:-1\" \/>\n<link rel=\"canonical\" href=\"https:\/\/ozponcho.com.au\/fr\/p\/autumn-winter-striped-cape\/\" \/>\n<meta property=\"og:locale\" content=\"fr_FR\" \/>\n<meta property=\"og:type\" content=\"article\" \/>\n<meta property=\"og:title\" content=\"Striped Tassel Poncho Shawl | France #1 Poncho Shop\" \/>\n<meta property=\"og:description\" content=\"Looking for a Striped Tassel Poncho Shawl ? You&#039;ve come to the right place \ud83d\ude04 We offers a wide selection of Striped Tassel Poncho Shawl, perfect for you.\" \/>\n<meta property=\"og:url\" content=\"https:\/\/ozponcho.com.au\/fr\/p\/autumn-winter-striped-cape\/\" \/>\n<meta property=\"og:site_name\" content=\"OZ Poncho\" \/>\n<meta property=\"article:modified_time\" content=\"2024-07-26T01:25:31+00:00\" \/>\n<meta property=\"og:image\" content=\"https:\/\/ozponcho.com.au\/wp-content\/uploads\/2023\/12\/O1CN01E3PyOG1QYYEyvlVcD_2505411988-0-cib.jpg\" \/>\n\t<meta property=\"og:image:width\" content=\"800\" \/>\n\t<meta property=\"og:image:height\" content=\"800\" \/>\n\t<meta property=\"og:image:type\" content=\"image\/jpeg\" \/>\n<meta name=\"twitter:card\" content=\"summary_large_image\" \/>\n<meta name=\"twitter:label1\" content=\"Dur\u00e9e de lecture estim\u00e9e\" \/>\n\t<meta name=\"twitter:data1\" content=\"2 minutes\" \/>\n<script type=\"application\/ld+json\" class=\"yoast-schema-graph\">{\"@context\":\"https:\/\/schema.org\",\"@graph\":[{\"@type\":\"WebPage\",\"@id\":\"https:\/\/ozponcho.com.au\/p\/autumn-winter-striped-cape\/\",\"url\":\"https:\/\/ozponcho.com.au\/p\/autumn-winter-striped-cape\/\",\"name\":\"Striped Tassel Poncho Shawl | France #1 Poncho Shop\",\"isPartOf\":{\"@id\":\"https:\/\/ozponcho.com.au\/#website\"},\"primaryImageOfPage\":{\"@id\":\"https:\/\/ozponcho.com.au\/p\/autumn-winter-striped-cape\/#primaryimage\"},\"image\":{\"@id\":\"https:\/\/ozponcho.com.au\/p\/autumn-winter-striped-cape\/#primaryimage\"},\"thumbnailUrl\":\"https:\/\/ozponcho.com.au\/wp-content\/uploads\/2023\/12\/O1CN01E3PyOG1QYYEyvlVcD_2505411988-0-cib.jpg\",\"datePublished\":\"2023-12-13T07:36:52+00:00\",\"dateModified\":\"2024-07-26T01:25:31+00:00\",\"description\":\"Looking for a Striped Tassel Poncho Shawl ? You've come to the right place \ud83d\ude04 We offers a wide selection of Striped Tassel Poncho Shawl, perfect for you.\",\"breadcrumb\":{\"@id\":\"https:\/\/ozponcho.com.au\/p\/autumn-winter-striped-cape\/#breadcrumb\"},\"inLanguage\":\"fr-FR\",\"potentialAction\":[{\"@type\":\"ReadAction\",\"target\":[\"https:\/\/ozponcho.com.au\/p\/autumn-winter-striped-cape\/\"]}]},{\"@type\":\"ImageObject\",\"inLanguage\":\"fr-FR\",\"@id\":\"https:\/\/ozponcho.com.au\/p\/autumn-winter-striped-cape\/#primaryimage\",\"url\":\"https:\/\/ozponcho.com.au\/wp-content\/uploads\/2023\/12\/O1CN01E3PyOG1QYYEyvlVcD_2505411988-0-cib.jpg\",\"contentUrl\":\"https:\/\/ozponcho.com.au\/wp-content\/uploads\/2023\/12\/O1CN01E3PyOG1QYYEyvlVcD_2505411988-0-cib.jpg\",\"width\":800,\"height\":800,\"caption\":\"Striped Tassel Poncho Shawl\"},{\"@type\":\"BreadcrumbList\",\"@id\":\"https:\/\/ozponcho.com.au\/p\/autumn-winter-striped-cape\/#breadcrumb\",\"itemListElement\":[{\"@type\":\"ListItem\",\"position\":1,\"name\":\"Home\",\"item\":\"https:\/\/ozponcho.com.au\/\"},{\"@type\":\"ListItem\",\"position\":2,\"name\":\"Shop\",\"item\":\"https:\/\/ozponcho.com.au\/shop\/\"},{\"@type\":\"ListItem\",\"position\":3,\"name\":\"Striped Tassel Poncho Shawl\"}]},{\"@type\":\"WebSite\",\"@id\":\"https:\/\/ozponcho.com.au\/#website\",\"url\":\"https:\/\/ozponcho.com.au\/\",\"name\":\"OZ Poncho\",\"description\":\"\",\"potentialAction\":[{\"@type\":\"SearchAction\",\"target\":{\"@type\":\"EntryPoint\",\"urlTemplate\":\"https:\/\/ozponcho.com.au\/?s={search_term_string}\"},\"query-input\":{\"@type\":\"PropertyValueSpecification\",\"valueRequired\":true,\"valueName\":\"search_term_string\"}}],\"inLanguage\":\"fr-FR\"}]}<\/script>\n<!-- \/ Yoast SEO plugin. -->","yoast_head_json":{"title":"Poncho ray\u00e9 \u00e0 pompon Ch\u00e2le | France #1 Poncho Shop","description":"Vous \u00eates \u00e0 la recherche d'un ch\u00e2le Poncho \u00e0 glands ray\u00e9s ? Vous \u00eates au bon endroit \ud83d\ude04 Nous vous proposons un large choix de Ch\u00e2le Poncho \u00e0 pompons ray\u00e9, parfait pour vous.","robots":{"index":"index","follow":"follow","max-snippet":"max-snippet:-1","max-image-preview":"max-image-preview:large","max-video-preview":"max-video-preview:-1"},"canonical":"https:\/\/ozponcho.com.au\/fr\/p\/autumn-winter-striped-cape\/","og_locale":"fr_FR","og_type":"article","og_title":"Striped Tassel Poncho Shawl | France #1 Poncho Shop","og_description":"Looking for a Striped Tassel Poncho Shawl ? You've come to the right place \ud83d\ude04 We offers a wide selection of Striped Tassel Poncho Shawl, perfect for you.","og_url":"https:\/\/ozponcho.com.au\/fr\/p\/autumn-winter-striped-cape\/","og_site_name":"OZ Poncho","article_modified_time":"2024-07-26T01:25:31+00:00","og_image":[{"width":800,"height":800,"url":"https:\/\/ozponcho.com.au\/wp-content\/uploads\/2023\/12\/O1CN01E3PyOG1QYYEyvlVcD_2505411988-0-cib.jpg","type":"image\/jpeg"}],"twitter_card":"summary_large_image","twitter_misc":{"Dur\u00e9e de lecture estim\u00e9e":"2 minutes"},"schema":{"@context":"https:\/\/schema.org","@graph":[{"@type":"WebPage","@id":"https:\/\/ozponcho.com.au\/p\/autumn-winter-striped-cape\/","url":"https:\/\/ozponcho.com.au\/p\/autumn-winter-striped-cape\/","name":"Poncho ray\u00e9 \u00e0 pompon Ch\u00e2le | France #1 Poncho Shop","isPartOf":{"@id":"https:\/\/ozponcho.com.au\/#website"},"primaryImageOfPage":{"@id":"https:\/\/ozponcho.com.au\/p\/autumn-winter-striped-cape\/#primaryimage"},"image":{"@id":"https:\/\/ozponcho.com.au\/p\/autumn-winter-striped-cape\/#primaryimage"},"thumbnailUrl":"https:\/\/ozponcho.com.au\/wp-content\/uploads\/2023\/12\/O1CN01E3PyOG1QYYEyvlVcD_2505411988-0-cib.jpg","datePublished":"2023-12-13T07:36:52+00:00","dateModified":"2024-07-26T01:25:31+00:00","description":"Vous \u00eates \u00e0 la recherche d'un ch\u00e2le Poncho \u00e0 glands ray\u00e9s ? Vous \u00eates au bon endroit \ud83d\ude04 Nous vous proposons un large choix de Ch\u00e2le Poncho \u00e0 pompons ray\u00e9, parfait pour vous.","breadcrumb":{"@id":"https:\/\/ozponcho.com.au\/p\/autumn-winter-striped-cape\/#breadcrumb"},"inLanguage":"fr-FR","potentialAction":[{"@type":"ReadAction","target":["https:\/\/ozponcho.com.au\/p\/autumn-winter-striped-cape\/"]}]},{"@type":"ImageObject","inLanguage":"fr-FR","@id":"https:\/\/ozponcho.com.au\/p\/autumn-winter-striped-cape\/#primaryimage","url":"https:\/\/ozponcho.com.au\/wp-content\/uploads\/2023\/12\/O1CN01E3PyOG1QYYEyvlVcD_2505411988-0-cib.jpg","contentUrl":"https:\/\/ozponcho.com.au\/wp-content\/uploads\/2023\/12\/O1CN01E3PyOG1QYYEyvlVcD_2505411988-0-cib.jpg","width":800,"height":800,"caption":"Striped Tassel Poncho Shawl"},{"@type":"BreadcrumbList","@id":"https:\/\/ozponcho.com.au\/p\/autumn-winter-striped-cape\/#breadcrumb","itemListElement":[{"@type":"ListItem","position":1,"name":"Home","item":"https:\/\/ozponcho.com.au\/"},{"@type":"ListItem","position":2,"name":"Shop","item":"https:\/\/ozponcho.com.au\/shop\/"},{"@type":"ListItem","position":3,"name":"Striped Tassel Poncho Shawl"}]},{"@type":"WebSite","@id":"https:\/\/ozponcho.com.au\/#website","url":"https:\/\/ozponcho.com.au\/","name":"Poncho OZ","description":"","potentialAction":[{"@type":"SearchAction","target":{"@type":"EntryPoint","urlTemplate":"https:\/\/ozponcho.com.au\/?s={search_term_string}"},"query-input":{"@type":"PropertyValueSpecification","valueRequired":true,"valueName":"search_term_string"}}],"inLanguage":"fr-FR"}]}},"_links":{"self":[{"href":"https:\/\/ozponcho.com.au\/fr\/wp-json\/wp\/v2\/product\/12789","targetHints":{"allow":["GET"]}}],"collection":[{"href":"https:\/\/ozponcho.com.au\/fr\/wp-json\/wp\/v2\/product"}],"about":[{"href":"https:\/\/ozponcho.com.au\/fr\/wp-json\/wp\/v2\/types\/product"}],"wp:featuredmedia":[{"embeddable":true,"href":"https:\/\/ozponcho.com.au\/fr\/wp-json\/wp\/v2\/media\/12766"}],"wp:attachment":[{"href":"https:\/\/ozponcho.com.au\/fr\/wp-json\/wp\/v2\/media?parent=12789"}],"wp:term":[{"taxonomy":"product_brand","embeddable":true,"href":"https:\/\/ozponcho.com.au\/fr\/wp-json\/wp\/v2\/product_brand?post=12789"},{"taxonomy":"product_cat","embeddable":true,"href":"https:\/\/ozponcho.com.au\/fr\/wp-json\/wp\/v2\/product_cat?post=12789"},{"taxonomy":"product_tag","embeddable":true,"href":"https:\/\/ozponcho.com.au\/fr\/wp-json\/wp\/v2\/product_tag?post=12789"}],"curies":[{"name":"wp","href":"https:\/\/api.w.org\/{rel}","templated":true}]}}