{"id":39,"date":"2022-11-26T15:59:02","date_gmt":"2022-11-26T04:59:02","guid":{"rendered":"https:\/\/ozponcho.com.au\/?page_id=39"},"modified":"2024-04-19T11:35:20","modified_gmt":"2024-04-19T00:35:20","slug":"contact-us","status":"publish","type":"page","link":"https:\/\/ozponcho.com.au\/fr\/nous-contacter\/","title":{"rendered":"Contactez nous"},"content":{"rendered":"<h2>Moyens de nous contacter<\/h2>\n<p><strong>Par courriel<\/strong><\/p>\n<p>contact@ozponcho.com.au<\/p>\n<p><strong>Par courrier postal :<\/strong><\/p>\n<p>Pour les anciens (nous sommes des fans !), vous pouvez nous contacter \u00e0 l'adresse ci-dessous. Nous serions ravis d'avoir de vos nouvelles !<\/p>\n<p>Poncho OZ<br \/>\n36 Hurtle Square<br \/>\nAd\u00e9la\u00efde SA 5000<br \/>\nAustralie<\/p>\n<h2>Notre engagement en faveur d'un service client\u00e8le de qualit\u00e9<\/h2>\n<p>Chez OZ Poncho, nous sommes fiers de vous offrir le meilleur service possible. Tous nos produits sont contr\u00f4l\u00e9s avant de quitter notre entrep\u00f4t et si, pour quelque raison que ce soit, vous n'\u00eates pas enti\u00e8rement satisfait de votre achat, il vous suffit de nous contacter pour organiser un retour ou un \u00e9change. Nous ferons tout notre possible pour que vos achats chez OZ Poncho soient faciles et agr\u00e9ables !<\/p>\n<h2>Vie priv\u00e9e<\/h2>\n<p>Nous prenons votre vie priv\u00e9e au s\u00e9rieux et n'utiliserons les informations que vous nous fournissez que pour r\u00e9pondre \u00e0 vos questions concernant nos produits. Vos donn\u00e9es ne seront pas communiqu\u00e9es \u00e0 des tiers, sauf si cela est n\u00e9cessaire pour le traitement des paiements, la livraison des marchandises, la fourniture d'un service client\u00e8le, etc. Nous pouvons \u00e9galement envoyer des promotions occasionnelles par courrier \u00e9lectronique, mais vous pouvez facilement vous d\u00e9sabonner \u00e0 tout moment !<\/p>","protected":false},"excerpt":{"rendered":"<p>Ways to contact us By email contact@ozponcho.com.au By post mail: For those old schoolers out there (we&#8217;re fans!), you can get in touch with us at the address below. We&#8217;d love to hear from your! OZ Poncho 36 Hurtle Square Adelaide SA 5000 Australia Our commitment to great customer service At OZ Poncho, we take [&#8230;]","protected":false},"author":1,"featured_media":0,"parent":0,"menu_order":0,"comment_status":"closed","ping_status":"closed","template":"page-blank-title-center.php","meta":{"footnotes":""},"class_list":["post-39","page","type-page","status-publish","hentry"],"yoast_head":"<!-- This site is optimized with the Yoast SEO plugin v25.9 - https:\/\/yoast.com\/wordpress\/plugins\/seo\/ -->\n<title>Contact Us | OZ Poncho<\/title>\n<meta name=\"description\" content=\"Contact us here by email or phone. 24\/7. response in 48h max.\" \/>\n<meta name=\"robots\" content=\"index, follow, max-snippet:-1, max-image-preview:large, max-video-preview:-1\" \/>\n<link rel=\"canonical\" href=\"https:\/\/ozponcho.com.au\/fr\/nous-contacter\/\" \/>\n<meta property=\"og:locale\" content=\"fr_FR\" \/>\n<meta property=\"og:type\" content=\"article\" \/>\n<meta property=\"og:title\" content=\"Contact Us | OZ Poncho\" \/>\n<meta property=\"og:description\" content=\"Contact us here by email or phone. 24\/7. response in 48h max.\" \/>\n<meta property=\"og:url\" content=\"https:\/\/ozponcho.com.au\/fr\/nous-contacter\/\" \/>\n<meta property=\"og:site_name\" content=\"OZ Poncho\" \/>\n<meta property=\"article:modified_time\" content=\"2024-04-19T00:35:20+00:00\" \/>\n<meta name=\"twitter:card\" content=\"summary_large_image\" \/>\n<meta name=\"twitter:label1\" content=\"Dur\u00e9e de lecture estim\u00e9e\" \/>\n\t<meta name=\"twitter:data1\" content=\"1 minute\" \/>\n<script type=\"application\/ld+json\" class=\"yoast-schema-graph\">{\"@context\":\"https:\/\/schema.org\",\"@graph\":[{\"@type\":\"WebPage\",\"@id\":\"https:\/\/ozponcho.com.au\/contact-us\/\",\"url\":\"https:\/\/ozponcho.com.au\/contact-us\/\",\"name\":\"Contact Us | OZ Poncho\",\"isPartOf\":{\"@id\":\"https:\/\/ozponcho.com.au\/#website\"},\"datePublished\":\"2022-11-26T04:59:02+00:00\",\"dateModified\":\"2024-04-19T00:35:20+00:00\",\"description\":\"Contact us here by email or phone. 24\/7. response in 48h max.\",\"breadcrumb\":{\"@id\":\"https:\/\/ozponcho.com.au\/contact-us\/#breadcrumb\"},\"inLanguage\":\"fr-FR\",\"potentialAction\":[{\"@type\":\"ReadAction\",\"target\":[\"https:\/\/ozponcho.com.au\/contact-us\/\"]}]},{\"@type\":\"BreadcrumbList\",\"@id\":\"https:\/\/ozponcho.com.au\/contact-us\/#breadcrumb\",\"itemListElement\":[{\"@type\":\"ListItem\",\"position\":1,\"name\":\"Home\",\"item\":\"https:\/\/ozponcho.com.au\/\"},{\"@type\":\"ListItem\",\"position\":2,\"name\":\"Contact us\"}]},{\"@type\":\"WebSite\",\"@id\":\"https:\/\/ozponcho.com.au\/#website\",\"url\":\"https:\/\/ozponcho.com.au\/\",\"name\":\"OZ Poncho\",\"description\":\"\",\"potentialAction\":[{\"@type\":\"SearchAction\",\"target\":{\"@type\":\"EntryPoint\",\"urlTemplate\":\"https:\/\/ozponcho.com.au\/?s={search_term_string}\"},\"query-input\":{\"@type\":\"PropertyValueSpecification\",\"valueRequired\":true,\"valueName\":\"search_term_string\"}}],\"inLanguage\":\"fr-FR\"}]}<\/script>\n<!-- \/ Yoast SEO plugin. -->","yoast_head_json":{"title":"Nous contacter | OZ Poncho","description":"Contactez-nous ici par email ou par t\u00e9l\u00e9phone. 24\/7. R\u00e9ponse en 48h max.","robots":{"index":"index","follow":"follow","max-snippet":"max-snippet:-1","max-image-preview":"max-image-preview:large","max-video-preview":"max-video-preview:-1"},"canonical":"https:\/\/ozponcho.com.au\/fr\/nous-contacter\/","og_locale":"fr_FR","og_type":"article","og_title":"Contact Us | OZ Poncho","og_description":"Contact us here by email or phone. 24\/7. response in 48h max.","og_url":"https:\/\/ozponcho.com.au\/fr\/nous-contacter\/","og_site_name":"OZ Poncho","article_modified_time":"2024-04-19T00:35:20+00:00","twitter_card":"summary_large_image","twitter_misc":{"Dur\u00e9e de lecture estim\u00e9e":"1 minute"},"schema":{"@context":"https:\/\/schema.org","@graph":[{"@type":"WebPage","@id":"https:\/\/ozponcho.com.au\/contact-us\/","url":"https:\/\/ozponcho.com.au\/contact-us\/","name":"Nous contacter | OZ Poncho","isPartOf":{"@id":"https:\/\/ozponcho.com.au\/#website"},"datePublished":"2022-11-26T04:59:02+00:00","dateModified":"2024-04-19T00:35:20+00:00","description":"Contactez-nous ici par email ou par t\u00e9l\u00e9phone. 24\/7. R\u00e9ponse en 48h max.","breadcrumb":{"@id":"https:\/\/ozponcho.com.au\/contact-us\/#breadcrumb"},"inLanguage":"fr-FR","potentialAction":[{"@type":"ReadAction","target":["https:\/\/ozponcho.com.au\/contact-us\/"]}]},{"@type":"BreadcrumbList","@id":"https:\/\/ozponcho.com.au\/contact-us\/#breadcrumb","itemListElement":[{"@type":"ListItem","position":1,"name":"Home","item":"https:\/\/ozponcho.com.au\/"},{"@type":"ListItem","position":2,"name":"Contact us"}]},{"@type":"WebSite","@id":"https:\/\/ozponcho.com.au\/#website","url":"https:\/\/ozponcho.com.au\/","name":"Poncho OZ","description":"","potentialAction":[{"@type":"SearchAction","target":{"@type":"EntryPoint","urlTemplate":"https:\/\/ozponcho.com.au\/?s={search_term_string}"},"query-input":{"@type":"PropertyValueSpecification","valueRequired":true,"valueName":"search_term_string"}}],"inLanguage":"fr-FR"}]}},"_links":{"self":[{"href":"https:\/\/ozponcho.com.au\/fr\/wp-json\/wp\/v2\/pages\/39","targetHints":{"allow":["GET"]}}],"collection":[{"href":"https:\/\/ozponcho.com.au\/fr\/wp-json\/wp\/v2\/pages"}],"about":[{"href":"https:\/\/ozponcho.com.au\/fr\/wp-json\/wp\/v2\/types\/page"}],"author":[{"embeddable":true,"href":"https:\/\/ozponcho.com.au\/fr\/wp-json\/wp\/v2\/users\/1"}],"replies":[{"embeddable":true,"href":"https:\/\/ozponcho.com.au\/fr\/wp-json\/wp\/v2\/comments?post=39"}],"version-history":[{"count":5,"href":"https:\/\/ozponcho.com.au\/fr\/wp-json\/wp\/v2\/pages\/39\/revisions"}],"predecessor-version":[{"id":19082,"href":"https:\/\/ozponcho.com.au\/fr\/wp-json\/wp\/v2\/pages\/39\/revisions\/19082"}],"wp:attachment":[{"href":"https:\/\/ozponcho.com.au\/fr\/wp-json\/wp\/v2\/media?parent=39"}],"curies":[{"name":"wp","href":"https:\/\/api.w.org\/{rel}","templated":true}]}}