{"id":30,"date":"2022-11-26T15:53:28","date_gmt":"2022-11-26T04:53:28","guid":{"rendered":"https:\/\/ozponcho.com.au\/?page_id=30"},"modified":"2024-03-08T14:31:18","modified_gmt":"2024-03-08T03:31:18","slug":"promo-codes-discounts","status":"publish","type":"page","link":"https:\/\/ozponcho.com.au\/fr\/codes-promo-reductions\/","title":{"rendered":"Codes promotionnels et r\u00e9ductions"},"content":{"rendered":"<p>Bienvenue dans le monde magique des codes promo et des r\u00e9ductions !<\/p>\n<p>Si vous \u00eates \u00e0 la recherche des meilleures offres sur les v\u00eatements ponchos, ne cherchez pas plus loin ! Chez [ins\u00e9rer le nom de l'entreprise], nous aimons r\u00e9compenser nos clients avec des offres sp\u00e9ciales et des r\u00e9ductions.<\/p>\n<p>Nous savons \u00e0 quel point il est difficile de trouver le poncho id\u00e9al, alors pour vous faciliter la t\u00e2che, nous vous proposons des codes promo et des r\u00e9ductions. Que vous fassiez vos achats pour vous ou pour un proche, nous avons un large \u00e9ventail de codes promo et de r\u00e9ductions \u00e0 votre disposition.<\/p>\n<p>Pourquoi ne pas commencer votre shopping poncho avec un code de r\u00e9duction sp\u00e9cial ? Obtenez 10% de r\u00e9duction sur votre premier achat en entrant le code 'PONCHO10' \u00e0 la caisse.<\/p>\n<p>Nous proposons \u00e9galement des r\u00e9ductions sur une s\u00e9lection de styles et de collections de ponchos. Que vous recherchiez quelque chose de classique ou d'un peu plus unique, nous avons quelque chose pour tout le monde.<\/p>\n<p>N'oubliez pas de consulter r\u00e9guli\u00e8rement cette page pour conna\u00eetre les derniers codes promo et les r\u00e9ductions les plus importantes. Avec autant de bonnes affaires, vous \u00eates s\u00fbr de trouver le poncho id\u00e9al pour vous.<\/p>\n<p>Bon shopping !<\/p>","protected":false},"excerpt":{"rendered":"<p>Welcome to the magical world of promo codes &amp; discounts! If you&#8217;re looking for the best deals on poncho clothing, then look no further! Here at [insert business name], we love to reward our customers with special offers and discounts. We know how hard it is to find the perfect poncho, so to make it [&#8230;]","protected":false},"author":1,"featured_media":0,"parent":0,"menu_order":0,"comment_status":"closed","ping_status":"closed","template":"page-blank-title-center.php","meta":{"footnotes":""},"class_list":["post-30","page","type-page","status-publish","hentry"],"yoast_head":"<!-- This site is optimized with the Yoast SEO plugin v25.9 - https:\/\/yoast.com\/wordpress\/plugins\/seo\/ -->\n<title>OZ Poncho Promo Codes &amp; Discounts<\/title>\n<meta name=\"description\" content=\"Take advantage of a 10% discount on the entire OZ Poncho boutique today by applying the following promo code:\" \/>\n<meta name=\"robots\" content=\"index, follow, max-snippet:-1, max-image-preview:large, max-video-preview:-1\" \/>\n<link rel=\"canonical\" href=\"https:\/\/ozponcho.com.au\/fr\/codes-promo-reductions\/\" \/>\n<meta property=\"og:locale\" content=\"fr_FR\" \/>\n<meta property=\"og:type\" content=\"article\" \/>\n<meta property=\"og:title\" content=\"OZ Poncho Promo Codes &amp; Discounts\" \/>\n<meta property=\"og:description\" content=\"Take advantage of a 10% discount on the entire OZ Poncho boutique today by applying the following promo code:\" \/>\n<meta property=\"og:url\" content=\"https:\/\/ozponcho.com.au\/fr\/codes-promo-reductions\/\" \/>\n<meta property=\"og:site_name\" content=\"OZ Poncho\" \/>\n<meta property=\"article:modified_time\" content=\"2024-03-08T03:31:18+00:00\" \/>\n<meta name=\"twitter:card\" content=\"summary_large_image\" \/>\n<meta name=\"twitter:label1\" content=\"Dur\u00e9e de lecture estim\u00e9e\" \/>\n\t<meta name=\"twitter:data1\" content=\"1 minute\" \/>\n<script type=\"application\/ld+json\" class=\"yoast-schema-graph\">{\"@context\":\"https:\/\/schema.org\",\"@graph\":[{\"@type\":\"WebPage\",\"@id\":\"https:\/\/ozponcho.com.au\/promo-codes-discounts\/\",\"url\":\"https:\/\/ozponcho.com.au\/promo-codes-discounts\/\",\"name\":\"OZ Poncho Promo Codes & Discounts\",\"isPartOf\":{\"@id\":\"https:\/\/ozponcho.com.au\/#website\"},\"datePublished\":\"2022-11-26T04:53:28+00:00\",\"dateModified\":\"2024-03-08T03:31:18+00:00\",\"description\":\"Take advantage of a 10% discount on the entire OZ Poncho boutique today by applying the following promo code:\",\"breadcrumb\":{\"@id\":\"https:\/\/ozponcho.com.au\/promo-codes-discounts\/#breadcrumb\"},\"inLanguage\":\"fr-FR\",\"potentialAction\":[{\"@type\":\"ReadAction\",\"target\":[\"https:\/\/ozponcho.com.au\/promo-codes-discounts\/\"]}]},{\"@type\":\"BreadcrumbList\",\"@id\":\"https:\/\/ozponcho.com.au\/promo-codes-discounts\/#breadcrumb\",\"itemListElement\":[{\"@type\":\"ListItem\",\"position\":1,\"name\":\"Home\",\"item\":\"https:\/\/ozponcho.com.au\/\"},{\"@type\":\"ListItem\",\"position\":2,\"name\":\"Promo codes &#038; discounts\"}]},{\"@type\":\"WebSite\",\"@id\":\"https:\/\/ozponcho.com.au\/#website\",\"url\":\"https:\/\/ozponcho.com.au\/\",\"name\":\"OZ Poncho\",\"description\":\"\",\"potentialAction\":[{\"@type\":\"SearchAction\",\"target\":{\"@type\":\"EntryPoint\",\"urlTemplate\":\"https:\/\/ozponcho.com.au\/?s={search_term_string}\"},\"query-input\":{\"@type\":\"PropertyValueSpecification\",\"valueRequired\":true,\"valueName\":\"search_term_string\"}}],\"inLanguage\":\"fr-FR\"}]}<\/script>\n<!-- \/ Yoast SEO plugin. -->","yoast_head_json":{"title":"Codes promo et r\u00e9ductions OZ Poncho","description":"Profitez d\u00e8s aujourd'hui d'une r\u00e9duction de 10% sur l'ensemble de la boutique OZ Poncho en appliquant le code promo suivant :","robots":{"index":"index","follow":"follow","max-snippet":"max-snippet:-1","max-image-preview":"max-image-preview:large","max-video-preview":"max-video-preview:-1"},"canonical":"https:\/\/ozponcho.com.au\/fr\/codes-promo-reductions\/","og_locale":"fr_FR","og_type":"article","og_title":"OZ Poncho Promo Codes & Discounts","og_description":"Take advantage of a 10% discount on the entire OZ Poncho boutique today by applying the following promo code:","og_url":"https:\/\/ozponcho.com.au\/fr\/codes-promo-reductions\/","og_site_name":"OZ Poncho","article_modified_time":"2024-03-08T03:31:18+00:00","twitter_card":"summary_large_image","twitter_misc":{"Dur\u00e9e de lecture estim\u00e9e":"1 minute"},"schema":{"@context":"https:\/\/schema.org","@graph":[{"@type":"WebPage","@id":"https:\/\/ozponcho.com.au\/promo-codes-discounts\/","url":"https:\/\/ozponcho.com.au\/promo-codes-discounts\/","name":"Codes promo et r\u00e9ductions OZ Poncho","isPartOf":{"@id":"https:\/\/ozponcho.com.au\/#website"},"datePublished":"2022-11-26T04:53:28+00:00","dateModified":"2024-03-08T03:31:18+00:00","description":"Profitez d\u00e8s aujourd'hui d'une r\u00e9duction de 10% sur l'ensemble de la boutique OZ Poncho en appliquant le code promo suivant :","breadcrumb":{"@id":"https:\/\/ozponcho.com.au\/promo-codes-discounts\/#breadcrumb"},"inLanguage":"fr-FR","potentialAction":[{"@type":"ReadAction","target":["https:\/\/ozponcho.com.au\/promo-codes-discounts\/"]}]},{"@type":"BreadcrumbList","@id":"https:\/\/ozponcho.com.au\/promo-codes-discounts\/#breadcrumb","itemListElement":[{"@type":"ListItem","position":1,"name":"Home","item":"https:\/\/ozponcho.com.au\/"},{"@type":"ListItem","position":2,"name":"Promo codes &#038; discounts"}]},{"@type":"WebSite","@id":"https:\/\/ozponcho.com.au\/#website","url":"https:\/\/ozponcho.com.au\/","name":"Poncho OZ","description":"","potentialAction":[{"@type":"SearchAction","target":{"@type":"EntryPoint","urlTemplate":"https:\/\/ozponcho.com.au\/?s={search_term_string}"},"query-input":{"@type":"PropertyValueSpecification","valueRequired":true,"valueName":"search_term_string"}}],"inLanguage":"fr-FR"}]}},"_links":{"self":[{"href":"https:\/\/ozponcho.com.au\/fr\/wp-json\/wp\/v2\/pages\/30","targetHints":{"allow":["GET"]}}],"collection":[{"href":"https:\/\/ozponcho.com.au\/fr\/wp-json\/wp\/v2\/pages"}],"about":[{"href":"https:\/\/ozponcho.com.au\/fr\/wp-json\/wp\/v2\/types\/page"}],"author":[{"embeddable":true,"href":"https:\/\/ozponcho.com.au\/fr\/wp-json\/wp\/v2\/users\/1"}],"replies":[{"embeddable":true,"href":"https:\/\/ozponcho.com.au\/fr\/wp-json\/wp\/v2\/comments?post=30"}],"version-history":[{"count":0,"href":"https:\/\/ozponcho.com.au\/fr\/wp-json\/wp\/v2\/pages\/30\/revisions"}],"wp:attachment":[{"href":"https:\/\/ozponcho.com.au\/fr\/wp-json\/wp\/v2\/media?parent=30"}],"curies":[{"name":"wp","href":"https:\/\/api.w.org\/{rel}","templated":true}]}}