{"id":28,"date":"2022-11-26T15:52:19","date_gmt":"2022-11-26T04:52:19","guid":{"rendered":"https:\/\/ozponcho.com.au\/?page_id=28"},"modified":"2022-11-26T16:21:02","modified_gmt":"2022-11-26T05:21:02","slug":"refund-and-returns-policy","status":"publish","type":"page","link":"https:\/\/ozponcho.com.au\/fr\/politique-de-remboursement-et-de-retour\/","title":{"rendered":"Politique de remboursement et de retour"},"content":{"rendered":"<h2>Je voudrais <strong>retour<\/strong> ou <strong>\u00e9change*<\/strong> un article qui ne me convient pas.<\/h2>\n<p><strong>\u00c9tape 1 :<\/strong> Si vous souhaitez <strong>retour<\/strong> ou <strong>\u00e9change<\/strong> pour obtenir une taille ou une couleur diff\u00e9rente), veuillez vous assurer que vous remplissez les conditions suivantes :<\/p>\n<ul>\n<li>Vous disposez d'un d\u00e9lai de 14 jours \u00e0 compter de la r\u00e9ception de votre colis pour nous le retourner.<\/li>\n<li>Les \u00e9tiquettes doivent \u00eatre appos\u00e9es sur l'article de la m\u00eame mani\u00e8re qu'il a \u00e9t\u00e9 re\u00e7u.<\/li>\n<li>L'article doit \u00eatre dans son emballage d'origine.<\/li>\n<\/ul>\n<p><strong>\u00c9tape 2 :<\/strong> Contactez-nous par courriel \u00e0 l'adresse contact@ozponcho.com.au ou directement par le biais de notre formulaire de contact.<\/p>\n<p>Assurez-vous que les informations suivantes figurent dans votre courrier \u00e9lectronique : votre\u00a0<strong>num\u00e9ro de commande<\/strong>, <strong>les noms des articles retourn\u00e9s<\/strong>ainsi que <strong>ce que vous souhaitez obtenir du retour<\/strong> (remboursement, bon d'achat ou \u00e9change avec une taille\/couleur diff\u00e9rente).<\/p>\n<p><strong>\u00c9tape 3 :<\/strong>\u00a0Nous vous r\u00e9pondrons dans les 48 heures en vous indiquant l'adresse postale \u00e0 laquelle renvoyer les marchandises.<\/p>\n<p>Nous vous informons que\u00a0<strong>les frais de retour restent \u00e0 votre charge<\/strong>.<\/p>\n<p><em>Les articles doivent \u00eatre retourn\u00e9s dans leur \u00e9tat d'origine. Les articles qui ont \u00e9t\u00e9 lav\u00e9s ou port\u00e9s (sans l'\u00e9tiquette) ne peuvent pas \u00eatre retourn\u00e9s ou rembours\u00e9s.<\/em><\/p>\n<p><strong>\u00c9tape 4<\/strong>: Confirmez-nous par e-mail que votre produit a \u00e9t\u00e9 exp\u00e9di\u00e9 et fournissez-nous le num\u00e9ro de t\u00e9l\u00e9phone de l'exp\u00e9diteur.\u00a0<strong>le num\u00e9ro d'exp\u00e9dition du colis<\/strong>.<\/p>\n<p>Cela nous permettra de payer les frais de douane \u00e9ventuels.\u00a0<strong>Si nous ne disposons pas de ces informations, nous ne pourrons pas payer les frais de douane et votre colis vous sera automatiquement retourn\u00e9.<\/strong>.<\/p>\n<p><strong>\u00c9tape 5 :<\/strong> D\u00e8s que nous recevons les articles, ils sont inspect\u00e9s et, selon votre demande, nous les r\u00e9parons :<\/p>\n<ul>\n<li>Remboursement de vos articles : vous recevrez un e-mail confirmant le remboursement de votre commande.<\/li>\n<li>\u00c9changez vos articles : Les articles seront \u00e9chang\u00e9s par ceux indiqu\u00e9s sur votre formulaire de retour, vous recevrez un email confirmant l'\u00e9change ainsi qu'un nouveau num\u00e9ro de commande.<\/li>\n<\/ul>\nOZ Poncho se r\u00e9serve le droit de refuser les retours envoy\u00e9s ou communiqu\u00e9s apr\u00e8s le d\u00e9lai de retour, ou les articles qui ne sont pas dans le m\u00eame \u00e9tat que lorsqu'ils ont \u00e9t\u00e9 re\u00e7us. Une fois le retour approuv\u00e9, vous serez rembours\u00e9 par l'interm\u00e9diaire de l'application <strong>le m\u00eame mode de paiement que celui utilis\u00e9 pour effectuer l'achat<\/strong>. Le d\u00e9lai maximum de remboursement est de 10 jours. Veuillez noter que le d\u00e9lai de remboursement sur votre compte bancaire d\u00e9pend toujours de votre banque.<\/p>","protected":false},"excerpt":{"rendered":"<p>I would like to return or exchange* an item that does not suit me. Step 1: If you would like to return or exchange your item (to get a different size or color), please make sure that you meet the following conditions: You have 14 days following the reception of your package to return it [&#8230;]","protected":false},"author":1,"featured_media":0,"parent":0,"menu_order":0,"comment_status":"closed","ping_status":"closed","template":"page-blank-title-center.php","meta":{"footnotes":""},"class_list":["post-28","page","type-page","status-publish","hentry"],"yoast_head":"<!-- This site is optimized with the Yoast SEO plugin v25.9 - https:\/\/yoast.com\/wordpress\/plugins\/seo\/ -->\n<title>Refund and Returns Policy | OZ Poncho<\/title>\n<meta name=\"robots\" content=\"noindex, follow\" \/>\n<meta property=\"og:locale\" content=\"fr_FR\" \/>\n<meta property=\"og:type\" content=\"article\" \/>\n<meta property=\"og:title\" content=\"Refund and Returns Policy | OZ Poncho\" \/>\n<meta property=\"og:description\" content=\"I would like to return or exchange* an item that does not suit me. Step 1: If you would like to return or exchange your item (to get a different size or color), please make sure that you meet the following conditions: You have 14 days following the reception of your package to return it [...]\" \/>\n<meta property=\"og:url\" content=\"https:\/\/ozponcho.com.au\/fr\/politique-de-remboursement-et-de-retour\/\" \/>\n<meta property=\"og:site_name\" content=\"OZ Poncho\" \/>\n<meta property=\"article:modified_time\" content=\"2022-11-26T05:21:02+00:00\" \/>\n<meta name=\"twitter:card\" content=\"summary_large_image\" \/>\n<meta name=\"twitter:label1\" content=\"Dur\u00e9e de lecture estim\u00e9e\" \/>\n\t<meta name=\"twitter:data1\" content=\"2 minutes\" \/>\n<script type=\"application\/ld+json\" class=\"yoast-schema-graph\">{\"@context\":\"https:\/\/schema.org\",\"@graph\":[{\"@type\":\"WebPage\",\"@id\":\"https:\/\/ozponcho.com.au\/refund-and-returns-policy\/\",\"url\":\"https:\/\/ozponcho.com.au\/refund-and-returns-policy\/\",\"name\":\"Refund and Returns Policy | OZ Poncho\",\"isPartOf\":{\"@id\":\"https:\/\/ozponcho.com.au\/#website\"},\"datePublished\":\"2022-11-26T04:52:19+00:00\",\"dateModified\":\"2022-11-26T05:21:02+00:00\",\"breadcrumb\":{\"@id\":\"https:\/\/ozponcho.com.au\/refund-and-returns-policy\/#breadcrumb\"},\"inLanguage\":\"fr-FR\",\"potentialAction\":[{\"@type\":\"ReadAction\",\"target\":[\"https:\/\/ozponcho.com.au\/refund-and-returns-policy\/\"]}]},{\"@type\":\"BreadcrumbList\",\"@id\":\"https:\/\/ozponcho.com.au\/refund-and-returns-policy\/#breadcrumb\",\"itemListElement\":[{\"@type\":\"ListItem\",\"position\":1,\"name\":\"Home\",\"item\":\"https:\/\/ozponcho.com.au\/\"},{\"@type\":\"ListItem\",\"position\":2,\"name\":\"Refund and Returns Policy\"}]},{\"@type\":\"WebSite\",\"@id\":\"https:\/\/ozponcho.com.au\/#website\",\"url\":\"https:\/\/ozponcho.com.au\/\",\"name\":\"OZ Poncho\",\"description\":\"\",\"potentialAction\":[{\"@type\":\"SearchAction\",\"target\":{\"@type\":\"EntryPoint\",\"urlTemplate\":\"https:\/\/ozponcho.com.au\/?s={search_term_string}\"},\"query-input\":{\"@type\":\"PropertyValueSpecification\",\"valueRequired\":true,\"valueName\":\"search_term_string\"}}],\"inLanguage\":\"fr-FR\"}]}<\/script>\n<!-- \/ Yoast SEO plugin. -->","yoast_head_json":{"title":"Politique de remboursement et de retour | OZ Poncho","robots":{"index":"noindex","follow":"follow"},"og_locale":"fr_FR","og_type":"article","og_title":"Refund and Returns Policy | OZ Poncho","og_description":"I would like to return or exchange* an item that does not suit me. Step 1: If you would like to return or exchange your item (to get a different size or color), please make sure that you meet the following conditions: You have 14 days following the reception of your package to return it [...]","og_url":"https:\/\/ozponcho.com.au\/fr\/politique-de-remboursement-et-de-retour\/","og_site_name":"OZ Poncho","article_modified_time":"2022-11-26T05:21:02+00:00","twitter_card":"summary_large_image","twitter_misc":{"Dur\u00e9e de lecture estim\u00e9e":"2 minutes"},"schema":{"@context":"https:\/\/schema.org","@graph":[{"@type":"WebPage","@id":"https:\/\/ozponcho.com.au\/refund-and-returns-policy\/","url":"https:\/\/ozponcho.com.au\/refund-and-returns-policy\/","name":"Politique de remboursement et de retour | OZ Poncho","isPartOf":{"@id":"https:\/\/ozponcho.com.au\/#website"},"datePublished":"2022-11-26T04:52:19+00:00","dateModified":"2022-11-26T05:21:02+00:00","breadcrumb":{"@id":"https:\/\/ozponcho.com.au\/refund-and-returns-policy\/#breadcrumb"},"inLanguage":"fr-FR","potentialAction":[{"@type":"ReadAction","target":["https:\/\/ozponcho.com.au\/refund-and-returns-policy\/"]}]},{"@type":"BreadcrumbList","@id":"https:\/\/ozponcho.com.au\/refund-and-returns-policy\/#breadcrumb","itemListElement":[{"@type":"ListItem","position":1,"name":"Home","item":"https:\/\/ozponcho.com.au\/"},{"@type":"ListItem","position":2,"name":"Refund and Returns Policy"}]},{"@type":"WebSite","@id":"https:\/\/ozponcho.com.au\/#website","url":"https:\/\/ozponcho.com.au\/","name":"Poncho OZ","description":"","potentialAction":[{"@type":"SearchAction","target":{"@type":"EntryPoint","urlTemplate":"https:\/\/ozponcho.com.au\/?s={search_term_string}"},"query-input":{"@type":"PropertyValueSpecification","valueRequired":true,"valueName":"search_term_string"}}],"inLanguage":"fr-FR"}]}},"_links":{"self":[{"href":"https:\/\/ozponcho.com.au\/fr\/wp-json\/wp\/v2\/pages\/28","targetHints":{"allow":["GET"]}}],"collection":[{"href":"https:\/\/ozponcho.com.au\/fr\/wp-json\/wp\/v2\/pages"}],"about":[{"href":"https:\/\/ozponcho.com.au\/fr\/wp-json\/wp\/v2\/types\/page"}],"author":[{"embeddable":true,"href":"https:\/\/ozponcho.com.au\/fr\/wp-json\/wp\/v2\/users\/1"}],"replies":[{"embeddable":true,"href":"https:\/\/ozponcho.com.au\/fr\/wp-json\/wp\/v2\/comments?post=28"}],"version-history":[{"count":0,"href":"https:\/\/ozponcho.com.au\/fr\/wp-json\/wp\/v2\/pages\/28\/revisions"}],"wp:attachment":[{"href":"https:\/\/ozponcho.com.au\/fr\/wp-json\/wp\/v2\/media?parent=28"}],"curies":[{"name":"wp","href":"https:\/\/api.w.org\/{rel}","templated":true}]}}