{"id":21,"date":"2022-11-26T14:06:36","date_gmt":"2022-11-26T03:06:36","guid":{"rendered":"https:\/\/ozponcho.com.au\/?page_id=21"},"modified":"2023-01-29T03:41:47","modified_gmt":"2023-01-28T16:41:47","slug":"customer-reviews","status":"publish","type":"page","link":"https:\/\/ozponcho.com.au\/fr\/avis-des-clients\/","title":{"rendered":"Avis des clients"},"content":{"rendered":"<p>Bienvenue sur la page des commentaires des clients de Oz Poncho Clothing ! Ici, vous pouvez lire ce que nos clients ont \u00e0 dire sur nos ponchos et autres produits.<\/p>\n<h2>Notre engagement en faveur de la satisfaction du client<\/h2>\n<p>Chez Poncho Clothing, nous nous effor\u00e7ons d'offrir \u00e0 nos clients la meilleure exp\u00e9rience possible lorsqu'ils font leurs achats chez nous. Nous sommes fiers de nos ponchos et autres produits, et nous voulons que nos clients en soient \u00e9galement fiers. C'est pourquoi nous prenons au s\u00e9rieux le service \u00e0 la client\u00e8le et la satisfaction. Nous r\u00e9pondons rapidement aux demandes des clients et nous sommes toujours heureux de travailler avec les clients pour nous assurer qu'ils sont satisfaits de leur achat. Nous offrons \u00e9galement une garantie de satisfaction de 30 jours, de sorte que les clients peuvent acheter en toute confiance en sachant qu'ils peuvent retourner un article s'il ne r\u00e9pond pas \u00e0 leurs attentes.<\/p>\n<h2>R\u00e9cents avis de clients<\/h2>\n<p>Nous sommes fiers de partager les commentaires \u00e9tonnants que nous avons re\u00e7us de nos clients qui ont achet\u00e9 et appr\u00e9ci\u00e9 nos ponchos ! Lisez la suite pour d\u00e9couvrir pourquoi ils les aiment tant.<\/p>\n<p>\"J'adore mon poncho Poncho Clothing. Il est si confortable et si beau ! C'est la combinaison parfaite du style et de la praticit\u00e9. - Jane<\/p>\n<p>\"J'ai achet\u00e9 le poncho Poncho Clothing pour ma fille et elle l'adore. Il lui va parfaitement et elle le porte tout le temps. La qualit\u00e9 du tissu est \u00e9galement excellente.\" - Michael<\/p>\n<p>\"J'adore mon poncho Poncho Clothing ! Il est tellement confortable et \u00e9l\u00e9gant. Je re\u00e7ois des compliments \u00e0 chaque fois que je le porte. Je recommande vivement ce produit \u00e0 tous ceux qui cherchent un bon poncho.\" - Abigail, Texas<\/p>\n<p>Nous sommes ravis d'apprendre que nos clients aiment leurs ponchos Poncho Clothing ! Nous sommes tr\u00e8s reconnaissants de leur soutien et nous nous r\u00e9jouissons de continuer \u00e0 leur fournir les meilleurs ponchos du march\u00e9.<\/p>\n<p>Merci d'avoir visit\u00e9 la page des commentaires des clients. Nous esp\u00e9rons que vous avez pris plaisir \u00e0 lire ces commentaires et que vous envisagerez d'acheter l'un de nos ponchos. Nous sommes s\u00fbrs que vous l'aimerez autant que nos clients !<\/p>","protected":false},"excerpt":{"rendered":"<p>Welcome to the Customer Reviews page of Oz Poncho Clothing! Here, you can read what our amazing customers have to say about our ponchos and other products. Our commitment to customer satisfaction At Poncho Clothing, we strive to provide our customers with the best possible experience when shopping with us. We are proud of our [&#8230;]","protected":false},"author":1,"featured_media":0,"parent":0,"menu_order":0,"comment_status":"closed","ping_status":"closed","template":"page-blank-title-center.php","meta":{"footnotes":""},"class_list":["post-21","page","type-page","status-publish","hentry"],"yoast_head":"<!-- This site is optimized with the Yoast SEO plugin v25.9 - https:\/\/yoast.com\/wordpress\/plugins\/seo\/ -->\n<title>Customer Reviews | OZ Poncho<\/title>\n<meta name=\"robots\" content=\"index, follow, max-snippet:-1, max-image-preview:large, max-video-preview:-1\" \/>\n<link rel=\"canonical\" href=\"https:\/\/ozponcho.com.au\/fr\/avis-des-clients\/\" \/>\n<meta property=\"og:locale\" content=\"fr_FR\" \/>\n<meta property=\"og:type\" content=\"article\" \/>\n<meta property=\"og:title\" content=\"Customer Reviews | OZ Poncho\" \/>\n<meta property=\"og:description\" content=\"Welcome to the Customer Reviews page of Oz Poncho Clothing! Here, you can read what our amazing customers have to say about our ponchos and other products. Our commitment to customer satisfaction At Poncho Clothing, we strive to provide our customers with the best possible experience when shopping with us. We are proud of our [...]\" \/>\n<meta property=\"og:url\" content=\"https:\/\/ozponcho.com.au\/fr\/avis-des-clients\/\" \/>\n<meta property=\"og:site_name\" content=\"OZ Poncho\" \/>\n<meta property=\"article:modified_time\" content=\"2023-01-28T16:41:47+00:00\" \/>\n<meta name=\"twitter:card\" content=\"summary_large_image\" \/>\n<meta name=\"twitter:label1\" content=\"Dur\u00e9e de lecture estim\u00e9e\" \/>\n\t<meta name=\"twitter:data1\" content=\"2 minutes\" \/>\n<script type=\"application\/ld+json\" class=\"yoast-schema-graph\">{\"@context\":\"https:\/\/schema.org\",\"@graph\":[{\"@type\":\"WebPage\",\"@id\":\"https:\/\/ozponcho.com.au\/customer-reviews\/\",\"url\":\"https:\/\/ozponcho.com.au\/customer-reviews\/\",\"name\":\"Customer Reviews | OZ Poncho\",\"isPartOf\":{\"@id\":\"https:\/\/ozponcho.com.au\/#website\"},\"datePublished\":\"2022-11-26T03:06:36+00:00\",\"dateModified\":\"2023-01-28T16:41:47+00:00\",\"breadcrumb\":{\"@id\":\"https:\/\/ozponcho.com.au\/customer-reviews\/#breadcrumb\"},\"inLanguage\":\"fr-FR\",\"potentialAction\":[{\"@type\":\"ReadAction\",\"target\":[\"https:\/\/ozponcho.com.au\/customer-reviews\/\"]}]},{\"@type\":\"BreadcrumbList\",\"@id\":\"https:\/\/ozponcho.com.au\/customer-reviews\/#breadcrumb\",\"itemListElement\":[{\"@type\":\"ListItem\",\"position\":1,\"name\":\"Home\",\"item\":\"https:\/\/ozponcho.com.au\/\"},{\"@type\":\"ListItem\",\"position\":2,\"name\":\"Customer Reviews\"}]},{\"@type\":\"WebSite\",\"@id\":\"https:\/\/ozponcho.com.au\/#website\",\"url\":\"https:\/\/ozponcho.com.au\/\",\"name\":\"OZ Poncho\",\"description\":\"\",\"potentialAction\":[{\"@type\":\"SearchAction\",\"target\":{\"@type\":\"EntryPoint\",\"urlTemplate\":\"https:\/\/ozponcho.com.au\/?s={search_term_string}\"},\"query-input\":{\"@type\":\"PropertyValueSpecification\",\"valueRequired\":true,\"valueName\":\"search_term_string\"}}],\"inLanguage\":\"fr-FR\"}]}<\/script>\n<!-- \/ Yoast SEO plugin. -->","yoast_head_json":{"title":"Avis des clients - OZ Poncho","robots":{"index":"index","follow":"follow","max-snippet":"max-snippet:-1","max-image-preview":"max-image-preview:large","max-video-preview":"max-video-preview:-1"},"canonical":"https:\/\/ozponcho.com.au\/fr\/avis-des-clients\/","og_locale":"fr_FR","og_type":"article","og_title":"Customer Reviews | OZ Poncho","og_description":"Welcome to the Customer Reviews page of Oz Poncho Clothing! Here, you can read what our amazing customers have to say about our ponchos and other products. Our commitment to customer satisfaction At Poncho Clothing, we strive to provide our customers with the best possible experience when shopping with us. We are proud of our [...]","og_url":"https:\/\/ozponcho.com.au\/fr\/avis-des-clients\/","og_site_name":"OZ Poncho","article_modified_time":"2023-01-28T16:41:47+00:00","twitter_card":"summary_large_image","twitter_misc":{"Dur\u00e9e de lecture estim\u00e9e":"2 minutes"},"schema":{"@context":"https:\/\/schema.org","@graph":[{"@type":"WebPage","@id":"https:\/\/ozponcho.com.au\/customer-reviews\/","url":"https:\/\/ozponcho.com.au\/customer-reviews\/","name":"Avis des clients - OZ Poncho","isPartOf":{"@id":"https:\/\/ozponcho.com.au\/#website"},"datePublished":"2022-11-26T03:06:36+00:00","dateModified":"2023-01-28T16:41:47+00:00","breadcrumb":{"@id":"https:\/\/ozponcho.com.au\/customer-reviews\/#breadcrumb"},"inLanguage":"fr-FR","potentialAction":[{"@type":"ReadAction","target":["https:\/\/ozponcho.com.au\/customer-reviews\/"]}]},{"@type":"BreadcrumbList","@id":"https:\/\/ozponcho.com.au\/customer-reviews\/#breadcrumb","itemListElement":[{"@type":"ListItem","position":1,"name":"Home","item":"https:\/\/ozponcho.com.au\/"},{"@type":"ListItem","position":2,"name":"Customer Reviews"}]},{"@type":"WebSite","@id":"https:\/\/ozponcho.com.au\/#website","url":"https:\/\/ozponcho.com.au\/","name":"Poncho OZ","description":"","potentialAction":[{"@type":"SearchAction","target":{"@type":"EntryPoint","urlTemplate":"https:\/\/ozponcho.com.au\/?s={search_term_string}"},"query-input":{"@type":"PropertyValueSpecification","valueRequired":true,"valueName":"search_term_string"}}],"inLanguage":"fr-FR"}]}},"_links":{"self":[{"href":"https:\/\/ozponcho.com.au\/fr\/wp-json\/wp\/v2\/pages\/21","targetHints":{"allow":["GET"]}}],"collection":[{"href":"https:\/\/ozponcho.com.au\/fr\/wp-json\/wp\/v2\/pages"}],"about":[{"href":"https:\/\/ozponcho.com.au\/fr\/wp-json\/wp\/v2\/types\/page"}],"author":[{"embeddable":true,"href":"https:\/\/ozponcho.com.au\/fr\/wp-json\/wp\/v2\/users\/1"}],"replies":[{"embeddable":true,"href":"https:\/\/ozponcho.com.au\/fr\/wp-json\/wp\/v2\/comments?post=21"}],"version-history":[{"count":0,"href":"https:\/\/ozponcho.com.au\/fr\/wp-json\/wp\/v2\/pages\/21\/revisions"}],"wp:attachment":[{"href":"https:\/\/ozponcho.com.au\/fr\/wp-json\/wp\/v2\/media?parent=21"}],"curies":[{"name":"wp","href":"https:\/\/api.w.org\/{rel}","templated":true}]}}