{"id":17445,"date":"2024-01-21T19:43:08","date_gmt":"2024-01-21T08:43:08","guid":{"rendered":"https:\/\/ozponcho.com.au\/?post_type=product&#038;p=17445"},"modified":"2025-09-11T05:10:38","modified_gmt":"2025-09-10T18:10:38","slug":"mens-plaid-fringe-poncho","status":"publish","type":"product","link":"https:\/\/ozponcho.com.au\/fi\/p\/miesten-ruudullinen-hapsuponcho\/","title":{"rendered":"Miesten ruudullinen turtleneck poncho"},"content":{"rendered":"<p>Paranna viile\u00e4n s\u00e4\u00e4n vaatekaappiasi t\u00e4ll\u00e4 tyylikk\u00e4\u00e4ll\u00e4 miesten ruudullisella turtleneck-poncholla. Silmiinpist\u00e4v\u00e4 musta pohja on kietoutunut harmaaseen ja punaiseen ruudukkoon, mik\u00e4 luo visuaalisen ilmeen, joka on sek\u00e4 klassinen ett\u00e4 nykyaikainen. Hapsutetut reunat tuovat ripauksen boheemia tyylikkyytt\u00e4, ja l\u00f6ys\u00e4 leikkaus takaa maksimaalisen mukavuuden. Pehme\u00e4st\u00e4, hengitt\u00e4v\u00e4st\u00e4 kankaasta valmistettu poncho sopii t\u00e4ydellisesti kerrospukeutumiseen asujen p\u00e4\u00e4lle, jotta saat lis\u00e4l\u00e4mp\u00f6\u00e4. T\u00e4m\u00e4 poncho on monik\u00e4ytt\u00f6inen p\u00e4\u00e4hine, jossa yhdistyv\u00e4t muoti ja toimivuus, olipa se sitten menossa juhliin tai nauttimassa syksyisest\u00e4 k\u00e4velyretkest\u00e4.<\/p>\n<h2>TEKNISET TIEDOT<\/h2>\n<div>\n<div>\n<div>\n<div>\n<p>Materiaali: Puuvilla &amp; akryyli<\/p>\n<div>\n<div>\n<div>\n<div><img decoding=\"async\" src=\"https:\/\/ozponcho.com.au\/wp-content\/uploads\/2024\/03\/S2ddfdaa1f2ed4ab797e4b1ececfa23f1l.webp\" \/><img decoding=\"async\" src=\"https:\/\/ozponcho.com.au\/wp-content\/uploads\/2024\/03\/S2c66da89945f4c0eaa90750202fa58e5r.webp\" \/><\/div>\n<div><img decoding=\"async\" src=\"https:\/\/ozponcho.com.au\/wp-content\/uploads\/2024\/03\/S0f27fc1a277947f5ad12ed0ae5f1e818e.webp\" \/><\/div>\n<\/div>\n<\/div>\n<\/div>\n<\/div>\n<\/div>\n<\/div>\n<\/div>","protected":false},"excerpt":{"rendered":"<p>Elevate your cool-weather wardrobe with this stylish Men&#8217;s Plaid Turtleneck Poncho. The striking black base is interwoven with grey and red plaid, creating a visual appeal that&#8217;s both classic and contemporary. Fringed edges add a touch of bohemian chic, while the loose-fit ensures maximum comfort. Crafted from soft, breathable fabric, this poncho is perfect for [&#8230;]","protected":false},"featured_media":17453,"template":"","meta":[],"product_brand":[],"product_cat":[219,15,228,214,211],"product_tag":[],"class_list":{"0":"post-17445","1":"product","2":"type-product","3":"status-publish","4":"has-post-thumbnail","6":"product_cat-black-poncho","7":"product_cat-main-category","8":"product_cat-poncho-sweater","9":"product_cat-knitted-crochet-poncho","10":"product_cat-poncho-men","12":"first","13":"instock","14":"shipping-taxable","15":"purchasable","16":"product-type-variable"},"yoast_head":"<!-- This site is optimized with the Yoast SEO plugin v25.9 - https:\/\/yoast.com\/wordpress\/plugins\/seo\/ -->\n<title>Men&#039;s Plaid Turtleneck Poncho | Suomi #1 Poncho Shop<\/title>\n<meta name=\"description\" content=\"Looking for a Men&#039;s Plaid Turtleneck Poncho ? You&#039;ve come to the right place \ud83d\ude04 We offers a wide selection of Men&#039;s Plaid Turtleneck Poncho, perfect for you.\" \/>\n<meta name=\"robots\" content=\"index, follow, max-snippet:-1, max-image-preview:large, max-video-preview:-1\" \/>\n<link rel=\"canonical\" href=\"https:\/\/ozponcho.com.au\/fi\/p\/miesten-ruudullinen-hapsuponcho\/\" \/>\n<meta property=\"og:locale\" content=\"fi_FI\" \/>\n<meta property=\"og:type\" content=\"article\" \/>\n<meta property=\"og:title\" content=\"Men&#039;s Plaid Turtleneck Poncho | Suomi #1 Poncho Shop\" \/>\n<meta property=\"og:description\" content=\"Looking for a Men&#039;s Plaid Turtleneck Poncho ? You&#039;ve come to the right place \ud83d\ude04 We offers a wide selection of Men&#039;s Plaid Turtleneck Poncho, perfect for you.\" \/>\n<meta property=\"og:url\" content=\"https:\/\/ozponcho.com.au\/fi\/p\/miesten-ruudullinen-hapsuponcho\/\" \/>\n<meta property=\"og:site_name\" content=\"OZ Poncho\" \/>\n<meta property=\"article:modified_time\" content=\"2025-09-10T18:10:38+00:00\" \/>\n<meta property=\"og:image\" content=\"https:\/\/ozponcho.com.au\/wp-content\/uploads\/2024\/01\/Sbda7edcc96f541a38029a9863a8cf6fc2.webp\" \/>\n\t<meta property=\"og:image:width\" content=\"1000\" \/>\n\t<meta property=\"og:image:height\" content=\"1000\" \/>\n\t<meta property=\"og:image:type\" content=\"image\/webp\" \/>\n<meta name=\"twitter:card\" content=\"summary_large_image\" \/>\n<meta name=\"twitter:label1\" content=\"Arvioitu lukuaika\" \/>\n\t<meta name=\"twitter:data1\" content=\"2 minuuttia\" \/>\n<script type=\"application\/ld+json\" class=\"yoast-schema-graph\">{\"@context\":\"https:\/\/schema.org\",\"@graph\":[{\"@type\":\"WebPage\",\"@id\":\"https:\/\/ozponcho.com.au\/p\/mens-plaid-fringe-poncho\/\",\"url\":\"https:\/\/ozponcho.com.au\/p\/mens-plaid-fringe-poncho\/\",\"name\":\"Men's Plaid Turtleneck Poncho | Suomi #1 Poncho Shop\",\"isPartOf\":{\"@id\":\"https:\/\/ozponcho.com.au\/#website\"},\"primaryImageOfPage\":{\"@id\":\"https:\/\/ozponcho.com.au\/p\/mens-plaid-fringe-poncho\/#primaryimage\"},\"image\":{\"@id\":\"https:\/\/ozponcho.com.au\/p\/mens-plaid-fringe-poncho\/#primaryimage\"},\"thumbnailUrl\":\"https:\/\/ozponcho.com.au\/wp-content\/uploads\/2024\/01\/Sbda7edcc96f541a38029a9863a8cf6fc2.webp\",\"datePublished\":\"2024-01-21T08:43:08+00:00\",\"dateModified\":\"2025-09-10T18:10:38+00:00\",\"description\":\"Looking for a Men's Plaid Turtleneck Poncho ? You've come to the right place \ud83d\ude04 We offers a wide selection of Men's Plaid Turtleneck Poncho, perfect for you.\",\"breadcrumb\":{\"@id\":\"https:\/\/ozponcho.com.au\/p\/mens-plaid-fringe-poncho\/#breadcrumb\"},\"inLanguage\":\"fi\",\"potentialAction\":[{\"@type\":\"ReadAction\",\"target\":[\"https:\/\/ozponcho.com.au\/p\/mens-plaid-fringe-poncho\/\"]}]},{\"@type\":\"ImageObject\",\"inLanguage\":\"fi\",\"@id\":\"https:\/\/ozponcho.com.au\/p\/mens-plaid-fringe-poncho\/#primaryimage\",\"url\":\"https:\/\/ozponcho.com.au\/wp-content\/uploads\/2024\/01\/Sbda7edcc96f541a38029a9863a8cf6fc2.webp\",\"contentUrl\":\"https:\/\/ozponcho.com.au\/wp-content\/uploads\/2024\/01\/Sbda7edcc96f541a38029a9863a8cf6fc2.webp\",\"width\":1000,\"height\":1000,\"caption\":\"Men's Plaid Turtleneck Poncho\"},{\"@type\":\"BreadcrumbList\",\"@id\":\"https:\/\/ozponcho.com.au\/p\/mens-plaid-fringe-poncho\/#breadcrumb\",\"itemListElement\":[{\"@type\":\"ListItem\",\"position\":1,\"name\":\"Home\",\"item\":\"https:\/\/ozponcho.com.au\/\"},{\"@type\":\"ListItem\",\"position\":2,\"name\":\"Shop\",\"item\":\"https:\/\/ozponcho.com.au\/shop\/\"},{\"@type\":\"ListItem\",\"position\":3,\"name\":\"Men&#8217;s Plaid Turtleneck Poncho\"}]},{\"@type\":\"WebSite\",\"@id\":\"https:\/\/ozponcho.com.au\/#website\",\"url\":\"https:\/\/ozponcho.com.au\/\",\"name\":\"OZ Poncho\",\"description\":\"\",\"potentialAction\":[{\"@type\":\"SearchAction\",\"target\":{\"@type\":\"EntryPoint\",\"urlTemplate\":\"https:\/\/ozponcho.com.au\/?s={search_term_string}\"},\"query-input\":{\"@type\":\"PropertyValueSpecification\",\"valueRequired\":true,\"valueName\":\"search_term_string\"}}],\"inLanguage\":\"fi\"}]}<\/script>\n<!-- \/ Yoast SEO plugin. -->","yoast_head_json":{"title":"Miesten ruudullinen pooloponcho | Suomi #1 Poncho Shop","description":"Etsitk\u00f6 miesten ruudullinen turtleneck poncho ? Olet tullut oikeaan paikkaan \ud83d\ude04 Tarjoamme laajan valikoiman Miesten ruudullinen Turtleneck Poncho, t\u00e4ydellinen sinulle.","robots":{"index":"index","follow":"follow","max-snippet":"max-snippet:-1","max-image-preview":"max-image-preview:large","max-video-preview":"max-video-preview:-1"},"canonical":"https:\/\/ozponcho.com.au\/fi\/p\/miesten-ruudullinen-hapsuponcho\/","og_locale":"fi_FI","og_type":"article","og_title":"Men's Plaid Turtleneck Poncho | Suomi #1 Poncho Shop","og_description":"Looking for a Men's Plaid Turtleneck Poncho ? You've come to the right place \ud83d\ude04 We offers a wide selection of Men's Plaid Turtleneck Poncho, perfect for you.","og_url":"https:\/\/ozponcho.com.au\/fi\/p\/miesten-ruudullinen-hapsuponcho\/","og_site_name":"OZ Poncho","article_modified_time":"2025-09-10T18:10:38+00:00","og_image":[{"width":1000,"height":1000,"url":"https:\/\/ozponcho.com.au\/wp-content\/uploads\/2024\/01\/Sbda7edcc96f541a38029a9863a8cf6fc2.webp","type":"image\/webp"}],"twitter_card":"summary_large_image","twitter_misc":{"Arvioitu lukuaika":"2 minuuttia"},"schema":{"@context":"https:\/\/schema.org","@graph":[{"@type":"WebPage","@id":"https:\/\/ozponcho.com.au\/p\/mens-plaid-fringe-poncho\/","url":"https:\/\/ozponcho.com.au\/p\/mens-plaid-fringe-poncho\/","name":"Miesten ruudullinen pooloponcho | Suomi #1 Poncho Shop","isPartOf":{"@id":"https:\/\/ozponcho.com.au\/#website"},"primaryImageOfPage":{"@id":"https:\/\/ozponcho.com.au\/p\/mens-plaid-fringe-poncho\/#primaryimage"},"image":{"@id":"https:\/\/ozponcho.com.au\/p\/mens-plaid-fringe-poncho\/#primaryimage"},"thumbnailUrl":"https:\/\/ozponcho.com.au\/wp-content\/uploads\/2024\/01\/Sbda7edcc96f541a38029a9863a8cf6fc2.webp","datePublished":"2024-01-21T08:43:08+00:00","dateModified":"2025-09-10T18:10:38+00:00","description":"Etsitk\u00f6 miesten ruudullinen turtleneck poncho ? Olet tullut oikeaan paikkaan \ud83d\ude04 Tarjoamme laajan valikoiman Miesten ruudullinen Turtleneck Poncho, t\u00e4ydellinen sinulle.","breadcrumb":{"@id":"https:\/\/ozponcho.com.au\/p\/mens-plaid-fringe-poncho\/#breadcrumb"},"inLanguage":"fi","potentialAction":[{"@type":"ReadAction","target":["https:\/\/ozponcho.com.au\/p\/mens-plaid-fringe-poncho\/"]}]},{"@type":"ImageObject","inLanguage":"fi","@id":"https:\/\/ozponcho.com.au\/p\/mens-plaid-fringe-poncho\/#primaryimage","url":"https:\/\/ozponcho.com.au\/wp-content\/uploads\/2024\/01\/Sbda7edcc96f541a38029a9863a8cf6fc2.webp","contentUrl":"https:\/\/ozponcho.com.au\/wp-content\/uploads\/2024\/01\/Sbda7edcc96f541a38029a9863a8cf6fc2.webp","width":1000,"height":1000,"caption":"Men's Plaid Turtleneck Poncho"},{"@type":"BreadcrumbList","@id":"https:\/\/ozponcho.com.au\/p\/mens-plaid-fringe-poncho\/#breadcrumb","itemListElement":[{"@type":"ListItem","position":1,"name":"Home","item":"https:\/\/ozponcho.com.au\/"},{"@type":"ListItem","position":2,"name":"Shop","item":"https:\/\/ozponcho.com.au\/shop\/"},{"@type":"ListItem","position":3,"name":"Men&#8217;s Plaid Turtleneck Poncho"}]},{"@type":"WebSite","@id":"https:\/\/ozponcho.com.au\/#website","url":"https:\/\/ozponcho.com.au\/","name":"OZ Poncho","description":"","potentialAction":[{"@type":"SearchAction","target":{"@type":"EntryPoint","urlTemplate":"https:\/\/ozponcho.com.au\/?s={search_term_string}"},"query-input":{"@type":"PropertyValueSpecification","valueRequired":true,"valueName":"search_term_string"}}],"inLanguage":"fi"}]}},"_links":{"self":[{"href":"https:\/\/ozponcho.com.au\/fi\/wp-json\/wp\/v2\/product\/17445","targetHints":{"allow":["GET"]}}],"collection":[{"href":"https:\/\/ozponcho.com.au\/fi\/wp-json\/wp\/v2\/product"}],"about":[{"href":"https:\/\/ozponcho.com.au\/fi\/wp-json\/wp\/v2\/types\/product"}],"wp:featuredmedia":[{"embeddable":true,"href":"https:\/\/ozponcho.com.au\/fi\/wp-json\/wp\/v2\/media\/17453"}],"wp:attachment":[{"href":"https:\/\/ozponcho.com.au\/fi\/wp-json\/wp\/v2\/media?parent=17445"}],"wp:term":[{"taxonomy":"product_brand","embeddable":true,"href":"https:\/\/ozponcho.com.au\/fi\/wp-json\/wp\/v2\/product_brand?post=17445"},{"taxonomy":"product_cat","embeddable":true,"href":"https:\/\/ozponcho.com.au\/fi\/wp-json\/wp\/v2\/product_cat?post=17445"},{"taxonomy":"product_tag","embeddable":true,"href":"https:\/\/ozponcho.com.au\/fi\/wp-json\/wp\/v2\/product_tag?post=17445"}],"curies":[{"name":"wp","href":"https:\/\/api.w.org\/{rel}","templated":true}]}}