{"id":16873,"date":"2023-12-30T23:23:34","date_gmt":"2023-12-30T12:23:34","guid":{"rendered":"https:\/\/ozponcho.com.au\/?post_type=product&#038;p=16873"},"modified":"2024-03-08T16:25:56","modified_gmt":"2024-03-08T05:25:56","slug":"hooded-swim-poncho-towel","status":"publish","type":"product","link":"https:\/\/ozponcho.com.au\/fi\/p\/hupullinen-uimaponcho-pyyhe\/","title":{"rendered":"V\u00e4rik\u00e4s hupullinen rantaponcho"},"content":{"rendered":"<p>P\u00e4\u00e4st\u00e4 irti el\u00e4v\u00e4inen puolesi t\u00e4ll\u00e4 eritt\u00e4in pehme\u00e4ll\u00e4 mikrokuituisella rantaponcholla. Se on t\u00e4ydellinen uinnin j\u00e4lkeiseen nopeaan kuivumiseen, sill\u00e4 se on eritt\u00e4in imukykyinen ja kuivuu nopeasti. Sen rohkeat painatukset ja eloisat kuviot vangitsevat kes\u00e4seikkailujen ytimen ja tekev\u00e4t niist\u00e4 tyylikk\u00e4it\u00e4 asusteita rannalle, uima-altaalle ja vaihtotiloihin. Mukautettavien mallien ansiosta voit luoda ainutlaatuisen n\u00e4k\u00f6isesi. Vaihda vaatteet helposti ja ilman kompromisseja t\u00e4ss\u00e4 huomiota her\u00e4tt\u00e4v\u00e4ss\u00e4 ja toiminnallisessa ponchossa, joka on uusi ranta-asusi!<\/p>\n<h2>TEKNISET TIEDOT<\/h2>\n<p>Mitat: Lapset: 65x80cm.<\/p>\n<p>Materiaali: Materiaali: Mikrokuitukangas<\/p>\n<p>Ominaisuus: Nopeasti kuivuva<\/p>\n<p><img decoding=\"async\" class=\"alignnone size-full wp-image-17245\" src=\"https:\/\/ozponcho.com.au\/wp-content\/uploads\/2023\/12\/Screenshot-2024-01-18-at-00.21.05.png\" alt=\"\" width=\"1882\" height=\"988\" srcset=\"https:\/\/ozponcho.com.au\/wp-content\/uploads\/2023\/12\/Screenshot-2024-01-18-at-00.21.05.png 1882w, https:\/\/ozponcho.com.au\/wp-content\/uploads\/2023\/12\/Screenshot-2024-01-18-at-00.21.05-1020x535.png 1020w, https:\/\/ozponcho.com.au\/wp-content\/uploads\/2023\/12\/Screenshot-2024-01-18-at-00.21.05-300x157.png 300w, https:\/\/ozponcho.com.au\/wp-content\/uploads\/2023\/12\/Screenshot-2024-01-18-at-00.21.05-1024x538.png 1024w, https:\/\/ozponcho.com.au\/wp-content\/uploads\/2023\/12\/Screenshot-2024-01-18-at-00.21.05-768x403.png 768w, https:\/\/ozponcho.com.au\/wp-content\/uploads\/2023\/12\/Screenshot-2024-01-18-at-00.21.05-1536x806.png 1536w\" sizes=\"(max-width: 1882px) 100vw, 1882px\" \/><\/p>","protected":false},"excerpt":{"rendered":"<p>Unleash your vibrant side with this ultra-soft, microfiber beach poncho. Perfect for quick drying after a swim, it offers supreme absorbency and rapid drying properties. Its bold prints and lively patterns capture the essence of summer adventures, making them stylish accessories for beach, pool, and changing scenarios. Customizable designs mean you can sport a look [&#8230;]","protected":false},"featured_media":16872,"template":"","meta":[],"product_brand":[],"product_cat":[223,15,208],"product_tag":[],"class_list":{"0":"post-16873","1":"product","2":"type-product","3":"status-publish","4":"has-post-thumbnail","6":"product_cat-blue-poncho","7":"product_cat-main-category","8":"product_cat-surf-poncho","10":"first","11":"instock","12":"shipping-taxable","13":"purchasable","14":"product-type-variable"},"yoast_head":"<!-- This site is optimized with the Yoast SEO plugin v25.9 - https:\/\/yoast.com\/wordpress\/plugins\/seo\/ -->\n<title>Vibrant Hooded Beach Poncho | Suomi #1 Poncho Shop<\/title>\n<meta name=\"description\" content=\"Looking for a Vibrant Hooded Beach Poncho ? You&#039;ve come to the right place \ud83d\ude04 We offers a wide selection of Vibrant Hooded Beach Poncho, perfect for you.\" \/>\n<meta name=\"robots\" content=\"index, follow, max-snippet:-1, max-image-preview:large, max-video-preview:-1\" \/>\n<link rel=\"canonical\" href=\"https:\/\/ozponcho.com.au\/fi\/p\/hupullinen-uimaponcho-pyyhe\/\" \/>\n<meta property=\"og:locale\" content=\"fi_FI\" \/>\n<meta property=\"og:type\" content=\"article\" \/>\n<meta property=\"og:title\" content=\"Vibrant Hooded Beach Poncho | Suomi #1 Poncho Shop\" \/>\n<meta property=\"og:description\" content=\"Looking for a Vibrant Hooded Beach Poncho ? You&#039;ve come to the right place \ud83d\ude04 We offers a wide selection of Vibrant Hooded Beach Poncho, perfect for you.\" \/>\n<meta property=\"og:url\" content=\"https:\/\/ozponcho.com.au\/fi\/p\/hupullinen-uimaponcho-pyyhe\/\" \/>\n<meta property=\"og:site_name\" content=\"OZ Poncho\" \/>\n<meta property=\"article:modified_time\" content=\"2024-03-08T05:25:56+00:00\" \/>\n<meta property=\"og:image\" content=\"https:\/\/ozponcho.com.au\/wp-content\/uploads\/2023\/12\/He1819e3807cd4336b7b77272831691efd-4.webp\" \/>\n\t<meta property=\"og:image:width\" content=\"1000\" \/>\n\t<meta property=\"og:image:height\" content=\"1000\" \/>\n\t<meta property=\"og:image:type\" content=\"image\/webp\" \/>\n<meta name=\"twitter:card\" content=\"summary_large_image\" \/>\n<meta name=\"twitter:label1\" content=\"Arvioitu lukuaika\" \/>\n\t<meta name=\"twitter:data1\" content=\"1 minuutti\" \/>\n<script type=\"application\/ld+json\" class=\"yoast-schema-graph\">{\"@context\":\"https:\/\/schema.org\",\"@graph\":[{\"@type\":\"WebPage\",\"@id\":\"https:\/\/ozponcho.com.au\/p\/hooded-swim-poncho-towel\/\",\"url\":\"https:\/\/ozponcho.com.au\/p\/hooded-swim-poncho-towel\/\",\"name\":\"Vibrant Hooded Beach Poncho | Suomi #1 Poncho Shop\",\"isPartOf\":{\"@id\":\"https:\/\/ozponcho.com.au\/#website\"},\"primaryImageOfPage\":{\"@id\":\"https:\/\/ozponcho.com.au\/p\/hooded-swim-poncho-towel\/#primaryimage\"},\"image\":{\"@id\":\"https:\/\/ozponcho.com.au\/p\/hooded-swim-poncho-towel\/#primaryimage\"},\"thumbnailUrl\":\"https:\/\/ozponcho.com.au\/wp-content\/uploads\/2023\/12\/He1819e3807cd4336b7b77272831691efd-4.webp\",\"datePublished\":\"2023-12-30T12:23:34+00:00\",\"dateModified\":\"2024-03-08T05:25:56+00:00\",\"description\":\"Looking for a Vibrant Hooded Beach Poncho ? You've come to the right place \ud83d\ude04 We offers a wide selection of Vibrant Hooded Beach Poncho, perfect for you.\",\"breadcrumb\":{\"@id\":\"https:\/\/ozponcho.com.au\/p\/hooded-swim-poncho-towel\/#breadcrumb\"},\"inLanguage\":\"fi\",\"potentialAction\":[{\"@type\":\"ReadAction\",\"target\":[\"https:\/\/ozponcho.com.au\/p\/hooded-swim-poncho-towel\/\"]}]},{\"@type\":\"ImageObject\",\"inLanguage\":\"fi\",\"@id\":\"https:\/\/ozponcho.com.au\/p\/hooded-swim-poncho-towel\/#primaryimage\",\"url\":\"https:\/\/ozponcho.com.au\/wp-content\/uploads\/2023\/12\/He1819e3807cd4336b7b77272831691efd-4.webp\",\"contentUrl\":\"https:\/\/ozponcho.com.au\/wp-content\/uploads\/2023\/12\/He1819e3807cd4336b7b77272831691efd-4.webp\",\"width\":1000,\"height\":1000,\"caption\":\"Vibrant Hooded Beach Poncho\"},{\"@type\":\"BreadcrumbList\",\"@id\":\"https:\/\/ozponcho.com.au\/p\/hooded-swim-poncho-towel\/#breadcrumb\",\"itemListElement\":[{\"@type\":\"ListItem\",\"position\":1,\"name\":\"Home\",\"item\":\"https:\/\/ozponcho.com.au\/\"},{\"@type\":\"ListItem\",\"position\":2,\"name\":\"Shop\",\"item\":\"https:\/\/ozponcho.com.au\/shop\/\"},{\"@type\":\"ListItem\",\"position\":3,\"name\":\"Vibrant Hooded Beach Poncho\"}]},{\"@type\":\"WebSite\",\"@id\":\"https:\/\/ozponcho.com.au\/#website\",\"url\":\"https:\/\/ozponcho.com.au\/\",\"name\":\"OZ Poncho\",\"description\":\"\",\"potentialAction\":[{\"@type\":\"SearchAction\",\"target\":{\"@type\":\"EntryPoint\",\"urlTemplate\":\"https:\/\/ozponcho.com.au\/?s={search_term_string}\"},\"query-input\":{\"@type\":\"PropertyValueSpecification\",\"valueRequired\":true,\"valueName\":\"search_term_string\"}}],\"inLanguage\":\"fi\"}]}<\/script>\n<!-- \/ Yoast SEO plugin. -->","yoast_head_json":{"title":"V\u00e4rik\u00e4s hupullinen rantaponcho | Suomi #1 Poncho Shop","description":"Etsitk\u00f6 v\u00e4rik\u00e4st\u00e4 hupullinen rantaponcho ? Olet tullut oikeaan paikkaan \ud83d\ude04 Tarjoamme laajan valikoiman Vibrant Hooded Beach Poncho, t\u00e4ydellinen sinulle.","robots":{"index":"index","follow":"follow","max-snippet":"max-snippet:-1","max-image-preview":"max-image-preview:large","max-video-preview":"max-video-preview:-1"},"canonical":"https:\/\/ozponcho.com.au\/fi\/p\/hupullinen-uimaponcho-pyyhe\/","og_locale":"fi_FI","og_type":"article","og_title":"Vibrant Hooded Beach Poncho | Suomi #1 Poncho Shop","og_description":"Looking for a Vibrant Hooded Beach Poncho ? You've come to the right place \ud83d\ude04 We offers a wide selection of Vibrant Hooded Beach Poncho, perfect for you.","og_url":"https:\/\/ozponcho.com.au\/fi\/p\/hupullinen-uimaponcho-pyyhe\/","og_site_name":"OZ Poncho","article_modified_time":"2024-03-08T05:25:56+00:00","og_image":[{"width":1000,"height":1000,"url":"https:\/\/ozponcho.com.au\/wp-content\/uploads\/2023\/12\/He1819e3807cd4336b7b77272831691efd-4.webp","type":"image\/webp"}],"twitter_card":"summary_large_image","twitter_misc":{"Arvioitu lukuaika":"1 minuutti"},"schema":{"@context":"https:\/\/schema.org","@graph":[{"@type":"WebPage","@id":"https:\/\/ozponcho.com.au\/p\/hooded-swim-poncho-towel\/","url":"https:\/\/ozponcho.com.au\/p\/hooded-swim-poncho-towel\/","name":"V\u00e4rik\u00e4s hupullinen rantaponcho | Suomi #1 Poncho Shop","isPartOf":{"@id":"https:\/\/ozponcho.com.au\/#website"},"primaryImageOfPage":{"@id":"https:\/\/ozponcho.com.au\/p\/hooded-swim-poncho-towel\/#primaryimage"},"image":{"@id":"https:\/\/ozponcho.com.au\/p\/hooded-swim-poncho-towel\/#primaryimage"},"thumbnailUrl":"https:\/\/ozponcho.com.au\/wp-content\/uploads\/2023\/12\/He1819e3807cd4336b7b77272831691efd-4.webp","datePublished":"2023-12-30T12:23:34+00:00","dateModified":"2024-03-08T05:25:56+00:00","description":"Etsitk\u00f6 v\u00e4rik\u00e4st\u00e4 hupullinen rantaponcho ? Olet tullut oikeaan paikkaan \ud83d\ude04 Tarjoamme laajan valikoiman Vibrant Hooded Beach Poncho, t\u00e4ydellinen sinulle.","breadcrumb":{"@id":"https:\/\/ozponcho.com.au\/p\/hooded-swim-poncho-towel\/#breadcrumb"},"inLanguage":"fi","potentialAction":[{"@type":"ReadAction","target":["https:\/\/ozponcho.com.au\/p\/hooded-swim-poncho-towel\/"]}]},{"@type":"ImageObject","inLanguage":"fi","@id":"https:\/\/ozponcho.com.au\/p\/hooded-swim-poncho-towel\/#primaryimage","url":"https:\/\/ozponcho.com.au\/wp-content\/uploads\/2023\/12\/He1819e3807cd4336b7b77272831691efd-4.webp","contentUrl":"https:\/\/ozponcho.com.au\/wp-content\/uploads\/2023\/12\/He1819e3807cd4336b7b77272831691efd-4.webp","width":1000,"height":1000,"caption":"Vibrant Hooded Beach Poncho"},{"@type":"BreadcrumbList","@id":"https:\/\/ozponcho.com.au\/p\/hooded-swim-poncho-towel\/#breadcrumb","itemListElement":[{"@type":"ListItem","position":1,"name":"Home","item":"https:\/\/ozponcho.com.au\/"},{"@type":"ListItem","position":2,"name":"Shop","item":"https:\/\/ozponcho.com.au\/shop\/"},{"@type":"ListItem","position":3,"name":"Vibrant Hooded Beach Poncho"}]},{"@type":"WebSite","@id":"https:\/\/ozponcho.com.au\/#website","url":"https:\/\/ozponcho.com.au\/","name":"OZ Poncho","description":"","potentialAction":[{"@type":"SearchAction","target":{"@type":"EntryPoint","urlTemplate":"https:\/\/ozponcho.com.au\/?s={search_term_string}"},"query-input":{"@type":"PropertyValueSpecification","valueRequired":true,"valueName":"search_term_string"}}],"inLanguage":"fi"}]}},"_links":{"self":[{"href":"https:\/\/ozponcho.com.au\/fi\/wp-json\/wp\/v2\/product\/16873","targetHints":{"allow":["GET"]}}],"collection":[{"href":"https:\/\/ozponcho.com.au\/fi\/wp-json\/wp\/v2\/product"}],"about":[{"href":"https:\/\/ozponcho.com.au\/fi\/wp-json\/wp\/v2\/types\/product"}],"wp:featuredmedia":[{"embeddable":true,"href":"https:\/\/ozponcho.com.au\/fi\/wp-json\/wp\/v2\/media\/16872"}],"wp:attachment":[{"href":"https:\/\/ozponcho.com.au\/fi\/wp-json\/wp\/v2\/media?parent=16873"}],"wp:term":[{"taxonomy":"product_brand","embeddable":true,"href":"https:\/\/ozponcho.com.au\/fi\/wp-json\/wp\/v2\/product_brand?post=16873"},{"taxonomy":"product_cat","embeddable":true,"href":"https:\/\/ozponcho.com.au\/fi\/wp-json\/wp\/v2\/product_cat?post=16873"},{"taxonomy":"product_tag","embeddable":true,"href":"https:\/\/ozponcho.com.au\/fi\/wp-json\/wp\/v2\/product_tag?post=16873"}],"curies":[{"name":"wp","href":"https:\/\/api.w.org\/{rel}","templated":true}]}}