{"id":16802,"date":"2023-12-30T23:22:23","date_gmt":"2023-12-30T12:22:23","guid":{"rendered":"https:\/\/ozponcho.com.au\/?post_type=product&#038;p=16802"},"modified":"2024-03-08T16:25:59","modified_gmt":"2024-03-08T05:25:59","slug":"microfiber-quick-dry-surf-poncho","status":"publish","type":"product","link":"https:\/\/ozponcho.com.au\/fi\/p\/mikrokuituinen-nopeasti-kuivuva-surffiponcho\/","title":{"rendered":"V\u00e4rik\u00e4s hupullinen rantaponcho"},"content":{"rendered":"<p>Ota rantavibat vastaan v\u00e4rikk\u00e4\u00e4ll\u00e4 hupullisella rantaponchollamme, joka sopii t\u00e4ydellisesti niille, jotka el\u00e4v\u00e4t aktiivista el\u00e4m\u00e4ntapaa. T\u00e4m\u00e4 eritt\u00e4in pehme\u00e4st\u00e4 mikrokuidusta valmistettu, nopeasti kuivuva poncho tarjoaa erinomaisen imukyvyn, joten se on ihanteellinen uinnin tai surffauksen j\u00e4lkeisiin sessioihin. Silm\u00e4\u00e4npist\u00e4v\u00e4t painatukset tuovat persoonallisuuttasi, ja muokattavien vaihtoehtojen ansiosta se on juuri sinulle r\u00e4\u00e4t\u00e4l\u00f6ity. Pukeudu mukavasti, vaihdoitpa sitten vaatteita julkisella paikalla tai loikoilit veden \u00e4\u00e4rell\u00e4 - ja tee se tyylill\u00e4!<\/p>\n<h2>TEKNISET TIEDOT<\/h2>\n<p>Mitat: Lapset: 65x80cm.<\/p>\n<p>Materiaali: Materiaali: Mikrokuitukangas<\/p>\n<p>Ominaisuus: Nopeasti kuivuva<\/p>\n<p><img decoding=\"async\" class=\"alignnone size-full wp-image-17245\" src=\"https:\/\/ozponcho.com.au\/wp-content\/uploads\/2023\/12\/Screenshot-2024-01-18-at-00.21.05.png\" alt=\"\" width=\"1882\" height=\"988\" srcset=\"https:\/\/ozponcho.com.au\/wp-content\/uploads\/2023\/12\/Screenshot-2024-01-18-at-00.21.05.png 1882w, https:\/\/ozponcho.com.au\/wp-content\/uploads\/2023\/12\/Screenshot-2024-01-18-at-00.21.05-1020x535.png 1020w, https:\/\/ozponcho.com.au\/wp-content\/uploads\/2023\/12\/Screenshot-2024-01-18-at-00.21.05-300x157.png 300w, https:\/\/ozponcho.com.au\/wp-content\/uploads\/2023\/12\/Screenshot-2024-01-18-at-00.21.05-1024x538.png 1024w, https:\/\/ozponcho.com.au\/wp-content\/uploads\/2023\/12\/Screenshot-2024-01-18-at-00.21.05-768x403.png 768w, https:\/\/ozponcho.com.au\/wp-content\/uploads\/2023\/12\/Screenshot-2024-01-18-at-00.21.05-1536x806.png 1536w\" sizes=\"(max-width: 1882px) 100vw, 1882px\" \/><\/p>","protected":false},"excerpt":{"rendered":"<p>Embrace the beach vibes with our Colorful Hooded Beach Poncho, perfect for those who live an active lifestyle. Made from ultra-soft microfiber, this quick-drying poncho provides excellent absorbency, making it ideal for post-swim or surf sessions. The eye-catching prints add a touch of your personality, while the customizable options mean it&#8217;s tailored just for you. [&#8230;]","protected":false},"featured_media":16801,"template":"","meta":[],"product_brand":[],"product_cat":[15,212,208,224],"product_tag":[],"class_list":{"0":"post-16802","1":"product","2":"type-product","3":"status-publish","4":"has-post-thumbnail","6":"product_cat-main-category","7":"product_cat-poncho-kid","8":"product_cat-surf-poncho","9":"product_cat-yellow-poncho","11":"first","12":"instock","13":"shipping-taxable","14":"purchasable","15":"product-type-variable"},"yoast_head":"<!-- This site is optimized with the Yoast SEO plugin v25.9 - https:\/\/yoast.com\/wordpress\/plugins\/seo\/ -->\n<title>Colorful Hooded Beach Poncho | Suomi #1 Poncho Shop<\/title>\n<meta name=\"description\" content=\"Looking for a Colorful Hooded Beach Poncho ? You&#039;ve come to the right place \ud83d\ude04 We offers a wide selection of Colorful Hooded Beach Poncho, perfect for you.\" \/>\n<meta name=\"robots\" content=\"index, follow, max-snippet:-1, max-image-preview:large, max-video-preview:-1\" \/>\n<link rel=\"canonical\" href=\"https:\/\/ozponcho.com.au\/fi\/p\/mikrokuituinen-nopeasti-kuivuva-surffiponcho\/\" \/>\n<meta property=\"og:locale\" content=\"fi_FI\" \/>\n<meta property=\"og:type\" content=\"article\" \/>\n<meta property=\"og:title\" content=\"Colorful Hooded Beach Poncho | Suomi #1 Poncho Shop\" \/>\n<meta property=\"og:description\" content=\"Looking for a Colorful Hooded Beach Poncho ? You&#039;ve come to the right place \ud83d\ude04 We offers a wide selection of Colorful Hooded Beach Poncho, perfect for you.\" \/>\n<meta property=\"og:url\" content=\"https:\/\/ozponcho.com.au\/fi\/p\/mikrokuituinen-nopeasti-kuivuva-surffiponcho\/\" \/>\n<meta property=\"og:site_name\" content=\"OZ Poncho\" \/>\n<meta property=\"article:modified_time\" content=\"2024-03-08T05:25:59+00:00\" \/>\n<meta property=\"og:image\" content=\"https:\/\/ozponcho.com.au\/wp-content\/uploads\/2023\/12\/H70336b0c46a34fe3b3af55a34b4ea67cW-4.webp\" \/>\n\t<meta property=\"og:image:width\" content=\"1000\" \/>\n\t<meta property=\"og:image:height\" content=\"1000\" \/>\n\t<meta property=\"og:image:type\" content=\"image\/webp\" \/>\n<meta name=\"twitter:card\" content=\"summary_large_image\" \/>\n<meta name=\"twitter:label1\" content=\"Arvioitu lukuaika\" \/>\n\t<meta name=\"twitter:data1\" content=\"1 minuutti\" \/>\n<script type=\"application\/ld+json\" class=\"yoast-schema-graph\">{\"@context\":\"https:\/\/schema.org\",\"@graph\":[{\"@type\":\"WebPage\",\"@id\":\"https:\/\/ozponcho.com.au\/p\/microfiber-quick-dry-surf-poncho\/\",\"url\":\"https:\/\/ozponcho.com.au\/p\/microfiber-quick-dry-surf-poncho\/\",\"name\":\"Colorful Hooded Beach Poncho | Suomi #1 Poncho Shop\",\"isPartOf\":{\"@id\":\"https:\/\/ozponcho.com.au\/#website\"},\"primaryImageOfPage\":{\"@id\":\"https:\/\/ozponcho.com.au\/p\/microfiber-quick-dry-surf-poncho\/#primaryimage\"},\"image\":{\"@id\":\"https:\/\/ozponcho.com.au\/p\/microfiber-quick-dry-surf-poncho\/#primaryimage\"},\"thumbnailUrl\":\"https:\/\/ozponcho.com.au\/wp-content\/uploads\/2023\/12\/H70336b0c46a34fe3b3af55a34b4ea67cW-4.webp\",\"datePublished\":\"2023-12-30T12:22:23+00:00\",\"dateModified\":\"2024-03-08T05:25:59+00:00\",\"description\":\"Looking for a Colorful Hooded Beach Poncho ? You've come to the right place \ud83d\ude04 We offers a wide selection of Colorful Hooded Beach Poncho, perfect for you.\",\"breadcrumb\":{\"@id\":\"https:\/\/ozponcho.com.au\/p\/microfiber-quick-dry-surf-poncho\/#breadcrumb\"},\"inLanguage\":\"fi\",\"potentialAction\":[{\"@type\":\"ReadAction\",\"target\":[\"https:\/\/ozponcho.com.au\/p\/microfiber-quick-dry-surf-poncho\/\"]}]},{\"@type\":\"ImageObject\",\"inLanguage\":\"fi\",\"@id\":\"https:\/\/ozponcho.com.au\/p\/microfiber-quick-dry-surf-poncho\/#primaryimage\",\"url\":\"https:\/\/ozponcho.com.au\/wp-content\/uploads\/2023\/12\/H70336b0c46a34fe3b3af55a34b4ea67cW-4.webp\",\"contentUrl\":\"https:\/\/ozponcho.com.au\/wp-content\/uploads\/2023\/12\/H70336b0c46a34fe3b3af55a34b4ea67cW-4.webp\",\"width\":1000,\"height\":1000,\"caption\":\"Colorful Hooded Beach Poncho\"},{\"@type\":\"BreadcrumbList\",\"@id\":\"https:\/\/ozponcho.com.au\/p\/microfiber-quick-dry-surf-poncho\/#breadcrumb\",\"itemListElement\":[{\"@type\":\"ListItem\",\"position\":1,\"name\":\"Home\",\"item\":\"https:\/\/ozponcho.com.au\/\"},{\"@type\":\"ListItem\",\"position\":2,\"name\":\"Shop\",\"item\":\"https:\/\/ozponcho.com.au\/shop\/\"},{\"@type\":\"ListItem\",\"position\":3,\"name\":\"Colorful Hooded Beach Poncho\"}]},{\"@type\":\"WebSite\",\"@id\":\"https:\/\/ozponcho.com.au\/#website\",\"url\":\"https:\/\/ozponcho.com.au\/\",\"name\":\"OZ Poncho\",\"description\":\"\",\"potentialAction\":[{\"@type\":\"SearchAction\",\"target\":{\"@type\":\"EntryPoint\",\"urlTemplate\":\"https:\/\/ozponcho.com.au\/?s={search_term_string}\"},\"query-input\":{\"@type\":\"PropertyValueSpecification\",\"valueRequired\":true,\"valueName\":\"search_term_string\"}}],\"inLanguage\":\"fi\"}]}<\/script>\n<!-- \/ Yoast SEO plugin. -->","yoast_head_json":{"title":"V\u00e4rik\u00e4s hupullinen rantaponcho | Suomi #1 Poncho Shop","description":"Etsitk\u00f6 v\u00e4rik\u00e4s hupullinen rantaponcho ? Olet tullut oikeaan paikkaan \ud83d\ude04 Tarjoamme laajan valikoiman v\u00e4rikk\u00e4it\u00e4 hupullisia rantaponchoja, jotka sopivat juuri sinulle.","robots":{"index":"index","follow":"follow","max-snippet":"max-snippet:-1","max-image-preview":"max-image-preview:large","max-video-preview":"max-video-preview:-1"},"canonical":"https:\/\/ozponcho.com.au\/fi\/p\/mikrokuituinen-nopeasti-kuivuva-surffiponcho\/","og_locale":"fi_FI","og_type":"article","og_title":"Colorful Hooded Beach Poncho | Suomi #1 Poncho Shop","og_description":"Looking for a Colorful Hooded Beach Poncho ? You've come to the right place \ud83d\ude04 We offers a wide selection of Colorful Hooded Beach Poncho, perfect for you.","og_url":"https:\/\/ozponcho.com.au\/fi\/p\/mikrokuituinen-nopeasti-kuivuva-surffiponcho\/","og_site_name":"OZ Poncho","article_modified_time":"2024-03-08T05:25:59+00:00","og_image":[{"width":1000,"height":1000,"url":"https:\/\/ozponcho.com.au\/wp-content\/uploads\/2023\/12\/H70336b0c46a34fe3b3af55a34b4ea67cW-4.webp","type":"image\/webp"}],"twitter_card":"summary_large_image","twitter_misc":{"Arvioitu lukuaika":"1 minuutti"},"schema":{"@context":"https:\/\/schema.org","@graph":[{"@type":"WebPage","@id":"https:\/\/ozponcho.com.au\/p\/microfiber-quick-dry-surf-poncho\/","url":"https:\/\/ozponcho.com.au\/p\/microfiber-quick-dry-surf-poncho\/","name":"V\u00e4rik\u00e4s hupullinen rantaponcho | Suomi #1 Poncho Shop","isPartOf":{"@id":"https:\/\/ozponcho.com.au\/#website"},"primaryImageOfPage":{"@id":"https:\/\/ozponcho.com.au\/p\/microfiber-quick-dry-surf-poncho\/#primaryimage"},"image":{"@id":"https:\/\/ozponcho.com.au\/p\/microfiber-quick-dry-surf-poncho\/#primaryimage"},"thumbnailUrl":"https:\/\/ozponcho.com.au\/wp-content\/uploads\/2023\/12\/H70336b0c46a34fe3b3af55a34b4ea67cW-4.webp","datePublished":"2023-12-30T12:22:23+00:00","dateModified":"2024-03-08T05:25:59+00:00","description":"Etsitk\u00f6 v\u00e4rik\u00e4s hupullinen rantaponcho ? Olet tullut oikeaan paikkaan \ud83d\ude04 Tarjoamme laajan valikoiman v\u00e4rikk\u00e4it\u00e4 hupullisia rantaponchoja, jotka sopivat juuri sinulle.","breadcrumb":{"@id":"https:\/\/ozponcho.com.au\/p\/microfiber-quick-dry-surf-poncho\/#breadcrumb"},"inLanguage":"fi","potentialAction":[{"@type":"ReadAction","target":["https:\/\/ozponcho.com.au\/p\/microfiber-quick-dry-surf-poncho\/"]}]},{"@type":"ImageObject","inLanguage":"fi","@id":"https:\/\/ozponcho.com.au\/p\/microfiber-quick-dry-surf-poncho\/#primaryimage","url":"https:\/\/ozponcho.com.au\/wp-content\/uploads\/2023\/12\/H70336b0c46a34fe3b3af55a34b4ea67cW-4.webp","contentUrl":"https:\/\/ozponcho.com.au\/wp-content\/uploads\/2023\/12\/H70336b0c46a34fe3b3af55a34b4ea67cW-4.webp","width":1000,"height":1000,"caption":"Colorful Hooded Beach Poncho"},{"@type":"BreadcrumbList","@id":"https:\/\/ozponcho.com.au\/p\/microfiber-quick-dry-surf-poncho\/#breadcrumb","itemListElement":[{"@type":"ListItem","position":1,"name":"Home","item":"https:\/\/ozponcho.com.au\/"},{"@type":"ListItem","position":2,"name":"Shop","item":"https:\/\/ozponcho.com.au\/shop\/"},{"@type":"ListItem","position":3,"name":"Colorful Hooded Beach Poncho"}]},{"@type":"WebSite","@id":"https:\/\/ozponcho.com.au\/#website","url":"https:\/\/ozponcho.com.au\/","name":"OZ Poncho","description":"","potentialAction":[{"@type":"SearchAction","target":{"@type":"EntryPoint","urlTemplate":"https:\/\/ozponcho.com.au\/?s={search_term_string}"},"query-input":{"@type":"PropertyValueSpecification","valueRequired":true,"valueName":"search_term_string"}}],"inLanguage":"fi"}]}},"_links":{"self":[{"href":"https:\/\/ozponcho.com.au\/fi\/wp-json\/wp\/v2\/product\/16802","targetHints":{"allow":["GET"]}}],"collection":[{"href":"https:\/\/ozponcho.com.au\/fi\/wp-json\/wp\/v2\/product"}],"about":[{"href":"https:\/\/ozponcho.com.au\/fi\/wp-json\/wp\/v2\/types\/product"}],"wp:featuredmedia":[{"embeddable":true,"href":"https:\/\/ozponcho.com.au\/fi\/wp-json\/wp\/v2\/media\/16801"}],"wp:attachment":[{"href":"https:\/\/ozponcho.com.au\/fi\/wp-json\/wp\/v2\/media?parent=16802"}],"wp:term":[{"taxonomy":"product_brand","embeddable":true,"href":"https:\/\/ozponcho.com.au\/fi\/wp-json\/wp\/v2\/product_brand?post=16802"},{"taxonomy":"product_cat","embeddable":true,"href":"https:\/\/ozponcho.com.au\/fi\/wp-json\/wp\/v2\/product_cat?post=16802"},{"taxonomy":"product_tag","embeddable":true,"href":"https:\/\/ozponcho.com.au\/fi\/wp-json\/wp\/v2\/product_tag?post=16802"}],"curies":[{"name":"wp","href":"https:\/\/api.w.org\/{rel}","templated":true}]}}