{"id":16161,"date":"2023-12-30T22:39:23","date_gmt":"2023-12-30T11:39:23","guid":{"rendered":"https:\/\/ozponcho.com.au\/?post_type=product&#038;p=16161"},"modified":"2025-07-30T18:06:41","modified_gmt":"2025-07-30T07:06:41","slug":"tribal-style-womens-shawl","status":"publish","type":"product","link":"https:\/\/ozponcho.com.au\/fi\/p\/heimotyylinen-naisten-huivi\/","title":{"rendered":"Boheemi hapsuponcho"},"content":{"rendered":"<p>Tutustu talven t\u00e4ydelliseen asusteeseen boheemilla hapsuponcholla, joka on suunniteltu erityisesti muotitietoisille naisille. Sen ainutlaatuinen polyesterin ja akryylin sekoitus tarjoaa vertaansa vailla olevaa l\u00e4mp\u00f6\u00e4 tyylist\u00e4 tinkim\u00e4tt\u00e4. V\u00e4rikk\u00e4\u00e4t heimokuviot ja hapsukuvioinnit nostavat mink\u00e4 tahansa asun korkeammalle ja tekev\u00e4t t\u00e4st\u00e4 ponchosta vaatekaappisi monipuolisen peruspakkauksen. Olitpa sitten ostoksilla tai iltak\u00e4velyll\u00e4, helppok\u00e4ytt\u00f6inen ponchomme pit\u00e4\u00e4 sinut l\u00e4mpim\u00e4n\u00e4 ja k\u00e4\u00e4nt\u00e4\u00e4 katseet. Valmistaudu kietomaan itsesi mukavuuteen ja tyylikk\u00e4\u00e4seen eleganssiin t\u00e4m\u00e4n kauden pakollisen kappaleen kanssa.<\/p>\n<h2>TEKNISET TIEDOT<\/h2>\n<p>Tuotemerkki: WINEBAMBOU<\/p>\n<p>Sovellettava kausi: .<\/p>\n<p>Materiaali: Materiaali: Akryyli<\/p>\n<p>Materiaali: Polyesteri<\/p>\n<p>Sukupuoli: NAISET<\/p>\n<p>Ominaisuus: Koristele&nbsp;<\/p>\n<p>Osaston nimi: Aikuiset<\/p>\n<p>Sovellettava kohtaus: Mene ostoksille<\/p>\n<p>Tyyli: Muoti:<\/p>\n<p>Kuviotyyppi: Geometrinen<\/p>\n<p>Huivien pituus: 135cm-175cm<\/p>\n<p>Alkuper\u00e4: Kiina<\/p>\n<p>CN: Zhejiang<\/p>\n<p>Julkaisup\u00e4iv\u00e4: Talvi2022<\/p>\n<p>Huivit Tyyppi: Pashmina<\/p>\n<p>Mallinumero: YG085<\/p>\n<p>Tuotetyyppi: .<\/p>\n<p>Alkuper\u00e4paikka: Kiina (Manner)<\/p>\n<div>\n<div>\n<p>Yst\u00e4villeni, jotka k\u00e4yv\u00e4t kaupassani:<\/p>\n<p><strong>Tyyli Nimi:&nbsp;<\/strong>Iso huivit talvihuivi kashmir poncho naisten Bohemian huivit Tribal Fringe hupparit huopia huopia Cape huivi Ponchot ja viitat YG085<\/p>\n<p><strong>Koko:&nbsp;<\/strong>130 * 150 cm (virhealue 1-3cm)<\/p>\n<p><strong>Paino:<\/strong>&nbsp;noin 500 g (paino poikkeaa markkinoilla olevasta painosta).<\/p>\n<p><strong>Materiaali:&nbsp;<\/strong>50% polyesteri+50% akryyli<\/p>\n<p>Toivottavasti sinulla on mukava matka<\/p>\n<p><img decoding=\"async\" src=\"https:\/\/ozponcho.com.au\/wp-content\/uploads\/2024\/03\/S516ded10f7904b1aa99eba335d916157m.webp\" \/><img decoding=\"async\" src=\"https:\/\/ozponcho.com.au\/wp-content\/uploads\/2024\/03\/S07efe052607b4dda82b38cf92dd87cc95.webp\" \/><img decoding=\"async\" src=\"https:\/\/ozponcho.com.au\/wp-content\/uploads\/2024\/03\/S653fe5329bdc44a980bc84cc2364e12f9.webp\" \/><img decoding=\"async\" src=\"https:\/\/ozponcho.com.au\/wp-content\/uploads\/2024\/03\/S1ff9e50b91214e7fa973cfbe7b4df6213.webp\" \/><img decoding=\"async\" src=\"https:\/\/ozponcho.com.au\/wp-content\/uploads\/2024\/03\/Sf2facdc4988a42289f2ce37832db9682V.webp\" \/><img decoding=\"async\" src=\"https:\/\/ozponcho.com.au\/wp-content\/uploads\/2024\/03\/S8922db4198e64db290235ec3861740a4c.webp\" \/><img decoding=\"async\" src=\"https:\/\/ozponcho.com.au\/wp-content\/uploads\/2024\/03\/Sc1ed1bf897404d2daba9378ba038ead7r.webp\" \/><img decoding=\"async\" src=\"https:\/\/ozponcho.com.au\/wp-content\/uploads\/2024\/03\/Sd4f897279ba94daba5c57ca9be544213J.webp\" \/><\/p>\n<\/p><\/div>\n<\/p><\/div>","protected":false},"excerpt":{"rendered":"<p>Discover the ultimate winter accessory with our Bohemian Fringe Poncho, designed especially for fashion-forward women. Its unique blend of polyester and acrylic provides unmatched warmth without sacrificing style. The vibrant tribal patterns and fringe detailing will elevate any outfit, making this poncho a versatile staple for your wardrobe. Whether you&#8217;re out shopping or enjoying an [&#8230;]","protected":false},"featured_media":16151,"template":"","meta":[],"product_brand":[],"product_cat":[219,229,226,15,210,215],"product_tag":[],"class_list":{"0":"post-16161","1":"product","2":"type-product","3":"status-publish","4":"has-post-thumbnail","6":"product_cat-black-poncho","7":"product_cat-blanket-poncho","8":"product_cat-brown-poncho","9":"product_cat-main-category","10":"product_cat-poncho-women","11":"product_cat-wool-poncho","13":"first","14":"instock","15":"shipping-taxable","16":"purchasable","17":"product-type-variable"},"yoast_head":"<!-- This site is optimized with the Yoast SEO plugin v25.9 - https:\/\/yoast.com\/wordpress\/plugins\/seo\/ -->\n<title>Bohemian Fringe Poncho | Suomi #1 Poncho Shop<\/title>\n<meta name=\"description\" content=\"Looking for a Bohemian Fringe Poncho ? You&#039;ve come to the right place \ud83d\ude04 We offers a wide selection of Bohemian Fringe Poncho, perfect for you.\" \/>\n<meta name=\"robots\" content=\"index, follow, max-snippet:-1, max-image-preview:large, max-video-preview:-1\" \/>\n<link rel=\"canonical\" href=\"https:\/\/ozponcho.com.au\/fi\/p\/heimotyylinen-naisten-huivi\/\" \/>\n<meta property=\"og:locale\" content=\"fi_FI\" \/>\n<meta property=\"og:type\" content=\"article\" \/>\n<meta property=\"og:title\" content=\"Bohemian Fringe Poncho | Suomi #1 Poncho Shop\" \/>\n<meta property=\"og:description\" content=\"Looking for a Bohemian Fringe Poncho ? You&#039;ve come to the right place \ud83d\ude04 We offers a wide selection of Bohemian Fringe Poncho, perfect for you.\" \/>\n<meta property=\"og:url\" content=\"https:\/\/ozponcho.com.au\/fi\/p\/heimotyylinen-naisten-huivi\/\" \/>\n<meta property=\"og:site_name\" content=\"OZ Poncho\" \/>\n<meta property=\"article:modified_time\" content=\"2025-07-30T07:06:41+00:00\" \/>\n<meta property=\"og:image\" content=\"https:\/\/ozponcho.com.au\/wp-content\/uploads\/2023\/12\/HTB1NCXwQVXXXXXqXXXXq6xXFXXXs-1.webp\" \/>\n\t<meta property=\"og:image:width\" content=\"800\" \/>\n\t<meta property=\"og:image:height\" content=\"800\" \/>\n\t<meta property=\"og:image:type\" content=\"image\/webp\" \/>\n<meta name=\"twitter:card\" content=\"summary_large_image\" \/>\n<meta name=\"twitter:label1\" content=\"Arvioitu lukuaika\" \/>\n\t<meta name=\"twitter:data1\" content=\"1 minuutti\" \/>\n<script type=\"application\/ld+json\" class=\"yoast-schema-graph\">{\"@context\":\"https:\/\/schema.org\",\"@graph\":[{\"@type\":\"WebPage\",\"@id\":\"https:\/\/ozponcho.com.au\/p\/tribal-style-womens-shawl\/\",\"url\":\"https:\/\/ozponcho.com.au\/p\/tribal-style-womens-shawl\/\",\"name\":\"Bohemian Fringe Poncho | Suomi #1 Poncho Shop\",\"isPartOf\":{\"@id\":\"https:\/\/ozponcho.com.au\/#website\"},\"primaryImageOfPage\":{\"@id\":\"https:\/\/ozponcho.com.au\/p\/tribal-style-womens-shawl\/#primaryimage\"},\"image\":{\"@id\":\"https:\/\/ozponcho.com.au\/p\/tribal-style-womens-shawl\/#primaryimage\"},\"thumbnailUrl\":\"https:\/\/ozponcho.com.au\/wp-content\/uploads\/2023\/12\/HTB1NCXwQVXXXXXqXXXXq6xXFXXXs-1.webp\",\"datePublished\":\"2023-12-30T11:39:23+00:00\",\"dateModified\":\"2025-07-30T07:06:41+00:00\",\"description\":\"Looking for a Bohemian Fringe Poncho ? You've come to the right place \ud83d\ude04 We offers a wide selection of Bohemian Fringe Poncho, perfect for you.\",\"breadcrumb\":{\"@id\":\"https:\/\/ozponcho.com.au\/p\/tribal-style-womens-shawl\/#breadcrumb\"},\"inLanguage\":\"fi\",\"potentialAction\":[{\"@type\":\"ReadAction\",\"target\":[\"https:\/\/ozponcho.com.au\/p\/tribal-style-womens-shawl\/\"]}]},{\"@type\":\"ImageObject\",\"inLanguage\":\"fi\",\"@id\":\"https:\/\/ozponcho.com.au\/p\/tribal-style-womens-shawl\/#primaryimage\",\"url\":\"https:\/\/ozponcho.com.au\/wp-content\/uploads\/2023\/12\/HTB1NCXwQVXXXXXqXXXXq6xXFXXXs-1.webp\",\"contentUrl\":\"https:\/\/ozponcho.com.au\/wp-content\/uploads\/2023\/12\/HTB1NCXwQVXXXXXqXXXXq6xXFXXXs-1.webp\",\"width\":800,\"height\":800,\"caption\":\"Bohemian Fringe Poncho\"},{\"@type\":\"BreadcrumbList\",\"@id\":\"https:\/\/ozponcho.com.au\/p\/tribal-style-womens-shawl\/#breadcrumb\",\"itemListElement\":[{\"@type\":\"ListItem\",\"position\":1,\"name\":\"Home\",\"item\":\"https:\/\/ozponcho.com.au\/\"},{\"@type\":\"ListItem\",\"position\":2,\"name\":\"Shop\",\"item\":\"https:\/\/ozponcho.com.au\/shop\/\"},{\"@type\":\"ListItem\",\"position\":3,\"name\":\"Bohemian Fringe Poncho\"}]},{\"@type\":\"WebSite\",\"@id\":\"https:\/\/ozponcho.com.au\/#website\",\"url\":\"https:\/\/ozponcho.com.au\/\",\"name\":\"OZ Poncho\",\"description\":\"\",\"potentialAction\":[{\"@type\":\"SearchAction\",\"target\":{\"@type\":\"EntryPoint\",\"urlTemplate\":\"https:\/\/ozponcho.com.au\/?s={search_term_string}\"},\"query-input\":{\"@type\":\"PropertyValueSpecification\",\"valueRequired\":true,\"valueName\":\"search_term_string\"}}],\"inLanguage\":\"fi\"}]}<\/script>\n<!-- \/ Yoast SEO plugin. -->","yoast_head_json":{"title":"Boheemi hapsuponcho | Suomi #1 Poncho Shop","description":"Etsitk\u00f6 boheemia hapsuponchoa ? Olet tullut oikeaan paikkaan \ud83d\ude04 Tarjoamme laajan valikoiman Bohemian Fringe Poncho, t\u00e4ydellinen sinulle.","robots":{"index":"index","follow":"follow","max-snippet":"max-snippet:-1","max-image-preview":"max-image-preview:large","max-video-preview":"max-video-preview:-1"},"canonical":"https:\/\/ozponcho.com.au\/fi\/p\/heimotyylinen-naisten-huivi\/","og_locale":"fi_FI","og_type":"article","og_title":"Bohemian Fringe Poncho | Suomi #1 Poncho Shop","og_description":"Looking for a Bohemian Fringe Poncho ? You've come to the right place \ud83d\ude04 We offers a wide selection of Bohemian Fringe Poncho, perfect for you.","og_url":"https:\/\/ozponcho.com.au\/fi\/p\/heimotyylinen-naisten-huivi\/","og_site_name":"OZ Poncho","article_modified_time":"2025-07-30T07:06:41+00:00","og_image":[{"width":800,"height":800,"url":"https:\/\/ozponcho.com.au\/wp-content\/uploads\/2023\/12\/HTB1NCXwQVXXXXXqXXXXq6xXFXXXs-1.webp","type":"image\/webp"}],"twitter_card":"summary_large_image","twitter_misc":{"Arvioitu lukuaika":"1 minuutti"},"schema":{"@context":"https:\/\/schema.org","@graph":[{"@type":"WebPage","@id":"https:\/\/ozponcho.com.au\/p\/tribal-style-womens-shawl\/","url":"https:\/\/ozponcho.com.au\/p\/tribal-style-womens-shawl\/","name":"Boheemi hapsuponcho | Suomi #1 Poncho Shop","isPartOf":{"@id":"https:\/\/ozponcho.com.au\/#website"},"primaryImageOfPage":{"@id":"https:\/\/ozponcho.com.au\/p\/tribal-style-womens-shawl\/#primaryimage"},"image":{"@id":"https:\/\/ozponcho.com.au\/p\/tribal-style-womens-shawl\/#primaryimage"},"thumbnailUrl":"https:\/\/ozponcho.com.au\/wp-content\/uploads\/2023\/12\/HTB1NCXwQVXXXXXqXXXXq6xXFXXXs-1.webp","datePublished":"2023-12-30T11:39:23+00:00","dateModified":"2025-07-30T07:06:41+00:00","description":"Etsitk\u00f6 boheemia hapsuponchoa ? Olet tullut oikeaan paikkaan \ud83d\ude04 Tarjoamme laajan valikoiman Bohemian Fringe Poncho, t\u00e4ydellinen sinulle.","breadcrumb":{"@id":"https:\/\/ozponcho.com.au\/p\/tribal-style-womens-shawl\/#breadcrumb"},"inLanguage":"fi","potentialAction":[{"@type":"ReadAction","target":["https:\/\/ozponcho.com.au\/p\/tribal-style-womens-shawl\/"]}]},{"@type":"ImageObject","inLanguage":"fi","@id":"https:\/\/ozponcho.com.au\/p\/tribal-style-womens-shawl\/#primaryimage","url":"https:\/\/ozponcho.com.au\/wp-content\/uploads\/2023\/12\/HTB1NCXwQVXXXXXqXXXXq6xXFXXXs-1.webp","contentUrl":"https:\/\/ozponcho.com.au\/wp-content\/uploads\/2023\/12\/HTB1NCXwQVXXXXXqXXXXq6xXFXXXs-1.webp","width":800,"height":800,"caption":"Bohemian Fringe Poncho"},{"@type":"BreadcrumbList","@id":"https:\/\/ozponcho.com.au\/p\/tribal-style-womens-shawl\/#breadcrumb","itemListElement":[{"@type":"ListItem","position":1,"name":"Home","item":"https:\/\/ozponcho.com.au\/"},{"@type":"ListItem","position":2,"name":"Shop","item":"https:\/\/ozponcho.com.au\/shop\/"},{"@type":"ListItem","position":3,"name":"Bohemian Fringe Poncho"}]},{"@type":"WebSite","@id":"https:\/\/ozponcho.com.au\/#website","url":"https:\/\/ozponcho.com.au\/","name":"OZ Poncho","description":"","potentialAction":[{"@type":"SearchAction","target":{"@type":"EntryPoint","urlTemplate":"https:\/\/ozponcho.com.au\/?s={search_term_string}"},"query-input":{"@type":"PropertyValueSpecification","valueRequired":true,"valueName":"search_term_string"}}],"inLanguage":"fi"}]}},"_links":{"self":[{"href":"https:\/\/ozponcho.com.au\/fi\/wp-json\/wp\/v2\/product\/16161","targetHints":{"allow":["GET"]}}],"collection":[{"href":"https:\/\/ozponcho.com.au\/fi\/wp-json\/wp\/v2\/product"}],"about":[{"href":"https:\/\/ozponcho.com.au\/fi\/wp-json\/wp\/v2\/types\/product"}],"wp:featuredmedia":[{"embeddable":true,"href":"https:\/\/ozponcho.com.au\/fi\/wp-json\/wp\/v2\/media\/16151"}],"wp:attachment":[{"href":"https:\/\/ozponcho.com.au\/fi\/wp-json\/wp\/v2\/media?parent=16161"}],"wp:term":[{"taxonomy":"product_brand","embeddable":true,"href":"https:\/\/ozponcho.com.au\/fi\/wp-json\/wp\/v2\/product_brand?post=16161"},{"taxonomy":"product_cat","embeddable":true,"href":"https:\/\/ozponcho.com.au\/fi\/wp-json\/wp\/v2\/product_cat?post=16161"},{"taxonomy":"product_tag","embeddable":true,"href":"https:\/\/ozponcho.com.au\/fi\/wp-json\/wp\/v2\/product_tag?post=16161"}],"curies":[{"name":"wp","href":"https:\/\/api.w.org\/{rel}","templated":true}]}}