{"id":15032,"date":"2023-12-30T22:19:28","date_gmt":"2023-12-30T11:19:28","guid":{"rendered":"https:\/\/ozponcho.com.au\/?post_type=product&#038;p=15032"},"modified":"2024-03-08T16:26:49","modified_gmt":"2024-03-08T05:26:49","slug":"child-winter-cozy-cape","status":"publish","type":"product","link":"https:\/\/ozponcho.com.au\/fi\/p\/lapsi-talvi-viihtyisa-viitta\/","title":{"rendered":"Vauvan vaaleanpunainen hupullinen poncho"},"content":{"rendered":"<p>Kiedo pikkuisesi pastellinpunaisen, hupullisen vauvaponchomme syleilyyn. T\u00e4m\u00e4 0-4T-ik\u00e4isille rakkaudella suunniteltu pehmoinen polyesteritakki varmistaa, ett\u00e4 lapsesi pysyy l\u00e4mpim\u00e4n\u00e4 talven kylmyyden aikana. Hupussa olevat suloiset el\u00e4inkorvat tuovat hassuutta, ja hihaton malli tarjoaa mukavuutta ja liikkumisvapautta aktiivisille pikkulapsille. Turvallinen nappikiinnitys kaulassa pit\u00e4\u00e4 viitan napakasti paikallaan. T\u00e4m\u00e4 poncho sopii t\u00e4ydellisesti talvik\u00e4velyille tai leikkikentt\u00e4seikkailuihin, ja se on pakollinen lis\u00e4 lapsesi vaatekaappiin, jossa yhdistyv\u00e4t kodikkuus ja tyyli.<\/p>\n<h2>TEKNISET TIEDOT<\/h2>\n<p>Tuotemerkki: DIANRUO<\/p>\n<p>Tyyli: England Style<\/p>\n<p>Alkuper\u00e4: Kiina<\/p>\n<p>CN: Guangdong<\/p>\n<p>Materiaali: Polyesteri<\/p>\n<p>Ik\u00e4jakauma: 0-6m<\/p>\n<p>Ik\u00e4jakauma: 7-12m<\/p>\n<p>Ik\u00e4jakauma: 13-24m<\/p>\n<p>Ik\u00e4haarukka: 25-36m<\/p>\n<p>Ik\u00e4jakauma: 4-6y<\/p>\n<p>Sukupuoli: vauva unisex<\/p>\n<p>Osaston nimi: Osasto: Baby<\/p>\n<p>Kaulus: huppari<\/p>\n<p>Hihan tyyli: Hiha: S\u00e4\u00e4nn\u00f6llinen<\/p>\n<p>Mallinumero: PDD<\/p>\n<p>Kangastyyppi: Frotee<\/p>\n<p>Kuviotyyppi: Tyyppi: Solid<\/p>\n<p>Hihan pituus (cm): .<\/p>\n<p>Sopii: Pukeutuu oikean kokoisena<\/p>","protected":false},"excerpt":{"rendered":"<p>Wrap your little one in the embrace of our pastel pink, hooded baby poncho. Designed with love for the 0-4T age range, this plush, polyester coat ensures your child stays warm during the chill of winter. Adorable animal ears on the hood add a touch of whimsy, while the sleeveless design offers comfort and freedom [&#8230;]","protected":false},"featured_media":15023,"template":"","meta":[],"product_brand":[],"product_cat":[15,222,213],"product_tag":[],"class_list":{"0":"post-15032","1":"product","2":"type-product","3":"status-publish","4":"has-post-thumbnail","6":"product_cat-main-category","7":"product_cat-pink-poncho","8":"product_cat-poncho-baby","10":"first","11":"instock","12":"shipping-taxable","13":"purchasable","14":"product-type-variable"},"yoast_head":"<!-- This site is optimized with the Yoast SEO plugin v25.9 - https:\/\/yoast.com\/wordpress\/plugins\/seo\/ -->\n<title>Baby Pink Hooded Poncho | Suomi #1 Poncho Shop<\/title>\n<meta name=\"description\" content=\"Looking for a Baby Pink Hooded Poncho ? You&#039;ve come to the right place \ud83d\ude04 We offers a wide selection of Baby Pink Hooded Poncho, perfect for you.\" \/>\n<meta name=\"robots\" content=\"index, follow, max-snippet:-1, max-image-preview:large, max-video-preview:-1\" \/>\n<link rel=\"canonical\" href=\"https:\/\/ozponcho.com.au\/fi\/p\/lapsi-talvi-viihtyisa-viitta\/\" \/>\n<meta property=\"og:locale\" content=\"fi_FI\" \/>\n<meta property=\"og:type\" content=\"article\" \/>\n<meta property=\"og:title\" content=\"Baby Pink Hooded Poncho | Suomi #1 Poncho Shop\" \/>\n<meta property=\"og:description\" content=\"Looking for a Baby Pink Hooded Poncho ? You&#039;ve come to the right place \ud83d\ude04 We offers a wide selection of Baby Pink Hooded Poncho, perfect for you.\" \/>\n<meta property=\"og:url\" content=\"https:\/\/ozponcho.com.au\/fi\/p\/lapsi-talvi-viihtyisa-viitta\/\" \/>\n<meta property=\"og:site_name\" content=\"OZ Poncho\" \/>\n<meta property=\"article:modified_time\" content=\"2024-03-08T05:26:49+00:00\" \/>\n<meta property=\"og:image\" content=\"https:\/\/ozponcho.com.au\/wp-content\/uploads\/2023\/12\/S94a0c377fa1845c39736d2281834383aq.webp\" \/>\n\t<meta property=\"og:image:width\" content=\"1375\" \/>\n\t<meta property=\"og:image:height\" content=\"1375\" \/>\n\t<meta property=\"og:image:type\" content=\"image\/webp\" \/>\n<meta name=\"twitter:card\" content=\"summary_large_image\" \/>\n<meta name=\"twitter:label1\" content=\"Arvioitu lukuaika\" \/>\n\t<meta name=\"twitter:data1\" content=\"1 minuutti\" \/>\n<script type=\"application\/ld+json\" class=\"yoast-schema-graph\">{\"@context\":\"https:\/\/schema.org\",\"@graph\":[{\"@type\":\"WebPage\",\"@id\":\"https:\/\/ozponcho.com.au\/p\/child-winter-cozy-cape\/\",\"url\":\"https:\/\/ozponcho.com.au\/p\/child-winter-cozy-cape\/\",\"name\":\"Baby Pink Hooded Poncho | Suomi #1 Poncho Shop\",\"isPartOf\":{\"@id\":\"https:\/\/ozponcho.com.au\/#website\"},\"primaryImageOfPage\":{\"@id\":\"https:\/\/ozponcho.com.au\/p\/child-winter-cozy-cape\/#primaryimage\"},\"image\":{\"@id\":\"https:\/\/ozponcho.com.au\/p\/child-winter-cozy-cape\/#primaryimage\"},\"thumbnailUrl\":\"https:\/\/ozponcho.com.au\/wp-content\/uploads\/2023\/12\/S94a0c377fa1845c39736d2281834383aq.webp\",\"datePublished\":\"2023-12-30T11:19:28+00:00\",\"dateModified\":\"2024-03-08T05:26:49+00:00\",\"description\":\"Looking for a Baby Pink Hooded Poncho ? You've come to the right place \ud83d\ude04 We offers a wide selection of Baby Pink Hooded Poncho, perfect for you.\",\"breadcrumb\":{\"@id\":\"https:\/\/ozponcho.com.au\/p\/child-winter-cozy-cape\/#breadcrumb\"},\"inLanguage\":\"fi\",\"potentialAction\":[{\"@type\":\"ReadAction\",\"target\":[\"https:\/\/ozponcho.com.au\/p\/child-winter-cozy-cape\/\"]}]},{\"@type\":\"ImageObject\",\"inLanguage\":\"fi\",\"@id\":\"https:\/\/ozponcho.com.au\/p\/child-winter-cozy-cape\/#primaryimage\",\"url\":\"https:\/\/ozponcho.com.au\/wp-content\/uploads\/2023\/12\/S94a0c377fa1845c39736d2281834383aq.webp\",\"contentUrl\":\"https:\/\/ozponcho.com.au\/wp-content\/uploads\/2023\/12\/S94a0c377fa1845c39736d2281834383aq.webp\",\"width\":1375,\"height\":1375,\"caption\":\"Baby Pink Hooded Poncho\"},{\"@type\":\"BreadcrumbList\",\"@id\":\"https:\/\/ozponcho.com.au\/p\/child-winter-cozy-cape\/#breadcrumb\",\"itemListElement\":[{\"@type\":\"ListItem\",\"position\":1,\"name\":\"Home\",\"item\":\"https:\/\/ozponcho.com.au\/\"},{\"@type\":\"ListItem\",\"position\":2,\"name\":\"Shop\",\"item\":\"https:\/\/ozponcho.com.au\/shop\/\"},{\"@type\":\"ListItem\",\"position\":3,\"name\":\"Baby Pink Hooded Poncho\"}]},{\"@type\":\"WebSite\",\"@id\":\"https:\/\/ozponcho.com.au\/#website\",\"url\":\"https:\/\/ozponcho.com.au\/\",\"name\":\"OZ Poncho\",\"description\":\"\",\"potentialAction\":[{\"@type\":\"SearchAction\",\"target\":{\"@type\":\"EntryPoint\",\"urlTemplate\":\"https:\/\/ozponcho.com.au\/?s={search_term_string}\"},\"query-input\":{\"@type\":\"PropertyValueSpecification\",\"valueRequired\":true,\"valueName\":\"search_term_string\"}}],\"inLanguage\":\"fi\"}]}<\/script>\n<!-- \/ Yoast SEO plugin. -->","yoast_head_json":{"title":"Vauvan vaaleanpunainen hupullinen poncho | Suomi #1 Poncho Shop","description":"Etsitk\u00f6 Baby Pink Hooded Poncho ? Olet tullut oikeaan paikkaan \ud83d\ude04 Tarjoamme laajan valikoiman Baby Pink Hooded Poncho, t\u00e4ydellinen sinulle.","robots":{"index":"index","follow":"follow","max-snippet":"max-snippet:-1","max-image-preview":"max-image-preview:large","max-video-preview":"max-video-preview:-1"},"canonical":"https:\/\/ozponcho.com.au\/fi\/p\/lapsi-talvi-viihtyisa-viitta\/","og_locale":"fi_FI","og_type":"article","og_title":"Baby Pink Hooded Poncho | Suomi #1 Poncho Shop","og_description":"Looking for a Baby Pink Hooded Poncho ? You've come to the right place \ud83d\ude04 We offers a wide selection of Baby Pink Hooded Poncho, perfect for you.","og_url":"https:\/\/ozponcho.com.au\/fi\/p\/lapsi-talvi-viihtyisa-viitta\/","og_site_name":"OZ Poncho","article_modified_time":"2024-03-08T05:26:49+00:00","og_image":[{"width":1375,"height":1375,"url":"https:\/\/ozponcho.com.au\/wp-content\/uploads\/2023\/12\/S94a0c377fa1845c39736d2281834383aq.webp","type":"image\/webp"}],"twitter_card":"summary_large_image","twitter_misc":{"Arvioitu lukuaika":"1 minuutti"},"schema":{"@context":"https:\/\/schema.org","@graph":[{"@type":"WebPage","@id":"https:\/\/ozponcho.com.au\/p\/child-winter-cozy-cape\/","url":"https:\/\/ozponcho.com.au\/p\/child-winter-cozy-cape\/","name":"Vauvan vaaleanpunainen hupullinen poncho | Suomi #1 Poncho Shop","isPartOf":{"@id":"https:\/\/ozponcho.com.au\/#website"},"primaryImageOfPage":{"@id":"https:\/\/ozponcho.com.au\/p\/child-winter-cozy-cape\/#primaryimage"},"image":{"@id":"https:\/\/ozponcho.com.au\/p\/child-winter-cozy-cape\/#primaryimage"},"thumbnailUrl":"https:\/\/ozponcho.com.au\/wp-content\/uploads\/2023\/12\/S94a0c377fa1845c39736d2281834383aq.webp","datePublished":"2023-12-30T11:19:28+00:00","dateModified":"2024-03-08T05:26:49+00:00","description":"Etsitk\u00f6 Baby Pink Hooded Poncho ? Olet tullut oikeaan paikkaan \ud83d\ude04 Tarjoamme laajan valikoiman Baby Pink Hooded Poncho, t\u00e4ydellinen sinulle.","breadcrumb":{"@id":"https:\/\/ozponcho.com.au\/p\/child-winter-cozy-cape\/#breadcrumb"},"inLanguage":"fi","potentialAction":[{"@type":"ReadAction","target":["https:\/\/ozponcho.com.au\/p\/child-winter-cozy-cape\/"]}]},{"@type":"ImageObject","inLanguage":"fi","@id":"https:\/\/ozponcho.com.au\/p\/child-winter-cozy-cape\/#primaryimage","url":"https:\/\/ozponcho.com.au\/wp-content\/uploads\/2023\/12\/S94a0c377fa1845c39736d2281834383aq.webp","contentUrl":"https:\/\/ozponcho.com.au\/wp-content\/uploads\/2023\/12\/S94a0c377fa1845c39736d2281834383aq.webp","width":1375,"height":1375,"caption":"Baby Pink Hooded Poncho"},{"@type":"BreadcrumbList","@id":"https:\/\/ozponcho.com.au\/p\/child-winter-cozy-cape\/#breadcrumb","itemListElement":[{"@type":"ListItem","position":1,"name":"Home","item":"https:\/\/ozponcho.com.au\/"},{"@type":"ListItem","position":2,"name":"Shop","item":"https:\/\/ozponcho.com.au\/shop\/"},{"@type":"ListItem","position":3,"name":"Baby Pink Hooded Poncho"}]},{"@type":"WebSite","@id":"https:\/\/ozponcho.com.au\/#website","url":"https:\/\/ozponcho.com.au\/","name":"OZ Poncho","description":"","potentialAction":[{"@type":"SearchAction","target":{"@type":"EntryPoint","urlTemplate":"https:\/\/ozponcho.com.au\/?s={search_term_string}"},"query-input":{"@type":"PropertyValueSpecification","valueRequired":true,"valueName":"search_term_string"}}],"inLanguage":"fi"}]}},"_links":{"self":[{"href":"https:\/\/ozponcho.com.au\/fi\/wp-json\/wp\/v2\/product\/15032","targetHints":{"allow":["GET"]}}],"collection":[{"href":"https:\/\/ozponcho.com.au\/fi\/wp-json\/wp\/v2\/product"}],"about":[{"href":"https:\/\/ozponcho.com.au\/fi\/wp-json\/wp\/v2\/types\/product"}],"wp:featuredmedia":[{"embeddable":true,"href":"https:\/\/ozponcho.com.au\/fi\/wp-json\/wp\/v2\/media\/15023"}],"wp:attachment":[{"href":"https:\/\/ozponcho.com.au\/fi\/wp-json\/wp\/v2\/media?parent=15032"}],"wp:term":[{"taxonomy":"product_brand","embeddable":true,"href":"https:\/\/ozponcho.com.au\/fi\/wp-json\/wp\/v2\/product_brand?post=15032"},{"taxonomy":"product_cat","embeddable":true,"href":"https:\/\/ozponcho.com.au\/fi\/wp-json\/wp\/v2\/product_cat?post=15032"},{"taxonomy":"product_tag","embeddable":true,"href":"https:\/\/ozponcho.com.au\/fi\/wp-json\/wp\/v2\/product_tag?post=15032"}],"curies":[{"name":"wp","href":"https:\/\/api.w.org\/{rel}","templated":true}]}}