{"id":14918,"date":"2023-12-30T22:17:53","date_gmt":"2023-12-30T11:17:53","guid":{"rendered":"https:\/\/ozponcho.com.au\/?post_type=product&#038;p=14918"},"modified":"2024-03-08T16:26:52","modified_gmt":"2024-03-08T05:26:52","slug":"children-beach-towel-cape-4","status":"publish","type":"product","link":"https:\/\/ozponcho.com.au\/fi\/p\/lasten-rantapyyhe-viitta-4\/","title":{"rendered":"Lasten hupullinen piirretty poncho"},"content":{"rendered":"<p>K\u00e4\u00e4ri pikkuisesi mukavaan lasten hupulliseen piirrosponchoon hauskan rantap\u00e4iv\u00e4n tai pehmoisen kylpyhetken j\u00e4lkeen. T\u00e4m\u00e4 pehme\u00e4st\u00e4 mikrokuitukankaasta valmistettu pyyhe toimii my\u00f6s ponchona, ja siin\u00e4 on joukko ihastuttavia kuvioita dinosauruksista yksisarvisiin. Sen nopeasti kuivuva materiaali tarjoaa l\u00e4mp\u00f6\u00e4 ja mukavuutta, ja huppu antaa lis\u00e4suojaa auringolta. Helppo k\u00e4ytt\u00e4\u00e4 ja t\u00e4ynn\u00e4 hauskoja kuvioita, ponchomme ilahduttavat sek\u00e4 lapsia ett\u00e4 vanhempia, sill\u00e4 ne takaavat vaivattoman tavan kuivua ja jatkaa seikkailua.<\/p>\n<h2>TEKNISET TIEDOT<\/h2>\n<p>Tekniikka: Puuvilla<\/p>\n<p>Alkuper\u00e4: Kiina<\/p>","protected":false},"excerpt":{"rendered":"<p>Wrap your little one in the comfort of our Kids&#8217; Hooded Cartoon Poncho after a fun day at the beach or a cuddly bath time. Made with soft microfiber fabric, this towel doubles as a poncho, featuring an array of delightful patterns from dinosaurs to unicorns. Its quick-drying material offers warmth and coziness, while the [&#8230;]","protected":false},"featured_media":14917,"template":"","meta":[],"product_brand":[],"product_cat":[15,212,208],"product_tag":[],"class_list":{"0":"post-14918","1":"product","2":"type-product","3":"status-publish","4":"has-post-thumbnail","6":"product_cat-main-category","7":"product_cat-poncho-kid","8":"product_cat-surf-poncho","10":"first","11":"instock","12":"shipping-taxable","13":"purchasable","14":"product-type-variable"},"yoast_head":"<!-- This site is optimized with the Yoast SEO plugin v25.9 - https:\/\/yoast.com\/wordpress\/plugins\/seo\/ -->\n<title>Kids&#039; Hooded Cartoon Poncho | Suomi #1 Poncho Shop<\/title>\n<meta name=\"description\" content=\"Looking for a Kids&#039; Hooded Cartoon Poncho ? You&#039;ve come to the right place \ud83d\ude04 We offers a wide selection of Kids&#039; Hooded Cartoon Poncho, perfect for you.\" \/>\n<meta name=\"robots\" content=\"index, follow, max-snippet:-1, max-image-preview:large, max-video-preview:-1\" \/>\n<link rel=\"canonical\" href=\"https:\/\/ozponcho.com.au\/fi\/p\/lasten-rantapyyhe-viitta-4\/\" \/>\n<meta property=\"og:locale\" content=\"fi_FI\" \/>\n<meta property=\"og:type\" content=\"article\" \/>\n<meta property=\"og:title\" content=\"Kids&#039; Hooded Cartoon Poncho | Suomi #1 Poncho Shop\" \/>\n<meta property=\"og:description\" content=\"Looking for a Kids&#039; Hooded Cartoon Poncho ? You&#039;ve come to the right place \ud83d\ude04 We offers a wide selection of Kids&#039; Hooded Cartoon Poncho, perfect for you.\" \/>\n<meta property=\"og:url\" content=\"https:\/\/ozponcho.com.au\/fi\/p\/lasten-rantapyyhe-viitta-4\/\" \/>\n<meta property=\"og:site_name\" content=\"OZ Poncho\" \/>\n<meta property=\"article:modified_time\" content=\"2024-03-08T05:26:52+00:00\" \/>\n<meta property=\"og:image\" content=\"https:\/\/ozponcho.com.au\/wp-content\/uploads\/2023\/12\/Sb0406afc310c4b30bbdbd45a7368ef85p.webp\" \/>\n\t<meta property=\"og:image:width\" content=\"800\" \/>\n\t<meta property=\"og:image:height\" content=\"800\" \/>\n\t<meta property=\"og:image:type\" content=\"image\/webp\" \/>\n<meta name=\"twitter:card\" content=\"summary_large_image\" \/>\n<meta name=\"twitter:label1\" content=\"Arvioitu lukuaika\" \/>\n\t<meta name=\"twitter:data1\" content=\"1 minuutti\" \/>\n<script type=\"application\/ld+json\" class=\"yoast-schema-graph\">{\"@context\":\"https:\/\/schema.org\",\"@graph\":[{\"@type\":\"WebPage\",\"@id\":\"https:\/\/ozponcho.com.au\/p\/children-beach-towel-cape-4\/\",\"url\":\"https:\/\/ozponcho.com.au\/p\/children-beach-towel-cape-4\/\",\"name\":\"Kids' Hooded Cartoon Poncho | Suomi #1 Poncho Shop\",\"isPartOf\":{\"@id\":\"https:\/\/ozponcho.com.au\/#website\"},\"primaryImageOfPage\":{\"@id\":\"https:\/\/ozponcho.com.au\/p\/children-beach-towel-cape-4\/#primaryimage\"},\"image\":{\"@id\":\"https:\/\/ozponcho.com.au\/p\/children-beach-towel-cape-4\/#primaryimage\"},\"thumbnailUrl\":\"https:\/\/ozponcho.com.au\/wp-content\/uploads\/2023\/12\/Sb0406afc310c4b30bbdbd45a7368ef85p.webp\",\"datePublished\":\"2023-12-30T11:17:53+00:00\",\"dateModified\":\"2024-03-08T05:26:52+00:00\",\"description\":\"Looking for a Kids' Hooded Cartoon Poncho ? You've come to the right place \ud83d\ude04 We offers a wide selection of Kids' Hooded Cartoon Poncho, perfect for you.\",\"breadcrumb\":{\"@id\":\"https:\/\/ozponcho.com.au\/p\/children-beach-towel-cape-4\/#breadcrumb\"},\"inLanguage\":\"fi\",\"potentialAction\":[{\"@type\":\"ReadAction\",\"target\":[\"https:\/\/ozponcho.com.au\/p\/children-beach-towel-cape-4\/\"]}]},{\"@type\":\"ImageObject\",\"inLanguage\":\"fi\",\"@id\":\"https:\/\/ozponcho.com.au\/p\/children-beach-towel-cape-4\/#primaryimage\",\"url\":\"https:\/\/ozponcho.com.au\/wp-content\/uploads\/2023\/12\/Sb0406afc310c4b30bbdbd45a7368ef85p.webp\",\"contentUrl\":\"https:\/\/ozponcho.com.au\/wp-content\/uploads\/2023\/12\/Sb0406afc310c4b30bbdbd45a7368ef85p.webp\",\"width\":800,\"height\":800,\"caption\":\"Kids' Hooded Cartoon Poncho\"},{\"@type\":\"BreadcrumbList\",\"@id\":\"https:\/\/ozponcho.com.au\/p\/children-beach-towel-cape-4\/#breadcrumb\",\"itemListElement\":[{\"@type\":\"ListItem\",\"position\":1,\"name\":\"Home\",\"item\":\"https:\/\/ozponcho.com.au\/\"},{\"@type\":\"ListItem\",\"position\":2,\"name\":\"Shop\",\"item\":\"https:\/\/ozponcho.com.au\/shop\/\"},{\"@type\":\"ListItem\",\"position\":3,\"name\":\"Kids&#8217; Hooded Cartoon Poncho\"}]},{\"@type\":\"WebSite\",\"@id\":\"https:\/\/ozponcho.com.au\/#website\",\"url\":\"https:\/\/ozponcho.com.au\/\",\"name\":\"OZ Poncho\",\"description\":\"\",\"potentialAction\":[{\"@type\":\"SearchAction\",\"target\":{\"@type\":\"EntryPoint\",\"urlTemplate\":\"https:\/\/ozponcho.com.au\/?s={search_term_string}\"},\"query-input\":{\"@type\":\"PropertyValueSpecification\",\"valueRequired\":true,\"valueName\":\"search_term_string\"}}],\"inLanguage\":\"fi\"}]}<\/script>\n<!-- \/ Yoast SEO plugin. -->","yoast_head_json":{"title":"Lasten hupullinen piirretty poncho | Suomi #1 Poncho Shop","description":"Etsitk\u00f6 lasten hupullinen sarjakuvaponcho ? Olet tullut oikeaan paikkaan \ud83d\ude04 Tarjoamme laajan valikoiman Lasten hupullinen piirrosponcho, joka sopii sinulle.","robots":{"index":"index","follow":"follow","max-snippet":"max-snippet:-1","max-image-preview":"max-image-preview:large","max-video-preview":"max-video-preview:-1"},"canonical":"https:\/\/ozponcho.com.au\/fi\/p\/lasten-rantapyyhe-viitta-4\/","og_locale":"fi_FI","og_type":"article","og_title":"Kids' Hooded Cartoon Poncho | Suomi #1 Poncho Shop","og_description":"Looking for a Kids' Hooded Cartoon Poncho ? You've come to the right place \ud83d\ude04 We offers a wide selection of Kids' Hooded Cartoon Poncho, perfect for you.","og_url":"https:\/\/ozponcho.com.au\/fi\/p\/lasten-rantapyyhe-viitta-4\/","og_site_name":"OZ Poncho","article_modified_time":"2024-03-08T05:26:52+00:00","og_image":[{"width":800,"height":800,"url":"https:\/\/ozponcho.com.au\/wp-content\/uploads\/2023\/12\/Sb0406afc310c4b30bbdbd45a7368ef85p.webp","type":"image\/webp"}],"twitter_card":"summary_large_image","twitter_misc":{"Arvioitu lukuaika":"1 minuutti"},"schema":{"@context":"https:\/\/schema.org","@graph":[{"@type":"WebPage","@id":"https:\/\/ozponcho.com.au\/p\/children-beach-towel-cape-4\/","url":"https:\/\/ozponcho.com.au\/p\/children-beach-towel-cape-4\/","name":"Lasten hupullinen piirretty poncho | Suomi #1 Poncho Shop","isPartOf":{"@id":"https:\/\/ozponcho.com.au\/#website"},"primaryImageOfPage":{"@id":"https:\/\/ozponcho.com.au\/p\/children-beach-towel-cape-4\/#primaryimage"},"image":{"@id":"https:\/\/ozponcho.com.au\/p\/children-beach-towel-cape-4\/#primaryimage"},"thumbnailUrl":"https:\/\/ozponcho.com.au\/wp-content\/uploads\/2023\/12\/Sb0406afc310c4b30bbdbd45a7368ef85p.webp","datePublished":"2023-12-30T11:17:53+00:00","dateModified":"2024-03-08T05:26:52+00:00","description":"Etsitk\u00f6 lasten hupullinen sarjakuvaponcho ? Olet tullut oikeaan paikkaan \ud83d\ude04 Tarjoamme laajan valikoiman Lasten hupullinen piirrosponcho, joka sopii sinulle.","breadcrumb":{"@id":"https:\/\/ozponcho.com.au\/p\/children-beach-towel-cape-4\/#breadcrumb"},"inLanguage":"fi","potentialAction":[{"@type":"ReadAction","target":["https:\/\/ozponcho.com.au\/p\/children-beach-towel-cape-4\/"]}]},{"@type":"ImageObject","inLanguage":"fi","@id":"https:\/\/ozponcho.com.au\/p\/children-beach-towel-cape-4\/#primaryimage","url":"https:\/\/ozponcho.com.au\/wp-content\/uploads\/2023\/12\/Sb0406afc310c4b30bbdbd45a7368ef85p.webp","contentUrl":"https:\/\/ozponcho.com.au\/wp-content\/uploads\/2023\/12\/Sb0406afc310c4b30bbdbd45a7368ef85p.webp","width":800,"height":800,"caption":"Kids' Hooded Cartoon Poncho"},{"@type":"BreadcrumbList","@id":"https:\/\/ozponcho.com.au\/p\/children-beach-towel-cape-4\/#breadcrumb","itemListElement":[{"@type":"ListItem","position":1,"name":"Home","item":"https:\/\/ozponcho.com.au\/"},{"@type":"ListItem","position":2,"name":"Shop","item":"https:\/\/ozponcho.com.au\/shop\/"},{"@type":"ListItem","position":3,"name":"Kids&#8217; Hooded Cartoon Poncho"}]},{"@type":"WebSite","@id":"https:\/\/ozponcho.com.au\/#website","url":"https:\/\/ozponcho.com.au\/","name":"OZ Poncho","description":"","potentialAction":[{"@type":"SearchAction","target":{"@type":"EntryPoint","urlTemplate":"https:\/\/ozponcho.com.au\/?s={search_term_string}"},"query-input":{"@type":"PropertyValueSpecification","valueRequired":true,"valueName":"search_term_string"}}],"inLanguage":"fi"}]}},"_links":{"self":[{"href":"https:\/\/ozponcho.com.au\/fi\/wp-json\/wp\/v2\/product\/14918","targetHints":{"allow":["GET"]}}],"collection":[{"href":"https:\/\/ozponcho.com.au\/fi\/wp-json\/wp\/v2\/product"}],"about":[{"href":"https:\/\/ozponcho.com.au\/fi\/wp-json\/wp\/v2\/types\/product"}],"wp:featuredmedia":[{"embeddable":true,"href":"https:\/\/ozponcho.com.au\/fi\/wp-json\/wp\/v2\/media\/14917"}],"wp:attachment":[{"href":"https:\/\/ozponcho.com.au\/fi\/wp-json\/wp\/v2\/media?parent=14918"}],"wp:term":[{"taxonomy":"product_brand","embeddable":true,"href":"https:\/\/ozponcho.com.au\/fi\/wp-json\/wp\/v2\/product_brand?post=14918"},{"taxonomy":"product_cat","embeddable":true,"href":"https:\/\/ozponcho.com.au\/fi\/wp-json\/wp\/v2\/product_cat?post=14918"},{"taxonomy":"product_tag","embeddable":true,"href":"https:\/\/ozponcho.com.au\/fi\/wp-json\/wp\/v2\/product_tag?post=14918"}],"curies":[{"name":"wp","href":"https:\/\/api.w.org\/{rel}","templated":true}]}}