{"id":14274,"date":"2023-12-13T18:43:55","date_gmt":"2023-12-13T07:43:55","guid":{"rendered":"https:\/\/ozponcho.com.au\/p\/autumn-winter-irregular-asymmetric-turtleneck-plaid-cape-sweater-for-women\/"},"modified":"2024-04-19T19:22:21","modified_gmt":"2024-04-19T08:22:21","slug":"women-asymmetric-cape-sweater","status":"publish","type":"product","link":"https:\/\/ozponcho.com.au\/fi\/p\/naisten-epasymmetrinen-viitta-villapaita\/","title":{"rendered":"Turtleneck ruudullinen poncho villapaita"},"content":{"rendered":"<p>Viihtyile tyylikk\u00e4\u00e4sti syksyn ja talven ruudullisella turtleneck-poncho-puserolla. Sen l\u00e4mmin kamelinv\u00e4rinen s\u00e4vy, joka on sekoitettu klassisiin mustiin ja punaisiin ruutuihin, m\u00e4\u00e4rittelee kauden muodin. Pehme\u00e4st\u00e4 jerseyst\u00e4 valmistettu ja ep\u00e4symmetrisell\u00e4 helmalla varustettu naisten poncho yhdist\u00e4\u00e4 mukavuuden ja rennon mutta hienostuneen tyylin. Vedett\u00e4v\u00e4 turtleneck ja pitk\u00e4t hihat takaavat l\u00e4mm\u00f6n viilein\u00e4 p\u00e4ivin\u00e4, joten se on vaatekaappisi v\u00e4ltt\u00e4m\u00e4t\u00f6n lis\u00e4. T\u00e4ydellinen kerrostamiseen, t\u00e4m\u00e4 monipuolinen kappale siirtyy vaivattomasti kodin oleskelusta ulkoiluun. Korosta syksyn ja talven lookkiasi t\u00e4ll\u00e4 must-have poncholla.<\/p>\n<div>Tyyli: .<\/div>\n<div>Sopii: L\u00f6ys\u00e4<\/div>\n<div>Kangas: Jersey<\/div>\n<div>Kuvio: Check<\/div>\n<div>Elementti: Ei<\/div>\n<div>Top Pituus: Pituus: Regular<\/div>\n<div>P\u00e4\u00e4ntie: Kaula-aukko: Kilpikonna\/Korkea kaula-aukko<\/div>\n<div>Hihan tyyppi: Hihan tyyppi: S\u00e4\u00e4nn\u00f6llinen<\/div>\n<div>Hihan pituus: Hiha: Pitk\u00e4 hiha<\/div>\n<div>T\u00e4rkein koostumus: Polyesteri<\/div>\n<div>Kausi: Syksy\/Talvi<\/div>\n<p><img decoding=\"async\" src=\"https:\/\/ozponcho.com.au\/wp-content\/uploads\/2024\/03\/1178997431866490880.png\" \/><img decoding=\"async\" src=\"https:\/\/ozponcho.com.au\/wp-content\/uploads\/2024\/03\/O1CN01lgiwes1HIfsU26wqn_2331630735-0-cib.jpg\" \/><\/p>","protected":false},"excerpt":{"rendered":"<p>Cozy up in elegant style with the Autumn-Winter Plaid Turtleneck Poncho Sweater. Its warm camel hue, interwoven with classic black and red checks, defines seasonal fashion. Crafted from soft jersey and designed with an asymmetric hem, this women&#8217;s poncho combines comfort with a casual yet sophisticated flair. The draped turtleneck and long sleeves ensure warmth [&#8230;]","protected":false},"featured_media":14253,"template":"","meta":[],"product_brand":[],"product_cat":[219,229,226,15,230,228,210,221,224],"product_tag":[],"class_list":{"0":"post-14274","1":"product","2":"type-product","3":"status-publish","4":"has-post-thumbnail","6":"product_cat-black-poncho","7":"product_cat-blanket-poncho","8":"product_cat-brown-poncho","9":"product_cat-main-category","10":"product_cat-poncho-dress","11":"product_cat-poncho-sweater","12":"product_cat-poncho-women","13":"product_cat-red-poncho","14":"product_cat-yellow-poncho","16":"first","17":"outofstock","18":"shipping-taxable","19":"purchasable","20":"product-type-variable"},"yoast_head":"<!-- This site is optimized with the Yoast SEO plugin v25.9 - https:\/\/yoast.com\/wordpress\/plugins\/seo\/ -->\n<title>Turtleneck Plaid Poncho Sweater | Suomi #1 Poncho Shop<\/title>\n<meta name=\"description\" content=\"Looking for a Turtleneck Plaid Poncho Sweater ? You&#039;ve come to the right place \ud83d\ude04 We offers a wide selection of Turtleneck Plaid Poncho Sweater, perfect for you.\" \/>\n<meta name=\"robots\" content=\"index, follow, max-snippet:-1, max-image-preview:large, max-video-preview:-1\" \/>\n<link rel=\"canonical\" href=\"https:\/\/ozponcho.com.au\/fi\/p\/naisten-epasymmetrinen-viitta-villapaita\/\" \/>\n<meta property=\"og:locale\" content=\"fi_FI\" \/>\n<meta property=\"og:type\" content=\"article\" \/>\n<meta property=\"og:title\" content=\"Turtleneck Plaid Poncho Sweater | Suomi #1 Poncho Shop\" \/>\n<meta property=\"og:description\" content=\"Looking for a Turtleneck Plaid Poncho Sweater ? You&#039;ve come to the right place \ud83d\ude04 We offers a wide selection of Turtleneck Plaid Poncho Sweater, perfect for you.\" \/>\n<meta property=\"og:url\" content=\"https:\/\/ozponcho.com.au\/fi\/p\/naisten-epasymmetrinen-viitta-villapaita\/\" \/>\n<meta property=\"og:site_name\" content=\"OZ Poncho\" \/>\n<meta property=\"article:modified_time\" content=\"2024-04-19T08:22:21+00:00\" \/>\n<meta property=\"og:image\" content=\"https:\/\/ozponcho.com.au\/wp-content\/uploads\/2023\/12\/O1CN01XozCOb1HIfsWtfvBP_2331630735-0-cib.jpg\" \/>\n\t<meta property=\"og:image:width\" content=\"1340\" \/>\n\t<meta property=\"og:image:height\" content=\"1785\" \/>\n\t<meta property=\"og:image:type\" content=\"image\/jpeg\" \/>\n<meta name=\"twitter:card\" content=\"summary_large_image\" \/>\n<meta name=\"twitter:label1\" content=\"Arvioitu lukuaika\" \/>\n\t<meta name=\"twitter:data1\" content=\"1 minuutti\" \/>\n<script type=\"application\/ld+json\" class=\"yoast-schema-graph\">{\"@context\":\"https:\/\/schema.org\",\"@graph\":[{\"@type\":\"WebPage\",\"@id\":\"https:\/\/ozponcho.com.au\/p\/women-asymmetric-cape-sweater\/\",\"url\":\"https:\/\/ozponcho.com.au\/p\/women-asymmetric-cape-sweater\/\",\"name\":\"Turtleneck Plaid Poncho Sweater | Suomi #1 Poncho Shop\",\"isPartOf\":{\"@id\":\"https:\/\/ozponcho.com.au\/#website\"},\"primaryImageOfPage\":{\"@id\":\"https:\/\/ozponcho.com.au\/p\/women-asymmetric-cape-sweater\/#primaryimage\"},\"image\":{\"@id\":\"https:\/\/ozponcho.com.au\/p\/women-asymmetric-cape-sweater\/#primaryimage\"},\"thumbnailUrl\":\"https:\/\/ozponcho.com.au\/wp-content\/uploads\/2023\/12\/O1CN01XozCOb1HIfsWtfvBP_2331630735-0-cib.jpg\",\"datePublished\":\"2023-12-13T07:43:55+00:00\",\"dateModified\":\"2024-04-19T08:22:21+00:00\",\"description\":\"Looking for a Turtleneck Plaid Poncho Sweater ? You've come to the right place \ud83d\ude04 We offers a wide selection of Turtleneck Plaid Poncho Sweater, perfect for you.\",\"breadcrumb\":{\"@id\":\"https:\/\/ozponcho.com.au\/p\/women-asymmetric-cape-sweater\/#breadcrumb\"},\"inLanguage\":\"fi\",\"potentialAction\":[{\"@type\":\"ReadAction\",\"target\":[\"https:\/\/ozponcho.com.au\/p\/women-asymmetric-cape-sweater\/\"]}]},{\"@type\":\"ImageObject\",\"inLanguage\":\"fi\",\"@id\":\"https:\/\/ozponcho.com.au\/p\/women-asymmetric-cape-sweater\/#primaryimage\",\"url\":\"https:\/\/ozponcho.com.au\/wp-content\/uploads\/2023\/12\/O1CN01XozCOb1HIfsWtfvBP_2331630735-0-cib.jpg\",\"contentUrl\":\"https:\/\/ozponcho.com.au\/wp-content\/uploads\/2023\/12\/O1CN01XozCOb1HIfsWtfvBP_2331630735-0-cib.jpg\",\"width\":1340,\"height\":1785,\"caption\":\"Turtleneck Plaid Poncho Sweater\"},{\"@type\":\"BreadcrumbList\",\"@id\":\"https:\/\/ozponcho.com.au\/p\/women-asymmetric-cape-sweater\/#breadcrumb\",\"itemListElement\":[{\"@type\":\"ListItem\",\"position\":1,\"name\":\"Home\",\"item\":\"https:\/\/ozponcho.com.au\/\"},{\"@type\":\"ListItem\",\"position\":2,\"name\":\"Shop\",\"item\":\"https:\/\/ozponcho.com.au\/shop\/\"},{\"@type\":\"ListItem\",\"position\":3,\"name\":\"Turtleneck Plaid Poncho Sweater\"}]},{\"@type\":\"WebSite\",\"@id\":\"https:\/\/ozponcho.com.au\/#website\",\"url\":\"https:\/\/ozponcho.com.au\/\",\"name\":\"OZ Poncho\",\"description\":\"\",\"potentialAction\":[{\"@type\":\"SearchAction\",\"target\":{\"@type\":\"EntryPoint\",\"urlTemplate\":\"https:\/\/ozponcho.com.au\/?s={search_term_string}\"},\"query-input\":{\"@type\":\"PropertyValueSpecification\",\"valueRequired\":true,\"valueName\":\"search_term_string\"}}],\"inLanguage\":\"fi\"}]}<\/script>\n<!-- \/ Yoast SEO plugin. -->","yoast_head_json":{"title":"Turtleneck ruudullinen poncho villapaita | Suomi #1 Poncho Shop","description":"Etsitk\u00f6 turtleneck ruudullinen poncho villapaita ? Olet tullut oikeaan paikkaan \ud83d\ude04 Tarjoamme laajan valikoiman Turtleneck Plaid Poncho Sweater, t\u00e4ydellinen sinulle.","robots":{"index":"index","follow":"follow","max-snippet":"max-snippet:-1","max-image-preview":"max-image-preview:large","max-video-preview":"max-video-preview:-1"},"canonical":"https:\/\/ozponcho.com.au\/fi\/p\/naisten-epasymmetrinen-viitta-villapaita\/","og_locale":"fi_FI","og_type":"article","og_title":"Turtleneck Plaid Poncho Sweater | Suomi #1 Poncho Shop","og_description":"Looking for a Turtleneck Plaid Poncho Sweater ? You've come to the right place \ud83d\ude04 We offers a wide selection of Turtleneck Plaid Poncho Sweater, perfect for you.","og_url":"https:\/\/ozponcho.com.au\/fi\/p\/naisten-epasymmetrinen-viitta-villapaita\/","og_site_name":"OZ Poncho","article_modified_time":"2024-04-19T08:22:21+00:00","og_image":[{"width":1340,"height":1785,"url":"https:\/\/ozponcho.com.au\/wp-content\/uploads\/2023\/12\/O1CN01XozCOb1HIfsWtfvBP_2331630735-0-cib.jpg","type":"image\/jpeg"}],"twitter_card":"summary_large_image","twitter_misc":{"Arvioitu lukuaika":"1 minuutti"},"schema":{"@context":"https:\/\/schema.org","@graph":[{"@type":"WebPage","@id":"https:\/\/ozponcho.com.au\/p\/women-asymmetric-cape-sweater\/","url":"https:\/\/ozponcho.com.au\/p\/women-asymmetric-cape-sweater\/","name":"Turtleneck ruudullinen poncho villapaita | Suomi #1 Poncho Shop","isPartOf":{"@id":"https:\/\/ozponcho.com.au\/#website"},"primaryImageOfPage":{"@id":"https:\/\/ozponcho.com.au\/p\/women-asymmetric-cape-sweater\/#primaryimage"},"image":{"@id":"https:\/\/ozponcho.com.au\/p\/women-asymmetric-cape-sweater\/#primaryimage"},"thumbnailUrl":"https:\/\/ozponcho.com.au\/wp-content\/uploads\/2023\/12\/O1CN01XozCOb1HIfsWtfvBP_2331630735-0-cib.jpg","datePublished":"2023-12-13T07:43:55+00:00","dateModified":"2024-04-19T08:22:21+00:00","description":"Etsitk\u00f6 turtleneck ruudullinen poncho villapaita ? Olet tullut oikeaan paikkaan \ud83d\ude04 Tarjoamme laajan valikoiman Turtleneck Plaid Poncho Sweater, t\u00e4ydellinen sinulle.","breadcrumb":{"@id":"https:\/\/ozponcho.com.au\/p\/women-asymmetric-cape-sweater\/#breadcrumb"},"inLanguage":"fi","potentialAction":[{"@type":"ReadAction","target":["https:\/\/ozponcho.com.au\/p\/women-asymmetric-cape-sweater\/"]}]},{"@type":"ImageObject","inLanguage":"fi","@id":"https:\/\/ozponcho.com.au\/p\/women-asymmetric-cape-sweater\/#primaryimage","url":"https:\/\/ozponcho.com.au\/wp-content\/uploads\/2023\/12\/O1CN01XozCOb1HIfsWtfvBP_2331630735-0-cib.jpg","contentUrl":"https:\/\/ozponcho.com.au\/wp-content\/uploads\/2023\/12\/O1CN01XozCOb1HIfsWtfvBP_2331630735-0-cib.jpg","width":1340,"height":1785,"caption":"Turtleneck Plaid Poncho Sweater"},{"@type":"BreadcrumbList","@id":"https:\/\/ozponcho.com.au\/p\/women-asymmetric-cape-sweater\/#breadcrumb","itemListElement":[{"@type":"ListItem","position":1,"name":"Home","item":"https:\/\/ozponcho.com.au\/"},{"@type":"ListItem","position":2,"name":"Shop","item":"https:\/\/ozponcho.com.au\/shop\/"},{"@type":"ListItem","position":3,"name":"Turtleneck Plaid Poncho Sweater"}]},{"@type":"WebSite","@id":"https:\/\/ozponcho.com.au\/#website","url":"https:\/\/ozponcho.com.au\/","name":"OZ Poncho","description":"","potentialAction":[{"@type":"SearchAction","target":{"@type":"EntryPoint","urlTemplate":"https:\/\/ozponcho.com.au\/?s={search_term_string}"},"query-input":{"@type":"PropertyValueSpecification","valueRequired":true,"valueName":"search_term_string"}}],"inLanguage":"fi"}]}},"_links":{"self":[{"href":"https:\/\/ozponcho.com.au\/fi\/wp-json\/wp\/v2\/product\/14274","targetHints":{"allow":["GET"]}}],"collection":[{"href":"https:\/\/ozponcho.com.au\/fi\/wp-json\/wp\/v2\/product"}],"about":[{"href":"https:\/\/ozponcho.com.au\/fi\/wp-json\/wp\/v2\/types\/product"}],"wp:featuredmedia":[{"embeddable":true,"href":"https:\/\/ozponcho.com.au\/fi\/wp-json\/wp\/v2\/media\/14253"}],"wp:attachment":[{"href":"https:\/\/ozponcho.com.au\/fi\/wp-json\/wp\/v2\/media?parent=14274"}],"wp:term":[{"taxonomy":"product_brand","embeddable":true,"href":"https:\/\/ozponcho.com.au\/fi\/wp-json\/wp\/v2\/product_brand?post=14274"},{"taxonomy":"product_cat","embeddable":true,"href":"https:\/\/ozponcho.com.au\/fi\/wp-json\/wp\/v2\/product_cat?post=14274"},{"taxonomy":"product_tag","embeddable":true,"href":"https:\/\/ozponcho.com.au\/fi\/wp-json\/wp\/v2\/product_tag?post=14274"}],"curies":[{"name":"wp","href":"https:\/\/api.w.org\/{rel}","templated":true}]}}