{"id":13644,"date":"2023-12-13T18:40:19","date_gmt":"2023-12-13T07:40:19","guid":{"rendered":"https:\/\/ozponcho.com.au\/p\/knitted-tassel-cloak-women-autumn-winter-solid-color-pullover-loose-inverness\/"},"modified":"2026-02-11T22:02:57","modified_gmt":"2026-02-11T11:02:57","slug":"elegant-fringe-poncho-knit","status":"publish","type":"product","link":"https:\/\/ozponcho.com.au\/fi\/p\/tyylikas-hapsut-poncho-neuloa\/","title":{"rendered":"Tyylik\u00e4s Tupsuponcho villapaita"},"content":{"rendered":"<p>Koe t\u00e4ydellinen yhdistelm\u00e4 tyyli\u00e4 ja mukavuutta Chic Tassel Poncho -pipon kanssa. T\u00e4m\u00e4n ponchon yksiv\u00e4rinen jersey-kangas on suunniteltu tarjoamaan mukavuutta raikkaiden syys- ja talvikuukausien aikana, ja sen yksiv\u00e4rinen ja hapsuilla koristeltu kangas huokuu eleganssia ja monipuolista hienostuneisuutta. Sen l\u00f6ys\u00e4 istuvuus ja pitk\u00e4t dolman-hihat lupaavat imartelevan siluetin mille tahansa vartalotyypille, olipa se sitten yhdistetty leggingsien kanssa rentoon retkeen tai mekon p\u00e4\u00e4lle iltatilaisuuteen. \u00c4l\u00e4 anna kylmyyden heikent\u00e4\u00e4 tyyli\u00e4si; kietoudu ponchoon, joka pit\u00e4\u00e4 sinut l\u00e4mpim\u00e4n\u00e4 ja tyylikk\u00e4\u00e4n\u00e4.<\/p>\n<div>Tyyli: Tyylilaji: Elegantti<\/div>\n<div>Sopii: L\u00f6ys\u00e4<\/div>\n<div>Kangas: Jersey<\/div>\n<div>Kuvio: Kuviot: Solid<\/div>\n<div>Elementti: Fringe<\/div>\n<div>Top Pituus: Pitk\u00e4<\/div>\n<div>P\u00e4\u00e4ntie: Kaulakoru: Crew Neck<\/div>\n<div>Hihan tyyppi: Hihan tyyppi: Dolman<\/div>\n<div>Hihan pituus: Hiha: Pitk\u00e4 hiha<\/div>\n<div>T\u00e4rkein koostumus: Polyesteri<\/div>\n<div>Kausi: Syksy\/Talvi<\/div>\n<p><img decoding=\"async\" src=\"https:\/\/ozponcho.com.au\/wp-content\/uploads\/2024\/03\/1129365639459241984.png\" \/><img decoding=\"async\" src=\"https:\/\/ozponcho.com.au\/wp-content\/uploads\/2024\/03\/O1CN01h6ITkn1QYYEk7Cd02_2505411988-0-cib.jpg\" \/><img decoding=\"async\" src=\"https:\/\/ozponcho.com.au\/wp-content\/uploads\/2024\/03\/O1CN01trrXiJ1QYYEn8X9mQ_2505411988-0-cib.jpg\" \/><img decoding=\"async\" src=\"https:\/\/ozponcho.com.au\/wp-content\/uploads\/2024\/03\/O1CN01iGHEOO1QYYEq9IFA5_2505411988-0-cib.jpg\" \/><img decoding=\"async\" src=\"https:\/\/ozponcho.com.au\/wp-content\/uploads\/2024\/03\/O1CN01Yjd7cp1QYYEp7qpyw_2505411988-0-cib.jpg\" \/><img decoding=\"async\" src=\"https:\/\/ozponcho.com.au\/wp-content\/uploads\/2024\/03\/O1CN01HQ7SXv1QYYEqxA3Lq_2505411988-0-cib.jpg\" \/><img decoding=\"async\" src=\"https:\/\/ozponcho.com.au\/wp-content\/uploads\/2024\/03\/O1CN01bPQzgA1QYYEmTqutc_2505411988-0-cib.jpg\" \/><img decoding=\"async\" src=\"https:\/\/ozponcho.com.au\/wp-content\/uploads\/2024\/03\/O1CN01FPyVN51QYYEq9HRFN_2505411988-0-cib.jpg\" \/><\/p>","protected":false},"excerpt":{"rendered":"<p>Experience the perfect blend of style and comfort with our Chic Tassel Poncho Sweater. Designed to provide coziness during the crisp autumn and winter months, this poncho&#8217;s jersey fabric draped in a solid color and enhanced with fringe detailing exudes elegance and versatile sophistication. Whether paired with leggings for a casual outing or over a [&#8230;]","protected":false},"featured_media":13610,"template":"","meta":[],"product_brand":[],"product_cat":[229,216,15,230,228,214,210,221],"product_tag":[],"class_list":{"0":"post-13644","1":"product","2":"type-product","3":"status-publish","4":"has-post-thumbnail","6":"product_cat-blanket-poncho","7":"product_cat-cashmere-poncho","8":"product_cat-main-category","9":"product_cat-poncho-dress","10":"product_cat-poncho-sweater","11":"product_cat-knitted-crochet-poncho","12":"product_cat-poncho-women","13":"product_cat-red-poncho","15":"first","16":"instock","17":"shipping-taxable","18":"purchasable","19":"product-type-variable"},"yoast_head":"<!-- This site is optimized with the Yoast SEO plugin v25.9 - https:\/\/yoast.com\/wordpress\/plugins\/seo\/ -->\n<title>Chic Tassel Poncho Sweater | Suomi #1 Poncho Shop<\/title>\n<meta name=\"description\" content=\"Looking for a Chic Tassel Poncho Sweater ? You&#039;ve come to the right place \ud83d\ude04 We offers a wide selection of Chic Tassel Poncho Sweater, perfect for you.\" \/>\n<meta name=\"robots\" content=\"index, follow, max-snippet:-1, max-image-preview:large, max-video-preview:-1\" \/>\n<link rel=\"canonical\" href=\"https:\/\/ozponcho.com.au\/fi\/p\/tyylikas-hapsut-poncho-neuloa\/\" \/>\n<meta property=\"og:locale\" content=\"fi_FI\" \/>\n<meta property=\"og:type\" content=\"article\" \/>\n<meta property=\"og:title\" content=\"Chic Tassel Poncho Sweater | Suomi #1 Poncho Shop\" \/>\n<meta property=\"og:description\" content=\"Looking for a Chic Tassel Poncho Sweater ? You&#039;ve come to the right place \ud83d\ude04 We offers a wide selection of Chic Tassel Poncho Sweater, perfect for you.\" \/>\n<meta property=\"og:url\" content=\"https:\/\/ozponcho.com.au\/fi\/p\/tyylikas-hapsut-poncho-neuloa\/\" \/>\n<meta property=\"og:site_name\" content=\"OZ Poncho\" \/>\n<meta property=\"article:modified_time\" content=\"2026-02-11T11:02:57+00:00\" \/>\n<meta property=\"og:image\" content=\"https:\/\/ozponcho.com.au\/wp-content\/uploads\/2023\/12\/O1CN01iWxrAK1QYYEhrLP7Q_2505411988-0-cib-1.jpg\" \/>\n\t<meta property=\"og:image:width\" content=\"800\" \/>\n\t<meta property=\"og:image:height\" content=\"800\" \/>\n\t<meta property=\"og:image:type\" content=\"image\/jpeg\" \/>\n<meta name=\"twitter:card\" content=\"summary_large_image\" \/>\n<meta name=\"twitter:label1\" content=\"Arvioitu lukuaika\" \/>\n\t<meta name=\"twitter:data1\" content=\"3 minuuttia\" \/>\n<script type=\"application\/ld+json\" class=\"yoast-schema-graph\">{\"@context\":\"https:\/\/schema.org\",\"@graph\":[{\"@type\":\"WebPage\",\"@id\":\"https:\/\/ozponcho.com.au\/p\/elegant-fringe-poncho-knit\/\",\"url\":\"https:\/\/ozponcho.com.au\/p\/elegant-fringe-poncho-knit\/\",\"name\":\"Chic Tassel Poncho Sweater | Suomi #1 Poncho Shop\",\"isPartOf\":{\"@id\":\"https:\/\/ozponcho.com.au\/#website\"},\"primaryImageOfPage\":{\"@id\":\"https:\/\/ozponcho.com.au\/p\/elegant-fringe-poncho-knit\/#primaryimage\"},\"image\":{\"@id\":\"https:\/\/ozponcho.com.au\/p\/elegant-fringe-poncho-knit\/#primaryimage\"},\"thumbnailUrl\":\"https:\/\/ozponcho.com.au\/wp-content\/uploads\/2023\/12\/O1CN01iWxrAK1QYYEhrLP7Q_2505411988-0-cib-1.jpg\",\"datePublished\":\"2023-12-13T07:40:19+00:00\",\"dateModified\":\"2026-02-11T11:02:57+00:00\",\"description\":\"Looking for a Chic Tassel Poncho Sweater ? You've come to the right place \ud83d\ude04 We offers a wide selection of Chic Tassel Poncho Sweater, perfect for you.\",\"breadcrumb\":{\"@id\":\"https:\/\/ozponcho.com.au\/p\/elegant-fringe-poncho-knit\/#breadcrumb\"},\"inLanguage\":\"fi\",\"potentialAction\":[{\"@type\":\"ReadAction\",\"target\":[\"https:\/\/ozponcho.com.au\/p\/elegant-fringe-poncho-knit\/\"]}]},{\"@type\":\"ImageObject\",\"inLanguage\":\"fi\",\"@id\":\"https:\/\/ozponcho.com.au\/p\/elegant-fringe-poncho-knit\/#primaryimage\",\"url\":\"https:\/\/ozponcho.com.au\/wp-content\/uploads\/2023\/12\/O1CN01iWxrAK1QYYEhrLP7Q_2505411988-0-cib-1.jpg\",\"contentUrl\":\"https:\/\/ozponcho.com.au\/wp-content\/uploads\/2023\/12\/O1CN01iWxrAK1QYYEhrLP7Q_2505411988-0-cib-1.jpg\",\"width\":800,\"height\":800,\"caption\":\"Chic Tassel Poncho Sweater\"},{\"@type\":\"BreadcrumbList\",\"@id\":\"https:\/\/ozponcho.com.au\/p\/elegant-fringe-poncho-knit\/#breadcrumb\",\"itemListElement\":[{\"@type\":\"ListItem\",\"position\":1,\"name\":\"Home\",\"item\":\"https:\/\/ozponcho.com.au\/\"},{\"@type\":\"ListItem\",\"position\":2,\"name\":\"Shop\",\"item\":\"https:\/\/ozponcho.com.au\/shop\/\"},{\"@type\":\"ListItem\",\"position\":3,\"name\":\"Chic Tassel Poncho Sweater\"}]},{\"@type\":\"WebSite\",\"@id\":\"https:\/\/ozponcho.com.au\/#website\",\"url\":\"https:\/\/ozponcho.com.au\/\",\"name\":\"OZ Poncho\",\"description\":\"\",\"potentialAction\":[{\"@type\":\"SearchAction\",\"target\":{\"@type\":\"EntryPoint\",\"urlTemplate\":\"https:\/\/ozponcho.com.au\/?s={search_term_string}\"},\"query-input\":{\"@type\":\"PropertyValueSpecification\",\"valueRequired\":true,\"valueName\":\"search_term_string\"}}],\"inLanguage\":\"fi\"}]}<\/script>\n<!-- \/ Yoast SEO plugin. -->","yoast_head_json":{"title":"Tyylik\u00e4s Tupsuponcho villapaita | Suomi #1 Poncho Shop","description":"Etsitk\u00f6 tyylik\u00e4st\u00e4 Tupsuponcho villapaitaa ? Olet tullut oikeaan paikkaan \ud83d\ude04 Tarjoamme laajan valikoiman Chic Tassel Poncho villapaita, t\u00e4ydellinen sinulle.","robots":{"index":"index","follow":"follow","max-snippet":"max-snippet:-1","max-image-preview":"max-image-preview:large","max-video-preview":"max-video-preview:-1"},"canonical":"https:\/\/ozponcho.com.au\/fi\/p\/tyylikas-hapsut-poncho-neuloa\/","og_locale":"fi_FI","og_type":"article","og_title":"Chic Tassel Poncho Sweater | Suomi #1 Poncho Shop","og_description":"Looking for a Chic Tassel Poncho Sweater ? You've come to the right place \ud83d\ude04 We offers a wide selection of Chic Tassel Poncho Sweater, perfect for you.","og_url":"https:\/\/ozponcho.com.au\/fi\/p\/tyylikas-hapsut-poncho-neuloa\/","og_site_name":"OZ Poncho","article_modified_time":"2026-02-11T11:02:57+00:00","og_image":[{"width":800,"height":800,"url":"https:\/\/ozponcho.com.au\/wp-content\/uploads\/2023\/12\/O1CN01iWxrAK1QYYEhrLP7Q_2505411988-0-cib-1.jpg","type":"image\/jpeg"}],"twitter_card":"summary_large_image","twitter_misc":{"Arvioitu lukuaika":"3 minuuttia"},"schema":{"@context":"https:\/\/schema.org","@graph":[{"@type":"WebPage","@id":"https:\/\/ozponcho.com.au\/p\/elegant-fringe-poncho-knit\/","url":"https:\/\/ozponcho.com.au\/p\/elegant-fringe-poncho-knit\/","name":"Tyylik\u00e4s Tupsuponcho villapaita | Suomi #1 Poncho Shop","isPartOf":{"@id":"https:\/\/ozponcho.com.au\/#website"},"primaryImageOfPage":{"@id":"https:\/\/ozponcho.com.au\/p\/elegant-fringe-poncho-knit\/#primaryimage"},"image":{"@id":"https:\/\/ozponcho.com.au\/p\/elegant-fringe-poncho-knit\/#primaryimage"},"thumbnailUrl":"https:\/\/ozponcho.com.au\/wp-content\/uploads\/2023\/12\/O1CN01iWxrAK1QYYEhrLP7Q_2505411988-0-cib-1.jpg","datePublished":"2023-12-13T07:40:19+00:00","dateModified":"2026-02-11T11:02:57+00:00","description":"Etsitk\u00f6 tyylik\u00e4st\u00e4 Tupsuponcho villapaitaa ? Olet tullut oikeaan paikkaan \ud83d\ude04 Tarjoamme laajan valikoiman Chic Tassel Poncho villapaita, t\u00e4ydellinen sinulle.","breadcrumb":{"@id":"https:\/\/ozponcho.com.au\/p\/elegant-fringe-poncho-knit\/#breadcrumb"},"inLanguage":"fi","potentialAction":[{"@type":"ReadAction","target":["https:\/\/ozponcho.com.au\/p\/elegant-fringe-poncho-knit\/"]}]},{"@type":"ImageObject","inLanguage":"fi","@id":"https:\/\/ozponcho.com.au\/p\/elegant-fringe-poncho-knit\/#primaryimage","url":"https:\/\/ozponcho.com.au\/wp-content\/uploads\/2023\/12\/O1CN01iWxrAK1QYYEhrLP7Q_2505411988-0-cib-1.jpg","contentUrl":"https:\/\/ozponcho.com.au\/wp-content\/uploads\/2023\/12\/O1CN01iWxrAK1QYYEhrLP7Q_2505411988-0-cib-1.jpg","width":800,"height":800,"caption":"Chic Tassel Poncho Sweater"},{"@type":"BreadcrumbList","@id":"https:\/\/ozponcho.com.au\/p\/elegant-fringe-poncho-knit\/#breadcrumb","itemListElement":[{"@type":"ListItem","position":1,"name":"Home","item":"https:\/\/ozponcho.com.au\/"},{"@type":"ListItem","position":2,"name":"Shop","item":"https:\/\/ozponcho.com.au\/shop\/"},{"@type":"ListItem","position":3,"name":"Chic Tassel Poncho Sweater"}]},{"@type":"WebSite","@id":"https:\/\/ozponcho.com.au\/#website","url":"https:\/\/ozponcho.com.au\/","name":"OZ Poncho","description":"","potentialAction":[{"@type":"SearchAction","target":{"@type":"EntryPoint","urlTemplate":"https:\/\/ozponcho.com.au\/?s={search_term_string}"},"query-input":{"@type":"PropertyValueSpecification","valueRequired":true,"valueName":"search_term_string"}}],"inLanguage":"fi"}]}},"_links":{"self":[{"href":"https:\/\/ozponcho.com.au\/fi\/wp-json\/wp\/v2\/product\/13644","targetHints":{"allow":["GET"]}}],"collection":[{"href":"https:\/\/ozponcho.com.au\/fi\/wp-json\/wp\/v2\/product"}],"about":[{"href":"https:\/\/ozponcho.com.au\/fi\/wp-json\/wp\/v2\/types\/product"}],"wp:featuredmedia":[{"embeddable":true,"href":"https:\/\/ozponcho.com.au\/fi\/wp-json\/wp\/v2\/media\/13610"}],"wp:attachment":[{"href":"https:\/\/ozponcho.com.au\/fi\/wp-json\/wp\/v2\/media?parent=13644"}],"wp:term":[{"taxonomy":"product_brand","embeddable":true,"href":"https:\/\/ozponcho.com.au\/fi\/wp-json\/wp\/v2\/product_brand?post=13644"},{"taxonomy":"product_cat","embeddable":true,"href":"https:\/\/ozponcho.com.au\/fi\/wp-json\/wp\/v2\/product_cat?post=13644"},{"taxonomy":"product_tag","embeddable":true,"href":"https:\/\/ozponcho.com.au\/fi\/wp-json\/wp\/v2\/product_tag?post=13644"}],"curies":[{"name":"wp","href":"https:\/\/api.w.org\/{rel}","templated":true}]}}